{"id":1522,"date":"2021-11-17T10:49:25","date_gmt":"2021-11-17T09:49:25","guid":{"rendered":"https:\/\/www.onetimenexttime.sk\/arduino\/?post_type=product&#038;p=1522"},"modified":"2024-02-22T19:49:53","modified_gmt":"2024-02-22T18:49:53","slug":"mq-5-methane-gas-sensor-shield-methane-detector-module","status":"publish","type":"product","link":"https:\/\/www.onetimenexttime.sk\/arduino\/index.php\/produkt\/mq-5-methane-gas-sensor-shield-methane-detector-module\/","title":{"rendered":"MQ-5 Methane Gas Sensor Shield methane detector module"},"content":{"rendered":"<p>&nbsp;<\/p>\n<h2>MQ-5 Sn\u00edma\u010d met\u00e1nov\u00e9ho plynu \u0160t\u00edtov\u00fd modul detektora met\u00e1nu<\/h2>\n<p>&nbsp;<\/p>\n<p>Predstavenie sn\u00edma\u010da MQ-5:<br \/>\nMateri\u00e1l citliv\u00fd na plyn pou\u017eit\u00fd v plynovom senzore MQ-5 je oxid c\u00edni\u010dit\u00fd (SnO2), ktor\u00fd m\u00e1 ni\u017e\u0161iu vodivos\u0165 v \u010distom vzduchu. Ke\u010f je hor\u013eav\u00fd plyn pr\u00edtomn\u00fd v prostred\u00ed, kde je umiestnen\u00fd senzor, vodivos\u0165 senzora sa zvy\u0161uje so zvy\u0161uj\u00facou sa koncentr\u00e1ciou hor\u013eav\u00e9ho plynu vo vzduchu. Na prevod zmeny vodivosti na v\u00fdstupn\u00fd sign\u00e1l zodpovedaj\u00faci koncentr\u00e1cii plynu mo\u017eno pou\u017ei\u0165 jednoduch\u00fd obvod. Plynov\u00fd senzor MQ-5 m\u00e1 vysok\u00fa citlivos\u0165 na but\u00e1n, prop\u00e1n a met\u00e1n a dok\u00e1\u017ee sa lep\u0161ie postara\u0165 o met\u00e1n a prop\u00e1n. Tento senzor dok\u00e1\u017ee detekova\u0165 r\u00f4zne hor\u013eav\u00e9 plyny, najm\u00e4 zemn\u00fd plyn, a je to lacn\u00fd senzor vhodn\u00fd pre r\u00f4zne aplik\u00e1cie.<\/p>\n<p>Vhodn\u00e9 pre dom\u00e1ce alebo priemyseln\u00e9 monitorovacie zariadenia pre skvapalnen\u00fd plyn, zemn\u00fd plyn a plyn. Vynikaj\u00faca odolnos\u0165 vo\u010di etanolu a dymu.<br \/>\nVlastnosti modulu:<br \/>\n1, s pou\u017eit\u00edm vysokokvalitn\u00e9ho dvojpanelov\u00e9ho dizajnu, s pokynmi na nap\u00e1janie a pokynmi na v\u00fdstup sign\u00e1lu TTL;<br \/>\n2, s v\u00fdstupom sign\u00e1lu DO sp\u00edna\u010da (TTL) a v\u00fdstupom anal\u00f3gov\u00e9ho sign\u00e1lu AO;<br \/>\n3, TTL v\u00fdstupn\u00fd platn\u00fd sign\u00e1l je n\u00edzky. (Ke\u010f je v\u00fdstup n\u00edzky, sign\u00e1lka svieti, mo\u017eno ho priamo pripoji\u0165 k MCU alebo rel\u00e9ov\u00e9mu modulu)<br \/>\n4, anal\u00f3gov\u00e9 v\u00fdstupn\u00e9 nap\u00e4tie, \u010d\u00edm vy\u0161\u0161ia je koncentr\u00e1cia, t\u00fdm vy\u0161\u0161ie je nap\u00e4tie.<br \/>\n5, maj\u00fa dobr\u00fa citlivos\u0165 na plyn, detekciu zemn\u00e9ho plynu.<br \/>\n6, s\u00fa tu \u0161tyri otvory pre skrutky pre \u013eahk\u00e9 umiestnenie;<br \/>\nRozmery produktu: 32 (D) * 20 (W) * 22 (V)<br \/>\n8, m\u00e1 dlh\u00fa \u017eivotnos\u0165 a spo\u013eahliv\u00fa stabilitu<br \/>\n9, charakteristiky r\u00fdchlej regener\u00e1cie<\/p>\n<p>Elektrick\u00fd v\u00fdkon:<br \/>\nVstupn\u00e9 nap\u00e4tie: DC5V Spotreba energie (pr\u00fad): 150mA<br \/>\nDO v\u00fdstup: TTL digit\u00e1lne veli\u010diny 0 a 1 (0,1 a 5V)<br \/>\nAO v\u00fdstup: 0,1-0,3V (relat\u00edvne \u017eiadne zne\u010distenie), najvy\u0161\u0161ia koncentr\u00e1cia nap\u00e4tia je asi 4V<\/p>\n<p>&nbsp;<\/p>\n<p>&nbsp;<\/p>\n<p>&nbsp;<\/p>\n<h1>Informa\u010dn\u00e1 str\u00e1nka o Methane Gas Sensor<\/h1>\n<table>\n<tbody>\n<tr>\n<th>Popis<\/th>\n<td>Senzor Methane Gas Sensor je ur\u010den\u00fd na detekciu met\u00e1nu v ovzdu\u0161\u00ed.<\/td>\n<\/tr>\n<tr>\n<th>Vlastnosti<\/th>\n<td>\n<ul>\n<li>Detekcia met\u00e1nu<\/li>\n<li>Integrovate\u013enos\u0165 s r\u00f4znymi platformami<\/li>\n<li>Vysok\u00e1 citlivos\u0165<\/li>\n<li>N\u00edzka spotreba energie<\/li>\n<\/ul>\n<\/td>\n<\/tr>\n<tr>\n<th>Pr\u00edklady pou\u017eitia<\/th>\n<td>Senzor Methane Gas Sensor sa pou\u017e\u00edva na monitorovanie pr\u00edtomnosti met\u00e1nu v r\u00f4znych prostrediach, ako s\u00fa dom\u00e1cnosti, priemyseln\u00e9 z\u00e1vody a podzemn\u00e9 priestory.<\/td>\n<\/tr>\n<tr>\n<th>Pr\u00edkladov\u00fd k\u00f3d pre ESPHome<\/th>\n<td class=\"code\">\n<pre>sensor:\r\n  - platform: adc\r\n    pin: A0\r\n    id: methane_gas_sensora\r\n    name: \"Methane Gas Sensor\"\r\n    update_interval: 60s\r\n    filters:\r\n      - calibrate_linear:\r\n          - 0.0 -&gt; 0.0\r\n          - 3.3 -&gt; 100.0\r\n    unit_of_measurement: \"%\"\r\n\r\n  - platform: dht\r\n    pin: GPIO4\r\n    temperature:\r\n      name: \"DHT Temperature\"\r\n    humidity:\r\n      name: \"DHT Humidity\"\r\n    model: DHT22\r\n\r\n  - platform: template\r\n    id: methane_gas_status\r\n    name: \"Methane Gas Status\"\r\n    lambda: |-\r\n      if (id(methane_gas_sensora).state &gt; 50.0) {\r\n        return 1.0; \/\/ High\r\n      } else {\r\n        return 0.0; \/\/ Normal\r\n      }\r\n    update_interval: 60s\r\n    unit_of_measurement: ''\r\n<\/pre>\n<\/td>\n<\/tr>\n<\/tbody>\n<\/table>\n<p><button>Skop\u00edrova\u0165 k\u00f3d<\/button><\/p>\n<p>&nbsp;<\/p>\n<p><img loading=\"lazy\" decoding=\"async\" class=\"alignnone\" src=\"https:\/\/ae01.alicdn.com\/kf\/HTB1VNbSb8smBKNjSZFFq6AT9VXao.jpg\" alt=\"IMG_8211\" width=\"414\" height=\"414\" data-spm-anchor-id=\"a2g0o.detail.1000023.i2.766433d309xD3o\" \/><\/p>\n<p>&nbsp;<\/p>\n<p>Modul senzora plynu MQ5 je u\u017eito\u010dn\u00fd na detekciu \u00faniku plynu. Je vhodn\u00fd na detekciu H2, LPG, CH4, CO, alkoholu. V\u010faka vysokej citlivosti a dobe odozvy je mo\u017en\u00e9 merania vykona\u0165 \u010do najsk\u00f4r. Citlivos\u0165 sn\u00edma\u010da je mo\u017en\u00e9 nastavi\u0165 pomocou potenciometra.<\/p>\n<p><strong>VLASTNOSTI<\/strong><\/p>\n<p>* Vysok\u00e1 citlivos\u0165 na LPG, zemn\u00fd plyn, mestsk\u00fd plyn<br \/>\n* Mal\u00e1 citlivos\u0165 na alkohol, dym.<br \/>\n* R\u00fdchla odpove\u010f .<br \/>\n* Stabiln\u00e1 a dlh\u00e1 \u017eivotnos\u0165<br \/>\n* Jednoduch\u00fd obvod pohonu<\/p>\n<p>&nbsp;<\/p>\n<table class=\"wikitable\" width=\"389\">\n<tbody>\n<tr>\n<th>Arduino<\/th>\n<th>MQ-5<\/th>\n<\/tr>\n<tr>\n<td>3v3<\/td>\n<td>VCC<\/td>\n<\/tr>\n<tr>\n<td>GND<\/td>\n<td>GND<\/td>\n<\/tr>\n<tr>\n<td>NC<\/td>\n<td>DOUT<\/td>\n<\/tr>\n<tr>\n<td>Analog A0<\/td>\n<td>AOUT<\/td>\n<\/tr>\n<\/tbody>\n<\/table>\n<pre><\/pre>\n<div id=\"wpshdo_1\" class=\"wp-synhighlighter-outer\">\n<div id=\"wpshdi_1\" class=\"wp-synhighlighter-inner\">\n<pre class=\"cpp\"><span style=\"color: #993366;\"><span class=\"kw4\">void<\/span> setup<span class=\"br0\">(<\/span><span class=\"br0\">)<\/span> \r\n<span class=\"br0\">{<\/span>\r\n  Serial.<span class=\"me1\">begin<\/span><span class=\"br0\">(<\/span>9600<span class=\"br0\">)<\/span><span class=\"sy4\">;<\/span>\r\n<span class=\"br0\">}<\/span>\r\n\u00a0\r\n<span class=\"kw4\">void<\/span> loop<span class=\"br0\">(<\/span><span class=\"br0\">)<\/span> \r\n<span class=\"br0\">{<\/span>\r\n  <span class=\"kw4\">float<\/span> sensorVoltage<span class=\"sy4\">;<\/span> \r\n  <span class=\"kw4\">float<\/span> sensorValue<span class=\"sy4\">;<\/span>\r\n\u00a0\r\n  sensorValue <span class=\"sy1\">=<\/span> analogRead<span class=\"br0\">(<\/span>A0<span class=\"br0\">)<\/span><span class=\"sy4\">;<\/span>\r\n  sensorVoltage <span class=\"sy1\">=<\/span> sensorValue<span class=\"sy2\">\/<\/span>1024<span class=\"sy2\">*<\/span><span class=\"nu16\">5.0<\/span><span class=\"sy4\">;<\/span>\r\n\u00a0\r\n  Serial.<span class=\"me1\">print<\/span><span class=\"br0\">(<\/span><span class=\"st0\">\"sensor voltage = \"<\/span><span class=\"br0\">)<\/span><span class=\"sy4\">;<\/span>\r\n  Serial.<span class=\"me1\">print<\/span><span class=\"br0\">(<\/span>sensorVoltage<span class=\"br0\">)<\/span><span class=\"sy4\">;<\/span>\r\n  Serial.<span class=\"me1\">println<\/span><span class=\"br0\">(<\/span><span class=\"st0\">\" V\"<\/span><span class=\"br0\">)<\/span><span class=\"sy4\">;<\/span>\r\n  delay<span class=\"br0\">(<\/span>1000<span class=\"br0\">)<\/span><span class=\"sy4\">;<\/span>\r\n<span class=\"br0\">}<\/span><\/span><\/pre>\n<\/div>\n<\/div>\n<p><strong>V\u00fdsledky<\/strong><\/p>\n<p>Op\u00e4\u0165 sa pozrite na s\u00e9riov\u00fd monitor<\/p>\n<p>nap\u00e4tie sn\u00edma\u010da = 0,70 V<br \/>\nnap\u00e4tie sn\u00edma\u010da = 0,69 V<br \/>\nnap\u00e4tie sn\u00edma\u010da = 0,68 V<br \/>\nnap\u00e4tie sn\u00edma\u010da = 0,67 V<br \/>\nnap\u00e4tie sn\u00edma\u010da = 0,67 V<br \/>\nnap\u00e4tie sn\u00edma\u010da = 0,66 V<\/p>\n","protected":false},"excerpt":{"rendered":"<p>&nbsp; MQ-5 Sn\u00edma\u010d met\u00e1nov\u00e9ho plynu \u0160t\u00edtov\u00fd modul detektora met\u00e1nu &nbsp; Predstavenie sn\u00edma\u010da MQ-5: Materi\u00e1l citliv\u00fd na plyn pou\u017eit\u00fd v plynovom&hellip;<\/p>\n","protected":false},"featured_media":1523,"template":"","meta":{"_monsterinsights_skip_tracking":false,"_monsterinsights_sitenote_active":false,"_monsterinsights_sitenote_note":"","_monsterinsights_sitenote_category":0},"product_cat":[16,76,69],"product_tag":[],"class_list":{"0":"post-1522","1":"product","2":"type-product","3":"status-publish","4":"has-post-thumbnail","6":"product_cat-ard","7":"product_cat-gas","8":"product_cat-sensors","10":"first","11":"instock","12":"shipping-taxable","13":"purchasable","14":"product-type-simple"},"yoast_head":"<!-- This site is optimized with the Yoast SEO plugin v23.6 - https:\/\/yoast.com\/wordpress\/plugins\/seo\/ -->\n<title>MQ-5 Methane Gas Sensor Shield methane detector module - Arduino e-shop<\/title>\n<meta name=\"robots\" content=\"index, follow, max-snippet:-1, max-image-preview:large, max-video-preview:-1\" \/>\n<link rel=\"canonical\" href=\"https:\/\/www.onetimenexttime.sk\/arduino\/index.php\/produkt\/mq-5-methane-gas-sensor-shield-methane-detector-module\/\" \/>\n<meta property=\"og:locale\" content=\"sk_SK\" \/>\n<meta property=\"og:type\" content=\"article\" \/>\n<meta property=\"og:title\" content=\"MQ-5 Methane Gas Sensor Shield methane detector module - Arduino e-shop\" \/>\n<meta property=\"og:description\" content=\"&nbsp; MQ-5 Sn\u00edma\u010d met\u00e1nov\u00e9ho plynu \u0160t\u00edtov\u00fd modul detektora met\u00e1nu &nbsp; Predstavenie sn\u00edma\u010da MQ-5: Materi\u00e1l citliv\u00fd na plyn pou\u017eit\u00fd v plynovom&hellip;\" \/>\n<meta property=\"og:url\" content=\"https:\/\/www.onetimenexttime.sk\/arduino\/index.php\/produkt\/mq-5-methane-gas-sensor-shield-methane-detector-module\/\" \/>\n<meta property=\"og:site_name\" content=\"Arduino e-shop\" \/>\n<meta property=\"article:modified_time\" content=\"2024-02-22T18:49:53+00:00\" \/>\n<meta property=\"og:image\" content=\"https:\/\/www.onetimenexttime.sk\/arduino\/wp-content\/uploads\/2021\/11\/17942.jpg\" \/>\n\t<meta property=\"og:image:width\" content=\"490\" \/>\n\t<meta property=\"og:image:height\" content=\"493\" \/>\n\t<meta property=\"og:image:type\" content=\"image\/jpeg\" \/>\n<meta name=\"twitter:card\" content=\"summary_large_image\" \/>\n<meta name=\"twitter:label1\" content=\"Predpokladan\u00fd \u010das \u010d\u00edtania\" \/>\n\t<meta name=\"twitter:data1\" content=\"3 min\u00faty\" \/>\n<script type=\"application\/ld+json\" class=\"yoast-schema-graph\">{\"@context\":\"https:\/\/schema.org\",\"@graph\":[{\"@type\":\"WebPage\",\"@id\":\"https:\/\/www.onetimenexttime.sk\/arduino\/index.php\/produkt\/mq-5-methane-gas-sensor-shield-methane-detector-module\/\",\"url\":\"https:\/\/www.onetimenexttime.sk\/arduino\/index.php\/produkt\/mq-5-methane-gas-sensor-shield-methane-detector-module\/\",\"name\":\"MQ-5 Methane Gas Sensor Shield methane detector module - Arduino e-shop\",\"isPartOf\":{\"@id\":\"https:\/\/www.onetimenexttime.sk\/arduino\/#website\"},\"primaryImageOfPage\":{\"@id\":\"https:\/\/www.onetimenexttime.sk\/arduino\/index.php\/produkt\/mq-5-methane-gas-sensor-shield-methane-detector-module\/#primaryimage\"},\"image\":{\"@id\":\"https:\/\/www.onetimenexttime.sk\/arduino\/index.php\/produkt\/mq-5-methane-gas-sensor-shield-methane-detector-module\/#primaryimage\"},\"thumbnailUrl\":\"https:\/\/www.onetimenexttime.sk\/arduino\/wp-content\/uploads\/2021\/11\/17942.jpg\",\"datePublished\":\"2021-11-17T09:49:25+00:00\",\"dateModified\":\"2024-02-22T18:49:53+00:00\",\"breadcrumb\":{\"@id\":\"https:\/\/www.onetimenexttime.sk\/arduino\/index.php\/produkt\/mq-5-methane-gas-sensor-shield-methane-detector-module\/#breadcrumb\"},\"inLanguage\":\"sk-SK\",\"potentialAction\":[{\"@type\":\"ReadAction\",\"target\":[\"https:\/\/www.onetimenexttime.sk\/arduino\/index.php\/produkt\/mq-5-methane-gas-sensor-shield-methane-detector-module\/\"]}]},{\"@type\":\"ImageObject\",\"inLanguage\":\"sk-SK\",\"@id\":\"https:\/\/www.onetimenexttime.sk\/arduino\/index.php\/produkt\/mq-5-methane-gas-sensor-shield-methane-detector-module\/#primaryimage\",\"url\":\"https:\/\/www.onetimenexttime.sk\/arduino\/wp-content\/uploads\/2021\/11\/17942.jpg\",\"contentUrl\":\"https:\/\/www.onetimenexttime.sk\/arduino\/wp-content\/uploads\/2021\/11\/17942.jpg\",\"width\":490,\"height\":493},{\"@type\":\"BreadcrumbList\",\"@id\":\"https:\/\/www.onetimenexttime.sk\/arduino\/index.php\/produkt\/mq-5-methane-gas-sensor-shield-methane-detector-module\/#breadcrumb\",\"itemListElement\":[{\"@type\":\"ListItem\",\"position\":1,\"name\":\"Domov\",\"item\":\"https:\/\/www.onetimenexttime.sk\/arduino\/\"},{\"@type\":\"ListItem\",\"position\":2,\"name\":\"Obchod\",\"item\":\"https:\/\/www.onetimenexttime.sk\/arduino\/\"},{\"@type\":\"ListItem\",\"position\":3,\"name\":\"MQ-5 Methane Gas Sensor Shield methane detector module\"}]},{\"@type\":\"WebSite\",\"@id\":\"https:\/\/www.onetimenexttime.sk\/arduino\/#website\",\"url\":\"https:\/\/www.onetimenexttime.sk\/arduino\/\",\"name\":\"Arduino e-shop\",\"description\":\"Home Assistant\",\"potentialAction\":[{\"@type\":\"SearchAction\",\"target\":{\"@type\":\"EntryPoint\",\"urlTemplate\":\"https:\/\/www.onetimenexttime.sk\/arduino\/?s={search_term_string}\"},\"query-input\":{\"@type\":\"PropertyValueSpecification\",\"valueRequired\":true,\"valueName\":\"search_term_string\"}}],\"inLanguage\":\"sk-SK\"}]}<\/script>\n<!-- \/ Yoast SEO plugin. -->","yoast_head_json":{"title":"MQ-5 Methane Gas Sensor Shield methane detector module - Arduino e-shop","robots":{"index":"index","follow":"follow","max-snippet":"max-snippet:-1","max-image-preview":"max-image-preview:large","max-video-preview":"max-video-preview:-1"},"canonical":"https:\/\/www.onetimenexttime.sk\/arduino\/index.php\/produkt\/mq-5-methane-gas-sensor-shield-methane-detector-module\/","og_locale":"sk_SK","og_type":"article","og_title":"MQ-5 Methane Gas Sensor Shield methane detector module - Arduino e-shop","og_description":"&nbsp; MQ-5 Sn\u00edma\u010d met\u00e1nov\u00e9ho plynu \u0160t\u00edtov\u00fd modul detektora met\u00e1nu &nbsp; Predstavenie sn\u00edma\u010da MQ-5: Materi\u00e1l citliv\u00fd na plyn pou\u017eit\u00fd v plynovom&hellip;","og_url":"https:\/\/www.onetimenexttime.sk\/arduino\/index.php\/produkt\/mq-5-methane-gas-sensor-shield-methane-detector-module\/","og_site_name":"Arduino e-shop","article_modified_time":"2024-02-22T18:49:53+00:00","og_image":[{"width":490,"height":493,"url":"https:\/\/www.onetimenexttime.sk\/arduino\/wp-content\/uploads\/2021\/11\/17942.jpg","type":"image\/jpeg"}],"twitter_card":"summary_large_image","twitter_misc":{"Predpokladan\u00fd \u010das \u010d\u00edtania":"3 min\u00faty"},"schema":{"@context":"https:\/\/schema.org","@graph":[{"@type":"WebPage","@id":"https:\/\/www.onetimenexttime.sk\/arduino\/index.php\/produkt\/mq-5-methane-gas-sensor-shield-methane-detector-module\/","url":"https:\/\/www.onetimenexttime.sk\/arduino\/index.php\/produkt\/mq-5-methane-gas-sensor-shield-methane-detector-module\/","name":"MQ-5 Methane Gas Sensor Shield methane detector module - Arduino e-shop","isPartOf":{"@id":"https:\/\/www.onetimenexttime.sk\/arduino\/#website"},"primaryImageOfPage":{"@id":"https:\/\/www.onetimenexttime.sk\/arduino\/index.php\/produkt\/mq-5-methane-gas-sensor-shield-methane-detector-module\/#primaryimage"},"image":{"@id":"https:\/\/www.onetimenexttime.sk\/arduino\/index.php\/produkt\/mq-5-methane-gas-sensor-shield-methane-detector-module\/#primaryimage"},"thumbnailUrl":"https:\/\/www.onetimenexttime.sk\/arduino\/wp-content\/uploads\/2021\/11\/17942.jpg","datePublished":"2021-11-17T09:49:25+00:00","dateModified":"2024-02-22T18:49:53+00:00","breadcrumb":{"@id":"https:\/\/www.onetimenexttime.sk\/arduino\/index.php\/produkt\/mq-5-methane-gas-sensor-shield-methane-detector-module\/#breadcrumb"},"inLanguage":"sk-SK","potentialAction":[{"@type":"ReadAction","target":["https:\/\/www.onetimenexttime.sk\/arduino\/index.php\/produkt\/mq-5-methane-gas-sensor-shield-methane-detector-module\/"]}]},{"@type":"ImageObject","inLanguage":"sk-SK","@id":"https:\/\/www.onetimenexttime.sk\/arduino\/index.php\/produkt\/mq-5-methane-gas-sensor-shield-methane-detector-module\/#primaryimage","url":"https:\/\/www.onetimenexttime.sk\/arduino\/wp-content\/uploads\/2021\/11\/17942.jpg","contentUrl":"https:\/\/www.onetimenexttime.sk\/arduino\/wp-content\/uploads\/2021\/11\/17942.jpg","width":490,"height":493},{"@type":"BreadcrumbList","@id":"https:\/\/www.onetimenexttime.sk\/arduino\/index.php\/produkt\/mq-5-methane-gas-sensor-shield-methane-detector-module\/#breadcrumb","itemListElement":[{"@type":"ListItem","position":1,"name":"Domov","item":"https:\/\/www.onetimenexttime.sk\/arduino\/"},{"@type":"ListItem","position":2,"name":"Obchod","item":"https:\/\/www.onetimenexttime.sk\/arduino\/"},{"@type":"ListItem","position":3,"name":"MQ-5 Methane Gas Sensor Shield methane detector module"}]},{"@type":"WebSite","@id":"https:\/\/www.onetimenexttime.sk\/arduino\/#website","url":"https:\/\/www.onetimenexttime.sk\/arduino\/","name":"Arduino e-shop","description":"Home Assistant","potentialAction":[{"@type":"SearchAction","target":{"@type":"EntryPoint","urlTemplate":"https:\/\/www.onetimenexttime.sk\/arduino\/?s={search_term_string}"},"query-input":{"@type":"PropertyValueSpecification","valueRequired":true,"valueName":"search_term_string"}}],"inLanguage":"sk-SK"}]}},"_links":{"self":[{"href":"https:\/\/www.onetimenexttime.sk\/arduino\/index.php\/wp-json\/wp\/v2\/product\/1522"}],"collection":[{"href":"https:\/\/www.onetimenexttime.sk\/arduino\/index.php\/wp-json\/wp\/v2\/product"}],"about":[{"href":"https:\/\/www.onetimenexttime.sk\/arduino\/index.php\/wp-json\/wp\/v2\/types\/product"}],"wp:featuredmedia":[{"embeddable":true,"href":"https:\/\/www.onetimenexttime.sk\/arduino\/index.php\/wp-json\/wp\/v2\/media\/1523"}],"wp:attachment":[{"href":"https:\/\/www.onetimenexttime.sk\/arduino\/index.php\/wp-json\/wp\/v2\/media?parent=1522"}],"wp:term":[{"taxonomy":"product_cat","embeddable":true,"href":"https:\/\/www.onetimenexttime.sk\/arduino\/index.php\/wp-json\/wp\/v2\/product_cat?post=1522"},{"taxonomy":"product_tag","embeddable":true,"href":"https:\/\/www.onetimenexttime.sk\/arduino\/index.php\/wp-json\/wp\/v2\/product_tag?post=1522"}],"curies":[{"name":"wp","href":"https:\/\/api.w.org\/{rel}","templated":true}]}}