{"id":1505,"date":"2021-11-17T08:31:40","date_gmt":"2021-11-17T07:31:40","guid":{"rendered":"https:\/\/www.onetimenexttime.sk\/arduino\/?post_type=product&#038;p=1505"},"modified":"2024-02-22T16:42:49","modified_gmt":"2024-02-22T15:42:49","slug":"mini-ir-pyroelectric-infrared-pir-motion-human-sensor-detector-module-hc-sr505","status":"publish","type":"product","link":"https:\/\/www.onetimenexttime.sk\/arduino\/index.php\/produkt\/mini-ir-pyroelectric-infrared-pir-motion-human-sensor-detector-module-hc-sr505\/","title":{"rendered":"Mini IR Pyroelectric Infrared PIR Motion Human Sensor Detector Module HC-SR505"},"content":{"rendered":"<p><!DOCTYPE html><br \/>\n<html lang=\"sk\"><br \/>\n<head><br \/>\n    <meta charset=\"UTF-8\"><br \/>\n    <meta name=\"viewport\" content=\"width=device-width, initial-scale=1.0\"><br \/>\n    <title>Mini IR Pyroelectric Infrared PIR Motion Human Sensor Detector Module HC-SR505<\/title><\/p>\n<style>\n        table {\n            width: 100%;\n            border-collapse: collapse;\n        }\n        th, td {\n            padding: 8px;\n            text-align: left;\n            border-bottom: 1px solid #ddd;\n        }\n        th {\n            background-color: #f2f2f2;\n        }\n        #copyButton {\n            background-color: #4CAF50;\n            border: none;\n            color: white;\n            padding: 10px 20px;\n            text-align: center;\n            text-decoration: none;\n            display: inline-block;\n            font-size: 16px;\n            margin: 4px 2px;\n            cursor: pointer;\n            border-radius: 5px;\n        }\n    <\/style>\n<p><\/head><br \/>\n<body><\/p>\n<h2>Mini IR Pyroelectric Infrared PIR Motion Human Sensor Detector Module HC-SR505<\/h2>\n<table>\n<tr>\n<th>Popis<\/th>\n<td>Mini pohybov\u00fd senzor s infra\u010derven\u00fdm detektorom pohybu pre detekciu \u013eudsk\u00e9ho pohybu<\/td>\n<\/tr>\n<tr>\n<th>Vlastnosti<\/th>\n<td>\n<ul>\n<li>Detekcia pohybu pomocou infra\u010derven\u00e9ho senzora<\/li>\n<li>Miniat\u00farna ve\u013ekos\u0165 pre jednoduch\u00fa in\u0161tal\u00e1ciu<\/li>\n<li>N\u00edzka spotreba energie<\/li>\n<\/ul>\n<\/td>\n<\/tr>\n<tr>\n<th>\u0160pecifik\u00e1cie<\/th>\n<td>\n<ul>\n<li>Pracovn\u00fd nap\u00e4tie: 5V<\/li>\n<li>Spotreba: <50\u00b5A<\/li>\n<li>Doba oneskorenia: 8 sek\u00fand<\/li>\n<\/ul>\n<\/td>\n<\/tr>\n<tr>\n<th>Pr\u00edklady pou\u017eitia<\/th>\n<td>\n<ul>\n<li>Osvetlenie chodby alebo k\u00fape\u013ene pri detekcii pohybu<\/li>\n<li>Spustenie alarmu pri detekcii ne\u017eiaduceho pohybu<\/li>\n<\/ul>\n<\/td>\n<\/tr>\n<tr>\n<th>Pr\u00edkladov\u00fd k\u00f3d pre Arduino<\/th>\n<td>\n            <code><br \/>\n                int pirPin = 2;    \/\/ Pripojenie pinu senzora k Arduino<br \/>\n                int pirState = LOW; \/\/ Aktu\u00e1lny stav senzora<br \/>\n                int val = 0;        \/\/ Hodnota pre \u010d\u00edtanie zo senzora<\/p>\n<p>                void setup() {<br \/>\n                  Serial.begin(9600);<br \/>\n                  pinMode(pirPin, INPUT);<br \/>\n                }<\/p>\n<p>                void loop(){<br \/>\n                  val = digitalRead(pirPin); \/\/ \u010c\u00edtanie hodnoty zo senzora<br \/>\n                  if (val == HIGH) {<br \/>\n                    Serial.println(\"Pohyb detegovan\u00fd!\");<br \/>\n                    pirState = HIGH;<br \/>\n                  } else {<br \/>\n                    Serial.println(\"\u017diadny pohyb.\");<br \/>\n                    pirState = LOW;<br \/>\n                  }<br \/>\n                  delay(1000);<br \/>\n                }<br \/>\n            <\/code>\n        <\/td>\n<\/tr>\n<tr>\n<th>Pr\u00edkladov\u00fd k\u00f3d pre ESPHome<\/th>\n<td>\n            <code><br \/>\n                binary_sensor:<br \/>\n                  - platform: gpio<br \/>\n                    pin:<br \/>\n                      number: GPIO2<br \/>\n                      mode: INPUT_PULLUP<br \/>\n                    name: \"Motion Sensor\"<br \/>\n                    device_class: motion<br \/>\n            <\/code>\n        <\/td>\n<\/tr>\n<\/table>\n<p><button id=\"copyButton\" onclick=\"copyCode()\">Skop\u00edrova\u0165 k\u00f3d<\/button><\/p>\n<p><script>\n    function copyCode() {\n        var code = document.querySelector('code');\n        var textArea = document.createElement('textarea');\n        textArea.value = code.textContent;\n        document.body.appendChild(textArea);\n        textArea.select();\n        document.execCommand('copy');\n        document.body.removeChild(textArea);\n        alert('K\u00f3d bol skop\u00edrovan\u00fd do schr\u00e1nky.');\n    }\n<\/script><\/p>\n<p><\/body><br \/>\n<\/html><\/p>\n<h2>Miniat\u00farny induk\u010dn\u00fd modul \u013eudsk\u00e9ho tela, PIR modul infra\u010derven\u00fd modul pyroelektrick\u00fd modul infra\u010derven\u00e9ho senzora \u013eudsk\u00e9ho tela\u00a0HC-SR505<\/h2>\n<p><strong>1. Popis modulu<\/strong><\/p>\n<p>Modul sn\u00edma\u010da \u013eudsk\u00e9ho tela AM312: Je to digit\u00e1lny inteligentn\u00fd produkt automatick\u00e9ho riadenia zalo\u017een\u00fd na pas\u00edvnej \u013eudskej infra\u010dervenej technol\u00f3gii, s vysokou citlivos\u0165ou a silnou spo\u013eahlivos\u0165ou a je \u0161iroko pou\u017e\u00edvan\u00fd v r\u00f4znych automatick\u00fdch induk\u010dn\u00fdch elektrick\u00fdch zariadeniach.<\/p>\n<p><strong>2. Technick\u00e9 parametre<\/strong><\/p>\n<p>1. Pracovn\u00e9 nap\u00e4tie: DC 2,7-12V;<\/p>\n<p>2. Statick\u00e1 spotreba energie: &lt;0,1mA;<\/p>\n<p>3. \u010cas oneskorenia: 2 sekundy;<\/p>\n<p>4. \u010cas blokovania: 2 sekundy;<\/p>\n<p>5. Re\u017eim sp\u00fa\u0161\u0165ania: opakovate\u013en\u00fd;<\/p>\n<p>6. Rozsah sn\u00edmania: \u2264100 stup\u0148ov uhol ku\u017ee\u013ea, 3-5 metrov; (v z\u00e1vislosti od konkr\u00e9tneho objekt\u00edvu)<\/p>\n<p>7. Pracovn\u00e1 teplota: -20-+60\u2103<\/p>\n<p>8. Ve\u013ekos\u0165 PCB: 10 mm * 8 mm<\/p>\n<p>9. Modulov\u00e1 \u0161o\u0161ovka: mal\u00e1 \u0161o\u0161ovka<\/p>\n<p><strong>3. Vlastnosti<\/strong><\/p>\n<p>a. Je vylep\u0161en\u00e1 ochrana proti ru\u0161eniu, je prijat\u00e9 intern\u00e9 digit\u00e1lne spracovanie sign\u00e1lu a v\u00fdstup vysokej a n\u00edzkej \u00farovne je priamy.<\/p>\n<p>b. Re\u017eim opakovate\u013en\u00e9ho spustenia: Ke\u010f senzor vyd\u00e1 vysok\u00fa \u00farove\u0148 po\u010das doby oneskorenia, ak sa \u013eudsk\u00e9 telo pohybuje v rozsahu sn\u00edmania, jeho v\u00fdstup zostane vysok\u00fd a\u017e do oneskorenia po odchode osoby. N\u00edzka \u00farove\u0148 (tj: modul senzora automaticky pred\u013a\u017ei \u010dasov\u00e9 obdobie oneskorenia po detekcii ka\u017edej \u013eudskej aktivity a \u010das poslednej aktivity je po\u010diato\u010dn\u00fdm bodom \u010dasu oneskorenia).AM312 Manu\u00e1l pre \u013eudsk\u00fd induk\u010dn\u00fd modul<\/p>\n<p>&nbsp;<\/p>\n<p><strong>Technick\u00e9 parametre:<\/strong><\/p>\n<p>Rozsah prev\u00e1dzkov\u00e9ho nap\u00e4tia: DC4,5-20V<\/p>\n<p>Statick\u00fd pr\u00fad: &lt;60uA<\/p>\n<p>V\u00fdstupn\u00e1 \u00farove\u0148: Vysok\u00e1 3,3V \/ N\u00edzka 0V<\/p>\n<p>Sp\u00fa\u0161\u0165a\u010d: opakovate\u013en\u00e9 spustenie (predvolen\u00e9)<\/p>\n<p>\u010cas oneskorenia: Predvolen\u00fd 8S + -30% (mo\u017eno prisp\u00f4sobi\u0165 rozsah nieko\u013ek\u00fdch desat\u00edn a\u017e desiatok min\u00fat)<\/p>\n<p>Rozmery dosky plo\u0161n\u00fdch spojov: 10 * 23 mm<\/p>\n<p>Induk\u010dn\u00fd uhol: &lt;100 stup\u0148ov\u00fd uhol ku\u017ee\u013ea<\/p>\n<p>Induk\u010dn\u00e1 vzdialenos\u0165: 3 metre<\/p>\n<p>Pracovn\u00e1 teplota: -20 &#8211; +80 stup\u0148ov<\/p>\n<p>Rozmery \u0161o\u0161ovky sn\u00edma\u010da: Priemer: 10 mm (predvolen\u00e9)<\/p>\n<p><strong>Vlastnosti:<\/strong><\/p>\n<p>Automatick\u00e1 indukcia: ak chcete vst\u00fapi\u0165 do rozsahu sn\u00edmania v\u00fdstupu je vysok\u00fd, \u013eudia op\u00fa\u0161\u0165aj\u00fa rozsah senzora automaticky oneskorenie vypnutia vysok\u00fd, v\u00fdstup n\u00edzky. Ultra mal\u00e1 ve\u013ekos\u0165.<\/p>\n<p>Opakovate\u013en\u00e9 spustenie: vysok\u00fd v\u00fdstup senzora, doba oneskorenia, ak je v dosahu sn\u00edmania \u013eudsk\u00e1 aktivita, v\u00fdstup zostane vysok\u00fd, k\u00fdm \u013eudia neod\u00eddu po vysokom premenlivom oneskoren\u00ed lOW (automaticky roz\u0161\u00edren\u00fd senzorov\u00fd modul detekuje \u013eudsk\u00e9 telo po ka\u017edej aktivite oneskorenie a posledn\u00fd \u010das udalosti je po\u010diato\u010dn\u00fdm bodom \u010dasu oneskorenia).<\/p>\n<p>\u0160irok\u00fd rozsah prev\u00e1dzkov\u00e9ho nap\u00e4tia: predvolen\u00e9 prev\u00e1dzkov\u00e9 nap\u00e4tie DC4,5V-20V.<\/p>\n<p>Mikrov\u00fdkon: k\u013eudov\u00fd pr\u00fad &lt;50 mikroamp\u00e9rov, najm\u00e4 pre produkty automatick\u00e9ho ovl\u00e1dania nap\u00e1jan\u00e9 z bat\u00e9rie.<\/p>\n<p>V\u00fdstupn\u00fd vysok\u00fd sign\u00e1l: jednoduch\u00e9 dokovanie a v\u0161etky druhy obvodov.<\/p>\n<p><strong>Aplik\u00e1cie:<\/strong><\/p>\n<p>Telo induk\u010dn\u00fdch l\u00e1mp<\/p>\n<p>Hra\u010dky so senzormi tela<\/p>\n<p>Bezpe\u010dnostn\u00e9 produkty<\/p>\n<p>Priemyseln\u00e1 automatiz\u00e1cia a riadenie<\/p>\n<p>Automatick\u00e9 sn\u00edmanie elektrick\u00fdch zariaden\u00ed<\/p>\n<p>Automatick\u00e9 ovl\u00e1danie na bat\u00e9rie<\/p>\n<p>&nbsp;<\/p>\n","protected":false},"excerpt":{"rendered":"<p>Mini IR Pyroelectric Infrared PIR Motion Human Sensor Detector Module HC-SR505 Mini IR Pyroelectric Infrared PIR Motion Human Sensor Detector&hellip;<\/p>\n","protected":false},"featured_media":1506,"template":"","meta":{"_monsterinsights_skip_tracking":false,"_monsterinsights_sitenote_active":false,"_monsterinsights_sitenote_note":"","_monsterinsights_sitenote_category":0},"product_cat":[16,74,69],"product_tag":[],"class_list":{"0":"post-1505","1":"product","2":"type-product","3":"status-publish","4":"has-post-thumbnail","6":"product_cat-ard","7":"product_cat-ir","8":"product_cat-sensors","10":"first","11":"instock","12":"shipping-taxable","13":"purchasable","14":"product-type-simple"},"yoast_head":"<!-- This site is optimized with the Yoast SEO plugin v23.6 - https:\/\/yoast.com\/wordpress\/plugins\/seo\/ -->\n<title>Mini IR Pyroelectric Infrared PIR Motion Human Sensor Detector Module HC-SR505 - Arduino e-shop<\/title>\n<meta name=\"robots\" content=\"index, follow, max-snippet:-1, max-image-preview:large, max-video-preview:-1\" \/>\n<link rel=\"canonical\" href=\"https:\/\/www.onetimenexttime.sk\/arduino\/index.php\/produkt\/mini-ir-pyroelectric-infrared-pir-motion-human-sensor-detector-module-hc-sr505\/\" \/>\n<meta property=\"og:locale\" content=\"sk_SK\" \/>\n<meta property=\"og:type\" content=\"article\" \/>\n<meta property=\"og:title\" content=\"Mini IR Pyroelectric Infrared PIR Motion Human Sensor Detector Module HC-SR505 - Arduino e-shop\" \/>\n<meta property=\"og:description\" content=\"Mini IR Pyroelectric Infrared PIR Motion Human Sensor Detector Module HC-SR505 Mini IR Pyroelectric Infrared PIR Motion Human Sensor Detector&hellip;\" \/>\n<meta property=\"og:url\" content=\"https:\/\/www.onetimenexttime.sk\/arduino\/index.php\/produkt\/mini-ir-pyroelectric-infrared-pir-motion-human-sensor-detector-module-hc-sr505\/\" \/>\n<meta property=\"og:site_name\" content=\"Arduino e-shop\" \/>\n<meta property=\"article:modified_time\" content=\"2024-02-22T15:42:49+00:00\" \/>\n<meta property=\"og:image\" content=\"https:\/\/www.onetimenexttime.sk\/arduino\/wp-content\/uploads\/2021\/11\/17932.jpg\" \/>\n\t<meta property=\"og:image:width\" content=\"528\" \/>\n\t<meta property=\"og:image:height\" content=\"530\" \/>\n\t<meta property=\"og:image:type\" content=\"image\/jpeg\" \/>\n<meta name=\"twitter:card\" content=\"summary_large_image\" \/>\n<meta name=\"twitter:label1\" content=\"Predpokladan\u00fd \u010das \u010d\u00edtania\" \/>\n\t<meta name=\"twitter:data1\" content=\"2 min\u00faty\" \/>\n<script type=\"application\/ld+json\" class=\"yoast-schema-graph\">{\"@context\":\"https:\/\/schema.org\",\"@graph\":[{\"@type\":\"WebPage\",\"@id\":\"https:\/\/www.onetimenexttime.sk\/arduino\/index.php\/produkt\/mini-ir-pyroelectric-infrared-pir-motion-human-sensor-detector-module-hc-sr505\/\",\"url\":\"https:\/\/www.onetimenexttime.sk\/arduino\/index.php\/produkt\/mini-ir-pyroelectric-infrared-pir-motion-human-sensor-detector-module-hc-sr505\/\",\"name\":\"Mini IR Pyroelectric Infrared PIR Motion Human Sensor Detector Module HC-SR505 - Arduino e-shop\",\"isPartOf\":{\"@id\":\"https:\/\/www.onetimenexttime.sk\/arduino\/#website\"},\"primaryImageOfPage\":{\"@id\":\"https:\/\/www.onetimenexttime.sk\/arduino\/index.php\/produkt\/mini-ir-pyroelectric-infrared-pir-motion-human-sensor-detector-module-hc-sr505\/#primaryimage\"},\"image\":{\"@id\":\"https:\/\/www.onetimenexttime.sk\/arduino\/index.php\/produkt\/mini-ir-pyroelectric-infrared-pir-motion-human-sensor-detector-module-hc-sr505\/#primaryimage\"},\"thumbnailUrl\":\"https:\/\/www.onetimenexttime.sk\/arduino\/wp-content\/uploads\/2021\/11\/17932.jpg\",\"datePublished\":\"2021-11-17T07:31:40+00:00\",\"dateModified\":\"2024-02-22T15:42:49+00:00\",\"breadcrumb\":{\"@id\":\"https:\/\/www.onetimenexttime.sk\/arduino\/index.php\/produkt\/mini-ir-pyroelectric-infrared-pir-motion-human-sensor-detector-module-hc-sr505\/#breadcrumb\"},\"inLanguage\":\"sk-SK\",\"potentialAction\":[{\"@type\":\"ReadAction\",\"target\":[\"https:\/\/www.onetimenexttime.sk\/arduino\/index.php\/produkt\/mini-ir-pyroelectric-infrared-pir-motion-human-sensor-detector-module-hc-sr505\/\"]}]},{\"@type\":\"ImageObject\",\"inLanguage\":\"sk-SK\",\"@id\":\"https:\/\/www.onetimenexttime.sk\/arduino\/index.php\/produkt\/mini-ir-pyroelectric-infrared-pir-motion-human-sensor-detector-module-hc-sr505\/#primaryimage\",\"url\":\"https:\/\/www.onetimenexttime.sk\/arduino\/wp-content\/uploads\/2021\/11\/17932.jpg\",\"contentUrl\":\"https:\/\/www.onetimenexttime.sk\/arduino\/wp-content\/uploads\/2021\/11\/17932.jpg\",\"width\":528,\"height\":530},{\"@type\":\"BreadcrumbList\",\"@id\":\"https:\/\/www.onetimenexttime.sk\/arduino\/index.php\/produkt\/mini-ir-pyroelectric-infrared-pir-motion-human-sensor-detector-module-hc-sr505\/#breadcrumb\",\"itemListElement\":[{\"@type\":\"ListItem\",\"position\":1,\"name\":\"Domov\",\"item\":\"https:\/\/www.onetimenexttime.sk\/arduino\/\"},{\"@type\":\"ListItem\",\"position\":2,\"name\":\"Obchod\",\"item\":\"https:\/\/www.onetimenexttime.sk\/arduino\/\"},{\"@type\":\"ListItem\",\"position\":3,\"name\":\"Mini IR Pyroelectric Infrared PIR Motion Human Sensor Detector Module HC-SR505\"}]},{\"@type\":\"WebSite\",\"@id\":\"https:\/\/www.onetimenexttime.sk\/arduino\/#website\",\"url\":\"https:\/\/www.onetimenexttime.sk\/arduino\/\",\"name\":\"Arduino e-shop\",\"description\":\"Home Assistant\",\"potentialAction\":[{\"@type\":\"SearchAction\",\"target\":{\"@type\":\"EntryPoint\",\"urlTemplate\":\"https:\/\/www.onetimenexttime.sk\/arduino\/?s={search_term_string}\"},\"query-input\":{\"@type\":\"PropertyValueSpecification\",\"valueRequired\":true,\"valueName\":\"search_term_string\"}}],\"inLanguage\":\"sk-SK\"}]}<\/script>\n<!-- \/ Yoast SEO plugin. -->","yoast_head_json":{"title":"Mini IR Pyroelectric Infrared PIR Motion Human Sensor Detector Module HC-SR505 - Arduino e-shop","robots":{"index":"index","follow":"follow","max-snippet":"max-snippet:-1","max-image-preview":"max-image-preview:large","max-video-preview":"max-video-preview:-1"},"canonical":"https:\/\/www.onetimenexttime.sk\/arduino\/index.php\/produkt\/mini-ir-pyroelectric-infrared-pir-motion-human-sensor-detector-module-hc-sr505\/","og_locale":"sk_SK","og_type":"article","og_title":"Mini IR Pyroelectric Infrared PIR Motion Human Sensor Detector Module HC-SR505 - Arduino e-shop","og_description":"Mini IR Pyroelectric Infrared PIR Motion Human Sensor Detector Module HC-SR505 Mini IR Pyroelectric Infrared PIR Motion Human Sensor Detector&hellip;","og_url":"https:\/\/www.onetimenexttime.sk\/arduino\/index.php\/produkt\/mini-ir-pyroelectric-infrared-pir-motion-human-sensor-detector-module-hc-sr505\/","og_site_name":"Arduino e-shop","article_modified_time":"2024-02-22T15:42:49+00:00","og_image":[{"width":528,"height":530,"url":"https:\/\/www.onetimenexttime.sk\/arduino\/wp-content\/uploads\/2021\/11\/17932.jpg","type":"image\/jpeg"}],"twitter_card":"summary_large_image","twitter_misc":{"Predpokladan\u00fd \u010das \u010d\u00edtania":"2 min\u00faty"},"schema":{"@context":"https:\/\/schema.org","@graph":[{"@type":"WebPage","@id":"https:\/\/www.onetimenexttime.sk\/arduino\/index.php\/produkt\/mini-ir-pyroelectric-infrared-pir-motion-human-sensor-detector-module-hc-sr505\/","url":"https:\/\/www.onetimenexttime.sk\/arduino\/index.php\/produkt\/mini-ir-pyroelectric-infrared-pir-motion-human-sensor-detector-module-hc-sr505\/","name":"Mini IR Pyroelectric Infrared PIR Motion Human Sensor Detector Module HC-SR505 - Arduino e-shop","isPartOf":{"@id":"https:\/\/www.onetimenexttime.sk\/arduino\/#website"},"primaryImageOfPage":{"@id":"https:\/\/www.onetimenexttime.sk\/arduino\/index.php\/produkt\/mini-ir-pyroelectric-infrared-pir-motion-human-sensor-detector-module-hc-sr505\/#primaryimage"},"image":{"@id":"https:\/\/www.onetimenexttime.sk\/arduino\/index.php\/produkt\/mini-ir-pyroelectric-infrared-pir-motion-human-sensor-detector-module-hc-sr505\/#primaryimage"},"thumbnailUrl":"https:\/\/www.onetimenexttime.sk\/arduino\/wp-content\/uploads\/2021\/11\/17932.jpg","datePublished":"2021-11-17T07:31:40+00:00","dateModified":"2024-02-22T15:42:49+00:00","breadcrumb":{"@id":"https:\/\/www.onetimenexttime.sk\/arduino\/index.php\/produkt\/mini-ir-pyroelectric-infrared-pir-motion-human-sensor-detector-module-hc-sr505\/#breadcrumb"},"inLanguage":"sk-SK","potentialAction":[{"@type":"ReadAction","target":["https:\/\/www.onetimenexttime.sk\/arduino\/index.php\/produkt\/mini-ir-pyroelectric-infrared-pir-motion-human-sensor-detector-module-hc-sr505\/"]}]},{"@type":"ImageObject","inLanguage":"sk-SK","@id":"https:\/\/www.onetimenexttime.sk\/arduino\/index.php\/produkt\/mini-ir-pyroelectric-infrared-pir-motion-human-sensor-detector-module-hc-sr505\/#primaryimage","url":"https:\/\/www.onetimenexttime.sk\/arduino\/wp-content\/uploads\/2021\/11\/17932.jpg","contentUrl":"https:\/\/www.onetimenexttime.sk\/arduino\/wp-content\/uploads\/2021\/11\/17932.jpg","width":528,"height":530},{"@type":"BreadcrumbList","@id":"https:\/\/www.onetimenexttime.sk\/arduino\/index.php\/produkt\/mini-ir-pyroelectric-infrared-pir-motion-human-sensor-detector-module-hc-sr505\/#breadcrumb","itemListElement":[{"@type":"ListItem","position":1,"name":"Domov","item":"https:\/\/www.onetimenexttime.sk\/arduino\/"},{"@type":"ListItem","position":2,"name":"Obchod","item":"https:\/\/www.onetimenexttime.sk\/arduino\/"},{"@type":"ListItem","position":3,"name":"Mini IR Pyroelectric Infrared PIR Motion Human Sensor Detector Module HC-SR505"}]},{"@type":"WebSite","@id":"https:\/\/www.onetimenexttime.sk\/arduino\/#website","url":"https:\/\/www.onetimenexttime.sk\/arduino\/","name":"Arduino e-shop","description":"Home Assistant","potentialAction":[{"@type":"SearchAction","target":{"@type":"EntryPoint","urlTemplate":"https:\/\/www.onetimenexttime.sk\/arduino\/?s={search_term_string}"},"query-input":{"@type":"PropertyValueSpecification","valueRequired":true,"valueName":"search_term_string"}}],"inLanguage":"sk-SK"}]}},"_links":{"self":[{"href":"https:\/\/www.onetimenexttime.sk\/arduino\/index.php\/wp-json\/wp\/v2\/product\/1505"}],"collection":[{"href":"https:\/\/www.onetimenexttime.sk\/arduino\/index.php\/wp-json\/wp\/v2\/product"}],"about":[{"href":"https:\/\/www.onetimenexttime.sk\/arduino\/index.php\/wp-json\/wp\/v2\/types\/product"}],"wp:featuredmedia":[{"embeddable":true,"href":"https:\/\/www.onetimenexttime.sk\/arduino\/index.php\/wp-json\/wp\/v2\/media\/1506"}],"wp:attachment":[{"href":"https:\/\/www.onetimenexttime.sk\/arduino\/index.php\/wp-json\/wp\/v2\/media?parent=1505"}],"wp:term":[{"taxonomy":"product_cat","embeddable":true,"href":"https:\/\/www.onetimenexttime.sk\/arduino\/index.php\/wp-json\/wp\/v2\/product_cat?post=1505"},{"taxonomy":"product_tag","embeddable":true,"href":"https:\/\/www.onetimenexttime.sk\/arduino\/index.php\/wp-json\/wp\/v2\/product_tag?post=1505"}],"curies":[{"name":"wp","href":"https:\/\/api.w.org\/{rel}","templated":true}]}}