{"id":1496,"date":"2021-11-16T21:37:19","date_gmt":"2021-11-16T20:37:19","guid":{"rendered":"https:\/\/www.onetimenexttime.sk\/arduino\/?post_type=product&#038;p=1496"},"modified":"2024-02-22T17:42:05","modified_gmt":"2024-02-22T16:42:05","slug":"touch-sensor-touch-switch-module-capacitive-touch-button-ttp223b-digital-sensor-board-compatible-for-arduino","status":"publish","type":"product","link":"https:\/\/www.onetimenexttime.sk\/arduino\/index.php\/produkt\/touch-sensor-touch-switch-module-capacitive-touch-button-ttp223b-digital-sensor-board-compatible-for-arduino\/","title":{"rendered":"Touch Sensor Touch Switch Module Capacitive Touch Button TTP223B Digital Sensor Board Compatible for Arduino"},"content":{"rendered":"<p>&nbsp;<\/p>\n<div id=\"translation\">\n<h3 class=\"gtx-body\">Dotykov\u00fd modul dotykov\u00e9ho sn\u00edma\u010da Kapacitn\u00e9 dotykov\u00e9 tla\u010didlo s digit\u00e1lnym sn\u00edma\u010dom TTP223B<\/h3>\n<\/div>\n<table>\n<tbody>\n<tr>\n<th>Popis<\/th>\n<td>Modul dotykov\u00e9ho sp\u00edna\u010da TTP223B je kapacitn\u00fd dotykov\u00fd sn\u00edma\u010d, ktor\u00fd umo\u017e\u0148uje ovl\u00e1da\u0165 r\u00f4zne aplik\u00e1cie pomocou dotyku.<\/td>\n<\/tr>\n<tr>\n<th>Vlastnosti<\/th>\n<td>\n<ul>\n<li>Kapacitn\u00fd dotykov\u00fd sn\u00edma\u010d s n\u00edzkou spotrebou energie<\/li>\n<li>Jednoduch\u00e9 pripojenie a pou\u017eitie<\/li>\n<li>Digit\u00e1lny v\u00fdstup s integrovan\u00fdm obvodov\u00fdm posil\u0148ova\u010dom<\/li>\n<\/ul>\n<\/td>\n<\/tr>\n<tr>\n<th>\u0160pecifik\u00e1cie<\/th>\n<td>\n<ul>\n<li>Nap\u00e1janie: 2.5V &#8211; 5.5V<\/li>\n<li>Digit\u00e1lny v\u00fdstup<\/li>\n<li>Rozmery: 15mm x 11mm<\/li>\n<\/ul>\n<\/td>\n<\/tr>\n<tr>\n<th>Pr\u00edklady pou\u017eitia<\/th>\n<td>Modul TTP223B sa \u010dasto pou\u017e\u00edva pre ovl\u00e1danie r\u00f4znych aplik\u00e1ci\u00ed pomocou dotyku, ako s\u00fa napr\u00edklad dotykov\u00e9 sp\u00edna\u010de, ovl\u00e1da\u010de svetiel a podobne.<\/td>\n<\/tr>\n<tr>\n<th>Pr\u00edkladov\u00fd k\u00f3d pre ESPHome<\/th>\n<td><code><br \/>\nbinary_sensor:<br \/>\n- platform: gpio<br \/>\npin: GPIO14<br \/>\nname: \"touch_sensor\"<br \/>\ndevice_class: motion<br \/>\n<\/code><\/td>\n<\/tr>\n<tr>\n<th>Pr\u00edkladov\u00fd k\u00f3d pre Arduino<\/th>\n<td><code><code><br \/>\nint touchPin = 2;  \/\/ Pin, na ktorom je pripojen\u00fd TTP223B modul<br \/>\nint ledPin = 13;   \/\/ Pin, na ktorom je pripojen\u00e1 LED<br \/>\nint touchValue;<\/code><\/code>void setup() {<br \/>\npinMode(ledPin, OUTPUT);<br \/>\npinMode(touchPin, INPUT);<br \/>\n}<code><code><\/code><\/code>void loop() {<br \/>\ntouchValue = digitalRead(touchPin);<br \/>\nif (touchValue == HIGH) {<br \/>\ndigitalWrite(ledPin, HIGH); \/\/ Zapne LED, ke\u010f je detekovan\u00fd dotyk<br \/>\n} else {<br \/>\ndigitalWrite(ledPin, LOW); \/\/ Vypne LED, ke\u010f dotyk nie je detekovan\u00fd<br \/>\n}<br \/>\n}<\/td>\n<\/tr>\n<\/tbody>\n<\/table>\n<p><button>Kop\u00edrova\u0165 k\u00f3d<\/button><\/p>\n<p>&nbsp;<\/p>\n<h2>Kapacitn\u00e9 dotykov\u00e9 tla\u010didlo modulu dotykov\u00e9ho sn\u00edma\u010da s dotykov\u00fdm prep\u00edna\u010dom TTP223B Digit\u00e1lna doska sn\u00edma\u010da kompatibiln\u00e1 pre Arduino<\/h2>\n<p><strong>Popis<\/strong><br \/>\nDotykov\u00fd senzor je zalo\u017een\u00fd na kapacitnom dotykovom prep\u00edna\u010di IC (TTP223B) so sn\u00edman\u00edm dotyku. V norm\u00e1lnom stave je v\u00fdstup modulu n\u00edzky, n\u00edzka spotreba energie; Ke\u010f sa prst dotkne pr\u00edslu\u0161nej polohy, v\u00fdstup modulu je vysok\u00fd, ak sa ho nedotknete 12 sek\u00fand, prepne sa do re\u017eimu n\u00edzkej spotreby.<br \/>\nTyp krokovania: po\u010diato\u010dn\u00fd stav je n\u00edzky, vysok\u00fd dotyk, nedot\u00fdka\u0165 sa je n\u00edzky (podobn\u00e1 funkcia dotyku tla\u010didla)<br \/>\nModul je mo\u017en\u00e9 in\u0161talova\u0165 do povrchov\u00e9ho plastu, skla z nekovov\u00fdch materi\u00e1lov<br \/>\nOkrem tenk\u00e9ho papiera (nekovov\u00e9ho) pokr\u00fdvaj\u00faceho povrch modulu, pokia\u013e je spr\u00e1vne umiestnenie dotyku, m\u00f4\u017eete skry\u0165 tla\u010didl\u00e1 na sten\u00e1ch, pracovn\u00fdch ploch\u00e1ch a in\u00fdch \u010dastiach<br \/>\n<strong>Vlastnosti<\/strong><br \/>\nN\u00edzka spotreba energie<br \/>\nNap\u00e1janie pre 2 ~ 5,5V DC<br \/>\nDok\u00e1\u017ee nahradi\u0165 tradi\u010dn\u00fd dotyk tla\u010didla<br \/>\n\u0160tyri polohovacie otvory pre skrutky M2 pre jednoduch\u00fa in\u0161tal\u00e1ciu<\/p>\n<p><strong>\u0160pecifik\u00e1cia<\/strong><\/p>\n<p>&nbsp;<\/p>\n<table border=\"1\" cellspacing=\"0\" cellpadding=\"0\">\n<tbody>\n<tr>\n<td>\n<h3 align=\"left\"><\/h3>\n<\/td>\n<td>\n<h3 align=\"center\">Minim\u00e1lne<\/h3>\n<\/td>\n<td>\n<h3 align=\"center\">Typick\u00fd<\/h3>\n<\/td>\n<td>\n<h3 align=\"center\">Maxim\u00e1lne<\/h3>\n<\/td>\n<td>\n<h3 align=\"center\">Jednotka<\/h3>\n<\/td>\n<\/tr>\n<tr>\n<td>\n<h3 align=\"left\">Nap\u00e1jacie nap\u00e4tie VCC<\/h3>\n<\/td>\n<td>\n<h3 align=\"center\">2.0<\/h3>\n<\/td>\n<td>\n<h3 align=\"center\">3<\/h3>\n<\/td>\n<td>\n<h3 align=\"center\">5.5<\/h3>\n<\/td>\n<td>\n<h3 align=\"center\">V<\/h3>\n<\/td>\n<\/tr>\n<tr>\n<td>\n<h3 align=\"left\">V\u00fdstup vysok\u00fd VOH<\/h3>\n<\/td>\n<td>\n<h3 align=\"center\">&#8211;<\/h3>\n<\/td>\n<td>\n<h3 align=\"center\">0.8VCC<\/h3>\n<\/td>\n<td>\n<h3 align=\"center\">&#8211;<\/h3>\n<\/td>\n<td>\n<h3 align=\"center\">V<\/h3>\n<\/td>\n<\/tr>\n<tr>\n<td>\n<h3 align=\"left\">N\u00edzky v\u00fdstup VOL<\/h3>\n<\/td>\n<td>\n<h3 align=\"center\">&#8211;<\/h3>\n<\/td>\n<td>\n<h3 align=\"center\">&#8211;<\/h3>\n<\/td>\n<td>\n<h3 align=\"center\">0.3VCC<\/h3>\n<\/td>\n<td>\n<h3 align=\"center\">V<\/h3>\n<\/td>\n<\/tr>\n<tr>\n<td>\n<h3 align=\"left\">V\u00fdstupn\u00fd kol\u00edk sink pr\u00fad (@ VCC = 3 V, VOL = 0,6 V)<\/h3>\n<\/td>\n<td>\n<h3 align=\"center\">&#8211;<\/h3>\n<\/td>\n<td>\n<h3 align=\"center\">8<\/h3>\n<\/td>\n<td>\n<h3 align=\"center\">&#8211;<\/h3>\n<\/td>\n<td>\n<h3 align=\"center\">mA<\/h3>\n<\/td>\n<\/tr>\n<tr>\n<td>\n<h3 align=\"left\">Zdvihov\u00fd pr\u00fad v\u00fdstupn\u00e9ho kol\u00edka (@ VCC = 3 V, VOH = 2,4 V)<\/h3>\n<\/td>\n<td>\n<h3 align=\"center\">&#8211;<\/h3>\n<\/td>\n<td>\n<h3 align=\"center\">4<\/h3>\n<\/td>\n<td>\n<h3 align=\"center\">&#8211;<\/h3>\n<\/td>\n<td>\n<h3 align=\"center\">mA<\/h3>\n<\/td>\n<\/tr>\n<tr>\n<td>\n<h3 align=\"left\">\u010cas odozvy (re\u017eim n\u00edzkej spotreby energie)<\/h3>\n<\/td>\n<td>\n<h3 align=\"center\">&#8211;<\/h3>\n<\/td>\n<td>\n<h3 align=\"center\">&#8211;<\/h3>\n<\/td>\n<td>\n<h3 align=\"center\">220<\/h3>\n<\/td>\n<td>\n<h3 align=\"center\">mS<\/h3>\n<\/td>\n<\/tr>\n<tr>\n<td>\n<h3 align=\"left\">Response time (touch mode)<\/h3>\n<\/td>\n<td>\n<h3 align=\"center\">&#8211;<\/h3>\n<\/td>\n<td>\n<h3 align=\"center\">&#8211;<\/h3>\n<\/td>\n<td data-spm-anchor-id=\"a2g0o.detail.1000023.i2.54be4fedJb2KUu\">\n<h3 align=\"center\">60<\/h3>\n<\/td>\n<td>\n<h3 align=\"center\">mS<\/h3>\n<\/td>\n<\/tr>\n<tr>\n<td>\n<h3 align=\"left\">Ve\u013ekos\u0165<\/h3>\n<\/td>\n<td colspan=\"3\">\n<h3 align=\"center\">24x24x7.2<\/h3>\n<\/td>\n<td data-spm-anchor-id=\"a2g0o.detail.1000023.i1.54be4fedJb2KUu\">\n<h3 align=\"left\"><span data-spm-anchor-id=\"a2g0o.detail.1000023.i5.54be4fedJb2KUu\">mm<\/span><\/h3>\n<\/td>\n<\/tr>\n<\/tbody>\n<\/table>\n<p>&nbsp;<\/p>\n<p><img loading=\"lazy\" decoding=\"async\" class=\"\" src=\"https:\/\/arduinogetstarted.com\/images\/tutorial\/touch-sensor-pinout.jpg\" alt=\"Touch Sensor Pinout\" width=\"488\" height=\"265\" \/><\/p>\n<p>&nbsp;<\/p>\n<p>&nbsp;<\/p>\n<p>&nbsp;<\/p>\n<p><img loading=\"lazy\" decoding=\"async\" class=\"image-zoomable\" src=\"https:\/\/arduinogetstarted.com\/images\/tutorial\/arduino-touch-sensor-wiring-diagram.jpg\" alt=\"Arduino Touch Sensor Wiring Diagram\" width=\"393\" height=\"153\" \/><\/p>\n<p>&nbsp;<\/p>\n<p>\/\/ constants won&#8217;t change. They&#8217;re used here to set pin numbers:<br \/>\nconst int SENSOR_PIN = 7; \/\/ the Arduino&#8217;s input pin that connects to the sensor&#8217;s SIGNAL pin<\/p>\n<p>\/\/ Variables will change:<br \/>\nint lastState = LOW; \/\/ the previous state from the input pin<br \/>\nint currentState; \/\/ the current reading from the input pin<br \/>\nint ledState = LOW; \/\/ the current LED state<\/p>\n<p>void setup() {<br \/>\n\/\/ initialize serial communication at 9600 bits per second:<br \/>\nSerial.begin(9600);<br \/>\n\/\/ initialize the Arduino&#8217;s pin as aninput<br \/>\npinMode(SENSOR_PIN, INPUT);<br \/>\n\/\/ initialize digital pin LED_BUILTIN as an output.<br \/>\npinMode(LED_BUILTIN, OUTPUT);<br \/>\n}<\/p>\n<p>void loop() {<br \/>\n\/\/ read the state of the the input pin:<br \/>\ncurrentState = digitalRead(SENSOR_PIN);<\/p>\n<p>if(lastState == LOW &amp;&amp; currentState == HIGH){<br \/>\n\/\/ toggle LED state<br \/>\nif(ledState == LOW)<br \/>\nledState = HIGH;<br \/>\nelse if(ledState == HIGH)<br \/>\nledState = LOW;<\/p>\n<p>\/\/ control LED<br \/>\ndigitalWrite(LED_BUILTIN, ledState);<br \/>\n}<\/p>\n<p>\/\/ save the the last state<br \/>\nlastState = currentState;<br \/>\n}<\/p>\n<p>&nbsp;<\/p>\n<p>&nbsp;<\/p>\n<p><a href=\"https:\/\/arduinogetstarted.com\/tutorials\/arduino-touch-sensor\">https:\/\/arduinogetstarted.com\/tutorials\/arduino-touch-sensor<\/a><\/p>\n","protected":false},"excerpt":{"rendered":"<p>&nbsp; Dotykov\u00fd modul dotykov\u00e9ho sn\u00edma\u010da Kapacitn\u00e9 dotykov\u00e9 tla\u010didlo s digit\u00e1lnym sn\u00edma\u010dom TTP223B Popis Modul dotykov\u00e9ho sp\u00edna\u010da TTP223B je kapacitn\u00fd dotykov\u00fd&hellip;<\/p>\n","protected":false},"featured_media":1498,"template":"","meta":{"_monsterinsights_skip_tracking":false,"_monsterinsights_sitenote_active":false,"_monsterinsights_sitenote_note":"","_monsterinsights_sitenote_category":0},"product_cat":[16,69,44,75],"product_tag":[],"class_list":{"0":"post-1496","1":"product","2":"type-product","3":"status-publish","4":"has-post-thumbnail","6":"product_cat-ard","7":"product_cat-sensors","8":"product_cat-svetlo","9":"product_cat-touch","11":"first","12":"instock","13":"shipping-taxable","14":"purchasable","15":"product-type-simple"},"yoast_head":"<!-- This site is optimized with the Yoast SEO plugin v23.6 - https:\/\/yoast.com\/wordpress\/plugins\/seo\/ -->\n<title>Touch Sensor Touch Switch Module Capacitive Touch Button TTP223B Digital Sensor Board Compatible for Arduino - Arduino e-shop<\/title>\n<meta name=\"robots\" content=\"index, follow, max-snippet:-1, max-image-preview:large, max-video-preview:-1\" \/>\n<link rel=\"canonical\" href=\"https:\/\/www.onetimenexttime.sk\/arduino\/index.php\/produkt\/touch-sensor-touch-switch-module-capacitive-touch-button-ttp223b-digital-sensor-board-compatible-for-arduino\/\" \/>\n<meta property=\"og:locale\" content=\"sk_SK\" \/>\n<meta property=\"og:type\" content=\"article\" \/>\n<meta property=\"og:title\" content=\"Touch Sensor Touch Switch Module Capacitive Touch Button TTP223B Digital Sensor Board Compatible for Arduino - Arduino e-shop\" \/>\n<meta property=\"og:description\" content=\"&nbsp; Dotykov\u00fd modul dotykov\u00e9ho sn\u00edma\u010da Kapacitn\u00e9 dotykov\u00e9 tla\u010didlo s digit\u00e1lnym sn\u00edma\u010dom TTP223B Popis Modul dotykov\u00e9ho sp\u00edna\u010da TTP223B je kapacitn\u00fd dotykov\u00fd&hellip;\" \/>\n<meta property=\"og:url\" content=\"https:\/\/www.onetimenexttime.sk\/arduino\/index.php\/produkt\/touch-sensor-touch-switch-module-capacitive-touch-button-ttp223b-digital-sensor-board-compatible-for-arduino\/\" \/>\n<meta property=\"og:site_name\" content=\"Arduino e-shop\" \/>\n<meta property=\"article:modified_time\" content=\"2024-02-22T16:42:05+00:00\" \/>\n<meta property=\"og:image\" content=\"https:\/\/www.onetimenexttime.sk\/arduino\/wp-content\/uploads\/2021\/11\/17506.jpg\" \/>\n\t<meta property=\"og:image:width\" content=\"528\" \/>\n\t<meta property=\"og:image:height\" content=\"530\" \/>\n\t<meta property=\"og:image:type\" content=\"image\/jpeg\" \/>\n<meta name=\"twitter:card\" content=\"summary_large_image\" \/>\n<meta name=\"twitter:label1\" content=\"Predpokladan\u00fd \u010das \u010d\u00edtania\" \/>\n\t<meta name=\"twitter:data1\" content=\"3 min\u00faty\" \/>\n<script type=\"application\/ld+json\" class=\"yoast-schema-graph\">{\"@context\":\"https:\/\/schema.org\",\"@graph\":[{\"@type\":\"WebPage\",\"@id\":\"https:\/\/www.onetimenexttime.sk\/arduino\/index.php\/produkt\/touch-sensor-touch-switch-module-capacitive-touch-button-ttp223b-digital-sensor-board-compatible-for-arduino\/\",\"url\":\"https:\/\/www.onetimenexttime.sk\/arduino\/index.php\/produkt\/touch-sensor-touch-switch-module-capacitive-touch-button-ttp223b-digital-sensor-board-compatible-for-arduino\/\",\"name\":\"Touch Sensor Touch Switch Module Capacitive Touch Button TTP223B Digital Sensor Board Compatible for Arduino - Arduino e-shop\",\"isPartOf\":{\"@id\":\"https:\/\/www.onetimenexttime.sk\/arduino\/#website\"},\"primaryImageOfPage\":{\"@id\":\"https:\/\/www.onetimenexttime.sk\/arduino\/index.php\/produkt\/touch-sensor-touch-switch-module-capacitive-touch-button-ttp223b-digital-sensor-board-compatible-for-arduino\/#primaryimage\"},\"image\":{\"@id\":\"https:\/\/www.onetimenexttime.sk\/arduino\/index.php\/produkt\/touch-sensor-touch-switch-module-capacitive-touch-button-ttp223b-digital-sensor-board-compatible-for-arduino\/#primaryimage\"},\"thumbnailUrl\":\"https:\/\/www.onetimenexttime.sk\/arduino\/wp-content\/uploads\/2021\/11\/17506.jpg\",\"datePublished\":\"2021-11-16T20:37:19+00:00\",\"dateModified\":\"2024-02-22T16:42:05+00:00\",\"breadcrumb\":{\"@id\":\"https:\/\/www.onetimenexttime.sk\/arduino\/index.php\/produkt\/touch-sensor-touch-switch-module-capacitive-touch-button-ttp223b-digital-sensor-board-compatible-for-arduino\/#breadcrumb\"},\"inLanguage\":\"sk-SK\",\"potentialAction\":[{\"@type\":\"ReadAction\",\"target\":[\"https:\/\/www.onetimenexttime.sk\/arduino\/index.php\/produkt\/touch-sensor-touch-switch-module-capacitive-touch-button-ttp223b-digital-sensor-board-compatible-for-arduino\/\"]}]},{\"@type\":\"ImageObject\",\"inLanguage\":\"sk-SK\",\"@id\":\"https:\/\/www.onetimenexttime.sk\/arduino\/index.php\/produkt\/touch-sensor-touch-switch-module-capacitive-touch-button-ttp223b-digital-sensor-board-compatible-for-arduino\/#primaryimage\",\"url\":\"https:\/\/www.onetimenexttime.sk\/arduino\/wp-content\/uploads\/2021\/11\/17506.jpg\",\"contentUrl\":\"https:\/\/www.onetimenexttime.sk\/arduino\/wp-content\/uploads\/2021\/11\/17506.jpg\",\"width\":528,\"height\":530},{\"@type\":\"BreadcrumbList\",\"@id\":\"https:\/\/www.onetimenexttime.sk\/arduino\/index.php\/produkt\/touch-sensor-touch-switch-module-capacitive-touch-button-ttp223b-digital-sensor-board-compatible-for-arduino\/#breadcrumb\",\"itemListElement\":[{\"@type\":\"ListItem\",\"position\":1,\"name\":\"Domov\",\"item\":\"https:\/\/www.onetimenexttime.sk\/arduino\/\"},{\"@type\":\"ListItem\",\"position\":2,\"name\":\"Obchod\",\"item\":\"https:\/\/www.onetimenexttime.sk\/arduino\/\"},{\"@type\":\"ListItem\",\"position\":3,\"name\":\"Touch Sensor Touch Switch Module Capacitive Touch Button TTP223B Digital Sensor Board Compatible for Arduino\"}]},{\"@type\":\"WebSite\",\"@id\":\"https:\/\/www.onetimenexttime.sk\/arduino\/#website\",\"url\":\"https:\/\/www.onetimenexttime.sk\/arduino\/\",\"name\":\"Arduino e-shop\",\"description\":\"Home Assistant\",\"potentialAction\":[{\"@type\":\"SearchAction\",\"target\":{\"@type\":\"EntryPoint\",\"urlTemplate\":\"https:\/\/www.onetimenexttime.sk\/arduino\/?s={search_term_string}\"},\"query-input\":{\"@type\":\"PropertyValueSpecification\",\"valueRequired\":true,\"valueName\":\"search_term_string\"}}],\"inLanguage\":\"sk-SK\"}]}<\/script>\n<!-- \/ Yoast SEO plugin. -->","yoast_head_json":{"title":"Touch Sensor Touch Switch Module Capacitive Touch Button TTP223B Digital Sensor Board Compatible for Arduino - Arduino e-shop","robots":{"index":"index","follow":"follow","max-snippet":"max-snippet:-1","max-image-preview":"max-image-preview:large","max-video-preview":"max-video-preview:-1"},"canonical":"https:\/\/www.onetimenexttime.sk\/arduino\/index.php\/produkt\/touch-sensor-touch-switch-module-capacitive-touch-button-ttp223b-digital-sensor-board-compatible-for-arduino\/","og_locale":"sk_SK","og_type":"article","og_title":"Touch Sensor Touch Switch Module Capacitive Touch Button TTP223B Digital Sensor Board Compatible for Arduino - Arduino e-shop","og_description":"&nbsp; Dotykov\u00fd modul dotykov\u00e9ho sn\u00edma\u010da Kapacitn\u00e9 dotykov\u00e9 tla\u010didlo s digit\u00e1lnym sn\u00edma\u010dom TTP223B Popis Modul dotykov\u00e9ho sp\u00edna\u010da TTP223B je kapacitn\u00fd dotykov\u00fd&hellip;","og_url":"https:\/\/www.onetimenexttime.sk\/arduino\/index.php\/produkt\/touch-sensor-touch-switch-module-capacitive-touch-button-ttp223b-digital-sensor-board-compatible-for-arduino\/","og_site_name":"Arduino e-shop","article_modified_time":"2024-02-22T16:42:05+00:00","og_image":[{"width":528,"height":530,"url":"https:\/\/www.onetimenexttime.sk\/arduino\/wp-content\/uploads\/2021\/11\/17506.jpg","type":"image\/jpeg"}],"twitter_card":"summary_large_image","twitter_misc":{"Predpokladan\u00fd \u010das \u010d\u00edtania":"3 min\u00faty"},"schema":{"@context":"https:\/\/schema.org","@graph":[{"@type":"WebPage","@id":"https:\/\/www.onetimenexttime.sk\/arduino\/index.php\/produkt\/touch-sensor-touch-switch-module-capacitive-touch-button-ttp223b-digital-sensor-board-compatible-for-arduino\/","url":"https:\/\/www.onetimenexttime.sk\/arduino\/index.php\/produkt\/touch-sensor-touch-switch-module-capacitive-touch-button-ttp223b-digital-sensor-board-compatible-for-arduino\/","name":"Touch Sensor Touch Switch Module Capacitive Touch Button TTP223B Digital Sensor Board Compatible for Arduino - Arduino e-shop","isPartOf":{"@id":"https:\/\/www.onetimenexttime.sk\/arduino\/#website"},"primaryImageOfPage":{"@id":"https:\/\/www.onetimenexttime.sk\/arduino\/index.php\/produkt\/touch-sensor-touch-switch-module-capacitive-touch-button-ttp223b-digital-sensor-board-compatible-for-arduino\/#primaryimage"},"image":{"@id":"https:\/\/www.onetimenexttime.sk\/arduino\/index.php\/produkt\/touch-sensor-touch-switch-module-capacitive-touch-button-ttp223b-digital-sensor-board-compatible-for-arduino\/#primaryimage"},"thumbnailUrl":"https:\/\/www.onetimenexttime.sk\/arduino\/wp-content\/uploads\/2021\/11\/17506.jpg","datePublished":"2021-11-16T20:37:19+00:00","dateModified":"2024-02-22T16:42:05+00:00","breadcrumb":{"@id":"https:\/\/www.onetimenexttime.sk\/arduino\/index.php\/produkt\/touch-sensor-touch-switch-module-capacitive-touch-button-ttp223b-digital-sensor-board-compatible-for-arduino\/#breadcrumb"},"inLanguage":"sk-SK","potentialAction":[{"@type":"ReadAction","target":["https:\/\/www.onetimenexttime.sk\/arduino\/index.php\/produkt\/touch-sensor-touch-switch-module-capacitive-touch-button-ttp223b-digital-sensor-board-compatible-for-arduino\/"]}]},{"@type":"ImageObject","inLanguage":"sk-SK","@id":"https:\/\/www.onetimenexttime.sk\/arduino\/index.php\/produkt\/touch-sensor-touch-switch-module-capacitive-touch-button-ttp223b-digital-sensor-board-compatible-for-arduino\/#primaryimage","url":"https:\/\/www.onetimenexttime.sk\/arduino\/wp-content\/uploads\/2021\/11\/17506.jpg","contentUrl":"https:\/\/www.onetimenexttime.sk\/arduino\/wp-content\/uploads\/2021\/11\/17506.jpg","width":528,"height":530},{"@type":"BreadcrumbList","@id":"https:\/\/www.onetimenexttime.sk\/arduino\/index.php\/produkt\/touch-sensor-touch-switch-module-capacitive-touch-button-ttp223b-digital-sensor-board-compatible-for-arduino\/#breadcrumb","itemListElement":[{"@type":"ListItem","position":1,"name":"Domov","item":"https:\/\/www.onetimenexttime.sk\/arduino\/"},{"@type":"ListItem","position":2,"name":"Obchod","item":"https:\/\/www.onetimenexttime.sk\/arduino\/"},{"@type":"ListItem","position":3,"name":"Touch Sensor Touch Switch Module Capacitive Touch Button TTP223B Digital Sensor Board Compatible for Arduino"}]},{"@type":"WebSite","@id":"https:\/\/www.onetimenexttime.sk\/arduino\/#website","url":"https:\/\/www.onetimenexttime.sk\/arduino\/","name":"Arduino e-shop","description":"Home Assistant","potentialAction":[{"@type":"SearchAction","target":{"@type":"EntryPoint","urlTemplate":"https:\/\/www.onetimenexttime.sk\/arduino\/?s={search_term_string}"},"query-input":{"@type":"PropertyValueSpecification","valueRequired":true,"valueName":"search_term_string"}}],"inLanguage":"sk-SK"}]}},"_links":{"self":[{"href":"https:\/\/www.onetimenexttime.sk\/arduino\/index.php\/wp-json\/wp\/v2\/product\/1496"}],"collection":[{"href":"https:\/\/www.onetimenexttime.sk\/arduino\/index.php\/wp-json\/wp\/v2\/product"}],"about":[{"href":"https:\/\/www.onetimenexttime.sk\/arduino\/index.php\/wp-json\/wp\/v2\/types\/product"}],"wp:featuredmedia":[{"embeddable":true,"href":"https:\/\/www.onetimenexttime.sk\/arduino\/index.php\/wp-json\/wp\/v2\/media\/1498"}],"wp:attachment":[{"href":"https:\/\/www.onetimenexttime.sk\/arduino\/index.php\/wp-json\/wp\/v2\/media?parent=1496"}],"wp:term":[{"taxonomy":"product_cat","embeddable":true,"href":"https:\/\/www.onetimenexttime.sk\/arduino\/index.php\/wp-json\/wp\/v2\/product_cat?post=1496"},{"taxonomy":"product_tag","embeddable":true,"href":"https:\/\/www.onetimenexttime.sk\/arduino\/index.php\/wp-json\/wp\/v2\/product_tag?post=1496"}],"curies":[{"name":"wp","href":"https:\/\/api.w.org\/{rel}","templated":true}]}}