{"id":1494,"date":"2021-11-16T20:59:47","date_gmt":"2021-11-16T19:59:47","guid":{"rendered":"https:\/\/www.onetimenexttime.sk\/arduino\/?post_type=product&#038;p=1494"},"modified":"2021-11-16T21:36:05","modified_gmt":"2021-11-16T20:36:05","slug":"fingers-measuring-detect-heartbeat-sensor-module-ky-039-3pin-mini","status":"publish","type":"product","link":"https:\/\/www.onetimenexttime.sk\/arduino\/index.php\/produkt\/fingers-measuring-detect-heartbeat-sensor-module-ky-039-3pin-mini\/","title":{"rendered":"Fingers Measuring Detect Heartbeat Sensor Module KY-039 3pin Mini"},"content":{"rendered":"<h2>Modul sn\u00edma\u010da srdcov\u00e9ho tepu na meranie prstov KY-039 3pin Mini<\/h2>\n<p>&nbsp;<\/p>\n<p>Tento projekt vyu\u017e\u00edva jasn\u00fa infra\u010derven\u00fa (IR) LED a fototranzistor na detekciu pulzu prsta, pri ka\u017edom pulze blik\u00e1 \u010derven\u00e1 LED.<\/p>\n<p>Pulzn\u00fd monitor funguje nasledovne: LED je sveteln\u00e1 strana prsta a fototranzistor na druhej strane prsta, fototranzistor pou\u017e\u00edvan\u00fd na z\u00edskanie emitovan\u00e9ho toku, ke\u010f krvn\u00fd tlak pulzuje prstom, ke\u010f odpor fototranzistora bude mierne zmenen\u00e9.<\/p>\n<p>Vybrali sme rezistor R1 s ve\u013emi vysok\u00fdm odporom, preto\u017ee v\u00e4\u010d\u0161ina svetla prech\u00e1dzaj\u00faceho prstom je absorbovan\u00e1, je \u017eiaduce, aby bol fototranzistor dostato\u010dne citliv\u00fd. Odpor je mo\u017en\u00e9 zvoli\u0165 experimentom, aby sa dosiahli najlep\u0161ie v\u00fdsledky.<\/p>\n<p>Najd\u00f4le\u017eitej\u0161ie je udr\u017ea\u0165 tienenie rozpt\u00fdlen\u00e9 svetlo do fototranzistora. Pri dom\u00e1com osvetlen\u00ed je to obzvl\u00e1\u0161\u0165 d\u00f4le\u017eit\u00e9, preto\u017ee svetl\u00e1 v dom\u00e1cnosti v\u00e4\u010d\u0161inou 50 Hz alebo 60 Hz kol\u00ed\u0161u, tak\u017ee slab\u00fd tlkot srdca prid\u00e1 zna\u010dn\u00fd hluk.<\/p>\n<p><img loading=\"lazy\" decoding=\"async\" class=\"wp-image-240166 jetpack-lazy-image entered lazyloaded jetpack-lazy-image--handled alignleft\" src=\"https:\/\/www.thegeekpub.com\/wp-content\/uploads\/2019\/07\/KY-039-heartbeat-sensor-pinout.jpg?is-pending-load=1\" sizes=\"(max-width: 638px) 100vw, 638px\" srcset=\"https:\/\/www.thegeekpub.com\/wp-content\/uploads\/2019\/07\/KY-039-heartbeat-sensor-pinout.jpg 943w, https:\/\/www.thegeekpub.com\/wp-content\/uploads\/2019\/07\/KY-039-heartbeat-sensor-pinout-600x376.jpg 600w, https:\/\/www.thegeekpub.com\/wp-content\/uploads\/2019\/07\/KY-039-heartbeat-sensor-pinout-300x188.jpg 300w, https:\/\/www.thegeekpub.com\/wp-content\/uploads\/2019\/07\/KY-039-heartbeat-sensor-pinout-768x481.jpg 768w, https:\/\/www.thegeekpub.com\/wp-content\/uploads\/2019\/07\/KY-039-heartbeat-sensor-pinout-400x250.jpg 400w\" alt=\"KY-039 heartbeat sensor pinout\" width=\"260\" height=\"163\" data-attachment-id=\"240166\" data-permalink=\"https:\/\/www.thegeekpub.com\/wiki\/sensor-wiki-ky-039-heartbeat-sensor\/ky-039-heartbeat-sensor-pinout\/\" data-orig-file=\"https:\/\/www.thegeekpub.com\/wp-content\/uploads\/2019\/07\/KY-039-heartbeat-sensor-pinout.jpg\" data-orig-size=\"943,591\" data-comments-opened=\"1\" data-image-meta=\"{&quot;aperture&quot;:&quot;0&quot;,&quot;credit&quot;:&quot;&quot;,&quot;camera&quot;:&quot;&quot;,&quot;caption&quot;:&quot;&quot;,&quot;created_timestamp&quot;:&quot;0&quot;,&quot;copyright&quot;:&quot;&quot;,&quot;focal_length&quot;:&quot;0&quot;,&quot;iso&quot;:&quot;0&quot;,&quot;shutter_speed&quot;:&quot;0&quot;,&quot;title&quot;:&quot;&quot;,&quot;orientation&quot;:&quot;0&quot;}\" data-image-title=\"KY-039 heartbeat sensor pinout\" data-image-description=\"\" data-image-caption=\"\" data-medium-file=\"https:\/\/www.thegeekpub.com\/wp-content\/uploads\/2019\/07\/KY-039-heartbeat-sensor-pinout-300x188.jpg\" data-large-file=\"https:\/\/www.thegeekpub.com\/wp-content\/uploads\/2019\/07\/KY-039-heartbeat-sensor-pinout.jpg\" data-ll-status=\"loaded\" data-lazy-loaded=\"1\" \/><\/p>\n<p>&nbsp;<\/p>\n<p>&nbsp;<\/p>\n<p>&nbsp;<\/p>\n<p>&nbsp;<\/p>\n<p>&nbsp;<\/p>\n<p>&nbsp;<\/p>\n<p>\/\/ Pulse Monitor Test Script<br \/>\nint ledPin = 13;<br \/>\nint sensorPin = A0;<br \/>\ndouble alpha = 0.75;<br \/>\nint period = 200;<br \/>\ndouble change = 0.0;<\/p>\n<p>void setup ()<br \/>\n{<br \/>\npinMode (ledPin, OUTPUT);<br \/>\nSerial.begin (115200);<br \/>\n}<\/p>\n<p>void loop ()<br \/>\n{<br \/>\nstatic double oldValue = 0;<br \/>\nstatic double oldChange = 0;<br \/>\nint rawValue = analogRead (sensorPin);<br \/>\ndouble value = alpha * oldValue + (1 &#8211; alpha) * rawValue;<\/p>\n<p>Serial.print (rawValue);<br \/>\nSerial.print (&#8220;,&#8221;);<br \/>\nSerial.println (value);<br \/>\noldValue = value;<br \/>\ndelay (period);<br \/>\n}<\/p>\n<p>&nbsp;<\/p>\n<p>&nbsp;<\/p>\n<p>&nbsp;<\/p>\n<p>&nbsp;<\/p>\n<p>&nbsp;<\/p>\n<p><iframe loading=\"lazy\" title=\"KY-039 Heart Rate Sensor Micro:bit: Measuring Pulse\" width=\"1140\" height=\"641\" src=\"https:\/\/www.youtube.com\/embed\/WX5UVeu_t7Y?feature=oembed\" frameborder=\"0\" allow=\"accelerometer; autoplay; clipboard-write; encrypted-media; gyroscope; picture-in-picture; web-share\" referrerpolicy=\"strict-origin-when-cross-origin\" allowfullscreen><\/iframe><\/p>\n<p>&nbsp;<\/p>\n","protected":false},"excerpt":{"rendered":"<p>Modul sn\u00edma\u010da srdcov\u00e9ho tepu na meranie prstov KY-039 3pin Mini &nbsp; Tento projekt vyu\u017e\u00edva jasn\u00fa infra\u010derven\u00fa (IR) LED a fototranzistor&hellip;<\/p>\n","protected":false},"featured_media":1495,"template":"","meta":{"_monsterinsights_skip_tracking":false,"_monsterinsights_sitenote_active":false,"_monsterinsights_sitenote_note":"","_monsterinsights_sitenote_category":0},"product_cat":[16,74,69],"product_tag":[],"class_list":{"0":"post-1494","1":"product","2":"type-product","3":"status-publish","4":"has-post-thumbnail","6":"product_cat-ard","7":"product_cat-ir","8":"product_cat-sensors","10":"first","11":"instock","12":"shipping-taxable","13":"purchasable","14":"product-type-simple"},"yoast_head":"<!-- This site is optimized with the Yoast SEO plugin v23.6 - https:\/\/yoast.com\/wordpress\/plugins\/seo\/ -->\n<title>Fingers Measuring Detect Heartbeat Sensor Module KY-039 3pin Mini - Arduino e-shop<\/title>\n<meta name=\"robots\" content=\"index, follow, max-snippet:-1, max-image-preview:large, max-video-preview:-1\" \/>\n<link rel=\"canonical\" href=\"https:\/\/www.onetimenexttime.sk\/arduino\/index.php\/produkt\/fingers-measuring-detect-heartbeat-sensor-module-ky-039-3pin-mini\/\" \/>\n<meta property=\"og:locale\" content=\"sk_SK\" \/>\n<meta property=\"og:type\" content=\"article\" \/>\n<meta property=\"og:title\" content=\"Fingers Measuring Detect Heartbeat Sensor Module KY-039 3pin Mini - Arduino e-shop\" \/>\n<meta property=\"og:description\" content=\"Modul sn\u00edma\u010da srdcov\u00e9ho tepu na meranie prstov KY-039 3pin Mini &nbsp; Tento projekt vyu\u017e\u00edva jasn\u00fa infra\u010derven\u00fa (IR) LED a fototranzistor&hellip;\" \/>\n<meta property=\"og:url\" content=\"https:\/\/www.onetimenexttime.sk\/arduino\/index.php\/produkt\/fingers-measuring-detect-heartbeat-sensor-module-ky-039-3pin-mini\/\" \/>\n<meta property=\"og:site_name\" content=\"Arduino e-shop\" \/>\n<meta property=\"article:modified_time\" content=\"2021-11-16T20:36:05+00:00\" \/>\n<meta property=\"og:image\" content=\"https:\/\/www.onetimenexttime.sk\/arduino\/wp-content\/uploads\/2021\/11\/17905.jpg\" \/>\n\t<meta property=\"og:image:width\" content=\"522\" \/>\n\t<meta property=\"og:image:height\" content=\"523\" \/>\n\t<meta property=\"og:image:type\" content=\"image\/jpeg\" \/>\n<meta name=\"twitter:card\" content=\"summary_large_image\" \/>\n<meta name=\"twitter:label1\" content=\"Predpokladan\u00fd \u010das \u010d\u00edtania\" \/>\n\t<meta name=\"twitter:data1\" content=\"2 min\u00faty\" \/>\n<script type=\"application\/ld+json\" class=\"yoast-schema-graph\">{\"@context\":\"https:\/\/schema.org\",\"@graph\":[{\"@type\":\"WebPage\",\"@id\":\"https:\/\/www.onetimenexttime.sk\/arduino\/index.php\/produkt\/fingers-measuring-detect-heartbeat-sensor-module-ky-039-3pin-mini\/\",\"url\":\"https:\/\/www.onetimenexttime.sk\/arduino\/index.php\/produkt\/fingers-measuring-detect-heartbeat-sensor-module-ky-039-3pin-mini\/\",\"name\":\"Fingers Measuring Detect Heartbeat Sensor Module KY-039 3pin Mini - Arduino e-shop\",\"isPartOf\":{\"@id\":\"https:\/\/www.onetimenexttime.sk\/arduino\/#website\"},\"primaryImageOfPage\":{\"@id\":\"https:\/\/www.onetimenexttime.sk\/arduino\/index.php\/produkt\/fingers-measuring-detect-heartbeat-sensor-module-ky-039-3pin-mini\/#primaryimage\"},\"image\":{\"@id\":\"https:\/\/www.onetimenexttime.sk\/arduino\/index.php\/produkt\/fingers-measuring-detect-heartbeat-sensor-module-ky-039-3pin-mini\/#primaryimage\"},\"thumbnailUrl\":\"https:\/\/www.onetimenexttime.sk\/arduino\/wp-content\/uploads\/2021\/11\/17905.jpg\",\"datePublished\":\"2021-11-16T19:59:47+00:00\",\"dateModified\":\"2021-11-16T20:36:05+00:00\",\"breadcrumb\":{\"@id\":\"https:\/\/www.onetimenexttime.sk\/arduino\/index.php\/produkt\/fingers-measuring-detect-heartbeat-sensor-module-ky-039-3pin-mini\/#breadcrumb\"},\"inLanguage\":\"sk-SK\",\"potentialAction\":[{\"@type\":\"ReadAction\",\"target\":[\"https:\/\/www.onetimenexttime.sk\/arduino\/index.php\/produkt\/fingers-measuring-detect-heartbeat-sensor-module-ky-039-3pin-mini\/\"]}]},{\"@type\":\"ImageObject\",\"inLanguage\":\"sk-SK\",\"@id\":\"https:\/\/www.onetimenexttime.sk\/arduino\/index.php\/produkt\/fingers-measuring-detect-heartbeat-sensor-module-ky-039-3pin-mini\/#primaryimage\",\"url\":\"https:\/\/www.onetimenexttime.sk\/arduino\/wp-content\/uploads\/2021\/11\/17905.jpg\",\"contentUrl\":\"https:\/\/www.onetimenexttime.sk\/arduino\/wp-content\/uploads\/2021\/11\/17905.jpg\",\"width\":522,\"height\":523},{\"@type\":\"BreadcrumbList\",\"@id\":\"https:\/\/www.onetimenexttime.sk\/arduino\/index.php\/produkt\/fingers-measuring-detect-heartbeat-sensor-module-ky-039-3pin-mini\/#breadcrumb\",\"itemListElement\":[{\"@type\":\"ListItem\",\"position\":1,\"name\":\"Domov\",\"item\":\"https:\/\/www.onetimenexttime.sk\/arduino\/\"},{\"@type\":\"ListItem\",\"position\":2,\"name\":\"Obchod\",\"item\":\"https:\/\/www.onetimenexttime.sk\/arduino\/\"},{\"@type\":\"ListItem\",\"position\":3,\"name\":\"Fingers Measuring Detect Heartbeat Sensor Module KY-039 3pin Mini\"}]},{\"@type\":\"WebSite\",\"@id\":\"https:\/\/www.onetimenexttime.sk\/arduino\/#website\",\"url\":\"https:\/\/www.onetimenexttime.sk\/arduino\/\",\"name\":\"Arduino e-shop\",\"description\":\"Home Assistant\",\"potentialAction\":[{\"@type\":\"SearchAction\",\"target\":{\"@type\":\"EntryPoint\",\"urlTemplate\":\"https:\/\/www.onetimenexttime.sk\/arduino\/?s={search_term_string}\"},\"query-input\":{\"@type\":\"PropertyValueSpecification\",\"valueRequired\":true,\"valueName\":\"search_term_string\"}}],\"inLanguage\":\"sk-SK\"}]}<\/script>\n<!-- \/ Yoast SEO plugin. -->","yoast_head_json":{"title":"Fingers Measuring Detect Heartbeat Sensor Module KY-039 3pin Mini - Arduino e-shop","robots":{"index":"index","follow":"follow","max-snippet":"max-snippet:-1","max-image-preview":"max-image-preview:large","max-video-preview":"max-video-preview:-1"},"canonical":"https:\/\/www.onetimenexttime.sk\/arduino\/index.php\/produkt\/fingers-measuring-detect-heartbeat-sensor-module-ky-039-3pin-mini\/","og_locale":"sk_SK","og_type":"article","og_title":"Fingers Measuring Detect Heartbeat Sensor Module KY-039 3pin Mini - Arduino e-shop","og_description":"Modul sn\u00edma\u010da srdcov\u00e9ho tepu na meranie prstov KY-039 3pin Mini &nbsp; Tento projekt vyu\u017e\u00edva jasn\u00fa infra\u010derven\u00fa (IR) LED a fototranzistor&hellip;","og_url":"https:\/\/www.onetimenexttime.sk\/arduino\/index.php\/produkt\/fingers-measuring-detect-heartbeat-sensor-module-ky-039-3pin-mini\/","og_site_name":"Arduino e-shop","article_modified_time":"2021-11-16T20:36:05+00:00","og_image":[{"width":522,"height":523,"url":"https:\/\/www.onetimenexttime.sk\/arduino\/wp-content\/uploads\/2021\/11\/17905.jpg","type":"image\/jpeg"}],"twitter_card":"summary_large_image","twitter_misc":{"Predpokladan\u00fd \u010das \u010d\u00edtania":"2 min\u00faty"},"schema":{"@context":"https:\/\/schema.org","@graph":[{"@type":"WebPage","@id":"https:\/\/www.onetimenexttime.sk\/arduino\/index.php\/produkt\/fingers-measuring-detect-heartbeat-sensor-module-ky-039-3pin-mini\/","url":"https:\/\/www.onetimenexttime.sk\/arduino\/index.php\/produkt\/fingers-measuring-detect-heartbeat-sensor-module-ky-039-3pin-mini\/","name":"Fingers Measuring Detect Heartbeat Sensor Module KY-039 3pin Mini - Arduino e-shop","isPartOf":{"@id":"https:\/\/www.onetimenexttime.sk\/arduino\/#website"},"primaryImageOfPage":{"@id":"https:\/\/www.onetimenexttime.sk\/arduino\/index.php\/produkt\/fingers-measuring-detect-heartbeat-sensor-module-ky-039-3pin-mini\/#primaryimage"},"image":{"@id":"https:\/\/www.onetimenexttime.sk\/arduino\/index.php\/produkt\/fingers-measuring-detect-heartbeat-sensor-module-ky-039-3pin-mini\/#primaryimage"},"thumbnailUrl":"https:\/\/www.onetimenexttime.sk\/arduino\/wp-content\/uploads\/2021\/11\/17905.jpg","datePublished":"2021-11-16T19:59:47+00:00","dateModified":"2021-11-16T20:36:05+00:00","breadcrumb":{"@id":"https:\/\/www.onetimenexttime.sk\/arduino\/index.php\/produkt\/fingers-measuring-detect-heartbeat-sensor-module-ky-039-3pin-mini\/#breadcrumb"},"inLanguage":"sk-SK","potentialAction":[{"@type":"ReadAction","target":["https:\/\/www.onetimenexttime.sk\/arduino\/index.php\/produkt\/fingers-measuring-detect-heartbeat-sensor-module-ky-039-3pin-mini\/"]}]},{"@type":"ImageObject","inLanguage":"sk-SK","@id":"https:\/\/www.onetimenexttime.sk\/arduino\/index.php\/produkt\/fingers-measuring-detect-heartbeat-sensor-module-ky-039-3pin-mini\/#primaryimage","url":"https:\/\/www.onetimenexttime.sk\/arduino\/wp-content\/uploads\/2021\/11\/17905.jpg","contentUrl":"https:\/\/www.onetimenexttime.sk\/arduino\/wp-content\/uploads\/2021\/11\/17905.jpg","width":522,"height":523},{"@type":"BreadcrumbList","@id":"https:\/\/www.onetimenexttime.sk\/arduino\/index.php\/produkt\/fingers-measuring-detect-heartbeat-sensor-module-ky-039-3pin-mini\/#breadcrumb","itemListElement":[{"@type":"ListItem","position":1,"name":"Domov","item":"https:\/\/www.onetimenexttime.sk\/arduino\/"},{"@type":"ListItem","position":2,"name":"Obchod","item":"https:\/\/www.onetimenexttime.sk\/arduino\/"},{"@type":"ListItem","position":3,"name":"Fingers Measuring Detect Heartbeat Sensor Module KY-039 3pin Mini"}]},{"@type":"WebSite","@id":"https:\/\/www.onetimenexttime.sk\/arduino\/#website","url":"https:\/\/www.onetimenexttime.sk\/arduino\/","name":"Arduino e-shop","description":"Home Assistant","potentialAction":[{"@type":"SearchAction","target":{"@type":"EntryPoint","urlTemplate":"https:\/\/www.onetimenexttime.sk\/arduino\/?s={search_term_string}"},"query-input":{"@type":"PropertyValueSpecification","valueRequired":true,"valueName":"search_term_string"}}],"inLanguage":"sk-SK"}]}},"_links":{"self":[{"href":"https:\/\/www.onetimenexttime.sk\/arduino\/index.php\/wp-json\/wp\/v2\/product\/1494"}],"collection":[{"href":"https:\/\/www.onetimenexttime.sk\/arduino\/index.php\/wp-json\/wp\/v2\/product"}],"about":[{"href":"https:\/\/www.onetimenexttime.sk\/arduino\/index.php\/wp-json\/wp\/v2\/types\/product"}],"wp:featuredmedia":[{"embeddable":true,"href":"https:\/\/www.onetimenexttime.sk\/arduino\/index.php\/wp-json\/wp\/v2\/media\/1495"}],"wp:attachment":[{"href":"https:\/\/www.onetimenexttime.sk\/arduino\/index.php\/wp-json\/wp\/v2\/media?parent=1494"}],"wp:term":[{"taxonomy":"product_cat","embeddable":true,"href":"https:\/\/www.onetimenexttime.sk\/arduino\/index.php\/wp-json\/wp\/v2\/product_cat?post=1494"},{"taxonomy":"product_tag","embeddable":true,"href":"https:\/\/www.onetimenexttime.sk\/arduino\/index.php\/wp-json\/wp\/v2\/product_tag?post=1494"}],"curies":[{"name":"wp","href":"https:\/\/api.w.org\/{rel}","templated":true}]}}