{"id":1485,"date":"2021-11-16T20:20:41","date_gmt":"2021-11-16T19:20:41","guid":{"rendered":"https:\/\/www.onetimenexttime.sk\/arduino\/?post_type=product&#038;p=1485"},"modified":"2024-02-22T20:11:23","modified_gmt":"2024-02-22T19:11:23","slug":"5-way-flame-sensor-module-digital-analog-output-for-arduino","status":"publish","type":"product","link":"https:\/\/www.onetimenexttime.sk\/arduino\/index.php\/produkt\/5-way-flame-sensor-module-digital-analog-output-for-arduino\/","title":{"rendered":"5 Way Flame Sensor Module Digital Analog Output for Arduino"},"content":{"rendered":"<p>&nbsp;<\/p>\n<p>&nbsp;<\/p>\n<h1>Informa\u010dn\u00e1 str\u00e1nka o senzore Flame Sensor<\/h1>\n<table>\n<tbody>\n<tr>\n<th>Popis<\/th>\n<td>Senzor Flame Sensor je modul pou\u017e\u00edvan\u00fd na detekciu plame\u0148a alebo \u017eiareniu.<\/td>\n<\/tr>\n<tr>\n<th>Vlastnosti<\/th>\n<td>\n<ul>\n<li>Digit\u00e1lny a analogov\u00fd v\u00fdstup<\/li>\n<li>Detekcia plame\u0148a alebo \u017eiareniu<\/li>\n<li>\u013dahk\u00e1 integr\u00e1cia s Arduino<\/li>\n<li>\u0160peci\u00e1lne kon\u0161truovan\u00fd pre detekciu plame\u0148a<\/li>\n<\/ul>\n<\/td>\n<\/tr>\n<tr>\n<th>Pr\u00edklady pou\u017eitia<\/th>\n<td>Senzor Flame Sensor sa \u010dasto pou\u017e\u00edva v po\u017eiarnej detekcii, v inteligentn\u00fdch dom\u00e1cnostiach a v robotike na detekciu oh\u0148a alebo plame\u0148a.<\/td>\n<\/tr>\n<tr>\n<th>ESPHome konfigur\u00e1cia<\/th>\n<td class=\"code\">\n<pre>esphome:\r\n  name: flame_sensor\r\n  platform: ESP8266\r\n  board: nodemcuv2\r\n\r\nwifi:\r\n  ssid: \"VA\u0160E_WIFI_SSID\"\r\n  password: \"VA\u0160E_WIFI_HESLO\"\r\n\r\n# Aktivova\u0165 z\u00e1znamy\r\nlogger:\r\n\r\n# Aktivova\u0165 Home Assistant API\r\napi:\r\n\r\nota:\r\n\r\nsensor:\r\n  - platform: gpio\r\n    pin: D7\r\n    name: \"Flame Sensor\"\r\n    filters:\r\n      - median:\r\n          window_size: 5\r\n      - throttle: 10s\r\n<\/pre>\n<\/td>\n<\/tr>\n<tr>\n<th>Pr\u00edkladov\u00fd k\u00f3d pre Arduino<\/th>\n<td class=\"code\">\n<pre>const int flamePin = 7; \/\/ Priradenie pinu pre senzor plame\u0148a\r\n\r\nvoid setup() {\r\n  Serial.begin(9600);\r\n  pinMode(flamePin, INPUT); \/\/ Nastavenie pinu ako vstup\r\n}\r\n\r\nvoid loop() {\r\n  int flameValue = analogRead(flamePin); \/\/ \u010c\u00edtanie hodnoty zo senzora\r\n\r\n  \/\/ V\u00fdstup hodnoty senzora\r\n  Serial.print(\"Hodnota plame\u0148a: \");\r\n  Serial.println(flameValue);\r\n\r\n  delay(1000); \/\/ Oneskorovanie\r\n}\r\n<\/pre>\n<\/td>\n<\/tr>\n<tr>\n<th>Pr\u00edklad pou\u017eitia<\/th>\n<td>Ak sa zist\u00ed plame\u0148, senzor m\u00f4\u017ee spusti\u0165 s\u00e9riu udalost\u00ed vr\u00e1tane spustenia alarmu, odoslanie upozornenia a zavolanie hasi\u010dskej z\u00e1chrannej slu\u017eby.<\/td>\n<\/tr>\n<tr>\n<th>\u010eal\u0161ie inform\u00e1cie<\/th>\n<td>Na \u00fa\u010dely bezpe\u010dnosti je d\u00f4le\u017eit\u00e9 umiestni\u0165 senzor Flame Sensor na dostato\u010dne vzdialen\u00e9 miesto od mo\u017en\u00fdch ohn\u00edsk alebo plame\u0148a.<\/td>\n<\/tr>\n<\/tbody>\n<\/table>\n<p><button>Skop\u00edrova\u0165 k\u00f3d<\/button><\/p>\n<p><script>\n  function copyCode() {\n    var codeElements = document.querySelectorAll('.code');\n    var codeText = '';\n    codeElements.forEach(function(element) {\n      codeText += element.innerText + '\\n\\n';\n    });\n    navigator.clipboard.writeText(codeText);\n    alert('K\u00f3d bol skop\u00edrovan\u00fd do schr\u00e1nky.');\n  }\n<\/script><\/p>\n<p>&nbsp;<\/p>\n<h2>5-cestn\u00fd modul sn\u00edma\u010da plame\u0148a digit\u00e1lny anal\u00f3gov\u00fd v\u00fdstup pre Arduino<\/h2>\n<p><strong>Popis:<\/strong><br \/>\n1. Dizajn p\u00e4\u0165kan\u00e1lov\u00e9ho sn\u00edma\u010da plame\u0148a, \u0161irok\u00fd rozsah detekcie (rozsah detekcie be\u017en\u00e9ho sn\u00edma\u010da plame\u0148a je pravdepodobne asi 30 \u00b0, ako sa vzdialenos\u0165 zvy\u0161uje, rozsah sa postupne zni\u017euje, rozsah detekcie produktu je v\u00e4\u010d\u0161\u00ed ako 120 \u00b0 )<br \/>\n2. Schopn\u00fd v\u00fdstup digit\u00e1lneho sign\u00e1lu (vysok\u00fd a n\u00edzky), jednoduch\u00e9 pou\u017eitie<br \/>\n3. Schopn\u00fd v\u00fdstup anal\u00f3gov\u00e9ho sign\u00e1lu (nap\u00e4\u0165ov\u00fd sign\u00e1l), merac\u00ed sign\u00e1l m\u00f4\u017ee by\u0165 presnej\u0161ie, pr\u00edle\u017eitosti pre vysok\u00fa presnos\u0165<br \/>\n4. Indik\u00e1tor stavu v\u0161etk\u00fdch piatich v\u00fdstupov, tak\u017ee \u010di u\u017e ladenie alebo prin\u00e1\u0161a ve\u013ek\u00e9 pohodlie pri praktickej aplik\u00e1cii<br \/>\n5. Nastavite\u013en\u00e1 vzdialenos\u0165 detekcie digit\u00e1lneho v\u00fdstupu. Nastavite\u013en\u00e1 citlivos\u0165 anal\u00f3gov\u00e9ho v\u00fdstupu, flexibilnej\u0161\u00ed dizajn<br \/>\n6. Pri pou\u017eit\u00ed 1% odporu je v\u00fdstup sign\u00e1lu presnej\u0161\u00ed, vhodn\u00fd pre potreby vysoko presn\u00e9ho merania<br \/>\n7. Na doske 3 mont\u00e1\u017ene otvory M3 pre jednoduch\u00fa in\u0161tal\u00e1ciu<br \/>\n8. 3,3V-9V nap\u00e1janie a je kompatibiln\u00e9 s v\u00e4\u010d\u0161inou syst\u00e9mu SCM<br \/>\n9. N\u00e1plas\u0165ov\u00e9 zariadenia pou\u017e\u00edvan\u00e9 vo v\u0161etk\u00fdch procesoch automatick\u00e9ho zv\u00e1rania SMT, spo\u013eahliv\u00e9 vo vojenskej kvalite<\/p>\n<p><strong>Pracovn\u00fd princ\u00edp :<\/strong><br \/>\nV\u00fdrobok je schopn\u00fd detekova\u0165 p\u00e1smo plame\u0148a v rozsahu 700-1100 nm, kr\u00e1tkovlnn\u00e9 bl\u00edzke infra\u010derven\u00e9 (SW-NIR) a je na v\u00fdstupe cez elektrick\u00fd sign\u00e1l (nap\u00e4\u0165ov\u00fd sign\u00e1l).<\/p>\n<p>Aplik\u00e1cia pr\u00edle\u017eitost\u00ed:<br \/>\nV\u0161etky pr\u00edle\u017eitosti vy\u017eaduj\u00fa detekciu plame\u0148a<\/p>\n<p><strong>Pr\u00edpad pou\u017eitia:<\/strong><br \/>\nBojov\u00fd robot<br \/>\nPo\u017eiarny hl\u00e1si\u010d<\/p>\n<p>________________________________________<\/p>\n<p><strong>V tomto n\u00e1vode uvid\u00edme, ako funguje modul sn\u00edma\u010da plame\u0148a a ako ho m\u00f4\u017eeme prepoji\u0165 s arduino UNO, aby sme mohli ovl\u00e1da\u0165 efekt zapa\u013eova\u010da alebo in\u00e9ho zdroja plame\u0148a. tak za\u010dnime<\/strong><\/p>\n<p>Pripojenie anal\u00f3gov\u00fdch kol\u00edkov<br \/>\nNajprv sa budeme zaobera\u0165 anal\u00f3gov\u00fdm kol\u00edkom ozna\u010den\u00fdm ako (A1, A2, A3, A4 a A5) na 5-cestnom sn\u00edma\u010di plame\u0148a, tak\u017ee ich pripojte k pr\u00edslu\u0161n\u00fdm kol\u00edkom na doske arduino, ako je zn\u00e1zornen\u00e9 ni\u017e\u0161ie.<br \/>\nPo pripojen\u00ed hardv\u00e9ru sme pripraven\u00ed otestova\u0165 a zisti\u0165, ako m\u00f4\u017eeme ovl\u00e1da\u0165 n\u00e1\u0161 sn\u00edma\u010d plame\u0148a pomocou arduina.<\/p>\n<p>Vytvorenie n\u00e1\u010drtu a testovanie cricuit<br \/>\nVzorov\u00fd n\u00e1\u010drt si m\u00f4\u017eete stiahnu\u0165 <a href=\"https:\/\/github.com\/thinkrobotics\/SAMPLE_CODE\/tree\/master\/ELECTRONIC_COMPONENTS\/ELC1067\">here<\/a>,, po jeho otvoren\u00ed a odovzdan\u00ed do arduino dosky po nahran\u00ed n\u00e1\u010drtu otvorte svoj s\u00e9riov\u00fd monitor. Za\u010dnete z\u00edskava\u0165 hodnoty, ako je uveden\u00e9 ni\u017e\u0161ie.<br \/>\nZakryte 5-cestn\u00fd sn\u00edma\u010d plame\u0148a pomocou \u0161katule alebo r\u00fak, aby stmavol. Vid\u00edte, \u017ee hodnoty klesaj\u00fa, ako je uveden\u00e9 ni\u017e\u0161ie.<br \/>\nAle ke\u010f je svetlo, senzor za\u010dne zvy\u0161ova\u0165 hodnoty<\/p>\n<p>Pripojenie digit\u00e1lnych kol\u00edkov<br \/>\nTeraz m\u00e1me \u010do do \u010dinenia s digit\u00e1lnym digit\u00e1lnym sign\u00e1lom, ktor\u00fd nem\u00e1 hodnotu, \u010do znamen\u00e1, \u017ee m\u00e1 dva stavy (HIGH a LOW alebo ON a OFF), tak\u017ee pripojte digit\u00e1lne kol\u00edky, ako je zn\u00e1zornen\u00e9 ni\u017e\u0161ie<br \/>\nPo pripojen\u00ed obvodu uvid\u00edme, ako syst\u00e9m funguje<\/p>\n<p>Vytvorenie n\u00e1\u010drtu a testovanie<br \/>\nStiahnite si vzorov\u00fd n\u00e1\u010drt tu, otvorte ho a nahrajte na svoju arduino dosku. Otvorte svoj s\u00e9riov\u00fd monitor pod\u013ea prostredia a zabudovan\u00fd potenciometer, ktor\u00fd v\u00e1m senzor ozn\u00e1mi. Pre m\u0148a kv\u00f4li svetlu spr\u00e1va uv\u00e1dza \u201eTHERE IS FIRE\u201c, \u010do znamen\u00e1, \u017ee je plame\u0148, ako je zn\u00e1zornen\u00e9 ni\u017e\u0161ie.<br \/>\nKe\u010f je tma, senzor uvid\u00ed hl\u00e1senie \u201eNO FIRE\u201c. To znamen\u00e1, \u017ee nedoch\u00e1dza k vysok\u00e9mu plame\u0148u, ako je zn\u00e1zornen\u00e9 ni\u017e\u0161ie<\/p>\n<p><strong>Aanal\u00f3gov\u00fd vzorov\u00fd n\u00e1\u010drt<\/strong><\/p>\n<p>\/\/ lowest and highest sensor readings:<br \/>\nconst int sensorMin = 0; \/\/ sensor minimum<br \/>\nconst int sensorMax = 1024; \/\/ sensor maximum<\/p>\n<p>void setup() {<br \/>\n\/\/ initialize serial communication @ 9600 baud:<br \/>\nSerial.begin(9600);<br \/>\n}<br \/>\nvoid loop() {<br \/>\n\/\/ read the sensor on analog A0:<br \/>\nint sensorReading = analogRead(A0);<br \/>\n\/\/ map the sensor range (four options):<br \/>\n\/\/ ex: &#8216;long int map(long int, long int, long int, long int, long int)&#8217;<br \/>\nint range = map(sensorReading, sensorMin, sensorMax, 0, 3);<\/p>\n<p>\/\/ range value:<br \/>\nswitch (range) {<br \/>\ncase 0: \/\/ A fire closer than 1.5 feet away.<br \/>\nSerial.println(&#8220;** Close Fire **&#8221;);<br \/>\nbreak;<br \/>\ncase 1: \/\/ A fire between 1-3 feet away.<br \/>\nSerial.println(&#8220;** Distant Fire **&#8221;);<br \/>\nbreak;<br \/>\ncase 2: \/\/ No fire detected.<br \/>\nSerial.println(&#8220;No Fire&#8221;);<br \/>\nbreak;<br \/>\n}<br \/>\ndelay(1); \/\/ delay between reads<br \/>\n}<\/p>\n<p>&nbsp;<\/p>\n<p>&nbsp;<\/p>\n<p><iframe loading=\"lazy\" title=\"120 deg flame sensor New Way\" width=\"1140\" height=\"855\" src=\"https:\/\/www.youtube.com\/embed\/3nZiCPOtZYk?feature=oembed\" frameborder=\"0\" allow=\"accelerometer; autoplay; clipboard-write; encrypted-media; gyroscope; picture-in-picture; web-share\" allowfullscreen><\/iframe><\/p>\n","protected":false},"excerpt":{"rendered":"<p>&nbsp; &nbsp; Informa\u010dn\u00e1 str\u00e1nka o senzore Flame Sensor Popis Senzor Flame Sensor je modul pou\u017e\u00edvan\u00fd na detekciu plame\u0148a alebo \u017eiareniu.&hellip;<\/p>\n","protected":false},"featured_media":1486,"template":"","meta":{"_monsterinsights_skip_tracking":false,"_monsterinsights_sitenote_active":false,"_monsterinsights_sitenote_note":"","_monsterinsights_sitenote_category":0},"product_cat":[16,73,74,69],"product_tag":[],"class_list":{"0":"post-1485","1":"product","2":"type-product","3":"status-publish","4":"has-post-thumbnail","6":"product_cat-ard","7":"product_cat-fire","8":"product_cat-ir","9":"product_cat-sensors","11":"first","12":"instock","13":"shipping-taxable","14":"purchasable","15":"product-type-simple"},"yoast_head":"<!-- This site is optimized with the Yoast SEO plugin v23.6 - https:\/\/yoast.com\/wordpress\/plugins\/seo\/ -->\n<title>5 Way Flame Sensor Module Digital Analog Output for Arduino - Arduino e-shop<\/title>\n<meta name=\"robots\" content=\"index, follow, max-snippet:-1, max-image-preview:large, max-video-preview:-1\" \/>\n<link rel=\"canonical\" href=\"https:\/\/www.onetimenexttime.sk\/arduino\/index.php\/produkt\/5-way-flame-sensor-module-digital-analog-output-for-arduino\/\" \/>\n<meta property=\"og:locale\" content=\"sk_SK\" \/>\n<meta property=\"og:type\" content=\"article\" \/>\n<meta property=\"og:title\" content=\"5 Way Flame Sensor Module Digital Analog Output for Arduino - Arduino e-shop\" \/>\n<meta property=\"og:description\" content=\"&nbsp; &nbsp; Informa\u010dn\u00e1 str\u00e1nka o senzore Flame Sensor Popis Senzor Flame Sensor je modul pou\u017e\u00edvan\u00fd na detekciu plame\u0148a alebo \u017eiareniu.&hellip;\" \/>\n<meta property=\"og:url\" content=\"https:\/\/www.onetimenexttime.sk\/arduino\/index.php\/produkt\/5-way-flame-sensor-module-digital-analog-output-for-arduino\/\" \/>\n<meta property=\"og:site_name\" content=\"Arduino e-shop\" \/>\n<meta property=\"article:modified_time\" content=\"2024-02-22T19:11:23+00:00\" \/>\n<meta property=\"og:image\" content=\"https:\/\/www.onetimenexttime.sk\/arduino\/wp-content\/uploads\/2021\/11\/17904.jpg\" \/>\n\t<meta property=\"og:image:width\" content=\"522\" \/>\n\t<meta property=\"og:image:height\" content=\"523\" \/>\n\t<meta property=\"og:image:type\" content=\"image\/jpeg\" \/>\n<meta name=\"twitter:card\" content=\"summary_large_image\" \/>\n<meta name=\"twitter:label1\" content=\"Predpokladan\u00fd \u010das \u010d\u00edtania\" \/>\n\t<meta name=\"twitter:data1\" content=\"4 min\u00faty\" \/>\n<script type=\"application\/ld+json\" class=\"yoast-schema-graph\">{\"@context\":\"https:\/\/schema.org\",\"@graph\":[{\"@type\":\"WebPage\",\"@id\":\"https:\/\/www.onetimenexttime.sk\/arduino\/index.php\/produkt\/5-way-flame-sensor-module-digital-analog-output-for-arduino\/\",\"url\":\"https:\/\/www.onetimenexttime.sk\/arduino\/index.php\/produkt\/5-way-flame-sensor-module-digital-analog-output-for-arduino\/\",\"name\":\"5 Way Flame Sensor Module Digital Analog Output for Arduino - Arduino e-shop\",\"isPartOf\":{\"@id\":\"https:\/\/www.onetimenexttime.sk\/arduino\/#website\"},\"primaryImageOfPage\":{\"@id\":\"https:\/\/www.onetimenexttime.sk\/arduino\/index.php\/produkt\/5-way-flame-sensor-module-digital-analog-output-for-arduino\/#primaryimage\"},\"image\":{\"@id\":\"https:\/\/www.onetimenexttime.sk\/arduino\/index.php\/produkt\/5-way-flame-sensor-module-digital-analog-output-for-arduino\/#primaryimage\"},\"thumbnailUrl\":\"https:\/\/www.onetimenexttime.sk\/arduino\/wp-content\/uploads\/2021\/11\/17904.jpg\",\"datePublished\":\"2021-11-16T19:20:41+00:00\",\"dateModified\":\"2024-02-22T19:11:23+00:00\",\"breadcrumb\":{\"@id\":\"https:\/\/www.onetimenexttime.sk\/arduino\/index.php\/produkt\/5-way-flame-sensor-module-digital-analog-output-for-arduino\/#breadcrumb\"},\"inLanguage\":\"sk-SK\",\"potentialAction\":[{\"@type\":\"ReadAction\",\"target\":[\"https:\/\/www.onetimenexttime.sk\/arduino\/index.php\/produkt\/5-way-flame-sensor-module-digital-analog-output-for-arduino\/\"]}]},{\"@type\":\"ImageObject\",\"inLanguage\":\"sk-SK\",\"@id\":\"https:\/\/www.onetimenexttime.sk\/arduino\/index.php\/produkt\/5-way-flame-sensor-module-digital-analog-output-for-arduino\/#primaryimage\",\"url\":\"https:\/\/www.onetimenexttime.sk\/arduino\/wp-content\/uploads\/2021\/11\/17904.jpg\",\"contentUrl\":\"https:\/\/www.onetimenexttime.sk\/arduino\/wp-content\/uploads\/2021\/11\/17904.jpg\",\"width\":522,\"height\":523},{\"@type\":\"BreadcrumbList\",\"@id\":\"https:\/\/www.onetimenexttime.sk\/arduino\/index.php\/produkt\/5-way-flame-sensor-module-digital-analog-output-for-arduino\/#breadcrumb\",\"itemListElement\":[{\"@type\":\"ListItem\",\"position\":1,\"name\":\"Domov\",\"item\":\"https:\/\/www.onetimenexttime.sk\/arduino\/\"},{\"@type\":\"ListItem\",\"position\":2,\"name\":\"Obchod\",\"item\":\"https:\/\/www.onetimenexttime.sk\/arduino\/\"},{\"@type\":\"ListItem\",\"position\":3,\"name\":\"5 Way Flame Sensor Module Digital Analog Output for Arduino\"}]},{\"@type\":\"WebSite\",\"@id\":\"https:\/\/www.onetimenexttime.sk\/arduino\/#website\",\"url\":\"https:\/\/www.onetimenexttime.sk\/arduino\/\",\"name\":\"Arduino e-shop\",\"description\":\"Home Assistant\",\"potentialAction\":[{\"@type\":\"SearchAction\",\"target\":{\"@type\":\"EntryPoint\",\"urlTemplate\":\"https:\/\/www.onetimenexttime.sk\/arduino\/?s={search_term_string}\"},\"query-input\":{\"@type\":\"PropertyValueSpecification\",\"valueRequired\":true,\"valueName\":\"search_term_string\"}}],\"inLanguage\":\"sk-SK\"}]}<\/script>\n<!-- \/ Yoast SEO plugin. -->","yoast_head_json":{"title":"5 Way Flame Sensor Module Digital Analog Output for Arduino - Arduino e-shop","robots":{"index":"index","follow":"follow","max-snippet":"max-snippet:-1","max-image-preview":"max-image-preview:large","max-video-preview":"max-video-preview:-1"},"canonical":"https:\/\/www.onetimenexttime.sk\/arduino\/index.php\/produkt\/5-way-flame-sensor-module-digital-analog-output-for-arduino\/","og_locale":"sk_SK","og_type":"article","og_title":"5 Way Flame Sensor Module Digital Analog Output for Arduino - Arduino e-shop","og_description":"&nbsp; &nbsp; Informa\u010dn\u00e1 str\u00e1nka o senzore Flame Sensor Popis Senzor Flame Sensor je modul pou\u017e\u00edvan\u00fd na detekciu plame\u0148a alebo \u017eiareniu.&hellip;","og_url":"https:\/\/www.onetimenexttime.sk\/arduino\/index.php\/produkt\/5-way-flame-sensor-module-digital-analog-output-for-arduino\/","og_site_name":"Arduino e-shop","article_modified_time":"2024-02-22T19:11:23+00:00","og_image":[{"width":522,"height":523,"url":"https:\/\/www.onetimenexttime.sk\/arduino\/wp-content\/uploads\/2021\/11\/17904.jpg","type":"image\/jpeg"}],"twitter_card":"summary_large_image","twitter_misc":{"Predpokladan\u00fd \u010das \u010d\u00edtania":"4 min\u00faty"},"schema":{"@context":"https:\/\/schema.org","@graph":[{"@type":"WebPage","@id":"https:\/\/www.onetimenexttime.sk\/arduino\/index.php\/produkt\/5-way-flame-sensor-module-digital-analog-output-for-arduino\/","url":"https:\/\/www.onetimenexttime.sk\/arduino\/index.php\/produkt\/5-way-flame-sensor-module-digital-analog-output-for-arduino\/","name":"5 Way Flame Sensor Module Digital Analog Output for Arduino - Arduino e-shop","isPartOf":{"@id":"https:\/\/www.onetimenexttime.sk\/arduino\/#website"},"primaryImageOfPage":{"@id":"https:\/\/www.onetimenexttime.sk\/arduino\/index.php\/produkt\/5-way-flame-sensor-module-digital-analog-output-for-arduino\/#primaryimage"},"image":{"@id":"https:\/\/www.onetimenexttime.sk\/arduino\/index.php\/produkt\/5-way-flame-sensor-module-digital-analog-output-for-arduino\/#primaryimage"},"thumbnailUrl":"https:\/\/www.onetimenexttime.sk\/arduino\/wp-content\/uploads\/2021\/11\/17904.jpg","datePublished":"2021-11-16T19:20:41+00:00","dateModified":"2024-02-22T19:11:23+00:00","breadcrumb":{"@id":"https:\/\/www.onetimenexttime.sk\/arduino\/index.php\/produkt\/5-way-flame-sensor-module-digital-analog-output-for-arduino\/#breadcrumb"},"inLanguage":"sk-SK","potentialAction":[{"@type":"ReadAction","target":["https:\/\/www.onetimenexttime.sk\/arduino\/index.php\/produkt\/5-way-flame-sensor-module-digital-analog-output-for-arduino\/"]}]},{"@type":"ImageObject","inLanguage":"sk-SK","@id":"https:\/\/www.onetimenexttime.sk\/arduino\/index.php\/produkt\/5-way-flame-sensor-module-digital-analog-output-for-arduino\/#primaryimage","url":"https:\/\/www.onetimenexttime.sk\/arduino\/wp-content\/uploads\/2021\/11\/17904.jpg","contentUrl":"https:\/\/www.onetimenexttime.sk\/arduino\/wp-content\/uploads\/2021\/11\/17904.jpg","width":522,"height":523},{"@type":"BreadcrumbList","@id":"https:\/\/www.onetimenexttime.sk\/arduino\/index.php\/produkt\/5-way-flame-sensor-module-digital-analog-output-for-arduino\/#breadcrumb","itemListElement":[{"@type":"ListItem","position":1,"name":"Domov","item":"https:\/\/www.onetimenexttime.sk\/arduino\/"},{"@type":"ListItem","position":2,"name":"Obchod","item":"https:\/\/www.onetimenexttime.sk\/arduino\/"},{"@type":"ListItem","position":3,"name":"5 Way Flame Sensor Module Digital Analog Output for Arduino"}]},{"@type":"WebSite","@id":"https:\/\/www.onetimenexttime.sk\/arduino\/#website","url":"https:\/\/www.onetimenexttime.sk\/arduino\/","name":"Arduino e-shop","description":"Home Assistant","potentialAction":[{"@type":"SearchAction","target":{"@type":"EntryPoint","urlTemplate":"https:\/\/www.onetimenexttime.sk\/arduino\/?s={search_term_string}"},"query-input":{"@type":"PropertyValueSpecification","valueRequired":true,"valueName":"search_term_string"}}],"inLanguage":"sk-SK"}]}},"_links":{"self":[{"href":"https:\/\/www.onetimenexttime.sk\/arduino\/index.php\/wp-json\/wp\/v2\/product\/1485"}],"collection":[{"href":"https:\/\/www.onetimenexttime.sk\/arduino\/index.php\/wp-json\/wp\/v2\/product"}],"about":[{"href":"https:\/\/www.onetimenexttime.sk\/arduino\/index.php\/wp-json\/wp\/v2\/types\/product"}],"wp:featuredmedia":[{"embeddable":true,"href":"https:\/\/www.onetimenexttime.sk\/arduino\/index.php\/wp-json\/wp\/v2\/media\/1486"}],"wp:attachment":[{"href":"https:\/\/www.onetimenexttime.sk\/arduino\/index.php\/wp-json\/wp\/v2\/media?parent=1485"}],"wp:term":[{"taxonomy":"product_cat","embeddable":true,"href":"https:\/\/www.onetimenexttime.sk\/arduino\/index.php\/wp-json\/wp\/v2\/product_cat?post=1485"},{"taxonomy":"product_tag","embeddable":true,"href":"https:\/\/www.onetimenexttime.sk\/arduino\/index.php\/wp-json\/wp\/v2\/product_tag?post=1485"}],"curies":[{"name":"wp","href":"https:\/\/api.w.org\/{rel}","templated":true}]}}