{"id":1479,"date":"2021-11-16T20:07:55","date_gmt":"2021-11-16T19:07:55","guid":{"rendered":"https:\/\/www.onetimenexttime.sk\/arduino\/?post_type=product&#038;p=1479"},"modified":"2021-11-16T20:14:03","modified_gmt":"2021-11-16T19:14:03","slug":"flame-sensor-module-flame-detection-module-ir-receiver-module-4-wire-760-1100nm-for-arduino","status":"publish","type":"product","link":"https:\/\/www.onetimenexttime.sk\/arduino\/index.php\/produkt\/flame-sensor-module-flame-detection-module-ir-receiver-module-4-wire-760-1100nm-for-arduino\/","title":{"rendered":"Flame Sensor Module Flame Detection Module IR Receiver Module (4-wire) 760-1100nm for Arduino"},"content":{"rendered":"<h2>Modul sn\u00edma\u010da plame\u0148a Modul detekcie plame\u0148a Modul infra\u010derven\u00e9ho prij\u00edma\u010da (4-vodi\u010dov\u00fd) 760-1100nm pre Arduino<\/h2>\n<p>&nbsp;<\/p>\n<p>LM393 4kol\u00edkov\u00fd IR modul sn\u00edma\u010da plame\u0148a Detektor po\u017eiaru Modul infra\u010derven\u00e9ho prij\u00edma\u010da pre arduino s\u00fapravu pre dom\u00e1cich majstrov<\/p>\n<p>&nbsp;<\/p>\n<p><strong>Popis<\/strong><br \/>\n1. Sn\u00edma\u010d plame\u0148a je najcitlivej\u0161\u00ed na plame\u0148 a bude reagova\u0165 aj na be\u017en\u00e9 svetlo, ktor\u00e9 sa be\u017ene pou\u017e\u00edva pri po\u017eiarnom poplachu a na in\u00e9 \u00fa\u010dely.<br \/>\n2. Rozhranie v\u00fdstupu mal\u00e9ho panela m\u00f4\u017ee by\u0165 priamo spojen\u00e9 s IO portom mikrokontrol\u00e9ra.<br \/>\n3. Senzor by mal by\u0165 udr\u017eiavan\u00fd v ur\u010ditej vzdialenosti od plame\u0148a, aby nedo\u0161lo k po\u0161kodeniu senzora v d\u00f4sledku vysokej teploty.<br \/>\n4. Testovacia vzdialenos\u0165 pre plame\u0148 zapa\u013eova\u010da by mala by\u0165 80 cm, \u010d\u00edm v\u00e4\u010d\u0161\u00ed plame\u0148, t\u00fdm v\u00e4\u010d\u0161ia je testovacia vzdialenos\u0165.<br \/>\n5. Re\u017eim anal\u00f3gov\u00e9ho v\u00fdstupu mal\u00fdch dosiek a proces konverzie AD m\u00f4\u017eu pom\u00f4c\u0165 dosiahnu\u0165 vy\u0161\u0161iu presnos\u0165.<\/p>\n<p>1. Dok\u00e1\u017ee detekova\u0165 plame\u0148 alebo svetlo s vlnovou d\u013a\u017ekou v rozsahu 760 nm a\u017e 1100 nm.<br \/>\n2. Uhol detekcie je asi 60 stup\u0148ov, extr\u00e9mne citliv\u00fd na spektrum plame\u0148a.<br \/>\n3. Citlivos\u0165 je nastavite\u013en\u00e1. (zobrazen\u00e9 modr\u00fdm digit\u00e1lnym potenciometrom)<br \/>\n4. V\u00fdstup kompar\u00e1tora s \u010dist\u00fdm sign\u00e1lom, dobr\u00fdm priebehom, silnou jazdnou schopnos\u0165ou viac ako 15 mA.<br \/>\n5. S nastavite\u013en\u00fdm presn\u00fdm potenciometrom na nastavenie citlivosti.<br \/>\n6.Prev\u00e1dzkov\u00e9 nap\u00e4tie:3,3V-5V.<br \/>\n7. V\u00fdstupn\u00e1 forma: DO digit\u00e1lne sp\u00ednacie v\u00fdstupy (0 a 1) a anal\u00f3gov\u00fd nap\u00e4\u0165ov\u00fd v\u00fdstup AO.<br \/>\n8. Pre jednoduch\u00fa in\u0161tal\u00e1ciu je nastaven\u00fd pevn\u00fd otvor pre skrutku.<br \/>\n9. Ve\u013ekos\u0165 dosky plo\u0161n\u00fdch spojov mal\u00fdch dosiek: 3,2 cm * 1,4 cm.<br \/>\n10. Pou\u017eitie kompar\u00e1tora LM393 so \u0161irok\u00fdm nap\u00e4t\u00edm.<\/p>\n","protected":false},"excerpt":{"rendered":"<p>Modul sn\u00edma\u010da plame\u0148a Modul detekcie plame\u0148a Modul infra\u010derven\u00e9ho prij\u00edma\u010da (4-vodi\u010dov\u00fd) 760-1100nm pre Arduino &nbsp; LM393 4kol\u00edkov\u00fd IR modul sn\u00edma\u010da plame\u0148a&hellip;<\/p>\n","protected":false},"featured_media":1480,"template":"","meta":{"_monsterinsights_skip_tracking":false,"_monsterinsights_sitenote_active":false,"_monsterinsights_sitenote_note":"","_monsterinsights_sitenote_category":0},"product_cat":[16,73,74,69],"product_tag":[],"class_list":{"0":"post-1479","1":"product","2":"type-product","3":"status-publish","4":"has-post-thumbnail","6":"product_cat-ard","7":"product_cat-fire","8":"product_cat-ir","9":"product_cat-sensors","11":"first","12":"instock","13":"shipping-taxable","14":"purchasable","15":"product-type-simple"},"yoast_head":"<!-- This site is optimized with the Yoast SEO plugin v23.6 - https:\/\/yoast.com\/wordpress\/plugins\/seo\/ -->\n<title>Flame Sensor Module Flame Detection Module IR Receiver Module (4-wire) 760-1100nm for Arduino - Arduino e-shop<\/title>\n<meta name=\"robots\" content=\"index, follow, max-snippet:-1, max-image-preview:large, max-video-preview:-1\" \/>\n<link rel=\"canonical\" href=\"https:\/\/www.onetimenexttime.sk\/arduino\/index.php\/produkt\/flame-sensor-module-flame-detection-module-ir-receiver-module-4-wire-760-1100nm-for-arduino\/\" \/>\n<meta property=\"og:locale\" content=\"sk_SK\" \/>\n<meta property=\"og:type\" content=\"article\" \/>\n<meta property=\"og:title\" content=\"Flame Sensor Module Flame Detection Module IR Receiver Module (4-wire) 760-1100nm for Arduino - Arduino e-shop\" \/>\n<meta property=\"og:description\" content=\"Modul sn\u00edma\u010da plame\u0148a Modul detekcie plame\u0148a Modul infra\u010derven\u00e9ho prij\u00edma\u010da (4-vodi\u010dov\u00fd) 760-1100nm pre Arduino &nbsp; LM393 4kol\u00edkov\u00fd IR modul sn\u00edma\u010da plame\u0148a&hellip;\" \/>\n<meta property=\"og:url\" content=\"https:\/\/www.onetimenexttime.sk\/arduino\/index.php\/produkt\/flame-sensor-module-flame-detection-module-ir-receiver-module-4-wire-760-1100nm-for-arduino\/\" \/>\n<meta property=\"og:site_name\" content=\"Arduino e-shop\" \/>\n<meta property=\"article:modified_time\" content=\"2021-11-16T19:14:03+00:00\" \/>\n<meta property=\"og:image\" content=\"https:\/\/www.onetimenexttime.sk\/arduino\/wp-content\/uploads\/2021\/11\/17902.jpg\" \/>\n\t<meta property=\"og:image:width\" content=\"522\" \/>\n\t<meta property=\"og:image:height\" content=\"523\" \/>\n\t<meta property=\"og:image:type\" content=\"image\/jpeg\" \/>\n<meta name=\"twitter:card\" content=\"summary_large_image\" \/>\n<meta name=\"twitter:label1\" content=\"Predpokladan\u00fd \u010das \u010d\u00edtania\" \/>\n\t<meta name=\"twitter:data1\" content=\"1 min\u00fata\" \/>\n<script type=\"application\/ld+json\" class=\"yoast-schema-graph\">{\"@context\":\"https:\/\/schema.org\",\"@graph\":[{\"@type\":\"WebPage\",\"@id\":\"https:\/\/www.onetimenexttime.sk\/arduino\/index.php\/produkt\/flame-sensor-module-flame-detection-module-ir-receiver-module-4-wire-760-1100nm-for-arduino\/\",\"url\":\"https:\/\/www.onetimenexttime.sk\/arduino\/index.php\/produkt\/flame-sensor-module-flame-detection-module-ir-receiver-module-4-wire-760-1100nm-for-arduino\/\",\"name\":\"Flame Sensor Module Flame Detection Module IR Receiver Module (4-wire) 760-1100nm for Arduino - Arduino e-shop\",\"isPartOf\":{\"@id\":\"https:\/\/www.onetimenexttime.sk\/arduino\/#website\"},\"primaryImageOfPage\":{\"@id\":\"https:\/\/www.onetimenexttime.sk\/arduino\/index.php\/produkt\/flame-sensor-module-flame-detection-module-ir-receiver-module-4-wire-760-1100nm-for-arduino\/#primaryimage\"},\"image\":{\"@id\":\"https:\/\/www.onetimenexttime.sk\/arduino\/index.php\/produkt\/flame-sensor-module-flame-detection-module-ir-receiver-module-4-wire-760-1100nm-for-arduino\/#primaryimage\"},\"thumbnailUrl\":\"https:\/\/www.onetimenexttime.sk\/arduino\/wp-content\/uploads\/2021\/11\/17902.jpg\",\"datePublished\":\"2021-11-16T19:07:55+00:00\",\"dateModified\":\"2021-11-16T19:14:03+00:00\",\"breadcrumb\":{\"@id\":\"https:\/\/www.onetimenexttime.sk\/arduino\/index.php\/produkt\/flame-sensor-module-flame-detection-module-ir-receiver-module-4-wire-760-1100nm-for-arduino\/#breadcrumb\"},\"inLanguage\":\"sk-SK\",\"potentialAction\":[{\"@type\":\"ReadAction\",\"target\":[\"https:\/\/www.onetimenexttime.sk\/arduino\/index.php\/produkt\/flame-sensor-module-flame-detection-module-ir-receiver-module-4-wire-760-1100nm-for-arduino\/\"]}]},{\"@type\":\"ImageObject\",\"inLanguage\":\"sk-SK\",\"@id\":\"https:\/\/www.onetimenexttime.sk\/arduino\/index.php\/produkt\/flame-sensor-module-flame-detection-module-ir-receiver-module-4-wire-760-1100nm-for-arduino\/#primaryimage\",\"url\":\"https:\/\/www.onetimenexttime.sk\/arduino\/wp-content\/uploads\/2021\/11\/17902.jpg\",\"contentUrl\":\"https:\/\/www.onetimenexttime.sk\/arduino\/wp-content\/uploads\/2021\/11\/17902.jpg\",\"width\":522,\"height\":523},{\"@type\":\"BreadcrumbList\",\"@id\":\"https:\/\/www.onetimenexttime.sk\/arduino\/index.php\/produkt\/flame-sensor-module-flame-detection-module-ir-receiver-module-4-wire-760-1100nm-for-arduino\/#breadcrumb\",\"itemListElement\":[{\"@type\":\"ListItem\",\"position\":1,\"name\":\"Domov\",\"item\":\"https:\/\/www.onetimenexttime.sk\/arduino\/\"},{\"@type\":\"ListItem\",\"position\":2,\"name\":\"Obchod\",\"item\":\"https:\/\/www.onetimenexttime.sk\/arduino\/\"},{\"@type\":\"ListItem\",\"position\":3,\"name\":\"Flame Sensor Module Flame Detection Module IR Receiver Module (4-wire) 760-1100nm for Arduino\"}]},{\"@type\":\"WebSite\",\"@id\":\"https:\/\/www.onetimenexttime.sk\/arduino\/#website\",\"url\":\"https:\/\/www.onetimenexttime.sk\/arduino\/\",\"name\":\"Arduino e-shop\",\"description\":\"Home Assistant\",\"potentialAction\":[{\"@type\":\"SearchAction\",\"target\":{\"@type\":\"EntryPoint\",\"urlTemplate\":\"https:\/\/www.onetimenexttime.sk\/arduino\/?s={search_term_string}\"},\"query-input\":{\"@type\":\"PropertyValueSpecification\",\"valueRequired\":true,\"valueName\":\"search_term_string\"}}],\"inLanguage\":\"sk-SK\"}]}<\/script>\n<!-- \/ Yoast SEO plugin. -->","yoast_head_json":{"title":"Flame Sensor Module Flame Detection Module IR Receiver Module (4-wire) 760-1100nm for Arduino - Arduino e-shop","robots":{"index":"index","follow":"follow","max-snippet":"max-snippet:-1","max-image-preview":"max-image-preview:large","max-video-preview":"max-video-preview:-1"},"canonical":"https:\/\/www.onetimenexttime.sk\/arduino\/index.php\/produkt\/flame-sensor-module-flame-detection-module-ir-receiver-module-4-wire-760-1100nm-for-arduino\/","og_locale":"sk_SK","og_type":"article","og_title":"Flame Sensor Module Flame Detection Module IR Receiver Module (4-wire) 760-1100nm for Arduino - Arduino e-shop","og_description":"Modul sn\u00edma\u010da plame\u0148a Modul detekcie plame\u0148a Modul infra\u010derven\u00e9ho prij\u00edma\u010da (4-vodi\u010dov\u00fd) 760-1100nm pre Arduino &nbsp; LM393 4kol\u00edkov\u00fd IR modul sn\u00edma\u010da plame\u0148a&hellip;","og_url":"https:\/\/www.onetimenexttime.sk\/arduino\/index.php\/produkt\/flame-sensor-module-flame-detection-module-ir-receiver-module-4-wire-760-1100nm-for-arduino\/","og_site_name":"Arduino e-shop","article_modified_time":"2021-11-16T19:14:03+00:00","og_image":[{"width":522,"height":523,"url":"https:\/\/www.onetimenexttime.sk\/arduino\/wp-content\/uploads\/2021\/11\/17902.jpg","type":"image\/jpeg"}],"twitter_card":"summary_large_image","twitter_misc":{"Predpokladan\u00fd \u010das \u010d\u00edtania":"1 min\u00fata"},"schema":{"@context":"https:\/\/schema.org","@graph":[{"@type":"WebPage","@id":"https:\/\/www.onetimenexttime.sk\/arduino\/index.php\/produkt\/flame-sensor-module-flame-detection-module-ir-receiver-module-4-wire-760-1100nm-for-arduino\/","url":"https:\/\/www.onetimenexttime.sk\/arduino\/index.php\/produkt\/flame-sensor-module-flame-detection-module-ir-receiver-module-4-wire-760-1100nm-for-arduino\/","name":"Flame Sensor Module Flame Detection Module IR Receiver Module (4-wire) 760-1100nm for Arduino - Arduino e-shop","isPartOf":{"@id":"https:\/\/www.onetimenexttime.sk\/arduino\/#website"},"primaryImageOfPage":{"@id":"https:\/\/www.onetimenexttime.sk\/arduino\/index.php\/produkt\/flame-sensor-module-flame-detection-module-ir-receiver-module-4-wire-760-1100nm-for-arduino\/#primaryimage"},"image":{"@id":"https:\/\/www.onetimenexttime.sk\/arduino\/index.php\/produkt\/flame-sensor-module-flame-detection-module-ir-receiver-module-4-wire-760-1100nm-for-arduino\/#primaryimage"},"thumbnailUrl":"https:\/\/www.onetimenexttime.sk\/arduino\/wp-content\/uploads\/2021\/11\/17902.jpg","datePublished":"2021-11-16T19:07:55+00:00","dateModified":"2021-11-16T19:14:03+00:00","breadcrumb":{"@id":"https:\/\/www.onetimenexttime.sk\/arduino\/index.php\/produkt\/flame-sensor-module-flame-detection-module-ir-receiver-module-4-wire-760-1100nm-for-arduino\/#breadcrumb"},"inLanguage":"sk-SK","potentialAction":[{"@type":"ReadAction","target":["https:\/\/www.onetimenexttime.sk\/arduino\/index.php\/produkt\/flame-sensor-module-flame-detection-module-ir-receiver-module-4-wire-760-1100nm-for-arduino\/"]}]},{"@type":"ImageObject","inLanguage":"sk-SK","@id":"https:\/\/www.onetimenexttime.sk\/arduino\/index.php\/produkt\/flame-sensor-module-flame-detection-module-ir-receiver-module-4-wire-760-1100nm-for-arduino\/#primaryimage","url":"https:\/\/www.onetimenexttime.sk\/arduino\/wp-content\/uploads\/2021\/11\/17902.jpg","contentUrl":"https:\/\/www.onetimenexttime.sk\/arduino\/wp-content\/uploads\/2021\/11\/17902.jpg","width":522,"height":523},{"@type":"BreadcrumbList","@id":"https:\/\/www.onetimenexttime.sk\/arduino\/index.php\/produkt\/flame-sensor-module-flame-detection-module-ir-receiver-module-4-wire-760-1100nm-for-arduino\/#breadcrumb","itemListElement":[{"@type":"ListItem","position":1,"name":"Domov","item":"https:\/\/www.onetimenexttime.sk\/arduino\/"},{"@type":"ListItem","position":2,"name":"Obchod","item":"https:\/\/www.onetimenexttime.sk\/arduino\/"},{"@type":"ListItem","position":3,"name":"Flame Sensor Module Flame Detection Module IR Receiver Module (4-wire) 760-1100nm for Arduino"}]},{"@type":"WebSite","@id":"https:\/\/www.onetimenexttime.sk\/arduino\/#website","url":"https:\/\/www.onetimenexttime.sk\/arduino\/","name":"Arduino e-shop","description":"Home Assistant","potentialAction":[{"@type":"SearchAction","target":{"@type":"EntryPoint","urlTemplate":"https:\/\/www.onetimenexttime.sk\/arduino\/?s={search_term_string}"},"query-input":{"@type":"PropertyValueSpecification","valueRequired":true,"valueName":"search_term_string"}}],"inLanguage":"sk-SK"}]}},"_links":{"self":[{"href":"https:\/\/www.onetimenexttime.sk\/arduino\/index.php\/wp-json\/wp\/v2\/product\/1479"}],"collection":[{"href":"https:\/\/www.onetimenexttime.sk\/arduino\/index.php\/wp-json\/wp\/v2\/product"}],"about":[{"href":"https:\/\/www.onetimenexttime.sk\/arduino\/index.php\/wp-json\/wp\/v2\/types\/product"}],"wp:featuredmedia":[{"embeddable":true,"href":"https:\/\/www.onetimenexttime.sk\/arduino\/index.php\/wp-json\/wp\/v2\/media\/1480"}],"wp:attachment":[{"href":"https:\/\/www.onetimenexttime.sk\/arduino\/index.php\/wp-json\/wp\/v2\/media?parent=1479"}],"wp:term":[{"taxonomy":"product_cat","embeddable":true,"href":"https:\/\/www.onetimenexttime.sk\/arduino\/index.php\/wp-json\/wp\/v2\/product_cat?post=1479"},{"taxonomy":"product_tag","embeddable":true,"href":"https:\/\/www.onetimenexttime.sk\/arduino\/index.php\/wp-json\/wp\/v2\/product_tag?post=1479"}],"curies":[{"name":"wp","href":"https:\/\/api.w.org\/{rel}","templated":true}]}}