{"id":1475,"date":"2021-11-16T18:56:49","date_gmt":"2021-11-16T17:56:49","guid":{"rendered":"https:\/\/www.onetimenexttime.sk\/arduino\/?post_type=product&#038;p=1475"},"modified":"2024-02-22T18:05:13","modified_gmt":"2024-02-22T17:05:13","slug":"crash-or-collision-switch-sensor-module","status":"publish","type":"product","link":"https:\/\/www.onetimenexttime.sk\/arduino\/index.php\/produkt\/crash-or-collision-switch-sensor-module\/","title":{"rendered":"Crash or collision switch sensor module"},"content":{"rendered":"<p>&nbsp;<\/p>\n<p>&nbsp;<\/p>\n<div id=\"translation\">\n<h3 class=\"gtx-body\">Modul sn\u00edma\u010da n\u00e1razu alebo kol\u00edzie<\/h3>\n<\/div>\n<table>\n<tbody>\n<tr>\n<th>Popis modulu<\/th>\n<td>\n<ol>\n<li>In\u0161tala\u010dn\u00fd modul v popred\u00ed kol\u00edzie, v\u00fdstup modulu n\u00edzky, nedoch\u00e1dza ku kol\u00edzii, vysok\u00fd v\u00fdstup.<\/li>\n<li>Modul vyhraden\u00e9 mont\u00e1\u017ene otvory M3 pre jednoduch\u00e9 upevnenie v malom aute.<\/li>\n<li>Ve\u013ekos\u0165 modulu: 2,5 cm * 1,9 cm.<\/li>\n<li>s prep\u00edna\u010dom svetiel d\u00f4jde ku kol\u00edzii, svetl\u00e1, \u017eiadne kol\u00edzne svetl\u00e1 zhasnut\u00e9.<\/li>\n<\/ol>\n<\/td>\n<\/tr>\n<tr>\n<th>Popis pinov<\/th>\n<td>\n<ol>\n<li>VCC: nap\u00e1janie 3V-12V<\/li>\n<li>GND: potom uzemnenie nap\u00e1jania<\/li>\n<li>OUT: vysok\u00fd a n\u00edzky v\u00fdkon<\/li>\n<\/ol>\n<\/td>\n<\/tr>\n<tr>\n<th>Pr\u00edkladov\u00fd k\u00f3d pre Arduino<\/th>\n<td><code><code><br \/>\nint ledPin = 13;                \/\/ choose the pin for the LED<br \/>\nint inputPin = 2;               \/\/ Connect sensor to input pin 3<\/code><\/code>void setup() {<br \/>\nSerial.begin(9600); \/\/ Init the serial port<br \/>\npinMode(ledPin, OUTPUT); \/\/ declare LED as output<br \/>\npinMode(inputPin, INPUT); \/\/ declare Micro switch as input<br \/>\n}<\/p>\n<p><code><code><\/code><\/code>void loop(){<br \/>\nint val = digitalRead(inputPin); \/\/ read input value<br \/>\nif (val == LOW) { \/\/ check if the input is HIGH<br \/>\ndigitalWrite(ledPin, HIGH); \/\/ turn LED ON<br \/>\nSerial.println(&#8220;Switch Pressed!&#8221;);<br \/>\n} else {<br \/>\ndigitalWrite(ledPin, LOW); \/\/ turn LED OFF<br \/>\n}<br \/>\ndelay(50);<br \/>\n}<\/td>\n<\/tr>\n<tr>\n<th>Pr\u00edkladov\u00fd k\u00f3d pre ESPHome<\/th>\n<td><code><br \/>\nbinary_sensor:<br \/>\n- platform: gpio<br \/>\npin:<br \/>\nnumber: GPIO2<br \/>\nmode: INPUT_PULLUP<br \/>\ninverted: true<br \/>\nname: \"Crash Switch Sensor\"<br \/>\n<\/code><\/td>\n<\/tr>\n<\/tbody>\n<\/table>\n<p><button>Kop\u00edrova\u0165 k\u00f3d<\/button><\/p>\n<p>&nbsp;<\/p>\n<p>&nbsp;<\/p>\n<h2>Modul sn\u00edma\u010da n\u00e1razu alebo kol\u00edzie<\/h2>\n<p>&nbsp;<\/p>\n<p><strong>Popis modulu<\/strong><br \/>\n1.In\u0161tala\u010dn\u00fd modul v popred\u00ed kol\u00edzie, v\u00fdstup modulu n\u00edzky, nedoch\u00e1dza ku kol\u00edzii, vysok\u00fd v\u00fdstup.<br \/>\n2.Modul vyhraden\u00e9 mont\u00e1\u017ene otvory M3 pre jednoduch\u00e9 upevnenie v malom aute.<br \/>\n3. Ve\u013ekos\u0165 modulu: 2,5 cm * 1,9 cm.<br \/>\n4.s prep\u00edna\u010dom svetiel d\u00f4jde ku kol\u00edzii, svetl\u00e1, \u017eiadne kol\u00edzne svetl\u00e1 zhasnut\u00e9.<\/p>\n<p><strong>Popis pinov:<\/strong><br \/>\n1.VCC: nap\u00e1janie 3v-12v<br \/>\n2.GND: potom uzemnenie nap\u00e1jania<br \/>\n3.OUT: vysok\u00fd a n\u00edzky v\u00fdkon<\/p>\n<p><strong>Pr\u00edklad\u00a0 :<\/strong> Ke\u010f modul zaznamen\u00e1 n\u00e1raz, s\u00e9riov\u00fd port vyd\u00e1 \u201eSwitch Pressed!\u201c Medzit\u00fdm sa rozsvieti LED na kol\u00edku 13 dosky UNO.<\/p>\n<pre>int ledPin = 13;                \/\/ choose the pin for the LED\r\nint inputPin = 2;               \/\/ Connect sensor to input pin 3\r\n\r\n\r\nvoid setup() {\r\n  Serial.begin(9600);           \/\/ Init the serial port\r\n\r\n  pinMode(ledPin, OUTPUT);      \/\/ declare LED as output\r\n  pinMode(inputPin, INPUT);     \/\/ declare Micro switch as input\r\n}\r\n\r\nvoid loop(){\r\n  int val = digitalRead(inputPin);  \/\/ read input value\r\n  if (val == LOW) {                \/\/ check if the input is HIGH\r\ndigitalWrite(ledPin, HIGH);      \/\/ turn LED ON\r\nSerial.println(\"Switch Pressed!\");\r\n  } else {\r\n    digitalWrite(ledPin, LOW);     \/\/ turn LED OFF \r\n  }\r\n  delay(50);\r\n}\r\n<\/pre>\n<p>&nbsp;<\/p>\n<p>&nbsp;<\/p>\n<p>&nbsp;<\/p>\n<p><iframe loading=\"lazy\" title=\"S230 - Crash Collision Sensor Detection Module\" width=\"1140\" height=\"641\" src=\"https:\/\/www.youtube.com\/embed\/1yeZcZQk-Y8?feature=oembed\" frameborder=\"0\" allow=\"accelerometer; autoplay; clipboard-write; encrypted-media; gyroscope; picture-in-picture; web-share\" allowfullscreen><\/iframe><\/p>\n","protected":false},"excerpt":{"rendered":"<p>&nbsp; &nbsp; Modul sn\u00edma\u010da n\u00e1razu alebo kol\u00edzie Popis modulu In\u0161tala\u010dn\u00fd modul v popred\u00ed kol\u00edzie, v\u00fdstup modulu n\u00edzky, nedoch\u00e1dza ku kol\u00edzii,&hellip;<\/p>\n","protected":false},"featured_media":1476,"template":"","meta":{"_monsterinsights_skip_tracking":false,"_monsterinsights_sitenote_active":false,"_monsterinsights_sitenote_note":"","_monsterinsights_sitenote_category":0},"product_cat":[16,69,71],"product_tag":[],"class_list":{"0":"post-1475","1":"product","2":"type-product","3":"status-publish","4":"has-post-thumbnail","6":"product_cat-ard","7":"product_cat-sensors","8":"product_cat-vibracie","10":"first","11":"instock","12":"shipping-taxable","13":"purchasable","14":"product-type-simple"},"yoast_head":"<!-- This site is optimized with the Yoast SEO plugin v23.6 - https:\/\/yoast.com\/wordpress\/plugins\/seo\/ -->\n<title>Crash or collision switch sensor module - Arduino e-shop<\/title>\n<meta name=\"robots\" content=\"index, follow, max-snippet:-1, max-image-preview:large, max-video-preview:-1\" \/>\n<link rel=\"canonical\" href=\"https:\/\/www.onetimenexttime.sk\/arduino\/index.php\/produkt\/crash-or-collision-switch-sensor-module\/\" \/>\n<meta property=\"og:locale\" content=\"sk_SK\" \/>\n<meta property=\"og:type\" content=\"article\" \/>\n<meta property=\"og:title\" content=\"Crash or collision switch sensor module - Arduino e-shop\" \/>\n<meta property=\"og:description\" content=\"&nbsp; &nbsp; Modul sn\u00edma\u010da n\u00e1razu alebo kol\u00edzie Popis modulu In\u0161tala\u010dn\u00fd modul v popred\u00ed kol\u00edzie, v\u00fdstup modulu n\u00edzky, nedoch\u00e1dza ku kol\u00edzii,&hellip;\" \/>\n<meta property=\"og:url\" content=\"https:\/\/www.onetimenexttime.sk\/arduino\/index.php\/produkt\/crash-or-collision-switch-sensor-module\/\" \/>\n<meta property=\"og:site_name\" content=\"Arduino e-shop\" \/>\n<meta property=\"article:modified_time\" content=\"2024-02-22T17:05:13+00:00\" \/>\n<meta property=\"og:image\" content=\"https:\/\/www.onetimenexttime.sk\/arduino\/wp-content\/uploads\/2021\/11\/17925.jpg\" \/>\n\t<meta property=\"og:image:width\" content=\"522\" \/>\n\t<meta property=\"og:image:height\" content=\"523\" \/>\n\t<meta property=\"og:image:type\" content=\"image\/jpeg\" \/>\n<meta name=\"twitter:card\" content=\"summary_large_image\" \/>\n<meta name=\"twitter:label1\" content=\"Predpokladan\u00fd \u010das \u010d\u00edtania\" \/>\n\t<meta name=\"twitter:data1\" content=\"2 min\u00faty\" \/>\n<script type=\"application\/ld+json\" class=\"yoast-schema-graph\">{\"@context\":\"https:\/\/schema.org\",\"@graph\":[{\"@type\":\"WebPage\",\"@id\":\"https:\/\/www.onetimenexttime.sk\/arduino\/index.php\/produkt\/crash-or-collision-switch-sensor-module\/\",\"url\":\"https:\/\/www.onetimenexttime.sk\/arduino\/index.php\/produkt\/crash-or-collision-switch-sensor-module\/\",\"name\":\"Crash or collision switch sensor module - Arduino e-shop\",\"isPartOf\":{\"@id\":\"https:\/\/www.onetimenexttime.sk\/arduino\/#website\"},\"primaryImageOfPage\":{\"@id\":\"https:\/\/www.onetimenexttime.sk\/arduino\/index.php\/produkt\/crash-or-collision-switch-sensor-module\/#primaryimage\"},\"image\":{\"@id\":\"https:\/\/www.onetimenexttime.sk\/arduino\/index.php\/produkt\/crash-or-collision-switch-sensor-module\/#primaryimage\"},\"thumbnailUrl\":\"https:\/\/www.onetimenexttime.sk\/arduino\/wp-content\/uploads\/2021\/11\/17925.jpg\",\"datePublished\":\"2021-11-16T17:56:49+00:00\",\"dateModified\":\"2024-02-22T17:05:13+00:00\",\"breadcrumb\":{\"@id\":\"https:\/\/www.onetimenexttime.sk\/arduino\/index.php\/produkt\/crash-or-collision-switch-sensor-module\/#breadcrumb\"},\"inLanguage\":\"sk-SK\",\"potentialAction\":[{\"@type\":\"ReadAction\",\"target\":[\"https:\/\/www.onetimenexttime.sk\/arduino\/index.php\/produkt\/crash-or-collision-switch-sensor-module\/\"]}]},{\"@type\":\"ImageObject\",\"inLanguage\":\"sk-SK\",\"@id\":\"https:\/\/www.onetimenexttime.sk\/arduino\/index.php\/produkt\/crash-or-collision-switch-sensor-module\/#primaryimage\",\"url\":\"https:\/\/www.onetimenexttime.sk\/arduino\/wp-content\/uploads\/2021\/11\/17925.jpg\",\"contentUrl\":\"https:\/\/www.onetimenexttime.sk\/arduino\/wp-content\/uploads\/2021\/11\/17925.jpg\",\"width\":522,\"height\":523},{\"@type\":\"BreadcrumbList\",\"@id\":\"https:\/\/www.onetimenexttime.sk\/arduino\/index.php\/produkt\/crash-or-collision-switch-sensor-module\/#breadcrumb\",\"itemListElement\":[{\"@type\":\"ListItem\",\"position\":1,\"name\":\"Domov\",\"item\":\"https:\/\/www.onetimenexttime.sk\/arduino\/\"},{\"@type\":\"ListItem\",\"position\":2,\"name\":\"Obchod\",\"item\":\"https:\/\/www.onetimenexttime.sk\/arduino\/\"},{\"@type\":\"ListItem\",\"position\":3,\"name\":\"Crash or collision switch sensor module\"}]},{\"@type\":\"WebSite\",\"@id\":\"https:\/\/www.onetimenexttime.sk\/arduino\/#website\",\"url\":\"https:\/\/www.onetimenexttime.sk\/arduino\/\",\"name\":\"Arduino e-shop\",\"description\":\"Home Assistant\",\"potentialAction\":[{\"@type\":\"SearchAction\",\"target\":{\"@type\":\"EntryPoint\",\"urlTemplate\":\"https:\/\/www.onetimenexttime.sk\/arduino\/?s={search_term_string}\"},\"query-input\":{\"@type\":\"PropertyValueSpecification\",\"valueRequired\":true,\"valueName\":\"search_term_string\"}}],\"inLanguage\":\"sk-SK\"}]}<\/script>\n<!-- \/ Yoast SEO plugin. -->","yoast_head_json":{"title":"Crash or collision switch sensor module - Arduino e-shop","robots":{"index":"index","follow":"follow","max-snippet":"max-snippet:-1","max-image-preview":"max-image-preview:large","max-video-preview":"max-video-preview:-1"},"canonical":"https:\/\/www.onetimenexttime.sk\/arduino\/index.php\/produkt\/crash-or-collision-switch-sensor-module\/","og_locale":"sk_SK","og_type":"article","og_title":"Crash or collision switch sensor module - Arduino e-shop","og_description":"&nbsp; &nbsp; Modul sn\u00edma\u010da n\u00e1razu alebo kol\u00edzie Popis modulu In\u0161tala\u010dn\u00fd modul v popred\u00ed kol\u00edzie, v\u00fdstup modulu n\u00edzky, nedoch\u00e1dza ku kol\u00edzii,&hellip;","og_url":"https:\/\/www.onetimenexttime.sk\/arduino\/index.php\/produkt\/crash-or-collision-switch-sensor-module\/","og_site_name":"Arduino e-shop","article_modified_time":"2024-02-22T17:05:13+00:00","og_image":[{"width":522,"height":523,"url":"https:\/\/www.onetimenexttime.sk\/arduino\/wp-content\/uploads\/2021\/11\/17925.jpg","type":"image\/jpeg"}],"twitter_card":"summary_large_image","twitter_misc":{"Predpokladan\u00fd \u010das \u010d\u00edtania":"2 min\u00faty"},"schema":{"@context":"https:\/\/schema.org","@graph":[{"@type":"WebPage","@id":"https:\/\/www.onetimenexttime.sk\/arduino\/index.php\/produkt\/crash-or-collision-switch-sensor-module\/","url":"https:\/\/www.onetimenexttime.sk\/arduino\/index.php\/produkt\/crash-or-collision-switch-sensor-module\/","name":"Crash or collision switch sensor module - Arduino e-shop","isPartOf":{"@id":"https:\/\/www.onetimenexttime.sk\/arduino\/#website"},"primaryImageOfPage":{"@id":"https:\/\/www.onetimenexttime.sk\/arduino\/index.php\/produkt\/crash-or-collision-switch-sensor-module\/#primaryimage"},"image":{"@id":"https:\/\/www.onetimenexttime.sk\/arduino\/index.php\/produkt\/crash-or-collision-switch-sensor-module\/#primaryimage"},"thumbnailUrl":"https:\/\/www.onetimenexttime.sk\/arduino\/wp-content\/uploads\/2021\/11\/17925.jpg","datePublished":"2021-11-16T17:56:49+00:00","dateModified":"2024-02-22T17:05:13+00:00","breadcrumb":{"@id":"https:\/\/www.onetimenexttime.sk\/arduino\/index.php\/produkt\/crash-or-collision-switch-sensor-module\/#breadcrumb"},"inLanguage":"sk-SK","potentialAction":[{"@type":"ReadAction","target":["https:\/\/www.onetimenexttime.sk\/arduino\/index.php\/produkt\/crash-or-collision-switch-sensor-module\/"]}]},{"@type":"ImageObject","inLanguage":"sk-SK","@id":"https:\/\/www.onetimenexttime.sk\/arduino\/index.php\/produkt\/crash-or-collision-switch-sensor-module\/#primaryimage","url":"https:\/\/www.onetimenexttime.sk\/arduino\/wp-content\/uploads\/2021\/11\/17925.jpg","contentUrl":"https:\/\/www.onetimenexttime.sk\/arduino\/wp-content\/uploads\/2021\/11\/17925.jpg","width":522,"height":523},{"@type":"BreadcrumbList","@id":"https:\/\/www.onetimenexttime.sk\/arduino\/index.php\/produkt\/crash-or-collision-switch-sensor-module\/#breadcrumb","itemListElement":[{"@type":"ListItem","position":1,"name":"Domov","item":"https:\/\/www.onetimenexttime.sk\/arduino\/"},{"@type":"ListItem","position":2,"name":"Obchod","item":"https:\/\/www.onetimenexttime.sk\/arduino\/"},{"@type":"ListItem","position":3,"name":"Crash or collision switch sensor module"}]},{"@type":"WebSite","@id":"https:\/\/www.onetimenexttime.sk\/arduino\/#website","url":"https:\/\/www.onetimenexttime.sk\/arduino\/","name":"Arduino e-shop","description":"Home Assistant","potentialAction":[{"@type":"SearchAction","target":{"@type":"EntryPoint","urlTemplate":"https:\/\/www.onetimenexttime.sk\/arduino\/?s={search_term_string}"},"query-input":{"@type":"PropertyValueSpecification","valueRequired":true,"valueName":"search_term_string"}}],"inLanguage":"sk-SK"}]}},"_links":{"self":[{"href":"https:\/\/www.onetimenexttime.sk\/arduino\/index.php\/wp-json\/wp\/v2\/product\/1475"}],"collection":[{"href":"https:\/\/www.onetimenexttime.sk\/arduino\/index.php\/wp-json\/wp\/v2\/product"}],"about":[{"href":"https:\/\/www.onetimenexttime.sk\/arduino\/index.php\/wp-json\/wp\/v2\/types\/product"}],"wp:featuredmedia":[{"embeddable":true,"href":"https:\/\/www.onetimenexttime.sk\/arduino\/index.php\/wp-json\/wp\/v2\/media\/1476"}],"wp:attachment":[{"href":"https:\/\/www.onetimenexttime.sk\/arduino\/index.php\/wp-json\/wp\/v2\/media?parent=1475"}],"wp:term":[{"taxonomy":"product_cat","embeddable":true,"href":"https:\/\/www.onetimenexttime.sk\/arduino\/index.php\/wp-json\/wp\/v2\/product_cat?post=1475"},{"taxonomy":"product_tag","embeddable":true,"href":"https:\/\/www.onetimenexttime.sk\/arduino\/index.php\/wp-json\/wp\/v2\/product_tag?post=1475"}],"curies":[{"name":"wp","href":"https:\/\/api.w.org\/{rel}","templated":true}]}}