{"id":1470,"date":"2021-11-16T18:30:49","date_gmt":"2021-11-16T17:30:49","guid":{"rendered":"https:\/\/www.onetimenexttime.sk\/arduino\/?post_type=product&#038;p=1470"},"modified":"2021-11-16T18:37:12","modified_gmt":"2021-11-16T17:37:12","slug":"tilt-sensor-module-switch-microcontroller-electronic-building-blocks-smart-robot-for-arduino-diy-kit","status":"publish","type":"product","link":"https:\/\/www.onetimenexttime.sk\/arduino\/index.php\/produkt\/tilt-sensor-module-switch-microcontroller-electronic-building-blocks-smart-robot-for-arduino-diy-kit\/","title":{"rendered":"Tilt Sensor Module Switch Microcontroller Electronic Building Blocks Smart Robot for arduino Diy Kit"},"content":{"rendered":"<h2>Sp\u00edna\u010d modulu sn\u00edma\u010da naklonenia Mikrokontrol\u00e9r Elektronick\u00e9 stavebn\u00e9 bloky Inteligentn\u00fd robot pre Arduino<\/h2>\n<p>&nbsp;<\/p>\n<p>V\u00fdmena sn\u00edma\u010da dok\u00e1\u017ee sn\u00edma\u0165 uhol objektu<\/p>\n<p>Pracovn\u00e9 nap\u00e4tie 3,3V-5V<\/p>\n<p>Prep\u00edna\u010d v\u00fdstupu digit\u00e1lneho v\u00fdstupu (0 a 1)<\/p>\n<p>Pevn\u00e9 otvory pre skrutky, jednoduch\u00e1 in\u0161tal\u00e1cia<\/p>\n<p>Ve\u013ekos\u0165 malej dosky plo\u0161n\u00fdch spojov: 3 cm * 1,6 cm<\/p>\n<p>&nbsp;<\/p>\n<p>Sn\u00edma\u010d n\u00e1klonu pou\u017e\u00edva origin\u00e1lny sp\u00edna\u010d n\u00e1klonu MEC SW-460D, vysok\u00e1 citlivos\u0165, zmena sa zvy\u010dajne pou\u017e\u00edva na detekciu uhla.<\/p>\n<p>Modul bez uhla sklonu alebo sklonu nedosahuje prednastaven\u00fd prah, v\u00fdstup DO portu je vysok\u00fd, ke\u010f uhol sklonu sn\u00edma\u010da prekro\u010d\u00ed prednastaven\u00fd prah, v\u00fdstup modulu D0 je n\u00edzky;<\/p>\n<p>Mal\u00fd digit\u00e1lny v\u00fdstup D0 m\u00f4\u017ee by\u0165 priamo spojen\u00fd s MCU, MCU na detekciu zmien \u00farovne, a t\u00fdm na detekciu uhla objektov;<\/p>\n<p>Mal\u00fd digit\u00e1lny v\u00fdstup DO m\u00f4\u017ee priamo riadi\u0165 rel\u00e9ov\u00fd modul, ktor\u00fd m\u00f4\u017ee tvori\u0165 prep\u00edna\u010d sklonu;<\/p>\n<p>&nbsp;<\/p>\n<p><iframe loading=\"lazy\" title=\"Capteur d\u2019inclinaison MEC SW-460D\" width=\"1140\" height=\"641\" src=\"https:\/\/www.youtube.com\/embed\/X6RP7bk-KX4?feature=oembed\" frameborder=\"0\" allow=\"accelerometer; autoplay; clipboard-write; encrypted-media; gyroscope; picture-in-picture\" allowfullscreen><\/iframe><\/p>\n","protected":false},"excerpt":{"rendered":"<p>Sp\u00edna\u010d modulu sn\u00edma\u010da naklonenia Mikrokontrol\u00e9r Elektronick\u00e9 stavebn\u00e9 bloky Inteligentn\u00fd robot pre Arduino &nbsp; V\u00fdmena sn\u00edma\u010da dok\u00e1\u017ee sn\u00edma\u0165 uhol objektu Pracovn\u00e9&hellip;<\/p>\n","protected":false},"featured_media":1471,"template":"","meta":{"_monsterinsights_skip_tracking":false,"_monsterinsights_sitenote_active":false,"_monsterinsights_sitenote_note":"","_monsterinsights_sitenote_category":0},"product_cat":[16,69,71],"product_tag":[],"class_list":{"0":"post-1470","1":"product","2":"type-product","3":"status-publish","4":"has-post-thumbnail","6":"product_cat-ard","7":"product_cat-sensors","8":"product_cat-vibracie","10":"first","11":"instock","12":"shipping-taxable","13":"purchasable","14":"product-type-simple"},"yoast_head":"<!-- This site is optimized with the Yoast SEO plugin v23.6 - https:\/\/yoast.com\/wordpress\/plugins\/seo\/ -->\n<title>Tilt Sensor Module Switch Microcontroller Electronic Building Blocks Smart Robot for arduino Diy Kit - Arduino e-shop<\/title>\n<meta name=\"robots\" content=\"index, follow, max-snippet:-1, max-image-preview:large, max-video-preview:-1\" \/>\n<link rel=\"canonical\" href=\"https:\/\/www.onetimenexttime.sk\/arduino\/index.php\/produkt\/tilt-sensor-module-switch-microcontroller-electronic-building-blocks-smart-robot-for-arduino-diy-kit\/\" \/>\n<meta property=\"og:locale\" content=\"sk_SK\" \/>\n<meta property=\"og:type\" content=\"article\" \/>\n<meta property=\"og:title\" content=\"Tilt Sensor Module Switch Microcontroller Electronic Building Blocks Smart Robot for arduino Diy Kit - Arduino e-shop\" \/>\n<meta property=\"og:description\" content=\"Sp\u00edna\u010d modulu sn\u00edma\u010da naklonenia Mikrokontrol\u00e9r Elektronick\u00e9 stavebn\u00e9 bloky Inteligentn\u00fd robot pre Arduino &nbsp; V\u00fdmena sn\u00edma\u010da dok\u00e1\u017ee sn\u00edma\u0165 uhol objektu Pracovn\u00e9&hellip;\" \/>\n<meta property=\"og:url\" content=\"https:\/\/www.onetimenexttime.sk\/arduino\/index.php\/produkt\/tilt-sensor-module-switch-microcontroller-electronic-building-blocks-smart-robot-for-arduino-diy-kit\/\" \/>\n<meta property=\"og:site_name\" content=\"Arduino e-shop\" \/>\n<meta property=\"article:modified_time\" content=\"2021-11-16T17:37:12+00:00\" \/>\n<meta property=\"og:image\" content=\"https:\/\/www.onetimenexttime.sk\/arduino\/wp-content\/uploads\/2021\/11\/17959.jpg\" \/>\n\t<meta property=\"og:image:width\" content=\"522\" \/>\n\t<meta property=\"og:image:height\" content=\"523\" \/>\n\t<meta property=\"og:image:type\" content=\"image\/jpeg\" \/>\n<meta name=\"twitter:card\" content=\"summary_large_image\" \/>\n<meta name=\"twitter:label1\" content=\"Predpokladan\u00fd \u010das \u010d\u00edtania\" \/>\n\t<meta name=\"twitter:data1\" content=\"1 min\u00fata\" \/>\n<script type=\"application\/ld+json\" class=\"yoast-schema-graph\">{\"@context\":\"https:\/\/schema.org\",\"@graph\":[{\"@type\":\"WebPage\",\"@id\":\"https:\/\/www.onetimenexttime.sk\/arduino\/index.php\/produkt\/tilt-sensor-module-switch-microcontroller-electronic-building-blocks-smart-robot-for-arduino-diy-kit\/\",\"url\":\"https:\/\/www.onetimenexttime.sk\/arduino\/index.php\/produkt\/tilt-sensor-module-switch-microcontroller-electronic-building-blocks-smart-robot-for-arduino-diy-kit\/\",\"name\":\"Tilt Sensor Module Switch Microcontroller Electronic Building Blocks Smart Robot for arduino Diy Kit - Arduino e-shop\",\"isPartOf\":{\"@id\":\"https:\/\/www.onetimenexttime.sk\/arduino\/#website\"},\"primaryImageOfPage\":{\"@id\":\"https:\/\/www.onetimenexttime.sk\/arduino\/index.php\/produkt\/tilt-sensor-module-switch-microcontroller-electronic-building-blocks-smart-robot-for-arduino-diy-kit\/#primaryimage\"},\"image\":{\"@id\":\"https:\/\/www.onetimenexttime.sk\/arduino\/index.php\/produkt\/tilt-sensor-module-switch-microcontroller-electronic-building-blocks-smart-robot-for-arduino-diy-kit\/#primaryimage\"},\"thumbnailUrl\":\"https:\/\/www.onetimenexttime.sk\/arduino\/wp-content\/uploads\/2021\/11\/17959.jpg\",\"datePublished\":\"2021-11-16T17:30:49+00:00\",\"dateModified\":\"2021-11-16T17:37:12+00:00\",\"breadcrumb\":{\"@id\":\"https:\/\/www.onetimenexttime.sk\/arduino\/index.php\/produkt\/tilt-sensor-module-switch-microcontroller-electronic-building-blocks-smart-robot-for-arduino-diy-kit\/#breadcrumb\"},\"inLanguage\":\"sk-SK\",\"potentialAction\":[{\"@type\":\"ReadAction\",\"target\":[\"https:\/\/www.onetimenexttime.sk\/arduino\/index.php\/produkt\/tilt-sensor-module-switch-microcontroller-electronic-building-blocks-smart-robot-for-arduino-diy-kit\/\"]}]},{\"@type\":\"ImageObject\",\"inLanguage\":\"sk-SK\",\"@id\":\"https:\/\/www.onetimenexttime.sk\/arduino\/index.php\/produkt\/tilt-sensor-module-switch-microcontroller-electronic-building-blocks-smart-robot-for-arduino-diy-kit\/#primaryimage\",\"url\":\"https:\/\/www.onetimenexttime.sk\/arduino\/wp-content\/uploads\/2021\/11\/17959.jpg\",\"contentUrl\":\"https:\/\/www.onetimenexttime.sk\/arduino\/wp-content\/uploads\/2021\/11\/17959.jpg\",\"width\":522,\"height\":523},{\"@type\":\"BreadcrumbList\",\"@id\":\"https:\/\/www.onetimenexttime.sk\/arduino\/index.php\/produkt\/tilt-sensor-module-switch-microcontroller-electronic-building-blocks-smart-robot-for-arduino-diy-kit\/#breadcrumb\",\"itemListElement\":[{\"@type\":\"ListItem\",\"position\":1,\"name\":\"Domov\",\"item\":\"https:\/\/www.onetimenexttime.sk\/arduino\/\"},{\"@type\":\"ListItem\",\"position\":2,\"name\":\"Obchod\",\"item\":\"https:\/\/www.onetimenexttime.sk\/arduino\/\"},{\"@type\":\"ListItem\",\"position\":3,\"name\":\"Tilt Sensor Module Switch Microcontroller Electronic Building Blocks Smart Robot for arduino Diy Kit\"}]},{\"@type\":\"WebSite\",\"@id\":\"https:\/\/www.onetimenexttime.sk\/arduino\/#website\",\"url\":\"https:\/\/www.onetimenexttime.sk\/arduino\/\",\"name\":\"Arduino e-shop\",\"description\":\"Home Assistant\",\"potentialAction\":[{\"@type\":\"SearchAction\",\"target\":{\"@type\":\"EntryPoint\",\"urlTemplate\":\"https:\/\/www.onetimenexttime.sk\/arduino\/?s={search_term_string}\"},\"query-input\":{\"@type\":\"PropertyValueSpecification\",\"valueRequired\":true,\"valueName\":\"search_term_string\"}}],\"inLanguage\":\"sk-SK\"}]}<\/script>\n<!-- \/ Yoast SEO plugin. -->","yoast_head_json":{"title":"Tilt Sensor Module Switch Microcontroller Electronic Building Blocks Smart Robot for arduino Diy Kit - Arduino e-shop","robots":{"index":"index","follow":"follow","max-snippet":"max-snippet:-1","max-image-preview":"max-image-preview:large","max-video-preview":"max-video-preview:-1"},"canonical":"https:\/\/www.onetimenexttime.sk\/arduino\/index.php\/produkt\/tilt-sensor-module-switch-microcontroller-electronic-building-blocks-smart-robot-for-arduino-diy-kit\/","og_locale":"sk_SK","og_type":"article","og_title":"Tilt Sensor Module Switch Microcontroller Electronic Building Blocks Smart Robot for arduino Diy Kit - Arduino e-shop","og_description":"Sp\u00edna\u010d modulu sn\u00edma\u010da naklonenia Mikrokontrol\u00e9r Elektronick\u00e9 stavebn\u00e9 bloky Inteligentn\u00fd robot pre Arduino &nbsp; V\u00fdmena sn\u00edma\u010da dok\u00e1\u017ee sn\u00edma\u0165 uhol objektu Pracovn\u00e9&hellip;","og_url":"https:\/\/www.onetimenexttime.sk\/arduino\/index.php\/produkt\/tilt-sensor-module-switch-microcontroller-electronic-building-blocks-smart-robot-for-arduino-diy-kit\/","og_site_name":"Arduino e-shop","article_modified_time":"2021-11-16T17:37:12+00:00","og_image":[{"width":522,"height":523,"url":"https:\/\/www.onetimenexttime.sk\/arduino\/wp-content\/uploads\/2021\/11\/17959.jpg","type":"image\/jpeg"}],"twitter_card":"summary_large_image","twitter_misc":{"Predpokladan\u00fd \u010das \u010d\u00edtania":"1 min\u00fata"},"schema":{"@context":"https:\/\/schema.org","@graph":[{"@type":"WebPage","@id":"https:\/\/www.onetimenexttime.sk\/arduino\/index.php\/produkt\/tilt-sensor-module-switch-microcontroller-electronic-building-blocks-smart-robot-for-arduino-diy-kit\/","url":"https:\/\/www.onetimenexttime.sk\/arduino\/index.php\/produkt\/tilt-sensor-module-switch-microcontroller-electronic-building-blocks-smart-robot-for-arduino-diy-kit\/","name":"Tilt Sensor Module Switch Microcontroller Electronic Building Blocks Smart Robot for arduino Diy Kit - Arduino e-shop","isPartOf":{"@id":"https:\/\/www.onetimenexttime.sk\/arduino\/#website"},"primaryImageOfPage":{"@id":"https:\/\/www.onetimenexttime.sk\/arduino\/index.php\/produkt\/tilt-sensor-module-switch-microcontroller-electronic-building-blocks-smart-robot-for-arduino-diy-kit\/#primaryimage"},"image":{"@id":"https:\/\/www.onetimenexttime.sk\/arduino\/index.php\/produkt\/tilt-sensor-module-switch-microcontroller-electronic-building-blocks-smart-robot-for-arduino-diy-kit\/#primaryimage"},"thumbnailUrl":"https:\/\/www.onetimenexttime.sk\/arduino\/wp-content\/uploads\/2021\/11\/17959.jpg","datePublished":"2021-11-16T17:30:49+00:00","dateModified":"2021-11-16T17:37:12+00:00","breadcrumb":{"@id":"https:\/\/www.onetimenexttime.sk\/arduino\/index.php\/produkt\/tilt-sensor-module-switch-microcontroller-electronic-building-blocks-smart-robot-for-arduino-diy-kit\/#breadcrumb"},"inLanguage":"sk-SK","potentialAction":[{"@type":"ReadAction","target":["https:\/\/www.onetimenexttime.sk\/arduino\/index.php\/produkt\/tilt-sensor-module-switch-microcontroller-electronic-building-blocks-smart-robot-for-arduino-diy-kit\/"]}]},{"@type":"ImageObject","inLanguage":"sk-SK","@id":"https:\/\/www.onetimenexttime.sk\/arduino\/index.php\/produkt\/tilt-sensor-module-switch-microcontroller-electronic-building-blocks-smart-robot-for-arduino-diy-kit\/#primaryimage","url":"https:\/\/www.onetimenexttime.sk\/arduino\/wp-content\/uploads\/2021\/11\/17959.jpg","contentUrl":"https:\/\/www.onetimenexttime.sk\/arduino\/wp-content\/uploads\/2021\/11\/17959.jpg","width":522,"height":523},{"@type":"BreadcrumbList","@id":"https:\/\/www.onetimenexttime.sk\/arduino\/index.php\/produkt\/tilt-sensor-module-switch-microcontroller-electronic-building-blocks-smart-robot-for-arduino-diy-kit\/#breadcrumb","itemListElement":[{"@type":"ListItem","position":1,"name":"Domov","item":"https:\/\/www.onetimenexttime.sk\/arduino\/"},{"@type":"ListItem","position":2,"name":"Obchod","item":"https:\/\/www.onetimenexttime.sk\/arduino\/"},{"@type":"ListItem","position":3,"name":"Tilt Sensor Module Switch Microcontroller Electronic Building Blocks Smart Robot for arduino Diy Kit"}]},{"@type":"WebSite","@id":"https:\/\/www.onetimenexttime.sk\/arduino\/#website","url":"https:\/\/www.onetimenexttime.sk\/arduino\/","name":"Arduino e-shop","description":"Home Assistant","potentialAction":[{"@type":"SearchAction","target":{"@type":"EntryPoint","urlTemplate":"https:\/\/www.onetimenexttime.sk\/arduino\/?s={search_term_string}"},"query-input":{"@type":"PropertyValueSpecification","valueRequired":true,"valueName":"search_term_string"}}],"inLanguage":"sk-SK"}]}},"_links":{"self":[{"href":"https:\/\/www.onetimenexttime.sk\/arduino\/index.php\/wp-json\/wp\/v2\/product\/1470"}],"collection":[{"href":"https:\/\/www.onetimenexttime.sk\/arduino\/index.php\/wp-json\/wp\/v2\/product"}],"about":[{"href":"https:\/\/www.onetimenexttime.sk\/arduino\/index.php\/wp-json\/wp\/v2\/types\/product"}],"wp:featuredmedia":[{"embeddable":true,"href":"https:\/\/www.onetimenexttime.sk\/arduino\/index.php\/wp-json\/wp\/v2\/media\/1471"}],"wp:attachment":[{"href":"https:\/\/www.onetimenexttime.sk\/arduino\/index.php\/wp-json\/wp\/v2\/media?parent=1470"}],"wp:term":[{"taxonomy":"product_cat","embeddable":true,"href":"https:\/\/www.onetimenexttime.sk\/arduino\/index.php\/wp-json\/wp\/v2\/product_cat?post=1470"},{"taxonomy":"product_tag","embeddable":true,"href":"https:\/\/www.onetimenexttime.sk\/arduino\/index.php\/wp-json\/wp\/v2\/product_tag?post=1470"}],"curies":[{"name":"wp","href":"https:\/\/api.w.org\/{rel}","templated":true}]}}