{"id":1461,"date":"2021-11-16T17:46:55","date_gmt":"2021-11-16T16:46:55","guid":{"rendered":"https:\/\/www.onetimenexttime.sk\/arduino\/?post_type=product&#038;p=1461"},"modified":"2024-02-22T15:42:48","modified_gmt":"2024-02-22T14:42:48","slug":"3pin-ky-031-percussion-knocking-knock-sensor-module","status":"publish","type":"product","link":"https:\/\/www.onetimenexttime.sk\/arduino\/index.php\/produkt\/3pin-ky-031-percussion-knocking-knock-sensor-module\/","title":{"rendered":"KY-031 Percussion Knocking Knock Sensor Module 3pin"},"content":{"rendered":"<table>\n<tbody>\n<tr>\n<th style=\"text-align: center;\" colspan=\"2\">Modul sn\u00edma\u010da \u00faderov KY-031<\/th>\n<\/tr>\n<tr>\n<td style=\"text-align: center;\" colspan=\"2\"><img decoding=\"async\" src=\"ky-031_sensor.jpg\" alt=\"KY-031 Percussion Knocking Knock Sensor Module\" \/><\/td>\n<\/tr>\n<tr>\n<td><strong>Popis:<\/strong><\/td>\n<td>Modul sn\u00edma\u010da \u00faderov KY-031 je sn\u00edma\u010d, ktor\u00fd detekuje \u00fadery alebo n\u00e1razy na povrchu, na ktor\u00fd je umiestnen\u00fd. Je vybaven\u00fd citliv\u00fdm senzorom, ktor\u00fd reaguje na zmeny v okol\u00ed a generuje sign\u00e1ly, ke\u010f je povrch zachyten\u00fd \u00faderom alebo n\u00e1razom. Tento modul je \u010dasto vyu\u017e\u00edvan\u00fd v projektoch, ktor\u00e9 vy\u017eaduj\u00fa detekciu \u00faderov alebo vibr\u00e1ci\u00ed, ako s\u00fa napr\u00edklad detektory klopkania na dvere, alarmy alebo hra\u010dky so zvukov\u00fdmi efektmi.<\/td>\n<\/tr>\n<tr>\n<td><strong>Funkcie:<\/strong><\/td>\n<td>\n<ul>\n<li>Detekcia \u00faderov a n\u00e1razov<\/li>\n<li>Snadn\u00e1 integr\u00e1cia s Arduinom a in\u00fdmi mikrokontrol\u00e9rmi<\/li>\n<li>Vysok\u00e1 citlivos\u0165 senzora na zmeny vibr\u00e1ci\u00ed<\/li>\n<li>Mal\u00e9 rozmery a jednoduch\u00e1 in\u0161tal\u00e1cia<\/li>\n<li>3-pinov\u00fd konektor pre pohodln\u00e9 pripojenie<\/li>\n<\/ul>\n<\/td>\n<\/tr>\n<tr>\n<td><strong>Parametre:<\/strong><\/td>\n<td>\n<table>\n<tbody>\n<tr>\n<td><strong>Nap\u00e1janie:<\/strong><\/td>\n<td>3.3V &#8211; 5V DC<\/td>\n<\/tr>\n<tr>\n<td><strong>V\u00fdstupn\u00fd sign\u00e1l:<\/strong><\/td>\n<td>Digit\u00e1lny<\/td>\n<\/tr>\n<tr>\n<td><strong>Pinov\u00e1 konfigur\u00e1cia:<\/strong><\/td>\n<td>VCC, GND, OUT<\/td>\n<\/tr>\n<tr>\n<td><strong>Typ sn\u00edma\u010da:<\/strong><\/td>\n<td>Kontaktn\u00fd<\/td>\n<\/tr>\n<tr>\n<td><strong>Rozmery:<\/strong><\/td>\n<td>Pribli\u017ene 30mm x 15mm x 7mm<\/td>\n<\/tr>\n<\/tbody>\n<\/table>\n<\/td>\n<\/tr>\n<tr>\n<td><strong>Pr\u00edkladov\u00fd k\u00f3d:<\/strong><\/td>\n<td>\n<pre lang=\"arduino\">\/\/ K\u00f3d pre detekciu \u00faderov\r\nconst int knockSensorPin = 2; \/\/ Pin, na ktorom je pripojen\u00fd sn\u00edma\u010d \u00faderov\r\nconst int ledPin = 13; \/\/ Pin, na ktorom je pripojen\u00e1 LED\r\nint knockSensorState = 0; \/\/ Premenn\u00e1 pre ukladanie stavu sn\u00edma\u010da \u00faderov\r\nvoid setup() {\r\npinMode(ledPin, OUTPUT); \/\/ Nastavenie LED pinu ako v\u00fdstup\r\nSerial.begin(9600); \/\/ Inicializ\u00e1cia s\u00e9riovej komunik\u00e1cie\r\n}\r\n\r\nvoid loop() {\r\nknockSensorState = digitalRead(knockSensorPin); \/\/ \u010c\u00edtanie stavu sn\u00edma\u010da \u00faderov\r\nif (knockSensorState == HIGH) { \/\/ Ak je detekovan\u00fd \u00fader\r\nSerial.println(\"Knock detected!\"); \/\/ V\u00fdpis spr\u00e1vy na s\u00e9riov\u00fa konzolu\r\ndigitalWrite(ledPin, HIGH); \/\/ Zapnutie LED\r\ndelay(1000); \/\/ Po\u010dk\u00e1 sekundu\r\ndigitalWrite(ledPin, LOW); \/\/ Vypnutie LED\r\n}\r\n}\r\n<\/pre>\n<\/td>\n<\/tr>\n<\/tbody>\n<\/table>\n<h2>KY-031 modul sn\u00edma\u010da perkusn\u00e9ho klepania 3kol\u00edkov\u00fd<\/h2>\n<p><strong>popis :\u00a0<\/strong><br \/>\nModul sn\u00edma\u010da klepania a digit\u00e1lne 13 rozhranie, vstavan\u00e1 LED di\u00f3da vytv\u00e1raj\u00fa jednoduch\u00fd obvod na v\u00fdrobu perkusn\u00e9ho blika\u010da.<br \/>\nRozhranie je dod\u00e1van\u00e9 s digit\u00e1lnou LED di\u00f3dou, digit\u00e1lne 3 rozhranie pripojen\u00e9 k sn\u00edma\u010du klepania, ke\u010f sn\u00edma\u010d perkusi\u00ed sn\u00edma opatrenia na perkusn\u00e9 sign\u00e1ly, LED blik\u00e1.<br \/>\nVe\u013ekos\u0165: 30x18x6mm<\/p>\n<p><strong>Source code:<\/strong><\/p>\n<p>int Led = 13; \/\/ LED on Arduino board<br \/>\nint Shock = 3; \/\/ sensor signal<br \/>\nint val; \/\/ numeric variable to store sensor status<\/p>\n<p>void setup()<br \/>\n{<br \/>\npinMode(Led, OUTPUT); \/\/ define LED as output interface<br \/>\npinMode(Shock, INPUT); \/\/ define input for sensor signal<br \/>\n}<\/p>\n<p>void loop()<br \/>\n{<br \/>\nval = digitalRead(Shock); \/\/ read and assign the value of digital interface 3 to val<br \/>\nif(val == HIGH) \/\/ when sensor detects a signal, the LED flashes<br \/>\n{<br \/>\ndigitalWrite(Led, LOW);<br \/>\n}<br \/>\nelse<br \/>\n{<br \/>\ndigitalWrite(Led, HIGH);<br \/>\n}<br \/>\n}<\/p>\n<p>&nbsp;<\/p>\n","protected":false},"excerpt":{"rendered":"<p>Modul sn\u00edma\u010da \u00faderov KY-031 Popis: Modul sn\u00edma\u010da \u00faderov KY-031 je sn\u00edma\u010d, ktor\u00fd detekuje \u00fadery alebo n\u00e1razy na povrchu, na ktor\u00fd&hellip;<\/p>\n","protected":false},"featured_media":1463,"template":"","meta":{"_monsterinsights_skip_tracking":false,"_monsterinsights_sitenote_active":false,"_monsterinsights_sitenote_note":"","_monsterinsights_sitenote_category":0},"product_cat":[16,69,71],"product_tag":[],"class_list":{"0":"post-1461","1":"product","2":"type-product","3":"status-publish","4":"has-post-thumbnail","6":"product_cat-ard","7":"product_cat-sensors","8":"product_cat-vibracie","10":"first","11":"instock","12":"shipping-taxable","13":"purchasable","14":"product-type-simple"},"yoast_head":"<!-- This site is optimized with the Yoast SEO plugin v23.6 - https:\/\/yoast.com\/wordpress\/plugins\/seo\/ -->\n<title>KY-031 Percussion Knocking Knock Sensor Module 3pin - Arduino e-shop<\/title>\n<meta name=\"robots\" content=\"index, follow, max-snippet:-1, max-image-preview:large, max-video-preview:-1\" \/>\n<link rel=\"canonical\" href=\"https:\/\/www.onetimenexttime.sk\/arduino\/index.php\/produkt\/3pin-ky-031-percussion-knocking-knock-sensor-module\/\" \/>\n<meta property=\"og:locale\" content=\"sk_SK\" \/>\n<meta property=\"og:type\" content=\"article\" \/>\n<meta property=\"og:title\" content=\"KY-031 Percussion Knocking Knock Sensor Module 3pin - Arduino e-shop\" \/>\n<meta property=\"og:description\" content=\"Modul sn\u00edma\u010da \u00faderov KY-031 Popis: Modul sn\u00edma\u010da \u00faderov KY-031 je sn\u00edma\u010d, ktor\u00fd detekuje \u00fadery alebo n\u00e1razy na povrchu, na ktor\u00fd&hellip;\" \/>\n<meta property=\"og:url\" content=\"https:\/\/www.onetimenexttime.sk\/arduino\/index.php\/produkt\/3pin-ky-031-percussion-knocking-knock-sensor-module\/\" \/>\n<meta property=\"og:site_name\" content=\"Arduino e-shop\" \/>\n<meta property=\"article:modified_time\" content=\"2024-02-22T14:42:48+00:00\" \/>\n<meta property=\"og:image\" content=\"https:\/\/www.onetimenexttime.sk\/arduino\/wp-content\/uploads\/2021\/11\/17917.jpg\" \/>\n\t<meta property=\"og:image:width\" content=\"522\" \/>\n\t<meta property=\"og:image:height\" content=\"523\" \/>\n\t<meta property=\"og:image:type\" content=\"image\/jpeg\" \/>\n<meta name=\"twitter:card\" content=\"summary_large_image\" \/>\n<meta name=\"twitter:label1\" content=\"Predpokladan\u00fd \u010das \u010d\u00edtania\" \/>\n\t<meta name=\"twitter:data1\" content=\"1 min\u00fata\" \/>\n<script type=\"application\/ld+json\" class=\"yoast-schema-graph\">{\"@context\":\"https:\/\/schema.org\",\"@graph\":[{\"@type\":\"WebPage\",\"@id\":\"https:\/\/www.onetimenexttime.sk\/arduino\/index.php\/produkt\/3pin-ky-031-percussion-knocking-knock-sensor-module\/\",\"url\":\"https:\/\/www.onetimenexttime.sk\/arduino\/index.php\/produkt\/3pin-ky-031-percussion-knocking-knock-sensor-module\/\",\"name\":\"KY-031 Percussion Knocking Knock Sensor Module 3pin - Arduino e-shop\",\"isPartOf\":{\"@id\":\"https:\/\/www.onetimenexttime.sk\/arduino\/#website\"},\"primaryImageOfPage\":{\"@id\":\"https:\/\/www.onetimenexttime.sk\/arduino\/index.php\/produkt\/3pin-ky-031-percussion-knocking-knock-sensor-module\/#primaryimage\"},\"image\":{\"@id\":\"https:\/\/www.onetimenexttime.sk\/arduino\/index.php\/produkt\/3pin-ky-031-percussion-knocking-knock-sensor-module\/#primaryimage\"},\"thumbnailUrl\":\"https:\/\/www.onetimenexttime.sk\/arduino\/wp-content\/uploads\/2021\/11\/17917.jpg\",\"datePublished\":\"2021-11-16T16:46:55+00:00\",\"dateModified\":\"2024-02-22T14:42:48+00:00\",\"breadcrumb\":{\"@id\":\"https:\/\/www.onetimenexttime.sk\/arduino\/index.php\/produkt\/3pin-ky-031-percussion-knocking-knock-sensor-module\/#breadcrumb\"},\"inLanguage\":\"sk-SK\",\"potentialAction\":[{\"@type\":\"ReadAction\",\"target\":[\"https:\/\/www.onetimenexttime.sk\/arduino\/index.php\/produkt\/3pin-ky-031-percussion-knocking-knock-sensor-module\/\"]}]},{\"@type\":\"ImageObject\",\"inLanguage\":\"sk-SK\",\"@id\":\"https:\/\/www.onetimenexttime.sk\/arduino\/index.php\/produkt\/3pin-ky-031-percussion-knocking-knock-sensor-module\/#primaryimage\",\"url\":\"https:\/\/www.onetimenexttime.sk\/arduino\/wp-content\/uploads\/2021\/11\/17917.jpg\",\"contentUrl\":\"https:\/\/www.onetimenexttime.sk\/arduino\/wp-content\/uploads\/2021\/11\/17917.jpg\",\"width\":522,\"height\":523},{\"@type\":\"BreadcrumbList\",\"@id\":\"https:\/\/www.onetimenexttime.sk\/arduino\/index.php\/produkt\/3pin-ky-031-percussion-knocking-knock-sensor-module\/#breadcrumb\",\"itemListElement\":[{\"@type\":\"ListItem\",\"position\":1,\"name\":\"Domov\",\"item\":\"https:\/\/www.onetimenexttime.sk\/arduino\/\"},{\"@type\":\"ListItem\",\"position\":2,\"name\":\"Obchod\",\"item\":\"https:\/\/www.onetimenexttime.sk\/arduino\/\"},{\"@type\":\"ListItem\",\"position\":3,\"name\":\"KY-031 Percussion Knocking Knock Sensor Module 3pin\"}]},{\"@type\":\"WebSite\",\"@id\":\"https:\/\/www.onetimenexttime.sk\/arduino\/#website\",\"url\":\"https:\/\/www.onetimenexttime.sk\/arduino\/\",\"name\":\"Arduino e-shop\",\"description\":\"Home Assistant\",\"potentialAction\":[{\"@type\":\"SearchAction\",\"target\":{\"@type\":\"EntryPoint\",\"urlTemplate\":\"https:\/\/www.onetimenexttime.sk\/arduino\/?s={search_term_string}\"},\"query-input\":{\"@type\":\"PropertyValueSpecification\",\"valueRequired\":true,\"valueName\":\"search_term_string\"}}],\"inLanguage\":\"sk-SK\"}]}<\/script>\n<!-- \/ Yoast SEO plugin. -->","yoast_head_json":{"title":"KY-031 Percussion Knocking Knock Sensor Module 3pin - Arduino e-shop","robots":{"index":"index","follow":"follow","max-snippet":"max-snippet:-1","max-image-preview":"max-image-preview:large","max-video-preview":"max-video-preview:-1"},"canonical":"https:\/\/www.onetimenexttime.sk\/arduino\/index.php\/produkt\/3pin-ky-031-percussion-knocking-knock-sensor-module\/","og_locale":"sk_SK","og_type":"article","og_title":"KY-031 Percussion Knocking Knock Sensor Module 3pin - Arduino e-shop","og_description":"Modul sn\u00edma\u010da \u00faderov KY-031 Popis: Modul sn\u00edma\u010da \u00faderov KY-031 je sn\u00edma\u010d, ktor\u00fd detekuje \u00fadery alebo n\u00e1razy na povrchu, na ktor\u00fd&hellip;","og_url":"https:\/\/www.onetimenexttime.sk\/arduino\/index.php\/produkt\/3pin-ky-031-percussion-knocking-knock-sensor-module\/","og_site_name":"Arduino e-shop","article_modified_time":"2024-02-22T14:42:48+00:00","og_image":[{"width":522,"height":523,"url":"https:\/\/www.onetimenexttime.sk\/arduino\/wp-content\/uploads\/2021\/11\/17917.jpg","type":"image\/jpeg"}],"twitter_card":"summary_large_image","twitter_misc":{"Predpokladan\u00fd \u010das \u010d\u00edtania":"1 min\u00fata"},"schema":{"@context":"https:\/\/schema.org","@graph":[{"@type":"WebPage","@id":"https:\/\/www.onetimenexttime.sk\/arduino\/index.php\/produkt\/3pin-ky-031-percussion-knocking-knock-sensor-module\/","url":"https:\/\/www.onetimenexttime.sk\/arduino\/index.php\/produkt\/3pin-ky-031-percussion-knocking-knock-sensor-module\/","name":"KY-031 Percussion Knocking Knock Sensor Module 3pin - Arduino e-shop","isPartOf":{"@id":"https:\/\/www.onetimenexttime.sk\/arduino\/#website"},"primaryImageOfPage":{"@id":"https:\/\/www.onetimenexttime.sk\/arduino\/index.php\/produkt\/3pin-ky-031-percussion-knocking-knock-sensor-module\/#primaryimage"},"image":{"@id":"https:\/\/www.onetimenexttime.sk\/arduino\/index.php\/produkt\/3pin-ky-031-percussion-knocking-knock-sensor-module\/#primaryimage"},"thumbnailUrl":"https:\/\/www.onetimenexttime.sk\/arduino\/wp-content\/uploads\/2021\/11\/17917.jpg","datePublished":"2021-11-16T16:46:55+00:00","dateModified":"2024-02-22T14:42:48+00:00","breadcrumb":{"@id":"https:\/\/www.onetimenexttime.sk\/arduino\/index.php\/produkt\/3pin-ky-031-percussion-knocking-knock-sensor-module\/#breadcrumb"},"inLanguage":"sk-SK","potentialAction":[{"@type":"ReadAction","target":["https:\/\/www.onetimenexttime.sk\/arduino\/index.php\/produkt\/3pin-ky-031-percussion-knocking-knock-sensor-module\/"]}]},{"@type":"ImageObject","inLanguage":"sk-SK","@id":"https:\/\/www.onetimenexttime.sk\/arduino\/index.php\/produkt\/3pin-ky-031-percussion-knocking-knock-sensor-module\/#primaryimage","url":"https:\/\/www.onetimenexttime.sk\/arduino\/wp-content\/uploads\/2021\/11\/17917.jpg","contentUrl":"https:\/\/www.onetimenexttime.sk\/arduino\/wp-content\/uploads\/2021\/11\/17917.jpg","width":522,"height":523},{"@type":"BreadcrumbList","@id":"https:\/\/www.onetimenexttime.sk\/arduino\/index.php\/produkt\/3pin-ky-031-percussion-knocking-knock-sensor-module\/#breadcrumb","itemListElement":[{"@type":"ListItem","position":1,"name":"Domov","item":"https:\/\/www.onetimenexttime.sk\/arduino\/"},{"@type":"ListItem","position":2,"name":"Obchod","item":"https:\/\/www.onetimenexttime.sk\/arduino\/"},{"@type":"ListItem","position":3,"name":"KY-031 Percussion Knocking Knock Sensor Module 3pin"}]},{"@type":"WebSite","@id":"https:\/\/www.onetimenexttime.sk\/arduino\/#website","url":"https:\/\/www.onetimenexttime.sk\/arduino\/","name":"Arduino e-shop","description":"Home Assistant","potentialAction":[{"@type":"SearchAction","target":{"@type":"EntryPoint","urlTemplate":"https:\/\/www.onetimenexttime.sk\/arduino\/?s={search_term_string}"},"query-input":{"@type":"PropertyValueSpecification","valueRequired":true,"valueName":"search_term_string"}}],"inLanguage":"sk-SK"}]}},"_links":{"self":[{"href":"https:\/\/www.onetimenexttime.sk\/arduino\/index.php\/wp-json\/wp\/v2\/product\/1461"}],"collection":[{"href":"https:\/\/www.onetimenexttime.sk\/arduino\/index.php\/wp-json\/wp\/v2\/product"}],"about":[{"href":"https:\/\/www.onetimenexttime.sk\/arduino\/index.php\/wp-json\/wp\/v2\/types\/product"}],"wp:featuredmedia":[{"embeddable":true,"href":"https:\/\/www.onetimenexttime.sk\/arduino\/index.php\/wp-json\/wp\/v2\/media\/1463"}],"wp:attachment":[{"href":"https:\/\/www.onetimenexttime.sk\/arduino\/index.php\/wp-json\/wp\/v2\/media?parent=1461"}],"wp:term":[{"taxonomy":"product_cat","embeddable":true,"href":"https:\/\/www.onetimenexttime.sk\/arduino\/index.php\/wp-json\/wp\/v2\/product_cat?post=1461"},{"taxonomy":"product_tag","embeddable":true,"href":"https:\/\/www.onetimenexttime.sk\/arduino\/index.php\/wp-json\/wp\/v2\/product_tag?post=1461"}],"curies":[{"name":"wp","href":"https:\/\/api.w.org\/{rel}","templated":true}]}}