{"id":1459,"date":"2021-11-16T17:13:03","date_gmt":"2021-11-16T16:13:03","guid":{"rendered":"https:\/\/www.onetimenexttime.sk\/arduino\/?post_type=product&#038;p=1459"},"modified":"2021-11-16T19:56:14","modified_gmt":"2021-11-16T18:56:14","slug":"mercury-switch-module-for-arduino-ky-017-sensor","status":"publish","type":"product","link":"https:\/\/www.onetimenexttime.sk\/arduino\/index.php\/produkt\/mercury-switch-module-for-arduino-ky-017-sensor\/","title":{"rendered":"Mercury switch module for arduino KY-017 sensor"},"content":{"rendered":"<h2>Ortu\u0165ov\u00fd sp\u00ednac\u00ed senzor n\u00e1klonu pre arduino KY-017<\/h2>\n<p>&nbsp;<\/p>\n<p>Tieto moduly s\u00fa vyroben\u00e9 z vysoko kvalitn\u00e9ho materi\u00e1lu s jemn\u00fdm spracovan\u00edm a vyzna\u010duj\u00fa sa vysokou pevnos\u0165ou a odolnos\u0165ou pre dlhodob\u00e9 pou\u017e\u00edvanie. S\u00fa tie\u017e stabiln\u00e9 a spo\u013eahliv\u00e9 na v\u00fdkon pre profesion\u00e1lny dizajn. V\u00fdvoj a aplik\u00e1cia vhodn\u00e9ho pou\u017eitia, tieto moduly digit\u00e1lnych sn\u00edma\u010dov teploty s\u00fa skvel\u00e9 pre svojpomocn\u00fd projekt.<\/p>\n<p>&nbsp;<\/p>\n<pre class=\"line-numbers language-arduino\"><code class=\" language-arduino\"><span class=\"token keyword\">int<\/span> led_pin <span class=\"token operator\">=<\/span> <span class=\"token number\">13<\/span><span class=\"token punctuation\">;<\/span><span class=\"token comment\" spellcheck=\"true\"> \/\/ Define the LED interface\r\n<\/span><span class=\"token keyword\">int<\/span> switch_pin <span class=\"token operator\">=<\/span> <span class=\"token number\">3<\/span><span class=\"token punctuation\">;<\/span><span class=\"token comment\" spellcheck=\"true\"> \/\/ Definition of mercury tilt switch sensor interface\r\n<\/span><span class=\"token keyword\">int<\/span> val<span class=\"token punctuation\">;<\/span><span class=\"token comment\" spellcheck=\"true\"> \/\/ Defines a numeric variable\r\n<\/span>\r\n<span class=\"token keyword\">void<\/span> <span class=\"token important\">setup<\/span><span class=\"token punctuation\">(<\/span><span class=\"token punctuation\">)<\/span>\r\n<span class=\"token punctuation\">{<\/span>\r\n\t<span class=\"token selector\">pinMode<\/span><span class=\"token punctuation\">(<\/span>led_pin<span class=\"token punctuation\">,<\/span> <span class=\"token boolean\">OUTPUT<\/span><span class=\"token punctuation\">)<\/span><span class=\"token punctuation\">;<\/span>\r\n\t<span class=\"token selector\">pinMode<\/span><span class=\"token punctuation\">(<\/span>switch_pin<span class=\"token punctuation\">,<\/span> <span class=\"token boolean\">INPUT<\/span><span class=\"token punctuation\">)<\/span><span class=\"token punctuation\">;<\/span>\r\n<span class=\"token punctuation\">}<\/span>\r\n\r\n<span class=\"token keyword\">void<\/span> <span class=\"token important\">loop<\/span><span class=\"token punctuation\">(<\/span><span class=\"token punctuation\">)<\/span>\r\n<span class=\"token punctuation\">{<\/span>\r\n\tval <span class=\"token operator\">=<\/span> <span class=\"token selector\">digitalRead<\/span><span class=\"token punctuation\">(<\/span>switch_pin<span class=\"token punctuation\">)<\/span><span class=\"token punctuation\">;<\/span><span class=\"token comment\" spellcheck=\"true\"> \/\/ check mercury switch state\r\n<\/span>\t<span class=\"token keyword\">if<\/span><span class=\"token punctuation\">(<\/span>val <span class=\"token operator\">==<\/span> <span class=\"token boolean\">HIGH<\/span><span class=\"token punctuation\">)<\/span>\r\n\t<span class=\"token punctuation\">{<\/span>\r\n\t\t<span class=\"token selector\">digitalWrite<\/span><span class=\"token punctuation\">(<\/span>led_pin<span class=\"token punctuation\">,<\/span> <span class=\"token boolean\">HIGH<\/span><span class=\"token punctuation\">)<\/span><span class=\"token punctuation\">;<\/span>\r\n\t<span class=\"token punctuation\">}<\/span>\r\n\t<span class=\"token keyword\">else<\/span>\r\n\t<span class=\"token punctuation\">{<\/span>\r\n\t\t<span class=\"token selector\">digitalWrite<\/span><span class=\"token punctuation\">(<\/span>led_pin<span class=\"token punctuation\">,<\/span> <span class=\"token boolean\">LOW<\/span><span class=\"token punctuation\">)<\/span><span class=\"token punctuation\">;<\/span>\r\n\t<span class=\"token punctuation\">}<\/span>\r\n<span class=\"token punctuation\">}\r\n\r\n<\/span><\/code><\/pre>\n<div class=\"siteorigin-widget-tinymce textwidget\">\n<p>Sch\u00e9ma zapojenia KY-017<\/p>\n<p>Pripojte nap\u00e1jacie vedenie (uprostred) a uzemnenie (-) k +5 a GND. Pripojte sign\u00e1l (S) ku kol\u00edku 3\u00a0na Arduine.<\/p>\n<table style=\"height: 93px;\" width=\"250\">\n<thead>\n<tr>\n<td>KY-017<\/td>\n<td><\/td>\n<\/tr>\n<\/thead>\n<tbody>\n<tr>\n<td>S<\/td>\n<td>Pin\u00a03<\/td>\n<\/tr>\n<tr>\n<td>stred<\/td>\n<td>+5V<\/td>\n<\/tr>\n<tr>\n<td>&#8211;<\/td>\n<td>GND<\/td>\n<\/tr>\n<\/tbody>\n<\/table>\n<\/div>\n<pre class=\"line-numbers language-arduino\"><code class=\" language-arduino\"><\/code><\/pre>\n","protected":false},"excerpt":{"rendered":"<p>Ortu\u0165ov\u00fd sp\u00ednac\u00ed senzor n\u00e1klonu pre arduino KY-017 &nbsp; Tieto moduly s\u00fa vyroben\u00e9 z vysoko kvalitn\u00e9ho materi\u00e1lu s jemn\u00fdm spracovan\u00edm a&hellip;<\/p>\n","protected":false},"featured_media":1460,"template":"","meta":{"_monsterinsights_skip_tracking":false,"_monsterinsights_sitenote_active":false,"_monsterinsights_sitenote_note":"","_monsterinsights_sitenote_category":0},"product_cat":[16,69,71],"product_tag":[],"class_list":{"0":"post-1459","1":"product","2":"type-product","3":"status-publish","4":"has-post-thumbnail","6":"product_cat-ard","7":"product_cat-sensors","8":"product_cat-vibracie","10":"first","11":"instock","12":"shipping-taxable","13":"purchasable","14":"product-type-simple"},"yoast_head":"<!-- This site is optimized with the Yoast SEO plugin v23.6 - https:\/\/yoast.com\/wordpress\/plugins\/seo\/ -->\n<title>Mercury switch module for arduino KY-017 sensor - Arduino e-shop<\/title>\n<meta name=\"robots\" content=\"index, follow, max-snippet:-1, max-image-preview:large, max-video-preview:-1\" \/>\n<link rel=\"canonical\" href=\"https:\/\/www.onetimenexttime.sk\/arduino\/index.php\/produkt\/mercury-switch-module-for-arduino-ky-017-sensor\/\" \/>\n<meta property=\"og:locale\" content=\"sk_SK\" \/>\n<meta property=\"og:type\" content=\"article\" \/>\n<meta property=\"og:title\" content=\"Mercury switch module for arduino KY-017 sensor - Arduino e-shop\" \/>\n<meta property=\"og:description\" content=\"Ortu\u0165ov\u00fd sp\u00ednac\u00ed senzor n\u00e1klonu pre arduino KY-017 &nbsp; Tieto moduly s\u00fa vyroben\u00e9 z vysoko kvalitn\u00e9ho materi\u00e1lu s jemn\u00fdm spracovan\u00edm a&hellip;\" \/>\n<meta property=\"og:url\" content=\"https:\/\/www.onetimenexttime.sk\/arduino\/index.php\/produkt\/mercury-switch-module-for-arduino-ky-017-sensor\/\" \/>\n<meta property=\"og:site_name\" content=\"Arduino e-shop\" \/>\n<meta property=\"article:modified_time\" content=\"2021-11-16T18:56:14+00:00\" \/>\n<meta property=\"og:image\" content=\"https:\/\/www.onetimenexttime.sk\/arduino\/wp-content\/uploads\/2021\/11\/17927.jpg\" \/>\n\t<meta property=\"og:image:width\" content=\"522\" \/>\n\t<meta property=\"og:image:height\" content=\"523\" \/>\n\t<meta property=\"og:image:type\" content=\"image\/jpeg\" \/>\n<meta name=\"twitter:card\" content=\"summary_large_image\" \/>\n<meta name=\"twitter:label1\" content=\"Predpokladan\u00fd \u010das \u010d\u00edtania\" \/>\n\t<meta name=\"twitter:data1\" content=\"1 min\u00fata\" \/>\n<script type=\"application\/ld+json\" class=\"yoast-schema-graph\">{\"@context\":\"https:\/\/schema.org\",\"@graph\":[{\"@type\":\"WebPage\",\"@id\":\"https:\/\/www.onetimenexttime.sk\/arduino\/index.php\/produkt\/mercury-switch-module-for-arduino-ky-017-sensor\/\",\"url\":\"https:\/\/www.onetimenexttime.sk\/arduino\/index.php\/produkt\/mercury-switch-module-for-arduino-ky-017-sensor\/\",\"name\":\"Mercury switch module for arduino KY-017 sensor - Arduino e-shop\",\"isPartOf\":{\"@id\":\"https:\/\/www.onetimenexttime.sk\/arduino\/#website\"},\"primaryImageOfPage\":{\"@id\":\"https:\/\/www.onetimenexttime.sk\/arduino\/index.php\/produkt\/mercury-switch-module-for-arduino-ky-017-sensor\/#primaryimage\"},\"image\":{\"@id\":\"https:\/\/www.onetimenexttime.sk\/arduino\/index.php\/produkt\/mercury-switch-module-for-arduino-ky-017-sensor\/#primaryimage\"},\"thumbnailUrl\":\"https:\/\/www.onetimenexttime.sk\/arduino\/wp-content\/uploads\/2021\/11\/17927.jpg\",\"datePublished\":\"2021-11-16T16:13:03+00:00\",\"dateModified\":\"2021-11-16T18:56:14+00:00\",\"breadcrumb\":{\"@id\":\"https:\/\/www.onetimenexttime.sk\/arduino\/index.php\/produkt\/mercury-switch-module-for-arduino-ky-017-sensor\/#breadcrumb\"},\"inLanguage\":\"sk-SK\",\"potentialAction\":[{\"@type\":\"ReadAction\",\"target\":[\"https:\/\/www.onetimenexttime.sk\/arduino\/index.php\/produkt\/mercury-switch-module-for-arduino-ky-017-sensor\/\"]}]},{\"@type\":\"ImageObject\",\"inLanguage\":\"sk-SK\",\"@id\":\"https:\/\/www.onetimenexttime.sk\/arduino\/index.php\/produkt\/mercury-switch-module-for-arduino-ky-017-sensor\/#primaryimage\",\"url\":\"https:\/\/www.onetimenexttime.sk\/arduino\/wp-content\/uploads\/2021\/11\/17927.jpg\",\"contentUrl\":\"https:\/\/www.onetimenexttime.sk\/arduino\/wp-content\/uploads\/2021\/11\/17927.jpg\",\"width\":522,\"height\":523},{\"@type\":\"BreadcrumbList\",\"@id\":\"https:\/\/www.onetimenexttime.sk\/arduino\/index.php\/produkt\/mercury-switch-module-for-arduino-ky-017-sensor\/#breadcrumb\",\"itemListElement\":[{\"@type\":\"ListItem\",\"position\":1,\"name\":\"Domov\",\"item\":\"https:\/\/www.onetimenexttime.sk\/arduino\/\"},{\"@type\":\"ListItem\",\"position\":2,\"name\":\"Obchod\",\"item\":\"https:\/\/www.onetimenexttime.sk\/arduino\/\"},{\"@type\":\"ListItem\",\"position\":3,\"name\":\"Mercury switch module for arduino KY-017 sensor\"}]},{\"@type\":\"WebSite\",\"@id\":\"https:\/\/www.onetimenexttime.sk\/arduino\/#website\",\"url\":\"https:\/\/www.onetimenexttime.sk\/arduino\/\",\"name\":\"Arduino e-shop\",\"description\":\"Home Assistant\",\"potentialAction\":[{\"@type\":\"SearchAction\",\"target\":{\"@type\":\"EntryPoint\",\"urlTemplate\":\"https:\/\/www.onetimenexttime.sk\/arduino\/?s={search_term_string}\"},\"query-input\":{\"@type\":\"PropertyValueSpecification\",\"valueRequired\":true,\"valueName\":\"search_term_string\"}}],\"inLanguage\":\"sk-SK\"}]}<\/script>\n<!-- \/ Yoast SEO plugin. -->","yoast_head_json":{"title":"Mercury switch module for arduino KY-017 sensor - Arduino e-shop","robots":{"index":"index","follow":"follow","max-snippet":"max-snippet:-1","max-image-preview":"max-image-preview:large","max-video-preview":"max-video-preview:-1"},"canonical":"https:\/\/www.onetimenexttime.sk\/arduino\/index.php\/produkt\/mercury-switch-module-for-arduino-ky-017-sensor\/","og_locale":"sk_SK","og_type":"article","og_title":"Mercury switch module for arduino KY-017 sensor - Arduino e-shop","og_description":"Ortu\u0165ov\u00fd sp\u00ednac\u00ed senzor n\u00e1klonu pre arduino KY-017 &nbsp; Tieto moduly s\u00fa vyroben\u00e9 z vysoko kvalitn\u00e9ho materi\u00e1lu s jemn\u00fdm spracovan\u00edm a&hellip;","og_url":"https:\/\/www.onetimenexttime.sk\/arduino\/index.php\/produkt\/mercury-switch-module-for-arduino-ky-017-sensor\/","og_site_name":"Arduino e-shop","article_modified_time":"2021-11-16T18:56:14+00:00","og_image":[{"width":522,"height":523,"url":"https:\/\/www.onetimenexttime.sk\/arduino\/wp-content\/uploads\/2021\/11\/17927.jpg","type":"image\/jpeg"}],"twitter_card":"summary_large_image","twitter_misc":{"Predpokladan\u00fd \u010das \u010d\u00edtania":"1 min\u00fata"},"schema":{"@context":"https:\/\/schema.org","@graph":[{"@type":"WebPage","@id":"https:\/\/www.onetimenexttime.sk\/arduino\/index.php\/produkt\/mercury-switch-module-for-arduino-ky-017-sensor\/","url":"https:\/\/www.onetimenexttime.sk\/arduino\/index.php\/produkt\/mercury-switch-module-for-arduino-ky-017-sensor\/","name":"Mercury switch module for arduino KY-017 sensor - Arduino e-shop","isPartOf":{"@id":"https:\/\/www.onetimenexttime.sk\/arduino\/#website"},"primaryImageOfPage":{"@id":"https:\/\/www.onetimenexttime.sk\/arduino\/index.php\/produkt\/mercury-switch-module-for-arduino-ky-017-sensor\/#primaryimage"},"image":{"@id":"https:\/\/www.onetimenexttime.sk\/arduino\/index.php\/produkt\/mercury-switch-module-for-arduino-ky-017-sensor\/#primaryimage"},"thumbnailUrl":"https:\/\/www.onetimenexttime.sk\/arduino\/wp-content\/uploads\/2021\/11\/17927.jpg","datePublished":"2021-11-16T16:13:03+00:00","dateModified":"2021-11-16T18:56:14+00:00","breadcrumb":{"@id":"https:\/\/www.onetimenexttime.sk\/arduino\/index.php\/produkt\/mercury-switch-module-for-arduino-ky-017-sensor\/#breadcrumb"},"inLanguage":"sk-SK","potentialAction":[{"@type":"ReadAction","target":["https:\/\/www.onetimenexttime.sk\/arduino\/index.php\/produkt\/mercury-switch-module-for-arduino-ky-017-sensor\/"]}]},{"@type":"ImageObject","inLanguage":"sk-SK","@id":"https:\/\/www.onetimenexttime.sk\/arduino\/index.php\/produkt\/mercury-switch-module-for-arduino-ky-017-sensor\/#primaryimage","url":"https:\/\/www.onetimenexttime.sk\/arduino\/wp-content\/uploads\/2021\/11\/17927.jpg","contentUrl":"https:\/\/www.onetimenexttime.sk\/arduino\/wp-content\/uploads\/2021\/11\/17927.jpg","width":522,"height":523},{"@type":"BreadcrumbList","@id":"https:\/\/www.onetimenexttime.sk\/arduino\/index.php\/produkt\/mercury-switch-module-for-arduino-ky-017-sensor\/#breadcrumb","itemListElement":[{"@type":"ListItem","position":1,"name":"Domov","item":"https:\/\/www.onetimenexttime.sk\/arduino\/"},{"@type":"ListItem","position":2,"name":"Obchod","item":"https:\/\/www.onetimenexttime.sk\/arduino\/"},{"@type":"ListItem","position":3,"name":"Mercury switch module for arduino KY-017 sensor"}]},{"@type":"WebSite","@id":"https:\/\/www.onetimenexttime.sk\/arduino\/#website","url":"https:\/\/www.onetimenexttime.sk\/arduino\/","name":"Arduino e-shop","description":"Home Assistant","potentialAction":[{"@type":"SearchAction","target":{"@type":"EntryPoint","urlTemplate":"https:\/\/www.onetimenexttime.sk\/arduino\/?s={search_term_string}"},"query-input":{"@type":"PropertyValueSpecification","valueRequired":true,"valueName":"search_term_string"}}],"inLanguage":"sk-SK"}]}},"_links":{"self":[{"href":"https:\/\/www.onetimenexttime.sk\/arduino\/index.php\/wp-json\/wp\/v2\/product\/1459"}],"collection":[{"href":"https:\/\/www.onetimenexttime.sk\/arduino\/index.php\/wp-json\/wp\/v2\/product"}],"about":[{"href":"https:\/\/www.onetimenexttime.sk\/arduino\/index.php\/wp-json\/wp\/v2\/types\/product"}],"wp:featuredmedia":[{"embeddable":true,"href":"https:\/\/www.onetimenexttime.sk\/arduino\/index.php\/wp-json\/wp\/v2\/media\/1460"}],"wp:attachment":[{"href":"https:\/\/www.onetimenexttime.sk\/arduino\/index.php\/wp-json\/wp\/v2\/media?parent=1459"}],"wp:term":[{"taxonomy":"product_cat","embeddable":true,"href":"https:\/\/www.onetimenexttime.sk\/arduino\/index.php\/wp-json\/wp\/v2\/product_cat?post=1459"},{"taxonomy":"product_tag","embeddable":true,"href":"https:\/\/www.onetimenexttime.sk\/arduino\/index.php\/wp-json\/wp\/v2\/product_tag?post=1459"}],"curies":[{"name":"wp","href":"https:\/\/api.w.org\/{rel}","templated":true}]}}