{"id":1457,"date":"2021-11-16T17:07:34","date_gmt":"2021-11-16T16:07:34","guid":{"rendered":"https:\/\/www.onetimenexttime.sk\/arduino\/?post_type=product&#038;p=1457"},"modified":"2021-11-16T17:36:38","modified_gmt":"2021-11-16T16:36:38","slug":"sw-420-motion-sensor-module-alarm-sensor-induction-module-vibration-switch","status":"publish","type":"product","link":"https:\/\/www.onetimenexttime.sk\/arduino\/index.php\/produkt\/sw-420-motion-sensor-module-alarm-sensor-induction-module-vibration-switch\/","title":{"rendered":"SW-420 Motion Sensor Module Alarm Sensor Induction Module Vibration Switch"},"content":{"rendered":"<h2>SW-420 Modul sn\u00edma\u010da pohybu Modul alarmu Induk\u010dn\u00fd modul sn\u00edma\u010da vibr\u00e1ci\u00ed<\/h2>\n<p><strong>\u00da\u010del:<\/strong><br \/>\nPou\u017e\u00edva sa na spustenie efektu r\u00f4znych vibr\u00e1ci\u00ed, alarmu kr\u00e1de\u017ee, inteligentn\u00e9ho auta, alarmu zemetrasenia, alarmu motocykla at\u010f.<br \/>\nTento modul je v porovnan\u00ed s modulom sn\u00edma\u010da vibr\u00e1ci\u00ed norm\u00e1lne otvoren\u00e9ho typu, sp\u00fa\u0161\u0165a\u010d vibr\u00e1ci\u00ed na dlh\u0161iu dobu, m\u00f4\u017ee poh\u00e1\u0148a\u0165 modul rel\u00e9<\/p>\n<p><strong>Vlastnosti modulu:<\/strong><br \/>\n1. Spolo\u010dnos\u0165 vyr\u00e1bala norm\u00e1lne uzavret\u00fd sn\u00edma\u010d vibr\u00e1ci\u00ed SW-420<br \/>\n2. V\u00fdstup kompar\u00e1tora, \u010dist\u00fd sign\u00e1l, dobr\u00fd priebeh, jazdn\u00e1 schopnos\u0165 je siln\u00e1, pre viac ako 15 ma<br \/>\n3. Pracovn\u00e9 nap\u00e4tie 3,3V a\u017e 5V<br \/>\n4. V\u00fdstupn\u00e1 forma: v\u00fdstup digit\u00e1lneho sp\u00edna\u010da (0 a 1)<br \/>\n5. M\u00e1 pevn\u00fd otvor pre skrutku, pohodln\u00fa in\u0161tal\u00e1ciu<br \/>\n6. Ve\u013ekos\u0165 PCB malej dosky: 3,2 cm x 1,4 cm<br \/>\n7. Pou\u017eite \u0161irok\u00fd kompar\u00e1tor nap\u00e4tia LM393<\/p>\n<p><strong>N\u00e1vod na pou\u017eitie modulu:<\/strong><br \/>\n1. Produkt bez vibr\u00e1ci\u00ed, vibra\u010dn\u00fd sp\u00edna\u010d je v zapnutom stave, v\u00fdstupn\u00e1 svorka je n\u00edzka, svieti zelen\u00e9 svetlo<br \/>\n2. Vibr\u00e1cie produktu, okam\u017eit\u00e9 odpojenie vibra\u010dn\u00e9ho sp\u00edna\u010da, v\u00fdstup na vysokej \u00farovni, zelen\u00e9 svetlo nesvieti<br \/>\n3. V\u00fdstup m\u00f4\u017ee by\u0165 priamo pripojen\u00fd k mikrokontrol\u00e9ru, cez jedno\u010dipov\u00fd mikropo\u010d\u00edta\u010d na detekciu vysokej a n\u00edzkej \u00farovne, teda na zistenie, \u010di existuje vibra\u010dn\u00e9 prostredie, zavolajte pol\u00edciu<\/p>\n","protected":false},"excerpt":{"rendered":"<p>SW-420 Modul sn\u00edma\u010da pohybu Modul alarmu Induk\u010dn\u00fd modul sn\u00edma\u010da vibr\u00e1ci\u00ed \u00da\u010del: Pou\u017e\u00edva sa na spustenie efektu r\u00f4znych vibr\u00e1ci\u00ed, alarmu kr\u00e1de\u017ee,&hellip;<\/p>\n","protected":false},"featured_media":1458,"template":"","meta":{"_monsterinsights_skip_tracking":false,"_monsterinsights_sitenote_active":false,"_monsterinsights_sitenote_note":"","_monsterinsights_sitenote_category":0},"product_cat":[16,69,71],"product_tag":[],"class_list":{"0":"post-1457","1":"product","2":"type-product","3":"status-publish","4":"has-post-thumbnail","6":"product_cat-ard","7":"product_cat-sensors","8":"product_cat-vibracie","10":"first","11":"instock","12":"shipping-taxable","13":"purchasable","14":"product-type-simple"},"yoast_head":"<!-- This site is optimized with the Yoast SEO plugin v23.6 - https:\/\/yoast.com\/wordpress\/plugins\/seo\/ -->\n<title>SW-420 Motion Sensor Module Alarm Sensor Induction Module Vibration Switch - Arduino e-shop<\/title>\n<meta name=\"robots\" content=\"index, follow, max-snippet:-1, max-image-preview:large, max-video-preview:-1\" \/>\n<link rel=\"canonical\" href=\"https:\/\/www.onetimenexttime.sk\/arduino\/index.php\/produkt\/sw-420-motion-sensor-module-alarm-sensor-induction-module-vibration-switch\/\" \/>\n<meta property=\"og:locale\" content=\"sk_SK\" \/>\n<meta property=\"og:type\" content=\"article\" \/>\n<meta property=\"og:title\" content=\"SW-420 Motion Sensor Module Alarm Sensor Induction Module Vibration Switch - Arduino e-shop\" \/>\n<meta property=\"og:description\" content=\"SW-420 Modul sn\u00edma\u010da pohybu Modul alarmu Induk\u010dn\u00fd modul sn\u00edma\u010da vibr\u00e1ci\u00ed \u00da\u010del: Pou\u017e\u00edva sa na spustenie efektu r\u00f4znych vibr\u00e1ci\u00ed, alarmu kr\u00e1de\u017ee,&hellip;\" \/>\n<meta property=\"og:url\" content=\"https:\/\/www.onetimenexttime.sk\/arduino\/index.php\/produkt\/sw-420-motion-sensor-module-alarm-sensor-induction-module-vibration-switch\/\" \/>\n<meta property=\"og:site_name\" content=\"Arduino e-shop\" \/>\n<meta property=\"article:modified_time\" content=\"2021-11-16T16:36:38+00:00\" \/>\n<meta property=\"og:image\" content=\"https:\/\/www.onetimenexttime.sk\/arduino\/wp-content\/uploads\/2021\/11\/17938.jpg\" \/>\n\t<meta property=\"og:image:width\" content=\"522\" \/>\n\t<meta property=\"og:image:height\" content=\"523\" \/>\n\t<meta property=\"og:image:type\" content=\"image\/jpeg\" \/>\n<meta name=\"twitter:card\" content=\"summary_large_image\" \/>\n<meta name=\"twitter:label1\" content=\"Predpokladan\u00fd \u010das \u010d\u00edtania\" \/>\n\t<meta name=\"twitter:data1\" content=\"1 min\u00fata\" \/>\n<script type=\"application\/ld+json\" class=\"yoast-schema-graph\">{\"@context\":\"https:\/\/schema.org\",\"@graph\":[{\"@type\":\"WebPage\",\"@id\":\"https:\/\/www.onetimenexttime.sk\/arduino\/index.php\/produkt\/sw-420-motion-sensor-module-alarm-sensor-induction-module-vibration-switch\/\",\"url\":\"https:\/\/www.onetimenexttime.sk\/arduino\/index.php\/produkt\/sw-420-motion-sensor-module-alarm-sensor-induction-module-vibration-switch\/\",\"name\":\"SW-420 Motion Sensor Module Alarm Sensor Induction Module Vibration Switch - Arduino e-shop\",\"isPartOf\":{\"@id\":\"https:\/\/www.onetimenexttime.sk\/arduino\/#website\"},\"primaryImageOfPage\":{\"@id\":\"https:\/\/www.onetimenexttime.sk\/arduino\/index.php\/produkt\/sw-420-motion-sensor-module-alarm-sensor-induction-module-vibration-switch\/#primaryimage\"},\"image\":{\"@id\":\"https:\/\/www.onetimenexttime.sk\/arduino\/index.php\/produkt\/sw-420-motion-sensor-module-alarm-sensor-induction-module-vibration-switch\/#primaryimage\"},\"thumbnailUrl\":\"https:\/\/www.onetimenexttime.sk\/arduino\/wp-content\/uploads\/2021\/11\/17938.jpg\",\"datePublished\":\"2021-11-16T16:07:34+00:00\",\"dateModified\":\"2021-11-16T16:36:38+00:00\",\"breadcrumb\":{\"@id\":\"https:\/\/www.onetimenexttime.sk\/arduino\/index.php\/produkt\/sw-420-motion-sensor-module-alarm-sensor-induction-module-vibration-switch\/#breadcrumb\"},\"inLanguage\":\"sk-SK\",\"potentialAction\":[{\"@type\":\"ReadAction\",\"target\":[\"https:\/\/www.onetimenexttime.sk\/arduino\/index.php\/produkt\/sw-420-motion-sensor-module-alarm-sensor-induction-module-vibration-switch\/\"]}]},{\"@type\":\"ImageObject\",\"inLanguage\":\"sk-SK\",\"@id\":\"https:\/\/www.onetimenexttime.sk\/arduino\/index.php\/produkt\/sw-420-motion-sensor-module-alarm-sensor-induction-module-vibration-switch\/#primaryimage\",\"url\":\"https:\/\/www.onetimenexttime.sk\/arduino\/wp-content\/uploads\/2021\/11\/17938.jpg\",\"contentUrl\":\"https:\/\/www.onetimenexttime.sk\/arduino\/wp-content\/uploads\/2021\/11\/17938.jpg\",\"width\":522,\"height\":523},{\"@type\":\"BreadcrumbList\",\"@id\":\"https:\/\/www.onetimenexttime.sk\/arduino\/index.php\/produkt\/sw-420-motion-sensor-module-alarm-sensor-induction-module-vibration-switch\/#breadcrumb\",\"itemListElement\":[{\"@type\":\"ListItem\",\"position\":1,\"name\":\"Domov\",\"item\":\"https:\/\/www.onetimenexttime.sk\/arduino\/\"},{\"@type\":\"ListItem\",\"position\":2,\"name\":\"Obchod\",\"item\":\"https:\/\/www.onetimenexttime.sk\/arduino\/\"},{\"@type\":\"ListItem\",\"position\":3,\"name\":\"SW-420 Motion Sensor Module Alarm Sensor Induction Module Vibration Switch\"}]},{\"@type\":\"WebSite\",\"@id\":\"https:\/\/www.onetimenexttime.sk\/arduino\/#website\",\"url\":\"https:\/\/www.onetimenexttime.sk\/arduino\/\",\"name\":\"Arduino e-shop\",\"description\":\"Home Assistant\",\"potentialAction\":[{\"@type\":\"SearchAction\",\"target\":{\"@type\":\"EntryPoint\",\"urlTemplate\":\"https:\/\/www.onetimenexttime.sk\/arduino\/?s={search_term_string}\"},\"query-input\":{\"@type\":\"PropertyValueSpecification\",\"valueRequired\":true,\"valueName\":\"search_term_string\"}}],\"inLanguage\":\"sk-SK\"}]}<\/script>\n<!-- \/ Yoast SEO plugin. -->","yoast_head_json":{"title":"SW-420 Motion Sensor Module Alarm Sensor Induction Module Vibration Switch - Arduino e-shop","robots":{"index":"index","follow":"follow","max-snippet":"max-snippet:-1","max-image-preview":"max-image-preview:large","max-video-preview":"max-video-preview:-1"},"canonical":"https:\/\/www.onetimenexttime.sk\/arduino\/index.php\/produkt\/sw-420-motion-sensor-module-alarm-sensor-induction-module-vibration-switch\/","og_locale":"sk_SK","og_type":"article","og_title":"SW-420 Motion Sensor Module Alarm Sensor Induction Module Vibration Switch - Arduino e-shop","og_description":"SW-420 Modul sn\u00edma\u010da pohybu Modul alarmu Induk\u010dn\u00fd modul sn\u00edma\u010da vibr\u00e1ci\u00ed \u00da\u010del: Pou\u017e\u00edva sa na spustenie efektu r\u00f4znych vibr\u00e1ci\u00ed, alarmu kr\u00e1de\u017ee,&hellip;","og_url":"https:\/\/www.onetimenexttime.sk\/arduino\/index.php\/produkt\/sw-420-motion-sensor-module-alarm-sensor-induction-module-vibration-switch\/","og_site_name":"Arduino e-shop","article_modified_time":"2021-11-16T16:36:38+00:00","og_image":[{"width":522,"height":523,"url":"https:\/\/www.onetimenexttime.sk\/arduino\/wp-content\/uploads\/2021\/11\/17938.jpg","type":"image\/jpeg"}],"twitter_card":"summary_large_image","twitter_misc":{"Predpokladan\u00fd \u010das \u010d\u00edtania":"1 min\u00fata"},"schema":{"@context":"https:\/\/schema.org","@graph":[{"@type":"WebPage","@id":"https:\/\/www.onetimenexttime.sk\/arduino\/index.php\/produkt\/sw-420-motion-sensor-module-alarm-sensor-induction-module-vibration-switch\/","url":"https:\/\/www.onetimenexttime.sk\/arduino\/index.php\/produkt\/sw-420-motion-sensor-module-alarm-sensor-induction-module-vibration-switch\/","name":"SW-420 Motion Sensor Module Alarm Sensor Induction Module Vibration Switch - Arduino e-shop","isPartOf":{"@id":"https:\/\/www.onetimenexttime.sk\/arduino\/#website"},"primaryImageOfPage":{"@id":"https:\/\/www.onetimenexttime.sk\/arduino\/index.php\/produkt\/sw-420-motion-sensor-module-alarm-sensor-induction-module-vibration-switch\/#primaryimage"},"image":{"@id":"https:\/\/www.onetimenexttime.sk\/arduino\/index.php\/produkt\/sw-420-motion-sensor-module-alarm-sensor-induction-module-vibration-switch\/#primaryimage"},"thumbnailUrl":"https:\/\/www.onetimenexttime.sk\/arduino\/wp-content\/uploads\/2021\/11\/17938.jpg","datePublished":"2021-11-16T16:07:34+00:00","dateModified":"2021-11-16T16:36:38+00:00","breadcrumb":{"@id":"https:\/\/www.onetimenexttime.sk\/arduino\/index.php\/produkt\/sw-420-motion-sensor-module-alarm-sensor-induction-module-vibration-switch\/#breadcrumb"},"inLanguage":"sk-SK","potentialAction":[{"@type":"ReadAction","target":["https:\/\/www.onetimenexttime.sk\/arduino\/index.php\/produkt\/sw-420-motion-sensor-module-alarm-sensor-induction-module-vibration-switch\/"]}]},{"@type":"ImageObject","inLanguage":"sk-SK","@id":"https:\/\/www.onetimenexttime.sk\/arduino\/index.php\/produkt\/sw-420-motion-sensor-module-alarm-sensor-induction-module-vibration-switch\/#primaryimage","url":"https:\/\/www.onetimenexttime.sk\/arduino\/wp-content\/uploads\/2021\/11\/17938.jpg","contentUrl":"https:\/\/www.onetimenexttime.sk\/arduino\/wp-content\/uploads\/2021\/11\/17938.jpg","width":522,"height":523},{"@type":"BreadcrumbList","@id":"https:\/\/www.onetimenexttime.sk\/arduino\/index.php\/produkt\/sw-420-motion-sensor-module-alarm-sensor-induction-module-vibration-switch\/#breadcrumb","itemListElement":[{"@type":"ListItem","position":1,"name":"Domov","item":"https:\/\/www.onetimenexttime.sk\/arduino\/"},{"@type":"ListItem","position":2,"name":"Obchod","item":"https:\/\/www.onetimenexttime.sk\/arduino\/"},{"@type":"ListItem","position":3,"name":"SW-420 Motion Sensor Module Alarm Sensor Induction Module Vibration Switch"}]},{"@type":"WebSite","@id":"https:\/\/www.onetimenexttime.sk\/arduino\/#website","url":"https:\/\/www.onetimenexttime.sk\/arduino\/","name":"Arduino e-shop","description":"Home Assistant","potentialAction":[{"@type":"SearchAction","target":{"@type":"EntryPoint","urlTemplate":"https:\/\/www.onetimenexttime.sk\/arduino\/?s={search_term_string}"},"query-input":{"@type":"PropertyValueSpecification","valueRequired":true,"valueName":"search_term_string"}}],"inLanguage":"sk-SK"}]}},"_links":{"self":[{"href":"https:\/\/www.onetimenexttime.sk\/arduino\/index.php\/wp-json\/wp\/v2\/product\/1457"}],"collection":[{"href":"https:\/\/www.onetimenexttime.sk\/arduino\/index.php\/wp-json\/wp\/v2\/product"}],"about":[{"href":"https:\/\/www.onetimenexttime.sk\/arduino\/index.php\/wp-json\/wp\/v2\/types\/product"}],"wp:featuredmedia":[{"embeddable":true,"href":"https:\/\/www.onetimenexttime.sk\/arduino\/index.php\/wp-json\/wp\/v2\/media\/1458"}],"wp:attachment":[{"href":"https:\/\/www.onetimenexttime.sk\/arduino\/index.php\/wp-json\/wp\/v2\/media?parent=1457"}],"wp:term":[{"taxonomy":"product_cat","embeddable":true,"href":"https:\/\/www.onetimenexttime.sk\/arduino\/index.php\/wp-json\/wp\/v2\/product_cat?post=1457"},{"taxonomy":"product_tag","embeddable":true,"href":"https:\/\/www.onetimenexttime.sk\/arduino\/index.php\/wp-json\/wp\/v2\/product_tag?post=1457"}],"curies":[{"name":"wp","href":"https:\/\/api.w.org\/{rel}","templated":true}]}}