{"id":1444,"date":"2021-11-16T06:51:34","date_gmt":"2021-11-16T05:51:34","guid":{"rendered":"https:\/\/www.onetimenexttime.sk\/arduino\/?post_type=product&#038;p=1444"},"modified":"2024-02-22T17:08:24","modified_gmt":"2024-02-22T16:08:24","slug":"water-leakage-alarm-detector-110db-independent-water-leak-sensor-detection-flood-alert-easy-installation-home-alarm-system","status":"publish","type":"product","link":"https:\/\/www.onetimenexttime.sk\/arduino\/index.php\/produkt\/water-leakage-alarm-detector-110db-independent-water-leak-sensor-detection-flood-alert-easy-installation-home-alarm-system\/","title":{"rendered":"Water Leakage Alarm Detector 110dB Independent Water Leak Sensor Detection Flood Alert Easy Installation Home Alarm system"},"content":{"rendered":"<div class=\"container\">\n<h1>Detektor \u00daniku Vody s Alarmom<\/h1>\n<h2>Popis:<\/h2>\n<p>Tento detektor \u00faniku vody s alarmom je navrhnut\u00fd na r\u00fdchlu detekciu vody na ne\u017eiadanych miestach,<br \/>\nako s\u00fa podlahy, pod obkladmi alebo v z\u00e1plavov\u00fdch oblastiach.<br \/>\nS jeho hlasit\u00fdm alarmom v hodnote 110dB v\u00e1s okam\u017eite upozorn\u00ed na potenci\u00e1lnu vodu.<\/p>\n<h2>Vlastnosti:<\/h2>\n<ul>\n<li>Samostatn\u00fd senzor detekcie \u00faniku vody<\/li>\n<li>Hlasit\u00fd alarm s hlasitos\u0165ou 110dB<\/li>\n<li>Jednoduch\u00e1 in\u0161tal\u00e1cia a pou\u017eitie<\/li>\n<li>Bezpe\u010dn\u00fd a spo\u013eahliv\u00fd<\/li>\n<\/ul>\n<h2>\u0160pecifik\u00e1cie:<\/h2>\n<table>\n<tbody>\n<tr>\n<th>Parameter<\/th>\n<th>Hodnota<\/th>\n<\/tr>\n<tr>\n<td>Typ<\/td>\n<td>Detektor \u00faniku vody s alarmom<\/td>\n<\/tr>\n<tr>\n<td>Hlasitos\u0165 alarmu<\/td>\n<td>110dB<\/td>\n<\/tr>\n<tr>\n<td>Nap\u00e1janie<\/td>\n<td>Baterie<\/td>\n<\/tr>\n<tr>\n<td>Mont\u00e1\u017e<\/td>\n<td>Samolepiaca p\u00e1ska alebo skrutky<\/td>\n<\/tr>\n<\/tbody>\n<\/table>\n<h2>Pr\u00edklady pou\u017eitia:<\/h2>\n<ul>\n<li>Detekcia \u00faniku vody pod um\u00fdvadlom, v kuchyni alebo v k\u00fape\u013eni<\/li>\n<li>Pou\u017eitie v pivniciach alebo pivniciach na detekciu z\u00e1plav<\/li>\n<li>Pou\u017eitie v r\u00e1mci dom\u00e1ceho bezpe\u010dnostn\u00e9ho syst\u00e9mu<\/li>\n<\/ul>\n<div class=\"button-container\"><button class=\"copy-button\">Skop\u00edrova\u0165 k\u00f3d<\/button><\/div>\n<\/div>\n<h2>Detektor alarmu \u00faniku vody 110 dB Nez\u00e1visl\u00fd senzor detekcie \u00faniku vody Upozornenie zaplavenia Jednoduch\u00e1 in\u0161tal\u00e1cia Syst\u00e9m dom\u00e1ceho alarmu<\/h2>\n<p>&nbsp;<\/p>\n<p>&nbsp;<\/p>\n<p>Umiestnite hl\u00e1si\u010d \u00faniku na ak\u00e9ko\u013evek potenci\u00e1lne z\u00e1plavov\u00e9 miesto &#8211; ved\u013ea k\u00fape\u013en\u00ed, pivn\u00edc, kuch\u00fd\u0148, lod\u00ed, gar\u00e1\u017e\u00ed at\u010f. Ke\u010f hl\u00e1si\u010d \u00faniku zaznamen\u00e1 \u010do i len mal\u00fd \u00fanik vody, spust\u00ed ve\u013emi hlasn\u00fd alarm a ozn\u00e1mi v\u00e1m, \u017ee m\u00e1te probl\u00e9m. ktor\u00fd si vy\u017eaduje va\u0161u okam\u017eit\u00fa pozornos\u0165.<\/p>\n<p>Automatick\u00e1 prev\u00e1dzka. Akon\u00e1hle sa jeho tri styka\u010de dotkn\u00fa vody, okam\u017eite sa ozve 110dB hlasn\u00fd alarm;<\/p>\n<p>\u017diadne tla\u010didl\u00e1, \u017eiadne programovanie, sta\u010d\u00ed ho umiestni\u0165 tam, kde chcete skontrolova\u0165 \u00fanik vody;<\/p>\n<p>Vy\u017eaduje 9-voltov\u00fa alkalick\u00fa bat\u00e9riu (nie je s\u00fa\u010das\u0165ou dod\u00e1vky) a be\u017ene nov\u00e1 bat\u00e9ria vydr\u017e\u00ed 1 rok;<\/p>\n<p>Pou\u017eitie pre ohrieva\u010d vody, um\u00fdvadlo, \u010derpadlo, pr\u00e1\u010dku, radi\u00e1tory a \u010fal\u0161ie;<\/p>\n<p>Vyroben\u00e9 z odoln\u00e9ho ABS plastu. Je \u0161peci\u00e1lne navrhnut\u00fd tak, aby pl\u00e1val v povod\u0148ov\u00fdch podmienkach.<\/p>\n<p>Technick\u00e9 \u00fadaje:<\/p>\n<p>Materi\u00e1l: ABS plast<\/p>\n<p>Farba: Biela<\/p>\n<p>D\u013a\u017eka k\u00e1bla: 1 meter<\/p>\n<p>Pracovn\u00e9 nap\u00e4tie: 9V<\/p>\n<p>Bat\u00e9ria: 9V alkalick\u00e1 bat\u00e9ria (nie je s\u00fa\u010das\u0165ou balenia)<\/p>\n<p>Alarm: 110dB<\/p>\n<p>&nbsp;<\/p>\n<p><img decoding=\"async\" src=\"https:\/\/ae01.alicdn.com\/kf\/H624ed461270e42bb8f184d8df614ad9dH.jpg\" data-spm-anchor-id=\"a2g0o.detail.1000023.i0.72e76889BgQt7t\" \/><\/p>\n","protected":false},"excerpt":{"rendered":"<p>Detektor \u00daniku Vody s Alarmom Popis: Tento detektor \u00faniku vody s alarmom je navrhnut\u00fd na r\u00fdchlu detekciu vody na ne\u017eiadanych&hellip;<\/p>\n","protected":false},"featured_media":1445,"template":"","meta":{"_monsterinsights_skip_tracking":false,"_monsterinsights_sitenote_active":false,"_monsterinsights_sitenote_note":"","_monsterinsights_sitenote_category":0},"product_cat":[42,65],"product_tag":[],"class_list":{"0":"post-1444","1":"product","2":"type-product","3":"status-publish","4":"has-post-thumbnail","6":"product_cat-smart","7":"product_cat-voda","9":"first","10":"instock","11":"shipping-taxable","12":"purchasable","13":"product-type-simple"},"yoast_head":"<!-- This site is optimized with the Yoast SEO plugin v23.6 - https:\/\/yoast.com\/wordpress\/plugins\/seo\/ -->\n<title>Water Leakage Alarm Detector 110dB Independent Water Leak Sensor Detection Flood Alert Easy Installation Home Alarm system - Arduino e-shop<\/title>\n<meta name=\"robots\" content=\"index, follow, max-snippet:-1, max-image-preview:large, max-video-preview:-1\" \/>\n<link rel=\"canonical\" href=\"https:\/\/www.onetimenexttime.sk\/arduino\/index.php\/produkt\/water-leakage-alarm-detector-110db-independent-water-leak-sensor-detection-flood-alert-easy-installation-home-alarm-system\/\" \/>\n<meta property=\"og:locale\" content=\"sk_SK\" \/>\n<meta property=\"og:type\" content=\"article\" \/>\n<meta property=\"og:title\" content=\"Water Leakage Alarm Detector 110dB Independent Water Leak Sensor Detection Flood Alert Easy Installation Home Alarm system - Arduino e-shop\" \/>\n<meta property=\"og:description\" content=\"Detektor \u00daniku Vody s Alarmom Popis: Tento detektor \u00faniku vody s alarmom je navrhnut\u00fd na r\u00fdchlu detekciu vody na ne\u017eiadanych&hellip;\" \/>\n<meta property=\"og:url\" content=\"https:\/\/www.onetimenexttime.sk\/arduino\/index.php\/produkt\/water-leakage-alarm-detector-110db-independent-water-leak-sensor-detection-flood-alert-easy-installation-home-alarm-system\/\" \/>\n<meta property=\"og:site_name\" content=\"Arduino e-shop\" \/>\n<meta property=\"article:modified_time\" content=\"2024-02-22T16:08:24+00:00\" \/>\n<meta property=\"og:image\" content=\"https:\/\/www.onetimenexttime.sk\/arduino\/wp-content\/uploads\/2021\/11\/1706.jpg\" \/>\n\t<meta property=\"og:image:width\" content=\"487\" \/>\n\t<meta property=\"og:image:height\" content=\"492\" \/>\n\t<meta property=\"og:image:type\" content=\"image\/jpeg\" \/>\n<meta name=\"twitter:card\" content=\"summary_large_image\" \/>\n<meta name=\"twitter:label1\" content=\"Predpokladan\u00fd \u010das \u010d\u00edtania\" \/>\n\t<meta name=\"twitter:data1\" content=\"2 min\u00faty\" \/>\n<script type=\"application\/ld+json\" class=\"yoast-schema-graph\">{\"@context\":\"https:\/\/schema.org\",\"@graph\":[{\"@type\":\"WebPage\",\"@id\":\"https:\/\/www.onetimenexttime.sk\/arduino\/index.php\/produkt\/water-leakage-alarm-detector-110db-independent-water-leak-sensor-detection-flood-alert-easy-installation-home-alarm-system\/\",\"url\":\"https:\/\/www.onetimenexttime.sk\/arduino\/index.php\/produkt\/water-leakage-alarm-detector-110db-independent-water-leak-sensor-detection-flood-alert-easy-installation-home-alarm-system\/\",\"name\":\"Water Leakage Alarm Detector 110dB Independent Water Leak Sensor Detection Flood Alert Easy Installation Home Alarm system - Arduino e-shop\",\"isPartOf\":{\"@id\":\"https:\/\/www.onetimenexttime.sk\/arduino\/#website\"},\"primaryImageOfPage\":{\"@id\":\"https:\/\/www.onetimenexttime.sk\/arduino\/index.php\/produkt\/water-leakage-alarm-detector-110db-independent-water-leak-sensor-detection-flood-alert-easy-installation-home-alarm-system\/#primaryimage\"},\"image\":{\"@id\":\"https:\/\/www.onetimenexttime.sk\/arduino\/index.php\/produkt\/water-leakage-alarm-detector-110db-independent-water-leak-sensor-detection-flood-alert-easy-installation-home-alarm-system\/#primaryimage\"},\"thumbnailUrl\":\"https:\/\/www.onetimenexttime.sk\/arduino\/wp-content\/uploads\/2021\/11\/1706.jpg\",\"datePublished\":\"2021-11-16T05:51:34+00:00\",\"dateModified\":\"2024-02-22T16:08:24+00:00\",\"breadcrumb\":{\"@id\":\"https:\/\/www.onetimenexttime.sk\/arduino\/index.php\/produkt\/water-leakage-alarm-detector-110db-independent-water-leak-sensor-detection-flood-alert-easy-installation-home-alarm-system\/#breadcrumb\"},\"inLanguage\":\"sk-SK\",\"potentialAction\":[{\"@type\":\"ReadAction\",\"target\":[\"https:\/\/www.onetimenexttime.sk\/arduino\/index.php\/produkt\/water-leakage-alarm-detector-110db-independent-water-leak-sensor-detection-flood-alert-easy-installation-home-alarm-system\/\"]}]},{\"@type\":\"ImageObject\",\"inLanguage\":\"sk-SK\",\"@id\":\"https:\/\/www.onetimenexttime.sk\/arduino\/index.php\/produkt\/water-leakage-alarm-detector-110db-independent-water-leak-sensor-detection-flood-alert-easy-installation-home-alarm-system\/#primaryimage\",\"url\":\"https:\/\/www.onetimenexttime.sk\/arduino\/wp-content\/uploads\/2021\/11\/1706.jpg\",\"contentUrl\":\"https:\/\/www.onetimenexttime.sk\/arduino\/wp-content\/uploads\/2021\/11\/1706.jpg\",\"width\":487,\"height\":492},{\"@type\":\"BreadcrumbList\",\"@id\":\"https:\/\/www.onetimenexttime.sk\/arduino\/index.php\/produkt\/water-leakage-alarm-detector-110db-independent-water-leak-sensor-detection-flood-alert-easy-installation-home-alarm-system\/#breadcrumb\",\"itemListElement\":[{\"@type\":\"ListItem\",\"position\":1,\"name\":\"Domov\",\"item\":\"https:\/\/www.onetimenexttime.sk\/arduino\/\"},{\"@type\":\"ListItem\",\"position\":2,\"name\":\"Obchod\",\"item\":\"https:\/\/www.onetimenexttime.sk\/arduino\/\"},{\"@type\":\"ListItem\",\"position\":3,\"name\":\"Water Leakage Alarm Detector 110dB Independent Water Leak Sensor Detection Flood Alert Easy Installation Home Alarm system\"}]},{\"@type\":\"WebSite\",\"@id\":\"https:\/\/www.onetimenexttime.sk\/arduino\/#website\",\"url\":\"https:\/\/www.onetimenexttime.sk\/arduino\/\",\"name\":\"Arduino e-shop\",\"description\":\"Home Assistant\",\"potentialAction\":[{\"@type\":\"SearchAction\",\"target\":{\"@type\":\"EntryPoint\",\"urlTemplate\":\"https:\/\/www.onetimenexttime.sk\/arduino\/?s={search_term_string}\"},\"query-input\":{\"@type\":\"PropertyValueSpecification\",\"valueRequired\":true,\"valueName\":\"search_term_string\"}}],\"inLanguage\":\"sk-SK\"}]}<\/script>\n<!-- \/ Yoast SEO plugin. -->","yoast_head_json":{"title":"Water Leakage Alarm Detector 110dB Independent Water Leak Sensor Detection Flood Alert Easy Installation Home Alarm system - Arduino e-shop","robots":{"index":"index","follow":"follow","max-snippet":"max-snippet:-1","max-image-preview":"max-image-preview:large","max-video-preview":"max-video-preview:-1"},"canonical":"https:\/\/www.onetimenexttime.sk\/arduino\/index.php\/produkt\/water-leakage-alarm-detector-110db-independent-water-leak-sensor-detection-flood-alert-easy-installation-home-alarm-system\/","og_locale":"sk_SK","og_type":"article","og_title":"Water Leakage Alarm Detector 110dB Independent Water Leak Sensor Detection Flood Alert Easy Installation Home Alarm system - Arduino e-shop","og_description":"Detektor \u00daniku Vody s Alarmom Popis: Tento detektor \u00faniku vody s alarmom je navrhnut\u00fd na r\u00fdchlu detekciu vody na ne\u017eiadanych&hellip;","og_url":"https:\/\/www.onetimenexttime.sk\/arduino\/index.php\/produkt\/water-leakage-alarm-detector-110db-independent-water-leak-sensor-detection-flood-alert-easy-installation-home-alarm-system\/","og_site_name":"Arduino e-shop","article_modified_time":"2024-02-22T16:08:24+00:00","og_image":[{"width":487,"height":492,"url":"https:\/\/www.onetimenexttime.sk\/arduino\/wp-content\/uploads\/2021\/11\/1706.jpg","type":"image\/jpeg"}],"twitter_card":"summary_large_image","twitter_misc":{"Predpokladan\u00fd \u010das \u010d\u00edtania":"2 min\u00faty"},"schema":{"@context":"https:\/\/schema.org","@graph":[{"@type":"WebPage","@id":"https:\/\/www.onetimenexttime.sk\/arduino\/index.php\/produkt\/water-leakage-alarm-detector-110db-independent-water-leak-sensor-detection-flood-alert-easy-installation-home-alarm-system\/","url":"https:\/\/www.onetimenexttime.sk\/arduino\/index.php\/produkt\/water-leakage-alarm-detector-110db-independent-water-leak-sensor-detection-flood-alert-easy-installation-home-alarm-system\/","name":"Water Leakage Alarm Detector 110dB Independent Water Leak Sensor Detection Flood Alert Easy Installation Home Alarm system - Arduino e-shop","isPartOf":{"@id":"https:\/\/www.onetimenexttime.sk\/arduino\/#website"},"primaryImageOfPage":{"@id":"https:\/\/www.onetimenexttime.sk\/arduino\/index.php\/produkt\/water-leakage-alarm-detector-110db-independent-water-leak-sensor-detection-flood-alert-easy-installation-home-alarm-system\/#primaryimage"},"image":{"@id":"https:\/\/www.onetimenexttime.sk\/arduino\/index.php\/produkt\/water-leakage-alarm-detector-110db-independent-water-leak-sensor-detection-flood-alert-easy-installation-home-alarm-system\/#primaryimage"},"thumbnailUrl":"https:\/\/www.onetimenexttime.sk\/arduino\/wp-content\/uploads\/2021\/11\/1706.jpg","datePublished":"2021-11-16T05:51:34+00:00","dateModified":"2024-02-22T16:08:24+00:00","breadcrumb":{"@id":"https:\/\/www.onetimenexttime.sk\/arduino\/index.php\/produkt\/water-leakage-alarm-detector-110db-independent-water-leak-sensor-detection-flood-alert-easy-installation-home-alarm-system\/#breadcrumb"},"inLanguage":"sk-SK","potentialAction":[{"@type":"ReadAction","target":["https:\/\/www.onetimenexttime.sk\/arduino\/index.php\/produkt\/water-leakage-alarm-detector-110db-independent-water-leak-sensor-detection-flood-alert-easy-installation-home-alarm-system\/"]}]},{"@type":"ImageObject","inLanguage":"sk-SK","@id":"https:\/\/www.onetimenexttime.sk\/arduino\/index.php\/produkt\/water-leakage-alarm-detector-110db-independent-water-leak-sensor-detection-flood-alert-easy-installation-home-alarm-system\/#primaryimage","url":"https:\/\/www.onetimenexttime.sk\/arduino\/wp-content\/uploads\/2021\/11\/1706.jpg","contentUrl":"https:\/\/www.onetimenexttime.sk\/arduino\/wp-content\/uploads\/2021\/11\/1706.jpg","width":487,"height":492},{"@type":"BreadcrumbList","@id":"https:\/\/www.onetimenexttime.sk\/arduino\/index.php\/produkt\/water-leakage-alarm-detector-110db-independent-water-leak-sensor-detection-flood-alert-easy-installation-home-alarm-system\/#breadcrumb","itemListElement":[{"@type":"ListItem","position":1,"name":"Domov","item":"https:\/\/www.onetimenexttime.sk\/arduino\/"},{"@type":"ListItem","position":2,"name":"Obchod","item":"https:\/\/www.onetimenexttime.sk\/arduino\/"},{"@type":"ListItem","position":3,"name":"Water Leakage Alarm Detector 110dB Independent Water Leak Sensor Detection Flood Alert Easy Installation Home Alarm system"}]},{"@type":"WebSite","@id":"https:\/\/www.onetimenexttime.sk\/arduino\/#website","url":"https:\/\/www.onetimenexttime.sk\/arduino\/","name":"Arduino e-shop","description":"Home Assistant","potentialAction":[{"@type":"SearchAction","target":{"@type":"EntryPoint","urlTemplate":"https:\/\/www.onetimenexttime.sk\/arduino\/?s={search_term_string}"},"query-input":{"@type":"PropertyValueSpecification","valueRequired":true,"valueName":"search_term_string"}}],"inLanguage":"sk-SK"}]}},"_links":{"self":[{"href":"https:\/\/www.onetimenexttime.sk\/arduino\/index.php\/wp-json\/wp\/v2\/product\/1444"}],"collection":[{"href":"https:\/\/www.onetimenexttime.sk\/arduino\/index.php\/wp-json\/wp\/v2\/product"}],"about":[{"href":"https:\/\/www.onetimenexttime.sk\/arduino\/index.php\/wp-json\/wp\/v2\/types\/product"}],"wp:featuredmedia":[{"embeddable":true,"href":"https:\/\/www.onetimenexttime.sk\/arduino\/index.php\/wp-json\/wp\/v2\/media\/1445"}],"wp:attachment":[{"href":"https:\/\/www.onetimenexttime.sk\/arduino\/index.php\/wp-json\/wp\/v2\/media?parent=1444"}],"wp:term":[{"taxonomy":"product_cat","embeddable":true,"href":"https:\/\/www.onetimenexttime.sk\/arduino\/index.php\/wp-json\/wp\/v2\/product_cat?post=1444"},{"taxonomy":"product_tag","embeddable":true,"href":"https:\/\/www.onetimenexttime.sk\/arduino\/index.php\/wp-json\/wp\/v2\/product_tag?post=1444"}],"curies":[{"name":"wp","href":"https:\/\/api.w.org\/{rel}","templated":true}]}}