{"id":1440,"date":"2021-11-16T05:27:00","date_gmt":"2021-11-16T04:27:00","guid":{"rendered":"https:\/\/www.onetimenexttime.sk\/arduino\/?post_type=product&#038;p=1440"},"modified":"2024-02-22T15:51:36","modified_gmt":"2024-02-22T14:51:36","slug":"ky-035-class-bihor-analog-hall-magnetic-sensor-module-3pin","status":"publish","type":"product","link":"https:\/\/www.onetimenexttime.sk\/arduino\/index.php\/produkt\/ky-035-class-bihor-analog-hall-magnetic-sensor-module-3pin\/","title":{"rendered":"KY-035 Class Bihor Analog Hall Magnetic Sensor Module 3pin"},"content":{"rendered":"<p>ChatGPT<\/p>\n<table>\n<tr>\n<th colspan=\"2\" style=\"text-align:center;\">Modul analogov\u00e9ho Hallovho magnetick\u00e9ho senzora KY-035<\/th>\n<\/tr>\n<tr>\n<td colspan=\"2\" style=\"text-align:center;\"><img decoding=\"async\" src=\"ky035_analog_hall_sensor_module.jpg\" alt=\"KY-035 Analog Hall Magnetic Sensor Module\"><\/td>\n<\/tr>\n<tr>\n<td><strong>Popis:<\/strong><\/td>\n<td>Modul analogov\u00e9ho Hallovho magnetick\u00e9ho senzora KY-035 je senzor na b\u00e1ze Hallovho efektu, ktor\u00fd sl\u00fa\u017ei na meranie magnetick\u00e9ho po\u013ea v okol\u00ed. Tento modul je ide\u00e1lny pre projekty, ktor\u00e9 vy\u017eaduj\u00fa detekciu magnetick\u00e9ho po\u013ea, ako s\u00fa napr\u00edklad meranie intenzity magnetick\u00e9ho po\u013ea alebo detekcia polohy magn\u00e9tu. S jednoduch\u00fdm pripojen\u00edm a anal\u00f3gov\u00fdm v\u00fdstupom je tento senzor vhodn\u00fd pre r\u00f4zne aplik\u00e1cie s Arduinom a \u010fal\u0161\u00edmi mikrokontrol\u00e9rmi.<\/td>\n<\/tr>\n<tr>\n<td><strong>Funkcie:<\/strong><\/td>\n<td>\n<ul>\n<li>Meranie intenzity magnetick\u00e9ho po\u013ea pomocou Hallovho efektu<\/li>\n<li>Analogov\u00fd v\u00fdstup pre jednoduch\u00fa integr\u00e1ciu<\/li>\n<li>3-vodi\u010dov\u00e9 pripojenie (VCC, GND, OUT)<\/li>\n<li>Detekcia magnetick\u00e9ho po\u013ea v okol\u00ed<\/li>\n<li>Ide\u00e1lny pre meranie intenzity magnetick\u00e9ho po\u013ea, detekciu polohy magn\u00e9tu at\u010f.<\/li>\n<\/ul>\n<\/td>\n<\/tr>\n<tr>\n<td><strong>Parametre:<\/strong><\/td>\n<td>\n<table>\n<tr>\n<td><strong>Pracovn\u00e9 nap\u00e4tie:<\/strong><\/td>\n<td>3.3 &#8211; 5V DC<\/td>\n<\/tr>\n<tr>\n<td><strong>Rozsah merania:<\/strong><\/td>\n<td>0 &#8211; 1023 (analogov\u00fd v\u00fdstup)<\/td>\n<\/tr>\n<tr>\n<td><strong>Typ senzora:<\/strong><\/td>\n<td>Hallov efekt<\/td>\n<\/tr>\n<tr>\n<td><strong>Rozhranie:<\/strong><\/td>\n<td>3-vodi\u010dov\u00e9 (VCC, GND, OUT)<\/td>\n<\/tr>\n<tr>\n<td><strong>Rozmery:<\/strong><\/td>\n<td>28mm x 15mm x 10mm<\/td>\n<\/tr>\n<\/table>\n<\/td>\n<\/tr>\n<tr>\n<td><strong>Pr\u00edkladov\u00fd k\u00f3d:<\/strong><\/td>\n<td>\n<pre lang=\"arduino\">\r\n\/\/ K\u00f3d pre meranie intenzity magnetick\u00e9ho po\u013ea s modulom analogov\u00e9ho Hallovho senzora KY-035 pre Arduino\r\nconst int hallSensorPin = A0; \/\/ Analogov\u00fd pin pre pripojenie modulu senzora\r\nvoid setup() {\r\nSerial.begin(9600); \/\/ Inicializ\u00e1cia s\u00e9riovej komunik\u00e1cie\r\n}\r\n\r\nvoid loop() {\r\nint sensorValue = analogRead(hallSensorPin); \/\/ \u010c\u00edtanie hodnoty z modulu senzora\r\nSerial.print(\"Hodnota Hall senzora: \");\r\nSerial.println(sensorValue); \/\/ V\u00fdpis hodnoty na s\u00e9riov\u00fa linku\r\ndelay(1000); \/\/ \u010cakanie 1 sekundu medzi meraniami\r\n}\r\n<\/pre>\n<\/td>\n<\/tr>\n<\/table>\n<h2>KY-035 Bihor Anal\u00f3gov\u00fd Hallov magnetick\u00fd senzor\u00a03pinov\u00fd modul<\/h2>\n<p>&nbsp;<\/p>\n<p>Anal\u00f3gov\u00fd magnetick\u00fd senzorov\u00fd modul a digit\u00e1lne rozhranie, vstavan\u00fdch 13 LED vytv\u00e1ra jednoduch\u00fd obvod na vytvorenie magnetick\u00e9ho z\u00e1blesku<br \/>\nMakers.13 sa dod\u00e1va s digit\u00e1lnym rozhran\u00edm LED, anal\u00f3gov\u00fd magnetick\u00fd senzor pripojen\u00fd k nap\u00e1jacej doske anal\u00f3gov\u00fdch 5 rozhran\u00ed, ke\u010f anal\u00f3gov\u00fd magnetick\u00fd senzor na sign\u00e1l, LED svieti, inak zhasne.<\/p>\n<p>&nbsp;<\/p>\n<p>S referen\u010dn\u00fdm programom:<\/p>\n<div>\n<ul>\n<li>\n<p data-spm-anchor-id=\"a2g0o.detail.1000023.i2.37e16b69VAPiM1\">\u00a0\u00a0int sensorPin = A5; \/\/ select the input pin<\/p>\n<p>\u00a0\u00a0\u00a0int ledPin = 13; \/\/ select the pin for the LED<\/p>\n<p>int sensorValue = 0; \/\/ variable to store the value coming from the sensor<\/p>\n<p>void setup ()<\/p>\n<p>pinMode (ledPin, OUTPUT);<\/p>\n<p>Serial.begin (9600);<\/p>\n<p>void loop ()<\/p>\n<p>sensorValue = analogRead (sensorPin);<\/p>\n<p>digitalWrite (ledPin, HIGH);<\/p>\n<p>delay (sensorValue);<\/p>\n<p>digitalWrite (ledPin, LOW);<\/p>\n<p>delay (sensorValue);<\/li>\n<\/ul>\n<\/div>\n<div><\/div>\n","protected":false},"excerpt":{"rendered":"<p>ChatGPT Modul analogov\u00e9ho Hallovho magnetick\u00e9ho senzora KY-035 Popis: Modul analogov\u00e9ho Hallovho magnetick\u00e9ho senzora KY-035 je senzor na b\u00e1ze Hallovho efektu,&hellip;<\/p>\n","protected":false},"featured_media":1441,"template":"","meta":{"_monsterinsights_skip_tracking":false,"_monsterinsights_sitenote_active":false,"_monsterinsights_sitenote_note":"","_monsterinsights_sitenote_category":0},"product_cat":[16,78,69],"product_tag":[],"class_list":{"0":"post-1440","1":"product","2":"type-product","3":"status-publish","4":"has-post-thumbnail","6":"product_cat-ard","7":"product_cat-magnet","8":"product_cat-sensors","10":"first","11":"instock","12":"shipping-taxable","13":"purchasable","14":"product-type-simple"},"yoast_head":"<!-- This site is optimized with the Yoast SEO plugin v23.6 - https:\/\/yoast.com\/wordpress\/plugins\/seo\/ -->\n<title>KY-035 Class Bihor Analog Hall Magnetic Sensor Module 3pin - Arduino e-shop<\/title>\n<meta name=\"robots\" content=\"index, follow, max-snippet:-1, max-image-preview:large, max-video-preview:-1\" \/>\n<link rel=\"canonical\" href=\"https:\/\/www.onetimenexttime.sk\/arduino\/index.php\/produkt\/ky-035-class-bihor-analog-hall-magnetic-sensor-module-3pin\/\" \/>\n<meta property=\"og:locale\" content=\"sk_SK\" \/>\n<meta property=\"og:type\" content=\"article\" \/>\n<meta property=\"og:title\" content=\"KY-035 Class Bihor Analog Hall Magnetic Sensor Module 3pin - Arduino e-shop\" \/>\n<meta property=\"og:description\" content=\"ChatGPT Modul analogov\u00e9ho Hallovho magnetick\u00e9ho senzora KY-035 Popis: Modul analogov\u00e9ho Hallovho magnetick\u00e9ho senzora KY-035 je senzor na b\u00e1ze Hallovho efektu,&hellip;\" \/>\n<meta property=\"og:url\" content=\"https:\/\/www.onetimenexttime.sk\/arduino\/index.php\/produkt\/ky-035-class-bihor-analog-hall-magnetic-sensor-module-3pin\/\" \/>\n<meta property=\"og:site_name\" content=\"Arduino e-shop\" \/>\n<meta property=\"article:modified_time\" content=\"2024-02-22T14:51:36+00:00\" \/>\n<meta property=\"og:image\" content=\"https:\/\/www.onetimenexttime.sk\/arduino\/wp-content\/uploads\/2021\/11\/1702.jpg\" \/>\n\t<meta property=\"og:image:width\" content=\"539\" \/>\n\t<meta property=\"og:image:height\" content=\"534\" \/>\n\t<meta property=\"og:image:type\" content=\"image\/jpeg\" \/>\n<meta name=\"twitter:card\" content=\"summary_large_image\" \/>\n<meta name=\"twitter:label1\" content=\"Predpokladan\u00fd \u010das \u010d\u00edtania\" \/>\n\t<meta name=\"twitter:data1\" content=\"1 min\u00fata\" \/>\n<script type=\"application\/ld+json\" class=\"yoast-schema-graph\">{\"@context\":\"https:\/\/schema.org\",\"@graph\":[{\"@type\":\"WebPage\",\"@id\":\"https:\/\/www.onetimenexttime.sk\/arduino\/index.php\/produkt\/ky-035-class-bihor-analog-hall-magnetic-sensor-module-3pin\/\",\"url\":\"https:\/\/www.onetimenexttime.sk\/arduino\/index.php\/produkt\/ky-035-class-bihor-analog-hall-magnetic-sensor-module-3pin\/\",\"name\":\"KY-035 Class Bihor Analog Hall Magnetic Sensor Module 3pin - Arduino e-shop\",\"isPartOf\":{\"@id\":\"https:\/\/www.onetimenexttime.sk\/arduino\/#website\"},\"primaryImageOfPage\":{\"@id\":\"https:\/\/www.onetimenexttime.sk\/arduino\/index.php\/produkt\/ky-035-class-bihor-analog-hall-magnetic-sensor-module-3pin\/#primaryimage\"},\"image\":{\"@id\":\"https:\/\/www.onetimenexttime.sk\/arduino\/index.php\/produkt\/ky-035-class-bihor-analog-hall-magnetic-sensor-module-3pin\/#primaryimage\"},\"thumbnailUrl\":\"https:\/\/www.onetimenexttime.sk\/arduino\/wp-content\/uploads\/2021\/11\/1702.jpg\",\"datePublished\":\"2021-11-16T04:27:00+00:00\",\"dateModified\":\"2024-02-22T14:51:36+00:00\",\"breadcrumb\":{\"@id\":\"https:\/\/www.onetimenexttime.sk\/arduino\/index.php\/produkt\/ky-035-class-bihor-analog-hall-magnetic-sensor-module-3pin\/#breadcrumb\"},\"inLanguage\":\"sk-SK\",\"potentialAction\":[{\"@type\":\"ReadAction\",\"target\":[\"https:\/\/www.onetimenexttime.sk\/arduino\/index.php\/produkt\/ky-035-class-bihor-analog-hall-magnetic-sensor-module-3pin\/\"]}]},{\"@type\":\"ImageObject\",\"inLanguage\":\"sk-SK\",\"@id\":\"https:\/\/www.onetimenexttime.sk\/arduino\/index.php\/produkt\/ky-035-class-bihor-analog-hall-magnetic-sensor-module-3pin\/#primaryimage\",\"url\":\"https:\/\/www.onetimenexttime.sk\/arduino\/wp-content\/uploads\/2021\/11\/1702.jpg\",\"contentUrl\":\"https:\/\/www.onetimenexttime.sk\/arduino\/wp-content\/uploads\/2021\/11\/1702.jpg\",\"width\":539,\"height\":534},{\"@type\":\"BreadcrumbList\",\"@id\":\"https:\/\/www.onetimenexttime.sk\/arduino\/index.php\/produkt\/ky-035-class-bihor-analog-hall-magnetic-sensor-module-3pin\/#breadcrumb\",\"itemListElement\":[{\"@type\":\"ListItem\",\"position\":1,\"name\":\"Domov\",\"item\":\"https:\/\/www.onetimenexttime.sk\/arduino\/\"},{\"@type\":\"ListItem\",\"position\":2,\"name\":\"Obchod\",\"item\":\"https:\/\/www.onetimenexttime.sk\/arduino\/\"},{\"@type\":\"ListItem\",\"position\":3,\"name\":\"KY-035 Class Bihor Analog Hall Magnetic Sensor Module 3pin\"}]},{\"@type\":\"WebSite\",\"@id\":\"https:\/\/www.onetimenexttime.sk\/arduino\/#website\",\"url\":\"https:\/\/www.onetimenexttime.sk\/arduino\/\",\"name\":\"Arduino e-shop\",\"description\":\"Home Assistant\",\"potentialAction\":[{\"@type\":\"SearchAction\",\"target\":{\"@type\":\"EntryPoint\",\"urlTemplate\":\"https:\/\/www.onetimenexttime.sk\/arduino\/?s={search_term_string}\"},\"query-input\":{\"@type\":\"PropertyValueSpecification\",\"valueRequired\":true,\"valueName\":\"search_term_string\"}}],\"inLanguage\":\"sk-SK\"}]}<\/script>\n<!-- \/ Yoast SEO plugin. -->","yoast_head_json":{"title":"KY-035 Class Bihor Analog Hall Magnetic Sensor Module 3pin - Arduino e-shop","robots":{"index":"index","follow":"follow","max-snippet":"max-snippet:-1","max-image-preview":"max-image-preview:large","max-video-preview":"max-video-preview:-1"},"canonical":"https:\/\/www.onetimenexttime.sk\/arduino\/index.php\/produkt\/ky-035-class-bihor-analog-hall-magnetic-sensor-module-3pin\/","og_locale":"sk_SK","og_type":"article","og_title":"KY-035 Class Bihor Analog Hall Magnetic Sensor Module 3pin - Arduino e-shop","og_description":"ChatGPT Modul analogov\u00e9ho Hallovho magnetick\u00e9ho senzora KY-035 Popis: Modul analogov\u00e9ho Hallovho magnetick\u00e9ho senzora KY-035 je senzor na b\u00e1ze Hallovho efektu,&hellip;","og_url":"https:\/\/www.onetimenexttime.sk\/arduino\/index.php\/produkt\/ky-035-class-bihor-analog-hall-magnetic-sensor-module-3pin\/","og_site_name":"Arduino e-shop","article_modified_time":"2024-02-22T14:51:36+00:00","og_image":[{"width":539,"height":534,"url":"https:\/\/www.onetimenexttime.sk\/arduino\/wp-content\/uploads\/2021\/11\/1702.jpg","type":"image\/jpeg"}],"twitter_card":"summary_large_image","twitter_misc":{"Predpokladan\u00fd \u010das \u010d\u00edtania":"1 min\u00fata"},"schema":{"@context":"https:\/\/schema.org","@graph":[{"@type":"WebPage","@id":"https:\/\/www.onetimenexttime.sk\/arduino\/index.php\/produkt\/ky-035-class-bihor-analog-hall-magnetic-sensor-module-3pin\/","url":"https:\/\/www.onetimenexttime.sk\/arduino\/index.php\/produkt\/ky-035-class-bihor-analog-hall-magnetic-sensor-module-3pin\/","name":"KY-035 Class Bihor Analog Hall Magnetic Sensor Module 3pin - Arduino e-shop","isPartOf":{"@id":"https:\/\/www.onetimenexttime.sk\/arduino\/#website"},"primaryImageOfPage":{"@id":"https:\/\/www.onetimenexttime.sk\/arduino\/index.php\/produkt\/ky-035-class-bihor-analog-hall-magnetic-sensor-module-3pin\/#primaryimage"},"image":{"@id":"https:\/\/www.onetimenexttime.sk\/arduino\/index.php\/produkt\/ky-035-class-bihor-analog-hall-magnetic-sensor-module-3pin\/#primaryimage"},"thumbnailUrl":"https:\/\/www.onetimenexttime.sk\/arduino\/wp-content\/uploads\/2021\/11\/1702.jpg","datePublished":"2021-11-16T04:27:00+00:00","dateModified":"2024-02-22T14:51:36+00:00","breadcrumb":{"@id":"https:\/\/www.onetimenexttime.sk\/arduino\/index.php\/produkt\/ky-035-class-bihor-analog-hall-magnetic-sensor-module-3pin\/#breadcrumb"},"inLanguage":"sk-SK","potentialAction":[{"@type":"ReadAction","target":["https:\/\/www.onetimenexttime.sk\/arduino\/index.php\/produkt\/ky-035-class-bihor-analog-hall-magnetic-sensor-module-3pin\/"]}]},{"@type":"ImageObject","inLanguage":"sk-SK","@id":"https:\/\/www.onetimenexttime.sk\/arduino\/index.php\/produkt\/ky-035-class-bihor-analog-hall-magnetic-sensor-module-3pin\/#primaryimage","url":"https:\/\/www.onetimenexttime.sk\/arduino\/wp-content\/uploads\/2021\/11\/1702.jpg","contentUrl":"https:\/\/www.onetimenexttime.sk\/arduino\/wp-content\/uploads\/2021\/11\/1702.jpg","width":539,"height":534},{"@type":"BreadcrumbList","@id":"https:\/\/www.onetimenexttime.sk\/arduino\/index.php\/produkt\/ky-035-class-bihor-analog-hall-magnetic-sensor-module-3pin\/#breadcrumb","itemListElement":[{"@type":"ListItem","position":1,"name":"Domov","item":"https:\/\/www.onetimenexttime.sk\/arduino\/"},{"@type":"ListItem","position":2,"name":"Obchod","item":"https:\/\/www.onetimenexttime.sk\/arduino\/"},{"@type":"ListItem","position":3,"name":"KY-035 Class Bihor Analog Hall Magnetic Sensor Module 3pin"}]},{"@type":"WebSite","@id":"https:\/\/www.onetimenexttime.sk\/arduino\/#website","url":"https:\/\/www.onetimenexttime.sk\/arduino\/","name":"Arduino e-shop","description":"Home Assistant","potentialAction":[{"@type":"SearchAction","target":{"@type":"EntryPoint","urlTemplate":"https:\/\/www.onetimenexttime.sk\/arduino\/?s={search_term_string}"},"query-input":{"@type":"PropertyValueSpecification","valueRequired":true,"valueName":"search_term_string"}}],"inLanguage":"sk-SK"}]}},"_links":{"self":[{"href":"https:\/\/www.onetimenexttime.sk\/arduino\/index.php\/wp-json\/wp\/v2\/product\/1440"}],"collection":[{"href":"https:\/\/www.onetimenexttime.sk\/arduino\/index.php\/wp-json\/wp\/v2\/product"}],"about":[{"href":"https:\/\/www.onetimenexttime.sk\/arduino\/index.php\/wp-json\/wp\/v2\/types\/product"}],"wp:featuredmedia":[{"embeddable":true,"href":"https:\/\/www.onetimenexttime.sk\/arduino\/index.php\/wp-json\/wp\/v2\/media\/1441"}],"wp:attachment":[{"href":"https:\/\/www.onetimenexttime.sk\/arduino\/index.php\/wp-json\/wp\/v2\/media?parent=1440"}],"wp:term":[{"taxonomy":"product_cat","embeddable":true,"href":"https:\/\/www.onetimenexttime.sk\/arduino\/index.php\/wp-json\/wp\/v2\/product_cat?post=1440"},{"taxonomy":"product_tag","embeddable":true,"href":"https:\/\/www.onetimenexttime.sk\/arduino\/index.php\/wp-json\/wp\/v2\/product_tag?post=1440"}],"curies":[{"name":"wp","href":"https:\/\/api.w.org\/{rel}","templated":true}]}}