{"id":1436,"date":"2021-11-15T21:03:25","date_gmt":"2021-11-15T20:03:25","guid":{"rendered":"https:\/\/www.onetimenexttime.sk\/arduino\/?post_type=product&#038;p=1436"},"modified":"2021-11-15T21:07:41","modified_gmt":"2021-11-15T20:07:41","slug":"light-operated-switch-light-control-on-off-switching-module-photosensitive-electronic-suit-dc-5-6v","status":"publish","type":"product","link":"https:\/\/www.onetimenexttime.sk\/arduino\/index.php\/produkt\/light-operated-switch-light-control-on-off-switching-module-photosensitive-electronic-suit-dc-5-6v\/","title":{"rendered":"Light-Operated Switch Light Control On\/Off Switching Module Photosensitive Electronic Suit DC 5-6V"},"content":{"rendered":"<h2>Svetlo ovl\u00e1dan\u00fd sp\u00edna\u010d Ovl\u00e1danie svetla Sp\u00ednac\u00ed modul Zap\/Vyp Fotosenzit\u00edvny elektronick\u00fd oblek DC 5-6V<\/h2>\n<p>&nbsp;<\/p>\n<p>Re\u017eim sp\u00fa\u0161\u0165ania a re\u017eim v\u00fdstupu.<br \/>\n1).Nastavte re\u017eim sp\u00fa\u0161\u0165ania pomocou JMP1:<br \/>\nRe\u017eim spustenia svetla: Rel\u00e9 vypnut\u00e9 v tmavom prostred\u00ed. Rel\u00e9 zapnut\u00e9 v jasnom prostred\u00ed. 1-3<br \/>\nRe\u017eim tmav\u00e9ho spustenia: Rel\u00e9 ZAP v tmavom prostred\u00ed. Rel\u00e9 vypnut\u00e9 v jasnom prostred\u00ed.2-4<br \/>\n2).Nastav v\u00fdstupn\u00fd re\u017eim pomocou JMP2:<br \/>\n1-2: Rel\u00e9 m\u00f4\u017ee fungova\u0165<br \/>\n2-3: Rel\u00e9 nesmie fungova\u0165<\/p>\n<p><strong>Preh\u013ead<\/strong><\/p>\n<p>Model: OPS-1<br \/>\nVe\u013ekos\u0165: 45*38mm<br \/>\nPracovn\u00e9 nap\u00e4tie: 5-6V<\/p>\n<p>&nbsp;<\/p>\n<p><img decoding=\"async\" src=\"https:\/\/ae01.alicdn.com\/kf\/HTB1iOATRpXXXXb2XFXXq6xXFXXXr.jpg?size=130204&amp;height=654&amp;width=924&amp;hash=1eeaf80e029cc91fe687abe3bc0c3790\" alt=\"04\" data-spm-anchor-id=\"a2g0o.detail.1000023.i2.14e424f7xfSTjJ\" \/><\/p>\n","protected":false},"excerpt":{"rendered":"<p>Svetlo ovl\u00e1dan\u00fd sp\u00edna\u010d Ovl\u00e1danie svetla Sp\u00ednac\u00ed modul Zap\/Vyp Fotosenzit\u00edvny elektronick\u00fd oblek DC 5-6V &nbsp; Re\u017eim sp\u00fa\u0161\u0165ania a re\u017eim v\u00fdstupu. 1).Nastavte&hellip;<\/p>\n","protected":false},"featured_media":1437,"template":"","meta":{"_monsterinsights_skip_tracking":false,"_monsterinsights_sitenote_active":false,"_monsterinsights_sitenote_note":"","_monsterinsights_sitenote_category":0},"product_cat":[16,68,17],"product_tag":[],"class_list":{"0":"post-1436","1":"product","2":"type-product","3":"status-publish","4":"has-post-thumbnail","6":"product_cat-ard","7":"product_cat-light","8":"product_cat-modul","10":"first","11":"instock","12":"shipping-taxable","13":"purchasable","14":"product-type-simple"},"yoast_head":"<!-- This site is optimized with the Yoast SEO plugin v23.6 - https:\/\/yoast.com\/wordpress\/plugins\/seo\/ -->\n<title>Light-Operated Switch Light Control On\/Off Switching Module Photosensitive Electronic Suit DC 5-6V - Arduino e-shop<\/title>\n<meta name=\"robots\" content=\"index, follow, max-snippet:-1, max-image-preview:large, max-video-preview:-1\" \/>\n<link rel=\"canonical\" href=\"https:\/\/www.onetimenexttime.sk\/arduino\/index.php\/produkt\/light-operated-switch-light-control-on-off-switching-module-photosensitive-electronic-suit-dc-5-6v\/\" \/>\n<meta property=\"og:locale\" content=\"sk_SK\" \/>\n<meta property=\"og:type\" content=\"article\" \/>\n<meta property=\"og:title\" content=\"Light-Operated Switch Light Control On\/Off Switching Module Photosensitive Electronic Suit DC 5-6V - Arduino e-shop\" \/>\n<meta property=\"og:description\" content=\"Svetlo ovl\u00e1dan\u00fd sp\u00edna\u010d Ovl\u00e1danie svetla Sp\u00ednac\u00ed modul Zap\/Vyp Fotosenzit\u00edvny elektronick\u00fd oblek DC 5-6V &nbsp; Re\u017eim sp\u00fa\u0161\u0165ania a re\u017eim v\u00fdstupu. 1).Nastavte&hellip;\" \/>\n<meta property=\"og:url\" content=\"https:\/\/www.onetimenexttime.sk\/arduino\/index.php\/produkt\/light-operated-switch-light-control-on-off-switching-module-photosensitive-electronic-suit-dc-5-6v\/\" \/>\n<meta property=\"og:site_name\" content=\"Arduino e-shop\" \/>\n<meta property=\"article:modified_time\" content=\"2021-11-15T20:07:41+00:00\" \/>\n<meta property=\"og:image\" content=\"https:\/\/www.onetimenexttime.sk\/arduino\/wp-content\/uploads\/2021\/11\/1705.jpg\" \/>\n\t<meta property=\"og:image:width\" content=\"539\" \/>\n\t<meta property=\"og:image:height\" content=\"534\" \/>\n\t<meta property=\"og:image:type\" content=\"image\/jpeg\" \/>\n<meta name=\"twitter:card\" content=\"summary_large_image\" \/>\n<meta name=\"twitter:label1\" content=\"Predpokladan\u00fd \u010das \u010d\u00edtania\" \/>\n\t<meta name=\"twitter:data1\" content=\"1 min\u00fata\" \/>\n<script type=\"application\/ld+json\" class=\"yoast-schema-graph\">{\"@context\":\"https:\/\/schema.org\",\"@graph\":[{\"@type\":\"WebPage\",\"@id\":\"https:\/\/www.onetimenexttime.sk\/arduino\/index.php\/produkt\/light-operated-switch-light-control-on-off-switching-module-photosensitive-electronic-suit-dc-5-6v\/\",\"url\":\"https:\/\/www.onetimenexttime.sk\/arduino\/index.php\/produkt\/light-operated-switch-light-control-on-off-switching-module-photosensitive-electronic-suit-dc-5-6v\/\",\"name\":\"Light-Operated Switch Light Control On\/Off Switching Module Photosensitive Electronic Suit DC 5-6V - Arduino e-shop\",\"isPartOf\":{\"@id\":\"https:\/\/www.onetimenexttime.sk\/arduino\/#website\"},\"primaryImageOfPage\":{\"@id\":\"https:\/\/www.onetimenexttime.sk\/arduino\/index.php\/produkt\/light-operated-switch-light-control-on-off-switching-module-photosensitive-electronic-suit-dc-5-6v\/#primaryimage\"},\"image\":{\"@id\":\"https:\/\/www.onetimenexttime.sk\/arduino\/index.php\/produkt\/light-operated-switch-light-control-on-off-switching-module-photosensitive-electronic-suit-dc-5-6v\/#primaryimage\"},\"thumbnailUrl\":\"https:\/\/www.onetimenexttime.sk\/arduino\/wp-content\/uploads\/2021\/11\/1705.jpg\",\"datePublished\":\"2021-11-15T20:03:25+00:00\",\"dateModified\":\"2021-11-15T20:07:41+00:00\",\"breadcrumb\":{\"@id\":\"https:\/\/www.onetimenexttime.sk\/arduino\/index.php\/produkt\/light-operated-switch-light-control-on-off-switching-module-photosensitive-electronic-suit-dc-5-6v\/#breadcrumb\"},\"inLanguage\":\"sk-SK\",\"potentialAction\":[{\"@type\":\"ReadAction\",\"target\":[\"https:\/\/www.onetimenexttime.sk\/arduino\/index.php\/produkt\/light-operated-switch-light-control-on-off-switching-module-photosensitive-electronic-suit-dc-5-6v\/\"]}]},{\"@type\":\"ImageObject\",\"inLanguage\":\"sk-SK\",\"@id\":\"https:\/\/www.onetimenexttime.sk\/arduino\/index.php\/produkt\/light-operated-switch-light-control-on-off-switching-module-photosensitive-electronic-suit-dc-5-6v\/#primaryimage\",\"url\":\"https:\/\/www.onetimenexttime.sk\/arduino\/wp-content\/uploads\/2021\/11\/1705.jpg\",\"contentUrl\":\"https:\/\/www.onetimenexttime.sk\/arduino\/wp-content\/uploads\/2021\/11\/1705.jpg\",\"width\":539,\"height\":534},{\"@type\":\"BreadcrumbList\",\"@id\":\"https:\/\/www.onetimenexttime.sk\/arduino\/index.php\/produkt\/light-operated-switch-light-control-on-off-switching-module-photosensitive-electronic-suit-dc-5-6v\/#breadcrumb\",\"itemListElement\":[{\"@type\":\"ListItem\",\"position\":1,\"name\":\"Domov\",\"item\":\"https:\/\/www.onetimenexttime.sk\/arduino\/\"},{\"@type\":\"ListItem\",\"position\":2,\"name\":\"Obchod\",\"item\":\"https:\/\/www.onetimenexttime.sk\/arduino\/\"},{\"@type\":\"ListItem\",\"position\":3,\"name\":\"Light-Operated Switch Light Control On\/Off Switching Module Photosensitive Electronic Suit DC 5-6V\"}]},{\"@type\":\"WebSite\",\"@id\":\"https:\/\/www.onetimenexttime.sk\/arduino\/#website\",\"url\":\"https:\/\/www.onetimenexttime.sk\/arduino\/\",\"name\":\"Arduino e-shop\",\"description\":\"Home Assistant\",\"potentialAction\":[{\"@type\":\"SearchAction\",\"target\":{\"@type\":\"EntryPoint\",\"urlTemplate\":\"https:\/\/www.onetimenexttime.sk\/arduino\/?s={search_term_string}\"},\"query-input\":{\"@type\":\"PropertyValueSpecification\",\"valueRequired\":true,\"valueName\":\"search_term_string\"}}],\"inLanguage\":\"sk-SK\"}]}<\/script>\n<!-- \/ Yoast SEO plugin. -->","yoast_head_json":{"title":"Light-Operated Switch Light Control On\/Off Switching Module Photosensitive Electronic Suit DC 5-6V - Arduino e-shop","robots":{"index":"index","follow":"follow","max-snippet":"max-snippet:-1","max-image-preview":"max-image-preview:large","max-video-preview":"max-video-preview:-1"},"canonical":"https:\/\/www.onetimenexttime.sk\/arduino\/index.php\/produkt\/light-operated-switch-light-control-on-off-switching-module-photosensitive-electronic-suit-dc-5-6v\/","og_locale":"sk_SK","og_type":"article","og_title":"Light-Operated Switch Light Control On\/Off Switching Module Photosensitive Electronic Suit DC 5-6V - Arduino e-shop","og_description":"Svetlo ovl\u00e1dan\u00fd sp\u00edna\u010d Ovl\u00e1danie svetla Sp\u00ednac\u00ed modul Zap\/Vyp Fotosenzit\u00edvny elektronick\u00fd oblek DC 5-6V &nbsp; Re\u017eim sp\u00fa\u0161\u0165ania a re\u017eim v\u00fdstupu. 1).Nastavte&hellip;","og_url":"https:\/\/www.onetimenexttime.sk\/arduino\/index.php\/produkt\/light-operated-switch-light-control-on-off-switching-module-photosensitive-electronic-suit-dc-5-6v\/","og_site_name":"Arduino e-shop","article_modified_time":"2021-11-15T20:07:41+00:00","og_image":[{"width":539,"height":534,"url":"https:\/\/www.onetimenexttime.sk\/arduino\/wp-content\/uploads\/2021\/11\/1705.jpg","type":"image\/jpeg"}],"twitter_card":"summary_large_image","twitter_misc":{"Predpokladan\u00fd \u010das \u010d\u00edtania":"1 min\u00fata"},"schema":{"@context":"https:\/\/schema.org","@graph":[{"@type":"WebPage","@id":"https:\/\/www.onetimenexttime.sk\/arduino\/index.php\/produkt\/light-operated-switch-light-control-on-off-switching-module-photosensitive-electronic-suit-dc-5-6v\/","url":"https:\/\/www.onetimenexttime.sk\/arduino\/index.php\/produkt\/light-operated-switch-light-control-on-off-switching-module-photosensitive-electronic-suit-dc-5-6v\/","name":"Light-Operated Switch Light Control On\/Off Switching Module Photosensitive Electronic Suit DC 5-6V - Arduino e-shop","isPartOf":{"@id":"https:\/\/www.onetimenexttime.sk\/arduino\/#website"},"primaryImageOfPage":{"@id":"https:\/\/www.onetimenexttime.sk\/arduino\/index.php\/produkt\/light-operated-switch-light-control-on-off-switching-module-photosensitive-electronic-suit-dc-5-6v\/#primaryimage"},"image":{"@id":"https:\/\/www.onetimenexttime.sk\/arduino\/index.php\/produkt\/light-operated-switch-light-control-on-off-switching-module-photosensitive-electronic-suit-dc-5-6v\/#primaryimage"},"thumbnailUrl":"https:\/\/www.onetimenexttime.sk\/arduino\/wp-content\/uploads\/2021\/11\/1705.jpg","datePublished":"2021-11-15T20:03:25+00:00","dateModified":"2021-11-15T20:07:41+00:00","breadcrumb":{"@id":"https:\/\/www.onetimenexttime.sk\/arduino\/index.php\/produkt\/light-operated-switch-light-control-on-off-switching-module-photosensitive-electronic-suit-dc-5-6v\/#breadcrumb"},"inLanguage":"sk-SK","potentialAction":[{"@type":"ReadAction","target":["https:\/\/www.onetimenexttime.sk\/arduino\/index.php\/produkt\/light-operated-switch-light-control-on-off-switching-module-photosensitive-electronic-suit-dc-5-6v\/"]}]},{"@type":"ImageObject","inLanguage":"sk-SK","@id":"https:\/\/www.onetimenexttime.sk\/arduino\/index.php\/produkt\/light-operated-switch-light-control-on-off-switching-module-photosensitive-electronic-suit-dc-5-6v\/#primaryimage","url":"https:\/\/www.onetimenexttime.sk\/arduino\/wp-content\/uploads\/2021\/11\/1705.jpg","contentUrl":"https:\/\/www.onetimenexttime.sk\/arduino\/wp-content\/uploads\/2021\/11\/1705.jpg","width":539,"height":534},{"@type":"BreadcrumbList","@id":"https:\/\/www.onetimenexttime.sk\/arduino\/index.php\/produkt\/light-operated-switch-light-control-on-off-switching-module-photosensitive-electronic-suit-dc-5-6v\/#breadcrumb","itemListElement":[{"@type":"ListItem","position":1,"name":"Domov","item":"https:\/\/www.onetimenexttime.sk\/arduino\/"},{"@type":"ListItem","position":2,"name":"Obchod","item":"https:\/\/www.onetimenexttime.sk\/arduino\/"},{"@type":"ListItem","position":3,"name":"Light-Operated Switch Light Control On\/Off Switching Module Photosensitive Electronic Suit DC 5-6V"}]},{"@type":"WebSite","@id":"https:\/\/www.onetimenexttime.sk\/arduino\/#website","url":"https:\/\/www.onetimenexttime.sk\/arduino\/","name":"Arduino e-shop","description":"Home Assistant","potentialAction":[{"@type":"SearchAction","target":{"@type":"EntryPoint","urlTemplate":"https:\/\/www.onetimenexttime.sk\/arduino\/?s={search_term_string}"},"query-input":{"@type":"PropertyValueSpecification","valueRequired":true,"valueName":"search_term_string"}}],"inLanguage":"sk-SK"}]}},"_links":{"self":[{"href":"https:\/\/www.onetimenexttime.sk\/arduino\/index.php\/wp-json\/wp\/v2\/product\/1436"}],"collection":[{"href":"https:\/\/www.onetimenexttime.sk\/arduino\/index.php\/wp-json\/wp\/v2\/product"}],"about":[{"href":"https:\/\/www.onetimenexttime.sk\/arduino\/index.php\/wp-json\/wp\/v2\/types\/product"}],"wp:featuredmedia":[{"embeddable":true,"href":"https:\/\/www.onetimenexttime.sk\/arduino\/index.php\/wp-json\/wp\/v2\/media\/1437"}],"wp:attachment":[{"href":"https:\/\/www.onetimenexttime.sk\/arduino\/index.php\/wp-json\/wp\/v2\/media?parent=1436"}],"wp:term":[{"taxonomy":"product_cat","embeddable":true,"href":"https:\/\/www.onetimenexttime.sk\/arduino\/index.php\/wp-json\/wp\/v2\/product_cat?post=1436"},{"taxonomy":"product_tag","embeddable":true,"href":"https:\/\/www.onetimenexttime.sk\/arduino\/index.php\/wp-json\/wp\/v2\/product_tag?post=1436"}],"curies":[{"name":"wp","href":"https:\/\/api.w.org\/{rel}","templated":true}]}}