{"id":1432,"date":"2021-11-15T20:52:57","date_gmt":"2021-11-15T19:52:57","guid":{"rendered":"https:\/\/www.onetimenexttime.sk\/arduino\/?post_type=product&#038;p=1432"},"modified":"2021-11-15T20:55:18","modified_gmt":"2021-11-15T19:55:18","slug":"xh-w1401-intelligent-digital-temperature-controller-thermostat","status":"publish","type":"product","link":"https:\/\/www.onetimenexttime.sk\/arduino\/index.php\/produkt\/xh-w1401-intelligent-digital-temperature-controller-thermostat\/","title":{"rendered":"XH-W1401 intelligent digital temperature controller thermostat"},"content":{"rendered":"<h2>Inteligentn\u00fd digit\u00e1lny regul\u00e1tor teploty XH-W1401<\/h2>\n<p>Inteligentn\u00fd digit\u00e1lny regul\u00e1tor teploty XH-W1401<\/p>\n<p>1.Vysokoteplotn\u00fd \u0161tart-re\u017eim chladenia: Ke\u010f je po\u010diato\u010dn\u00e1 teplota nastaven\u00e1 hodnota&gt; hodnota zastavenia teploty, ke\u010f je zisten\u00e1 teplota \u2265 po\u010diato\u010dn\u00e1 teplota, rel\u00e9 je zatvoren\u00e9, pr\u00e1ca chladiaceho zariadenia; ke\u010f je zisten\u00e1 teplota \u2264 stop teplota, rel\u00e9 je otvoren\u00e9, chladiace zariadenie prestane fungova\u0165. Napr\u00edklad: na nastavenie po\u010diato\u010dnej teploty 30\u00b0, zastavovacej teploty 25\u00b0, ke\u010f je zisten\u00e1 hodnota teploty \u226530\u00b0 Ke\u010f je rel\u00e9 zopnut\u00e9, rozsvieti sa kontrolka \u0161tartu (\u010derven\u00e1); ke\u010f je zisten\u00e1 hodnota teploty \u226425 Ke\u010f \u00b0, rel\u00e9 je vypnut\u00e9, brzdov\u00e9 svetl\u00e1 (zelen\u00e9) svietia.<\/p>\n<p>2.Studen\u00fd \u0161tart-re\u017eim vykurovania:Ke\u010f je po\u010diato\u010dn\u00e1 teplota nastaven\u00e1 na hodnotu 25\u00b0, teplota zastavenia 30\u00b0, ke\u010f je zisten\u00e1 hodnota teploty \u226425\u00b0, ke\u010f je rel\u00e9 zatvoren\u00e9, rozsvieti sa kontrolka \u0161tartu (\u010derven\u00e1); ke\u010f je zisten\u00e1 hodnota teploty \u226530 Ke\u010f \u00b0, rel\u00e9 vypnut\u00e9, brzdov\u00e9 svetl\u00e1 (zelen\u00e9) svietia.<\/p>\n<p>&nbsp;<\/p>\n<p><img decoding=\"async\" src=\"https:\/\/ae01.alicdn.com\/kf\/Hf9bd63d8340244aabcb4e99f03eaf2aaG.jpg?width=800&amp;height=800&amp;hash=1600\" data-spm-anchor-id=\"a2g0o.detail.1000023.i0.74893e6abM8pgw\" \/><\/p>\n","protected":false},"excerpt":{"rendered":"<p>Inteligentn\u00fd digit\u00e1lny regul\u00e1tor teploty XH-W1401 Inteligentn\u00fd digit\u00e1lny regul\u00e1tor teploty XH-W1401 1.Vysokoteplotn\u00fd \u0161tart-re\u017eim chladenia: Ke\u010f je po\u010diato\u010dn\u00e1 teplota nastaven\u00e1 hodnota&gt; hodnota&hellip;<\/p>\n","protected":false},"featured_media":1433,"template":"","meta":{"_monsterinsights_skip_tracking":false,"_monsterinsights_sitenote_active":false,"_monsterinsights_sitenote_note":"","_monsterinsights_sitenote_category":0},"product_cat":[16,17,42,67],"product_tag":[],"class_list":{"0":"post-1432","1":"product","2":"type-product","3":"status-publish","4":"has-post-thumbnail","6":"product_cat-ard","7":"product_cat-modul","8":"product_cat-smart","9":"product_cat-temperature","11":"first","12":"instock","13":"shipping-taxable","14":"purchasable","15":"product-type-simple"},"yoast_head":"<!-- This site is optimized with the Yoast SEO plugin v23.6 - https:\/\/yoast.com\/wordpress\/plugins\/seo\/ -->\n<title>XH-W1401 intelligent digital temperature controller thermostat - Arduino e-shop<\/title>\n<meta name=\"robots\" content=\"index, follow, max-snippet:-1, max-image-preview:large, max-video-preview:-1\" \/>\n<link rel=\"canonical\" href=\"https:\/\/www.onetimenexttime.sk\/arduino\/index.php\/produkt\/xh-w1401-intelligent-digital-temperature-controller-thermostat\/\" \/>\n<meta property=\"og:locale\" content=\"sk_SK\" \/>\n<meta property=\"og:type\" content=\"article\" \/>\n<meta property=\"og:title\" content=\"XH-W1401 intelligent digital temperature controller thermostat - Arduino e-shop\" \/>\n<meta property=\"og:description\" content=\"Inteligentn\u00fd digit\u00e1lny regul\u00e1tor teploty XH-W1401 Inteligentn\u00fd digit\u00e1lny regul\u00e1tor teploty XH-W1401 1.Vysokoteplotn\u00fd \u0161tart-re\u017eim chladenia: Ke\u010f je po\u010diato\u010dn\u00e1 teplota nastaven\u00e1 hodnota&gt; hodnota&hellip;\" \/>\n<meta property=\"og:url\" content=\"https:\/\/www.onetimenexttime.sk\/arduino\/index.php\/produkt\/xh-w1401-intelligent-digital-temperature-controller-thermostat\/\" \/>\n<meta property=\"og:site_name\" content=\"Arduino e-shop\" \/>\n<meta property=\"article:modified_time\" content=\"2021-11-15T19:55:18+00:00\" \/>\n<meta property=\"og:image\" content=\"https:\/\/www.onetimenexttime.sk\/arduino\/wp-content\/uploads\/2021\/11\/1735.jpg\" \/>\n\t<meta property=\"og:image:width\" content=\"539\" \/>\n\t<meta property=\"og:image:height\" content=\"534\" \/>\n\t<meta property=\"og:image:type\" content=\"image\/jpeg\" \/>\n<meta name=\"twitter:card\" content=\"summary_large_image\" \/>\n<meta name=\"twitter:label1\" content=\"Predpokladan\u00fd \u010das \u010d\u00edtania\" \/>\n\t<meta name=\"twitter:data1\" content=\"1 min\u00fata\" \/>\n<script type=\"application\/ld+json\" class=\"yoast-schema-graph\">{\"@context\":\"https:\/\/schema.org\",\"@graph\":[{\"@type\":\"WebPage\",\"@id\":\"https:\/\/www.onetimenexttime.sk\/arduino\/index.php\/produkt\/xh-w1401-intelligent-digital-temperature-controller-thermostat\/\",\"url\":\"https:\/\/www.onetimenexttime.sk\/arduino\/index.php\/produkt\/xh-w1401-intelligent-digital-temperature-controller-thermostat\/\",\"name\":\"XH-W1401 intelligent digital temperature controller thermostat - Arduino e-shop\",\"isPartOf\":{\"@id\":\"https:\/\/www.onetimenexttime.sk\/arduino\/#website\"},\"primaryImageOfPage\":{\"@id\":\"https:\/\/www.onetimenexttime.sk\/arduino\/index.php\/produkt\/xh-w1401-intelligent-digital-temperature-controller-thermostat\/#primaryimage\"},\"image\":{\"@id\":\"https:\/\/www.onetimenexttime.sk\/arduino\/index.php\/produkt\/xh-w1401-intelligent-digital-temperature-controller-thermostat\/#primaryimage\"},\"thumbnailUrl\":\"https:\/\/www.onetimenexttime.sk\/arduino\/wp-content\/uploads\/2021\/11\/1735.jpg\",\"datePublished\":\"2021-11-15T19:52:57+00:00\",\"dateModified\":\"2021-11-15T19:55:18+00:00\",\"breadcrumb\":{\"@id\":\"https:\/\/www.onetimenexttime.sk\/arduino\/index.php\/produkt\/xh-w1401-intelligent-digital-temperature-controller-thermostat\/#breadcrumb\"},\"inLanguage\":\"sk-SK\",\"potentialAction\":[{\"@type\":\"ReadAction\",\"target\":[\"https:\/\/www.onetimenexttime.sk\/arduino\/index.php\/produkt\/xh-w1401-intelligent-digital-temperature-controller-thermostat\/\"]}]},{\"@type\":\"ImageObject\",\"inLanguage\":\"sk-SK\",\"@id\":\"https:\/\/www.onetimenexttime.sk\/arduino\/index.php\/produkt\/xh-w1401-intelligent-digital-temperature-controller-thermostat\/#primaryimage\",\"url\":\"https:\/\/www.onetimenexttime.sk\/arduino\/wp-content\/uploads\/2021\/11\/1735.jpg\",\"contentUrl\":\"https:\/\/www.onetimenexttime.sk\/arduino\/wp-content\/uploads\/2021\/11\/1735.jpg\",\"width\":539,\"height\":534},{\"@type\":\"BreadcrumbList\",\"@id\":\"https:\/\/www.onetimenexttime.sk\/arduino\/index.php\/produkt\/xh-w1401-intelligent-digital-temperature-controller-thermostat\/#breadcrumb\",\"itemListElement\":[{\"@type\":\"ListItem\",\"position\":1,\"name\":\"Domov\",\"item\":\"https:\/\/www.onetimenexttime.sk\/arduino\/\"},{\"@type\":\"ListItem\",\"position\":2,\"name\":\"Obchod\",\"item\":\"https:\/\/www.onetimenexttime.sk\/arduino\/\"},{\"@type\":\"ListItem\",\"position\":3,\"name\":\"XH-W1401 intelligent digital temperature controller thermostat\"}]},{\"@type\":\"WebSite\",\"@id\":\"https:\/\/www.onetimenexttime.sk\/arduino\/#website\",\"url\":\"https:\/\/www.onetimenexttime.sk\/arduino\/\",\"name\":\"Arduino e-shop\",\"description\":\"Home Assistant\",\"potentialAction\":[{\"@type\":\"SearchAction\",\"target\":{\"@type\":\"EntryPoint\",\"urlTemplate\":\"https:\/\/www.onetimenexttime.sk\/arduino\/?s={search_term_string}\"},\"query-input\":{\"@type\":\"PropertyValueSpecification\",\"valueRequired\":true,\"valueName\":\"search_term_string\"}}],\"inLanguage\":\"sk-SK\"}]}<\/script>\n<!-- \/ Yoast SEO plugin. -->","yoast_head_json":{"title":"XH-W1401 intelligent digital temperature controller thermostat - Arduino e-shop","robots":{"index":"index","follow":"follow","max-snippet":"max-snippet:-1","max-image-preview":"max-image-preview:large","max-video-preview":"max-video-preview:-1"},"canonical":"https:\/\/www.onetimenexttime.sk\/arduino\/index.php\/produkt\/xh-w1401-intelligent-digital-temperature-controller-thermostat\/","og_locale":"sk_SK","og_type":"article","og_title":"XH-W1401 intelligent digital temperature controller thermostat - Arduino e-shop","og_description":"Inteligentn\u00fd digit\u00e1lny regul\u00e1tor teploty XH-W1401 Inteligentn\u00fd digit\u00e1lny regul\u00e1tor teploty XH-W1401 1.Vysokoteplotn\u00fd \u0161tart-re\u017eim chladenia: Ke\u010f je po\u010diato\u010dn\u00e1 teplota nastaven\u00e1 hodnota&gt; hodnota&hellip;","og_url":"https:\/\/www.onetimenexttime.sk\/arduino\/index.php\/produkt\/xh-w1401-intelligent-digital-temperature-controller-thermostat\/","og_site_name":"Arduino e-shop","article_modified_time":"2021-11-15T19:55:18+00:00","og_image":[{"width":539,"height":534,"url":"https:\/\/www.onetimenexttime.sk\/arduino\/wp-content\/uploads\/2021\/11\/1735.jpg","type":"image\/jpeg"}],"twitter_card":"summary_large_image","twitter_misc":{"Predpokladan\u00fd \u010das \u010d\u00edtania":"1 min\u00fata"},"schema":{"@context":"https:\/\/schema.org","@graph":[{"@type":"WebPage","@id":"https:\/\/www.onetimenexttime.sk\/arduino\/index.php\/produkt\/xh-w1401-intelligent-digital-temperature-controller-thermostat\/","url":"https:\/\/www.onetimenexttime.sk\/arduino\/index.php\/produkt\/xh-w1401-intelligent-digital-temperature-controller-thermostat\/","name":"XH-W1401 intelligent digital temperature controller thermostat - Arduino e-shop","isPartOf":{"@id":"https:\/\/www.onetimenexttime.sk\/arduino\/#website"},"primaryImageOfPage":{"@id":"https:\/\/www.onetimenexttime.sk\/arduino\/index.php\/produkt\/xh-w1401-intelligent-digital-temperature-controller-thermostat\/#primaryimage"},"image":{"@id":"https:\/\/www.onetimenexttime.sk\/arduino\/index.php\/produkt\/xh-w1401-intelligent-digital-temperature-controller-thermostat\/#primaryimage"},"thumbnailUrl":"https:\/\/www.onetimenexttime.sk\/arduino\/wp-content\/uploads\/2021\/11\/1735.jpg","datePublished":"2021-11-15T19:52:57+00:00","dateModified":"2021-11-15T19:55:18+00:00","breadcrumb":{"@id":"https:\/\/www.onetimenexttime.sk\/arduino\/index.php\/produkt\/xh-w1401-intelligent-digital-temperature-controller-thermostat\/#breadcrumb"},"inLanguage":"sk-SK","potentialAction":[{"@type":"ReadAction","target":["https:\/\/www.onetimenexttime.sk\/arduino\/index.php\/produkt\/xh-w1401-intelligent-digital-temperature-controller-thermostat\/"]}]},{"@type":"ImageObject","inLanguage":"sk-SK","@id":"https:\/\/www.onetimenexttime.sk\/arduino\/index.php\/produkt\/xh-w1401-intelligent-digital-temperature-controller-thermostat\/#primaryimage","url":"https:\/\/www.onetimenexttime.sk\/arduino\/wp-content\/uploads\/2021\/11\/1735.jpg","contentUrl":"https:\/\/www.onetimenexttime.sk\/arduino\/wp-content\/uploads\/2021\/11\/1735.jpg","width":539,"height":534},{"@type":"BreadcrumbList","@id":"https:\/\/www.onetimenexttime.sk\/arduino\/index.php\/produkt\/xh-w1401-intelligent-digital-temperature-controller-thermostat\/#breadcrumb","itemListElement":[{"@type":"ListItem","position":1,"name":"Domov","item":"https:\/\/www.onetimenexttime.sk\/arduino\/"},{"@type":"ListItem","position":2,"name":"Obchod","item":"https:\/\/www.onetimenexttime.sk\/arduino\/"},{"@type":"ListItem","position":3,"name":"XH-W1401 intelligent digital temperature controller thermostat"}]},{"@type":"WebSite","@id":"https:\/\/www.onetimenexttime.sk\/arduino\/#website","url":"https:\/\/www.onetimenexttime.sk\/arduino\/","name":"Arduino e-shop","description":"Home Assistant","potentialAction":[{"@type":"SearchAction","target":{"@type":"EntryPoint","urlTemplate":"https:\/\/www.onetimenexttime.sk\/arduino\/?s={search_term_string}"},"query-input":{"@type":"PropertyValueSpecification","valueRequired":true,"valueName":"search_term_string"}}],"inLanguage":"sk-SK"}]}},"_links":{"self":[{"href":"https:\/\/www.onetimenexttime.sk\/arduino\/index.php\/wp-json\/wp\/v2\/product\/1432"}],"collection":[{"href":"https:\/\/www.onetimenexttime.sk\/arduino\/index.php\/wp-json\/wp\/v2\/product"}],"about":[{"href":"https:\/\/www.onetimenexttime.sk\/arduino\/index.php\/wp-json\/wp\/v2\/types\/product"}],"wp:featuredmedia":[{"embeddable":true,"href":"https:\/\/www.onetimenexttime.sk\/arduino\/index.php\/wp-json\/wp\/v2\/media\/1433"}],"wp:attachment":[{"href":"https:\/\/www.onetimenexttime.sk\/arduino\/index.php\/wp-json\/wp\/v2\/media?parent=1432"}],"wp:term":[{"taxonomy":"product_cat","embeddable":true,"href":"https:\/\/www.onetimenexttime.sk\/arduino\/index.php\/wp-json\/wp\/v2\/product_cat?post=1432"},{"taxonomy":"product_tag","embeddable":true,"href":"https:\/\/www.onetimenexttime.sk\/arduino\/index.php\/wp-json\/wp\/v2\/product_tag?post=1432"}],"curies":[{"name":"wp","href":"https:\/\/api.w.org\/{rel}","templated":true}]}}