{"id":1426,"date":"2021-11-15T20:16:41","date_gmt":"2021-11-15T19:16:41","guid":{"rendered":"https:\/\/www.onetimenexttime.sk\/arduino\/?post_type=product&#038;p=1426"},"modified":"2021-11-16T06:11:00","modified_gmt":"2021-11-16T05:11:00","slug":"temperature-sensor-module-ky-013","status":"publish","type":"product","link":"https:\/\/www.onetimenexttime.sk\/arduino\/index.php\/produkt\/temperature-sensor-module-ky-013\/","title":{"rendered":"Temperature sensor module KY-013"},"content":{"rendered":"<h2>Modul sn\u00edma\u010da teploty KY-013<\/h2>\n<p>&nbsp;<\/p>\n<p>Modul je zalo\u017een\u00fd na termistore (odpor sa zvy\u0161uje s teplotou okolia<\/p>\n<p>zmeny) funguje, pocit v re\u00e1lnom \u010dase, aby sme vedeli, \u017ee teplota okolit\u00e9ho prostredia sa men\u00ed, po\u0161leme d\u00e1ta na anal\u00f3gov\u00fd IO, potom pr\u00eddeme dole, pokia\u013e prejdeme jednoduch\u00fdm programovan\u00edm, budeme m\u00f4c\u0165 previes\u0165 v\u00fdstupn\u00e9 d\u00e1ta senzora Celzia hodnoty teploty a zobrazen\u00e9, je st\u00e1le \u013eahko pou\u017eite\u013en\u00fd, efekt\u00edvne, a preto sa \u0161iroko pou\u017e\u00edva v z\u00e1hradn\u00edctve, dom\u00e1cich alarmoch a in\u00fdch zariadeniach.<\/p>\n<p>Sp\u00f4sob aplik\u00e1cie<\/p>\n<p>A v\u0161eobecn\u00fd teplotn\u00fd senzor je rovnak\u00fd, s\u00fa trojriadkov\u00e9 balenie, ke\u010f pou\u017eijeme nap\u00e1jac\u00ed k\u00e1bel pripojen\u00fd OK v\u00fdstup sign\u00e1lu do konca na linke, preto\u017ee v\u00fdstup modulu je anal\u00f3gov\u00fd sign\u00e1l, chceme signalizova\u0165 v\u00fdstupn\u00fd termin\u00e1l pripojen\u00fd k Argument\u00e1cia anal\u00f3gov\u00e9ho IO pri vzorkovan\u00ed, aby sa spr\u00e1vne od\u010d\u00edtala hodnota teploty<\/p>\n<p>Testovac\u00ed k\u00f3d:<\/p>\n<p>double Thermister(int RawADC)<\/p>\n<p>double Temp;<\/p>\n<p>Temp = log(((10240000\/RawADC) &#8211; 10000));<\/p>\n<p>Temp = 1 \/ (0.001129148 + (0.000234125 + (0.0000000876741 * Temp * Temp ))* Temp );<\/p>\n<p>Temp = Temp &#8211; 273.15;\/\/ Convert Kelvin to Celcius<\/p>\n<p>return Temp;<\/p>\n<p>void setup<\/p>\n<p>Serial.begin(9600);<\/p>\n<p>void loop<\/p>\n<p>Serial.print(Thermister(analogRead(0)));<\/p>\n<p>Serial.println(&#8220;c&#8221;);<\/p>\n<p>delay(500);<\/p>\n","protected":false},"excerpt":{"rendered":"<p>Modul sn\u00edma\u010da teploty KY-013 &nbsp; Modul je zalo\u017een\u00fd na termistore (odpor sa zvy\u0161uje s teplotou okolia zmeny) funguje, pocit v&hellip;<\/p>\n","protected":false},"featured_media":1427,"template":"","meta":{"_monsterinsights_skip_tracking":false,"_monsterinsights_sitenote_active":false,"_monsterinsights_sitenote_note":"","_monsterinsights_sitenote_category":0},"product_cat":[16,17,69,67],"product_tag":[],"class_list":{"0":"post-1426","1":"product","2":"type-product","3":"status-publish","4":"has-post-thumbnail","6":"product_cat-ard","7":"product_cat-modul","8":"product_cat-sensors","9":"product_cat-temperature","11":"first","12":"instock","13":"shipping-taxable","14":"purchasable","15":"product-type-simple"},"yoast_head":"<!-- This site is optimized with the Yoast SEO plugin v23.6 - https:\/\/yoast.com\/wordpress\/plugins\/seo\/ -->\n<title>Temperature sensor module KY-013 - Arduino e-shop<\/title>\n<meta name=\"robots\" content=\"index, follow, max-snippet:-1, max-image-preview:large, max-video-preview:-1\" \/>\n<link rel=\"canonical\" href=\"https:\/\/www.onetimenexttime.sk\/arduino\/index.php\/produkt\/temperature-sensor-module-ky-013\/\" \/>\n<meta property=\"og:locale\" content=\"sk_SK\" \/>\n<meta property=\"og:type\" content=\"article\" \/>\n<meta property=\"og:title\" content=\"Temperature sensor module KY-013 - Arduino e-shop\" \/>\n<meta property=\"og:description\" content=\"Modul sn\u00edma\u010da teploty KY-013 &nbsp; Modul je zalo\u017een\u00fd na termistore (odpor sa zvy\u0161uje s teplotou okolia zmeny) funguje, pocit v&hellip;\" \/>\n<meta property=\"og:url\" content=\"https:\/\/www.onetimenexttime.sk\/arduino\/index.php\/produkt\/temperature-sensor-module-ky-013\/\" \/>\n<meta property=\"og:site_name\" content=\"Arduino e-shop\" \/>\n<meta property=\"article:modified_time\" content=\"2021-11-16T05:11:00+00:00\" \/>\n<meta property=\"og:image\" content=\"https:\/\/www.onetimenexttime.sk\/arduino\/wp-content\/uploads\/2021\/11\/1733.jpg\" \/>\n\t<meta property=\"og:image:width\" content=\"539\" \/>\n\t<meta property=\"og:image:height\" content=\"534\" \/>\n\t<meta property=\"og:image:type\" content=\"image\/jpeg\" \/>\n<meta name=\"twitter:card\" content=\"summary_large_image\" \/>\n<meta name=\"twitter:label1\" content=\"Predpokladan\u00fd \u010das \u010d\u00edtania\" \/>\n\t<meta name=\"twitter:data1\" content=\"1 min\u00fata\" \/>\n<script type=\"application\/ld+json\" class=\"yoast-schema-graph\">{\"@context\":\"https:\/\/schema.org\",\"@graph\":[{\"@type\":\"WebPage\",\"@id\":\"https:\/\/www.onetimenexttime.sk\/arduino\/index.php\/produkt\/temperature-sensor-module-ky-013\/\",\"url\":\"https:\/\/www.onetimenexttime.sk\/arduino\/index.php\/produkt\/temperature-sensor-module-ky-013\/\",\"name\":\"Temperature sensor module KY-013 - Arduino e-shop\",\"isPartOf\":{\"@id\":\"https:\/\/www.onetimenexttime.sk\/arduino\/#website\"},\"primaryImageOfPage\":{\"@id\":\"https:\/\/www.onetimenexttime.sk\/arduino\/index.php\/produkt\/temperature-sensor-module-ky-013\/#primaryimage\"},\"image\":{\"@id\":\"https:\/\/www.onetimenexttime.sk\/arduino\/index.php\/produkt\/temperature-sensor-module-ky-013\/#primaryimage\"},\"thumbnailUrl\":\"https:\/\/www.onetimenexttime.sk\/arduino\/wp-content\/uploads\/2021\/11\/1733.jpg\",\"datePublished\":\"2021-11-15T19:16:41+00:00\",\"dateModified\":\"2021-11-16T05:11:00+00:00\",\"breadcrumb\":{\"@id\":\"https:\/\/www.onetimenexttime.sk\/arduino\/index.php\/produkt\/temperature-sensor-module-ky-013\/#breadcrumb\"},\"inLanguage\":\"sk-SK\",\"potentialAction\":[{\"@type\":\"ReadAction\",\"target\":[\"https:\/\/www.onetimenexttime.sk\/arduino\/index.php\/produkt\/temperature-sensor-module-ky-013\/\"]}]},{\"@type\":\"ImageObject\",\"inLanguage\":\"sk-SK\",\"@id\":\"https:\/\/www.onetimenexttime.sk\/arduino\/index.php\/produkt\/temperature-sensor-module-ky-013\/#primaryimage\",\"url\":\"https:\/\/www.onetimenexttime.sk\/arduino\/wp-content\/uploads\/2021\/11\/1733.jpg\",\"contentUrl\":\"https:\/\/www.onetimenexttime.sk\/arduino\/wp-content\/uploads\/2021\/11\/1733.jpg\",\"width\":539,\"height\":534},{\"@type\":\"BreadcrumbList\",\"@id\":\"https:\/\/www.onetimenexttime.sk\/arduino\/index.php\/produkt\/temperature-sensor-module-ky-013\/#breadcrumb\",\"itemListElement\":[{\"@type\":\"ListItem\",\"position\":1,\"name\":\"Domov\",\"item\":\"https:\/\/www.onetimenexttime.sk\/arduino\/\"},{\"@type\":\"ListItem\",\"position\":2,\"name\":\"Obchod\",\"item\":\"https:\/\/www.onetimenexttime.sk\/arduino\/\"},{\"@type\":\"ListItem\",\"position\":3,\"name\":\"Temperature sensor module KY-013\"}]},{\"@type\":\"WebSite\",\"@id\":\"https:\/\/www.onetimenexttime.sk\/arduino\/#website\",\"url\":\"https:\/\/www.onetimenexttime.sk\/arduino\/\",\"name\":\"Arduino e-shop\",\"description\":\"Home Assistant\",\"potentialAction\":[{\"@type\":\"SearchAction\",\"target\":{\"@type\":\"EntryPoint\",\"urlTemplate\":\"https:\/\/www.onetimenexttime.sk\/arduino\/?s={search_term_string}\"},\"query-input\":{\"@type\":\"PropertyValueSpecification\",\"valueRequired\":true,\"valueName\":\"search_term_string\"}}],\"inLanguage\":\"sk-SK\"}]}<\/script>\n<!-- \/ Yoast SEO plugin. -->","yoast_head_json":{"title":"Temperature sensor module KY-013 - Arduino e-shop","robots":{"index":"index","follow":"follow","max-snippet":"max-snippet:-1","max-image-preview":"max-image-preview:large","max-video-preview":"max-video-preview:-1"},"canonical":"https:\/\/www.onetimenexttime.sk\/arduino\/index.php\/produkt\/temperature-sensor-module-ky-013\/","og_locale":"sk_SK","og_type":"article","og_title":"Temperature sensor module KY-013 - Arduino e-shop","og_description":"Modul sn\u00edma\u010da teploty KY-013 &nbsp; Modul je zalo\u017een\u00fd na termistore (odpor sa zvy\u0161uje s teplotou okolia zmeny) funguje, pocit v&hellip;","og_url":"https:\/\/www.onetimenexttime.sk\/arduino\/index.php\/produkt\/temperature-sensor-module-ky-013\/","og_site_name":"Arduino e-shop","article_modified_time":"2021-11-16T05:11:00+00:00","og_image":[{"width":539,"height":534,"url":"https:\/\/www.onetimenexttime.sk\/arduino\/wp-content\/uploads\/2021\/11\/1733.jpg","type":"image\/jpeg"}],"twitter_card":"summary_large_image","twitter_misc":{"Predpokladan\u00fd \u010das \u010d\u00edtania":"1 min\u00fata"},"schema":{"@context":"https:\/\/schema.org","@graph":[{"@type":"WebPage","@id":"https:\/\/www.onetimenexttime.sk\/arduino\/index.php\/produkt\/temperature-sensor-module-ky-013\/","url":"https:\/\/www.onetimenexttime.sk\/arduino\/index.php\/produkt\/temperature-sensor-module-ky-013\/","name":"Temperature sensor module KY-013 - Arduino e-shop","isPartOf":{"@id":"https:\/\/www.onetimenexttime.sk\/arduino\/#website"},"primaryImageOfPage":{"@id":"https:\/\/www.onetimenexttime.sk\/arduino\/index.php\/produkt\/temperature-sensor-module-ky-013\/#primaryimage"},"image":{"@id":"https:\/\/www.onetimenexttime.sk\/arduino\/index.php\/produkt\/temperature-sensor-module-ky-013\/#primaryimage"},"thumbnailUrl":"https:\/\/www.onetimenexttime.sk\/arduino\/wp-content\/uploads\/2021\/11\/1733.jpg","datePublished":"2021-11-15T19:16:41+00:00","dateModified":"2021-11-16T05:11:00+00:00","breadcrumb":{"@id":"https:\/\/www.onetimenexttime.sk\/arduino\/index.php\/produkt\/temperature-sensor-module-ky-013\/#breadcrumb"},"inLanguage":"sk-SK","potentialAction":[{"@type":"ReadAction","target":["https:\/\/www.onetimenexttime.sk\/arduino\/index.php\/produkt\/temperature-sensor-module-ky-013\/"]}]},{"@type":"ImageObject","inLanguage":"sk-SK","@id":"https:\/\/www.onetimenexttime.sk\/arduino\/index.php\/produkt\/temperature-sensor-module-ky-013\/#primaryimage","url":"https:\/\/www.onetimenexttime.sk\/arduino\/wp-content\/uploads\/2021\/11\/1733.jpg","contentUrl":"https:\/\/www.onetimenexttime.sk\/arduino\/wp-content\/uploads\/2021\/11\/1733.jpg","width":539,"height":534},{"@type":"BreadcrumbList","@id":"https:\/\/www.onetimenexttime.sk\/arduino\/index.php\/produkt\/temperature-sensor-module-ky-013\/#breadcrumb","itemListElement":[{"@type":"ListItem","position":1,"name":"Domov","item":"https:\/\/www.onetimenexttime.sk\/arduino\/"},{"@type":"ListItem","position":2,"name":"Obchod","item":"https:\/\/www.onetimenexttime.sk\/arduino\/"},{"@type":"ListItem","position":3,"name":"Temperature sensor module KY-013"}]},{"@type":"WebSite","@id":"https:\/\/www.onetimenexttime.sk\/arduino\/#website","url":"https:\/\/www.onetimenexttime.sk\/arduino\/","name":"Arduino e-shop","description":"Home Assistant","potentialAction":[{"@type":"SearchAction","target":{"@type":"EntryPoint","urlTemplate":"https:\/\/www.onetimenexttime.sk\/arduino\/?s={search_term_string}"},"query-input":{"@type":"PropertyValueSpecification","valueRequired":true,"valueName":"search_term_string"}}],"inLanguage":"sk-SK"}]}},"_links":{"self":[{"href":"https:\/\/www.onetimenexttime.sk\/arduino\/index.php\/wp-json\/wp\/v2\/product\/1426"}],"collection":[{"href":"https:\/\/www.onetimenexttime.sk\/arduino\/index.php\/wp-json\/wp\/v2\/product"}],"about":[{"href":"https:\/\/www.onetimenexttime.sk\/arduino\/index.php\/wp-json\/wp\/v2\/types\/product"}],"wp:featuredmedia":[{"embeddable":true,"href":"https:\/\/www.onetimenexttime.sk\/arduino\/index.php\/wp-json\/wp\/v2\/media\/1427"}],"wp:attachment":[{"href":"https:\/\/www.onetimenexttime.sk\/arduino\/index.php\/wp-json\/wp\/v2\/media?parent=1426"}],"wp:term":[{"taxonomy":"product_cat","embeddable":true,"href":"https:\/\/www.onetimenexttime.sk\/arduino\/index.php\/wp-json\/wp\/v2\/product_cat?post=1426"},{"taxonomy":"product_tag","embeddable":true,"href":"https:\/\/www.onetimenexttime.sk\/arduino\/index.php\/wp-json\/wp\/v2\/product_tag?post=1426"}],"curies":[{"name":"wp","href":"https:\/\/api.w.org\/{rel}","templated":true}]}}