{"id":1421,"date":"2021-11-15T19:57:24","date_gmt":"2021-11-15T18:57:24","guid":{"rendered":"https:\/\/www.onetimenexttime.sk\/arduino\/?post_type=product&#038;p=1421"},"modified":"2021-11-16T06:11:01","modified_gmt":"2021-11-16T05:11:01","slug":"dht22-digital-temperature-and-humidity-sensor-temperature-and-humidity-module-am2302-replace-sht11-sht15","status":"publish","type":"product","link":"https:\/\/www.onetimenexttime.sk\/arduino\/index.php\/produkt\/dht22-digital-temperature-and-humidity-sensor-temperature-and-humidity-module-am2302-replace-sht11-sht15\/","title":{"rendered":"DHT22 digital temperature and humidity sensor Temperature and humidity module AM2302 replace SHT11 SHT15"},"content":{"rendered":"<h2>DHT22 digit\u00e1lny sn\u00edma\u010d teploty a vlhkosti Modul teploty a vlhkosti AM2302 nahr\u00e1dza SHT11 SHT15<\/h2>\n<p>&nbsp;<\/p>\n<p>Typ: AM2302.<br \/>\nRozl\u00ed\u0161enie presnosti: 0,1.<br \/>\nRozsah vlhkosti: 0-100% RH.<br \/>\nTeplotn\u00fd rozsah: -40~80\u00b0.<br \/>\nPresnos\u0165 merania vlhkosti: \u00b12%RH.<br \/>\nPresnos\u0165 merania teploty: \u00b10,5\u00b0.<br \/>\n4-kol\u00edkov\u00e9 balenie.<br \/>\nUltra n\u00edzky v\u00fdkon.<br \/>\n\u017diadne \u010fal\u0161ie komponenty.<br \/>\nVynikaj\u00faca dlhodob\u00e1 stabilita.<br \/>\nV\u0161etka kalibr\u00e1cia, digit\u00e1lny v\u00fdstup.<br \/>\n\u00daplne zamenite\u013en\u00e9.<br \/>\nPrenos sign\u00e1lu na ve\u013ek\u00e9 vzdialenosti.<br \/>\nMeranie relat\u00edvnej vlhkosti a teploty.<br \/>\nbal\u00edk<\/p>\n","protected":false},"excerpt":{"rendered":"<p>DHT22 digit\u00e1lny sn\u00edma\u010d teploty a vlhkosti Modul teploty a vlhkosti AM2302 nahr\u00e1dza SHT11 SHT15 &nbsp; Typ: AM2302. Rozl\u00ed\u0161enie presnosti: 0,1.&hellip;<\/p>\n","protected":false},"featured_media":1422,"template":"","meta":{"_monsterinsights_skip_tracking":false,"_monsterinsights_sitenote_active":false,"_monsterinsights_sitenote_note":"","_monsterinsights_sitenote_category":0},"product_cat":[16,17,69,67],"product_tag":[],"class_list":{"0":"post-1421","1":"product","2":"type-product","3":"status-publish","4":"has-post-thumbnail","6":"product_cat-ard","7":"product_cat-modul","8":"product_cat-sensors","9":"product_cat-temperature","11":"first","12":"instock","13":"sale","14":"shipping-taxable","15":"purchasable","16":"product-type-simple"},"yoast_head":"<!-- This site is optimized with the Yoast SEO plugin v23.6 - https:\/\/yoast.com\/wordpress\/plugins\/seo\/ -->\n<title>DHT22 digital temperature and humidity sensor Temperature and humidity module AM2302 replace SHT11 SHT15 - Arduino e-shop<\/title>\n<meta name=\"robots\" content=\"index, follow, max-snippet:-1, max-image-preview:large, max-video-preview:-1\" \/>\n<link rel=\"canonical\" href=\"https:\/\/www.onetimenexttime.sk\/arduino\/index.php\/produkt\/dht22-digital-temperature-and-humidity-sensor-temperature-and-humidity-module-am2302-replace-sht11-sht15\/\" \/>\n<meta property=\"og:locale\" content=\"sk_SK\" \/>\n<meta property=\"og:type\" content=\"article\" \/>\n<meta property=\"og:title\" content=\"DHT22 digital temperature and humidity sensor Temperature and humidity module AM2302 replace SHT11 SHT15 - Arduino e-shop\" \/>\n<meta property=\"og:description\" content=\"DHT22 digit\u00e1lny sn\u00edma\u010d teploty a vlhkosti Modul teploty a vlhkosti AM2302 nahr\u00e1dza SHT11 SHT15 &nbsp; Typ: AM2302. Rozl\u00ed\u0161enie presnosti: 0,1.&hellip;\" \/>\n<meta property=\"og:url\" content=\"https:\/\/www.onetimenexttime.sk\/arduino\/index.php\/produkt\/dht22-digital-temperature-and-humidity-sensor-temperature-and-humidity-module-am2302-replace-sht11-sht15\/\" \/>\n<meta property=\"og:site_name\" content=\"Arduino e-shop\" \/>\n<meta property=\"article:modified_time\" content=\"2021-11-16T05:11:01+00:00\" \/>\n<meta property=\"og:image\" content=\"https:\/\/www.onetimenexttime.sk\/arduino\/wp-content\/uploads\/2021\/11\/1731.jpg\" \/>\n\t<meta property=\"og:image:width\" content=\"548\" \/>\n\t<meta property=\"og:image:height\" content=\"548\" \/>\n\t<meta property=\"og:image:type\" content=\"image\/jpeg\" \/>\n<meta name=\"twitter:card\" content=\"summary_large_image\" \/>\n<meta name=\"twitter:label1\" content=\"Predpokladan\u00fd \u010das \u010d\u00edtania\" \/>\n\t<meta name=\"twitter:data1\" content=\"1 min\u00fata\" \/>\n<script type=\"application\/ld+json\" class=\"yoast-schema-graph\">{\"@context\":\"https:\/\/schema.org\",\"@graph\":[{\"@type\":\"WebPage\",\"@id\":\"https:\/\/www.onetimenexttime.sk\/arduino\/index.php\/produkt\/dht22-digital-temperature-and-humidity-sensor-temperature-and-humidity-module-am2302-replace-sht11-sht15\/\",\"url\":\"https:\/\/www.onetimenexttime.sk\/arduino\/index.php\/produkt\/dht22-digital-temperature-and-humidity-sensor-temperature-and-humidity-module-am2302-replace-sht11-sht15\/\",\"name\":\"DHT22 digital temperature and humidity sensor Temperature and humidity module AM2302 replace SHT11 SHT15 - Arduino e-shop\",\"isPartOf\":{\"@id\":\"https:\/\/www.onetimenexttime.sk\/arduino\/#website\"},\"primaryImageOfPage\":{\"@id\":\"https:\/\/www.onetimenexttime.sk\/arduino\/index.php\/produkt\/dht22-digital-temperature-and-humidity-sensor-temperature-and-humidity-module-am2302-replace-sht11-sht15\/#primaryimage\"},\"image\":{\"@id\":\"https:\/\/www.onetimenexttime.sk\/arduino\/index.php\/produkt\/dht22-digital-temperature-and-humidity-sensor-temperature-and-humidity-module-am2302-replace-sht11-sht15\/#primaryimage\"},\"thumbnailUrl\":\"https:\/\/www.onetimenexttime.sk\/arduino\/wp-content\/uploads\/2021\/11\/1731.jpg\",\"datePublished\":\"2021-11-15T18:57:24+00:00\",\"dateModified\":\"2021-11-16T05:11:01+00:00\",\"breadcrumb\":{\"@id\":\"https:\/\/www.onetimenexttime.sk\/arduino\/index.php\/produkt\/dht22-digital-temperature-and-humidity-sensor-temperature-and-humidity-module-am2302-replace-sht11-sht15\/#breadcrumb\"},\"inLanguage\":\"sk-SK\",\"potentialAction\":[{\"@type\":\"ReadAction\",\"target\":[\"https:\/\/www.onetimenexttime.sk\/arduino\/index.php\/produkt\/dht22-digital-temperature-and-humidity-sensor-temperature-and-humidity-module-am2302-replace-sht11-sht15\/\"]}]},{\"@type\":\"ImageObject\",\"inLanguage\":\"sk-SK\",\"@id\":\"https:\/\/www.onetimenexttime.sk\/arduino\/index.php\/produkt\/dht22-digital-temperature-and-humidity-sensor-temperature-and-humidity-module-am2302-replace-sht11-sht15\/#primaryimage\",\"url\":\"https:\/\/www.onetimenexttime.sk\/arduino\/wp-content\/uploads\/2021\/11\/1731.jpg\",\"contentUrl\":\"https:\/\/www.onetimenexttime.sk\/arduino\/wp-content\/uploads\/2021\/11\/1731.jpg\",\"width\":548,\"height\":548},{\"@type\":\"BreadcrumbList\",\"@id\":\"https:\/\/www.onetimenexttime.sk\/arduino\/index.php\/produkt\/dht22-digital-temperature-and-humidity-sensor-temperature-and-humidity-module-am2302-replace-sht11-sht15\/#breadcrumb\",\"itemListElement\":[{\"@type\":\"ListItem\",\"position\":1,\"name\":\"Domov\",\"item\":\"https:\/\/www.onetimenexttime.sk\/arduino\/\"},{\"@type\":\"ListItem\",\"position\":2,\"name\":\"Obchod\",\"item\":\"https:\/\/www.onetimenexttime.sk\/arduino\/\"},{\"@type\":\"ListItem\",\"position\":3,\"name\":\"DHT22 digital temperature and humidity sensor Temperature and humidity module AM2302 replace SHT11 SHT15\"}]},{\"@type\":\"WebSite\",\"@id\":\"https:\/\/www.onetimenexttime.sk\/arduino\/#website\",\"url\":\"https:\/\/www.onetimenexttime.sk\/arduino\/\",\"name\":\"Arduino e-shop\",\"description\":\"Home Assistant\",\"potentialAction\":[{\"@type\":\"SearchAction\",\"target\":{\"@type\":\"EntryPoint\",\"urlTemplate\":\"https:\/\/www.onetimenexttime.sk\/arduino\/?s={search_term_string}\"},\"query-input\":{\"@type\":\"PropertyValueSpecification\",\"valueRequired\":true,\"valueName\":\"search_term_string\"}}],\"inLanguage\":\"sk-SK\"}]}<\/script>\n<!-- \/ Yoast SEO plugin. -->","yoast_head_json":{"title":"DHT22 digital temperature and humidity sensor Temperature and humidity module AM2302 replace SHT11 SHT15 - Arduino e-shop","robots":{"index":"index","follow":"follow","max-snippet":"max-snippet:-1","max-image-preview":"max-image-preview:large","max-video-preview":"max-video-preview:-1"},"canonical":"https:\/\/www.onetimenexttime.sk\/arduino\/index.php\/produkt\/dht22-digital-temperature-and-humidity-sensor-temperature-and-humidity-module-am2302-replace-sht11-sht15\/","og_locale":"sk_SK","og_type":"article","og_title":"DHT22 digital temperature and humidity sensor Temperature and humidity module AM2302 replace SHT11 SHT15 - Arduino e-shop","og_description":"DHT22 digit\u00e1lny sn\u00edma\u010d teploty a vlhkosti Modul teploty a vlhkosti AM2302 nahr\u00e1dza SHT11 SHT15 &nbsp; Typ: AM2302. Rozl\u00ed\u0161enie presnosti: 0,1.&hellip;","og_url":"https:\/\/www.onetimenexttime.sk\/arduino\/index.php\/produkt\/dht22-digital-temperature-and-humidity-sensor-temperature-and-humidity-module-am2302-replace-sht11-sht15\/","og_site_name":"Arduino e-shop","article_modified_time":"2021-11-16T05:11:01+00:00","og_image":[{"width":548,"height":548,"url":"https:\/\/www.onetimenexttime.sk\/arduino\/wp-content\/uploads\/2021\/11\/1731.jpg","type":"image\/jpeg"}],"twitter_card":"summary_large_image","twitter_misc":{"Predpokladan\u00fd \u010das \u010d\u00edtania":"1 min\u00fata"},"schema":{"@context":"https:\/\/schema.org","@graph":[{"@type":"WebPage","@id":"https:\/\/www.onetimenexttime.sk\/arduino\/index.php\/produkt\/dht22-digital-temperature-and-humidity-sensor-temperature-and-humidity-module-am2302-replace-sht11-sht15\/","url":"https:\/\/www.onetimenexttime.sk\/arduino\/index.php\/produkt\/dht22-digital-temperature-and-humidity-sensor-temperature-and-humidity-module-am2302-replace-sht11-sht15\/","name":"DHT22 digital temperature and humidity sensor Temperature and humidity module AM2302 replace SHT11 SHT15 - Arduino e-shop","isPartOf":{"@id":"https:\/\/www.onetimenexttime.sk\/arduino\/#website"},"primaryImageOfPage":{"@id":"https:\/\/www.onetimenexttime.sk\/arduino\/index.php\/produkt\/dht22-digital-temperature-and-humidity-sensor-temperature-and-humidity-module-am2302-replace-sht11-sht15\/#primaryimage"},"image":{"@id":"https:\/\/www.onetimenexttime.sk\/arduino\/index.php\/produkt\/dht22-digital-temperature-and-humidity-sensor-temperature-and-humidity-module-am2302-replace-sht11-sht15\/#primaryimage"},"thumbnailUrl":"https:\/\/www.onetimenexttime.sk\/arduino\/wp-content\/uploads\/2021\/11\/1731.jpg","datePublished":"2021-11-15T18:57:24+00:00","dateModified":"2021-11-16T05:11:01+00:00","breadcrumb":{"@id":"https:\/\/www.onetimenexttime.sk\/arduino\/index.php\/produkt\/dht22-digital-temperature-and-humidity-sensor-temperature-and-humidity-module-am2302-replace-sht11-sht15\/#breadcrumb"},"inLanguage":"sk-SK","potentialAction":[{"@type":"ReadAction","target":["https:\/\/www.onetimenexttime.sk\/arduino\/index.php\/produkt\/dht22-digital-temperature-and-humidity-sensor-temperature-and-humidity-module-am2302-replace-sht11-sht15\/"]}]},{"@type":"ImageObject","inLanguage":"sk-SK","@id":"https:\/\/www.onetimenexttime.sk\/arduino\/index.php\/produkt\/dht22-digital-temperature-and-humidity-sensor-temperature-and-humidity-module-am2302-replace-sht11-sht15\/#primaryimage","url":"https:\/\/www.onetimenexttime.sk\/arduino\/wp-content\/uploads\/2021\/11\/1731.jpg","contentUrl":"https:\/\/www.onetimenexttime.sk\/arduino\/wp-content\/uploads\/2021\/11\/1731.jpg","width":548,"height":548},{"@type":"BreadcrumbList","@id":"https:\/\/www.onetimenexttime.sk\/arduino\/index.php\/produkt\/dht22-digital-temperature-and-humidity-sensor-temperature-and-humidity-module-am2302-replace-sht11-sht15\/#breadcrumb","itemListElement":[{"@type":"ListItem","position":1,"name":"Domov","item":"https:\/\/www.onetimenexttime.sk\/arduino\/"},{"@type":"ListItem","position":2,"name":"Obchod","item":"https:\/\/www.onetimenexttime.sk\/arduino\/"},{"@type":"ListItem","position":3,"name":"DHT22 digital temperature and humidity sensor Temperature and humidity module AM2302 replace SHT11 SHT15"}]},{"@type":"WebSite","@id":"https:\/\/www.onetimenexttime.sk\/arduino\/#website","url":"https:\/\/www.onetimenexttime.sk\/arduino\/","name":"Arduino e-shop","description":"Home Assistant","potentialAction":[{"@type":"SearchAction","target":{"@type":"EntryPoint","urlTemplate":"https:\/\/www.onetimenexttime.sk\/arduino\/?s={search_term_string}"},"query-input":{"@type":"PropertyValueSpecification","valueRequired":true,"valueName":"search_term_string"}}],"inLanguage":"sk-SK"}]}},"_links":{"self":[{"href":"https:\/\/www.onetimenexttime.sk\/arduino\/index.php\/wp-json\/wp\/v2\/product\/1421"}],"collection":[{"href":"https:\/\/www.onetimenexttime.sk\/arduino\/index.php\/wp-json\/wp\/v2\/product"}],"about":[{"href":"https:\/\/www.onetimenexttime.sk\/arduino\/index.php\/wp-json\/wp\/v2\/types\/product"}],"wp:featuredmedia":[{"embeddable":true,"href":"https:\/\/www.onetimenexttime.sk\/arduino\/index.php\/wp-json\/wp\/v2\/media\/1422"}],"wp:attachment":[{"href":"https:\/\/www.onetimenexttime.sk\/arduino\/index.php\/wp-json\/wp\/v2\/media?parent=1421"}],"wp:term":[{"taxonomy":"product_cat","embeddable":true,"href":"https:\/\/www.onetimenexttime.sk\/arduino\/index.php\/wp-json\/wp\/v2\/product_cat?post=1421"},{"taxonomy":"product_tag","embeddable":true,"href":"https:\/\/www.onetimenexttime.sk\/arduino\/index.php\/wp-json\/wp\/v2\/product_tag?post=1421"}],"curies":[{"name":"wp","href":"https:\/\/api.w.org\/{rel}","templated":true}]}}