{"id":1419,"date":"2021-11-15T19:53:37","date_gmt":"2021-11-15T18:53:37","guid":{"rendered":"https:\/\/www.onetimenexttime.sk\/arduino\/?post_type=product&#038;p=1419"},"modified":"2021-11-15T19:56:27","modified_gmt":"2021-11-15T18:56:27","slug":"12v-10a-digital-lcd-temperature-regulator-controller-pcb-board-thermostat-sensor","status":"publish","type":"product","link":"https:\/\/www.onetimenexttime.sk\/arduino\/index.php\/produkt\/12v-10a-digital-lcd-temperature-regulator-controller-pcb-board-thermostat-sensor\/","title":{"rendered":"12V 10A Digital LCD Temperature Regulator Controller PCB Board Thermostat Sensor"},"content":{"rendered":"<h2>12V 10A digit\u00e1lny LCD regul\u00e1tor regul\u00e1tora teploty PCB sn\u00edma\u010d termostatu<\/h2>\n<p>&nbsp;<\/p>\n<p>\u0160irok\u00fd rozsah merania teploty.<\/p>\n<p>Ovl\u00e1danie k\u00farenia a chladenia.<\/p>\n<p>Funkcia kalibr\u00e1cie teploty.<\/p>\n<p>Funkcia ochrany pred oneskoren\u00edm.<\/p>\n<p>V\u0161etky parametre je mo\u017en\u00e9 po skrate nastavi\u0165 na predvolen\u00e9 nastavenie.<\/p>\n<p>Mini digit\u00e1lny regul\u00e1tor teploty s ve\u013ek\u00fdm a preh\u013eadn\u00fdm LCD displejom pre lep\u0161iu \u010ditate\u013enos\u0165.<\/p>\n<p>Pou\u017e\u00edva sa pre dom\u00e1ce mrazni\u010dky, vodn\u00e9 n\u00e1dr\u017ee, chladni\u010dky, priemyseln\u00e9 chladi\u010de, kotly, parn\u00edky, priemyseln\u00e9 zariadenia a in\u00e9 syst\u00e9my s regul\u00e1ciou teploty.<\/p>\n<p>&nbsp;<\/p>\n<p><strong>Technick\u00e9 \u00fadaje:<\/strong><\/p>\n<p>Regula\u010dn\u00fd rozsah: -50C &#8211; 110\u2103<\/p>\n<p>Rozl\u00ed\u0161enie: 0,1 \u2103 (9,9 ~ 99,9 \u2103) a in\u00e9 teplotn\u00e9 obdobie 1 \u2103<\/p>\n<p>Presnos\u0165 merania: 0,1\u2103<\/p>\n<p>Presnos\u0165 ovl\u00e1dania: 0,1 \u2103<\/p>\n<p>Chyba merania: 0,1\u2103<\/p>\n<p>Obnovovacia frekvencia: 0,5 s<\/p>\n<p>Vstupn\u00e9 nap\u00e4tie: 12V<\/p>\n<p>Meranie vstupu:NTC\uff0810K 0,5%\uff09vodotesn\u00fd typ sn\u00edma\u010da<\/p>\n<p>V\u00fdstup: 12V 20A<\/p>\n<p>Po\u017eiadavky na prostredie: -10~60\u2103 Vlhkos\u0165 20%-85%<\/p>\n<p>Celkov\u00e1 spotreba energie: Statick\u00e1 elektrina: \u226435MA, prev\u00e1dzkov\u00fd pr\u00fad:\u226465MA<\/p>\n<p>Ve\u013ekos\u0165: Pribl. 3,07 x 2,02 palca\/7,8 x 5,9 cm (mont\u00e1\u017ene otvory M3, uhloprie\u010dka 75 mm)<\/p>\n<p>D\u013a\u017eka k\u00e1bla: 34 cm<\/p>\n<p>&nbsp;<\/p>\n<p><strong>Ako pou\u017ei\u0165:<\/strong><\/p>\n<p>Pripojte nap\u00e1jac\u00ed zdroj a zariadenie, ktor\u00e9 m\u00f4\u017ee nap\u00e1ja\u0165 ovl\u00e1da\u010d. S\u00fa\u010dasne zobrazuje meran\u00fa teplotu a stla\u010dte tla\u010didlo &#8220;SET&#8221;, teplota na displeji blik\u00e1, potom stla\u010den\u00edm + &#8211; nastavte po\u017eadovan\u00fa teplotu (podr\u017ete + -, \u010d\u00edm sa d\u00e1 r\u00fdchlo zdvihn\u00fa\u0165 a zn\u00ed\u017ei\u0165 ). Ke\u010f je nastavenie dokon\u010den\u00e9, stla\u010dte tla\u010didlo nastavenia, potom ovl\u00e1da\u010d automaticky vypne nap\u00e1janie y nastaven\u00edm! Termostat poskytuje v\u00fdstup 10A, aby vyhovoval r\u00f4znym vysokov\u00fdkonn\u00fdm za\u0165a\u017eeniam. Prepojte dobr\u00fd riadiaci obvod, ktor\u00fd m\u00f4\u017ee nap\u00e1ja\u0165 termostat, a na displeji sa zobraz\u00ed okolit\u00e1 teplota.<\/p>\n<p>&nbsp;<\/p>\n<p><img decoding=\"async\" src=\"https:\/\/ae01.alicdn.com\/kf\/Hac5cfd24c38743a19b260ca0e95d33cem.jpg\" data-spm-anchor-id=\"a2g0o.detail.1000023.i1.1bbf13dciC7CO7\" \/><\/p>\n<p>&nbsp;<\/p>\n<p><strong>Balenie obsahuje:<\/strong><\/p>\n<p>1 x digit\u00e1lny LCD termostat<\/p>\n<p>1 x prepojovac\u00ed k\u00e1bel<\/p>\n","protected":false},"excerpt":{"rendered":"<p>12V 10A digit\u00e1lny LCD regul\u00e1tor regul\u00e1tora teploty PCB sn\u00edma\u010d termostatu &nbsp; \u0160irok\u00fd rozsah merania teploty. Ovl\u00e1danie k\u00farenia a chladenia. Funkcia&hellip;<\/p>\n","protected":false},"featured_media":1420,"template":"","meta":{"_monsterinsights_skip_tracking":false,"_monsterinsights_sitenote_active":false,"_monsterinsights_sitenote_note":"","_monsterinsights_sitenote_category":0},"product_cat":[16,17,67],"product_tag":[],"class_list":{"0":"post-1419","1":"product","2":"type-product","3":"status-publish","4":"has-post-thumbnail","6":"product_cat-ard","7":"product_cat-modul","8":"product_cat-temperature","10":"first","11":"instock","12":"shipping-taxable","13":"purchasable","14":"product-type-simple"},"yoast_head":"<!-- This site is optimized with the Yoast SEO plugin v23.6 - https:\/\/yoast.com\/wordpress\/plugins\/seo\/ -->\n<title>12V 10A Digital LCD Temperature Regulator Controller PCB Board Thermostat Sensor - Arduino e-shop<\/title>\n<meta name=\"robots\" content=\"index, follow, max-snippet:-1, max-image-preview:large, max-video-preview:-1\" \/>\n<link rel=\"canonical\" href=\"https:\/\/www.onetimenexttime.sk\/arduino\/index.php\/produkt\/12v-10a-digital-lcd-temperature-regulator-controller-pcb-board-thermostat-sensor\/\" \/>\n<meta property=\"og:locale\" content=\"sk_SK\" \/>\n<meta property=\"og:type\" content=\"article\" \/>\n<meta property=\"og:title\" content=\"12V 10A Digital LCD Temperature Regulator Controller PCB Board Thermostat Sensor - Arduino e-shop\" \/>\n<meta property=\"og:description\" content=\"12V 10A digit\u00e1lny LCD regul\u00e1tor regul\u00e1tora teploty PCB sn\u00edma\u010d termostatu &nbsp; \u0160irok\u00fd rozsah merania teploty. Ovl\u00e1danie k\u00farenia a chladenia. Funkcia&hellip;\" \/>\n<meta property=\"og:url\" content=\"https:\/\/www.onetimenexttime.sk\/arduino\/index.php\/produkt\/12v-10a-digital-lcd-temperature-regulator-controller-pcb-board-thermostat-sensor\/\" \/>\n<meta property=\"og:site_name\" content=\"Arduino e-shop\" \/>\n<meta property=\"article:modified_time\" content=\"2021-11-15T18:56:27+00:00\" \/>\n<meta property=\"og:image\" content=\"https:\/\/www.onetimenexttime.sk\/arduino\/wp-content\/uploads\/2021\/11\/1730.jpg\" \/>\n\t<meta property=\"og:image:width\" content=\"548\" \/>\n\t<meta property=\"og:image:height\" content=\"548\" \/>\n\t<meta property=\"og:image:type\" content=\"image\/jpeg\" \/>\n<meta name=\"twitter:card\" content=\"summary_large_image\" \/>\n<meta name=\"twitter:label1\" content=\"Predpokladan\u00fd \u010das \u010d\u00edtania\" \/>\n\t<meta name=\"twitter:data1\" content=\"1 min\u00fata\" \/>\n<script type=\"application\/ld+json\" class=\"yoast-schema-graph\">{\"@context\":\"https:\/\/schema.org\",\"@graph\":[{\"@type\":\"WebPage\",\"@id\":\"https:\/\/www.onetimenexttime.sk\/arduino\/index.php\/produkt\/12v-10a-digital-lcd-temperature-regulator-controller-pcb-board-thermostat-sensor\/\",\"url\":\"https:\/\/www.onetimenexttime.sk\/arduino\/index.php\/produkt\/12v-10a-digital-lcd-temperature-regulator-controller-pcb-board-thermostat-sensor\/\",\"name\":\"12V 10A Digital LCD Temperature Regulator Controller PCB Board Thermostat Sensor - Arduino e-shop\",\"isPartOf\":{\"@id\":\"https:\/\/www.onetimenexttime.sk\/arduino\/#website\"},\"primaryImageOfPage\":{\"@id\":\"https:\/\/www.onetimenexttime.sk\/arduino\/index.php\/produkt\/12v-10a-digital-lcd-temperature-regulator-controller-pcb-board-thermostat-sensor\/#primaryimage\"},\"image\":{\"@id\":\"https:\/\/www.onetimenexttime.sk\/arduino\/index.php\/produkt\/12v-10a-digital-lcd-temperature-regulator-controller-pcb-board-thermostat-sensor\/#primaryimage\"},\"thumbnailUrl\":\"https:\/\/www.onetimenexttime.sk\/arduino\/wp-content\/uploads\/2021\/11\/1730.jpg\",\"datePublished\":\"2021-11-15T18:53:37+00:00\",\"dateModified\":\"2021-11-15T18:56:27+00:00\",\"breadcrumb\":{\"@id\":\"https:\/\/www.onetimenexttime.sk\/arduino\/index.php\/produkt\/12v-10a-digital-lcd-temperature-regulator-controller-pcb-board-thermostat-sensor\/#breadcrumb\"},\"inLanguage\":\"sk-SK\",\"potentialAction\":[{\"@type\":\"ReadAction\",\"target\":[\"https:\/\/www.onetimenexttime.sk\/arduino\/index.php\/produkt\/12v-10a-digital-lcd-temperature-regulator-controller-pcb-board-thermostat-sensor\/\"]}]},{\"@type\":\"ImageObject\",\"inLanguage\":\"sk-SK\",\"@id\":\"https:\/\/www.onetimenexttime.sk\/arduino\/index.php\/produkt\/12v-10a-digital-lcd-temperature-regulator-controller-pcb-board-thermostat-sensor\/#primaryimage\",\"url\":\"https:\/\/www.onetimenexttime.sk\/arduino\/wp-content\/uploads\/2021\/11\/1730.jpg\",\"contentUrl\":\"https:\/\/www.onetimenexttime.sk\/arduino\/wp-content\/uploads\/2021\/11\/1730.jpg\",\"width\":548,\"height\":548},{\"@type\":\"BreadcrumbList\",\"@id\":\"https:\/\/www.onetimenexttime.sk\/arduino\/index.php\/produkt\/12v-10a-digital-lcd-temperature-regulator-controller-pcb-board-thermostat-sensor\/#breadcrumb\",\"itemListElement\":[{\"@type\":\"ListItem\",\"position\":1,\"name\":\"Domov\",\"item\":\"https:\/\/www.onetimenexttime.sk\/arduino\/\"},{\"@type\":\"ListItem\",\"position\":2,\"name\":\"Obchod\",\"item\":\"https:\/\/www.onetimenexttime.sk\/arduino\/\"},{\"@type\":\"ListItem\",\"position\":3,\"name\":\"12V 10A Digital LCD Temperature Regulator Controller PCB Board Thermostat Sensor\"}]},{\"@type\":\"WebSite\",\"@id\":\"https:\/\/www.onetimenexttime.sk\/arduino\/#website\",\"url\":\"https:\/\/www.onetimenexttime.sk\/arduino\/\",\"name\":\"Arduino e-shop\",\"description\":\"Home Assistant\",\"potentialAction\":[{\"@type\":\"SearchAction\",\"target\":{\"@type\":\"EntryPoint\",\"urlTemplate\":\"https:\/\/www.onetimenexttime.sk\/arduino\/?s={search_term_string}\"},\"query-input\":{\"@type\":\"PropertyValueSpecification\",\"valueRequired\":true,\"valueName\":\"search_term_string\"}}],\"inLanguage\":\"sk-SK\"}]}<\/script>\n<!-- \/ Yoast SEO plugin. -->","yoast_head_json":{"title":"12V 10A Digital LCD Temperature Regulator Controller PCB Board Thermostat Sensor - Arduino e-shop","robots":{"index":"index","follow":"follow","max-snippet":"max-snippet:-1","max-image-preview":"max-image-preview:large","max-video-preview":"max-video-preview:-1"},"canonical":"https:\/\/www.onetimenexttime.sk\/arduino\/index.php\/produkt\/12v-10a-digital-lcd-temperature-regulator-controller-pcb-board-thermostat-sensor\/","og_locale":"sk_SK","og_type":"article","og_title":"12V 10A Digital LCD Temperature Regulator Controller PCB Board Thermostat Sensor - Arduino e-shop","og_description":"12V 10A digit\u00e1lny LCD regul\u00e1tor regul\u00e1tora teploty PCB sn\u00edma\u010d termostatu &nbsp; \u0160irok\u00fd rozsah merania teploty. Ovl\u00e1danie k\u00farenia a chladenia. Funkcia&hellip;","og_url":"https:\/\/www.onetimenexttime.sk\/arduino\/index.php\/produkt\/12v-10a-digital-lcd-temperature-regulator-controller-pcb-board-thermostat-sensor\/","og_site_name":"Arduino e-shop","article_modified_time":"2021-11-15T18:56:27+00:00","og_image":[{"width":548,"height":548,"url":"https:\/\/www.onetimenexttime.sk\/arduino\/wp-content\/uploads\/2021\/11\/1730.jpg","type":"image\/jpeg"}],"twitter_card":"summary_large_image","twitter_misc":{"Predpokladan\u00fd \u010das \u010d\u00edtania":"1 min\u00fata"},"schema":{"@context":"https:\/\/schema.org","@graph":[{"@type":"WebPage","@id":"https:\/\/www.onetimenexttime.sk\/arduino\/index.php\/produkt\/12v-10a-digital-lcd-temperature-regulator-controller-pcb-board-thermostat-sensor\/","url":"https:\/\/www.onetimenexttime.sk\/arduino\/index.php\/produkt\/12v-10a-digital-lcd-temperature-regulator-controller-pcb-board-thermostat-sensor\/","name":"12V 10A Digital LCD Temperature Regulator Controller PCB Board Thermostat Sensor - Arduino e-shop","isPartOf":{"@id":"https:\/\/www.onetimenexttime.sk\/arduino\/#website"},"primaryImageOfPage":{"@id":"https:\/\/www.onetimenexttime.sk\/arduino\/index.php\/produkt\/12v-10a-digital-lcd-temperature-regulator-controller-pcb-board-thermostat-sensor\/#primaryimage"},"image":{"@id":"https:\/\/www.onetimenexttime.sk\/arduino\/index.php\/produkt\/12v-10a-digital-lcd-temperature-regulator-controller-pcb-board-thermostat-sensor\/#primaryimage"},"thumbnailUrl":"https:\/\/www.onetimenexttime.sk\/arduino\/wp-content\/uploads\/2021\/11\/1730.jpg","datePublished":"2021-11-15T18:53:37+00:00","dateModified":"2021-11-15T18:56:27+00:00","breadcrumb":{"@id":"https:\/\/www.onetimenexttime.sk\/arduino\/index.php\/produkt\/12v-10a-digital-lcd-temperature-regulator-controller-pcb-board-thermostat-sensor\/#breadcrumb"},"inLanguage":"sk-SK","potentialAction":[{"@type":"ReadAction","target":["https:\/\/www.onetimenexttime.sk\/arduino\/index.php\/produkt\/12v-10a-digital-lcd-temperature-regulator-controller-pcb-board-thermostat-sensor\/"]}]},{"@type":"ImageObject","inLanguage":"sk-SK","@id":"https:\/\/www.onetimenexttime.sk\/arduino\/index.php\/produkt\/12v-10a-digital-lcd-temperature-regulator-controller-pcb-board-thermostat-sensor\/#primaryimage","url":"https:\/\/www.onetimenexttime.sk\/arduino\/wp-content\/uploads\/2021\/11\/1730.jpg","contentUrl":"https:\/\/www.onetimenexttime.sk\/arduino\/wp-content\/uploads\/2021\/11\/1730.jpg","width":548,"height":548},{"@type":"BreadcrumbList","@id":"https:\/\/www.onetimenexttime.sk\/arduino\/index.php\/produkt\/12v-10a-digital-lcd-temperature-regulator-controller-pcb-board-thermostat-sensor\/#breadcrumb","itemListElement":[{"@type":"ListItem","position":1,"name":"Domov","item":"https:\/\/www.onetimenexttime.sk\/arduino\/"},{"@type":"ListItem","position":2,"name":"Obchod","item":"https:\/\/www.onetimenexttime.sk\/arduino\/"},{"@type":"ListItem","position":3,"name":"12V 10A Digital LCD Temperature Regulator Controller PCB Board Thermostat Sensor"}]},{"@type":"WebSite","@id":"https:\/\/www.onetimenexttime.sk\/arduino\/#website","url":"https:\/\/www.onetimenexttime.sk\/arduino\/","name":"Arduino e-shop","description":"Home Assistant","potentialAction":[{"@type":"SearchAction","target":{"@type":"EntryPoint","urlTemplate":"https:\/\/www.onetimenexttime.sk\/arduino\/?s={search_term_string}"},"query-input":{"@type":"PropertyValueSpecification","valueRequired":true,"valueName":"search_term_string"}}],"inLanguage":"sk-SK"}]}},"_links":{"self":[{"href":"https:\/\/www.onetimenexttime.sk\/arduino\/index.php\/wp-json\/wp\/v2\/product\/1419"}],"collection":[{"href":"https:\/\/www.onetimenexttime.sk\/arduino\/index.php\/wp-json\/wp\/v2\/product"}],"about":[{"href":"https:\/\/www.onetimenexttime.sk\/arduino\/index.php\/wp-json\/wp\/v2\/types\/product"}],"wp:featuredmedia":[{"embeddable":true,"href":"https:\/\/www.onetimenexttime.sk\/arduino\/index.php\/wp-json\/wp\/v2\/media\/1420"}],"wp:attachment":[{"href":"https:\/\/www.onetimenexttime.sk\/arduino\/index.php\/wp-json\/wp\/v2\/media?parent=1419"}],"wp:term":[{"taxonomy":"product_cat","embeddable":true,"href":"https:\/\/www.onetimenexttime.sk\/arduino\/index.php\/wp-json\/wp\/v2\/product_cat?post=1419"},{"taxonomy":"product_tag","embeddable":true,"href":"https:\/\/www.onetimenexttime.sk\/arduino\/index.php\/wp-json\/wp\/v2\/product_tag?post=1419"}],"curies":[{"name":"wp","href":"https:\/\/api.w.org\/{rel}","templated":true}]}}