{"id":1417,"date":"2021-11-15T19:39:01","date_gmt":"2021-11-15T18:39:01","guid":{"rendered":"https:\/\/www.onetimenexttime.sk\/arduino\/?post_type=product&#038;p=1417"},"modified":"2021-11-15T19:46:18","modified_gmt":"2021-11-15T18:46:18","slug":"w1209-digital-led-dc-12v-heat-cool-temp-thermostat-temperature-control-switch-module-on-off-controller-board-ntc-sensor","status":"publish","type":"product","link":"https:\/\/www.onetimenexttime.sk\/arduino\/index.php\/produkt\/w1209-digital-led-dc-12v-heat-cool-temp-thermostat-temperature-control-switch-module-on-off-controller-board-ntc-sensor\/","title":{"rendered":"W1209 Digital LED DC 12V Heat Cool Temp Thermostat Temperature Control Switch Module On\/Off Controller Board + NTC Sensor"},"content":{"rendered":"<h2>W1209 Digit\u00e1lny LED jednosmern\u00fd pr\u00fad 12V Heat Cool Temp Termostat Modul prep\u00edna\u010da zapnutia\/vypnutia riadiacej dosky + NTC sn\u00edma\u010d<\/h2>\n<p>&nbsp;<\/p>\n<p><strong>Technick\u00e9 \u00fadaje:<\/strong><\/p>\n<p>&nbsp;<\/p>\n<p>Teplotn\u00fd rozsah:-30-110 \u00b0<br \/>\nRozmery: 48,5 * 40 mm<br \/>\nRe\u017eim regul\u00e1cie teploty: ON \/ OFF<br \/>\nRozl\u00ed\u0161enie: Ke\u010f je teplota 0,1 \u00b0, rozl\u00ed\u0161enie je -9,9 ~ 99,9, \u010fal\u0161\u00ed teplotn\u00fd segment je 1 \u00b0<br \/>\nPresnos\u0165 ovl\u00e1dania: 0,1 \u00b0<br \/>\nPresnos\u0165 hyster\u00e9zie: 0,1\u00b0<br \/>\nObnovovacia frekvencia: 0,5 s<br \/>\nOchrana proti vysokej teplote: 0-110\u00b0<br \/>\nNap\u00e1jacie nap\u00e4tie: DC 12V<br \/>\nStatick\u00fd pr\u00fad: \u2264 35MA, pri\u0165ahova\u0165 pr\u00fad \u2264 65MA<br \/>\nV\u00fdstupn\u00e9 nap\u00e4tie: DC 12V<br \/>\nV\u00fdstupn\u00fd v\u00fdkon: 20A rel\u00e9<br \/>\nVstup merania: NTC (10K 0,5%) Vodotesn\u00fd senzor<\/p>\n<p>Po\u017eiadavky na prostredie: -10 ~ 60 \u00b0 ,Vlhkos\u0165 20% -85%<\/p>\n<p><strong>Ako pou\u017ei\u0165:<\/strong><\/p>\n<p>Pripojte nap\u00e1janie a z\u00e1\u0165a\u017e, ktor\u00fa m\u00f4\u017eete nap\u00e1ja\u0165 do regul\u00e1tora,<br \/>\nZobrazuje sa ako nameran\u00e1 teplota,<br \/>\nStla\u010dte tla\u010didlo SET, na displeji za\u010dne blika\u0165 teplota,<br \/>\nStla\u010dte &#8211; pre nastavenie po\u017eadovanej teploty,<br \/>\nPo nastaven\u00ed stla\u010dte SET pre potvrdenie n\u00e1vratu,<br \/>\nRegul\u00e1tor automaticky vykon\u00e1 rel\u00e9 rozbehnut\u00edm!<br \/>\nSvetl\u00e1, popis stavu LED:<br \/>\nIndik\u00e1tor: Nesvieti Rel\u00e9 je vypnut\u00e9, V\u017edy signalizuje, \u017ee je rel\u00e9 zopnut\u00e9.<br \/>\nLED: Ukazuje LL je sn\u00edma\u010d otvoren\u00fd, ukazuje, \u017ee ?HH je mimo rozsahu, termostat bude n\u00faten\u00fd zopn\u00fa\u0165 rel\u00e9, displej &#8212; ako ochrana pred vysokou teplotou.<\/p>\n<p>Balenie obsahuje:<\/p>\n<p>10* W1209 DC 12V Heat Cool Temp Termostat Sp\u00edna\u010d riadenia teploty Modul regul\u00e1tora teploty + NTC senzor<\/p>\n","protected":false},"excerpt":{"rendered":"<p>W1209 Digit\u00e1lny LED jednosmern\u00fd pr\u00fad 12V Heat Cool Temp Termostat Modul prep\u00edna\u010da zapnutia\/vypnutia riadiacej dosky + NTC sn\u00edma\u010d &nbsp; Technick\u00e9&hellip;<\/p>\n","protected":false},"featured_media":1418,"template":"","meta":{"_monsterinsights_skip_tracking":false,"_monsterinsights_sitenote_active":false,"_monsterinsights_sitenote_note":"","_monsterinsights_sitenote_category":0},"product_cat":[16,17,67],"product_tag":[],"class_list":{"0":"post-1417","1":"product","2":"type-product","3":"status-publish","4":"has-post-thumbnail","6":"product_cat-ard","7":"product_cat-modul","8":"product_cat-temperature","10":"first","11":"instock","12":"shipping-taxable","13":"purchasable","14":"product-type-simple"},"yoast_head":"<!-- This site is optimized with the Yoast SEO plugin v23.6 - https:\/\/yoast.com\/wordpress\/plugins\/seo\/ -->\n<title>W1209 Digital LED DC 12V Heat Cool Temp Thermostat Temperature Control Switch Module On\/Off Controller Board + NTC Sensor - Arduino e-shop<\/title>\n<meta name=\"robots\" content=\"index, follow, max-snippet:-1, max-image-preview:large, max-video-preview:-1\" \/>\n<link rel=\"canonical\" href=\"https:\/\/www.onetimenexttime.sk\/arduino\/index.php\/produkt\/w1209-digital-led-dc-12v-heat-cool-temp-thermostat-temperature-control-switch-module-on-off-controller-board-ntc-sensor\/\" \/>\n<meta property=\"og:locale\" content=\"sk_SK\" \/>\n<meta property=\"og:type\" content=\"article\" \/>\n<meta property=\"og:title\" content=\"W1209 Digital LED DC 12V Heat Cool Temp Thermostat Temperature Control Switch Module On\/Off Controller Board + NTC Sensor - Arduino e-shop\" \/>\n<meta property=\"og:description\" content=\"W1209 Digit\u00e1lny LED jednosmern\u00fd pr\u00fad 12V Heat Cool Temp Termostat Modul prep\u00edna\u010da zapnutia\/vypnutia riadiacej dosky + NTC sn\u00edma\u010d &nbsp; Technick\u00e9&hellip;\" \/>\n<meta property=\"og:url\" content=\"https:\/\/www.onetimenexttime.sk\/arduino\/index.php\/produkt\/w1209-digital-led-dc-12v-heat-cool-temp-thermostat-temperature-control-switch-module-on-off-controller-board-ntc-sensor\/\" \/>\n<meta property=\"og:site_name\" content=\"Arduino e-shop\" \/>\n<meta property=\"article:modified_time\" content=\"2021-11-15T18:46:18+00:00\" \/>\n<meta property=\"og:image\" content=\"https:\/\/www.onetimenexttime.sk\/arduino\/wp-content\/uploads\/2021\/11\/1729.jpg\" \/>\n\t<meta property=\"og:image:width\" content=\"455\" \/>\n\t<meta property=\"og:image:height\" content=\"450\" \/>\n\t<meta property=\"og:image:type\" content=\"image\/jpeg\" \/>\n<meta name=\"twitter:card\" content=\"summary_large_image\" \/>\n<meta name=\"twitter:label1\" content=\"Predpokladan\u00fd \u010das \u010d\u00edtania\" \/>\n\t<meta name=\"twitter:data1\" content=\"1 min\u00fata\" \/>\n<script type=\"application\/ld+json\" class=\"yoast-schema-graph\">{\"@context\":\"https:\/\/schema.org\",\"@graph\":[{\"@type\":\"WebPage\",\"@id\":\"https:\/\/www.onetimenexttime.sk\/arduino\/index.php\/produkt\/w1209-digital-led-dc-12v-heat-cool-temp-thermostat-temperature-control-switch-module-on-off-controller-board-ntc-sensor\/\",\"url\":\"https:\/\/www.onetimenexttime.sk\/arduino\/index.php\/produkt\/w1209-digital-led-dc-12v-heat-cool-temp-thermostat-temperature-control-switch-module-on-off-controller-board-ntc-sensor\/\",\"name\":\"W1209 Digital LED DC 12V Heat Cool Temp Thermostat Temperature Control Switch Module On\/Off Controller Board + NTC Sensor - Arduino e-shop\",\"isPartOf\":{\"@id\":\"https:\/\/www.onetimenexttime.sk\/arduino\/#website\"},\"primaryImageOfPage\":{\"@id\":\"https:\/\/www.onetimenexttime.sk\/arduino\/index.php\/produkt\/w1209-digital-led-dc-12v-heat-cool-temp-thermostat-temperature-control-switch-module-on-off-controller-board-ntc-sensor\/#primaryimage\"},\"image\":{\"@id\":\"https:\/\/www.onetimenexttime.sk\/arduino\/index.php\/produkt\/w1209-digital-led-dc-12v-heat-cool-temp-thermostat-temperature-control-switch-module-on-off-controller-board-ntc-sensor\/#primaryimage\"},\"thumbnailUrl\":\"https:\/\/www.onetimenexttime.sk\/arduino\/wp-content\/uploads\/2021\/11\/1729.jpg\",\"datePublished\":\"2021-11-15T18:39:01+00:00\",\"dateModified\":\"2021-11-15T18:46:18+00:00\",\"breadcrumb\":{\"@id\":\"https:\/\/www.onetimenexttime.sk\/arduino\/index.php\/produkt\/w1209-digital-led-dc-12v-heat-cool-temp-thermostat-temperature-control-switch-module-on-off-controller-board-ntc-sensor\/#breadcrumb\"},\"inLanguage\":\"sk-SK\",\"potentialAction\":[{\"@type\":\"ReadAction\",\"target\":[\"https:\/\/www.onetimenexttime.sk\/arduino\/index.php\/produkt\/w1209-digital-led-dc-12v-heat-cool-temp-thermostat-temperature-control-switch-module-on-off-controller-board-ntc-sensor\/\"]}]},{\"@type\":\"ImageObject\",\"inLanguage\":\"sk-SK\",\"@id\":\"https:\/\/www.onetimenexttime.sk\/arduino\/index.php\/produkt\/w1209-digital-led-dc-12v-heat-cool-temp-thermostat-temperature-control-switch-module-on-off-controller-board-ntc-sensor\/#primaryimage\",\"url\":\"https:\/\/www.onetimenexttime.sk\/arduino\/wp-content\/uploads\/2021\/11\/1729.jpg\",\"contentUrl\":\"https:\/\/www.onetimenexttime.sk\/arduino\/wp-content\/uploads\/2021\/11\/1729.jpg\",\"width\":455,\"height\":450},{\"@type\":\"BreadcrumbList\",\"@id\":\"https:\/\/www.onetimenexttime.sk\/arduino\/index.php\/produkt\/w1209-digital-led-dc-12v-heat-cool-temp-thermostat-temperature-control-switch-module-on-off-controller-board-ntc-sensor\/#breadcrumb\",\"itemListElement\":[{\"@type\":\"ListItem\",\"position\":1,\"name\":\"Domov\",\"item\":\"https:\/\/www.onetimenexttime.sk\/arduino\/\"},{\"@type\":\"ListItem\",\"position\":2,\"name\":\"Obchod\",\"item\":\"https:\/\/www.onetimenexttime.sk\/arduino\/\"},{\"@type\":\"ListItem\",\"position\":3,\"name\":\"W1209 Digital LED DC 12V Heat Cool Temp Thermostat Temperature Control Switch Module On\/Off Controller Board + NTC Sensor\"}]},{\"@type\":\"WebSite\",\"@id\":\"https:\/\/www.onetimenexttime.sk\/arduino\/#website\",\"url\":\"https:\/\/www.onetimenexttime.sk\/arduino\/\",\"name\":\"Arduino e-shop\",\"description\":\"Home Assistant\",\"potentialAction\":[{\"@type\":\"SearchAction\",\"target\":{\"@type\":\"EntryPoint\",\"urlTemplate\":\"https:\/\/www.onetimenexttime.sk\/arduino\/?s={search_term_string}\"},\"query-input\":{\"@type\":\"PropertyValueSpecification\",\"valueRequired\":true,\"valueName\":\"search_term_string\"}}],\"inLanguage\":\"sk-SK\"}]}<\/script>\n<!-- \/ Yoast SEO plugin. -->","yoast_head_json":{"title":"W1209 Digital LED DC 12V Heat Cool Temp Thermostat Temperature Control Switch Module On\/Off Controller Board + NTC Sensor - Arduino e-shop","robots":{"index":"index","follow":"follow","max-snippet":"max-snippet:-1","max-image-preview":"max-image-preview:large","max-video-preview":"max-video-preview:-1"},"canonical":"https:\/\/www.onetimenexttime.sk\/arduino\/index.php\/produkt\/w1209-digital-led-dc-12v-heat-cool-temp-thermostat-temperature-control-switch-module-on-off-controller-board-ntc-sensor\/","og_locale":"sk_SK","og_type":"article","og_title":"W1209 Digital LED DC 12V Heat Cool Temp Thermostat Temperature Control Switch Module On\/Off Controller Board + NTC Sensor - Arduino e-shop","og_description":"W1209 Digit\u00e1lny LED jednosmern\u00fd pr\u00fad 12V Heat Cool Temp Termostat Modul prep\u00edna\u010da zapnutia\/vypnutia riadiacej dosky + NTC sn\u00edma\u010d &nbsp; Technick\u00e9&hellip;","og_url":"https:\/\/www.onetimenexttime.sk\/arduino\/index.php\/produkt\/w1209-digital-led-dc-12v-heat-cool-temp-thermostat-temperature-control-switch-module-on-off-controller-board-ntc-sensor\/","og_site_name":"Arduino e-shop","article_modified_time":"2021-11-15T18:46:18+00:00","og_image":[{"width":455,"height":450,"url":"https:\/\/www.onetimenexttime.sk\/arduino\/wp-content\/uploads\/2021\/11\/1729.jpg","type":"image\/jpeg"}],"twitter_card":"summary_large_image","twitter_misc":{"Predpokladan\u00fd \u010das \u010d\u00edtania":"1 min\u00fata"},"schema":{"@context":"https:\/\/schema.org","@graph":[{"@type":"WebPage","@id":"https:\/\/www.onetimenexttime.sk\/arduino\/index.php\/produkt\/w1209-digital-led-dc-12v-heat-cool-temp-thermostat-temperature-control-switch-module-on-off-controller-board-ntc-sensor\/","url":"https:\/\/www.onetimenexttime.sk\/arduino\/index.php\/produkt\/w1209-digital-led-dc-12v-heat-cool-temp-thermostat-temperature-control-switch-module-on-off-controller-board-ntc-sensor\/","name":"W1209 Digital LED DC 12V Heat Cool Temp Thermostat Temperature Control Switch Module On\/Off Controller Board + NTC Sensor - Arduino e-shop","isPartOf":{"@id":"https:\/\/www.onetimenexttime.sk\/arduino\/#website"},"primaryImageOfPage":{"@id":"https:\/\/www.onetimenexttime.sk\/arduino\/index.php\/produkt\/w1209-digital-led-dc-12v-heat-cool-temp-thermostat-temperature-control-switch-module-on-off-controller-board-ntc-sensor\/#primaryimage"},"image":{"@id":"https:\/\/www.onetimenexttime.sk\/arduino\/index.php\/produkt\/w1209-digital-led-dc-12v-heat-cool-temp-thermostat-temperature-control-switch-module-on-off-controller-board-ntc-sensor\/#primaryimage"},"thumbnailUrl":"https:\/\/www.onetimenexttime.sk\/arduino\/wp-content\/uploads\/2021\/11\/1729.jpg","datePublished":"2021-11-15T18:39:01+00:00","dateModified":"2021-11-15T18:46:18+00:00","breadcrumb":{"@id":"https:\/\/www.onetimenexttime.sk\/arduino\/index.php\/produkt\/w1209-digital-led-dc-12v-heat-cool-temp-thermostat-temperature-control-switch-module-on-off-controller-board-ntc-sensor\/#breadcrumb"},"inLanguage":"sk-SK","potentialAction":[{"@type":"ReadAction","target":["https:\/\/www.onetimenexttime.sk\/arduino\/index.php\/produkt\/w1209-digital-led-dc-12v-heat-cool-temp-thermostat-temperature-control-switch-module-on-off-controller-board-ntc-sensor\/"]}]},{"@type":"ImageObject","inLanguage":"sk-SK","@id":"https:\/\/www.onetimenexttime.sk\/arduino\/index.php\/produkt\/w1209-digital-led-dc-12v-heat-cool-temp-thermostat-temperature-control-switch-module-on-off-controller-board-ntc-sensor\/#primaryimage","url":"https:\/\/www.onetimenexttime.sk\/arduino\/wp-content\/uploads\/2021\/11\/1729.jpg","contentUrl":"https:\/\/www.onetimenexttime.sk\/arduino\/wp-content\/uploads\/2021\/11\/1729.jpg","width":455,"height":450},{"@type":"BreadcrumbList","@id":"https:\/\/www.onetimenexttime.sk\/arduino\/index.php\/produkt\/w1209-digital-led-dc-12v-heat-cool-temp-thermostat-temperature-control-switch-module-on-off-controller-board-ntc-sensor\/#breadcrumb","itemListElement":[{"@type":"ListItem","position":1,"name":"Domov","item":"https:\/\/www.onetimenexttime.sk\/arduino\/"},{"@type":"ListItem","position":2,"name":"Obchod","item":"https:\/\/www.onetimenexttime.sk\/arduino\/"},{"@type":"ListItem","position":3,"name":"W1209 Digital LED DC 12V Heat Cool Temp Thermostat Temperature Control Switch Module On\/Off Controller Board + NTC Sensor"}]},{"@type":"WebSite","@id":"https:\/\/www.onetimenexttime.sk\/arduino\/#website","url":"https:\/\/www.onetimenexttime.sk\/arduino\/","name":"Arduino e-shop","description":"Home Assistant","potentialAction":[{"@type":"SearchAction","target":{"@type":"EntryPoint","urlTemplate":"https:\/\/www.onetimenexttime.sk\/arduino\/?s={search_term_string}"},"query-input":{"@type":"PropertyValueSpecification","valueRequired":true,"valueName":"search_term_string"}}],"inLanguage":"sk-SK"}]}},"_links":{"self":[{"href":"https:\/\/www.onetimenexttime.sk\/arduino\/index.php\/wp-json\/wp\/v2\/product\/1417"}],"collection":[{"href":"https:\/\/www.onetimenexttime.sk\/arduino\/index.php\/wp-json\/wp\/v2\/product"}],"about":[{"href":"https:\/\/www.onetimenexttime.sk\/arduino\/index.php\/wp-json\/wp\/v2\/types\/product"}],"wp:featuredmedia":[{"embeddable":true,"href":"https:\/\/www.onetimenexttime.sk\/arduino\/index.php\/wp-json\/wp\/v2\/media\/1418"}],"wp:attachment":[{"href":"https:\/\/www.onetimenexttime.sk\/arduino\/index.php\/wp-json\/wp\/v2\/media?parent=1417"}],"wp:term":[{"taxonomy":"product_cat","embeddable":true,"href":"https:\/\/www.onetimenexttime.sk\/arduino\/index.php\/wp-json\/wp\/v2\/product_cat?post=1417"},{"taxonomy":"product_tag","embeddable":true,"href":"https:\/\/www.onetimenexttime.sk\/arduino\/index.php\/wp-json\/wp\/v2\/product_tag?post=1417"}],"curies":[{"name":"wp","href":"https:\/\/api.w.org\/{rel}","templated":true}]}}