{"id":1391,"date":"2021-11-15T15:28:41","date_gmt":"2021-11-15T14:28:41","guid":{"rendered":"https:\/\/www.onetimenexttime.sk\/arduino\/?post_type=product&#038;p=1391"},"modified":"2024-02-22T18:15:07","modified_gmt":"2024-02-22T17:15:07","slug":"waterproof-temperature-probe-sensor-ds18b20-stainless-steel-package-18b20","status":"publish","type":"product","link":"https:\/\/www.onetimenexttime.sk\/arduino\/index.php\/produkt\/waterproof-temperature-probe-sensor-ds18b20-stainless-steel-package-18b20\/","title":{"rendered":"Waterproof temperature probe sensor DS18b20  Stainless steel package 18B20"},"content":{"rendered":"<p>&nbsp;<\/p>\n<h1>Inform\u00e1cie o teplotnom sn\u00edma\u010di DS18b20<\/h1>\n<table>\n<tbody>\n<tr>\n<th>Popis<\/th>\n<td>Vodotesn\u00fd teplotn\u00fd sn\u00edma\u010d DS18b20 v nerezovom puzdre<\/td>\n<\/tr>\n<tr>\n<th>Vlastnosti<\/th>\n<td>\n<ul>\n<li>Vodotesn\u00fd dizajn<\/li>\n<li>Prec\u00edzne meranie teploty<\/li>\n<li>Jednoduch\u00e9 pripojenie<\/li>\n<li>Rozsah merania: -55\u00b0C a\u017e +125\u00b0C<\/li>\n<li>Komunik\u00e1cia cez 1-Wire rozhranie<\/li>\n<\/ul>\n<\/td>\n<\/tr>\n<tr>\n<th>\u0160pecifik\u00e1cie<\/th>\n<td>\n<ul>\n<li>Rozmery: 6mm x 50mm<\/li>\n<li>Materi\u00e1l: Nerezov\u00e1 oce\u013e<\/li>\n<li>Odolnos\u0165: IP67<\/li>\n<li>K\u00e1blov\u00e1 d\u013a\u017eka: 1 meter<\/li>\n<\/ul>\n<\/td>\n<\/tr>\n<tr>\n<th>Pr\u00edklady pou\u017eitia<\/th>\n<td>\n<ul>\n<li>Meranie teploty v exteri\u00e9rov\u00fdch prostrediach<\/li>\n<li>Teplotn\u00e9 monitorovanie v akv\u00e1ri\u00e1ch<\/li>\n<li>Automatizovan\u00e9 riadenie k\u00farenia<\/li>\n<\/ul>\n<\/td>\n<\/tr>\n<tr>\n<th>Pr\u00edkladov\u00fd k\u00f3d pre Arduino<\/th>\n<td><code><code><br \/>\n\/\/ Potrebn\u00e9 kni\u017enice<br \/>\n#include &lt;OneWire.h&gt;<br \/>\n#include &lt;DallasTemperature.h&gt;<\/code><\/code>\/\/ Inicializ\u00e1cia teplotn\u00e9ho sn\u00edma\u010da<br \/>\n#define ONE_WIRE_BUS 2 \/\/ Pin, na ktorom je sn\u00edma\u010d pripojen\u00fd<br \/>\nOneWire oneWire(ONE_WIRE_BUS);<br \/>\nDallasTemperature sensors(&amp;oneWire);<\/p>\n<p><code><code><\/code><\/code>void setup() {<br \/>\nSerial.begin(9600);<br \/>\nsensors.begin();<br \/>\n}<\/p>\n<p><code><code><\/code><\/code>void loop() {<br \/>\nsensors.requestTemperatures();<br \/>\nfloat teplota = sensors.getTempCByIndex(0);<br \/>\nSerial.print(&#8220;Teplota: &#8220;);<br \/>\nSerial.println(teplota);<br \/>\ndelay(1000);<br \/>\n}<\/td>\n<\/tr>\n<tr>\n<th>Pr\u00edkladov\u00fd k\u00f3d pre ESPHome<\/th>\n<td><code><code><\/code><\/code><\/p>\n<pre><span class=\"c1\"># Example configuration entry<\/span>\r\n<span class=\"nt\">dallas<\/span><span class=\"p\">:<\/span>\r\n  <span class=\"p p-Indicator\">-<\/span> <span class=\"nt\">pin<\/span><span class=\"p\">:<\/span> <span class=\"l l-Scalar l-Scalar-Plain\">23   <code> # po\u0161le do logu adresu<\/code><\/span><\/pre>\n<p><code><br \/>\nsensor:<br \/>\n- platform: dallas<br \/>\naddress: 0x1234567890AB\u00a0 # v logu n\u00e1jde\u0161 adresu<br \/>\nname: \"Teplota Baz\u00e9n\"<br \/>\n<\/code><\/td>\n<\/tr>\n<\/tbody>\n<\/table>\n<p><button class=\"button\">Skop\u00edrova\u0165 k\u00f3d pre Arduino<\/button><br \/>\n<button class=\"button\">Skop\u00edrova\u0165 k\u00f3d pre ESPHome<\/button><\/p>\n<p>&nbsp;<\/p>\n<h2>Vodotesn\u00fd teplotn\u00fd sn\u00edma\u010d teploty DS18b20\u00a0Nerezov\u00fd obal\u00a018B20<\/h2>\n<p>D\u013a\u017eka k\u00e1bla: 1m<br \/>\nVe\u013ekos\u0165 pl\u00e1\u0161\u0165a z nehrdzavej\u00facej ocele: 6 * 30 mm<br \/>\nRozsah nap\u00e1jania: 3,0V a\u017e 5,5V<br \/>\nRozsah prev\u00e1dzkovej teploty: -55 \u00b0C a\u017e +125 \u00b0C (-67 \u00b0F a\u017e +257 \u00b0F)<br \/>\nRozsah skladovacej teploty: -55 \u00b0C a\u017e +125 \u00b0C (-67 \u00b0F a\u017e +257 \u00b0F)<br \/>\nPresnos\u0165 v rozsahu -10\u00b0C a\u017e +85\u00b0C: \u00b10,5\u00b0C.<br \/>\nV\u00fdstupn\u00e9 vodi\u010de: \u010derven\u00fd (VCC), modr\u00fd (DATA), \u010dierny (GND)<br \/>\nvodeodoln\u00fd<\/p>\n<p>&nbsp;<\/p>\n","protected":false},"excerpt":{"rendered":"<p>&nbsp; Inform\u00e1cie o teplotnom sn\u00edma\u010di DS18b20 Popis Vodotesn\u00fd teplotn\u00fd sn\u00edma\u010d DS18b20 v nerezovom puzdre Vlastnosti Vodotesn\u00fd dizajn Prec\u00edzne meranie teploty&hellip;<\/p>\n","protected":false},"featured_media":1392,"template":"","meta":{"_monsterinsights_skip_tracking":false,"_monsterinsights_sitenote_active":false,"_monsterinsights_sitenote_note":"","_monsterinsights_sitenote_category":0},"product_cat":[16,17,69,67,47],"product_tag":[],"class_list":{"0":"post-1391","1":"product","2":"type-product","3":"status-publish","4":"has-post-thumbnail","6":"product_cat-ard","7":"product_cat-modul","8":"product_cat-sensors","9":"product_cat-temperature","10":"product_cat-teplota","12":"first","13":"instock","14":"shipping-taxable","15":"purchasable","16":"product-type-simple"},"yoast_head":"<!-- This site is optimized with the Yoast SEO plugin v23.6 - https:\/\/yoast.com\/wordpress\/plugins\/seo\/ -->\n<title>Waterproof temperature probe sensor DS18b20 Stainless steel package 18B20 - Arduino e-shop<\/title>\n<meta name=\"robots\" content=\"index, follow, max-snippet:-1, max-image-preview:large, max-video-preview:-1\" \/>\n<link rel=\"canonical\" href=\"https:\/\/www.onetimenexttime.sk\/arduino\/index.php\/produkt\/waterproof-temperature-probe-sensor-ds18b20-stainless-steel-package-18b20\/\" \/>\n<meta property=\"og:locale\" content=\"sk_SK\" \/>\n<meta property=\"og:type\" content=\"article\" \/>\n<meta property=\"og:title\" content=\"Waterproof temperature probe sensor DS18b20 Stainless steel package 18B20 - Arduino e-shop\" \/>\n<meta property=\"og:description\" content=\"&nbsp; Inform\u00e1cie o teplotnom sn\u00edma\u010di DS18b20 Popis Vodotesn\u00fd teplotn\u00fd sn\u00edma\u010d DS18b20 v nerezovom puzdre Vlastnosti Vodotesn\u00fd dizajn Prec\u00edzne meranie teploty&hellip;\" \/>\n<meta property=\"og:url\" content=\"https:\/\/www.onetimenexttime.sk\/arduino\/index.php\/produkt\/waterproof-temperature-probe-sensor-ds18b20-stainless-steel-package-18b20\/\" \/>\n<meta property=\"og:site_name\" content=\"Arduino e-shop\" \/>\n<meta property=\"article:modified_time\" content=\"2024-02-22T17:15:07+00:00\" \/>\n<meta property=\"og:image\" content=\"https:\/\/www.onetimenexttime.sk\/arduino\/wp-content\/uploads\/2021\/11\/1708.jpg\" \/>\n\t<meta property=\"og:image:width\" content=\"463\" \/>\n\t<meta property=\"og:image:height\" content=\"463\" \/>\n\t<meta property=\"og:image:type\" content=\"image\/jpeg\" \/>\n<meta name=\"twitter:card\" content=\"summary_large_image\" \/>\n<meta name=\"twitter:label1\" content=\"Predpokladan\u00fd \u010das \u010d\u00edtania\" \/>\n\t<meta name=\"twitter:data1\" content=\"1 min\u00fata\" \/>\n<script type=\"application\/ld+json\" class=\"yoast-schema-graph\">{\"@context\":\"https:\/\/schema.org\",\"@graph\":[{\"@type\":\"WebPage\",\"@id\":\"https:\/\/www.onetimenexttime.sk\/arduino\/index.php\/produkt\/waterproof-temperature-probe-sensor-ds18b20-stainless-steel-package-18b20\/\",\"url\":\"https:\/\/www.onetimenexttime.sk\/arduino\/index.php\/produkt\/waterproof-temperature-probe-sensor-ds18b20-stainless-steel-package-18b20\/\",\"name\":\"Waterproof temperature probe sensor DS18b20 Stainless steel package 18B20 - Arduino e-shop\",\"isPartOf\":{\"@id\":\"https:\/\/www.onetimenexttime.sk\/arduino\/#website\"},\"primaryImageOfPage\":{\"@id\":\"https:\/\/www.onetimenexttime.sk\/arduino\/index.php\/produkt\/waterproof-temperature-probe-sensor-ds18b20-stainless-steel-package-18b20\/#primaryimage\"},\"image\":{\"@id\":\"https:\/\/www.onetimenexttime.sk\/arduino\/index.php\/produkt\/waterproof-temperature-probe-sensor-ds18b20-stainless-steel-package-18b20\/#primaryimage\"},\"thumbnailUrl\":\"https:\/\/www.onetimenexttime.sk\/arduino\/wp-content\/uploads\/2021\/11\/1708.jpg\",\"datePublished\":\"2021-11-15T14:28:41+00:00\",\"dateModified\":\"2024-02-22T17:15:07+00:00\",\"breadcrumb\":{\"@id\":\"https:\/\/www.onetimenexttime.sk\/arduino\/index.php\/produkt\/waterproof-temperature-probe-sensor-ds18b20-stainless-steel-package-18b20\/#breadcrumb\"},\"inLanguage\":\"sk-SK\",\"potentialAction\":[{\"@type\":\"ReadAction\",\"target\":[\"https:\/\/www.onetimenexttime.sk\/arduino\/index.php\/produkt\/waterproof-temperature-probe-sensor-ds18b20-stainless-steel-package-18b20\/\"]}]},{\"@type\":\"ImageObject\",\"inLanguage\":\"sk-SK\",\"@id\":\"https:\/\/www.onetimenexttime.sk\/arduino\/index.php\/produkt\/waterproof-temperature-probe-sensor-ds18b20-stainless-steel-package-18b20\/#primaryimage\",\"url\":\"https:\/\/www.onetimenexttime.sk\/arduino\/wp-content\/uploads\/2021\/11\/1708.jpg\",\"contentUrl\":\"https:\/\/www.onetimenexttime.sk\/arduino\/wp-content\/uploads\/2021\/11\/1708.jpg\",\"width\":463,\"height\":463},{\"@type\":\"BreadcrumbList\",\"@id\":\"https:\/\/www.onetimenexttime.sk\/arduino\/index.php\/produkt\/waterproof-temperature-probe-sensor-ds18b20-stainless-steel-package-18b20\/#breadcrumb\",\"itemListElement\":[{\"@type\":\"ListItem\",\"position\":1,\"name\":\"Domov\",\"item\":\"https:\/\/www.onetimenexttime.sk\/arduino\/\"},{\"@type\":\"ListItem\",\"position\":2,\"name\":\"Obchod\",\"item\":\"https:\/\/www.onetimenexttime.sk\/arduino\/\"},{\"@type\":\"ListItem\",\"position\":3,\"name\":\"Waterproof temperature probe sensor DS18b20 Stainless steel package 18B20\"}]},{\"@type\":\"WebSite\",\"@id\":\"https:\/\/www.onetimenexttime.sk\/arduino\/#website\",\"url\":\"https:\/\/www.onetimenexttime.sk\/arduino\/\",\"name\":\"Arduino e-shop\",\"description\":\"Home Assistant\",\"potentialAction\":[{\"@type\":\"SearchAction\",\"target\":{\"@type\":\"EntryPoint\",\"urlTemplate\":\"https:\/\/www.onetimenexttime.sk\/arduino\/?s={search_term_string}\"},\"query-input\":{\"@type\":\"PropertyValueSpecification\",\"valueRequired\":true,\"valueName\":\"search_term_string\"}}],\"inLanguage\":\"sk-SK\"}]}<\/script>\n<!-- \/ Yoast SEO plugin. -->","yoast_head_json":{"title":"Waterproof temperature probe sensor DS18b20 Stainless steel package 18B20 - Arduino e-shop","robots":{"index":"index","follow":"follow","max-snippet":"max-snippet:-1","max-image-preview":"max-image-preview:large","max-video-preview":"max-video-preview:-1"},"canonical":"https:\/\/www.onetimenexttime.sk\/arduino\/index.php\/produkt\/waterproof-temperature-probe-sensor-ds18b20-stainless-steel-package-18b20\/","og_locale":"sk_SK","og_type":"article","og_title":"Waterproof temperature probe sensor DS18b20 Stainless steel package 18B20 - Arduino e-shop","og_description":"&nbsp; Inform\u00e1cie o teplotnom sn\u00edma\u010di DS18b20 Popis Vodotesn\u00fd teplotn\u00fd sn\u00edma\u010d DS18b20 v nerezovom puzdre Vlastnosti Vodotesn\u00fd dizajn Prec\u00edzne meranie teploty&hellip;","og_url":"https:\/\/www.onetimenexttime.sk\/arduino\/index.php\/produkt\/waterproof-temperature-probe-sensor-ds18b20-stainless-steel-package-18b20\/","og_site_name":"Arduino e-shop","article_modified_time":"2024-02-22T17:15:07+00:00","og_image":[{"width":463,"height":463,"url":"https:\/\/www.onetimenexttime.sk\/arduino\/wp-content\/uploads\/2021\/11\/1708.jpg","type":"image\/jpeg"}],"twitter_card":"summary_large_image","twitter_misc":{"Predpokladan\u00fd \u010das \u010d\u00edtania":"1 min\u00fata"},"schema":{"@context":"https:\/\/schema.org","@graph":[{"@type":"WebPage","@id":"https:\/\/www.onetimenexttime.sk\/arduino\/index.php\/produkt\/waterproof-temperature-probe-sensor-ds18b20-stainless-steel-package-18b20\/","url":"https:\/\/www.onetimenexttime.sk\/arduino\/index.php\/produkt\/waterproof-temperature-probe-sensor-ds18b20-stainless-steel-package-18b20\/","name":"Waterproof temperature probe sensor DS18b20 Stainless steel package 18B20 - Arduino e-shop","isPartOf":{"@id":"https:\/\/www.onetimenexttime.sk\/arduino\/#website"},"primaryImageOfPage":{"@id":"https:\/\/www.onetimenexttime.sk\/arduino\/index.php\/produkt\/waterproof-temperature-probe-sensor-ds18b20-stainless-steel-package-18b20\/#primaryimage"},"image":{"@id":"https:\/\/www.onetimenexttime.sk\/arduino\/index.php\/produkt\/waterproof-temperature-probe-sensor-ds18b20-stainless-steel-package-18b20\/#primaryimage"},"thumbnailUrl":"https:\/\/www.onetimenexttime.sk\/arduino\/wp-content\/uploads\/2021\/11\/1708.jpg","datePublished":"2021-11-15T14:28:41+00:00","dateModified":"2024-02-22T17:15:07+00:00","breadcrumb":{"@id":"https:\/\/www.onetimenexttime.sk\/arduino\/index.php\/produkt\/waterproof-temperature-probe-sensor-ds18b20-stainless-steel-package-18b20\/#breadcrumb"},"inLanguage":"sk-SK","potentialAction":[{"@type":"ReadAction","target":["https:\/\/www.onetimenexttime.sk\/arduino\/index.php\/produkt\/waterproof-temperature-probe-sensor-ds18b20-stainless-steel-package-18b20\/"]}]},{"@type":"ImageObject","inLanguage":"sk-SK","@id":"https:\/\/www.onetimenexttime.sk\/arduino\/index.php\/produkt\/waterproof-temperature-probe-sensor-ds18b20-stainless-steel-package-18b20\/#primaryimage","url":"https:\/\/www.onetimenexttime.sk\/arduino\/wp-content\/uploads\/2021\/11\/1708.jpg","contentUrl":"https:\/\/www.onetimenexttime.sk\/arduino\/wp-content\/uploads\/2021\/11\/1708.jpg","width":463,"height":463},{"@type":"BreadcrumbList","@id":"https:\/\/www.onetimenexttime.sk\/arduino\/index.php\/produkt\/waterproof-temperature-probe-sensor-ds18b20-stainless-steel-package-18b20\/#breadcrumb","itemListElement":[{"@type":"ListItem","position":1,"name":"Domov","item":"https:\/\/www.onetimenexttime.sk\/arduino\/"},{"@type":"ListItem","position":2,"name":"Obchod","item":"https:\/\/www.onetimenexttime.sk\/arduino\/"},{"@type":"ListItem","position":3,"name":"Waterproof temperature probe sensor DS18b20 Stainless steel package 18B20"}]},{"@type":"WebSite","@id":"https:\/\/www.onetimenexttime.sk\/arduino\/#website","url":"https:\/\/www.onetimenexttime.sk\/arduino\/","name":"Arduino e-shop","description":"Home Assistant","potentialAction":[{"@type":"SearchAction","target":{"@type":"EntryPoint","urlTemplate":"https:\/\/www.onetimenexttime.sk\/arduino\/?s={search_term_string}"},"query-input":{"@type":"PropertyValueSpecification","valueRequired":true,"valueName":"search_term_string"}}],"inLanguage":"sk-SK"}]}},"_links":{"self":[{"href":"https:\/\/www.onetimenexttime.sk\/arduino\/index.php\/wp-json\/wp\/v2\/product\/1391"}],"collection":[{"href":"https:\/\/www.onetimenexttime.sk\/arduino\/index.php\/wp-json\/wp\/v2\/product"}],"about":[{"href":"https:\/\/www.onetimenexttime.sk\/arduino\/index.php\/wp-json\/wp\/v2\/types\/product"}],"wp:featuredmedia":[{"embeddable":true,"href":"https:\/\/www.onetimenexttime.sk\/arduino\/index.php\/wp-json\/wp\/v2\/media\/1392"}],"wp:attachment":[{"href":"https:\/\/www.onetimenexttime.sk\/arduino\/index.php\/wp-json\/wp\/v2\/media?parent=1391"}],"wp:term":[{"taxonomy":"product_cat","embeddable":true,"href":"https:\/\/www.onetimenexttime.sk\/arduino\/index.php\/wp-json\/wp\/v2\/product_cat?post=1391"},{"taxonomy":"product_tag","embeddable":true,"href":"https:\/\/www.onetimenexttime.sk\/arduino\/index.php\/wp-json\/wp\/v2\/product_tag?post=1391"}],"curies":[{"name":"wp","href":"https:\/\/api.w.org\/{rel}","templated":true}]}}