{"id":1379,"date":"2021-11-15T13:42:14","date_gmt":"2021-11-15T12:42:14","guid":{"rendered":"https:\/\/www.onetimenexttime.sk\/arduino\/?post_type=product&#038;p=1379"},"modified":"2021-11-15T13:47:15","modified_gmt":"2021-11-15T12:47:15","slug":"tarot-16mm-mini-electronic-metal-retractable-landing-gear-skid-controller-connector-tl65b43-for-multicopter-fpv","status":"publish","type":"product","link":"https:\/\/www.onetimenexttime.sk\/arduino\/index.php\/produkt\/tarot-16mm-mini-electronic-metal-retractable-landing-gear-skid-controller-connector-tl65b43-for-multicopter-fpv\/","title":{"rendered":"TAROT 16mm Mini Electronic Metal Retractable Landing Gear Skid Controller Connector TL65B43 for Multicopter FPV"},"content":{"rendered":"<h1 class=\"product_title entry-title\">TAROT 16mm mini elektronick\u00fd kovov\u00fd za\u0165ahovac\u00ed konektor ovl\u00e1da\u010da \u0161myku podvozku TL65B43 pre multikopt\u00e9ru FPV<\/h1>\n<p>&nbsp;<\/p>\n<p>Tarot 16mm Mini elektronick\u00fd kovov\u00fd za\u0165ahovac\u00ed konektor ovl\u00e1da\u010da \u0161myku podvozku TL65B43 pre multikopt\u00e9ru FPV<\/p>\n<p><strong>Popis:<\/strong><br \/>\n&#8211; Oblek pre vrtu\u013en\u00edky Tarot 650\/680\/690 DIY<br \/>\n&#8211; Priama z\u00e1str\u010dka do kan\u00e1la podvozku prij\u00edma\u010da, nie je potrebn\u00fd ovl\u00e1da\u010d<br \/>\n&#8211; N\u00edzka hmotnos\u0165, jednoduch\u00e1 kon\u0161trukcia<\/p>\n<p><strong>Podrobnosti:<\/strong><br \/>\n-16mm Konektor kovovej r\u00farky*1 (40x17x27mm)<br \/>\n-Za\u0165ahovac\u00ed pohon prist\u00e1vac\u00edch ly\u017e\u00edn*1 (66x22x24mm)<br \/>\n-Uhl\u00edkov\u00fd vodiaci plech*2 (66x39x1,7 mm)<br \/>\n&#8211; Skrutka s vn\u00fatorn\u00fdm \u0161es\u0165hranom*2 (M3x6mm)<br \/>\n-Skrutka s plochou hlavou*4 (M2x6mm)<\/p>\n<p>&nbsp;<\/p>\n<p>Zna\u010dka: TAROT-RC<br \/>\nMateri\u00e1l: Kompozitn\u00fd materi\u00e1l<br \/>\nOdpor\u00fa\u010dan\u00fd vek: 18+<br \/>\nDod\u00e1vky n\u00e1radia: Kateg\u00f3ria mont\u00e1\u017ee<br \/>\nVylep\u0161en\u00e9 diely\/pr\u00edslu\u0161enstvo: In\u00e9 RC diely a pr\u00edslu\u0161enstvo: In\u00e9<br \/>\nVe\u013ekos\u0165: 16<br \/>\nPou\u017eitie: Vozidl\u00e1 a hra\u010dky na dia\u013ekov\u00e9 ovl\u00e1danie<br \/>\nTechnick\u00e9 parametre: Hodnota 4<br \/>\n\u010c\u00edslo modelu: TL65B43<br \/>\nPerif\u00e9rne zariadenia\/zariadenia dia\u013ekov\u00e9ho ovl\u00e1dania: In\u00e9<br \/>\nPre Vozidlo<br \/>\nTyp: Lietadl\u00e1<br \/>\nVlastnosti pohonu v\u0161etk\u00fdch \u0161tyroch kolies: In\u00e9<br \/>\nR\u00e1zvor: Skrutky<br \/>\nn\u00e1zov: podvozok pre rc lietadl\u00e1<\/p>\n","protected":false},"excerpt":{"rendered":"<p>TAROT 16mm mini elektronick\u00fd kovov\u00fd za\u0165ahovac\u00ed konektor ovl\u00e1da\u010da \u0161myku podvozku TL65B43 pre multikopt\u00e9ru FPV &nbsp; Tarot 16mm Mini elektronick\u00fd kovov\u00fd&hellip;<\/p>\n","protected":false},"featured_media":1380,"template":"","meta":{"_monsterinsights_skip_tracking":false,"_monsterinsights_sitenote_active":false,"_monsterinsights_sitenote_note":"","_monsterinsights_sitenote_category":0},"product_cat":[15,46,52,66],"product_tag":[],"class_list":{"0":"post-1379","1":"product","2":"type-product","3":"status-publish","4":"has-post-thumbnail","6":"product_cat-nd","7":"product_cat-motor","8":"product_cat-motor-modul","9":"product_cat-servo","11":"first","12":"instock","13":"shipping-taxable","14":"purchasable","15":"product-type-simple"},"yoast_head":"<!-- This site is optimized with the Yoast SEO plugin v23.6 - https:\/\/yoast.com\/wordpress\/plugins\/seo\/ -->\n<title>TAROT 16mm Mini Electronic Metal Retractable Landing Gear Skid Controller Connector TL65B43 for Multicopter FPV - Arduino e-shop<\/title>\n<meta name=\"robots\" content=\"index, follow, max-snippet:-1, max-image-preview:large, max-video-preview:-1\" \/>\n<link rel=\"canonical\" href=\"https:\/\/www.onetimenexttime.sk\/arduino\/index.php\/produkt\/tarot-16mm-mini-electronic-metal-retractable-landing-gear-skid-controller-connector-tl65b43-for-multicopter-fpv\/\" \/>\n<meta property=\"og:locale\" content=\"sk_SK\" \/>\n<meta property=\"og:type\" content=\"article\" \/>\n<meta property=\"og:title\" content=\"TAROT 16mm Mini Electronic Metal Retractable Landing Gear Skid Controller Connector TL65B43 for Multicopter FPV - Arduino e-shop\" \/>\n<meta property=\"og:description\" content=\"TAROT 16mm mini elektronick\u00fd kovov\u00fd za\u0165ahovac\u00ed konektor ovl\u00e1da\u010da \u0161myku podvozku TL65B43 pre multikopt\u00e9ru FPV &nbsp; Tarot 16mm Mini elektronick\u00fd kovov\u00fd&hellip;\" \/>\n<meta property=\"og:url\" content=\"https:\/\/www.onetimenexttime.sk\/arduino\/index.php\/produkt\/tarot-16mm-mini-electronic-metal-retractable-landing-gear-skid-controller-connector-tl65b43-for-multicopter-fpv\/\" \/>\n<meta property=\"og:site_name\" content=\"Arduino e-shop\" \/>\n<meta property=\"article:modified_time\" content=\"2021-11-15T12:47:15+00:00\" \/>\n<meta property=\"og:image\" content=\"https:\/\/www.onetimenexttime.sk\/arduino\/wp-content\/uploads\/2021\/11\/1047.jpg\" \/>\n\t<meta property=\"og:image:width\" content=\"466\" \/>\n\t<meta property=\"og:image:height\" content=\"467\" \/>\n\t<meta property=\"og:image:type\" content=\"image\/jpeg\" \/>\n<meta name=\"twitter:card\" content=\"summary_large_image\" \/>\n<meta name=\"twitter:label1\" content=\"Predpokladan\u00fd \u010das \u010d\u00edtania\" \/>\n\t<meta name=\"twitter:data1\" content=\"1 min\u00fata\" \/>\n<script type=\"application\/ld+json\" class=\"yoast-schema-graph\">{\"@context\":\"https:\/\/schema.org\",\"@graph\":[{\"@type\":\"WebPage\",\"@id\":\"https:\/\/www.onetimenexttime.sk\/arduino\/index.php\/produkt\/tarot-16mm-mini-electronic-metal-retractable-landing-gear-skid-controller-connector-tl65b43-for-multicopter-fpv\/\",\"url\":\"https:\/\/www.onetimenexttime.sk\/arduino\/index.php\/produkt\/tarot-16mm-mini-electronic-metal-retractable-landing-gear-skid-controller-connector-tl65b43-for-multicopter-fpv\/\",\"name\":\"TAROT 16mm Mini Electronic Metal Retractable Landing Gear Skid Controller Connector TL65B43 for Multicopter FPV - Arduino e-shop\",\"isPartOf\":{\"@id\":\"https:\/\/www.onetimenexttime.sk\/arduino\/#website\"},\"primaryImageOfPage\":{\"@id\":\"https:\/\/www.onetimenexttime.sk\/arduino\/index.php\/produkt\/tarot-16mm-mini-electronic-metal-retractable-landing-gear-skid-controller-connector-tl65b43-for-multicopter-fpv\/#primaryimage\"},\"image\":{\"@id\":\"https:\/\/www.onetimenexttime.sk\/arduino\/index.php\/produkt\/tarot-16mm-mini-electronic-metal-retractable-landing-gear-skid-controller-connector-tl65b43-for-multicopter-fpv\/#primaryimage\"},\"thumbnailUrl\":\"https:\/\/www.onetimenexttime.sk\/arduino\/wp-content\/uploads\/2021\/11\/1047.jpg\",\"datePublished\":\"2021-11-15T12:42:14+00:00\",\"dateModified\":\"2021-11-15T12:47:15+00:00\",\"breadcrumb\":{\"@id\":\"https:\/\/www.onetimenexttime.sk\/arduino\/index.php\/produkt\/tarot-16mm-mini-electronic-metal-retractable-landing-gear-skid-controller-connector-tl65b43-for-multicopter-fpv\/#breadcrumb\"},\"inLanguage\":\"sk-SK\",\"potentialAction\":[{\"@type\":\"ReadAction\",\"target\":[\"https:\/\/www.onetimenexttime.sk\/arduino\/index.php\/produkt\/tarot-16mm-mini-electronic-metal-retractable-landing-gear-skid-controller-connector-tl65b43-for-multicopter-fpv\/\"]}]},{\"@type\":\"ImageObject\",\"inLanguage\":\"sk-SK\",\"@id\":\"https:\/\/www.onetimenexttime.sk\/arduino\/index.php\/produkt\/tarot-16mm-mini-electronic-metal-retractable-landing-gear-skid-controller-connector-tl65b43-for-multicopter-fpv\/#primaryimage\",\"url\":\"https:\/\/www.onetimenexttime.sk\/arduino\/wp-content\/uploads\/2021\/11\/1047.jpg\",\"contentUrl\":\"https:\/\/www.onetimenexttime.sk\/arduino\/wp-content\/uploads\/2021\/11\/1047.jpg\",\"width\":466,\"height\":467},{\"@type\":\"BreadcrumbList\",\"@id\":\"https:\/\/www.onetimenexttime.sk\/arduino\/index.php\/produkt\/tarot-16mm-mini-electronic-metal-retractable-landing-gear-skid-controller-connector-tl65b43-for-multicopter-fpv\/#breadcrumb\",\"itemListElement\":[{\"@type\":\"ListItem\",\"position\":1,\"name\":\"Domov\",\"item\":\"https:\/\/www.onetimenexttime.sk\/arduino\/\"},{\"@type\":\"ListItem\",\"position\":2,\"name\":\"Obchod\",\"item\":\"https:\/\/www.onetimenexttime.sk\/arduino\/\"},{\"@type\":\"ListItem\",\"position\":3,\"name\":\"TAROT 16mm Mini Electronic Metal Retractable Landing Gear Skid Controller Connector TL65B43 for Multicopter FPV\"}]},{\"@type\":\"WebSite\",\"@id\":\"https:\/\/www.onetimenexttime.sk\/arduino\/#website\",\"url\":\"https:\/\/www.onetimenexttime.sk\/arduino\/\",\"name\":\"Arduino e-shop\",\"description\":\"Home Assistant\",\"potentialAction\":[{\"@type\":\"SearchAction\",\"target\":{\"@type\":\"EntryPoint\",\"urlTemplate\":\"https:\/\/www.onetimenexttime.sk\/arduino\/?s={search_term_string}\"},\"query-input\":{\"@type\":\"PropertyValueSpecification\",\"valueRequired\":true,\"valueName\":\"search_term_string\"}}],\"inLanguage\":\"sk-SK\"}]}<\/script>\n<!-- \/ Yoast SEO plugin. -->","yoast_head_json":{"title":"TAROT 16mm Mini Electronic Metal Retractable Landing Gear Skid Controller Connector TL65B43 for Multicopter FPV - Arduino e-shop","robots":{"index":"index","follow":"follow","max-snippet":"max-snippet:-1","max-image-preview":"max-image-preview:large","max-video-preview":"max-video-preview:-1"},"canonical":"https:\/\/www.onetimenexttime.sk\/arduino\/index.php\/produkt\/tarot-16mm-mini-electronic-metal-retractable-landing-gear-skid-controller-connector-tl65b43-for-multicopter-fpv\/","og_locale":"sk_SK","og_type":"article","og_title":"TAROT 16mm Mini Electronic Metal Retractable Landing Gear Skid Controller Connector TL65B43 for Multicopter FPV - Arduino e-shop","og_description":"TAROT 16mm mini elektronick\u00fd kovov\u00fd za\u0165ahovac\u00ed konektor ovl\u00e1da\u010da \u0161myku podvozku TL65B43 pre multikopt\u00e9ru FPV &nbsp; Tarot 16mm Mini elektronick\u00fd kovov\u00fd&hellip;","og_url":"https:\/\/www.onetimenexttime.sk\/arduino\/index.php\/produkt\/tarot-16mm-mini-electronic-metal-retractable-landing-gear-skid-controller-connector-tl65b43-for-multicopter-fpv\/","og_site_name":"Arduino e-shop","article_modified_time":"2021-11-15T12:47:15+00:00","og_image":[{"width":466,"height":467,"url":"https:\/\/www.onetimenexttime.sk\/arduino\/wp-content\/uploads\/2021\/11\/1047.jpg","type":"image\/jpeg"}],"twitter_card":"summary_large_image","twitter_misc":{"Predpokladan\u00fd \u010das \u010d\u00edtania":"1 min\u00fata"},"schema":{"@context":"https:\/\/schema.org","@graph":[{"@type":"WebPage","@id":"https:\/\/www.onetimenexttime.sk\/arduino\/index.php\/produkt\/tarot-16mm-mini-electronic-metal-retractable-landing-gear-skid-controller-connector-tl65b43-for-multicopter-fpv\/","url":"https:\/\/www.onetimenexttime.sk\/arduino\/index.php\/produkt\/tarot-16mm-mini-electronic-metal-retractable-landing-gear-skid-controller-connector-tl65b43-for-multicopter-fpv\/","name":"TAROT 16mm Mini Electronic Metal Retractable Landing Gear Skid Controller Connector TL65B43 for Multicopter FPV - Arduino e-shop","isPartOf":{"@id":"https:\/\/www.onetimenexttime.sk\/arduino\/#website"},"primaryImageOfPage":{"@id":"https:\/\/www.onetimenexttime.sk\/arduino\/index.php\/produkt\/tarot-16mm-mini-electronic-metal-retractable-landing-gear-skid-controller-connector-tl65b43-for-multicopter-fpv\/#primaryimage"},"image":{"@id":"https:\/\/www.onetimenexttime.sk\/arduino\/index.php\/produkt\/tarot-16mm-mini-electronic-metal-retractable-landing-gear-skid-controller-connector-tl65b43-for-multicopter-fpv\/#primaryimage"},"thumbnailUrl":"https:\/\/www.onetimenexttime.sk\/arduino\/wp-content\/uploads\/2021\/11\/1047.jpg","datePublished":"2021-11-15T12:42:14+00:00","dateModified":"2021-11-15T12:47:15+00:00","breadcrumb":{"@id":"https:\/\/www.onetimenexttime.sk\/arduino\/index.php\/produkt\/tarot-16mm-mini-electronic-metal-retractable-landing-gear-skid-controller-connector-tl65b43-for-multicopter-fpv\/#breadcrumb"},"inLanguage":"sk-SK","potentialAction":[{"@type":"ReadAction","target":["https:\/\/www.onetimenexttime.sk\/arduino\/index.php\/produkt\/tarot-16mm-mini-electronic-metal-retractable-landing-gear-skid-controller-connector-tl65b43-for-multicopter-fpv\/"]}]},{"@type":"ImageObject","inLanguage":"sk-SK","@id":"https:\/\/www.onetimenexttime.sk\/arduino\/index.php\/produkt\/tarot-16mm-mini-electronic-metal-retractable-landing-gear-skid-controller-connector-tl65b43-for-multicopter-fpv\/#primaryimage","url":"https:\/\/www.onetimenexttime.sk\/arduino\/wp-content\/uploads\/2021\/11\/1047.jpg","contentUrl":"https:\/\/www.onetimenexttime.sk\/arduino\/wp-content\/uploads\/2021\/11\/1047.jpg","width":466,"height":467},{"@type":"BreadcrumbList","@id":"https:\/\/www.onetimenexttime.sk\/arduino\/index.php\/produkt\/tarot-16mm-mini-electronic-metal-retractable-landing-gear-skid-controller-connector-tl65b43-for-multicopter-fpv\/#breadcrumb","itemListElement":[{"@type":"ListItem","position":1,"name":"Domov","item":"https:\/\/www.onetimenexttime.sk\/arduino\/"},{"@type":"ListItem","position":2,"name":"Obchod","item":"https:\/\/www.onetimenexttime.sk\/arduino\/"},{"@type":"ListItem","position":3,"name":"TAROT 16mm Mini Electronic Metal Retractable Landing Gear Skid Controller Connector TL65B43 for Multicopter FPV"}]},{"@type":"WebSite","@id":"https:\/\/www.onetimenexttime.sk\/arduino\/#website","url":"https:\/\/www.onetimenexttime.sk\/arduino\/","name":"Arduino e-shop","description":"Home Assistant","potentialAction":[{"@type":"SearchAction","target":{"@type":"EntryPoint","urlTemplate":"https:\/\/www.onetimenexttime.sk\/arduino\/?s={search_term_string}"},"query-input":{"@type":"PropertyValueSpecification","valueRequired":true,"valueName":"search_term_string"}}],"inLanguage":"sk-SK"}]}},"_links":{"self":[{"href":"https:\/\/www.onetimenexttime.sk\/arduino\/index.php\/wp-json\/wp\/v2\/product\/1379"}],"collection":[{"href":"https:\/\/www.onetimenexttime.sk\/arduino\/index.php\/wp-json\/wp\/v2\/product"}],"about":[{"href":"https:\/\/www.onetimenexttime.sk\/arduino\/index.php\/wp-json\/wp\/v2\/types\/product"}],"wp:featuredmedia":[{"embeddable":true,"href":"https:\/\/www.onetimenexttime.sk\/arduino\/index.php\/wp-json\/wp\/v2\/media\/1380"}],"wp:attachment":[{"href":"https:\/\/www.onetimenexttime.sk\/arduino\/index.php\/wp-json\/wp\/v2\/media?parent=1379"}],"wp:term":[{"taxonomy":"product_cat","embeddable":true,"href":"https:\/\/www.onetimenexttime.sk\/arduino\/index.php\/wp-json\/wp\/v2\/product_cat?post=1379"},{"taxonomy":"product_tag","embeddable":true,"href":"https:\/\/www.onetimenexttime.sk\/arduino\/index.php\/wp-json\/wp\/v2\/product_tag?post=1379"}],"curies":[{"name":"wp","href":"https:\/\/api.w.org\/{rel}","templated":true}]}}