{"id":1373,"date":"2021-11-15T13:10:40","date_gmt":"2021-11-15T12:10:40","guid":{"rendered":"https:\/\/www.onetimenexttime.sk\/arduino\/?post_type=product&#038;p=1373"},"modified":"2021-11-15T13:23:33","modified_gmt":"2021-11-15T12:23:33","slug":"silent-f12025-120mm-led-fan-cooler-transparent-computer-case-fan-pc-cooling-fan-12v-desktop-4-pin-connector-for-pc-case","status":"publish","type":"product","link":"https:\/\/www.onetimenexttime.sk\/arduino\/index.php\/produkt\/silent-f12025-120mm-led-fan-cooler-transparent-computer-case-fan-pc-cooling-fan-12v-desktop-4-pin-connector-for-pc-case\/","title":{"rendered":"Silent F12025 120mm LED Fan Cooler Transparent Computer Case Fan PC Cooling Fan 12V Desktop 4-Pin Connector for PC Case"},"content":{"rendered":"<h2>Tich\u00fd F12025 120 mm LED ventil\u00e1tor Chladi\u010d Prieh\u013eadn\u00e1 po\u010d\u00edta\u010dov\u00e1 skri\u0148a Ventil\u00e1tor PC chladiaci ventil\u00e1tor 12V Stolov\u00fd 4-kol\u00edkov\u00fd konektor pre PC skri\u0148u<\/h2>\n<p>&nbsp;<\/p>\n<p>Vlastnosti:<\/p>\n<p>&#8211; 120 mm tich\u00fd LED ventil\u00e1torov\u00fd chladi\u010d<br \/>\n&#8211; 100% nov\u00fd, \u013eahk\u00fd s vysokou kvalitou.<br \/>\n&#8211; DC 12v bezkomut\u00e1torov\u00fd ventil\u00e1tor pre hladk\u00fa a tich\u00fa prev\u00e1dzku<\/p>\n<p>&#8211; Pripojte k z\u00e1kladnej doske pomocou 4-pinov\u00e9ho konektora<\/p>\n<p>&#8211; M\u00f4\u017ee tie\u017e uk\u00e1za\u0165 ve\u013emi chladn\u00fd celkov\u00fd sveteln\u00fd efekt.<\/p>\n<p>&#8211; Vypustite hor\u00faci vzduch z vn\u00fatra pracovnej plochy<\/p>\n<p>&#8211; Pohodln\u00e9 na pripevnenie na po\u010d\u00edta\u010dov\u00fa skri\u0148u \/ nap\u00e1jac\u00ed zdroj \/ chladi\u010d CPU, jednoduch\u00e9 pou\u017eitie, udr\u017eiava po\u010d\u00edta\u010d v prostred\u00ed s norm\u00e1lnou teplotou.<\/p>\n<p>&#8211; Aplik\u00e1cia: Po\u010d\u00edta\u010d \/ Laptop \/ Desktop<\/p>\n<p>&nbsp;<\/p>\n<p>\u0161pecifik\u00e1cia:<\/p>\n<p>Model:<br \/>\nF12025-CL<br \/>\nN\u00e1zov:<br \/>\nLED ventil\u00e1torov\u00fd chladi\u010d<br \/>\nVe\u013ekos\u0165:<br \/>\n120 x 120 x 25 mm<br \/>\nNap\u00e4tie:<br \/>\n12V<br \/>\nAktu\u00e1lne:<br \/>\n0,15A<br \/>\nr\u00fdchlos\u0165:<br \/>\n1200 RPM \u00b1 10%<br \/>\nHluk:<br \/>\n22 dBA \u00b1 10 %<br \/>\nPr\u00fad vzduchu:<br \/>\n30CFM \u00b110%<br \/>\nLo\u017eisko:<br \/>\nOlejov\u00e9 lo\u017eisko<br \/>\n\u017divot fan\u00fa\u0161ikov:<br \/>\n30 000 hod\u00edn<\/p>\n<p><img loading=\"lazy\" decoding=\"async\" class=\"\" src=\"https:\/\/ae01.alicdn.com\/kf\/HTB1b19rdTXYBeNkHFrdq6AiuVXab.jpg\" width=\"397\" height=\"296\" data-spm-anchor-id=\"a2g0o.detail.1000023.i2.5bb62a0fpOT7FH\" \/><img loading=\"lazy\" decoding=\"async\" class=\"magnifier-image\" src=\"https:\/\/ae01.alicdn.com\/kf\/HTB1QV_TdljTBKNjSZFwq6AG4XXaw\/Silent-F12025-120mm-LED-Fan-Cooler-Transparent-Computer-Case-Fan-PC-Cooling-Fan-12V-Desktop-4.jpg_640x640.jpg\" alt=\"Silent F12025 120mm LED Fan Cooler Transparent Computer Case Fan PC Cooling Fan 12V Desktop 4-Pin Connector for PC Case\" width=\"295\" height=\"297\" \/><\/p>\n<p>&nbsp;<\/p>\n<p>&nbsp;<\/p>\n","protected":false},"excerpt":{"rendered":"<p>Tich\u00fd F12025 120 mm LED ventil\u00e1tor Chladi\u010d Prieh\u013eadn\u00e1 po\u010d\u00edta\u010dov\u00e1 skri\u0148a Ventil\u00e1tor PC chladiaci ventil\u00e1tor 12V Stolov\u00fd 4-kol\u00edkov\u00fd konektor pre PC&hellip;<\/p>\n","protected":false},"featured_media":1374,"template":"","meta":{"_monsterinsights_skip_tracking":false,"_monsterinsights_sitenote_active":false,"_monsterinsights_sitenote_note":"","_monsterinsights_sitenote_category":0},"product_cat":[17,46,52,50,62],"product_tag":[],"class_list":{"0":"post-1373","1":"product","2":"type-product","3":"status-publish","4":"has-post-thumbnail","6":"product_cat-modul","7":"product_cat-motor","8":"product_cat-motor-modul","9":"product_cat-pc","10":"product_cat-security","12":"first","13":"instock","14":"shipping-taxable","15":"purchasable","16":"product-type-simple"},"yoast_head":"<!-- This site is optimized with the Yoast SEO plugin v23.6 - https:\/\/yoast.com\/wordpress\/plugins\/seo\/ -->\n<title>Silent F12025 120mm LED Fan Cooler Transparent Computer Case Fan PC Cooling Fan 12V Desktop 4-Pin Connector for PC Case - Arduino e-shop<\/title>\n<meta name=\"robots\" content=\"index, follow, max-snippet:-1, max-image-preview:large, max-video-preview:-1\" \/>\n<link rel=\"canonical\" href=\"https:\/\/www.onetimenexttime.sk\/arduino\/index.php\/produkt\/silent-f12025-120mm-led-fan-cooler-transparent-computer-case-fan-pc-cooling-fan-12v-desktop-4-pin-connector-for-pc-case\/\" \/>\n<meta property=\"og:locale\" content=\"sk_SK\" \/>\n<meta property=\"og:type\" content=\"article\" \/>\n<meta property=\"og:title\" content=\"Silent F12025 120mm LED Fan Cooler Transparent Computer Case Fan PC Cooling Fan 12V Desktop 4-Pin Connector for PC Case - Arduino e-shop\" \/>\n<meta property=\"og:description\" content=\"Tich\u00fd F12025 120 mm LED ventil\u00e1tor Chladi\u010d Prieh\u013eadn\u00e1 po\u010d\u00edta\u010dov\u00e1 skri\u0148a Ventil\u00e1tor PC chladiaci ventil\u00e1tor 12V Stolov\u00fd 4-kol\u00edkov\u00fd konektor pre PC&hellip;\" \/>\n<meta property=\"og:url\" content=\"https:\/\/www.onetimenexttime.sk\/arduino\/index.php\/produkt\/silent-f12025-120mm-led-fan-cooler-transparent-computer-case-fan-pc-cooling-fan-12v-desktop-4-pin-connector-for-pc-case\/\" \/>\n<meta property=\"og:site_name\" content=\"Arduino e-shop\" \/>\n<meta property=\"article:modified_time\" content=\"2021-11-15T12:23:33+00:00\" \/>\n<meta property=\"og:image\" content=\"https:\/\/www.onetimenexttime.sk\/arduino\/wp-content\/uploads\/2021\/11\/1045.jpg\" \/>\n\t<meta property=\"og:image:width\" content=\"466\" \/>\n\t<meta property=\"og:image:height\" content=\"467\" \/>\n\t<meta property=\"og:image:type\" content=\"image\/jpeg\" \/>\n<meta name=\"twitter:card\" content=\"summary_large_image\" \/>\n<meta name=\"twitter:label1\" content=\"Predpokladan\u00fd \u010das \u010d\u00edtania\" \/>\n\t<meta name=\"twitter:data1\" content=\"1 min\u00fata\" \/>\n<script type=\"application\/ld+json\" class=\"yoast-schema-graph\">{\"@context\":\"https:\/\/schema.org\",\"@graph\":[{\"@type\":\"WebPage\",\"@id\":\"https:\/\/www.onetimenexttime.sk\/arduino\/index.php\/produkt\/silent-f12025-120mm-led-fan-cooler-transparent-computer-case-fan-pc-cooling-fan-12v-desktop-4-pin-connector-for-pc-case\/\",\"url\":\"https:\/\/www.onetimenexttime.sk\/arduino\/index.php\/produkt\/silent-f12025-120mm-led-fan-cooler-transparent-computer-case-fan-pc-cooling-fan-12v-desktop-4-pin-connector-for-pc-case\/\",\"name\":\"Silent F12025 120mm LED Fan Cooler Transparent Computer Case Fan PC Cooling Fan 12V Desktop 4-Pin Connector for PC Case - Arduino e-shop\",\"isPartOf\":{\"@id\":\"https:\/\/www.onetimenexttime.sk\/arduino\/#website\"},\"primaryImageOfPage\":{\"@id\":\"https:\/\/www.onetimenexttime.sk\/arduino\/index.php\/produkt\/silent-f12025-120mm-led-fan-cooler-transparent-computer-case-fan-pc-cooling-fan-12v-desktop-4-pin-connector-for-pc-case\/#primaryimage\"},\"image\":{\"@id\":\"https:\/\/www.onetimenexttime.sk\/arduino\/index.php\/produkt\/silent-f12025-120mm-led-fan-cooler-transparent-computer-case-fan-pc-cooling-fan-12v-desktop-4-pin-connector-for-pc-case\/#primaryimage\"},\"thumbnailUrl\":\"https:\/\/www.onetimenexttime.sk\/arduino\/wp-content\/uploads\/2021\/11\/1045.jpg\",\"datePublished\":\"2021-11-15T12:10:40+00:00\",\"dateModified\":\"2021-11-15T12:23:33+00:00\",\"breadcrumb\":{\"@id\":\"https:\/\/www.onetimenexttime.sk\/arduino\/index.php\/produkt\/silent-f12025-120mm-led-fan-cooler-transparent-computer-case-fan-pc-cooling-fan-12v-desktop-4-pin-connector-for-pc-case\/#breadcrumb\"},\"inLanguage\":\"sk-SK\",\"potentialAction\":[{\"@type\":\"ReadAction\",\"target\":[\"https:\/\/www.onetimenexttime.sk\/arduino\/index.php\/produkt\/silent-f12025-120mm-led-fan-cooler-transparent-computer-case-fan-pc-cooling-fan-12v-desktop-4-pin-connector-for-pc-case\/\"]}]},{\"@type\":\"ImageObject\",\"inLanguage\":\"sk-SK\",\"@id\":\"https:\/\/www.onetimenexttime.sk\/arduino\/index.php\/produkt\/silent-f12025-120mm-led-fan-cooler-transparent-computer-case-fan-pc-cooling-fan-12v-desktop-4-pin-connector-for-pc-case\/#primaryimage\",\"url\":\"https:\/\/www.onetimenexttime.sk\/arduino\/wp-content\/uploads\/2021\/11\/1045.jpg\",\"contentUrl\":\"https:\/\/www.onetimenexttime.sk\/arduino\/wp-content\/uploads\/2021\/11\/1045.jpg\",\"width\":466,\"height\":467},{\"@type\":\"BreadcrumbList\",\"@id\":\"https:\/\/www.onetimenexttime.sk\/arduino\/index.php\/produkt\/silent-f12025-120mm-led-fan-cooler-transparent-computer-case-fan-pc-cooling-fan-12v-desktop-4-pin-connector-for-pc-case\/#breadcrumb\",\"itemListElement\":[{\"@type\":\"ListItem\",\"position\":1,\"name\":\"Domov\",\"item\":\"https:\/\/www.onetimenexttime.sk\/arduino\/\"},{\"@type\":\"ListItem\",\"position\":2,\"name\":\"Obchod\",\"item\":\"https:\/\/www.onetimenexttime.sk\/arduino\/\"},{\"@type\":\"ListItem\",\"position\":3,\"name\":\"Silent F12025 120mm LED Fan Cooler Transparent Computer Case Fan PC Cooling Fan 12V Desktop 4-Pin Connector for PC Case\"}]},{\"@type\":\"WebSite\",\"@id\":\"https:\/\/www.onetimenexttime.sk\/arduino\/#website\",\"url\":\"https:\/\/www.onetimenexttime.sk\/arduino\/\",\"name\":\"Arduino e-shop\",\"description\":\"Home Assistant\",\"potentialAction\":[{\"@type\":\"SearchAction\",\"target\":{\"@type\":\"EntryPoint\",\"urlTemplate\":\"https:\/\/www.onetimenexttime.sk\/arduino\/?s={search_term_string}\"},\"query-input\":{\"@type\":\"PropertyValueSpecification\",\"valueRequired\":true,\"valueName\":\"search_term_string\"}}],\"inLanguage\":\"sk-SK\"}]}<\/script>\n<!-- \/ Yoast SEO plugin. -->","yoast_head_json":{"title":"Silent F12025 120mm LED Fan Cooler Transparent Computer Case Fan PC Cooling Fan 12V Desktop 4-Pin Connector for PC Case - Arduino e-shop","robots":{"index":"index","follow":"follow","max-snippet":"max-snippet:-1","max-image-preview":"max-image-preview:large","max-video-preview":"max-video-preview:-1"},"canonical":"https:\/\/www.onetimenexttime.sk\/arduino\/index.php\/produkt\/silent-f12025-120mm-led-fan-cooler-transparent-computer-case-fan-pc-cooling-fan-12v-desktop-4-pin-connector-for-pc-case\/","og_locale":"sk_SK","og_type":"article","og_title":"Silent F12025 120mm LED Fan Cooler Transparent Computer Case Fan PC Cooling Fan 12V Desktop 4-Pin Connector for PC Case - Arduino e-shop","og_description":"Tich\u00fd F12025 120 mm LED ventil\u00e1tor Chladi\u010d Prieh\u013eadn\u00e1 po\u010d\u00edta\u010dov\u00e1 skri\u0148a Ventil\u00e1tor PC chladiaci ventil\u00e1tor 12V Stolov\u00fd 4-kol\u00edkov\u00fd konektor pre PC&hellip;","og_url":"https:\/\/www.onetimenexttime.sk\/arduino\/index.php\/produkt\/silent-f12025-120mm-led-fan-cooler-transparent-computer-case-fan-pc-cooling-fan-12v-desktop-4-pin-connector-for-pc-case\/","og_site_name":"Arduino e-shop","article_modified_time":"2021-11-15T12:23:33+00:00","og_image":[{"width":466,"height":467,"url":"https:\/\/www.onetimenexttime.sk\/arduino\/wp-content\/uploads\/2021\/11\/1045.jpg","type":"image\/jpeg"}],"twitter_card":"summary_large_image","twitter_misc":{"Predpokladan\u00fd \u010das \u010d\u00edtania":"1 min\u00fata"},"schema":{"@context":"https:\/\/schema.org","@graph":[{"@type":"WebPage","@id":"https:\/\/www.onetimenexttime.sk\/arduino\/index.php\/produkt\/silent-f12025-120mm-led-fan-cooler-transparent-computer-case-fan-pc-cooling-fan-12v-desktop-4-pin-connector-for-pc-case\/","url":"https:\/\/www.onetimenexttime.sk\/arduino\/index.php\/produkt\/silent-f12025-120mm-led-fan-cooler-transparent-computer-case-fan-pc-cooling-fan-12v-desktop-4-pin-connector-for-pc-case\/","name":"Silent F12025 120mm LED Fan Cooler Transparent Computer Case Fan PC Cooling Fan 12V Desktop 4-Pin Connector for PC Case - Arduino e-shop","isPartOf":{"@id":"https:\/\/www.onetimenexttime.sk\/arduino\/#website"},"primaryImageOfPage":{"@id":"https:\/\/www.onetimenexttime.sk\/arduino\/index.php\/produkt\/silent-f12025-120mm-led-fan-cooler-transparent-computer-case-fan-pc-cooling-fan-12v-desktop-4-pin-connector-for-pc-case\/#primaryimage"},"image":{"@id":"https:\/\/www.onetimenexttime.sk\/arduino\/index.php\/produkt\/silent-f12025-120mm-led-fan-cooler-transparent-computer-case-fan-pc-cooling-fan-12v-desktop-4-pin-connector-for-pc-case\/#primaryimage"},"thumbnailUrl":"https:\/\/www.onetimenexttime.sk\/arduino\/wp-content\/uploads\/2021\/11\/1045.jpg","datePublished":"2021-11-15T12:10:40+00:00","dateModified":"2021-11-15T12:23:33+00:00","breadcrumb":{"@id":"https:\/\/www.onetimenexttime.sk\/arduino\/index.php\/produkt\/silent-f12025-120mm-led-fan-cooler-transparent-computer-case-fan-pc-cooling-fan-12v-desktop-4-pin-connector-for-pc-case\/#breadcrumb"},"inLanguage":"sk-SK","potentialAction":[{"@type":"ReadAction","target":["https:\/\/www.onetimenexttime.sk\/arduino\/index.php\/produkt\/silent-f12025-120mm-led-fan-cooler-transparent-computer-case-fan-pc-cooling-fan-12v-desktop-4-pin-connector-for-pc-case\/"]}]},{"@type":"ImageObject","inLanguage":"sk-SK","@id":"https:\/\/www.onetimenexttime.sk\/arduino\/index.php\/produkt\/silent-f12025-120mm-led-fan-cooler-transparent-computer-case-fan-pc-cooling-fan-12v-desktop-4-pin-connector-for-pc-case\/#primaryimage","url":"https:\/\/www.onetimenexttime.sk\/arduino\/wp-content\/uploads\/2021\/11\/1045.jpg","contentUrl":"https:\/\/www.onetimenexttime.sk\/arduino\/wp-content\/uploads\/2021\/11\/1045.jpg","width":466,"height":467},{"@type":"BreadcrumbList","@id":"https:\/\/www.onetimenexttime.sk\/arduino\/index.php\/produkt\/silent-f12025-120mm-led-fan-cooler-transparent-computer-case-fan-pc-cooling-fan-12v-desktop-4-pin-connector-for-pc-case\/#breadcrumb","itemListElement":[{"@type":"ListItem","position":1,"name":"Domov","item":"https:\/\/www.onetimenexttime.sk\/arduino\/"},{"@type":"ListItem","position":2,"name":"Obchod","item":"https:\/\/www.onetimenexttime.sk\/arduino\/"},{"@type":"ListItem","position":3,"name":"Silent F12025 120mm LED Fan Cooler Transparent Computer Case Fan PC Cooling Fan 12V Desktop 4-Pin Connector for PC Case"}]},{"@type":"WebSite","@id":"https:\/\/www.onetimenexttime.sk\/arduino\/#website","url":"https:\/\/www.onetimenexttime.sk\/arduino\/","name":"Arduino e-shop","description":"Home Assistant","potentialAction":[{"@type":"SearchAction","target":{"@type":"EntryPoint","urlTemplate":"https:\/\/www.onetimenexttime.sk\/arduino\/?s={search_term_string}"},"query-input":{"@type":"PropertyValueSpecification","valueRequired":true,"valueName":"search_term_string"}}],"inLanguage":"sk-SK"}]}},"_links":{"self":[{"href":"https:\/\/www.onetimenexttime.sk\/arduino\/index.php\/wp-json\/wp\/v2\/product\/1373"}],"collection":[{"href":"https:\/\/www.onetimenexttime.sk\/arduino\/index.php\/wp-json\/wp\/v2\/product"}],"about":[{"href":"https:\/\/www.onetimenexttime.sk\/arduino\/index.php\/wp-json\/wp\/v2\/types\/product"}],"wp:featuredmedia":[{"embeddable":true,"href":"https:\/\/www.onetimenexttime.sk\/arduino\/index.php\/wp-json\/wp\/v2\/media\/1374"}],"wp:attachment":[{"href":"https:\/\/www.onetimenexttime.sk\/arduino\/index.php\/wp-json\/wp\/v2\/media?parent=1373"}],"wp:term":[{"taxonomy":"product_cat","embeddable":true,"href":"https:\/\/www.onetimenexttime.sk\/arduino\/index.php\/wp-json\/wp\/v2\/product_cat?post=1373"},{"taxonomy":"product_tag","embeddable":true,"href":"https:\/\/www.onetimenexttime.sk\/arduino\/index.php\/wp-json\/wp\/v2\/product_tag?post=1373"}],"curies":[{"name":"wp","href":"https:\/\/api.w.org\/{rel}","templated":true}]}}