{"id":1364,"date":"2021-11-15T12:27:52","date_gmt":"2021-11-15T11:27:52","guid":{"rendered":"https:\/\/www.onetimenexttime.sk\/arduino\/?post_type=product&#038;p=1364"},"modified":"2021-11-15T12:31:52","modified_gmt":"2021-11-15T11:31:52","slug":"j210b-round-white-300rpm-gear-dc-motor-long-blind-hole-shaft-fit-solar-energy-low-speed-and-mute-motor","status":"publish","type":"product","link":"https:\/\/www.onetimenexttime.sk\/arduino\/index.php\/produkt\/j210b-round-white-300rpm-gear-dc-motor-long-blind-hole-shaft-fit-solar-energy-low-speed-and-mute-motor\/","title":{"rendered":"J210b Round White 300rpm Gear DC Motor Long Blind Hole Shaft fit Solar energy Low Speed and Mute Motor"},"content":{"rendered":"<h2>J210b Okr\u00fahly biely 300rpm jednosmern\u00fd motor s ozuben\u00edm a dlh\u00fdm slep\u00fdm otvorom Hriade\u013e vhodn\u00fd pre sol\u00e1rnu energiu N\u00edzke ot\u00e1\u010dky a stlmenie motora<\/h2>\n<p>&nbsp;<\/p>\n<p>Balenie obsahuje:\u00a0 300rpm prevodov\u00fd motor<\/p>\n<p>KV: 1-6V<\/p>\n<p>Pod 3V: 002A, zablokovan\u00fd rota\u010dn\u00fd pr\u00fad 0,04A<\/p>\n<p>Pod 6V: 0,04A, pr\u00fad zablokovan\u00e9ho ot\u00e1\u010dania 0,07A<\/p>\n<p>Ve\u013ekos\u0165: priemer prevodovky je 32 mm, hr\u00fabka cca 24 mm<\/p>\n<p>Hriade\u013e: d\u013a\u017eka je 65 mm, priemer je 5 mm, na konci hriade\u013ea je jeden slep\u00fd otvor pre skrutku M3<\/p>\n<p>&nbsp;<\/p>\n<p><img decoding=\"async\" src=\"https:\/\/ae01.alicdn.com\/kf\/HTB1MiX3OXXXXXcDXpXXq6xXFXXXS\/J210b-Round-White-300-Gear-DC-Motor-Long-Blind-Hole-Shaft-fit-Solar-energy-Low-Speed.jpg_q50.jpg\" alt=\"\" data-spm-anchor-id=\"2114.12057483.detail.i10.3f432570HyZPwn\" \/><\/p>\n","protected":false},"excerpt":{"rendered":"<p>J210b Okr\u00fahly biely 300rpm jednosmern\u00fd motor s ozuben\u00edm a dlh\u00fdm slep\u00fdm otvorom Hriade\u013e vhodn\u00fd pre sol\u00e1rnu energiu N\u00edzke ot\u00e1\u010dky a&hellip;<\/p>\n","protected":false},"featured_media":1365,"template":"","meta":{"_monsterinsights_skip_tracking":false,"_monsterinsights_sitenote_active":false,"_monsterinsights_sitenote_note":"","_monsterinsights_sitenote_category":0},"product_cat":[61,17,46,52],"product_tag":[],"class_list":{"0":"post-1364","1":"product","2":"type-product","3":"status-publish","4":"has-post-thumbnail","6":"product_cat-gift","7":"product_cat-modul","8":"product_cat-motor","9":"product_cat-motor-modul","11":"first","12":"instock","13":"sale","14":"shipping-taxable","15":"purchasable","16":"product-type-simple"},"yoast_head":"<!-- This site is optimized with the Yoast SEO plugin v23.6 - https:\/\/yoast.com\/wordpress\/plugins\/seo\/ -->\n<title>J210b Round White 300rpm Gear DC Motor Long Blind Hole Shaft fit Solar energy Low Speed and Mute Motor - Arduino e-shop<\/title>\n<meta name=\"robots\" content=\"index, follow, max-snippet:-1, max-image-preview:large, max-video-preview:-1\" \/>\n<link rel=\"canonical\" href=\"https:\/\/www.onetimenexttime.sk\/arduino\/index.php\/produkt\/j210b-round-white-300rpm-gear-dc-motor-long-blind-hole-shaft-fit-solar-energy-low-speed-and-mute-motor\/\" \/>\n<meta property=\"og:locale\" content=\"sk_SK\" \/>\n<meta property=\"og:type\" content=\"article\" \/>\n<meta property=\"og:title\" content=\"J210b Round White 300rpm Gear DC Motor Long Blind Hole Shaft fit Solar energy Low Speed and Mute Motor - Arduino e-shop\" \/>\n<meta property=\"og:description\" content=\"J210b Okr\u00fahly biely 300rpm jednosmern\u00fd motor s ozuben\u00edm a dlh\u00fdm slep\u00fdm otvorom Hriade\u013e vhodn\u00fd pre sol\u00e1rnu energiu N\u00edzke ot\u00e1\u010dky a&hellip;\" \/>\n<meta property=\"og:url\" content=\"https:\/\/www.onetimenexttime.sk\/arduino\/index.php\/produkt\/j210b-round-white-300rpm-gear-dc-motor-long-blind-hole-shaft-fit-solar-energy-low-speed-and-mute-motor\/\" \/>\n<meta property=\"og:site_name\" content=\"Arduino e-shop\" \/>\n<meta property=\"article:modified_time\" content=\"2021-11-15T11:31:52+00:00\" \/>\n<meta property=\"og:image\" content=\"https:\/\/www.onetimenexttime.sk\/arduino\/wp-content\/uploads\/2021\/11\/1042.jpg\" \/>\n\t<meta property=\"og:image:width\" content=\"800\" \/>\n\t<meta property=\"og:image:height\" content=\"800\" \/>\n\t<meta property=\"og:image:type\" content=\"image\/jpeg\" \/>\n<meta name=\"twitter:card\" content=\"summary_large_image\" \/>\n<meta name=\"twitter:label1\" content=\"Predpokladan\u00fd \u010das \u010d\u00edtania\" \/>\n\t<meta name=\"twitter:data1\" content=\"1 min\u00fata\" \/>\n<script type=\"application\/ld+json\" class=\"yoast-schema-graph\">{\"@context\":\"https:\/\/schema.org\",\"@graph\":[{\"@type\":\"WebPage\",\"@id\":\"https:\/\/www.onetimenexttime.sk\/arduino\/index.php\/produkt\/j210b-round-white-300rpm-gear-dc-motor-long-blind-hole-shaft-fit-solar-energy-low-speed-and-mute-motor\/\",\"url\":\"https:\/\/www.onetimenexttime.sk\/arduino\/index.php\/produkt\/j210b-round-white-300rpm-gear-dc-motor-long-blind-hole-shaft-fit-solar-energy-low-speed-and-mute-motor\/\",\"name\":\"J210b Round White 300rpm Gear DC Motor Long Blind Hole Shaft fit Solar energy Low Speed and Mute Motor - Arduino e-shop\",\"isPartOf\":{\"@id\":\"https:\/\/www.onetimenexttime.sk\/arduino\/#website\"},\"primaryImageOfPage\":{\"@id\":\"https:\/\/www.onetimenexttime.sk\/arduino\/index.php\/produkt\/j210b-round-white-300rpm-gear-dc-motor-long-blind-hole-shaft-fit-solar-energy-low-speed-and-mute-motor\/#primaryimage\"},\"image\":{\"@id\":\"https:\/\/www.onetimenexttime.sk\/arduino\/index.php\/produkt\/j210b-round-white-300rpm-gear-dc-motor-long-blind-hole-shaft-fit-solar-energy-low-speed-and-mute-motor\/#primaryimage\"},\"thumbnailUrl\":\"https:\/\/www.onetimenexttime.sk\/arduino\/wp-content\/uploads\/2021\/11\/1042.jpg\",\"datePublished\":\"2021-11-15T11:27:52+00:00\",\"dateModified\":\"2021-11-15T11:31:52+00:00\",\"breadcrumb\":{\"@id\":\"https:\/\/www.onetimenexttime.sk\/arduino\/index.php\/produkt\/j210b-round-white-300rpm-gear-dc-motor-long-blind-hole-shaft-fit-solar-energy-low-speed-and-mute-motor\/#breadcrumb\"},\"inLanguage\":\"sk-SK\",\"potentialAction\":[{\"@type\":\"ReadAction\",\"target\":[\"https:\/\/www.onetimenexttime.sk\/arduino\/index.php\/produkt\/j210b-round-white-300rpm-gear-dc-motor-long-blind-hole-shaft-fit-solar-energy-low-speed-and-mute-motor\/\"]}]},{\"@type\":\"ImageObject\",\"inLanguage\":\"sk-SK\",\"@id\":\"https:\/\/www.onetimenexttime.sk\/arduino\/index.php\/produkt\/j210b-round-white-300rpm-gear-dc-motor-long-blind-hole-shaft-fit-solar-energy-low-speed-and-mute-motor\/#primaryimage\",\"url\":\"https:\/\/www.onetimenexttime.sk\/arduino\/wp-content\/uploads\/2021\/11\/1042.jpg\",\"contentUrl\":\"https:\/\/www.onetimenexttime.sk\/arduino\/wp-content\/uploads\/2021\/11\/1042.jpg\",\"width\":800,\"height\":800},{\"@type\":\"BreadcrumbList\",\"@id\":\"https:\/\/www.onetimenexttime.sk\/arduino\/index.php\/produkt\/j210b-round-white-300rpm-gear-dc-motor-long-blind-hole-shaft-fit-solar-energy-low-speed-and-mute-motor\/#breadcrumb\",\"itemListElement\":[{\"@type\":\"ListItem\",\"position\":1,\"name\":\"Domov\",\"item\":\"https:\/\/www.onetimenexttime.sk\/arduino\/\"},{\"@type\":\"ListItem\",\"position\":2,\"name\":\"Obchod\",\"item\":\"https:\/\/www.onetimenexttime.sk\/arduino\/\"},{\"@type\":\"ListItem\",\"position\":3,\"name\":\"J210b Round White 300rpm Gear DC Motor Long Blind Hole Shaft fit Solar energy Low Speed and Mute Motor\"}]},{\"@type\":\"WebSite\",\"@id\":\"https:\/\/www.onetimenexttime.sk\/arduino\/#website\",\"url\":\"https:\/\/www.onetimenexttime.sk\/arduino\/\",\"name\":\"Arduino e-shop\",\"description\":\"Home Assistant\",\"potentialAction\":[{\"@type\":\"SearchAction\",\"target\":{\"@type\":\"EntryPoint\",\"urlTemplate\":\"https:\/\/www.onetimenexttime.sk\/arduino\/?s={search_term_string}\"},\"query-input\":{\"@type\":\"PropertyValueSpecification\",\"valueRequired\":true,\"valueName\":\"search_term_string\"}}],\"inLanguage\":\"sk-SK\"}]}<\/script>\n<!-- \/ Yoast SEO plugin. -->","yoast_head_json":{"title":"J210b Round White 300rpm Gear DC Motor Long Blind Hole Shaft fit Solar energy Low Speed and Mute Motor - Arduino e-shop","robots":{"index":"index","follow":"follow","max-snippet":"max-snippet:-1","max-image-preview":"max-image-preview:large","max-video-preview":"max-video-preview:-1"},"canonical":"https:\/\/www.onetimenexttime.sk\/arduino\/index.php\/produkt\/j210b-round-white-300rpm-gear-dc-motor-long-blind-hole-shaft-fit-solar-energy-low-speed-and-mute-motor\/","og_locale":"sk_SK","og_type":"article","og_title":"J210b Round White 300rpm Gear DC Motor Long Blind Hole Shaft fit Solar energy Low Speed and Mute Motor - Arduino e-shop","og_description":"J210b Okr\u00fahly biely 300rpm jednosmern\u00fd motor s ozuben\u00edm a dlh\u00fdm slep\u00fdm otvorom Hriade\u013e vhodn\u00fd pre sol\u00e1rnu energiu N\u00edzke ot\u00e1\u010dky a&hellip;","og_url":"https:\/\/www.onetimenexttime.sk\/arduino\/index.php\/produkt\/j210b-round-white-300rpm-gear-dc-motor-long-blind-hole-shaft-fit-solar-energy-low-speed-and-mute-motor\/","og_site_name":"Arduino e-shop","article_modified_time":"2021-11-15T11:31:52+00:00","og_image":[{"width":800,"height":800,"url":"https:\/\/www.onetimenexttime.sk\/arduino\/wp-content\/uploads\/2021\/11\/1042.jpg","type":"image\/jpeg"}],"twitter_card":"summary_large_image","twitter_misc":{"Predpokladan\u00fd \u010das \u010d\u00edtania":"1 min\u00fata"},"schema":{"@context":"https:\/\/schema.org","@graph":[{"@type":"WebPage","@id":"https:\/\/www.onetimenexttime.sk\/arduino\/index.php\/produkt\/j210b-round-white-300rpm-gear-dc-motor-long-blind-hole-shaft-fit-solar-energy-low-speed-and-mute-motor\/","url":"https:\/\/www.onetimenexttime.sk\/arduino\/index.php\/produkt\/j210b-round-white-300rpm-gear-dc-motor-long-blind-hole-shaft-fit-solar-energy-low-speed-and-mute-motor\/","name":"J210b Round White 300rpm Gear DC Motor Long Blind Hole Shaft fit Solar energy Low Speed and Mute Motor - Arduino e-shop","isPartOf":{"@id":"https:\/\/www.onetimenexttime.sk\/arduino\/#website"},"primaryImageOfPage":{"@id":"https:\/\/www.onetimenexttime.sk\/arduino\/index.php\/produkt\/j210b-round-white-300rpm-gear-dc-motor-long-blind-hole-shaft-fit-solar-energy-low-speed-and-mute-motor\/#primaryimage"},"image":{"@id":"https:\/\/www.onetimenexttime.sk\/arduino\/index.php\/produkt\/j210b-round-white-300rpm-gear-dc-motor-long-blind-hole-shaft-fit-solar-energy-low-speed-and-mute-motor\/#primaryimage"},"thumbnailUrl":"https:\/\/www.onetimenexttime.sk\/arduino\/wp-content\/uploads\/2021\/11\/1042.jpg","datePublished":"2021-11-15T11:27:52+00:00","dateModified":"2021-11-15T11:31:52+00:00","breadcrumb":{"@id":"https:\/\/www.onetimenexttime.sk\/arduino\/index.php\/produkt\/j210b-round-white-300rpm-gear-dc-motor-long-blind-hole-shaft-fit-solar-energy-low-speed-and-mute-motor\/#breadcrumb"},"inLanguage":"sk-SK","potentialAction":[{"@type":"ReadAction","target":["https:\/\/www.onetimenexttime.sk\/arduino\/index.php\/produkt\/j210b-round-white-300rpm-gear-dc-motor-long-blind-hole-shaft-fit-solar-energy-low-speed-and-mute-motor\/"]}]},{"@type":"ImageObject","inLanguage":"sk-SK","@id":"https:\/\/www.onetimenexttime.sk\/arduino\/index.php\/produkt\/j210b-round-white-300rpm-gear-dc-motor-long-blind-hole-shaft-fit-solar-energy-low-speed-and-mute-motor\/#primaryimage","url":"https:\/\/www.onetimenexttime.sk\/arduino\/wp-content\/uploads\/2021\/11\/1042.jpg","contentUrl":"https:\/\/www.onetimenexttime.sk\/arduino\/wp-content\/uploads\/2021\/11\/1042.jpg","width":800,"height":800},{"@type":"BreadcrumbList","@id":"https:\/\/www.onetimenexttime.sk\/arduino\/index.php\/produkt\/j210b-round-white-300rpm-gear-dc-motor-long-blind-hole-shaft-fit-solar-energy-low-speed-and-mute-motor\/#breadcrumb","itemListElement":[{"@type":"ListItem","position":1,"name":"Domov","item":"https:\/\/www.onetimenexttime.sk\/arduino\/"},{"@type":"ListItem","position":2,"name":"Obchod","item":"https:\/\/www.onetimenexttime.sk\/arduino\/"},{"@type":"ListItem","position":3,"name":"J210b Round White 300rpm Gear DC Motor Long Blind Hole Shaft fit Solar energy Low Speed and Mute Motor"}]},{"@type":"WebSite","@id":"https:\/\/www.onetimenexttime.sk\/arduino\/#website","url":"https:\/\/www.onetimenexttime.sk\/arduino\/","name":"Arduino e-shop","description":"Home Assistant","potentialAction":[{"@type":"SearchAction","target":{"@type":"EntryPoint","urlTemplate":"https:\/\/www.onetimenexttime.sk\/arduino\/?s={search_term_string}"},"query-input":{"@type":"PropertyValueSpecification","valueRequired":true,"valueName":"search_term_string"}}],"inLanguage":"sk-SK"}]}},"_links":{"self":[{"href":"https:\/\/www.onetimenexttime.sk\/arduino\/index.php\/wp-json\/wp\/v2\/product\/1364"}],"collection":[{"href":"https:\/\/www.onetimenexttime.sk\/arduino\/index.php\/wp-json\/wp\/v2\/product"}],"about":[{"href":"https:\/\/www.onetimenexttime.sk\/arduino\/index.php\/wp-json\/wp\/v2\/types\/product"}],"wp:featuredmedia":[{"embeddable":true,"href":"https:\/\/www.onetimenexttime.sk\/arduino\/index.php\/wp-json\/wp\/v2\/media\/1365"}],"wp:attachment":[{"href":"https:\/\/www.onetimenexttime.sk\/arduino\/index.php\/wp-json\/wp\/v2\/media?parent=1364"}],"wp:term":[{"taxonomy":"product_cat","embeddable":true,"href":"https:\/\/www.onetimenexttime.sk\/arduino\/index.php\/wp-json\/wp\/v2\/product_cat?post=1364"},{"taxonomy":"product_tag","embeddable":true,"href":"https:\/\/www.onetimenexttime.sk\/arduino\/index.php\/wp-json\/wp\/v2\/product_tag?post=1364"}],"curies":[{"name":"wp","href":"https:\/\/api.w.org\/{rel}","templated":true}]}}