{"id":1358,"date":"2021-11-15T12:12:53","date_gmt":"2021-11-15T11:12:53","guid":{"rendered":"https:\/\/www.onetimenexttime.sk\/arduino\/?post_type=product&#038;p=1358"},"modified":"2021-11-15T12:15:56","modified_gmt":"2021-11-15T11:15:56","slug":"dual-h-bridge-dc-stepper-motor-drive-controller-board-module-l298n-for-arduino-raspberry","status":"publish","type":"product","link":"https:\/\/www.onetimenexttime.sk\/arduino\/index.php\/produkt\/dual-h-bridge-dc-stepper-motor-drive-controller-board-module-l298n-for-arduino-raspberry\/","title":{"rendered":"Dual H Bridge DC Stepper Motor Drive Controller Board Module L298N for arduino Raspberry"},"content":{"rendered":"<h2>Dual H Bridge DC Stepper Motor Drive Controller Board Module L298N for arduino Raspberry<\/h2>\n<p>&nbsp;<\/p>\n<p>&nbsp;<\/p>\n<p>Pou\u017eit\u00edm L298N od spolo\u010dnosti ST ako riadiaceho \u010dipu m\u00e1 modul tak\u00e9 vlastnosti, ako je siln\u00e1 jazdn\u00e1 schopnos\u0165, n\u00edzka v\u00fdhrevnos\u0165 a siln\u00e1 schopnos\u0165 proti ru\u0161eniu.<br \/>\nTento modul m\u00f4\u017ee pou\u017ei\u0165 vstavan\u00fd 78M05 na elektrick\u00fa pr\u00e1cu cez \u010das\u0165 pohonn\u00e9ho nap\u00e1jacieho zdroja. Aby sa v\u0161ak predi\u0161lo po\u0161kodeniu \u010dipu stabilizuj\u00faceho nap\u00e4tie, pou\u017eite extern\u00fd 5V logick\u00fd zdroj pri pou\u017eit\u00ed viac ako 12V nap\u00e1jacieho nap\u00e4tia.<br \/>\nPomocou ve\u013ekokapacitn\u00e9ho filtra\u010dn\u00e9ho kondenz\u00e1tora m\u00f4\u017ee tento modul sledova\u0165 pr\u00fad na ochranu di\u00f3d a zlep\u0161i\u0165 spo\u013eahlivos\u0165.<\/p>\n<p>&nbsp;<\/p>\n<p>Aplikovan\u00e9 pr\u00edpady:<br \/>\n<strong>1 Hnac\u00ed krokov\u00fd motor<\/strong><\/p>\n<p>Zapojenie pohonu be\u017en\u00e9ho 4-linkov\u00e9ho 2-f\u00e1zov\u00e9ho elektromotora je zn\u00e1zornen\u00e9 na obr\u00e1zku ni\u017e\u0161ie<br \/>\npo povolen\u00ed ENA ENB<br \/>\nZadajte nasleduj\u00face \u010dasovanie jazdy od IN1-IN4? potom r\u00fdchlos\u0165 a smer steppera<br \/>\nmotor je mo\u017en\u00e9 ovl\u00e1da\u0165<\/p>\n<p><img decoding=\"async\" src=\"https:\/\/ae01.alicdn.com\/kf\/HTB1D7NwNVXXXXaOXXXXq6xXFXXXC\/224233994\/HTB1D7NwNVXXXXaOXXXXq6xXFXXXC.jpg\" alt=\" photo 1_zpsssbocrlz.jpg\" border=\"0\" data-spm-anchor-id=\"a2g0o.detail.1000023.i2.28ad4e97hNdDAB\" \/><\/p>\n<p><strong>2 Pohon jednosmern\u00e9ho motora<\/strong><\/p>\n<p>Preto\u017ee modul je poh\u00e1\u0148an\u00fd dvojit\u00fdm H mostom, m\u00f4\u017ee s\u00fa\u010dasne poh\u00e1\u0148a\u0165 dva motory.<br \/>\nSp\u00f4sob pripojenia je zn\u00e1zornen\u00fd na obr\u00e1zku ni\u017e\u0161ie<br \/>\npo povolen\u00ed ENA ENB<br \/>\nR\u00fdchlos\u0165 a smer motora pohonu sign\u00e1lu PWM 1 m\u00f4\u017eete zada\u0165 z IN1 IN2<br \/>\nR\u00fdchlos\u0165 a smer pohonu motora 2 sign\u00e1lu PWM m\u00f4\u017eete zada\u0165 z IN1 IN2<br \/>\nSign\u00e1l je zn\u00e1zornen\u00fd na obr\u00e1zku<br \/>\n<img decoding=\"async\" src=\"https:\/\/ae01.alicdn.com\/kf\/HTB1TfttNVXXXXcdXXXXq6xXFXXXr\/224233994\/HTB1TfttNVXXXXcdXXXXq6xXFXXXr.jpg\" alt=\" photo 2_zpsekzjwtec.jpg\" border=\"0\" data-spm-anchor-id=\"a2g0o.detail.1000023.i3.28ad4e97hNdDAB\" \/><\/p>\n","protected":false},"excerpt":{"rendered":"<p>Dual H Bridge DC Stepper Motor Drive Controller Board Module L298N for arduino Raspberry &nbsp; &nbsp; Pou\u017eit\u00edm L298N od spolo\u010dnosti&hellip;<\/p>\n","protected":false},"featured_media":1359,"template":"","meta":{"_monsterinsights_skip_tracking":false,"_monsterinsights_sitenote_active":false,"_monsterinsights_sitenote_note":"","_monsterinsights_sitenote_category":0},"product_cat":[17,52,57],"product_tag":[],"class_list":{"0":"post-1358","1":"product","2":"type-product","3":"status-publish","4":"has-post-thumbnail","6":"product_cat-modul","7":"product_cat-motor-modul","8":"product_cat-shield","10":"first","11":"instock","12":"shipping-taxable","13":"purchasable","14":"product-type-simple"},"yoast_head":"<!-- This site is optimized with the Yoast SEO plugin v23.6 - https:\/\/yoast.com\/wordpress\/plugins\/seo\/ -->\n<title>Dual H Bridge DC Stepper Motor Drive Controller Board Module L298N for arduino Raspberry - Arduino e-shop<\/title>\n<meta name=\"robots\" content=\"index, follow, max-snippet:-1, max-image-preview:large, max-video-preview:-1\" \/>\n<link rel=\"canonical\" href=\"https:\/\/www.onetimenexttime.sk\/arduino\/index.php\/produkt\/dual-h-bridge-dc-stepper-motor-drive-controller-board-module-l298n-for-arduino-raspberry\/\" \/>\n<meta property=\"og:locale\" content=\"sk_SK\" \/>\n<meta property=\"og:type\" content=\"article\" \/>\n<meta property=\"og:title\" content=\"Dual H Bridge DC Stepper Motor Drive Controller Board Module L298N for arduino Raspberry - Arduino e-shop\" \/>\n<meta property=\"og:description\" content=\"Dual H Bridge DC Stepper Motor Drive Controller Board Module L298N for arduino Raspberry &nbsp; &nbsp; Pou\u017eit\u00edm L298N od spolo\u010dnosti&hellip;\" \/>\n<meta property=\"og:url\" content=\"https:\/\/www.onetimenexttime.sk\/arduino\/index.php\/produkt\/dual-h-bridge-dc-stepper-motor-drive-controller-board-module-l298n-for-arduino-raspberry\/\" \/>\n<meta property=\"og:site_name\" content=\"Arduino e-shop\" \/>\n<meta property=\"article:modified_time\" content=\"2021-11-15T11:15:56+00:00\" \/>\n<meta property=\"og:image\" content=\"https:\/\/www.onetimenexttime.sk\/arduino\/wp-content\/uploads\/2021\/11\/1039.jpg\" \/>\n\t<meta property=\"og:image:width\" content=\"529\" \/>\n\t<meta property=\"og:image:height\" content=\"525\" \/>\n\t<meta property=\"og:image:type\" content=\"image\/jpeg\" \/>\n<meta name=\"twitter:card\" content=\"summary_large_image\" \/>\n<meta name=\"twitter:label1\" content=\"Predpokladan\u00fd \u010das \u010d\u00edtania\" \/>\n\t<meta name=\"twitter:data1\" content=\"2 min\u00faty\" \/>\n<script type=\"application\/ld+json\" class=\"yoast-schema-graph\">{\"@context\":\"https:\/\/schema.org\",\"@graph\":[{\"@type\":\"WebPage\",\"@id\":\"https:\/\/www.onetimenexttime.sk\/arduino\/index.php\/produkt\/dual-h-bridge-dc-stepper-motor-drive-controller-board-module-l298n-for-arduino-raspberry\/\",\"url\":\"https:\/\/www.onetimenexttime.sk\/arduino\/index.php\/produkt\/dual-h-bridge-dc-stepper-motor-drive-controller-board-module-l298n-for-arduino-raspberry\/\",\"name\":\"Dual H Bridge DC Stepper Motor Drive Controller Board Module L298N for arduino Raspberry - Arduino e-shop\",\"isPartOf\":{\"@id\":\"https:\/\/www.onetimenexttime.sk\/arduino\/#website\"},\"primaryImageOfPage\":{\"@id\":\"https:\/\/www.onetimenexttime.sk\/arduino\/index.php\/produkt\/dual-h-bridge-dc-stepper-motor-drive-controller-board-module-l298n-for-arduino-raspberry\/#primaryimage\"},\"image\":{\"@id\":\"https:\/\/www.onetimenexttime.sk\/arduino\/index.php\/produkt\/dual-h-bridge-dc-stepper-motor-drive-controller-board-module-l298n-for-arduino-raspberry\/#primaryimage\"},\"thumbnailUrl\":\"https:\/\/www.onetimenexttime.sk\/arduino\/wp-content\/uploads\/2021\/11\/1039.jpg\",\"datePublished\":\"2021-11-15T11:12:53+00:00\",\"dateModified\":\"2021-11-15T11:15:56+00:00\",\"breadcrumb\":{\"@id\":\"https:\/\/www.onetimenexttime.sk\/arduino\/index.php\/produkt\/dual-h-bridge-dc-stepper-motor-drive-controller-board-module-l298n-for-arduino-raspberry\/#breadcrumb\"},\"inLanguage\":\"sk-SK\",\"potentialAction\":[{\"@type\":\"ReadAction\",\"target\":[\"https:\/\/www.onetimenexttime.sk\/arduino\/index.php\/produkt\/dual-h-bridge-dc-stepper-motor-drive-controller-board-module-l298n-for-arduino-raspberry\/\"]}]},{\"@type\":\"ImageObject\",\"inLanguage\":\"sk-SK\",\"@id\":\"https:\/\/www.onetimenexttime.sk\/arduino\/index.php\/produkt\/dual-h-bridge-dc-stepper-motor-drive-controller-board-module-l298n-for-arduino-raspberry\/#primaryimage\",\"url\":\"https:\/\/www.onetimenexttime.sk\/arduino\/wp-content\/uploads\/2021\/11\/1039.jpg\",\"contentUrl\":\"https:\/\/www.onetimenexttime.sk\/arduino\/wp-content\/uploads\/2021\/11\/1039.jpg\",\"width\":529,\"height\":525},{\"@type\":\"BreadcrumbList\",\"@id\":\"https:\/\/www.onetimenexttime.sk\/arduino\/index.php\/produkt\/dual-h-bridge-dc-stepper-motor-drive-controller-board-module-l298n-for-arduino-raspberry\/#breadcrumb\",\"itemListElement\":[{\"@type\":\"ListItem\",\"position\":1,\"name\":\"Domov\",\"item\":\"https:\/\/www.onetimenexttime.sk\/arduino\/\"},{\"@type\":\"ListItem\",\"position\":2,\"name\":\"Obchod\",\"item\":\"https:\/\/www.onetimenexttime.sk\/arduino\/\"},{\"@type\":\"ListItem\",\"position\":3,\"name\":\"Dual H Bridge DC Stepper Motor Drive Controller Board Module L298N for arduino Raspberry\"}]},{\"@type\":\"WebSite\",\"@id\":\"https:\/\/www.onetimenexttime.sk\/arduino\/#website\",\"url\":\"https:\/\/www.onetimenexttime.sk\/arduino\/\",\"name\":\"Arduino e-shop\",\"description\":\"Home Assistant\",\"potentialAction\":[{\"@type\":\"SearchAction\",\"target\":{\"@type\":\"EntryPoint\",\"urlTemplate\":\"https:\/\/www.onetimenexttime.sk\/arduino\/?s={search_term_string}\"},\"query-input\":{\"@type\":\"PropertyValueSpecification\",\"valueRequired\":true,\"valueName\":\"search_term_string\"}}],\"inLanguage\":\"sk-SK\"}]}<\/script>\n<!-- \/ Yoast SEO plugin. -->","yoast_head_json":{"title":"Dual H Bridge DC Stepper Motor Drive Controller Board Module L298N for arduino Raspberry - Arduino e-shop","robots":{"index":"index","follow":"follow","max-snippet":"max-snippet:-1","max-image-preview":"max-image-preview:large","max-video-preview":"max-video-preview:-1"},"canonical":"https:\/\/www.onetimenexttime.sk\/arduino\/index.php\/produkt\/dual-h-bridge-dc-stepper-motor-drive-controller-board-module-l298n-for-arduino-raspberry\/","og_locale":"sk_SK","og_type":"article","og_title":"Dual H Bridge DC Stepper Motor Drive Controller Board Module L298N for arduino Raspberry - Arduino e-shop","og_description":"Dual H Bridge DC Stepper Motor Drive Controller Board Module L298N for arduino Raspberry &nbsp; &nbsp; Pou\u017eit\u00edm L298N od spolo\u010dnosti&hellip;","og_url":"https:\/\/www.onetimenexttime.sk\/arduino\/index.php\/produkt\/dual-h-bridge-dc-stepper-motor-drive-controller-board-module-l298n-for-arduino-raspberry\/","og_site_name":"Arduino e-shop","article_modified_time":"2021-11-15T11:15:56+00:00","og_image":[{"width":529,"height":525,"url":"https:\/\/www.onetimenexttime.sk\/arduino\/wp-content\/uploads\/2021\/11\/1039.jpg","type":"image\/jpeg"}],"twitter_card":"summary_large_image","twitter_misc":{"Predpokladan\u00fd \u010das \u010d\u00edtania":"2 min\u00faty"},"schema":{"@context":"https:\/\/schema.org","@graph":[{"@type":"WebPage","@id":"https:\/\/www.onetimenexttime.sk\/arduino\/index.php\/produkt\/dual-h-bridge-dc-stepper-motor-drive-controller-board-module-l298n-for-arduino-raspberry\/","url":"https:\/\/www.onetimenexttime.sk\/arduino\/index.php\/produkt\/dual-h-bridge-dc-stepper-motor-drive-controller-board-module-l298n-for-arduino-raspberry\/","name":"Dual H Bridge DC Stepper Motor Drive Controller Board Module L298N for arduino Raspberry - Arduino e-shop","isPartOf":{"@id":"https:\/\/www.onetimenexttime.sk\/arduino\/#website"},"primaryImageOfPage":{"@id":"https:\/\/www.onetimenexttime.sk\/arduino\/index.php\/produkt\/dual-h-bridge-dc-stepper-motor-drive-controller-board-module-l298n-for-arduino-raspberry\/#primaryimage"},"image":{"@id":"https:\/\/www.onetimenexttime.sk\/arduino\/index.php\/produkt\/dual-h-bridge-dc-stepper-motor-drive-controller-board-module-l298n-for-arduino-raspberry\/#primaryimage"},"thumbnailUrl":"https:\/\/www.onetimenexttime.sk\/arduino\/wp-content\/uploads\/2021\/11\/1039.jpg","datePublished":"2021-11-15T11:12:53+00:00","dateModified":"2021-11-15T11:15:56+00:00","breadcrumb":{"@id":"https:\/\/www.onetimenexttime.sk\/arduino\/index.php\/produkt\/dual-h-bridge-dc-stepper-motor-drive-controller-board-module-l298n-for-arduino-raspberry\/#breadcrumb"},"inLanguage":"sk-SK","potentialAction":[{"@type":"ReadAction","target":["https:\/\/www.onetimenexttime.sk\/arduino\/index.php\/produkt\/dual-h-bridge-dc-stepper-motor-drive-controller-board-module-l298n-for-arduino-raspberry\/"]}]},{"@type":"ImageObject","inLanguage":"sk-SK","@id":"https:\/\/www.onetimenexttime.sk\/arduino\/index.php\/produkt\/dual-h-bridge-dc-stepper-motor-drive-controller-board-module-l298n-for-arduino-raspberry\/#primaryimage","url":"https:\/\/www.onetimenexttime.sk\/arduino\/wp-content\/uploads\/2021\/11\/1039.jpg","contentUrl":"https:\/\/www.onetimenexttime.sk\/arduino\/wp-content\/uploads\/2021\/11\/1039.jpg","width":529,"height":525},{"@type":"BreadcrumbList","@id":"https:\/\/www.onetimenexttime.sk\/arduino\/index.php\/produkt\/dual-h-bridge-dc-stepper-motor-drive-controller-board-module-l298n-for-arduino-raspberry\/#breadcrumb","itemListElement":[{"@type":"ListItem","position":1,"name":"Domov","item":"https:\/\/www.onetimenexttime.sk\/arduino\/"},{"@type":"ListItem","position":2,"name":"Obchod","item":"https:\/\/www.onetimenexttime.sk\/arduino\/"},{"@type":"ListItem","position":3,"name":"Dual H Bridge DC Stepper Motor Drive Controller Board Module L298N for arduino Raspberry"}]},{"@type":"WebSite","@id":"https:\/\/www.onetimenexttime.sk\/arduino\/#website","url":"https:\/\/www.onetimenexttime.sk\/arduino\/","name":"Arduino e-shop","description":"Home Assistant","potentialAction":[{"@type":"SearchAction","target":{"@type":"EntryPoint","urlTemplate":"https:\/\/www.onetimenexttime.sk\/arduino\/?s={search_term_string}"},"query-input":{"@type":"PropertyValueSpecification","valueRequired":true,"valueName":"search_term_string"}}],"inLanguage":"sk-SK"}]}},"_links":{"self":[{"href":"https:\/\/www.onetimenexttime.sk\/arduino\/index.php\/wp-json\/wp\/v2\/product\/1358"}],"collection":[{"href":"https:\/\/www.onetimenexttime.sk\/arduino\/index.php\/wp-json\/wp\/v2\/product"}],"about":[{"href":"https:\/\/www.onetimenexttime.sk\/arduino\/index.php\/wp-json\/wp\/v2\/types\/product"}],"wp:featuredmedia":[{"embeddable":true,"href":"https:\/\/www.onetimenexttime.sk\/arduino\/index.php\/wp-json\/wp\/v2\/media\/1359"}],"wp:attachment":[{"href":"https:\/\/www.onetimenexttime.sk\/arduino\/index.php\/wp-json\/wp\/v2\/media?parent=1358"}],"wp:term":[{"taxonomy":"product_cat","embeddable":true,"href":"https:\/\/www.onetimenexttime.sk\/arduino\/index.php\/wp-json\/wp\/v2\/product_cat?post=1358"},{"taxonomy":"product_tag","embeddable":true,"href":"https:\/\/www.onetimenexttime.sk\/arduino\/index.php\/wp-json\/wp\/v2\/product_tag?post=1358"}],"curies":[{"name":"wp","href":"https:\/\/api.w.org\/{rel}","templated":true}]}}