{"id":1356,"date":"2021-11-15T12:03:21","date_gmt":"2021-11-15T11:03:21","guid":{"rendered":"https:\/\/www.onetimenexttime.sk\/arduino\/?post_type=product&#038;p=1356"},"modified":"2021-11-15T12:12:23","modified_gmt":"2021-11-15T11:12:23","slug":"mini-air-stirling-engine-motor-model-educational-steam-power-toy-electricity-learning-model-toys-for-children","status":"publish","type":"product","link":"https:\/\/www.onetimenexttime.sk\/arduino\/index.php\/produkt\/mini-air-stirling-engine-motor-model-educational-steam-power-toy-electricity-learning-model-toys-for-children\/","title":{"rendered":"Mini Air Stirling Engine Motor Model Educational Steam Power Toy Electricity Learning Model Toys for Children"},"content":{"rendered":"<h2>Mini Air Stirling Motor Model Vzdel\u00e1vacie Hra\u010dka s parn\u00fdm pohonom Elektrina U\u010debn\u00e9 modely Hra\u010dky pre deti<\/h2>\n<ul>\n<li>Tento model Stirlingovho motora dok\u00e1\u017ee jasne vysvetli\u0165 princ\u00edp aerodynamiky.\n<p>Vlastnosti:<br \/>\nStirlingov motor je tepeln\u00fd motor, ktor\u00fd funguje cyklick\u00fdm stl\u00e1\u010dan\u00edm a expanziou vzduchu alebo in\u00e9ho plynu (pracovnej tekutiny) pri r\u00f4znych teplot\u00e1ch, tak\u017ee doch\u00e1dza k \u010distej premene tepelnej energie na mechanick\u00fa pr\u00e1cu.<br \/>\nVyu\u010dovanie bude intuit\u00edvnej\u0161ie a zauj\u00edmavej\u0161ie.<br \/>\n\u0160tudent to pochop\u00ed r\u00fdchlej\u0161ie a lep\u0161ie.<br \/>\nProces mont\u00e1\u017ee je r\u00fdchly a jednoduch\u00fd.<\/p>\n<p><strong>Technick\u00e9 \u00fadaje:<\/strong><br \/>\nModel: LL-002<br \/>\nMateri\u00e1l: galvanizovan\u00fd \u017eelezn\u00fd plech a sklo<br \/>\nR\u00fdchlos\u0165: a\u017e 200 ot.\/min<br \/>\nVe\u013ekos\u0165 motora: 16,2 * 8,8 * 8,3 cm \/ 6,4 * 3,5 * 3,3&#8243;<br \/>\nHmotnos\u0165 motora: 308 g \/ 10,8 oz<br \/>\nVe\u013ekos\u0165 balenia: 17,5 * 9,2 * 11 cm \/ 6,9 * 3,6 * 4,3 &#8221;<br \/>\nHmotnos\u0165 balenia: 464g \/ 16,4oz<\/p>\n<p><strong>Zoznam bal\u00edkov:<\/strong><br \/>\n1 * Samomont\u00e1\u017ena s\u00faprava Stirlingovho motora<br \/>\n1 * Alkoholov\u00e1 lampa (bez tekutiny)<br \/>\n2 * N\u00e1hradn\u00e1 trubica<br \/>\n1 * Pou\u017e\u00edvate\u013esk\u00e1 pr\u00edru\u010dka (angli\u010dtina\/\u010d\u00edn\u0161tina)<\/p>\n<p><strong>Pozn\u00e1mka<\/strong>:<br \/>\n1. Sklo by po zahriat\u00ed nemalo by\u0165 vystaven\u00e9 p\u00f4sobeniu vody, inak sa rozbije.<br \/>\n2. Ak d\u00f4jde k rozliatiu alkoholu, pou\u017eite na uhasenie oh\u0148a vlhk\u00fa handri\u010dku.<br \/>\n3. Deti mlad\u0161ie ako 12 rokov by mali by\u0165 pri pou\u017e\u00edvan\u00ed tohto produktu v sprievode dospelej osoby.<\/li>\n<\/ul>\n<p>&nbsp;<\/p>\n<p><iframe loading=\"lazy\" title=\"DIY Stirling Engine | Educational Toy Kit\" width=\"1140\" height=\"641\" src=\"https:\/\/www.youtube.com\/embed\/-yBAY8kLjKY?feature=oembed\" frameborder=\"0\" allow=\"accelerometer; autoplay; clipboard-write; encrypted-media; gyroscope; picture-in-picture\" allowfullscreen><\/iframe><\/p>\n","protected":false},"excerpt":{"rendered":"<p>Mini Air Stirling Motor Model Vzdel\u00e1vacie Hra\u010dka s parn\u00fdm pohonom Elektrina U\u010debn\u00e9 modely Hra\u010dky pre deti Tento model Stirlingovho motora&hellip;<\/p>\n","protected":false},"featured_media":1357,"template":"","meta":{"_monsterinsights_skip_tracking":false,"_monsterinsights_sitenote_active":false,"_monsterinsights_sitenote_note":"","_monsterinsights_sitenote_category":0},"product_cat":[15,61,46],"product_tag":[],"class_list":{"0":"post-1356","1":"product","2":"type-product","3":"status-publish","4":"has-post-thumbnail","6":"product_cat-nd","7":"product_cat-gift","8":"product_cat-motor","10":"first","11":"instock","12":"sale","13":"featured","14":"shipping-taxable","15":"purchasable","16":"product-type-simple"},"yoast_head":"<!-- This site is optimized with the Yoast SEO plugin v23.6 - https:\/\/yoast.com\/wordpress\/plugins\/seo\/ -->\n<title>Mini Air Stirling Engine Motor Model Educational Steam Power Toy Electricity Learning Model Toys for Children - Arduino e-shop<\/title>\n<meta name=\"robots\" content=\"index, follow, max-snippet:-1, max-image-preview:large, max-video-preview:-1\" \/>\n<link rel=\"canonical\" href=\"https:\/\/www.onetimenexttime.sk\/arduino\/index.php\/produkt\/mini-air-stirling-engine-motor-model-educational-steam-power-toy-electricity-learning-model-toys-for-children\/\" \/>\n<meta property=\"og:locale\" content=\"sk_SK\" \/>\n<meta property=\"og:type\" content=\"article\" \/>\n<meta property=\"og:title\" content=\"Mini Air Stirling Engine Motor Model Educational Steam Power Toy Electricity Learning Model Toys for Children - Arduino e-shop\" \/>\n<meta property=\"og:description\" content=\"Mini Air Stirling Motor Model Vzdel\u00e1vacie Hra\u010dka s parn\u00fdm pohonom Elektrina U\u010debn\u00e9 modely Hra\u010dky pre deti Tento model Stirlingovho motora&hellip;\" \/>\n<meta property=\"og:url\" content=\"https:\/\/www.onetimenexttime.sk\/arduino\/index.php\/produkt\/mini-air-stirling-engine-motor-model-educational-steam-power-toy-electricity-learning-model-toys-for-children\/\" \/>\n<meta property=\"og:site_name\" content=\"Arduino e-shop\" \/>\n<meta property=\"article:modified_time\" content=\"2021-11-15T11:12:23+00:00\" \/>\n<meta property=\"og:image\" content=\"https:\/\/www.onetimenexttime.sk\/arduino\/wp-content\/uploads\/2021\/11\/1038.jpg\" \/>\n\t<meta property=\"og:image:width\" content=\"586\" \/>\n\t<meta property=\"og:image:height\" content=\"587\" \/>\n\t<meta property=\"og:image:type\" content=\"image\/jpeg\" \/>\n<meta name=\"twitter:card\" content=\"summary_large_image\" \/>\n<meta name=\"twitter:label1\" content=\"Predpokladan\u00fd \u010das \u010d\u00edtania\" \/>\n\t<meta name=\"twitter:data1\" content=\"1 min\u00fata\" \/>\n<script type=\"application\/ld+json\" class=\"yoast-schema-graph\">{\"@context\":\"https:\/\/schema.org\",\"@graph\":[{\"@type\":\"WebPage\",\"@id\":\"https:\/\/www.onetimenexttime.sk\/arduino\/index.php\/produkt\/mini-air-stirling-engine-motor-model-educational-steam-power-toy-electricity-learning-model-toys-for-children\/\",\"url\":\"https:\/\/www.onetimenexttime.sk\/arduino\/index.php\/produkt\/mini-air-stirling-engine-motor-model-educational-steam-power-toy-electricity-learning-model-toys-for-children\/\",\"name\":\"Mini Air Stirling Engine Motor Model Educational Steam Power Toy Electricity Learning Model Toys for Children - Arduino e-shop\",\"isPartOf\":{\"@id\":\"https:\/\/www.onetimenexttime.sk\/arduino\/#website\"},\"primaryImageOfPage\":{\"@id\":\"https:\/\/www.onetimenexttime.sk\/arduino\/index.php\/produkt\/mini-air-stirling-engine-motor-model-educational-steam-power-toy-electricity-learning-model-toys-for-children\/#primaryimage\"},\"image\":{\"@id\":\"https:\/\/www.onetimenexttime.sk\/arduino\/index.php\/produkt\/mini-air-stirling-engine-motor-model-educational-steam-power-toy-electricity-learning-model-toys-for-children\/#primaryimage\"},\"thumbnailUrl\":\"https:\/\/www.onetimenexttime.sk\/arduino\/wp-content\/uploads\/2021\/11\/1038.jpg\",\"datePublished\":\"2021-11-15T11:03:21+00:00\",\"dateModified\":\"2021-11-15T11:12:23+00:00\",\"breadcrumb\":{\"@id\":\"https:\/\/www.onetimenexttime.sk\/arduino\/index.php\/produkt\/mini-air-stirling-engine-motor-model-educational-steam-power-toy-electricity-learning-model-toys-for-children\/#breadcrumb\"},\"inLanguage\":\"sk-SK\",\"potentialAction\":[{\"@type\":\"ReadAction\",\"target\":[\"https:\/\/www.onetimenexttime.sk\/arduino\/index.php\/produkt\/mini-air-stirling-engine-motor-model-educational-steam-power-toy-electricity-learning-model-toys-for-children\/\"]}]},{\"@type\":\"ImageObject\",\"inLanguage\":\"sk-SK\",\"@id\":\"https:\/\/www.onetimenexttime.sk\/arduino\/index.php\/produkt\/mini-air-stirling-engine-motor-model-educational-steam-power-toy-electricity-learning-model-toys-for-children\/#primaryimage\",\"url\":\"https:\/\/www.onetimenexttime.sk\/arduino\/wp-content\/uploads\/2021\/11\/1038.jpg\",\"contentUrl\":\"https:\/\/www.onetimenexttime.sk\/arduino\/wp-content\/uploads\/2021\/11\/1038.jpg\",\"width\":586,\"height\":587},{\"@type\":\"BreadcrumbList\",\"@id\":\"https:\/\/www.onetimenexttime.sk\/arduino\/index.php\/produkt\/mini-air-stirling-engine-motor-model-educational-steam-power-toy-electricity-learning-model-toys-for-children\/#breadcrumb\",\"itemListElement\":[{\"@type\":\"ListItem\",\"position\":1,\"name\":\"Domov\",\"item\":\"https:\/\/www.onetimenexttime.sk\/arduino\/\"},{\"@type\":\"ListItem\",\"position\":2,\"name\":\"Obchod\",\"item\":\"https:\/\/www.onetimenexttime.sk\/arduino\/\"},{\"@type\":\"ListItem\",\"position\":3,\"name\":\"Mini Air Stirling Engine Motor Model Educational Steam Power Toy Electricity Learning Model Toys for Children\"}]},{\"@type\":\"WebSite\",\"@id\":\"https:\/\/www.onetimenexttime.sk\/arduino\/#website\",\"url\":\"https:\/\/www.onetimenexttime.sk\/arduino\/\",\"name\":\"Arduino e-shop\",\"description\":\"Home Assistant\",\"potentialAction\":[{\"@type\":\"SearchAction\",\"target\":{\"@type\":\"EntryPoint\",\"urlTemplate\":\"https:\/\/www.onetimenexttime.sk\/arduino\/?s={search_term_string}\"},\"query-input\":{\"@type\":\"PropertyValueSpecification\",\"valueRequired\":true,\"valueName\":\"search_term_string\"}}],\"inLanguage\":\"sk-SK\"}]}<\/script>\n<!-- \/ Yoast SEO plugin. -->","yoast_head_json":{"title":"Mini Air Stirling Engine Motor Model Educational Steam Power Toy Electricity Learning Model Toys for Children - Arduino e-shop","robots":{"index":"index","follow":"follow","max-snippet":"max-snippet:-1","max-image-preview":"max-image-preview:large","max-video-preview":"max-video-preview:-1"},"canonical":"https:\/\/www.onetimenexttime.sk\/arduino\/index.php\/produkt\/mini-air-stirling-engine-motor-model-educational-steam-power-toy-electricity-learning-model-toys-for-children\/","og_locale":"sk_SK","og_type":"article","og_title":"Mini Air Stirling Engine Motor Model Educational Steam Power Toy Electricity Learning Model Toys for Children - Arduino e-shop","og_description":"Mini Air Stirling Motor Model Vzdel\u00e1vacie Hra\u010dka s parn\u00fdm pohonom Elektrina U\u010debn\u00e9 modely Hra\u010dky pre deti Tento model Stirlingovho motora&hellip;","og_url":"https:\/\/www.onetimenexttime.sk\/arduino\/index.php\/produkt\/mini-air-stirling-engine-motor-model-educational-steam-power-toy-electricity-learning-model-toys-for-children\/","og_site_name":"Arduino e-shop","article_modified_time":"2021-11-15T11:12:23+00:00","og_image":[{"width":586,"height":587,"url":"https:\/\/www.onetimenexttime.sk\/arduino\/wp-content\/uploads\/2021\/11\/1038.jpg","type":"image\/jpeg"}],"twitter_card":"summary_large_image","twitter_misc":{"Predpokladan\u00fd \u010das \u010d\u00edtania":"1 min\u00fata"},"schema":{"@context":"https:\/\/schema.org","@graph":[{"@type":"WebPage","@id":"https:\/\/www.onetimenexttime.sk\/arduino\/index.php\/produkt\/mini-air-stirling-engine-motor-model-educational-steam-power-toy-electricity-learning-model-toys-for-children\/","url":"https:\/\/www.onetimenexttime.sk\/arduino\/index.php\/produkt\/mini-air-stirling-engine-motor-model-educational-steam-power-toy-electricity-learning-model-toys-for-children\/","name":"Mini Air Stirling Engine Motor Model Educational Steam Power Toy Electricity Learning Model Toys for Children - Arduino e-shop","isPartOf":{"@id":"https:\/\/www.onetimenexttime.sk\/arduino\/#website"},"primaryImageOfPage":{"@id":"https:\/\/www.onetimenexttime.sk\/arduino\/index.php\/produkt\/mini-air-stirling-engine-motor-model-educational-steam-power-toy-electricity-learning-model-toys-for-children\/#primaryimage"},"image":{"@id":"https:\/\/www.onetimenexttime.sk\/arduino\/index.php\/produkt\/mini-air-stirling-engine-motor-model-educational-steam-power-toy-electricity-learning-model-toys-for-children\/#primaryimage"},"thumbnailUrl":"https:\/\/www.onetimenexttime.sk\/arduino\/wp-content\/uploads\/2021\/11\/1038.jpg","datePublished":"2021-11-15T11:03:21+00:00","dateModified":"2021-11-15T11:12:23+00:00","breadcrumb":{"@id":"https:\/\/www.onetimenexttime.sk\/arduino\/index.php\/produkt\/mini-air-stirling-engine-motor-model-educational-steam-power-toy-electricity-learning-model-toys-for-children\/#breadcrumb"},"inLanguage":"sk-SK","potentialAction":[{"@type":"ReadAction","target":["https:\/\/www.onetimenexttime.sk\/arduino\/index.php\/produkt\/mini-air-stirling-engine-motor-model-educational-steam-power-toy-electricity-learning-model-toys-for-children\/"]}]},{"@type":"ImageObject","inLanguage":"sk-SK","@id":"https:\/\/www.onetimenexttime.sk\/arduino\/index.php\/produkt\/mini-air-stirling-engine-motor-model-educational-steam-power-toy-electricity-learning-model-toys-for-children\/#primaryimage","url":"https:\/\/www.onetimenexttime.sk\/arduino\/wp-content\/uploads\/2021\/11\/1038.jpg","contentUrl":"https:\/\/www.onetimenexttime.sk\/arduino\/wp-content\/uploads\/2021\/11\/1038.jpg","width":586,"height":587},{"@type":"BreadcrumbList","@id":"https:\/\/www.onetimenexttime.sk\/arduino\/index.php\/produkt\/mini-air-stirling-engine-motor-model-educational-steam-power-toy-electricity-learning-model-toys-for-children\/#breadcrumb","itemListElement":[{"@type":"ListItem","position":1,"name":"Domov","item":"https:\/\/www.onetimenexttime.sk\/arduino\/"},{"@type":"ListItem","position":2,"name":"Obchod","item":"https:\/\/www.onetimenexttime.sk\/arduino\/"},{"@type":"ListItem","position":3,"name":"Mini Air Stirling Engine Motor Model Educational Steam Power Toy Electricity Learning Model Toys for Children"}]},{"@type":"WebSite","@id":"https:\/\/www.onetimenexttime.sk\/arduino\/#website","url":"https:\/\/www.onetimenexttime.sk\/arduino\/","name":"Arduino e-shop","description":"Home Assistant","potentialAction":[{"@type":"SearchAction","target":{"@type":"EntryPoint","urlTemplate":"https:\/\/www.onetimenexttime.sk\/arduino\/?s={search_term_string}"},"query-input":{"@type":"PropertyValueSpecification","valueRequired":true,"valueName":"search_term_string"}}],"inLanguage":"sk-SK"}]}},"_links":{"self":[{"href":"https:\/\/www.onetimenexttime.sk\/arduino\/index.php\/wp-json\/wp\/v2\/product\/1356"}],"collection":[{"href":"https:\/\/www.onetimenexttime.sk\/arduino\/index.php\/wp-json\/wp\/v2\/product"}],"about":[{"href":"https:\/\/www.onetimenexttime.sk\/arduino\/index.php\/wp-json\/wp\/v2\/types\/product"}],"wp:featuredmedia":[{"embeddable":true,"href":"https:\/\/www.onetimenexttime.sk\/arduino\/index.php\/wp-json\/wp\/v2\/media\/1357"}],"wp:attachment":[{"href":"https:\/\/www.onetimenexttime.sk\/arduino\/index.php\/wp-json\/wp\/v2\/media?parent=1356"}],"wp:term":[{"taxonomy":"product_cat","embeddable":true,"href":"https:\/\/www.onetimenexttime.sk\/arduino\/index.php\/wp-json\/wp\/v2\/product_cat?post=1356"},{"taxonomy":"product_tag","embeddable":true,"href":"https:\/\/www.onetimenexttime.sk\/arduino\/index.php\/wp-json\/wp\/v2\/product_tag?post=1356"}],"curies":[{"name":"wp","href":"https:\/\/api.w.org\/{rel}","templated":true}]}}