{"id":1348,"date":"2021-11-15T11:46:08","date_gmt":"2021-11-15T10:46:08","guid":{"rendered":"https:\/\/www.onetimenexttime.sk\/arduino\/?post_type=product&#038;p=1348"},"modified":"2021-11-15T11:55:48","modified_gmt":"2021-11-15T10:55:48","slug":"avoidance-tracking-motor-smart-robot-2wd-car-chassis-kit-speed-encoder-battery-box-ultrasonic-module-for-arduino","status":"publish","type":"product","link":"https:\/\/www.onetimenexttime.sk\/arduino\/index.php\/produkt\/avoidance-tracking-motor-smart-robot-2wd-car-chassis-kit-speed-encoder-battery-box-ultrasonic-module-for-arduino\/","title":{"rendered":"Avoidance Tracking Motor Smart Robot 2WD Car Chassis Kit Speed Encoder Battery Box Ultrasonic Module For Arduino"},"content":{"rendered":"<h1 class=\"product_title entry-title\">Motor na sledovanie vyh\u00fdbania sa Inteligentn\u00fd robot 2WD Sada podvozku auta K\u00f3dova\u010d r\u00fdchlosti Bat\u00e9ria Ultrazvukov\u00fd modul pre Arduino<\/h1>\n<p>&nbsp;<\/p>\n<p>mechanick\u00e1 kon\u0161trukcia je jednoduch\u00e1 a ve\u013emi \u013eahko sa in\u0161taluje<br \/>\nauto je dod\u00e1van\u00e9 s 20 tachometrov\u00fdmi yardmi dr\u00f4tu, s fotoelektrick\u00fdmi zbra\u0148ami je mo\u017en\u00e9 r\u00fdchlo vytvori\u0165 zbra\u0148ov\u00e9 syst\u00e9my. M\u00f4\u017eete r\u00fdchlos\u0165, vzdialenos\u0165, zlo\u017een\u00fd zo syst\u00e9mov s uzavretou slu\u010dkou.<br \/>\nauto so \u0161tyrmi na 5. priehradke na bat\u00e9rie, vhodn\u00e9 pre nap\u00e1janie cel\u00e9ho syst\u00e9mu. Z\u00e1rove\u0148 vybaven\u00fd vyp\u00edna\u010dom, jednoduch\u00fdm syst\u00e9mom \u0161tart-stop. Bez \u010fal\u0161\u00edch ve\u013emi pohodln\u00e9, tak\u017ee cel\u00fd syst\u00e9m je vysoko integrovan\u00fd<br \/>\nautodiel\u0148a s modulom vodi\u010da L298N, \u0161tyrmi sledovac\u00edmi modulmi, ako aj 51 riadiacimi jednotkami bezprobl\u00e9mov\u00e9, jednoduch\u00e9 a dobre vyzeraj\u00face komponenty syst\u00e9mu!<br \/>\nPrepravn\u00fd zoznam<\/p>\n<p>Podvozok auta: 1ks<br \/>\nKoles\u00e1 pre aut\u00e1: 1ks<br \/>\nJednosmern\u00fd prevodov\u00fd motor 1:48 (inak 120:1 Volite\u013en\u00e9): 2ks<br \/>\n20 riadkov\u00fd disk s k\u00f3dom pi\u0161tole: 2ks<br \/>\nSpojovacie prvky (vysoko intenz\u00edvny \u010dierny akryl): 4ks<br \/>\nOto\u010dn\u00e9 koliesko: 1 ks<br \/>\nKrabi\u010dka na \u0161tyri bat\u00e9rie: 1 ks<br \/>\nKvalitn\u00fd kol\u00edskov\u00fd sp\u00edna\u010d: 1ks<br \/>\nMont\u00e1\u017eny v\u00fdkres: 1ks<br \/>\nMatica s nieko\u013ek\u00fdmi skrutkami: 1 sada<br \/>\n\u0160t\u00edt V5: 1ks<br \/>\nUNO R3: 1 ks<br \/>\nSG90: 1 ks<br \/>\nFPV: 1 ks<br \/>\nDoska ovl\u00e1da\u010da L298N: 1ks<\/p>\n<p><img decoding=\"async\" src=\"https:\/\/ae01.alicdn.com\/kf\/HTB1BzZ7XAZmBKNjSZPiq6xFNVXaV.jpg\" alt=\"2wdkit\" data-spm-anchor-id=\"a2g0o.detail.1000023.i2.66ad7d62ssVJlc\" \/><\/p>\n<p>&nbsp;<\/p>\n<p><iframe loading=\"lazy\" title=\"Arduino n\u00e1vody | O\u017eivov\u00e1n\u00ed a programov\u00e1n\u00ed LAFVIN Smart Robot Car kitu \u017eiv\u011b\" width=\"1140\" height=\"641\" src=\"https:\/\/www.youtube.com\/embed\/LgPM2hJInz0?feature=oembed\" frameborder=\"0\" allow=\"accelerometer; autoplay; clipboard-write; encrypted-media; gyroscope; picture-in-picture\" allowfullscreen><\/iframe><\/p>\n<p>&nbsp;<\/p>\n","protected":false},"excerpt":{"rendered":"<p>Motor na sledovanie vyh\u00fdbania sa Inteligentn\u00fd robot 2WD Sada podvozku auta K\u00f3dova\u010d r\u00fdchlosti Bat\u00e9ria Ultrazvukov\u00fd modul pre Arduino &nbsp; mechanick\u00e1&hellip;<\/p>\n","protected":false},"featured_media":1350,"template":"","meta":{"_monsterinsights_skip_tracking":false,"_monsterinsights_sitenote_active":false,"_monsterinsights_sitenote_note":"","_monsterinsights_sitenote_category":0},"product_cat":[16,61,17,46,52,30,66,42],"product_tag":[],"class_list":{"0":"post-1348","1":"product","2":"type-product","3":"status-publish","4":"has-post-thumbnail","6":"product_cat-ard","7":"product_cat-gift","8":"product_cat-modul","9":"product_cat-motor","10":"product_cat-motor-modul","11":"product_cat-programovanie","12":"product_cat-servo","13":"product_cat-smart","15":"first","16":"instock","17":"shipping-taxable","18":"purchasable","19":"product-type-simple"},"yoast_head":"<!-- This site is optimized with the Yoast SEO plugin v23.6 - https:\/\/yoast.com\/wordpress\/plugins\/seo\/ -->\n<title>Avoidance Tracking Motor Smart Robot 2WD Car Chassis Kit Speed Encoder Battery Box Ultrasonic Module For Arduino - Arduino e-shop<\/title>\n<meta name=\"robots\" content=\"index, follow, max-snippet:-1, max-image-preview:large, max-video-preview:-1\" \/>\n<link rel=\"canonical\" href=\"https:\/\/www.onetimenexttime.sk\/arduino\/index.php\/produkt\/avoidance-tracking-motor-smart-robot-2wd-car-chassis-kit-speed-encoder-battery-box-ultrasonic-module-for-arduino\/\" \/>\n<meta property=\"og:locale\" content=\"sk_SK\" \/>\n<meta property=\"og:type\" content=\"article\" \/>\n<meta property=\"og:title\" content=\"Avoidance Tracking Motor Smart Robot 2WD Car Chassis Kit Speed Encoder Battery Box Ultrasonic Module For Arduino - Arduino e-shop\" \/>\n<meta property=\"og:description\" content=\"Motor na sledovanie vyh\u00fdbania sa Inteligentn\u00fd robot 2WD Sada podvozku auta K\u00f3dova\u010d r\u00fdchlosti Bat\u00e9ria Ultrazvukov\u00fd modul pre Arduino &nbsp; mechanick\u00e1&hellip;\" \/>\n<meta property=\"og:url\" content=\"https:\/\/www.onetimenexttime.sk\/arduino\/index.php\/produkt\/avoidance-tracking-motor-smart-robot-2wd-car-chassis-kit-speed-encoder-battery-box-ultrasonic-module-for-arduino\/\" \/>\n<meta property=\"og:site_name\" content=\"Arduino e-shop\" \/>\n<meta property=\"article:modified_time\" content=\"2021-11-15T10:55:48+00:00\" \/>\n<meta property=\"og:image\" content=\"https:\/\/www.onetimenexttime.sk\/arduino\/wp-content\/uploads\/2021\/11\/1035.jpg\" \/>\n\t<meta property=\"og:image:width\" content=\"507\" \/>\n\t<meta property=\"og:image:height\" content=\"508\" \/>\n\t<meta property=\"og:image:type\" content=\"image\/jpeg\" \/>\n<meta name=\"twitter:card\" content=\"summary_large_image\" \/>\n<meta name=\"twitter:label1\" content=\"Predpokladan\u00fd \u010das \u010d\u00edtania\" \/>\n\t<meta name=\"twitter:data1\" content=\"1 min\u00fata\" \/>\n<script type=\"application\/ld+json\" class=\"yoast-schema-graph\">{\"@context\":\"https:\/\/schema.org\",\"@graph\":[{\"@type\":\"WebPage\",\"@id\":\"https:\/\/www.onetimenexttime.sk\/arduino\/index.php\/produkt\/avoidance-tracking-motor-smart-robot-2wd-car-chassis-kit-speed-encoder-battery-box-ultrasonic-module-for-arduino\/\",\"url\":\"https:\/\/www.onetimenexttime.sk\/arduino\/index.php\/produkt\/avoidance-tracking-motor-smart-robot-2wd-car-chassis-kit-speed-encoder-battery-box-ultrasonic-module-for-arduino\/\",\"name\":\"Avoidance Tracking Motor Smart Robot 2WD Car Chassis Kit Speed Encoder Battery Box Ultrasonic Module For Arduino - Arduino e-shop\",\"isPartOf\":{\"@id\":\"https:\/\/www.onetimenexttime.sk\/arduino\/#website\"},\"primaryImageOfPage\":{\"@id\":\"https:\/\/www.onetimenexttime.sk\/arduino\/index.php\/produkt\/avoidance-tracking-motor-smart-robot-2wd-car-chassis-kit-speed-encoder-battery-box-ultrasonic-module-for-arduino\/#primaryimage\"},\"image\":{\"@id\":\"https:\/\/www.onetimenexttime.sk\/arduino\/index.php\/produkt\/avoidance-tracking-motor-smart-robot-2wd-car-chassis-kit-speed-encoder-battery-box-ultrasonic-module-for-arduino\/#primaryimage\"},\"thumbnailUrl\":\"https:\/\/www.onetimenexttime.sk\/arduino\/wp-content\/uploads\/2021\/11\/1035.jpg\",\"datePublished\":\"2021-11-15T10:46:08+00:00\",\"dateModified\":\"2021-11-15T10:55:48+00:00\",\"breadcrumb\":{\"@id\":\"https:\/\/www.onetimenexttime.sk\/arduino\/index.php\/produkt\/avoidance-tracking-motor-smart-robot-2wd-car-chassis-kit-speed-encoder-battery-box-ultrasonic-module-for-arduino\/#breadcrumb\"},\"inLanguage\":\"sk-SK\",\"potentialAction\":[{\"@type\":\"ReadAction\",\"target\":[\"https:\/\/www.onetimenexttime.sk\/arduino\/index.php\/produkt\/avoidance-tracking-motor-smart-robot-2wd-car-chassis-kit-speed-encoder-battery-box-ultrasonic-module-for-arduino\/\"]}]},{\"@type\":\"ImageObject\",\"inLanguage\":\"sk-SK\",\"@id\":\"https:\/\/www.onetimenexttime.sk\/arduino\/index.php\/produkt\/avoidance-tracking-motor-smart-robot-2wd-car-chassis-kit-speed-encoder-battery-box-ultrasonic-module-for-arduino\/#primaryimage\",\"url\":\"https:\/\/www.onetimenexttime.sk\/arduino\/wp-content\/uploads\/2021\/11\/1035.jpg\",\"contentUrl\":\"https:\/\/www.onetimenexttime.sk\/arduino\/wp-content\/uploads\/2021\/11\/1035.jpg\",\"width\":507,\"height\":508},{\"@type\":\"BreadcrumbList\",\"@id\":\"https:\/\/www.onetimenexttime.sk\/arduino\/index.php\/produkt\/avoidance-tracking-motor-smart-robot-2wd-car-chassis-kit-speed-encoder-battery-box-ultrasonic-module-for-arduino\/#breadcrumb\",\"itemListElement\":[{\"@type\":\"ListItem\",\"position\":1,\"name\":\"Domov\",\"item\":\"https:\/\/www.onetimenexttime.sk\/arduino\/\"},{\"@type\":\"ListItem\",\"position\":2,\"name\":\"Obchod\",\"item\":\"https:\/\/www.onetimenexttime.sk\/arduino\/\"},{\"@type\":\"ListItem\",\"position\":3,\"name\":\"Avoidance Tracking Motor Smart Robot 2WD Car Chassis Kit Speed Encoder Battery Box Ultrasonic Module For Arduino\"}]},{\"@type\":\"WebSite\",\"@id\":\"https:\/\/www.onetimenexttime.sk\/arduino\/#website\",\"url\":\"https:\/\/www.onetimenexttime.sk\/arduino\/\",\"name\":\"Arduino e-shop\",\"description\":\"Home Assistant\",\"potentialAction\":[{\"@type\":\"SearchAction\",\"target\":{\"@type\":\"EntryPoint\",\"urlTemplate\":\"https:\/\/www.onetimenexttime.sk\/arduino\/?s={search_term_string}\"},\"query-input\":{\"@type\":\"PropertyValueSpecification\",\"valueRequired\":true,\"valueName\":\"search_term_string\"}}],\"inLanguage\":\"sk-SK\"}]}<\/script>\n<!-- \/ Yoast SEO plugin. -->","yoast_head_json":{"title":"Avoidance Tracking Motor Smart Robot 2WD Car Chassis Kit Speed Encoder Battery Box Ultrasonic Module For Arduino - Arduino e-shop","robots":{"index":"index","follow":"follow","max-snippet":"max-snippet:-1","max-image-preview":"max-image-preview:large","max-video-preview":"max-video-preview:-1"},"canonical":"https:\/\/www.onetimenexttime.sk\/arduino\/index.php\/produkt\/avoidance-tracking-motor-smart-robot-2wd-car-chassis-kit-speed-encoder-battery-box-ultrasonic-module-for-arduino\/","og_locale":"sk_SK","og_type":"article","og_title":"Avoidance Tracking Motor Smart Robot 2WD Car Chassis Kit Speed Encoder Battery Box Ultrasonic Module For Arduino - Arduino e-shop","og_description":"Motor na sledovanie vyh\u00fdbania sa Inteligentn\u00fd robot 2WD Sada podvozku auta K\u00f3dova\u010d r\u00fdchlosti Bat\u00e9ria Ultrazvukov\u00fd modul pre Arduino &nbsp; mechanick\u00e1&hellip;","og_url":"https:\/\/www.onetimenexttime.sk\/arduino\/index.php\/produkt\/avoidance-tracking-motor-smart-robot-2wd-car-chassis-kit-speed-encoder-battery-box-ultrasonic-module-for-arduino\/","og_site_name":"Arduino e-shop","article_modified_time":"2021-11-15T10:55:48+00:00","og_image":[{"width":507,"height":508,"url":"https:\/\/www.onetimenexttime.sk\/arduino\/wp-content\/uploads\/2021\/11\/1035.jpg","type":"image\/jpeg"}],"twitter_card":"summary_large_image","twitter_misc":{"Predpokladan\u00fd \u010das \u010d\u00edtania":"1 min\u00fata"},"schema":{"@context":"https:\/\/schema.org","@graph":[{"@type":"WebPage","@id":"https:\/\/www.onetimenexttime.sk\/arduino\/index.php\/produkt\/avoidance-tracking-motor-smart-robot-2wd-car-chassis-kit-speed-encoder-battery-box-ultrasonic-module-for-arduino\/","url":"https:\/\/www.onetimenexttime.sk\/arduino\/index.php\/produkt\/avoidance-tracking-motor-smart-robot-2wd-car-chassis-kit-speed-encoder-battery-box-ultrasonic-module-for-arduino\/","name":"Avoidance Tracking Motor Smart Robot 2WD Car Chassis Kit Speed Encoder Battery Box Ultrasonic Module For Arduino - Arduino e-shop","isPartOf":{"@id":"https:\/\/www.onetimenexttime.sk\/arduino\/#website"},"primaryImageOfPage":{"@id":"https:\/\/www.onetimenexttime.sk\/arduino\/index.php\/produkt\/avoidance-tracking-motor-smart-robot-2wd-car-chassis-kit-speed-encoder-battery-box-ultrasonic-module-for-arduino\/#primaryimage"},"image":{"@id":"https:\/\/www.onetimenexttime.sk\/arduino\/index.php\/produkt\/avoidance-tracking-motor-smart-robot-2wd-car-chassis-kit-speed-encoder-battery-box-ultrasonic-module-for-arduino\/#primaryimage"},"thumbnailUrl":"https:\/\/www.onetimenexttime.sk\/arduino\/wp-content\/uploads\/2021\/11\/1035.jpg","datePublished":"2021-11-15T10:46:08+00:00","dateModified":"2021-11-15T10:55:48+00:00","breadcrumb":{"@id":"https:\/\/www.onetimenexttime.sk\/arduino\/index.php\/produkt\/avoidance-tracking-motor-smart-robot-2wd-car-chassis-kit-speed-encoder-battery-box-ultrasonic-module-for-arduino\/#breadcrumb"},"inLanguage":"sk-SK","potentialAction":[{"@type":"ReadAction","target":["https:\/\/www.onetimenexttime.sk\/arduino\/index.php\/produkt\/avoidance-tracking-motor-smart-robot-2wd-car-chassis-kit-speed-encoder-battery-box-ultrasonic-module-for-arduino\/"]}]},{"@type":"ImageObject","inLanguage":"sk-SK","@id":"https:\/\/www.onetimenexttime.sk\/arduino\/index.php\/produkt\/avoidance-tracking-motor-smart-robot-2wd-car-chassis-kit-speed-encoder-battery-box-ultrasonic-module-for-arduino\/#primaryimage","url":"https:\/\/www.onetimenexttime.sk\/arduino\/wp-content\/uploads\/2021\/11\/1035.jpg","contentUrl":"https:\/\/www.onetimenexttime.sk\/arduino\/wp-content\/uploads\/2021\/11\/1035.jpg","width":507,"height":508},{"@type":"BreadcrumbList","@id":"https:\/\/www.onetimenexttime.sk\/arduino\/index.php\/produkt\/avoidance-tracking-motor-smart-robot-2wd-car-chassis-kit-speed-encoder-battery-box-ultrasonic-module-for-arduino\/#breadcrumb","itemListElement":[{"@type":"ListItem","position":1,"name":"Domov","item":"https:\/\/www.onetimenexttime.sk\/arduino\/"},{"@type":"ListItem","position":2,"name":"Obchod","item":"https:\/\/www.onetimenexttime.sk\/arduino\/"},{"@type":"ListItem","position":3,"name":"Avoidance Tracking Motor Smart Robot 2WD Car Chassis Kit Speed Encoder Battery Box Ultrasonic Module For Arduino"}]},{"@type":"WebSite","@id":"https:\/\/www.onetimenexttime.sk\/arduino\/#website","url":"https:\/\/www.onetimenexttime.sk\/arduino\/","name":"Arduino e-shop","description":"Home Assistant","potentialAction":[{"@type":"SearchAction","target":{"@type":"EntryPoint","urlTemplate":"https:\/\/www.onetimenexttime.sk\/arduino\/?s={search_term_string}"},"query-input":{"@type":"PropertyValueSpecification","valueRequired":true,"valueName":"search_term_string"}}],"inLanguage":"sk-SK"}]}},"_links":{"self":[{"href":"https:\/\/www.onetimenexttime.sk\/arduino\/index.php\/wp-json\/wp\/v2\/product\/1348"}],"collection":[{"href":"https:\/\/www.onetimenexttime.sk\/arduino\/index.php\/wp-json\/wp\/v2\/product"}],"about":[{"href":"https:\/\/www.onetimenexttime.sk\/arduino\/index.php\/wp-json\/wp\/v2\/types\/product"}],"wp:featuredmedia":[{"embeddable":true,"href":"https:\/\/www.onetimenexttime.sk\/arduino\/index.php\/wp-json\/wp\/v2\/media\/1350"}],"wp:attachment":[{"href":"https:\/\/www.onetimenexttime.sk\/arduino\/index.php\/wp-json\/wp\/v2\/media?parent=1348"}],"wp:term":[{"taxonomy":"product_cat","embeddable":true,"href":"https:\/\/www.onetimenexttime.sk\/arduino\/index.php\/wp-json\/wp\/v2\/product_cat?post=1348"},{"taxonomy":"product_tag","embeddable":true,"href":"https:\/\/www.onetimenexttime.sk\/arduino\/index.php\/wp-json\/wp\/v2\/product_tag?post=1348"}],"curies":[{"name":"wp","href":"https:\/\/api.w.org\/{rel}","templated":true}]}}