{"id":1341,"date":"2021-11-15T11:12:54","date_gmt":"2021-11-15T10:12:54","guid":{"rendered":"https:\/\/www.onetimenexttime.sk\/arduino\/?post_type=product&#038;p=1341"},"modified":"2021-11-15T11:15:04","modified_gmt":"2021-11-15T10:15:04","slug":"dc-1-5-6v-194-mini-electric-reduction-box-dc-gear-motor-biaxial-output-for-diy-robot-car-engine-toys-parts-dc1-5-6v","status":"publish","type":"product","link":"https:\/\/www.onetimenexttime.sk\/arduino\/index.php\/produkt\/dc-1-5-6v-194-mini-electric-reduction-box-dc-gear-motor-biaxial-output-for-diy-robot-car-engine-toys-parts-dc1-5-6v\/","title":{"rendered":"DC 1.5-6V 1:94 Mini Electric Reduction Box DC Gear Motor Biaxial Output for DIY Robot Car Engine Toys Parts DC1.5-6V"},"content":{"rendered":"<h2>Jednosmern\u00fd pr\u00fad 1,5-6V 1:94 mini elektrick\u00e1 reduk\u010dn\u00e1 skri\u0148a jednosmern\u00fd prevodov\u00fd motor, biaxi\u00e1lny v\u00fdstup pre dom\u00e1cich majstrov, robotick\u00e9 auto, motor, hra\u010dky, diely DC1,5-6V<\/h2>\n<p>&nbsp;<\/p>\n<p>Materi\u00e1l: Plastov\u00e1 n\u00e1dr\u017e<br \/>\nFarba: Pozri obr\u00e1zky<br \/>\nJedn\u00e1 sa o \u0161iroko pou\u017e\u00edvan\u00fd prevodov\u00fd motor, rozsiahle a praktick\u00e9 vyu\u017eitie !!! By\u0165 ve\u013ea pou\u017e\u00edvan\u00fd v DIY RC Car Robot lodi at\u010f.<br \/>\nPoskytujem iba profesion\u00e1lne modelov\u00e9 pr\u00edslu\u0161enstvo, potrebujem viac, nav\u0161t\u00edvte m\u00f4j obchod!<br \/>\nPo\u010d\u00edtadlo: 1 * V\u00fdstupn\u00e1 dvojosov\u00e1 prevodovka motora<br \/>\nModel: 130DC<br \/>\nVe\u013ekos\u0165 motora: 65 * 26 * 26 mm<br \/>\nV\u00fdstupn\u00fd hriade\u013e: \u0161es\u0165hran, priemer 3 mm, d\u013a\u017eka 80 mm<br \/>\nNap\u00e4tie: DC1,5-6V<br \/>\nKr\u00fatiaci moment: 1,5 kg.cm<br \/>\nOt\u00e1\u010dky: 85-120 ot.\/min<br \/>\nPomer zmen\u0161enia: 1:94<br \/>\nMno\u017estvo: 1ks<\/p>\n","protected":false},"excerpt":{"rendered":"<p>Jednosmern\u00fd pr\u00fad 1,5-6V 1:94 mini elektrick\u00e1 reduk\u010dn\u00e1 skri\u0148a jednosmern\u00fd prevodov\u00fd motor, biaxi\u00e1lny v\u00fdstup pre dom\u00e1cich majstrov, robotick\u00e9 auto, motor, hra\u010dky,&hellip;<\/p>\n","protected":false},"featured_media":1342,"template":"","meta":{"_monsterinsights_skip_tracking":false,"_monsterinsights_sitenote_active":false,"_monsterinsights_sitenote_note":"","_monsterinsights_sitenote_category":0},"product_cat":[17,52],"product_tag":[],"class_list":{"0":"post-1341","1":"product","2":"type-product","3":"status-publish","4":"has-post-thumbnail","6":"product_cat-modul","7":"product_cat-motor-modul","9":"first","10":"instock","11":"shipping-taxable","12":"purchasable","13":"product-type-simple"},"yoast_head":"<!-- This site is optimized with the Yoast SEO plugin v23.6 - https:\/\/yoast.com\/wordpress\/plugins\/seo\/ -->\n<title>DC 1.5-6V 1:94 Mini Electric Reduction Box DC Gear Motor Biaxial Output for DIY Robot Car Engine Toys Parts DC1.5-6V - Arduino e-shop<\/title>\n<meta name=\"robots\" content=\"index, follow, max-snippet:-1, max-image-preview:large, max-video-preview:-1\" \/>\n<link rel=\"canonical\" href=\"https:\/\/www.onetimenexttime.sk\/arduino\/index.php\/produkt\/dc-1-5-6v-194-mini-electric-reduction-box-dc-gear-motor-biaxial-output-for-diy-robot-car-engine-toys-parts-dc1-5-6v\/\" \/>\n<meta property=\"og:locale\" content=\"sk_SK\" \/>\n<meta property=\"og:type\" content=\"article\" \/>\n<meta property=\"og:title\" content=\"DC 1.5-6V 1:94 Mini Electric Reduction Box DC Gear Motor Biaxial Output for DIY Robot Car Engine Toys Parts DC1.5-6V - Arduino e-shop\" \/>\n<meta property=\"og:description\" content=\"Jednosmern\u00fd pr\u00fad 1,5-6V 1:94 mini elektrick\u00e1 reduk\u010dn\u00e1 skri\u0148a jednosmern\u00fd prevodov\u00fd motor, biaxi\u00e1lny v\u00fdstup pre dom\u00e1cich majstrov, robotick\u00e9 auto, motor, hra\u010dky,&hellip;\" \/>\n<meta property=\"og:url\" content=\"https:\/\/www.onetimenexttime.sk\/arduino\/index.php\/produkt\/dc-1-5-6v-194-mini-electric-reduction-box-dc-gear-motor-biaxial-output-for-diy-robot-car-engine-toys-parts-dc1-5-6v\/\" \/>\n<meta property=\"og:site_name\" content=\"Arduino e-shop\" \/>\n<meta property=\"article:modified_time\" content=\"2021-11-15T10:15:04+00:00\" \/>\n<meta property=\"og:image\" content=\"https:\/\/www.onetimenexttime.sk\/arduino\/wp-content\/uploads\/2021\/11\/1033.jpg\" \/>\n\t<meta property=\"og:image:width\" content=\"507\" \/>\n\t<meta property=\"og:image:height\" content=\"508\" \/>\n\t<meta property=\"og:image:type\" content=\"image\/jpeg\" \/>\n<meta name=\"twitter:card\" content=\"summary_large_image\" \/>\n<meta name=\"twitter:label1\" content=\"Predpokladan\u00fd \u010das \u010d\u00edtania\" \/>\n\t<meta name=\"twitter:data1\" content=\"1 min\u00fata\" \/>\n<script type=\"application\/ld+json\" class=\"yoast-schema-graph\">{\"@context\":\"https:\/\/schema.org\",\"@graph\":[{\"@type\":\"WebPage\",\"@id\":\"https:\/\/www.onetimenexttime.sk\/arduino\/index.php\/produkt\/dc-1-5-6v-194-mini-electric-reduction-box-dc-gear-motor-biaxial-output-for-diy-robot-car-engine-toys-parts-dc1-5-6v\/\",\"url\":\"https:\/\/www.onetimenexttime.sk\/arduino\/index.php\/produkt\/dc-1-5-6v-194-mini-electric-reduction-box-dc-gear-motor-biaxial-output-for-diy-robot-car-engine-toys-parts-dc1-5-6v\/\",\"name\":\"DC 1.5-6V 1:94 Mini Electric Reduction Box DC Gear Motor Biaxial Output for DIY Robot Car Engine Toys Parts DC1.5-6V - Arduino e-shop\",\"isPartOf\":{\"@id\":\"https:\/\/www.onetimenexttime.sk\/arduino\/#website\"},\"primaryImageOfPage\":{\"@id\":\"https:\/\/www.onetimenexttime.sk\/arduino\/index.php\/produkt\/dc-1-5-6v-194-mini-electric-reduction-box-dc-gear-motor-biaxial-output-for-diy-robot-car-engine-toys-parts-dc1-5-6v\/#primaryimage\"},\"image\":{\"@id\":\"https:\/\/www.onetimenexttime.sk\/arduino\/index.php\/produkt\/dc-1-5-6v-194-mini-electric-reduction-box-dc-gear-motor-biaxial-output-for-diy-robot-car-engine-toys-parts-dc1-5-6v\/#primaryimage\"},\"thumbnailUrl\":\"https:\/\/www.onetimenexttime.sk\/arduino\/wp-content\/uploads\/2021\/11\/1033.jpg\",\"datePublished\":\"2021-11-15T10:12:54+00:00\",\"dateModified\":\"2021-11-15T10:15:04+00:00\",\"breadcrumb\":{\"@id\":\"https:\/\/www.onetimenexttime.sk\/arduino\/index.php\/produkt\/dc-1-5-6v-194-mini-electric-reduction-box-dc-gear-motor-biaxial-output-for-diy-robot-car-engine-toys-parts-dc1-5-6v\/#breadcrumb\"},\"inLanguage\":\"sk-SK\",\"potentialAction\":[{\"@type\":\"ReadAction\",\"target\":[\"https:\/\/www.onetimenexttime.sk\/arduino\/index.php\/produkt\/dc-1-5-6v-194-mini-electric-reduction-box-dc-gear-motor-biaxial-output-for-diy-robot-car-engine-toys-parts-dc1-5-6v\/\"]}]},{\"@type\":\"ImageObject\",\"inLanguage\":\"sk-SK\",\"@id\":\"https:\/\/www.onetimenexttime.sk\/arduino\/index.php\/produkt\/dc-1-5-6v-194-mini-electric-reduction-box-dc-gear-motor-biaxial-output-for-diy-robot-car-engine-toys-parts-dc1-5-6v\/#primaryimage\",\"url\":\"https:\/\/www.onetimenexttime.sk\/arduino\/wp-content\/uploads\/2021\/11\/1033.jpg\",\"contentUrl\":\"https:\/\/www.onetimenexttime.sk\/arduino\/wp-content\/uploads\/2021\/11\/1033.jpg\",\"width\":507,\"height\":508},{\"@type\":\"BreadcrumbList\",\"@id\":\"https:\/\/www.onetimenexttime.sk\/arduino\/index.php\/produkt\/dc-1-5-6v-194-mini-electric-reduction-box-dc-gear-motor-biaxial-output-for-diy-robot-car-engine-toys-parts-dc1-5-6v\/#breadcrumb\",\"itemListElement\":[{\"@type\":\"ListItem\",\"position\":1,\"name\":\"Domov\",\"item\":\"https:\/\/www.onetimenexttime.sk\/arduino\/\"},{\"@type\":\"ListItem\",\"position\":2,\"name\":\"Obchod\",\"item\":\"https:\/\/www.onetimenexttime.sk\/arduino\/\"},{\"@type\":\"ListItem\",\"position\":3,\"name\":\"DC 1.5-6V 1:94 Mini Electric Reduction Box DC Gear Motor Biaxial Output for DIY Robot Car Engine Toys Parts DC1.5-6V\"}]},{\"@type\":\"WebSite\",\"@id\":\"https:\/\/www.onetimenexttime.sk\/arduino\/#website\",\"url\":\"https:\/\/www.onetimenexttime.sk\/arduino\/\",\"name\":\"Arduino e-shop\",\"description\":\"Home Assistant\",\"potentialAction\":[{\"@type\":\"SearchAction\",\"target\":{\"@type\":\"EntryPoint\",\"urlTemplate\":\"https:\/\/www.onetimenexttime.sk\/arduino\/?s={search_term_string}\"},\"query-input\":{\"@type\":\"PropertyValueSpecification\",\"valueRequired\":true,\"valueName\":\"search_term_string\"}}],\"inLanguage\":\"sk-SK\"}]}<\/script>\n<!-- \/ Yoast SEO plugin. -->","yoast_head_json":{"title":"DC 1.5-6V 1:94 Mini Electric Reduction Box DC Gear Motor Biaxial Output for DIY Robot Car Engine Toys Parts DC1.5-6V - Arduino e-shop","robots":{"index":"index","follow":"follow","max-snippet":"max-snippet:-1","max-image-preview":"max-image-preview:large","max-video-preview":"max-video-preview:-1"},"canonical":"https:\/\/www.onetimenexttime.sk\/arduino\/index.php\/produkt\/dc-1-5-6v-194-mini-electric-reduction-box-dc-gear-motor-biaxial-output-for-diy-robot-car-engine-toys-parts-dc1-5-6v\/","og_locale":"sk_SK","og_type":"article","og_title":"DC 1.5-6V 1:94 Mini Electric Reduction Box DC Gear Motor Biaxial Output for DIY Robot Car Engine Toys Parts DC1.5-6V - Arduino e-shop","og_description":"Jednosmern\u00fd pr\u00fad 1,5-6V 1:94 mini elektrick\u00e1 reduk\u010dn\u00e1 skri\u0148a jednosmern\u00fd prevodov\u00fd motor, biaxi\u00e1lny v\u00fdstup pre dom\u00e1cich majstrov, robotick\u00e9 auto, motor, hra\u010dky,&hellip;","og_url":"https:\/\/www.onetimenexttime.sk\/arduino\/index.php\/produkt\/dc-1-5-6v-194-mini-electric-reduction-box-dc-gear-motor-biaxial-output-for-diy-robot-car-engine-toys-parts-dc1-5-6v\/","og_site_name":"Arduino e-shop","article_modified_time":"2021-11-15T10:15:04+00:00","og_image":[{"width":507,"height":508,"url":"https:\/\/www.onetimenexttime.sk\/arduino\/wp-content\/uploads\/2021\/11\/1033.jpg","type":"image\/jpeg"}],"twitter_card":"summary_large_image","twitter_misc":{"Predpokladan\u00fd \u010das \u010d\u00edtania":"1 min\u00fata"},"schema":{"@context":"https:\/\/schema.org","@graph":[{"@type":"WebPage","@id":"https:\/\/www.onetimenexttime.sk\/arduino\/index.php\/produkt\/dc-1-5-6v-194-mini-electric-reduction-box-dc-gear-motor-biaxial-output-for-diy-robot-car-engine-toys-parts-dc1-5-6v\/","url":"https:\/\/www.onetimenexttime.sk\/arduino\/index.php\/produkt\/dc-1-5-6v-194-mini-electric-reduction-box-dc-gear-motor-biaxial-output-for-diy-robot-car-engine-toys-parts-dc1-5-6v\/","name":"DC 1.5-6V 1:94 Mini Electric Reduction Box DC Gear Motor Biaxial Output for DIY Robot Car Engine Toys Parts DC1.5-6V - Arduino e-shop","isPartOf":{"@id":"https:\/\/www.onetimenexttime.sk\/arduino\/#website"},"primaryImageOfPage":{"@id":"https:\/\/www.onetimenexttime.sk\/arduino\/index.php\/produkt\/dc-1-5-6v-194-mini-electric-reduction-box-dc-gear-motor-biaxial-output-for-diy-robot-car-engine-toys-parts-dc1-5-6v\/#primaryimage"},"image":{"@id":"https:\/\/www.onetimenexttime.sk\/arduino\/index.php\/produkt\/dc-1-5-6v-194-mini-electric-reduction-box-dc-gear-motor-biaxial-output-for-diy-robot-car-engine-toys-parts-dc1-5-6v\/#primaryimage"},"thumbnailUrl":"https:\/\/www.onetimenexttime.sk\/arduino\/wp-content\/uploads\/2021\/11\/1033.jpg","datePublished":"2021-11-15T10:12:54+00:00","dateModified":"2021-11-15T10:15:04+00:00","breadcrumb":{"@id":"https:\/\/www.onetimenexttime.sk\/arduino\/index.php\/produkt\/dc-1-5-6v-194-mini-electric-reduction-box-dc-gear-motor-biaxial-output-for-diy-robot-car-engine-toys-parts-dc1-5-6v\/#breadcrumb"},"inLanguage":"sk-SK","potentialAction":[{"@type":"ReadAction","target":["https:\/\/www.onetimenexttime.sk\/arduino\/index.php\/produkt\/dc-1-5-6v-194-mini-electric-reduction-box-dc-gear-motor-biaxial-output-for-diy-robot-car-engine-toys-parts-dc1-5-6v\/"]}]},{"@type":"ImageObject","inLanguage":"sk-SK","@id":"https:\/\/www.onetimenexttime.sk\/arduino\/index.php\/produkt\/dc-1-5-6v-194-mini-electric-reduction-box-dc-gear-motor-biaxial-output-for-diy-robot-car-engine-toys-parts-dc1-5-6v\/#primaryimage","url":"https:\/\/www.onetimenexttime.sk\/arduino\/wp-content\/uploads\/2021\/11\/1033.jpg","contentUrl":"https:\/\/www.onetimenexttime.sk\/arduino\/wp-content\/uploads\/2021\/11\/1033.jpg","width":507,"height":508},{"@type":"BreadcrumbList","@id":"https:\/\/www.onetimenexttime.sk\/arduino\/index.php\/produkt\/dc-1-5-6v-194-mini-electric-reduction-box-dc-gear-motor-biaxial-output-for-diy-robot-car-engine-toys-parts-dc1-5-6v\/#breadcrumb","itemListElement":[{"@type":"ListItem","position":1,"name":"Domov","item":"https:\/\/www.onetimenexttime.sk\/arduino\/"},{"@type":"ListItem","position":2,"name":"Obchod","item":"https:\/\/www.onetimenexttime.sk\/arduino\/"},{"@type":"ListItem","position":3,"name":"DC 1.5-6V 1:94 Mini Electric Reduction Box DC Gear Motor Biaxial Output for DIY Robot Car Engine Toys Parts DC1.5-6V"}]},{"@type":"WebSite","@id":"https:\/\/www.onetimenexttime.sk\/arduino\/#website","url":"https:\/\/www.onetimenexttime.sk\/arduino\/","name":"Arduino e-shop","description":"Home Assistant","potentialAction":[{"@type":"SearchAction","target":{"@type":"EntryPoint","urlTemplate":"https:\/\/www.onetimenexttime.sk\/arduino\/?s={search_term_string}"},"query-input":{"@type":"PropertyValueSpecification","valueRequired":true,"valueName":"search_term_string"}}],"inLanguage":"sk-SK"}]}},"_links":{"self":[{"href":"https:\/\/www.onetimenexttime.sk\/arduino\/index.php\/wp-json\/wp\/v2\/product\/1341"}],"collection":[{"href":"https:\/\/www.onetimenexttime.sk\/arduino\/index.php\/wp-json\/wp\/v2\/product"}],"about":[{"href":"https:\/\/www.onetimenexttime.sk\/arduino\/index.php\/wp-json\/wp\/v2\/types\/product"}],"wp:featuredmedia":[{"embeddable":true,"href":"https:\/\/www.onetimenexttime.sk\/arduino\/index.php\/wp-json\/wp\/v2\/media\/1342"}],"wp:attachment":[{"href":"https:\/\/www.onetimenexttime.sk\/arduino\/index.php\/wp-json\/wp\/v2\/media?parent=1341"}],"wp:term":[{"taxonomy":"product_cat","embeddable":true,"href":"https:\/\/www.onetimenexttime.sk\/arduino\/index.php\/wp-json\/wp\/v2\/product_cat?post=1341"},{"taxonomy":"product_tag","embeddable":true,"href":"https:\/\/www.onetimenexttime.sk\/arduino\/index.php\/wp-json\/wp\/v2\/product_tag?post=1341"}],"curies":[{"name":"wp","href":"https:\/\/api.w.org\/{rel}","templated":true}]}}