{"id":1335,"date":"2021-11-15T11:00:31","date_gmt":"2021-11-15T10:00:31","guid":{"rendered":"https:\/\/www.onetimenexttime.sk\/arduino\/?post_type=product&#038;p=1335"},"modified":"2021-11-15T11:04:45","modified_gmt":"2021-11-15T10:04:45","slug":"5v-l9110-fan-motor-module-fan-propeller-firefighting-robot-design-and-development-control-l9110s-for-arduino-diy","status":"publish","type":"product","link":"https:\/\/www.onetimenexttime.sk\/arduino\/index.php\/produkt\/5v-l9110-fan-motor-module-fan-propeller-firefighting-robot-design-and-development-control-l9110s-for-arduino-diy\/","title":{"rendered":"5V L9110 Fan Motor Module Fan Propeller Firefighting Robot Design and Development Control L9110S For Arduino DIY"},"content":{"rendered":"<h2>5V modul motora ventil\u00e1tora L9110 Vrtu\u013ea ventil\u00e1tora Riadenie n\u00e1vrhu a v\u00fdvoja hasi\u010dsk\u00e9ho robota L9110S pre dom\u00e1cich majstrov Arduino<\/h2>\n<p>\u010c\u00edslo modelu: 5V L9110<br \/>\nAplik\u00e1cia: Po\u010d\u00edta\u010d<br \/>\nNap\u00e1jacie nap\u00e4tie: 5V<br \/>\nStratov\u00fd v\u00fdkon: 5V<\/p>\n","protected":false},"excerpt":{"rendered":"<p>5V modul motora ventil\u00e1tora L9110 Vrtu\u013ea ventil\u00e1tora Riadenie n\u00e1vrhu a v\u00fdvoja hasi\u010dsk\u00e9ho robota L9110S pre dom\u00e1cich majstrov Arduino \u010c\u00edslo modelu:&hellip;<\/p>\n","protected":false},"featured_media":1336,"template":"","meta":{"_monsterinsights_skip_tracking":false,"_monsterinsights_sitenote_active":false,"_monsterinsights_sitenote_note":"","_monsterinsights_sitenote_category":0},"product_cat":[17,52,57],"product_tag":[],"class_list":{"0":"post-1335","1":"product","2":"type-product","3":"status-publish","4":"has-post-thumbnail","6":"product_cat-modul","7":"product_cat-motor-modul","8":"product_cat-shield","10":"first","11":"instock","12":"shipping-taxable","13":"purchasable","14":"product-type-simple"},"yoast_head":"<!-- This site is optimized with the Yoast SEO plugin v23.6 - https:\/\/yoast.com\/wordpress\/plugins\/seo\/ -->\n<title>5V L9110 Fan Motor Module Fan Propeller Firefighting Robot Design and Development Control L9110S For Arduino DIY - Arduino e-shop<\/title>\n<meta name=\"robots\" content=\"index, follow, max-snippet:-1, max-image-preview:large, max-video-preview:-1\" \/>\n<link rel=\"canonical\" href=\"https:\/\/www.onetimenexttime.sk\/arduino\/index.php\/produkt\/5v-l9110-fan-motor-module-fan-propeller-firefighting-robot-design-and-development-control-l9110s-for-arduino-diy\/\" \/>\n<meta property=\"og:locale\" content=\"sk_SK\" \/>\n<meta property=\"og:type\" content=\"article\" \/>\n<meta property=\"og:title\" content=\"5V L9110 Fan Motor Module Fan Propeller Firefighting Robot Design and Development Control L9110S For Arduino DIY - Arduino e-shop\" \/>\n<meta property=\"og:description\" content=\"5V modul motora ventil\u00e1tora L9110 Vrtu\u013ea ventil\u00e1tora Riadenie n\u00e1vrhu a v\u00fdvoja hasi\u010dsk\u00e9ho robota L9110S pre dom\u00e1cich majstrov Arduino \u010c\u00edslo modelu:&hellip;\" \/>\n<meta property=\"og:url\" content=\"https:\/\/www.onetimenexttime.sk\/arduino\/index.php\/produkt\/5v-l9110-fan-motor-module-fan-propeller-firefighting-robot-design-and-development-control-l9110s-for-arduino-diy\/\" \/>\n<meta property=\"og:site_name\" content=\"Arduino e-shop\" \/>\n<meta property=\"article:modified_time\" content=\"2021-11-15T10:04:45+00:00\" \/>\n<meta property=\"og:image\" content=\"https:\/\/www.onetimenexttime.sk\/arduino\/wp-content\/uploads\/2021\/11\/1030.jpg\" \/>\n\t<meta property=\"og:image:width\" content=\"507\" \/>\n\t<meta property=\"og:image:height\" content=\"508\" \/>\n\t<meta property=\"og:image:type\" content=\"image\/jpeg\" \/>\n<meta name=\"twitter:card\" content=\"summary_large_image\" \/>\n<meta name=\"twitter:label1\" content=\"Predpokladan\u00fd \u010das \u010d\u00edtania\" \/>\n\t<meta name=\"twitter:data1\" content=\"1 min\u00fata\" \/>\n<script type=\"application\/ld+json\" class=\"yoast-schema-graph\">{\"@context\":\"https:\/\/schema.org\",\"@graph\":[{\"@type\":\"WebPage\",\"@id\":\"https:\/\/www.onetimenexttime.sk\/arduino\/index.php\/produkt\/5v-l9110-fan-motor-module-fan-propeller-firefighting-robot-design-and-development-control-l9110s-for-arduino-diy\/\",\"url\":\"https:\/\/www.onetimenexttime.sk\/arduino\/index.php\/produkt\/5v-l9110-fan-motor-module-fan-propeller-firefighting-robot-design-and-development-control-l9110s-for-arduino-diy\/\",\"name\":\"5V L9110 Fan Motor Module Fan Propeller Firefighting Robot Design and Development Control L9110S For Arduino DIY - Arduino e-shop\",\"isPartOf\":{\"@id\":\"https:\/\/www.onetimenexttime.sk\/arduino\/#website\"},\"primaryImageOfPage\":{\"@id\":\"https:\/\/www.onetimenexttime.sk\/arduino\/index.php\/produkt\/5v-l9110-fan-motor-module-fan-propeller-firefighting-robot-design-and-development-control-l9110s-for-arduino-diy\/#primaryimage\"},\"image\":{\"@id\":\"https:\/\/www.onetimenexttime.sk\/arduino\/index.php\/produkt\/5v-l9110-fan-motor-module-fan-propeller-firefighting-robot-design-and-development-control-l9110s-for-arduino-diy\/#primaryimage\"},\"thumbnailUrl\":\"https:\/\/www.onetimenexttime.sk\/arduino\/wp-content\/uploads\/2021\/11\/1030.jpg\",\"datePublished\":\"2021-11-15T10:00:31+00:00\",\"dateModified\":\"2021-11-15T10:04:45+00:00\",\"breadcrumb\":{\"@id\":\"https:\/\/www.onetimenexttime.sk\/arduino\/index.php\/produkt\/5v-l9110-fan-motor-module-fan-propeller-firefighting-robot-design-and-development-control-l9110s-for-arduino-diy\/#breadcrumb\"},\"inLanguage\":\"sk-SK\",\"potentialAction\":[{\"@type\":\"ReadAction\",\"target\":[\"https:\/\/www.onetimenexttime.sk\/arduino\/index.php\/produkt\/5v-l9110-fan-motor-module-fan-propeller-firefighting-robot-design-and-development-control-l9110s-for-arduino-diy\/\"]}]},{\"@type\":\"ImageObject\",\"inLanguage\":\"sk-SK\",\"@id\":\"https:\/\/www.onetimenexttime.sk\/arduino\/index.php\/produkt\/5v-l9110-fan-motor-module-fan-propeller-firefighting-robot-design-and-development-control-l9110s-for-arduino-diy\/#primaryimage\",\"url\":\"https:\/\/www.onetimenexttime.sk\/arduino\/wp-content\/uploads\/2021\/11\/1030.jpg\",\"contentUrl\":\"https:\/\/www.onetimenexttime.sk\/arduino\/wp-content\/uploads\/2021\/11\/1030.jpg\",\"width\":507,\"height\":508},{\"@type\":\"BreadcrumbList\",\"@id\":\"https:\/\/www.onetimenexttime.sk\/arduino\/index.php\/produkt\/5v-l9110-fan-motor-module-fan-propeller-firefighting-robot-design-and-development-control-l9110s-for-arduino-diy\/#breadcrumb\",\"itemListElement\":[{\"@type\":\"ListItem\",\"position\":1,\"name\":\"Domov\",\"item\":\"https:\/\/www.onetimenexttime.sk\/arduino\/\"},{\"@type\":\"ListItem\",\"position\":2,\"name\":\"Obchod\",\"item\":\"https:\/\/www.onetimenexttime.sk\/arduino\/\"},{\"@type\":\"ListItem\",\"position\":3,\"name\":\"5V L9110 Fan Motor Module Fan Propeller Firefighting Robot Design and Development Control L9110S For Arduino DIY\"}]},{\"@type\":\"WebSite\",\"@id\":\"https:\/\/www.onetimenexttime.sk\/arduino\/#website\",\"url\":\"https:\/\/www.onetimenexttime.sk\/arduino\/\",\"name\":\"Arduino e-shop\",\"description\":\"Home Assistant\",\"potentialAction\":[{\"@type\":\"SearchAction\",\"target\":{\"@type\":\"EntryPoint\",\"urlTemplate\":\"https:\/\/www.onetimenexttime.sk\/arduino\/?s={search_term_string}\"},\"query-input\":{\"@type\":\"PropertyValueSpecification\",\"valueRequired\":true,\"valueName\":\"search_term_string\"}}],\"inLanguage\":\"sk-SK\"}]}<\/script>\n<!-- \/ Yoast SEO plugin. -->","yoast_head_json":{"title":"5V L9110 Fan Motor Module Fan Propeller Firefighting Robot Design and Development Control L9110S For Arduino DIY - Arduino e-shop","robots":{"index":"index","follow":"follow","max-snippet":"max-snippet:-1","max-image-preview":"max-image-preview:large","max-video-preview":"max-video-preview:-1"},"canonical":"https:\/\/www.onetimenexttime.sk\/arduino\/index.php\/produkt\/5v-l9110-fan-motor-module-fan-propeller-firefighting-robot-design-and-development-control-l9110s-for-arduino-diy\/","og_locale":"sk_SK","og_type":"article","og_title":"5V L9110 Fan Motor Module Fan Propeller Firefighting Robot Design and Development Control L9110S For Arduino DIY - Arduino e-shop","og_description":"5V modul motora ventil\u00e1tora L9110 Vrtu\u013ea ventil\u00e1tora Riadenie n\u00e1vrhu a v\u00fdvoja hasi\u010dsk\u00e9ho robota L9110S pre dom\u00e1cich majstrov Arduino \u010c\u00edslo modelu:&hellip;","og_url":"https:\/\/www.onetimenexttime.sk\/arduino\/index.php\/produkt\/5v-l9110-fan-motor-module-fan-propeller-firefighting-robot-design-and-development-control-l9110s-for-arduino-diy\/","og_site_name":"Arduino e-shop","article_modified_time":"2021-11-15T10:04:45+00:00","og_image":[{"width":507,"height":508,"url":"https:\/\/www.onetimenexttime.sk\/arduino\/wp-content\/uploads\/2021\/11\/1030.jpg","type":"image\/jpeg"}],"twitter_card":"summary_large_image","twitter_misc":{"Predpokladan\u00fd \u010das \u010d\u00edtania":"1 min\u00fata"},"schema":{"@context":"https:\/\/schema.org","@graph":[{"@type":"WebPage","@id":"https:\/\/www.onetimenexttime.sk\/arduino\/index.php\/produkt\/5v-l9110-fan-motor-module-fan-propeller-firefighting-robot-design-and-development-control-l9110s-for-arduino-diy\/","url":"https:\/\/www.onetimenexttime.sk\/arduino\/index.php\/produkt\/5v-l9110-fan-motor-module-fan-propeller-firefighting-robot-design-and-development-control-l9110s-for-arduino-diy\/","name":"5V L9110 Fan Motor Module Fan Propeller Firefighting Robot Design and Development Control L9110S For Arduino DIY - Arduino e-shop","isPartOf":{"@id":"https:\/\/www.onetimenexttime.sk\/arduino\/#website"},"primaryImageOfPage":{"@id":"https:\/\/www.onetimenexttime.sk\/arduino\/index.php\/produkt\/5v-l9110-fan-motor-module-fan-propeller-firefighting-robot-design-and-development-control-l9110s-for-arduino-diy\/#primaryimage"},"image":{"@id":"https:\/\/www.onetimenexttime.sk\/arduino\/index.php\/produkt\/5v-l9110-fan-motor-module-fan-propeller-firefighting-robot-design-and-development-control-l9110s-for-arduino-diy\/#primaryimage"},"thumbnailUrl":"https:\/\/www.onetimenexttime.sk\/arduino\/wp-content\/uploads\/2021\/11\/1030.jpg","datePublished":"2021-11-15T10:00:31+00:00","dateModified":"2021-11-15T10:04:45+00:00","breadcrumb":{"@id":"https:\/\/www.onetimenexttime.sk\/arduino\/index.php\/produkt\/5v-l9110-fan-motor-module-fan-propeller-firefighting-robot-design-and-development-control-l9110s-for-arduino-diy\/#breadcrumb"},"inLanguage":"sk-SK","potentialAction":[{"@type":"ReadAction","target":["https:\/\/www.onetimenexttime.sk\/arduino\/index.php\/produkt\/5v-l9110-fan-motor-module-fan-propeller-firefighting-robot-design-and-development-control-l9110s-for-arduino-diy\/"]}]},{"@type":"ImageObject","inLanguage":"sk-SK","@id":"https:\/\/www.onetimenexttime.sk\/arduino\/index.php\/produkt\/5v-l9110-fan-motor-module-fan-propeller-firefighting-robot-design-and-development-control-l9110s-for-arduino-diy\/#primaryimage","url":"https:\/\/www.onetimenexttime.sk\/arduino\/wp-content\/uploads\/2021\/11\/1030.jpg","contentUrl":"https:\/\/www.onetimenexttime.sk\/arduino\/wp-content\/uploads\/2021\/11\/1030.jpg","width":507,"height":508},{"@type":"BreadcrumbList","@id":"https:\/\/www.onetimenexttime.sk\/arduino\/index.php\/produkt\/5v-l9110-fan-motor-module-fan-propeller-firefighting-robot-design-and-development-control-l9110s-for-arduino-diy\/#breadcrumb","itemListElement":[{"@type":"ListItem","position":1,"name":"Domov","item":"https:\/\/www.onetimenexttime.sk\/arduino\/"},{"@type":"ListItem","position":2,"name":"Obchod","item":"https:\/\/www.onetimenexttime.sk\/arduino\/"},{"@type":"ListItem","position":3,"name":"5V L9110 Fan Motor Module Fan Propeller Firefighting Robot Design and Development Control L9110S For Arduino DIY"}]},{"@type":"WebSite","@id":"https:\/\/www.onetimenexttime.sk\/arduino\/#website","url":"https:\/\/www.onetimenexttime.sk\/arduino\/","name":"Arduino e-shop","description":"Home Assistant","potentialAction":[{"@type":"SearchAction","target":{"@type":"EntryPoint","urlTemplate":"https:\/\/www.onetimenexttime.sk\/arduino\/?s={search_term_string}"},"query-input":{"@type":"PropertyValueSpecification","valueRequired":true,"valueName":"search_term_string"}}],"inLanguage":"sk-SK"}]}},"_links":{"self":[{"href":"https:\/\/www.onetimenexttime.sk\/arduino\/index.php\/wp-json\/wp\/v2\/product\/1335"}],"collection":[{"href":"https:\/\/www.onetimenexttime.sk\/arduino\/index.php\/wp-json\/wp\/v2\/product"}],"about":[{"href":"https:\/\/www.onetimenexttime.sk\/arduino\/index.php\/wp-json\/wp\/v2\/types\/product"}],"wp:featuredmedia":[{"embeddable":true,"href":"https:\/\/www.onetimenexttime.sk\/arduino\/index.php\/wp-json\/wp\/v2\/media\/1336"}],"wp:attachment":[{"href":"https:\/\/www.onetimenexttime.sk\/arduino\/index.php\/wp-json\/wp\/v2\/media?parent=1335"}],"wp:term":[{"taxonomy":"product_cat","embeddable":true,"href":"https:\/\/www.onetimenexttime.sk\/arduino\/index.php\/wp-json\/wp\/v2\/product_cat?post=1335"},{"taxonomy":"product_tag","embeddable":true,"href":"https:\/\/www.onetimenexttime.sk\/arduino\/index.php\/wp-json\/wp\/v2\/product_tag?post=1335"}],"curies":[{"name":"wp","href":"https:\/\/api.w.org\/{rel}","templated":true}]}}