{"id":1329,"date":"2021-11-15T10:35:17","date_gmt":"2021-11-15T09:35:17","guid":{"rendered":"https:\/\/www.onetimenexttime.sk\/arduino\/?post_type=product&#038;p=1329"},"modified":"2021-11-15T10:47:52","modified_gmt":"2021-11-15T09:47:52","slug":"dc-6v-micro-electric-mini-reduction-metal-gear-motor-30rpm","status":"publish","type":"product","link":"https:\/\/www.onetimenexttime.sk\/arduino\/index.php\/produkt\/dc-6v-micro-electric-mini-reduction-metal-gear-motor-30rpm\/","title":{"rendered":"DC 6V Micro Electric Mini Reduction Metal Gear Motor 30RPM"},"content":{"rendered":"<h1 id=\"title\" class=\"no-edges margin-05-0 no-margin-top regular blue\">DC 6V mikroelektrick\u00fd minireduk\u010dn\u00fd motor s kovovou prevodovkou 30 ot.\/min.<\/h1>\n<table border=\"0\" frame=\"VOID\" rules=\"NONE\" cellspacing=\"0\">\n<colgroup>\n<col width=\"192\" \/>\n<col width=\"86\" \/>\n<col width=\"86\" \/>\n<col width=\"86\" \/>\n<col width=\"86\" \/>\n<col width=\"86\" \/>\n<col width=\"86\" \/>\n<col width=\"86\" \/><\/colgroup>\n<tbody>\n<tr>\n<td align=\"JUSTIFY\" width=\"192\" height=\"85\"><\/td>\n<td align=\"JUSTIFY\" width=\"86\">\n<p>Nap\u00e4tie<br \/>\n(V)<\/td>\n<td align=\"JUSTIFY\" width=\"86\">\n<p>Na\u010d\u00edtava<br \/>\nR\u00fdchlos\u0165<br \/>\n(ot.\/min)<\/td>\n<td align=\"JUSTIFY\" width=\"86\">\nKr\u00fatiaci moment<br \/>\n(N\u00b7cm)<\/td>\n<td align=\"JUSTIFY\" width=\"86\">Navrhovan\u00fd Kr\u00fatiaci moment<br \/>\n(N\u00b7cm)<\/td>\n<td align=\"JUSTIFY\" width=\"86\">Navrhovan\u00e9 za\u0165a\u017eenie<br \/>\n(mA)<\/td>\n<td align=\"JUSTIFY\" width=\"86\">Rozmer<br \/>\n(okrem hriade\u013ea)<\/td>\n<td align=\"JUSTIFY\" width=\"86\">hriade\u013e<\/td>\n<\/tr>\n<tr>\n<td align=\"JUSTIFY\" height=\"17\"><\/td>\n<td align=\"JUSTIFY\"><\/td>\n<td align=\"JUSTIFY\"><\/td>\n<td align=\"JUSTIFY\"><\/td>\n<td align=\"JUSTIFY\"><\/td>\n<td align=\"JUSTIFY\"><\/td>\n<td align=\"JUSTIFY\"><\/td>\n<td align=\"JUSTIFY\"><\/td>\n<\/tr>\n<tr>\n<td align=\"JUSTIFY\" height=\"19\">12GA-N20-6-30<\/td>\n<td align=\"JUSTIFY\">dc 6V<\/td>\n<td align=\"JUSTIFY\">30<\/td>\n<td align=\"JUSTIFY\">22<\/td>\n<td align=\"JUSTIFY\">12<\/td>\n<td align=\"JUSTIFY\">120<\/td>\n<td align=\"JUSTIFY\">12x10x30<\/td>\n<td align=\"JUSTIFY\">3&#215;10<\/td>\n<\/tr>\n<\/tbody>\n<\/table>\n<p>&nbsp;<\/p>\n<p>&nbsp;<\/p>\n<ul class=\"product-specs-list util-clearfix\">\n<li class=\"product-prop line-limit-length\" data-spm-anchor-id=\"a2g0o.detail.0.i12.4dec7587bN8Rox\"><span class=\"property-title\">Output Power:\u00a0<\/span><span class=\"property-desc line-limit-length\" title=\"0.5W\">0.5W<\/span><\/li>\n<li class=\"product-prop line-limit-length\" data-spm-anchor-id=\"a2g0o.detail.0.i14.4dec7587bN8Rox\"><span class=\"property-title\">Type:\u00a0<\/span><span class=\"property-desc line-limit-length\" title=\"Gear Motor\">Gear Motor<\/span><\/li>\n<li data-spm-anchor-id=\"a2g0o.detail.0.i12.4dec7587bN8Rox\"><span class=\"property-title\" data-spm-anchor-id=\"a2g0o.detail.0.i11.4dec7587bN8Rox\">Model Number:\u00a0<\/span><span class=\"property-desc line-limit-length\" title=\"12GA-N20\">12GA-N20<\/span><\/li>\n<li class=\"product-prop line-limit-length\" data-spm-anchor-id=\"a2g0o.detail.0.i15.4dec7587bN8Rox\"><span class=\"property-title\">Construction:\u00a0<\/span><span class=\"property-desc line-limit-length\" title=\"Permanent Magnet\">Permanent Magnet<\/span><\/li>\n<li data-spm-anchor-id=\"a2g0o.detail.0.i12.4dec7587bN8Rox\"><\/li>\n<\/ul>\n","protected":false},"excerpt":{"rendered":"<p>DC 6V mikroelektrick\u00fd minireduk\u010dn\u00fd motor s kovovou prevodovkou 30 ot.\/min. Nap\u00e4tie (V) Na\u010d\u00edtava R\u00fdchlos\u0165 (ot.\/min) Kr\u00fatiaci moment (N\u00b7cm) Navrhovan\u00fd Kr\u00fatiaci&hellip;<\/p>\n","protected":false},"featured_media":1330,"template":"","meta":{"_monsterinsights_skip_tracking":false,"_monsterinsights_sitenote_active":false,"_monsterinsights_sitenote_note":"","_monsterinsights_sitenote_category":0},"product_cat":[17,46,52],"product_tag":[],"class_list":{"0":"post-1329","1":"product","2":"type-product","3":"status-publish","4":"has-post-thumbnail","6":"product_cat-modul","7":"product_cat-motor","8":"product_cat-motor-modul","10":"first","11":"instock","12":"shipping-taxable","13":"purchasable","14":"product-type-simple"},"yoast_head":"<!-- This site is optimized with the Yoast SEO plugin v23.6 - https:\/\/yoast.com\/wordpress\/plugins\/seo\/ -->\n<title>DC 6V Micro Electric Mini Reduction Metal Gear Motor 30RPM - Arduino e-shop<\/title>\n<meta name=\"robots\" content=\"index, follow, max-snippet:-1, max-image-preview:large, max-video-preview:-1\" \/>\n<link rel=\"canonical\" href=\"https:\/\/www.onetimenexttime.sk\/arduino\/index.php\/produkt\/dc-6v-micro-electric-mini-reduction-metal-gear-motor-30rpm\/\" \/>\n<meta property=\"og:locale\" content=\"sk_SK\" \/>\n<meta property=\"og:type\" content=\"article\" \/>\n<meta property=\"og:title\" content=\"DC 6V Micro Electric Mini Reduction Metal Gear Motor 30RPM - Arduino e-shop\" \/>\n<meta property=\"og:description\" content=\"DC 6V mikroelektrick\u00fd minireduk\u010dn\u00fd motor s kovovou prevodovkou 30 ot.\/min. Nap\u00e4tie (V) Na\u010d\u00edtava R\u00fdchlos\u0165 (ot.\/min) Kr\u00fatiaci moment (N\u00b7cm) Navrhovan\u00fd Kr\u00fatiaci&hellip;\" \/>\n<meta property=\"og:url\" content=\"https:\/\/www.onetimenexttime.sk\/arduino\/index.php\/produkt\/dc-6v-micro-electric-mini-reduction-metal-gear-motor-30rpm\/\" \/>\n<meta property=\"og:site_name\" content=\"Arduino e-shop\" \/>\n<meta property=\"article:modified_time\" content=\"2021-11-15T09:47:52+00:00\" \/>\n<meta property=\"og:image\" content=\"https:\/\/www.onetimenexttime.sk\/arduino\/wp-content\/uploads\/2021\/11\/1027.jpg\" \/>\n\t<meta property=\"og:image:width\" content=\"352\" \/>\n\t<meta property=\"og:image:height\" content=\"355\" \/>\n\t<meta property=\"og:image:type\" content=\"image\/jpeg\" \/>\n<meta name=\"twitter:card\" content=\"summary_large_image\" \/>\n<meta name=\"twitter:label1\" content=\"Predpokladan\u00fd \u010das \u010d\u00edtania\" \/>\n\t<meta name=\"twitter:data1\" content=\"1 min\u00fata\" \/>\n<script type=\"application\/ld+json\" class=\"yoast-schema-graph\">{\"@context\":\"https:\/\/schema.org\",\"@graph\":[{\"@type\":\"WebPage\",\"@id\":\"https:\/\/www.onetimenexttime.sk\/arduino\/index.php\/produkt\/dc-6v-micro-electric-mini-reduction-metal-gear-motor-30rpm\/\",\"url\":\"https:\/\/www.onetimenexttime.sk\/arduino\/index.php\/produkt\/dc-6v-micro-electric-mini-reduction-metal-gear-motor-30rpm\/\",\"name\":\"DC 6V Micro Electric Mini Reduction Metal Gear Motor 30RPM - Arduino e-shop\",\"isPartOf\":{\"@id\":\"https:\/\/www.onetimenexttime.sk\/arduino\/#website\"},\"primaryImageOfPage\":{\"@id\":\"https:\/\/www.onetimenexttime.sk\/arduino\/index.php\/produkt\/dc-6v-micro-electric-mini-reduction-metal-gear-motor-30rpm\/#primaryimage\"},\"image\":{\"@id\":\"https:\/\/www.onetimenexttime.sk\/arduino\/index.php\/produkt\/dc-6v-micro-electric-mini-reduction-metal-gear-motor-30rpm\/#primaryimage\"},\"thumbnailUrl\":\"https:\/\/www.onetimenexttime.sk\/arduino\/wp-content\/uploads\/2021\/11\/1027.jpg\",\"datePublished\":\"2021-11-15T09:35:17+00:00\",\"dateModified\":\"2021-11-15T09:47:52+00:00\",\"breadcrumb\":{\"@id\":\"https:\/\/www.onetimenexttime.sk\/arduino\/index.php\/produkt\/dc-6v-micro-electric-mini-reduction-metal-gear-motor-30rpm\/#breadcrumb\"},\"inLanguage\":\"sk-SK\",\"potentialAction\":[{\"@type\":\"ReadAction\",\"target\":[\"https:\/\/www.onetimenexttime.sk\/arduino\/index.php\/produkt\/dc-6v-micro-electric-mini-reduction-metal-gear-motor-30rpm\/\"]}]},{\"@type\":\"ImageObject\",\"inLanguage\":\"sk-SK\",\"@id\":\"https:\/\/www.onetimenexttime.sk\/arduino\/index.php\/produkt\/dc-6v-micro-electric-mini-reduction-metal-gear-motor-30rpm\/#primaryimage\",\"url\":\"https:\/\/www.onetimenexttime.sk\/arduino\/wp-content\/uploads\/2021\/11\/1027.jpg\",\"contentUrl\":\"https:\/\/www.onetimenexttime.sk\/arduino\/wp-content\/uploads\/2021\/11\/1027.jpg\",\"width\":352,\"height\":355},{\"@type\":\"BreadcrumbList\",\"@id\":\"https:\/\/www.onetimenexttime.sk\/arduino\/index.php\/produkt\/dc-6v-micro-electric-mini-reduction-metal-gear-motor-30rpm\/#breadcrumb\",\"itemListElement\":[{\"@type\":\"ListItem\",\"position\":1,\"name\":\"Domov\",\"item\":\"https:\/\/www.onetimenexttime.sk\/arduino\/\"},{\"@type\":\"ListItem\",\"position\":2,\"name\":\"Obchod\",\"item\":\"https:\/\/www.onetimenexttime.sk\/arduino\/\"},{\"@type\":\"ListItem\",\"position\":3,\"name\":\"DC 6V Micro Electric Mini Reduction Metal Gear Motor 30RPM\"}]},{\"@type\":\"WebSite\",\"@id\":\"https:\/\/www.onetimenexttime.sk\/arduino\/#website\",\"url\":\"https:\/\/www.onetimenexttime.sk\/arduino\/\",\"name\":\"Arduino e-shop\",\"description\":\"Home Assistant\",\"potentialAction\":[{\"@type\":\"SearchAction\",\"target\":{\"@type\":\"EntryPoint\",\"urlTemplate\":\"https:\/\/www.onetimenexttime.sk\/arduino\/?s={search_term_string}\"},\"query-input\":{\"@type\":\"PropertyValueSpecification\",\"valueRequired\":true,\"valueName\":\"search_term_string\"}}],\"inLanguage\":\"sk-SK\"}]}<\/script>\n<!-- \/ Yoast SEO plugin. -->","yoast_head_json":{"title":"DC 6V Micro Electric Mini Reduction Metal Gear Motor 30RPM - Arduino e-shop","robots":{"index":"index","follow":"follow","max-snippet":"max-snippet:-1","max-image-preview":"max-image-preview:large","max-video-preview":"max-video-preview:-1"},"canonical":"https:\/\/www.onetimenexttime.sk\/arduino\/index.php\/produkt\/dc-6v-micro-electric-mini-reduction-metal-gear-motor-30rpm\/","og_locale":"sk_SK","og_type":"article","og_title":"DC 6V Micro Electric Mini Reduction Metal Gear Motor 30RPM - Arduino e-shop","og_description":"DC 6V mikroelektrick\u00fd minireduk\u010dn\u00fd motor s kovovou prevodovkou 30 ot.\/min. Nap\u00e4tie (V) Na\u010d\u00edtava R\u00fdchlos\u0165 (ot.\/min) Kr\u00fatiaci moment (N\u00b7cm) Navrhovan\u00fd Kr\u00fatiaci&hellip;","og_url":"https:\/\/www.onetimenexttime.sk\/arduino\/index.php\/produkt\/dc-6v-micro-electric-mini-reduction-metal-gear-motor-30rpm\/","og_site_name":"Arduino e-shop","article_modified_time":"2021-11-15T09:47:52+00:00","og_image":[{"width":352,"height":355,"url":"https:\/\/www.onetimenexttime.sk\/arduino\/wp-content\/uploads\/2021\/11\/1027.jpg","type":"image\/jpeg"}],"twitter_card":"summary_large_image","twitter_misc":{"Predpokladan\u00fd \u010das \u010d\u00edtania":"1 min\u00fata"},"schema":{"@context":"https:\/\/schema.org","@graph":[{"@type":"WebPage","@id":"https:\/\/www.onetimenexttime.sk\/arduino\/index.php\/produkt\/dc-6v-micro-electric-mini-reduction-metal-gear-motor-30rpm\/","url":"https:\/\/www.onetimenexttime.sk\/arduino\/index.php\/produkt\/dc-6v-micro-electric-mini-reduction-metal-gear-motor-30rpm\/","name":"DC 6V Micro Electric Mini Reduction Metal Gear Motor 30RPM - Arduino e-shop","isPartOf":{"@id":"https:\/\/www.onetimenexttime.sk\/arduino\/#website"},"primaryImageOfPage":{"@id":"https:\/\/www.onetimenexttime.sk\/arduino\/index.php\/produkt\/dc-6v-micro-electric-mini-reduction-metal-gear-motor-30rpm\/#primaryimage"},"image":{"@id":"https:\/\/www.onetimenexttime.sk\/arduino\/index.php\/produkt\/dc-6v-micro-electric-mini-reduction-metal-gear-motor-30rpm\/#primaryimage"},"thumbnailUrl":"https:\/\/www.onetimenexttime.sk\/arduino\/wp-content\/uploads\/2021\/11\/1027.jpg","datePublished":"2021-11-15T09:35:17+00:00","dateModified":"2021-11-15T09:47:52+00:00","breadcrumb":{"@id":"https:\/\/www.onetimenexttime.sk\/arduino\/index.php\/produkt\/dc-6v-micro-electric-mini-reduction-metal-gear-motor-30rpm\/#breadcrumb"},"inLanguage":"sk-SK","potentialAction":[{"@type":"ReadAction","target":["https:\/\/www.onetimenexttime.sk\/arduino\/index.php\/produkt\/dc-6v-micro-electric-mini-reduction-metal-gear-motor-30rpm\/"]}]},{"@type":"ImageObject","inLanguage":"sk-SK","@id":"https:\/\/www.onetimenexttime.sk\/arduino\/index.php\/produkt\/dc-6v-micro-electric-mini-reduction-metal-gear-motor-30rpm\/#primaryimage","url":"https:\/\/www.onetimenexttime.sk\/arduino\/wp-content\/uploads\/2021\/11\/1027.jpg","contentUrl":"https:\/\/www.onetimenexttime.sk\/arduino\/wp-content\/uploads\/2021\/11\/1027.jpg","width":352,"height":355},{"@type":"BreadcrumbList","@id":"https:\/\/www.onetimenexttime.sk\/arduino\/index.php\/produkt\/dc-6v-micro-electric-mini-reduction-metal-gear-motor-30rpm\/#breadcrumb","itemListElement":[{"@type":"ListItem","position":1,"name":"Domov","item":"https:\/\/www.onetimenexttime.sk\/arduino\/"},{"@type":"ListItem","position":2,"name":"Obchod","item":"https:\/\/www.onetimenexttime.sk\/arduino\/"},{"@type":"ListItem","position":3,"name":"DC 6V Micro Electric Mini Reduction Metal Gear Motor 30RPM"}]},{"@type":"WebSite","@id":"https:\/\/www.onetimenexttime.sk\/arduino\/#website","url":"https:\/\/www.onetimenexttime.sk\/arduino\/","name":"Arduino e-shop","description":"Home Assistant","potentialAction":[{"@type":"SearchAction","target":{"@type":"EntryPoint","urlTemplate":"https:\/\/www.onetimenexttime.sk\/arduino\/?s={search_term_string}"},"query-input":{"@type":"PropertyValueSpecification","valueRequired":true,"valueName":"search_term_string"}}],"inLanguage":"sk-SK"}]}},"_links":{"self":[{"href":"https:\/\/www.onetimenexttime.sk\/arduino\/index.php\/wp-json\/wp\/v2\/product\/1329"}],"collection":[{"href":"https:\/\/www.onetimenexttime.sk\/arduino\/index.php\/wp-json\/wp\/v2\/product"}],"about":[{"href":"https:\/\/www.onetimenexttime.sk\/arduino\/index.php\/wp-json\/wp\/v2\/types\/product"}],"wp:featuredmedia":[{"embeddable":true,"href":"https:\/\/www.onetimenexttime.sk\/arduino\/index.php\/wp-json\/wp\/v2\/media\/1330"}],"wp:attachment":[{"href":"https:\/\/www.onetimenexttime.sk\/arduino\/index.php\/wp-json\/wp\/v2\/media?parent=1329"}],"wp:term":[{"taxonomy":"product_cat","embeddable":true,"href":"https:\/\/www.onetimenexttime.sk\/arduino\/index.php\/wp-json\/wp\/v2\/product_cat?post=1329"},{"taxonomy":"product_tag","embeddable":true,"href":"https:\/\/www.onetimenexttime.sk\/arduino\/index.php\/wp-json\/wp\/v2\/product_tag?post=1329"}],"curies":[{"name":"wp","href":"https:\/\/api.w.org\/{rel}","templated":true}]}}