{"id":1316,"date":"2021-11-15T10:02:04","date_gmt":"2021-11-15T09:02:04","guid":{"rendered":"https:\/\/www.onetimenexttime.sk\/arduino\/?post_type=product&#038;p=1316"},"modified":"2021-11-15T10:04:06","modified_gmt":"2021-11-15T09:04:06","slug":"mg90s-servo-motor","status":"publish","type":"product","link":"https:\/\/www.onetimenexttime.sk\/arduino\/index.php\/produkt\/mg90s-servo-motor\/","title":{"rendered":"MG90S servo motor"},"content":{"rendered":"<h1 class=\"product_title entry-title\">Servo motor\u010dek MG90S<\/h1>\n<p>&nbsp;<\/p>\n<p>Servo motor\u010dek MG90 je oproti jednoduh\u0161ej verzii\u00a0SG90\u00a0robustnej\u0161\u00ed a pevnej\u0161\u00ed. Okrem toho s\u00fa v \u0148om zakomponovan\u00e9 kovov\u00e9 ozuben\u00e9 kolieska pre v\u00e4\u010d\u0161iu presnos\u0165 a v\u00fddr\u017e. Je vhodn\u00fdm motor\u010dekom pre r\u00f4zne RC modely alebo aut\u00ed\u010dka na ovl\u00e1danie. Pri programovan\u00ed dosiek napojen\u00fdch na servo motor\u010dek budete pravdepodobne potrebova\u0165 servo kni\u017enicu, mala by sa v\u0161ak nach\u00e1dza\u0165 v z\u00e1kladnom bal\u00edku Arduino IDE.<\/p>\n<p>V ponuke m\u00e1me okrem\u00a0SG90\u00a0zaraden\u00fa aj verziu\u00a0MG996R.<\/p>\n<p><strong>\u0160pecifik\u00e1cie:<\/strong><br \/>\nNap\u00e4tie: 4V ~ 6V<br \/>\nR\u00fdchlos\u0165: 0.1 sec \/ 60 (4.8V); 0.08 sec \/ 60 (6V)<br \/>\nKr\u00fatiaci moment: 1.8 kg (4.8V)<br \/>\nV\u00e1ha: 13,4g<br \/>\nRozmery: 23 mm x 12 mm x 29 mm<\/p>\n<p>Balenie obsahuje okrem samotn\u00e9ho motor\u010deka aj skrutky a plastov\u00e9 s\u00fa\u010diastky<\/p>\n","protected":false},"excerpt":{"rendered":"<p>Servo motor\u010dek MG90S &nbsp; Servo motor\u010dek MG90 je oproti jednoduh\u0161ej verzii\u00a0SG90\u00a0robustnej\u0161\u00ed a pevnej\u0161\u00ed. Okrem toho s\u00fa v \u0148om zakomponovan\u00e9 kovov\u00e9&hellip;<\/p>\n","protected":false},"featured_media":1317,"template":"","meta":{"_monsterinsights_skip_tracking":false,"_monsterinsights_sitenote_active":false,"_monsterinsights_sitenote_note":"","_monsterinsights_sitenote_category":0},"product_cat":[17,46,52,66],"product_tag":[],"class_list":{"0":"post-1316","1":"product","2":"type-product","3":"status-publish","4":"has-post-thumbnail","6":"product_cat-modul","7":"product_cat-motor","8":"product_cat-motor-modul","9":"product_cat-servo","11":"first","12":"instock","13":"sale","14":"shipping-taxable","15":"purchasable","16":"product-type-simple"},"yoast_head":"<!-- This site is optimized with the Yoast SEO plugin v23.6 - https:\/\/yoast.com\/wordpress\/plugins\/seo\/ -->\n<title>MG90S servo motor - Arduino e-shop<\/title>\n<meta name=\"robots\" content=\"index, follow, max-snippet:-1, max-image-preview:large, max-video-preview:-1\" \/>\n<link rel=\"canonical\" href=\"https:\/\/www.onetimenexttime.sk\/arduino\/index.php\/produkt\/mg90s-servo-motor\/\" \/>\n<meta property=\"og:locale\" content=\"sk_SK\" \/>\n<meta property=\"og:type\" content=\"article\" \/>\n<meta property=\"og:title\" content=\"MG90S servo motor - Arduino e-shop\" \/>\n<meta property=\"og:description\" content=\"Servo motor\u010dek MG90S &nbsp; Servo motor\u010dek MG90 je oproti jednoduh\u0161ej verzii\u00a0SG90\u00a0robustnej\u0161\u00ed a pevnej\u0161\u00ed. Okrem toho s\u00fa v \u0148om zakomponovan\u00e9 kovov\u00e9&hellip;\" \/>\n<meta property=\"og:url\" content=\"https:\/\/www.onetimenexttime.sk\/arduino\/index.php\/produkt\/mg90s-servo-motor\/\" \/>\n<meta property=\"og:site_name\" content=\"Arduino e-shop\" \/>\n<meta property=\"article:modified_time\" content=\"2021-11-15T09:04:06+00:00\" \/>\n<meta property=\"og:image\" content=\"https:\/\/www.onetimenexttime.sk\/arduino\/wp-content\/uploads\/2021\/11\/1021.jpg\" \/>\n\t<meta property=\"og:image:width\" content=\"800\" \/>\n\t<meta property=\"og:image:height\" content=\"800\" \/>\n\t<meta property=\"og:image:type\" content=\"image\/jpeg\" \/>\n<meta name=\"twitter:card\" content=\"summary_large_image\" \/>\n<meta name=\"twitter:label1\" content=\"Predpokladan\u00fd \u010das \u010d\u00edtania\" \/>\n\t<meta name=\"twitter:data1\" content=\"1 min\u00fata\" \/>\n<script type=\"application\/ld+json\" class=\"yoast-schema-graph\">{\"@context\":\"https:\/\/schema.org\",\"@graph\":[{\"@type\":\"WebPage\",\"@id\":\"https:\/\/www.onetimenexttime.sk\/arduino\/index.php\/produkt\/mg90s-servo-motor\/\",\"url\":\"https:\/\/www.onetimenexttime.sk\/arduino\/index.php\/produkt\/mg90s-servo-motor\/\",\"name\":\"MG90S servo motor - Arduino e-shop\",\"isPartOf\":{\"@id\":\"https:\/\/www.onetimenexttime.sk\/arduino\/#website\"},\"primaryImageOfPage\":{\"@id\":\"https:\/\/www.onetimenexttime.sk\/arduino\/index.php\/produkt\/mg90s-servo-motor\/#primaryimage\"},\"image\":{\"@id\":\"https:\/\/www.onetimenexttime.sk\/arduino\/index.php\/produkt\/mg90s-servo-motor\/#primaryimage\"},\"thumbnailUrl\":\"https:\/\/www.onetimenexttime.sk\/arduino\/wp-content\/uploads\/2021\/11\/1021.jpg\",\"datePublished\":\"2021-11-15T09:02:04+00:00\",\"dateModified\":\"2021-11-15T09:04:06+00:00\",\"breadcrumb\":{\"@id\":\"https:\/\/www.onetimenexttime.sk\/arduino\/index.php\/produkt\/mg90s-servo-motor\/#breadcrumb\"},\"inLanguage\":\"sk-SK\",\"potentialAction\":[{\"@type\":\"ReadAction\",\"target\":[\"https:\/\/www.onetimenexttime.sk\/arduino\/index.php\/produkt\/mg90s-servo-motor\/\"]}]},{\"@type\":\"ImageObject\",\"inLanguage\":\"sk-SK\",\"@id\":\"https:\/\/www.onetimenexttime.sk\/arduino\/index.php\/produkt\/mg90s-servo-motor\/#primaryimage\",\"url\":\"https:\/\/www.onetimenexttime.sk\/arduino\/wp-content\/uploads\/2021\/11\/1021.jpg\",\"contentUrl\":\"https:\/\/www.onetimenexttime.sk\/arduino\/wp-content\/uploads\/2021\/11\/1021.jpg\",\"width\":800,\"height\":800},{\"@type\":\"BreadcrumbList\",\"@id\":\"https:\/\/www.onetimenexttime.sk\/arduino\/index.php\/produkt\/mg90s-servo-motor\/#breadcrumb\",\"itemListElement\":[{\"@type\":\"ListItem\",\"position\":1,\"name\":\"Domov\",\"item\":\"https:\/\/www.onetimenexttime.sk\/arduino\/\"},{\"@type\":\"ListItem\",\"position\":2,\"name\":\"Obchod\",\"item\":\"https:\/\/www.onetimenexttime.sk\/arduino\/\"},{\"@type\":\"ListItem\",\"position\":3,\"name\":\"MG90S servo motor\"}]},{\"@type\":\"WebSite\",\"@id\":\"https:\/\/www.onetimenexttime.sk\/arduino\/#website\",\"url\":\"https:\/\/www.onetimenexttime.sk\/arduino\/\",\"name\":\"Arduino e-shop\",\"description\":\"Home Assistant\",\"potentialAction\":[{\"@type\":\"SearchAction\",\"target\":{\"@type\":\"EntryPoint\",\"urlTemplate\":\"https:\/\/www.onetimenexttime.sk\/arduino\/?s={search_term_string}\"},\"query-input\":{\"@type\":\"PropertyValueSpecification\",\"valueRequired\":true,\"valueName\":\"search_term_string\"}}],\"inLanguage\":\"sk-SK\"}]}<\/script>\n<!-- \/ Yoast SEO plugin. -->","yoast_head_json":{"title":"MG90S servo motor - Arduino e-shop","robots":{"index":"index","follow":"follow","max-snippet":"max-snippet:-1","max-image-preview":"max-image-preview:large","max-video-preview":"max-video-preview:-1"},"canonical":"https:\/\/www.onetimenexttime.sk\/arduino\/index.php\/produkt\/mg90s-servo-motor\/","og_locale":"sk_SK","og_type":"article","og_title":"MG90S servo motor - Arduino e-shop","og_description":"Servo motor\u010dek MG90S &nbsp; Servo motor\u010dek MG90 je oproti jednoduh\u0161ej verzii\u00a0SG90\u00a0robustnej\u0161\u00ed a pevnej\u0161\u00ed. Okrem toho s\u00fa v \u0148om zakomponovan\u00e9 kovov\u00e9&hellip;","og_url":"https:\/\/www.onetimenexttime.sk\/arduino\/index.php\/produkt\/mg90s-servo-motor\/","og_site_name":"Arduino e-shop","article_modified_time":"2021-11-15T09:04:06+00:00","og_image":[{"width":800,"height":800,"url":"https:\/\/www.onetimenexttime.sk\/arduino\/wp-content\/uploads\/2021\/11\/1021.jpg","type":"image\/jpeg"}],"twitter_card":"summary_large_image","twitter_misc":{"Predpokladan\u00fd \u010das \u010d\u00edtania":"1 min\u00fata"},"schema":{"@context":"https:\/\/schema.org","@graph":[{"@type":"WebPage","@id":"https:\/\/www.onetimenexttime.sk\/arduino\/index.php\/produkt\/mg90s-servo-motor\/","url":"https:\/\/www.onetimenexttime.sk\/arduino\/index.php\/produkt\/mg90s-servo-motor\/","name":"MG90S servo motor - Arduino e-shop","isPartOf":{"@id":"https:\/\/www.onetimenexttime.sk\/arduino\/#website"},"primaryImageOfPage":{"@id":"https:\/\/www.onetimenexttime.sk\/arduino\/index.php\/produkt\/mg90s-servo-motor\/#primaryimage"},"image":{"@id":"https:\/\/www.onetimenexttime.sk\/arduino\/index.php\/produkt\/mg90s-servo-motor\/#primaryimage"},"thumbnailUrl":"https:\/\/www.onetimenexttime.sk\/arduino\/wp-content\/uploads\/2021\/11\/1021.jpg","datePublished":"2021-11-15T09:02:04+00:00","dateModified":"2021-11-15T09:04:06+00:00","breadcrumb":{"@id":"https:\/\/www.onetimenexttime.sk\/arduino\/index.php\/produkt\/mg90s-servo-motor\/#breadcrumb"},"inLanguage":"sk-SK","potentialAction":[{"@type":"ReadAction","target":["https:\/\/www.onetimenexttime.sk\/arduino\/index.php\/produkt\/mg90s-servo-motor\/"]}]},{"@type":"ImageObject","inLanguage":"sk-SK","@id":"https:\/\/www.onetimenexttime.sk\/arduino\/index.php\/produkt\/mg90s-servo-motor\/#primaryimage","url":"https:\/\/www.onetimenexttime.sk\/arduino\/wp-content\/uploads\/2021\/11\/1021.jpg","contentUrl":"https:\/\/www.onetimenexttime.sk\/arduino\/wp-content\/uploads\/2021\/11\/1021.jpg","width":800,"height":800},{"@type":"BreadcrumbList","@id":"https:\/\/www.onetimenexttime.sk\/arduino\/index.php\/produkt\/mg90s-servo-motor\/#breadcrumb","itemListElement":[{"@type":"ListItem","position":1,"name":"Domov","item":"https:\/\/www.onetimenexttime.sk\/arduino\/"},{"@type":"ListItem","position":2,"name":"Obchod","item":"https:\/\/www.onetimenexttime.sk\/arduino\/"},{"@type":"ListItem","position":3,"name":"MG90S servo motor"}]},{"@type":"WebSite","@id":"https:\/\/www.onetimenexttime.sk\/arduino\/#website","url":"https:\/\/www.onetimenexttime.sk\/arduino\/","name":"Arduino e-shop","description":"Home Assistant","potentialAction":[{"@type":"SearchAction","target":{"@type":"EntryPoint","urlTemplate":"https:\/\/www.onetimenexttime.sk\/arduino\/?s={search_term_string}"},"query-input":{"@type":"PropertyValueSpecification","valueRequired":true,"valueName":"search_term_string"}}],"inLanguage":"sk-SK"}]}},"_links":{"self":[{"href":"https:\/\/www.onetimenexttime.sk\/arduino\/index.php\/wp-json\/wp\/v2\/product\/1316"}],"collection":[{"href":"https:\/\/www.onetimenexttime.sk\/arduino\/index.php\/wp-json\/wp\/v2\/product"}],"about":[{"href":"https:\/\/www.onetimenexttime.sk\/arduino\/index.php\/wp-json\/wp\/v2\/types\/product"}],"wp:featuredmedia":[{"embeddable":true,"href":"https:\/\/www.onetimenexttime.sk\/arduino\/index.php\/wp-json\/wp\/v2\/media\/1317"}],"wp:attachment":[{"href":"https:\/\/www.onetimenexttime.sk\/arduino\/index.php\/wp-json\/wp\/v2\/media?parent=1316"}],"wp:term":[{"taxonomy":"product_cat","embeddable":true,"href":"https:\/\/www.onetimenexttime.sk\/arduino\/index.php\/wp-json\/wp\/v2\/product_cat?post=1316"},{"taxonomy":"product_tag","embeddable":true,"href":"https:\/\/www.onetimenexttime.sk\/arduino\/index.php\/wp-json\/wp\/v2\/product_tag?post=1316"}],"curies":[{"name":"wp","href":"https:\/\/api.w.org\/{rel}","templated":true}]}}