{"id":1313,"date":"2021-11-15T09:45:26","date_gmt":"2021-11-15T08:45:26","guid":{"rendered":"https:\/\/www.onetimenexttime.sk\/arduino\/?post_type=product&#038;p=1313"},"modified":"2024-02-22T17:39:11","modified_gmt":"2024-02-22T16:39:11","slug":"sg90-9g-micro-servo-motor-for-robot-6ch-rc-helicopter-airplane-controls-for-arduino","status":"publish","type":"product","link":"https:\/\/www.onetimenexttime.sk\/arduino\/index.php\/produkt\/sg90-9g-micro-servo-motor-for-robot-6ch-rc-helicopter-airplane-controls-for-arduino\/","title":{"rendered":"SG90 9G Micro Servo Motor For Robot 6CH RC Helicopter Airplane Controls For Arduino"},"content":{"rendered":"<p>&nbsp;<\/p>\n<p>&nbsp;<\/p>\n<h1>SG90 9G Micro Servo Motor<\/h1>\n<table>\n<tbody>\n<tr>\n<th>Popis<\/th>\n<td>SG90 9G Micro Servo Motor je mal\u00fd, \u013eahk\u00fd a lacn\u00fd servomotor, ktor\u00fd je vhodn\u00fd pre r\u00f4zne projekty s robotmi, RC helikopt\u00e9rami, lietadlami a podobn\u00fdmi zariadeniami.<\/td>\n<\/tr>\n<tr>\n<th>Vlastnosti<\/th>\n<td>\n<ul>\n<li>Mal\u00fd a \u013eahk\u00fd dizajn<\/li>\n<li>Vhodn\u00fd pre r\u00f4zne projekty s robotmi a RC modelmi<\/li>\n<li>Predstavuje z\u00e1kladn\u00fd servomotor pre Arduino a in\u00e9 platformy<\/li>\n<\/ul>\n<\/td>\n<\/tr>\n<tr>\n<th>\u0160pecifik\u00e1cie<\/th>\n<td>\n<ul>\n<li>Nap\u00e1janie: 4.8V &#8211; 6V<\/li>\n<li>Hmotnos\u0165: 9 g<\/li>\n<li>Maxim\u00e1lny kr\u00fatiaci moment: 1.8 kg\/cm<\/li>\n<\/ul>\n<\/td>\n<\/tr>\n<tr>\n<th>Pr\u00edklady pou\u017eitia<\/th>\n<td>Servomotor SG90 sa \u010dasto pou\u017e\u00edva na ovl\u00e1danie r\u00f4znych mechanizmov v projektoch s robotmi, RC modelmi lietadiel, helikopt\u00e9r a in\u00fdch riaden\u00fdch zariaden\u00ed.<\/td>\n<\/tr>\n<tr>\n<th>Pr\u00edkladov\u00fd k\u00f3d pre Arduino<\/th>\n<td><code><code><br \/>\n#include<\/code><\/code>Servo myServo;<code><code><\/code><\/code>void setup() {<br \/>\nmyServo.attach(9);<br \/>\n}<code><code><\/code><\/code>void loop() {<br \/>\nmyServo.write(90);<br \/>\ndelay(1000);<br \/>\nmyServo.write(0);<br \/>\ndelay(1000);<br \/>\n}<\/td>\n<\/tr>\n<tr>\n<th>Pr\u00edkladov\u00fd k\u00f3d pre ESPHome<\/th>\n<td><code><br \/>\nservo:<br \/>\n- platform: gpio<br \/>\nid: my_servo<br \/>\npin: GPIO12<br \/>\nmin_pulse_length: 500us<br \/>\nmax_pulse_length: 2400us<br \/>\nupdate_interval: 1s<br \/>\n<\/code><\/td>\n<\/tr>\n<\/tbody>\n<\/table>\n<p><button>Kop\u00edrova\u0165 k\u00f3d<\/button><\/p>\n<p>&nbsp;<\/p>\n<h2>\u00a0SG90 9G mikro servo motor pre robota 6CH RC helikopt\u00e9ra ovl\u00e1danie lietadla pre Arduino<\/h2>\n<p>&nbsp;<\/p>\n<p>Popul\u00e1rne mini servo. V\u00e1\u017ei iba 9 gramov a poskytuje kr\u00fatiaci moment 1,5 kg.cm. Pomerne siln\u00fd na svoju ve\u013ekos\u0165. Vhodn\u00e9 pre robot typu Beam.<\/p>\n<p><strong>Vlastnosti:<\/strong><br \/>\nPrev\u00e1dzkov\u00e1 r\u00fdchlos\u0165: 0,3 sekundy \/ 60 stup\u0148ov<br \/>\nKr\u00fatiaci moment zastavenia: 1,5 kg\/cm<br \/>\nTeplotn\u00fd rozsah: 0 C_ 55 C<br \/>\n\u0160\u00edrka m\u0155tveho p\u00e1sma: 10usec<br \/>\nPrev\u00e1dzkov\u00e9 nap\u00e4tie: 4,2V~6V<br \/>\nVhodn\u00e9 pre V\u0160ETKY druhy R\/C hra\u010diek<br \/>\nD\u013a\u017eka k\u00e1bla konektora: 250 mm<br \/>\nBalenie obsahuje:<br \/>\nServomotor SG90 9G<\/p>\n","protected":false},"excerpt":{"rendered":"<p>&nbsp; &nbsp; SG90 9G Micro Servo Motor Popis SG90 9G Micro Servo Motor je mal\u00fd, \u013eahk\u00fd a lacn\u00fd servomotor, ktor\u00fd&hellip;<\/p>\n","protected":false},"featured_media":1315,"template":"","meta":{"_monsterinsights_skip_tracking":false,"_monsterinsights_sitenote_active":false,"_monsterinsights_sitenote_note":"","_monsterinsights_sitenote_category":0},"product_cat":[17,46,52,66],"product_tag":[],"class_list":{"0":"post-1313","1":"product","2":"type-product","3":"status-publish","4":"has-post-thumbnail","6":"product_cat-modul","7":"product_cat-motor","8":"product_cat-motor-modul","9":"product_cat-servo","11":"first","12":"instock","13":"sale","14":"shipping-taxable","15":"purchasable","16":"product-type-simple"},"yoast_head":"<!-- This site is optimized with the Yoast SEO plugin v23.6 - https:\/\/yoast.com\/wordpress\/plugins\/seo\/ -->\n<title>SG90 9G Micro Servo Motor For Robot 6CH RC Helicopter Airplane Controls For Arduino - Arduino e-shop<\/title>\n<meta name=\"robots\" content=\"index, follow, max-snippet:-1, max-image-preview:large, max-video-preview:-1\" \/>\n<link rel=\"canonical\" href=\"https:\/\/www.onetimenexttime.sk\/arduino\/index.php\/produkt\/sg90-9g-micro-servo-motor-for-robot-6ch-rc-helicopter-airplane-controls-for-arduino\/\" \/>\n<meta property=\"og:locale\" content=\"sk_SK\" \/>\n<meta property=\"og:type\" content=\"article\" \/>\n<meta property=\"og:title\" content=\"SG90 9G Micro Servo Motor For Robot 6CH RC Helicopter Airplane Controls For Arduino - Arduino e-shop\" \/>\n<meta property=\"og:description\" content=\"&nbsp; &nbsp; SG90 9G Micro Servo Motor Popis SG90 9G Micro Servo Motor je mal\u00fd, \u013eahk\u00fd a lacn\u00fd servomotor, ktor\u00fd&hellip;\" \/>\n<meta property=\"og:url\" content=\"https:\/\/www.onetimenexttime.sk\/arduino\/index.php\/produkt\/sg90-9g-micro-servo-motor-for-robot-6ch-rc-helicopter-airplane-controls-for-arduino\/\" \/>\n<meta property=\"og:site_name\" content=\"Arduino e-shop\" \/>\n<meta property=\"article:modified_time\" content=\"2024-02-22T16:39:11+00:00\" \/>\n<meta property=\"og:image\" content=\"https:\/\/www.onetimenexttime.sk\/arduino\/wp-content\/uploads\/2021\/11\/serfv2.jpg\" \/>\n\t<meta property=\"og:image:width\" content=\"900\" \/>\n\t<meta property=\"og:image:height\" content=\"900\" \/>\n\t<meta property=\"og:image:type\" content=\"image\/jpeg\" \/>\n<meta name=\"twitter:card\" content=\"summary_large_image\" \/>\n<meta name=\"twitter:label1\" content=\"Predpokladan\u00fd \u010das \u010d\u00edtania\" \/>\n\t<meta name=\"twitter:data1\" content=\"1 min\u00fata\" \/>\n<script type=\"application\/ld+json\" class=\"yoast-schema-graph\">{\"@context\":\"https:\/\/schema.org\",\"@graph\":[{\"@type\":\"WebPage\",\"@id\":\"https:\/\/www.onetimenexttime.sk\/arduino\/index.php\/produkt\/sg90-9g-micro-servo-motor-for-robot-6ch-rc-helicopter-airplane-controls-for-arduino\/\",\"url\":\"https:\/\/www.onetimenexttime.sk\/arduino\/index.php\/produkt\/sg90-9g-micro-servo-motor-for-robot-6ch-rc-helicopter-airplane-controls-for-arduino\/\",\"name\":\"SG90 9G Micro Servo Motor For Robot 6CH RC Helicopter Airplane Controls For Arduino - Arduino e-shop\",\"isPartOf\":{\"@id\":\"https:\/\/www.onetimenexttime.sk\/arduino\/#website\"},\"primaryImageOfPage\":{\"@id\":\"https:\/\/www.onetimenexttime.sk\/arduino\/index.php\/produkt\/sg90-9g-micro-servo-motor-for-robot-6ch-rc-helicopter-airplane-controls-for-arduino\/#primaryimage\"},\"image\":{\"@id\":\"https:\/\/www.onetimenexttime.sk\/arduino\/index.php\/produkt\/sg90-9g-micro-servo-motor-for-robot-6ch-rc-helicopter-airplane-controls-for-arduino\/#primaryimage\"},\"thumbnailUrl\":\"https:\/\/www.onetimenexttime.sk\/arduino\/wp-content\/uploads\/2021\/11\/serfv2.jpg\",\"datePublished\":\"2021-11-15T08:45:26+00:00\",\"dateModified\":\"2024-02-22T16:39:11+00:00\",\"breadcrumb\":{\"@id\":\"https:\/\/www.onetimenexttime.sk\/arduino\/index.php\/produkt\/sg90-9g-micro-servo-motor-for-robot-6ch-rc-helicopter-airplane-controls-for-arduino\/#breadcrumb\"},\"inLanguage\":\"sk-SK\",\"potentialAction\":[{\"@type\":\"ReadAction\",\"target\":[\"https:\/\/www.onetimenexttime.sk\/arduino\/index.php\/produkt\/sg90-9g-micro-servo-motor-for-robot-6ch-rc-helicopter-airplane-controls-for-arduino\/\"]}]},{\"@type\":\"ImageObject\",\"inLanguage\":\"sk-SK\",\"@id\":\"https:\/\/www.onetimenexttime.sk\/arduino\/index.php\/produkt\/sg90-9g-micro-servo-motor-for-robot-6ch-rc-helicopter-airplane-controls-for-arduino\/#primaryimage\",\"url\":\"https:\/\/www.onetimenexttime.sk\/arduino\/wp-content\/uploads\/2021\/11\/serfv2.jpg\",\"contentUrl\":\"https:\/\/www.onetimenexttime.sk\/arduino\/wp-content\/uploads\/2021\/11\/serfv2.jpg\",\"width\":900,\"height\":900},{\"@type\":\"BreadcrumbList\",\"@id\":\"https:\/\/www.onetimenexttime.sk\/arduino\/index.php\/produkt\/sg90-9g-micro-servo-motor-for-robot-6ch-rc-helicopter-airplane-controls-for-arduino\/#breadcrumb\",\"itemListElement\":[{\"@type\":\"ListItem\",\"position\":1,\"name\":\"Domov\",\"item\":\"https:\/\/www.onetimenexttime.sk\/arduino\/\"},{\"@type\":\"ListItem\",\"position\":2,\"name\":\"Obchod\",\"item\":\"https:\/\/www.onetimenexttime.sk\/arduino\/\"},{\"@type\":\"ListItem\",\"position\":3,\"name\":\"SG90 9G Micro Servo Motor For Robot 6CH RC Helicopter Airplane Controls For Arduino\"}]},{\"@type\":\"WebSite\",\"@id\":\"https:\/\/www.onetimenexttime.sk\/arduino\/#website\",\"url\":\"https:\/\/www.onetimenexttime.sk\/arduino\/\",\"name\":\"Arduino e-shop\",\"description\":\"Home Assistant\",\"potentialAction\":[{\"@type\":\"SearchAction\",\"target\":{\"@type\":\"EntryPoint\",\"urlTemplate\":\"https:\/\/www.onetimenexttime.sk\/arduino\/?s={search_term_string}\"},\"query-input\":{\"@type\":\"PropertyValueSpecification\",\"valueRequired\":true,\"valueName\":\"search_term_string\"}}],\"inLanguage\":\"sk-SK\"}]}<\/script>\n<!-- \/ Yoast SEO plugin. -->","yoast_head_json":{"title":"SG90 9G Micro Servo Motor For Robot 6CH RC Helicopter Airplane Controls For Arduino - Arduino e-shop","robots":{"index":"index","follow":"follow","max-snippet":"max-snippet:-1","max-image-preview":"max-image-preview:large","max-video-preview":"max-video-preview:-1"},"canonical":"https:\/\/www.onetimenexttime.sk\/arduino\/index.php\/produkt\/sg90-9g-micro-servo-motor-for-robot-6ch-rc-helicopter-airplane-controls-for-arduino\/","og_locale":"sk_SK","og_type":"article","og_title":"SG90 9G Micro Servo Motor For Robot 6CH RC Helicopter Airplane Controls For Arduino - Arduino e-shop","og_description":"&nbsp; &nbsp; SG90 9G Micro Servo Motor Popis SG90 9G Micro Servo Motor je mal\u00fd, \u013eahk\u00fd a lacn\u00fd servomotor, ktor\u00fd&hellip;","og_url":"https:\/\/www.onetimenexttime.sk\/arduino\/index.php\/produkt\/sg90-9g-micro-servo-motor-for-robot-6ch-rc-helicopter-airplane-controls-for-arduino\/","og_site_name":"Arduino e-shop","article_modified_time":"2024-02-22T16:39:11+00:00","og_image":[{"width":900,"height":900,"url":"https:\/\/www.onetimenexttime.sk\/arduino\/wp-content\/uploads\/2021\/11\/serfv2.jpg","type":"image\/jpeg"}],"twitter_card":"summary_large_image","twitter_misc":{"Predpokladan\u00fd \u010das \u010d\u00edtania":"1 min\u00fata"},"schema":{"@context":"https:\/\/schema.org","@graph":[{"@type":"WebPage","@id":"https:\/\/www.onetimenexttime.sk\/arduino\/index.php\/produkt\/sg90-9g-micro-servo-motor-for-robot-6ch-rc-helicopter-airplane-controls-for-arduino\/","url":"https:\/\/www.onetimenexttime.sk\/arduino\/index.php\/produkt\/sg90-9g-micro-servo-motor-for-robot-6ch-rc-helicopter-airplane-controls-for-arduino\/","name":"SG90 9G Micro Servo Motor For Robot 6CH RC Helicopter Airplane Controls For Arduino - Arduino e-shop","isPartOf":{"@id":"https:\/\/www.onetimenexttime.sk\/arduino\/#website"},"primaryImageOfPage":{"@id":"https:\/\/www.onetimenexttime.sk\/arduino\/index.php\/produkt\/sg90-9g-micro-servo-motor-for-robot-6ch-rc-helicopter-airplane-controls-for-arduino\/#primaryimage"},"image":{"@id":"https:\/\/www.onetimenexttime.sk\/arduino\/index.php\/produkt\/sg90-9g-micro-servo-motor-for-robot-6ch-rc-helicopter-airplane-controls-for-arduino\/#primaryimage"},"thumbnailUrl":"https:\/\/www.onetimenexttime.sk\/arduino\/wp-content\/uploads\/2021\/11\/serfv2.jpg","datePublished":"2021-11-15T08:45:26+00:00","dateModified":"2024-02-22T16:39:11+00:00","breadcrumb":{"@id":"https:\/\/www.onetimenexttime.sk\/arduino\/index.php\/produkt\/sg90-9g-micro-servo-motor-for-robot-6ch-rc-helicopter-airplane-controls-for-arduino\/#breadcrumb"},"inLanguage":"sk-SK","potentialAction":[{"@type":"ReadAction","target":["https:\/\/www.onetimenexttime.sk\/arduino\/index.php\/produkt\/sg90-9g-micro-servo-motor-for-robot-6ch-rc-helicopter-airplane-controls-for-arduino\/"]}]},{"@type":"ImageObject","inLanguage":"sk-SK","@id":"https:\/\/www.onetimenexttime.sk\/arduino\/index.php\/produkt\/sg90-9g-micro-servo-motor-for-robot-6ch-rc-helicopter-airplane-controls-for-arduino\/#primaryimage","url":"https:\/\/www.onetimenexttime.sk\/arduino\/wp-content\/uploads\/2021\/11\/serfv2.jpg","contentUrl":"https:\/\/www.onetimenexttime.sk\/arduino\/wp-content\/uploads\/2021\/11\/serfv2.jpg","width":900,"height":900},{"@type":"BreadcrumbList","@id":"https:\/\/www.onetimenexttime.sk\/arduino\/index.php\/produkt\/sg90-9g-micro-servo-motor-for-robot-6ch-rc-helicopter-airplane-controls-for-arduino\/#breadcrumb","itemListElement":[{"@type":"ListItem","position":1,"name":"Domov","item":"https:\/\/www.onetimenexttime.sk\/arduino\/"},{"@type":"ListItem","position":2,"name":"Obchod","item":"https:\/\/www.onetimenexttime.sk\/arduino\/"},{"@type":"ListItem","position":3,"name":"SG90 9G Micro Servo Motor For Robot 6CH RC Helicopter Airplane Controls For Arduino"}]},{"@type":"WebSite","@id":"https:\/\/www.onetimenexttime.sk\/arduino\/#website","url":"https:\/\/www.onetimenexttime.sk\/arduino\/","name":"Arduino e-shop","description":"Home Assistant","potentialAction":[{"@type":"SearchAction","target":{"@type":"EntryPoint","urlTemplate":"https:\/\/www.onetimenexttime.sk\/arduino\/?s={search_term_string}"},"query-input":{"@type":"PropertyValueSpecification","valueRequired":true,"valueName":"search_term_string"}}],"inLanguage":"sk-SK"}]}},"_links":{"self":[{"href":"https:\/\/www.onetimenexttime.sk\/arduino\/index.php\/wp-json\/wp\/v2\/product\/1313"}],"collection":[{"href":"https:\/\/www.onetimenexttime.sk\/arduino\/index.php\/wp-json\/wp\/v2\/product"}],"about":[{"href":"https:\/\/www.onetimenexttime.sk\/arduino\/index.php\/wp-json\/wp\/v2\/types\/product"}],"wp:featuredmedia":[{"embeddable":true,"href":"https:\/\/www.onetimenexttime.sk\/arduino\/index.php\/wp-json\/wp\/v2\/media\/1315"}],"wp:attachment":[{"href":"https:\/\/www.onetimenexttime.sk\/arduino\/index.php\/wp-json\/wp\/v2\/media?parent=1313"}],"wp:term":[{"taxonomy":"product_cat","embeddable":true,"href":"https:\/\/www.onetimenexttime.sk\/arduino\/index.php\/wp-json\/wp\/v2\/product_cat?post=1313"},{"taxonomy":"product_tag","embeddable":true,"href":"https:\/\/www.onetimenexttime.sk\/arduino\/index.php\/wp-json\/wp\/v2\/product_tag?post=1313"}],"curies":[{"name":"wp","href":"https:\/\/api.w.org\/{rel}","templated":true}]}}