{"id":130,"date":"2021-10-17T23:27:44","date_gmt":"2021-10-17T21:27:44","guid":{"rendered":"https:\/\/www.onetimenexttime.sk\/arduino\/?post_type=product&#038;p=130"},"modified":"2024-02-22T20:27:22","modified_gmt":"2024-02-22T19:27:22","slug":"10a-rele-na-vseobecne-pouzitie-ly2nj-s-led-ziarovkou-8-pinov-rele-dpdt-12v","status":"publish","type":"product","link":"https:\/\/www.onetimenexttime.sk\/arduino\/index.php\/produkt\/10a-rele-na-vseobecne-pouzitie-ly2nj-s-led-ziarovkou-8-pinov-rele-dpdt-12v\/","title":{"rendered":"10A rel\u00e9 na v\u0161eobecn\u00e9 pou\u017eitie LY2NJ s LED \u017eiarovkou 8 pinov rel\u00e9 DPDT 12v"},"content":{"rendered":"<p><img loading=\"lazy\" decoding=\"async\" class=\"alignnone size-medium wp-image-7640\" src=\"https:\/\/www.onetimenexttime.sk\/arduino\/wp-content\/uploads\/2021\/10\/fere-300x225.jpg\" alt=\"\" width=\"300\" height=\"225\" srcset=\"https:\/\/www.onetimenexttime.sk\/arduino\/wp-content\/uploads\/2021\/10\/fere-300x225.jpg 300w, https:\/\/www.onetimenexttime.sk\/arduino\/wp-content\/uploads\/2021\/10\/fere-1024x768.jpg 1024w, https:\/\/www.onetimenexttime.sk\/arduino\/wp-content\/uploads\/2021\/10\/fere-768x576.jpg 768w, https:\/\/www.onetimenexttime.sk\/arduino\/wp-content\/uploads\/2021\/10\/fere-600x450.jpg 600w, https:\/\/www.onetimenexttime.sk\/arduino\/wp-content\/uploads\/2021\/10\/fere.jpg 1226w\" sizes=\"(max-width: 300px) 100vw, 300px\" \/><\/p>\n<p><img decoding=\"async\" src=\"https:\/\/i0.wp.com\/makerselectronics.com\/wp-content\/uploads\/2022\/01\/s-l1200-5-1200x749.jpg?fit=1200%2C749&amp;ssl=1\" alt=\"Relay LY2NJ 220VAC 10A 8PIN with PTF08A Socket | Makers Electronics\" \/><\/p>\n<p>&nbsp;<\/p>\n<p>&nbsp;<\/p>\n<p>&nbsp;<\/p>\n<p><img decoding=\"async\" src=\"https:\/\/i.pinimg.com\/736x\/48\/03\/3e\/48033e430ad7e5d48563fa97d6399f26.jpg\" alt=\"Pin on Tronik Shop\" \/><\/p>\n<p>&nbsp;<\/p>\n<p>&nbsp;<\/p>\n<p><img loading=\"lazy\" decoding=\"async\" class=\"wp-image-7641 aligncenter\" src=\"https:\/\/www.onetimenexttime.sk\/arduino\/wp-content\/uploads\/2021\/10\/uzuf-300x172.jpg\" alt=\"\" width=\"544\" height=\"312\" srcset=\"https:\/\/www.onetimenexttime.sk\/arduino\/wp-content\/uploads\/2021\/10\/uzuf-300x172.jpg 300w, https:\/\/www.onetimenexttime.sk\/arduino\/wp-content\/uploads\/2021\/10\/uzuf-1024x587.jpg 1024w, https:\/\/www.onetimenexttime.sk\/arduino\/wp-content\/uploads\/2021\/10\/uzuf-768x440.jpg 768w, https:\/\/www.onetimenexttime.sk\/arduino\/wp-content\/uploads\/2021\/10\/uzuf-1536x880.jpg 1536w, https:\/\/www.onetimenexttime.sk\/arduino\/wp-content\/uploads\/2021\/10\/uzuf-1320x756.jpg 1320w, https:\/\/www.onetimenexttime.sk\/arduino\/wp-content\/uploads\/2021\/10\/uzuf-600x344.jpg 600w, https:\/\/www.onetimenexttime.sk\/arduino\/wp-content\/uploads\/2021\/10\/uzuf.jpg 1848w\" sizes=\"(max-width: 544px) 100vw, 544px\" \/><\/p>\n<p>&nbsp;<\/p>\n<p>&nbsp;<\/p>\n<p>&nbsp;<\/p>\n<p>&nbsp;<\/p>\n<p>&nbsp;<\/p>\n<p>&nbsp;<\/p>\n<p><img decoding=\"async\" src=\"https:\/\/cdn.store-assets.com\/s\/158175\/i\/24692464.jpg?width=1024\" alt=\"HH62P 10A (LY2NJ) DPDT General Purpose Relays 12v 24v 220v Plug Pin 8P \u2013 Connectronics\" \/><\/p>\n<p>&nbsp;<\/p>\n<p><iframe loading=\"lazy\" title=\"Como Utilizar Rel\u00e9 de 8 Pinos JQX-13F - Ly2nj\" width=\"1140\" height=\"641\" src=\"https:\/\/www.youtube.com\/embed\/R9M_AZhPads?feature=oembed\" frameborder=\"0\" allow=\"accelerometer; autoplay; clipboard-write; encrypted-media; gyroscope; picture-in-picture; web-share\" allowfullscreen><\/iframe><\/p>\n<p>&nbsp;<\/p>\n<h1>Informa\u010dn\u00e1 str\u00e1nka o 10A rel\u00e9 LY2NJ<\/h1>\n<table>\n<tbody>\n<tr>\n<th>Popis<\/th>\n<td>10A rel\u00e9 LY2NJ je univerz\u00e1lne rel\u00e9 s LED indik\u00e1torom, ktor\u00e9 sa pou\u017e\u00edva na prep\u00ednanie elektrick\u00fdch obvodov s malou spotrebou.<\/td>\n<\/tr>\n<tr>\n<th>Vlastnosti<\/th>\n<td>\n<ul>\n<li>12V nap\u00e1janie<\/li>\n<li>10A prep\u00edna\u010dov\u00fd v\u00fdkon<\/li>\n<li>Dvojp\u00f3lne dvojstavov\u00e9 (DPDT) rel\u00e9<\/li>\n<li>LED indik\u00e1tor pre stav rel\u00e9<\/li>\n<li>8 pinov\u00fd konektor<\/li>\n<\/ul>\n<\/td>\n<\/tr>\n<tr>\n<th>ESPHome konfigur\u00e1cia<\/th>\n<td class=\"code\">\n<pre>esphome:\r\n  name: relay_ly2nj\r\n  platform: ESP8266\r\n  board: nodemcuv2\r\n\r\nwifi:\r\n  ssid: \"VA\u0160E_WIFI_SSID\"\r\n  password: \"VA\u0160E_WIFI_HESLO\"\r\n\r\n# Aktivova\u0165 z\u00e1znamy\r\nlogger:\r\n\r\n# Aktivova\u0165 Home Assistant API\r\napi:\r\n\r\nota:\r\n\r\nswitch:\r\n  - platform: gpio\r\n    pin: D8\r\n    name: \"Relay LY2NJ\"\r\n    id: relay_ly2nj\r\n<\/pre>\n<\/td>\n<\/tr>\n<tr>\n<th>Pr\u00edklady pou\u017eitia<\/th>\n<td>\n<ol>\n<li>Automatizovan\u00e9 osvetlenie: Pou\u017eite rel\u00e9 na prep\u00ednanie svetiel v miestnostiach pod\u013ea \u010dasova\u010da alebo senzorov.<\/li>\n<li>Dom\u00e1ca automatiz\u00e1cia: Pripojte rel\u00e9 k mikrokontrol\u00e9ru (napr. Arduino) na ovl\u00e1danie elektrick\u00fdch zariaden\u00ed.<\/li>\n<li>IoT projekty: Integrujte rel\u00e9 do internetu vec\u00ed (IoT) pre vzdialen\u00e9 ovl\u00e1danie zariaden\u00ed.<\/li>\n<li>Automobilov\u00e9 aplik\u00e1cie: Pou\u017eite rel\u00e9 na ovl\u00e1danie r\u00f4znych elektrick\u00fdch s\u00fa\u010diastok vo vozidle.<\/li>\n<li>Bezpe\u010dnostn\u00e9 syst\u00e9my: Integrujte rel\u00e9 do syst\u00e9mov pre ochranu majetku alebo alarmov\u00fdch syst\u00e9mov.<\/li>\n<li>Zavla\u017eovacie syst\u00e9my: Pou\u017eite rel\u00e9 na ovl\u00e1danie \u010derpadla v zavla\u017eovac\u00edch syst\u00e9moch.<\/li>\n<li>Elektronick\u00e9 z\u00e1mky: Pou\u017eite rel\u00e9 na ovl\u00e1danie elektronick\u00fdch z\u00e1mkov alebo br\u00e1n.<\/li>\n<li>Pr\u00fadov\u00e9 zdroje: Pou\u017eite rel\u00e9 na prep\u00ednanie pr\u00fadu pre r\u00f4zne elektronick\u00e9 aplik\u00e1cie.<\/li>\n<li>Elektrick\u00e9 brzdy: Pou\u017eite rel\u00e9 na ovl\u00e1danie elektromagnetick\u00fdch brzdov\u00fdch syst\u00e9mov.<\/li>\n<li>Robotika: Integrujte rel\u00e9 do robotick\u00fdch projektov na ovl\u00e1danie pohybu alebo funkci\u00ed.<\/li>\n<\/ol>\n<\/td>\n<\/tr>\n<tr>\n<th>Pr\u00edkladov\u00fd k\u00f3d pre Arduino<\/th>\n<td class=\"code\">\n<pre>\/\/ Pr\u00edkladov\u00fd k\u00f3d pre ovl\u00e1danie rel\u00e9 LY2NJ pomocou Arduina\r\n\r\nconst int relayPin = 8; \/\/ Pin pripojen\u00fd k rel\u00e9\r\n\r\nvoid setup() {\r\n  pinMode(relayPin, OUTPUT); \/\/ Nastavenie pinu ako v\u00fdstupn\u00fd\r\n}\r\n\r\nvoid loop() {\r\n  digitalWrite(relayPin, HIGH); \/\/ Zapnutie rel\u00e9\r\n  delay(1000); \/\/ Oneskorovanie 1 sekunda\r\n  digitalWrite(relayPin, LOW); \/\/ Vypnutie rel\u00e9\r\n  delay(1000); \/\/ Oneskorovanie 1 sekunda\r\n}\r\n<\/pre>\n<\/td>\n<\/tr>\n<\/tbody>\n<\/table>\n<p><button>Skop\u00edrova\u0165 k\u00f3d<\/button><\/p>\n<p>&nbsp;<\/p>\n<style>\n  body {<br \/>    font-family: Arial, sans-serif;<br \/>    background-color: #f2f2f2;<br \/>    padding: 20px;<br \/>  }<br \/>  .schema {<br \/>    width: 400px;<br \/>    height: auto;<br \/>    margin: 0 auto;<br \/>  }<br \/><\/style>\n<p>&nbsp;<\/p>\n<h1>Sch\u00e9ma zapojenia rel\u00e9 LY2NJ<\/h1>\n<div class=\"schema\"><!-- Relay LY2NJ -->Relay LY2NJ<br \/>\n<!-- Microcontroller -->Microcontroller<br \/>\n<!-- Power Source --><br \/>\n+12V Power<br \/>\n<!-- GPIO Pin --><br \/>\nGPIO Pin<br \/>\n<!-- Connections --><\/div>\n<p>&nbsp;<\/p>\n<p>&nbsp;<\/p>\n<h1>Informa\u010dn\u00e1 str\u00e1nka o 10A rel\u00e9 LY2NJ<\/h1>\n<table>\n<tbody>\n<tr>\n<th>Popis<\/th>\n<td>10A rel\u00e9 LY2NJ je univerz\u00e1lne rel\u00e9 s LED indik\u00e1torom, ktor\u00e9 sa pou\u017e\u00edva na prep\u00ednanie elektrick\u00fdch obvodov s malou spotrebou.<\/td>\n<\/tr>\n<tr>\n<th>Vlastnosti<\/th>\n<td>\n<ul>\n<li>12V nap\u00e1janie<\/li>\n<li>10A prep\u00edna\u010dov\u00fd v\u00fdkon<\/li>\n<li>Dvojp\u00f3lne dvojstavov\u00e9 (DPDT) rel\u00e9<\/li>\n<li>LED indik\u00e1tor pre stav rel\u00e9<\/li>\n<li>8 pinov\u00fd konektor<\/li>\n<\/ul>\n<\/td>\n<\/tr>\n<tr>\n<th>Pr\u00edklady pou\u017eitia<\/th>\n<td>\n<ol>\n<li>Automatizovan\u00e9 osvetlenie: Pou\u017eite rel\u00e9 na prep\u00ednanie svetiel v miestnostiach pod\u013ea \u010dasova\u010da alebo senzorov.<\/li>\n<li>Dom\u00e1ca automatiz\u00e1cia: Pripojte rel\u00e9 k mikrokontrol\u00e9ru (napr. Arduino) na ovl\u00e1danie elektrick\u00fdch zariaden\u00ed.<\/li>\n<li>IoT projekty: Integrujte rel\u00e9 do internetu vec\u00ed (IoT) pre vzdialen\u00e9 ovl\u00e1danie zariaden\u00ed.<\/li>\n<li>Automobilov\u00e9 aplik\u00e1cie: Pou\u017eite rel\u00e9 na ovl\u00e1danie r\u00f4znych elektrick\u00fdch s\u00fa\u010diastok vo vozidle.<\/li>\n<li>Bezpe\u010dnostn\u00e9 syst\u00e9my: Integrujte rel\u00e9 do syst\u00e9mov pre ochranu majetku alebo alarmov\u00fdch syst\u00e9mov.<\/li>\n<li>Zavla\u017eovacie syst\u00e9my: Pou\u017eite rel\u00e9 na ovl\u00e1danie \u010derpadla v zavla\u017eovac\u00edch syst\u00e9moch.<\/li>\n<li>Elektronick\u00e9 z\u00e1mky: Pou\u017eite rel\u00e9 na ovl\u00e1danie elektronick\u00fdch z\u00e1mkov alebo br\u00e1n.<\/li>\n<li>Pr\u00fadov\u00e9 zdroje: Pou\u017eite rel\u00e9 na prep\u00ednanie pr\u00fadu pre r\u00f4zne elektronick\u00e9 aplik\u00e1cie.<\/li>\n<li>Elektrick\u00e9 brzdy: Pou\u017eite rel\u00e9 na ovl\u00e1danie elektromagnetick\u00fdch brzdov\u00fdch syst\u00e9mov.<\/li>\n<li>Robotika: Integrujte rel\u00e9 do robotick\u00fdch projektov na ovl\u00e1danie pohybu alebo funkci\u00ed.<\/li>\n<\/ol>\n<\/td>\n<\/tr>\n<tr>\n<th>Pr\u00edkladov\u00fd k\u00f3d pre Arduino<\/th>\n<td class=\"code\">\n<pre>\/\/ Pr\u00edkladov\u00fd k\u00f3d pre ovl\u00e1danie rel\u00e9 LY2NJ pomocou Arduina\r\n\r\nconst int relayPin = 8; \/\/ Pin pripojen\u00fd k rel\u00e9\r\n\r\nvoid setup() {\r\n  pinMode(relayPin, OUTPUT); \/\/ Nastavenie pinu ako v\u00fdstupn\u00fd\r\n}\r\n\r\nvoid loop() {\r\n  digitalWrite(relayPin, HIGH); \/\/ Zapnutie rel\u00e9\r\n  delay(1000); \/\/ Oneskorovanie 1 sekunda\r\n  digitalWrite(relayPin, LOW); \/\/ Vypnutie rel\u00e9\r\n  delay(1000); \/\/ Oneskorovanie 1 sekunda\r\n}\r\n<\/pre>\n<\/td>\n<\/tr>\n<\/tbody>\n<\/table>\n<p><button>Skop\u00edrova\u0165 k\u00f3d<\/button><\/p>\n<p><script>\n  function copyCode() {\n    var codeElements = document.querySelectorAll('.code');\n    var codeText = '';\n    codeElements.forEach(function(element) {<span data-mce-type=\"bookmark\" style=\"display: inline-block; width: 0px; overflow: hidden; line-height: 0;\" class=\"mce_SELRES_start\">\ufeff<\/span>\n      codeText += element.innerText + '\\n\\n';\n    });\n    navigator.clipboard.writeText(codeText);\n    alert('K\u00f3d bol skop\u00edrovan\u00fd do schr\u00e1nky.');\n  }\n<\/script><\/p>\n<p>&nbsp;<\/p>\n<p>Model \u010d: LY2NJ HH62P\/JQX-13F\/LY2 so z\u00e1suvkovou z\u00e1klad\u0148ou PTF08A<\/p>\n<p>Mno\u017estvo: 5 s\u00e1d<br \/>\nNap\u00e4tie cievky: DC 12V<br \/>\nKontaktn\u00e1 kapacita: 10A 240VAC\/28VDC<br \/>\nTyp: DPDT 8 pinov 2NO 2NC<br \/>\nCelkov\u00e1 ve\u013ekos\u0165 (pribli\u017ene): 27 x 20,5 x 35 mm\/1 palca x 0,8 palca x 1,4 palca (D*\u0160*V)<\/p>\n","protected":false},"excerpt":{"rendered":"<p>&nbsp; &nbsp; &nbsp; &nbsp; &nbsp; &nbsp; &nbsp; &nbsp; &nbsp; &nbsp; &nbsp; &nbsp; &nbsp; Informa\u010dn\u00e1 str\u00e1nka o 10A rel\u00e9 LY2NJ Popis&hellip;<\/p>\n","protected":false},"featured_media":131,"template":"","meta":{"_monsterinsights_skip_tracking":false,"_monsterinsights_sitenote_active":false,"_monsterinsights_sitenote_note":"","_monsterinsights_sitenote_category":0},"product_cat":[16,17,19],"product_tag":[],"class_list":{"0":"post-130","1":"product","2":"type-product","3":"status-publish","4":"has-post-thumbnail","6":"product_cat-ard","7":"product_cat-modul","8":"product_cat-rele","10":"first","11":"instock","12":"shipping-taxable","13":"purchasable","14":"product-type-simple"},"yoast_head":"<!-- This site is optimized with the Yoast SEO plugin v23.6 - https:\/\/yoast.com\/wordpress\/plugins\/seo\/ -->\n<title>10A rel\u00e9 na v\u0161eobecn\u00e9 pou\u017eitie LY2NJ s LED \u017eiarovkou 8 pinov rel\u00e9 DPDT 12v - Arduino e-shop<\/title>\n<meta name=\"robots\" content=\"index, follow, max-snippet:-1, max-image-preview:large, max-video-preview:-1\" \/>\n<link rel=\"canonical\" href=\"https:\/\/www.onetimenexttime.sk\/arduino\/index.php\/produkt\/10a-rele-na-vseobecne-pouzitie-ly2nj-s-led-ziarovkou-8-pinov-rele-dpdt-12v\/\" \/>\n<meta property=\"og:locale\" content=\"sk_SK\" \/>\n<meta property=\"og:type\" content=\"article\" \/>\n<meta property=\"og:title\" content=\"10A rel\u00e9 na v\u0161eobecn\u00e9 pou\u017eitie LY2NJ s LED \u017eiarovkou 8 pinov rel\u00e9 DPDT 12v - Arduino e-shop\" \/>\n<meta property=\"og:description\" content=\"&nbsp; &nbsp; &nbsp; &nbsp; &nbsp; &nbsp; &nbsp; &nbsp; &nbsp; &nbsp; &nbsp; &nbsp; &nbsp; Informa\u010dn\u00e1 str\u00e1nka o 10A rel\u00e9 LY2NJ Popis&hellip;\" \/>\n<meta property=\"og:url\" content=\"https:\/\/www.onetimenexttime.sk\/arduino\/index.php\/produkt\/10a-rele-na-vseobecne-pouzitie-ly2nj-s-led-ziarovkou-8-pinov-rele-dpdt-12v\/\" \/>\n<meta property=\"og:site_name\" content=\"Arduino e-shop\" \/>\n<meta property=\"article:modified_time\" content=\"2024-02-22T19:27:22+00:00\" \/>\n<meta property=\"og:image\" content=\"https:\/\/www.onetimenexttime.sk\/arduino\/wp-content\/uploads\/2021\/10\/291.jpg\" \/>\n\t<meta property=\"og:image:width\" content=\"617\" \/>\n\t<meta property=\"og:image:height\" content=\"601\" \/>\n\t<meta property=\"og:image:type\" content=\"image\/jpeg\" \/>\n<meta name=\"twitter:card\" content=\"summary_large_image\" \/>\n<meta name=\"twitter:label1\" content=\"Predpokladan\u00fd \u010das \u010d\u00edtania\" \/>\n\t<meta name=\"twitter:data1\" content=\"4 min\u00faty\" \/>\n<script type=\"application\/ld+json\" class=\"yoast-schema-graph\">{\"@context\":\"https:\/\/schema.org\",\"@graph\":[{\"@type\":\"WebPage\",\"@id\":\"https:\/\/www.onetimenexttime.sk\/arduino\/index.php\/produkt\/10a-rele-na-vseobecne-pouzitie-ly2nj-s-led-ziarovkou-8-pinov-rele-dpdt-12v\/\",\"url\":\"https:\/\/www.onetimenexttime.sk\/arduino\/index.php\/produkt\/10a-rele-na-vseobecne-pouzitie-ly2nj-s-led-ziarovkou-8-pinov-rele-dpdt-12v\/\",\"name\":\"10A rel\u00e9 na v\u0161eobecn\u00e9 pou\u017eitie LY2NJ s LED \u017eiarovkou 8 pinov rel\u00e9 DPDT 12v - Arduino e-shop\",\"isPartOf\":{\"@id\":\"https:\/\/www.onetimenexttime.sk\/arduino\/#website\"},\"primaryImageOfPage\":{\"@id\":\"https:\/\/www.onetimenexttime.sk\/arduino\/index.php\/produkt\/10a-rele-na-vseobecne-pouzitie-ly2nj-s-led-ziarovkou-8-pinov-rele-dpdt-12v\/#primaryimage\"},\"image\":{\"@id\":\"https:\/\/www.onetimenexttime.sk\/arduino\/index.php\/produkt\/10a-rele-na-vseobecne-pouzitie-ly2nj-s-led-ziarovkou-8-pinov-rele-dpdt-12v\/#primaryimage\"},\"thumbnailUrl\":\"https:\/\/www.onetimenexttime.sk\/arduino\/wp-content\/uploads\/2021\/10\/291.jpg\",\"datePublished\":\"2021-10-17T21:27:44+00:00\",\"dateModified\":\"2024-02-22T19:27:22+00:00\",\"breadcrumb\":{\"@id\":\"https:\/\/www.onetimenexttime.sk\/arduino\/index.php\/produkt\/10a-rele-na-vseobecne-pouzitie-ly2nj-s-led-ziarovkou-8-pinov-rele-dpdt-12v\/#breadcrumb\"},\"inLanguage\":\"sk-SK\",\"potentialAction\":[{\"@type\":\"ReadAction\",\"target\":[\"https:\/\/www.onetimenexttime.sk\/arduino\/index.php\/produkt\/10a-rele-na-vseobecne-pouzitie-ly2nj-s-led-ziarovkou-8-pinov-rele-dpdt-12v\/\"]}]},{\"@type\":\"ImageObject\",\"inLanguage\":\"sk-SK\",\"@id\":\"https:\/\/www.onetimenexttime.sk\/arduino\/index.php\/produkt\/10a-rele-na-vseobecne-pouzitie-ly2nj-s-led-ziarovkou-8-pinov-rele-dpdt-12v\/#primaryimage\",\"url\":\"https:\/\/www.onetimenexttime.sk\/arduino\/wp-content\/uploads\/2021\/10\/291.jpg\",\"contentUrl\":\"https:\/\/www.onetimenexttime.sk\/arduino\/wp-content\/uploads\/2021\/10\/291.jpg\",\"width\":617,\"height\":601},{\"@type\":\"BreadcrumbList\",\"@id\":\"https:\/\/www.onetimenexttime.sk\/arduino\/index.php\/produkt\/10a-rele-na-vseobecne-pouzitie-ly2nj-s-led-ziarovkou-8-pinov-rele-dpdt-12v\/#breadcrumb\",\"itemListElement\":[{\"@type\":\"ListItem\",\"position\":1,\"name\":\"Domov\",\"item\":\"https:\/\/www.onetimenexttime.sk\/arduino\/\"},{\"@type\":\"ListItem\",\"position\":2,\"name\":\"Obchod\",\"item\":\"https:\/\/www.onetimenexttime.sk\/arduino\/\"},{\"@type\":\"ListItem\",\"position\":3,\"name\":\"10A rel\u00e9 na v\u0161eobecn\u00e9 pou\u017eitie LY2NJ s LED \u017eiarovkou 8 pinov rel\u00e9 DPDT 12v\"}]},{\"@type\":\"WebSite\",\"@id\":\"https:\/\/www.onetimenexttime.sk\/arduino\/#website\",\"url\":\"https:\/\/www.onetimenexttime.sk\/arduino\/\",\"name\":\"Arduino e-shop\",\"description\":\"Home Assistant\",\"potentialAction\":[{\"@type\":\"SearchAction\",\"target\":{\"@type\":\"EntryPoint\",\"urlTemplate\":\"https:\/\/www.onetimenexttime.sk\/arduino\/?s={search_term_string}\"},\"query-input\":{\"@type\":\"PropertyValueSpecification\",\"valueRequired\":true,\"valueName\":\"search_term_string\"}}],\"inLanguage\":\"sk-SK\"}]}<\/script>\n<!-- \/ Yoast SEO plugin. -->","yoast_head_json":{"title":"10A rel\u00e9 na v\u0161eobecn\u00e9 pou\u017eitie LY2NJ s LED \u017eiarovkou 8 pinov rel\u00e9 DPDT 12v - Arduino e-shop","robots":{"index":"index","follow":"follow","max-snippet":"max-snippet:-1","max-image-preview":"max-image-preview:large","max-video-preview":"max-video-preview:-1"},"canonical":"https:\/\/www.onetimenexttime.sk\/arduino\/index.php\/produkt\/10a-rele-na-vseobecne-pouzitie-ly2nj-s-led-ziarovkou-8-pinov-rele-dpdt-12v\/","og_locale":"sk_SK","og_type":"article","og_title":"10A rel\u00e9 na v\u0161eobecn\u00e9 pou\u017eitie LY2NJ s LED \u017eiarovkou 8 pinov rel\u00e9 DPDT 12v - Arduino e-shop","og_description":"&nbsp; &nbsp; &nbsp; &nbsp; &nbsp; &nbsp; &nbsp; &nbsp; &nbsp; &nbsp; &nbsp; &nbsp; &nbsp; Informa\u010dn\u00e1 str\u00e1nka o 10A rel\u00e9 LY2NJ Popis&hellip;","og_url":"https:\/\/www.onetimenexttime.sk\/arduino\/index.php\/produkt\/10a-rele-na-vseobecne-pouzitie-ly2nj-s-led-ziarovkou-8-pinov-rele-dpdt-12v\/","og_site_name":"Arduino e-shop","article_modified_time":"2024-02-22T19:27:22+00:00","og_image":[{"width":617,"height":601,"url":"https:\/\/www.onetimenexttime.sk\/arduino\/wp-content\/uploads\/2021\/10\/291.jpg","type":"image\/jpeg"}],"twitter_card":"summary_large_image","twitter_misc":{"Predpokladan\u00fd \u010das \u010d\u00edtania":"4 min\u00faty"},"schema":{"@context":"https:\/\/schema.org","@graph":[{"@type":"WebPage","@id":"https:\/\/www.onetimenexttime.sk\/arduino\/index.php\/produkt\/10a-rele-na-vseobecne-pouzitie-ly2nj-s-led-ziarovkou-8-pinov-rele-dpdt-12v\/","url":"https:\/\/www.onetimenexttime.sk\/arduino\/index.php\/produkt\/10a-rele-na-vseobecne-pouzitie-ly2nj-s-led-ziarovkou-8-pinov-rele-dpdt-12v\/","name":"10A rel\u00e9 na v\u0161eobecn\u00e9 pou\u017eitie LY2NJ s LED \u017eiarovkou 8 pinov rel\u00e9 DPDT 12v - Arduino e-shop","isPartOf":{"@id":"https:\/\/www.onetimenexttime.sk\/arduino\/#website"},"primaryImageOfPage":{"@id":"https:\/\/www.onetimenexttime.sk\/arduino\/index.php\/produkt\/10a-rele-na-vseobecne-pouzitie-ly2nj-s-led-ziarovkou-8-pinov-rele-dpdt-12v\/#primaryimage"},"image":{"@id":"https:\/\/www.onetimenexttime.sk\/arduino\/index.php\/produkt\/10a-rele-na-vseobecne-pouzitie-ly2nj-s-led-ziarovkou-8-pinov-rele-dpdt-12v\/#primaryimage"},"thumbnailUrl":"https:\/\/www.onetimenexttime.sk\/arduino\/wp-content\/uploads\/2021\/10\/291.jpg","datePublished":"2021-10-17T21:27:44+00:00","dateModified":"2024-02-22T19:27:22+00:00","breadcrumb":{"@id":"https:\/\/www.onetimenexttime.sk\/arduino\/index.php\/produkt\/10a-rele-na-vseobecne-pouzitie-ly2nj-s-led-ziarovkou-8-pinov-rele-dpdt-12v\/#breadcrumb"},"inLanguage":"sk-SK","potentialAction":[{"@type":"ReadAction","target":["https:\/\/www.onetimenexttime.sk\/arduino\/index.php\/produkt\/10a-rele-na-vseobecne-pouzitie-ly2nj-s-led-ziarovkou-8-pinov-rele-dpdt-12v\/"]}]},{"@type":"ImageObject","inLanguage":"sk-SK","@id":"https:\/\/www.onetimenexttime.sk\/arduino\/index.php\/produkt\/10a-rele-na-vseobecne-pouzitie-ly2nj-s-led-ziarovkou-8-pinov-rele-dpdt-12v\/#primaryimage","url":"https:\/\/www.onetimenexttime.sk\/arduino\/wp-content\/uploads\/2021\/10\/291.jpg","contentUrl":"https:\/\/www.onetimenexttime.sk\/arduino\/wp-content\/uploads\/2021\/10\/291.jpg","width":617,"height":601},{"@type":"BreadcrumbList","@id":"https:\/\/www.onetimenexttime.sk\/arduino\/index.php\/produkt\/10a-rele-na-vseobecne-pouzitie-ly2nj-s-led-ziarovkou-8-pinov-rele-dpdt-12v\/#breadcrumb","itemListElement":[{"@type":"ListItem","position":1,"name":"Domov","item":"https:\/\/www.onetimenexttime.sk\/arduino\/"},{"@type":"ListItem","position":2,"name":"Obchod","item":"https:\/\/www.onetimenexttime.sk\/arduino\/"},{"@type":"ListItem","position":3,"name":"10A rel\u00e9 na v\u0161eobecn\u00e9 pou\u017eitie LY2NJ s LED \u017eiarovkou 8 pinov rel\u00e9 DPDT 12v"}]},{"@type":"WebSite","@id":"https:\/\/www.onetimenexttime.sk\/arduino\/#website","url":"https:\/\/www.onetimenexttime.sk\/arduino\/","name":"Arduino e-shop","description":"Home Assistant","potentialAction":[{"@type":"SearchAction","target":{"@type":"EntryPoint","urlTemplate":"https:\/\/www.onetimenexttime.sk\/arduino\/?s={search_term_string}"},"query-input":{"@type":"PropertyValueSpecification","valueRequired":true,"valueName":"search_term_string"}}],"inLanguage":"sk-SK"}]}},"_links":{"self":[{"href":"https:\/\/www.onetimenexttime.sk\/arduino\/index.php\/wp-json\/wp\/v2\/product\/130"}],"collection":[{"href":"https:\/\/www.onetimenexttime.sk\/arduino\/index.php\/wp-json\/wp\/v2\/product"}],"about":[{"href":"https:\/\/www.onetimenexttime.sk\/arduino\/index.php\/wp-json\/wp\/v2\/types\/product"}],"wp:featuredmedia":[{"embeddable":true,"href":"https:\/\/www.onetimenexttime.sk\/arduino\/index.php\/wp-json\/wp\/v2\/media\/131"}],"wp:attachment":[{"href":"https:\/\/www.onetimenexttime.sk\/arduino\/index.php\/wp-json\/wp\/v2\/media?parent=130"}],"wp:term":[{"taxonomy":"product_cat","embeddable":true,"href":"https:\/\/www.onetimenexttime.sk\/arduino\/index.php\/wp-json\/wp\/v2\/product_cat?post=130"},{"taxonomy":"product_tag","embeddable":true,"href":"https:\/\/www.onetimenexttime.sk\/arduino\/index.php\/wp-json\/wp\/v2\/product_tag?post=130"}],"curies":[{"name":"wp","href":"https:\/\/api.w.org\/{rel}","templated":true}]}}