{"id":1296,"date":"2021-11-10T15:39:54","date_gmt":"2021-11-10T14:39:54","guid":{"rendered":"https:\/\/www.onetimenexttime.sk\/arduino\/?post_type=product&#038;p=1296"},"modified":"2024-02-22T17:08:09","modified_gmt":"2024-02-22T16:08:09","slug":"ph-electrode-probe-bnc-connector-for-aquarium-ph-controller-meter-sensor-gib","status":"publish","type":"product","link":"https:\/\/www.onetimenexttime.sk\/arduino\/index.php\/produkt\/ph-electrode-probe-bnc-connector-for-aquarium-ph-controller-meter-sensor-gib\/","title":{"rendered":"PH Electrode Probe BNC Connector for Aquarium PH Controller Meter Sensor Gib"},"content":{"rendered":"<p>&nbsp;<\/p>\n<div class=\"container\">\n<h1>PH Sonda s Konektorom BNC pre Akv\u00e1riov\u00fd PH Meter<\/h1>\n<h2>Popis:<\/h2>\n<p>T\u00e1to pH sonda s konektorom BNC je ur\u010den\u00e1 na pou\u017eitie s akv\u00e1riov\u00fdmi pH metrami.<br \/>\nJe navrhnut\u00e1 na presn\u00e9 meranie pH hodnoty v akv\u00e1riu, aby sa udr\u017eiavala zdrav\u00e1 a stabiln\u00e1 \u017eivotn\u00e1 prostredie pre ryby a rastliny.<\/p>\n<h2>Vlastnosti:<\/h2>\n<ul>\n<li>Konektor BNC pre jednoduch\u00e9 pripojenie k pH metru<\/li>\n<li>Presn\u00e9 meranie pH hodnoty v rozsahu 0 &#8211; 14<\/li>\n<li>Vyhovuje pre akv\u00e1ri\u00e1 r\u00f4znych ve\u013ekost\u00ed<\/li>\n<li>Odoln\u00e1 a dlhotrvaj\u00faca kon\u0161trukcia<\/li>\n<\/ul>\n<h2>\u0160pecifik\u00e1cie:<\/h2>\n<table>\n<tbody>\n<tr>\n<th>Parameter<\/th>\n<th>Hodnota<\/th>\n<\/tr>\n<tr>\n<td>Konektor<\/td>\n<td>BNC<\/td>\n<\/tr>\n<tr>\n<td>Rozsah merania pH<\/td>\n<td>0 &#8211; 14<\/td>\n<\/tr>\n<tr>\n<td>D\u013a\u017eka k\u00e1bla<\/td>\n<td>1 &#8211; 2 metre (z\u00e1vis\u00ed od modelu)<\/td>\n<\/tr>\n<tr>\n<td>Materi\u00e1l<\/td>\n<td>Plast \/ nerezov\u00e1 oce\u013e<\/td>\n<\/tr>\n<\/tbody>\n<\/table>\n<h2>Pr\u00edklady pou\u017eitia:<\/h2>\n<ul>\n<li>Kontrola pH hodnoty v sladkovodnom alebo morsk\u00e9m akv\u00e1riu<\/li>\n<li>Automatizovan\u00e9 riadenie pH \u00farovne pomocou pH regul\u00e1tora<\/li>\n<li>Meranie pH hodnoty v laborat\u00f3rnych aplik\u00e1ci\u00e1ch<\/li>\n<\/ul>\n<div class=\"button-container\"><button class=\"copy-button\">Skop\u00edrova\u0165 k\u00f3d<\/button><\/div>\n<\/div>\n<p>&nbsp;<\/p>\n<div class=\"product-title\">\n<h1 class=\"product-title-text\" data-spm-anchor-id=\"a2g0o.detail.1000016.i2.f4d52137vEc0sM\">PH elektr\u00f3dov\u00e1 sonda BNC konektor pre akv\u00e1rium PH Controller Meter Sensor Gib<\/h1>\n<\/div>\n<p>BNC konektor, vhodn\u00fd pre v\u00e4\u010d\u0161inu pH metrov a regul\u00e1torov s BNC konektorom.<\/p>\n<p>Vhodn\u00e9 pre \u0161irok\u00fa \u0161k\u00e1lu aplik\u00e1ci\u00ed: akv\u00e1ri\u00e1, hydrop\u00f3nia, laborat\u00f3rium at\u010f.<\/p>\n<p>Rozsah merania: 0,00~14,00 PH<\/p>\n<p>Nulov\u00fd bod: 7 \u00b1 0,5 PH<\/p>\n<p>Alkali chyba: 0,2PH<\/p>\n<p>Teoretick\u00fd percentu\u00e1lny sklon: \u226598,5 %<\/p>\n<p>Vn\u00fatorn\u00fd odpor: \u2264250M\u03a9<\/p>\n<p>\u010cas odozvy: \u22641 min<\/p>\n<p>Prev\u00e1dzkov\u00e1 teplota: 0-60\u00baC<\/p>\n<p>Svorkovnice: BNC z\u00e1str\u010dka<\/p>\n<p>D\u013a\u017eka k\u00e1bla: Pribl. 70 cm<\/p>\n<p>Typ produktu: Servis akv\u00e1ri\u00ed<\/p>\n<p><img loading=\"lazy\" decoding=\"async\" class=\"\" src=\"https:\/\/ae01.alicdn.com\/kf\/HTB1v1yORpXXXXaHXVXXq6xXFXXXM.jpg?size=140594&amp;height=1000&amp;width=1000&amp;hash=a557975e6fa0a7c61b96f21ae1cba805\" alt=\"4\" width=\"312\" height=\"312\" data-spm-anchor-id=\"a2g0o.detail.1000023.i1.1b2d6bf58oMZYB\" \/><\/p>\n<p><img loading=\"lazy\" decoding=\"async\" class=\"\" src=\"https:\/\/ae01.alicdn.com\/kf\/HTB10bZcSXXXXXa.XVXXq6xXFXXXx.jpg?size=214887&amp;height=1000&amp;width=1000&amp;hash=4fe2b321768ec80cc54ec6c755b94ffe\" alt=\"ph1\" width=\"313\" height=\"313\" data-spm-anchor-id=\"a2g0o.detail.1000023.i2.1b2d6bf58oMZYB\" \/><\/p>\n","protected":false},"excerpt":{"rendered":"<p>&nbsp; PH Sonda s Konektorom BNC pre Akv\u00e1riov\u00fd PH Meter Popis: T\u00e1to pH sonda s konektorom BNC je ur\u010den\u00e1 na&hellip;<\/p>\n","protected":false},"featured_media":1297,"template":"","meta":{"_monsterinsights_skip_tracking":false,"_monsterinsights_sitenote_active":false,"_monsterinsights_sitenote_note":"","_monsterinsights_sitenote_category":0},"product_cat":[17,57,58,65],"product_tag":[],"class_list":{"0":"post-1296","1":"product","2":"type-product","3":"status-publish","4":"has-post-thumbnail","6":"product_cat-modul","7":"product_cat-shield","8":"product_cat-tester","9":"product_cat-voda","11":"first","12":"instock","13":"shipping-taxable","14":"purchasable","15":"product-type-simple"},"yoast_head":"<!-- This site is optimized with the Yoast SEO plugin v23.6 - https:\/\/yoast.com\/wordpress\/plugins\/seo\/ -->\n<title>PH Electrode Probe BNC Connector for Aquarium PH Controller Meter Sensor Gib - Arduino e-shop<\/title>\n<meta name=\"robots\" content=\"index, follow, max-snippet:-1, max-image-preview:large, max-video-preview:-1\" \/>\n<link rel=\"canonical\" href=\"https:\/\/www.onetimenexttime.sk\/arduino\/index.php\/produkt\/ph-electrode-probe-bnc-connector-for-aquarium-ph-controller-meter-sensor-gib\/\" \/>\n<meta property=\"og:locale\" content=\"sk_SK\" \/>\n<meta property=\"og:type\" content=\"article\" \/>\n<meta property=\"og:title\" content=\"PH Electrode Probe BNC Connector for Aquarium PH Controller Meter Sensor Gib - Arduino e-shop\" \/>\n<meta property=\"og:description\" content=\"&nbsp; PH Sonda s Konektorom BNC pre Akv\u00e1riov\u00fd PH Meter Popis: T\u00e1to pH sonda s konektorom BNC je ur\u010den\u00e1 na&hellip;\" \/>\n<meta property=\"og:url\" content=\"https:\/\/www.onetimenexttime.sk\/arduino\/index.php\/produkt\/ph-electrode-probe-bnc-connector-for-aquarium-ph-controller-meter-sensor-gib\/\" \/>\n<meta property=\"og:site_name\" content=\"Arduino e-shop\" \/>\n<meta property=\"article:modified_time\" content=\"2024-02-22T16:08:09+00:00\" \/>\n<meta property=\"og:image\" content=\"https:\/\/www.onetimenexttime.sk\/arduino\/wp-content\/uploads\/2021\/11\/392.jpeg\" \/>\n\t<meta property=\"og:image:width\" content=\"1001\" \/>\n\t<meta property=\"og:image:height\" content=\"1001\" \/>\n\t<meta property=\"og:image:type\" content=\"image\/jpeg\" \/>\n<meta name=\"twitter:card\" content=\"summary_large_image\" \/>\n<meta name=\"twitter:label1\" content=\"Predpokladan\u00fd \u010das \u010d\u00edtania\" \/>\n\t<meta name=\"twitter:data1\" content=\"2 min\u00faty\" \/>\n<script type=\"application\/ld+json\" class=\"yoast-schema-graph\">{\"@context\":\"https:\/\/schema.org\",\"@graph\":[{\"@type\":\"WebPage\",\"@id\":\"https:\/\/www.onetimenexttime.sk\/arduino\/index.php\/produkt\/ph-electrode-probe-bnc-connector-for-aquarium-ph-controller-meter-sensor-gib\/\",\"url\":\"https:\/\/www.onetimenexttime.sk\/arduino\/index.php\/produkt\/ph-electrode-probe-bnc-connector-for-aquarium-ph-controller-meter-sensor-gib\/\",\"name\":\"PH Electrode Probe BNC Connector for Aquarium PH Controller Meter Sensor Gib - Arduino e-shop\",\"isPartOf\":{\"@id\":\"https:\/\/www.onetimenexttime.sk\/arduino\/#website\"},\"primaryImageOfPage\":{\"@id\":\"https:\/\/www.onetimenexttime.sk\/arduino\/index.php\/produkt\/ph-electrode-probe-bnc-connector-for-aquarium-ph-controller-meter-sensor-gib\/#primaryimage\"},\"image\":{\"@id\":\"https:\/\/www.onetimenexttime.sk\/arduino\/index.php\/produkt\/ph-electrode-probe-bnc-connector-for-aquarium-ph-controller-meter-sensor-gib\/#primaryimage\"},\"thumbnailUrl\":\"https:\/\/www.onetimenexttime.sk\/arduino\/wp-content\/uploads\/2021\/11\/392.jpeg\",\"datePublished\":\"2021-11-10T14:39:54+00:00\",\"dateModified\":\"2024-02-22T16:08:09+00:00\",\"breadcrumb\":{\"@id\":\"https:\/\/www.onetimenexttime.sk\/arduino\/index.php\/produkt\/ph-electrode-probe-bnc-connector-for-aquarium-ph-controller-meter-sensor-gib\/#breadcrumb\"},\"inLanguage\":\"sk-SK\",\"potentialAction\":[{\"@type\":\"ReadAction\",\"target\":[\"https:\/\/www.onetimenexttime.sk\/arduino\/index.php\/produkt\/ph-electrode-probe-bnc-connector-for-aquarium-ph-controller-meter-sensor-gib\/\"]}]},{\"@type\":\"ImageObject\",\"inLanguage\":\"sk-SK\",\"@id\":\"https:\/\/www.onetimenexttime.sk\/arduino\/index.php\/produkt\/ph-electrode-probe-bnc-connector-for-aquarium-ph-controller-meter-sensor-gib\/#primaryimage\",\"url\":\"https:\/\/www.onetimenexttime.sk\/arduino\/wp-content\/uploads\/2021\/11\/392.jpeg\",\"contentUrl\":\"https:\/\/www.onetimenexttime.sk\/arduino\/wp-content\/uploads\/2021\/11\/392.jpeg\",\"width\":1001,\"height\":1001},{\"@type\":\"BreadcrumbList\",\"@id\":\"https:\/\/www.onetimenexttime.sk\/arduino\/index.php\/produkt\/ph-electrode-probe-bnc-connector-for-aquarium-ph-controller-meter-sensor-gib\/#breadcrumb\",\"itemListElement\":[{\"@type\":\"ListItem\",\"position\":1,\"name\":\"Domov\",\"item\":\"https:\/\/www.onetimenexttime.sk\/arduino\/\"},{\"@type\":\"ListItem\",\"position\":2,\"name\":\"Obchod\",\"item\":\"https:\/\/www.onetimenexttime.sk\/arduino\/\"},{\"@type\":\"ListItem\",\"position\":3,\"name\":\"PH Electrode Probe BNC Connector for Aquarium PH Controller Meter Sensor Gib\"}]},{\"@type\":\"WebSite\",\"@id\":\"https:\/\/www.onetimenexttime.sk\/arduino\/#website\",\"url\":\"https:\/\/www.onetimenexttime.sk\/arduino\/\",\"name\":\"Arduino e-shop\",\"description\":\"Home Assistant\",\"potentialAction\":[{\"@type\":\"SearchAction\",\"target\":{\"@type\":\"EntryPoint\",\"urlTemplate\":\"https:\/\/www.onetimenexttime.sk\/arduino\/?s={search_term_string}\"},\"query-input\":{\"@type\":\"PropertyValueSpecification\",\"valueRequired\":true,\"valueName\":\"search_term_string\"}}],\"inLanguage\":\"sk-SK\"}]}<\/script>\n<!-- \/ Yoast SEO plugin. -->","yoast_head_json":{"title":"PH Electrode Probe BNC Connector for Aquarium PH Controller Meter Sensor Gib - Arduino e-shop","robots":{"index":"index","follow":"follow","max-snippet":"max-snippet:-1","max-image-preview":"max-image-preview:large","max-video-preview":"max-video-preview:-1"},"canonical":"https:\/\/www.onetimenexttime.sk\/arduino\/index.php\/produkt\/ph-electrode-probe-bnc-connector-for-aquarium-ph-controller-meter-sensor-gib\/","og_locale":"sk_SK","og_type":"article","og_title":"PH Electrode Probe BNC Connector for Aquarium PH Controller Meter Sensor Gib - Arduino e-shop","og_description":"&nbsp; PH Sonda s Konektorom BNC pre Akv\u00e1riov\u00fd PH Meter Popis: T\u00e1to pH sonda s konektorom BNC je ur\u010den\u00e1 na&hellip;","og_url":"https:\/\/www.onetimenexttime.sk\/arduino\/index.php\/produkt\/ph-electrode-probe-bnc-connector-for-aquarium-ph-controller-meter-sensor-gib\/","og_site_name":"Arduino e-shop","article_modified_time":"2024-02-22T16:08:09+00:00","og_image":[{"width":1001,"height":1001,"url":"https:\/\/www.onetimenexttime.sk\/arduino\/wp-content\/uploads\/2021\/11\/392.jpeg","type":"image\/jpeg"}],"twitter_card":"summary_large_image","twitter_misc":{"Predpokladan\u00fd \u010das \u010d\u00edtania":"2 min\u00faty"},"schema":{"@context":"https:\/\/schema.org","@graph":[{"@type":"WebPage","@id":"https:\/\/www.onetimenexttime.sk\/arduino\/index.php\/produkt\/ph-electrode-probe-bnc-connector-for-aquarium-ph-controller-meter-sensor-gib\/","url":"https:\/\/www.onetimenexttime.sk\/arduino\/index.php\/produkt\/ph-electrode-probe-bnc-connector-for-aquarium-ph-controller-meter-sensor-gib\/","name":"PH Electrode Probe BNC Connector for Aquarium PH Controller Meter Sensor Gib - Arduino e-shop","isPartOf":{"@id":"https:\/\/www.onetimenexttime.sk\/arduino\/#website"},"primaryImageOfPage":{"@id":"https:\/\/www.onetimenexttime.sk\/arduino\/index.php\/produkt\/ph-electrode-probe-bnc-connector-for-aquarium-ph-controller-meter-sensor-gib\/#primaryimage"},"image":{"@id":"https:\/\/www.onetimenexttime.sk\/arduino\/index.php\/produkt\/ph-electrode-probe-bnc-connector-for-aquarium-ph-controller-meter-sensor-gib\/#primaryimage"},"thumbnailUrl":"https:\/\/www.onetimenexttime.sk\/arduino\/wp-content\/uploads\/2021\/11\/392.jpeg","datePublished":"2021-11-10T14:39:54+00:00","dateModified":"2024-02-22T16:08:09+00:00","breadcrumb":{"@id":"https:\/\/www.onetimenexttime.sk\/arduino\/index.php\/produkt\/ph-electrode-probe-bnc-connector-for-aquarium-ph-controller-meter-sensor-gib\/#breadcrumb"},"inLanguage":"sk-SK","potentialAction":[{"@type":"ReadAction","target":["https:\/\/www.onetimenexttime.sk\/arduino\/index.php\/produkt\/ph-electrode-probe-bnc-connector-for-aquarium-ph-controller-meter-sensor-gib\/"]}]},{"@type":"ImageObject","inLanguage":"sk-SK","@id":"https:\/\/www.onetimenexttime.sk\/arduino\/index.php\/produkt\/ph-electrode-probe-bnc-connector-for-aquarium-ph-controller-meter-sensor-gib\/#primaryimage","url":"https:\/\/www.onetimenexttime.sk\/arduino\/wp-content\/uploads\/2021\/11\/392.jpeg","contentUrl":"https:\/\/www.onetimenexttime.sk\/arduino\/wp-content\/uploads\/2021\/11\/392.jpeg","width":1001,"height":1001},{"@type":"BreadcrumbList","@id":"https:\/\/www.onetimenexttime.sk\/arduino\/index.php\/produkt\/ph-electrode-probe-bnc-connector-for-aquarium-ph-controller-meter-sensor-gib\/#breadcrumb","itemListElement":[{"@type":"ListItem","position":1,"name":"Domov","item":"https:\/\/www.onetimenexttime.sk\/arduino\/"},{"@type":"ListItem","position":2,"name":"Obchod","item":"https:\/\/www.onetimenexttime.sk\/arduino\/"},{"@type":"ListItem","position":3,"name":"PH Electrode Probe BNC Connector for Aquarium PH Controller Meter Sensor Gib"}]},{"@type":"WebSite","@id":"https:\/\/www.onetimenexttime.sk\/arduino\/#website","url":"https:\/\/www.onetimenexttime.sk\/arduino\/","name":"Arduino e-shop","description":"Home Assistant","potentialAction":[{"@type":"SearchAction","target":{"@type":"EntryPoint","urlTemplate":"https:\/\/www.onetimenexttime.sk\/arduino\/?s={search_term_string}"},"query-input":{"@type":"PropertyValueSpecification","valueRequired":true,"valueName":"search_term_string"}}],"inLanguage":"sk-SK"}]}},"_links":{"self":[{"href":"https:\/\/www.onetimenexttime.sk\/arduino\/index.php\/wp-json\/wp\/v2\/product\/1296"}],"collection":[{"href":"https:\/\/www.onetimenexttime.sk\/arduino\/index.php\/wp-json\/wp\/v2\/product"}],"about":[{"href":"https:\/\/www.onetimenexttime.sk\/arduino\/index.php\/wp-json\/wp\/v2\/types\/product"}],"wp:featuredmedia":[{"embeddable":true,"href":"https:\/\/www.onetimenexttime.sk\/arduino\/index.php\/wp-json\/wp\/v2\/media\/1297"}],"wp:attachment":[{"href":"https:\/\/www.onetimenexttime.sk\/arduino\/index.php\/wp-json\/wp\/v2\/media?parent=1296"}],"wp:term":[{"taxonomy":"product_cat","embeddable":true,"href":"https:\/\/www.onetimenexttime.sk\/arduino\/index.php\/wp-json\/wp\/v2\/product_cat?post=1296"},{"taxonomy":"product_tag","embeddable":true,"href":"https:\/\/www.onetimenexttime.sk\/arduino\/index.php\/wp-json\/wp\/v2\/product_tag?post=1296"}],"curies":[{"name":"wp","href":"https:\/\/api.w.org\/{rel}","templated":true}]}}