{"id":1294,"date":"2021-11-10T15:32:05","date_gmt":"2021-11-10T14:32:05","guid":{"rendered":"https:\/\/www.onetimenexttime.sk\/arduino\/?post_type=product&#038;p=1294"},"modified":"2021-11-10T16:11:23","modified_gmt":"2021-11-10T15:11:23","slug":"professional-2-pin-digital-moisture-meter-humidity-meter-wood-firewood-timber-moisture-detector-5-40-md-2g","status":"publish","type":"product","link":"https:\/\/www.onetimenexttime.sk\/arduino\/index.php\/produkt\/professional-2-pin-digital-moisture-meter-humidity-meter-wood-firewood-timber-moisture-detector-5-40-md-2g\/","title":{"rendered":"Hot Knife Styrofoam 1Pcs 20CM Pen Cutter CUTS FOAM KT Board WAX Cutting Machine Electronic Voltage Transformer Adaptor"},"content":{"rendered":"<div class=\"product-title\">\n<h1 class=\"product-title-text\" data-spm-anchor-id=\"a2g0o.detail.1000016.i2.f4d52137vEc0sM\">Hor\u00faci n\u00f4\u017e z polystyr\u00e9nu 1 ks 20 cm reza\u010dka na per\u00e1 REZANIE FOAM KT Stroj na rezanie vosku na dosky Elektronick\u00fd adapt\u00e9r transform\u00e1tora nap\u00e4tia<\/h1>\n<p>Tento hor\u00faci n\u00f4\u017e je ur\u010den\u00fd na \u013eahk\u00e9 rezanie materi\u00e1lov, ako je polystyr\u00e9n.<\/p>\n<p>Pri tvorbe umeleck\u00fdch modelov sa \u0161tudenti venuj\u00fa ru\u010dnej v\u00fdrobe. Tvorba reklamn\u00fdch slov.<\/p>\n<p>DIY Foam Cutter v\u00e1m pom\u00f4\u017ee reza\u0165 penov\u00fd polystyr\u00e9n a podobn\u00fd materi\u00e1l ove\u013ea jednoduch\u0161ie!<\/p>\n<p>Je vhodn\u00fd pre komer\u010dn\u00fd v\u00fdvoj umeleck\u00fdch diel, zlo\u017eit\u00fd a mal\u00fd dizajn p\u00edsma v reklame (ako s\u00fa p\u00edsmen\u00e1), tvorbu umeleck\u00fdch diel od nad\u0161encov a dokonca aj hodiny modelovania pre deti v \u0161kole. Formovaciu dosku alebo penov\u00fd blok m\u00f4\u017eete odreza\u0165 z \u013eubovo\u013en\u00e9ho uhla a vytvarova\u0165 do po\u017eadovan\u00e9ho tvaru.<\/p>\n<p>DIY Foam Cutter je vynikaj\u00faci rezac\u00ed n\u00e1stroj na realiz\u00e1ciu v\u00e1\u0161ho dizajnu a pote\u0161enie zo \u017eivota!<\/p>\n<p>&#8211; Praktick\u00e1, v\u00e1ha orez\u00e1va\u010da je 46g.<\/p>\n<p>&#8211; Za\u010dnite reza\u0165 penu kdeko\u013evek na penovej doske.<\/p>\n<p>&#8211; \u013dahko rezate\u013en\u00e1 umeleck\u00e1 reklamn\u00e1 krivka peny.<\/p>\n<p>&#8211; R\u00farka ohrieva\u010da je acer\u00f3za, nehrdzavej\u00faca oce\u013e, Dia. je 2 mm<\/p>\n<p>&#8211; R\u00fdchly ohrev, trubica bude ma\u0165 200 \u00b0C do 10 sek\u00fand.<\/p>\n<p>&#8211; Elektronick\u00fd adapt\u00e9r: 24W,110-220V\/12V 2,5A. CE, UL.<\/p>\n<\/div>\n<p>Nechajte t\u00fato fr\u00e9zu pracova\u0165 45 min\u00fat alebo ju nechajte odpo\u010din\u00fa\u0165 a potom ju znova pou\u017eite<\/p>\n<p><img loading=\"lazy\" decoding=\"async\" src=\"https:\/\/ae01.alicdn.com\/kf\/HTB1TFIdJVXXXXaQXFXXq6xXFXXXx\/225152192\/HTB1TFIdJVXXXXaQXFXXq6xXFXXXx.jpg\" width=\"280\" height=\"280\" data-spm-anchor-id=\"a2g0o.detail.1000023.i9.1d127cd7OJ5BWe\" \/><img loading=\"lazy\" decoding=\"async\" class=\"\" src=\"https:\/\/ae01.alicdn.com\/kf\/HTB1aokfJVXXXXXVXFXXq6xXFXXXZ\/225152192\/HTB1aokfJVXXXXXVXFXXq6xXFXXXZ.jpg\" width=\"480\" height=\"377\" data-spm-anchor-id=\"a2g0o.detail.1000023.i10.1d127cd7OJ5BWe\" \/><img loading=\"lazy\" decoding=\"async\" src=\"https:\/\/ae01.alicdn.com\/kf\/HTB1wgwpJVXXXXX9XpXXq6xXFXXXs\/225152192\/HTB1wgwpJVXXXXX9XpXXq6xXFXXXs.jpg\" width=\"750\" height=\"394\" data-spm-anchor-id=\"a2g0o.detail.1000023.i11.1d127cd7OJ5BWe\" \/><\/p>\n<p>&nbsp;<\/p>\n<p><img loading=\"lazy\" decoding=\"async\" class=\"\" src=\"https:\/\/ae01.alicdn.com\/kf\/HTB1zFkAJVXXXXXAXXXXq6xXFXXXQ\/225152192\/HTB1zFkAJVXXXXXAXXXXq6xXFXXXQ.jpg\" width=\"290\" height=\"265\" data-spm-anchor-id=\"a2g0o.detail.1000023.i12.1d127cd7OJ5BWe\" \/><img loading=\"lazy\" decoding=\"async\" class=\"\" src=\"https:\/\/ae01.alicdn.com\/kf\/HTB1DKEyJVXXXXXDXXXXq6xXFXXXz\/225152192\/HTB1DKEyJVXXXXXDXXXXq6xXFXXXz.jpg\" width=\"283\" height=\"263\" \/><img loading=\"lazy\" decoding=\"async\" class=\"\" src=\"https:\/\/ae01.alicdn.com\/kf\/HTB1QKAvJVXXXXXRXXXXq6xXFXXX7\/225152192\/HTB1QKAvJVXXXXXRXXXXq6xXFXXX7.jpg\" width=\"316\" height=\"263\" \/><\/p>\n","protected":false},"excerpt":{"rendered":"<p>Hor\u00faci n\u00f4\u017e z polystyr\u00e9nu 1 ks 20 cm reza\u010dka na per\u00e1 REZANIE FOAM KT Stroj na rezanie vosku na dosky&hellip;<\/p>\n","protected":false},"featured_media":1301,"template":"","meta":{"_monsterinsights_skip_tracking":false,"_monsterinsights_sitenote_active":false,"_monsterinsights_sitenote_note":"","_monsterinsights_sitenote_category":0},"product_cat":[60,47,58],"product_tag":[],"class_list":{"0":"post-1294","1":"product","2":"type-product","3":"status-publish","4":"has-post-thumbnail","6":"product_cat-naradie","7":"product_cat-teplota","8":"product_cat-tester","10":"first","11":"instock","12":"shipping-taxable","13":"purchasable","14":"product-type-simple"},"yoast_head":"<!-- This site is optimized with the Yoast SEO plugin v23.6 - https:\/\/yoast.com\/wordpress\/plugins\/seo\/ -->\n<title>Hot Knife Styrofoam 1Pcs 20CM Pen Cutter CUTS FOAM KT Board WAX Cutting Machine Electronic Voltage Transformer Adaptor - Arduino e-shop<\/title>\n<meta name=\"robots\" content=\"index, follow, max-snippet:-1, max-image-preview:large, max-video-preview:-1\" \/>\n<link rel=\"canonical\" href=\"https:\/\/www.onetimenexttime.sk\/arduino\/index.php\/produkt\/professional-2-pin-digital-moisture-meter-humidity-meter-wood-firewood-timber-moisture-detector-5-40-md-2g\/\" \/>\n<meta property=\"og:locale\" content=\"sk_SK\" \/>\n<meta property=\"og:type\" content=\"article\" \/>\n<meta property=\"og:title\" content=\"Hot Knife Styrofoam 1Pcs 20CM Pen Cutter CUTS FOAM KT Board WAX Cutting Machine Electronic Voltage Transformer Adaptor - Arduino e-shop\" \/>\n<meta property=\"og:description\" content=\"Hor\u00faci n\u00f4\u017e z polystyr\u00e9nu 1 ks 20 cm reza\u010dka na per\u00e1 REZANIE FOAM KT Stroj na rezanie vosku na dosky&hellip;\" \/>\n<meta property=\"og:url\" content=\"https:\/\/www.onetimenexttime.sk\/arduino\/index.php\/produkt\/professional-2-pin-digital-moisture-meter-humidity-meter-wood-firewood-timber-moisture-detector-5-40-md-2g\/\" \/>\n<meta property=\"og:site_name\" content=\"Arduino e-shop\" \/>\n<meta property=\"article:modified_time\" content=\"2021-11-10T15:11:23+00:00\" \/>\n<meta property=\"og:image\" content=\"https:\/\/www.onetimenexttime.sk\/arduino\/wp-content\/uploads\/2021\/11\/394.jpg\" \/>\n\t<meta property=\"og:image:width\" content=\"523\" \/>\n\t<meta property=\"og:image:height\" content=\"524\" \/>\n\t<meta property=\"og:image:type\" content=\"image\/jpeg\" \/>\n<meta name=\"twitter:card\" content=\"summary_large_image\" \/>\n<meta name=\"twitter:label1\" content=\"Predpokladan\u00fd \u010das \u010d\u00edtania\" \/>\n\t<meta name=\"twitter:data1\" content=\"2 min\u00faty\" \/>\n<script type=\"application\/ld+json\" class=\"yoast-schema-graph\">{\"@context\":\"https:\/\/schema.org\",\"@graph\":[{\"@type\":\"WebPage\",\"@id\":\"https:\/\/www.onetimenexttime.sk\/arduino\/index.php\/produkt\/professional-2-pin-digital-moisture-meter-humidity-meter-wood-firewood-timber-moisture-detector-5-40-md-2g\/\",\"url\":\"https:\/\/www.onetimenexttime.sk\/arduino\/index.php\/produkt\/professional-2-pin-digital-moisture-meter-humidity-meter-wood-firewood-timber-moisture-detector-5-40-md-2g\/\",\"name\":\"Hot Knife Styrofoam 1Pcs 20CM Pen Cutter CUTS FOAM KT Board WAX Cutting Machine Electronic Voltage Transformer Adaptor - Arduino e-shop\",\"isPartOf\":{\"@id\":\"https:\/\/www.onetimenexttime.sk\/arduino\/#website\"},\"primaryImageOfPage\":{\"@id\":\"https:\/\/www.onetimenexttime.sk\/arduino\/index.php\/produkt\/professional-2-pin-digital-moisture-meter-humidity-meter-wood-firewood-timber-moisture-detector-5-40-md-2g\/#primaryimage\"},\"image\":{\"@id\":\"https:\/\/www.onetimenexttime.sk\/arduino\/index.php\/produkt\/professional-2-pin-digital-moisture-meter-humidity-meter-wood-firewood-timber-moisture-detector-5-40-md-2g\/#primaryimage\"},\"thumbnailUrl\":\"https:\/\/www.onetimenexttime.sk\/arduino\/wp-content\/uploads\/2021\/11\/394.jpg\",\"datePublished\":\"2021-11-10T14:32:05+00:00\",\"dateModified\":\"2021-11-10T15:11:23+00:00\",\"breadcrumb\":{\"@id\":\"https:\/\/www.onetimenexttime.sk\/arduino\/index.php\/produkt\/professional-2-pin-digital-moisture-meter-humidity-meter-wood-firewood-timber-moisture-detector-5-40-md-2g\/#breadcrumb\"},\"inLanguage\":\"sk-SK\",\"potentialAction\":[{\"@type\":\"ReadAction\",\"target\":[\"https:\/\/www.onetimenexttime.sk\/arduino\/index.php\/produkt\/professional-2-pin-digital-moisture-meter-humidity-meter-wood-firewood-timber-moisture-detector-5-40-md-2g\/\"]}]},{\"@type\":\"ImageObject\",\"inLanguage\":\"sk-SK\",\"@id\":\"https:\/\/www.onetimenexttime.sk\/arduino\/index.php\/produkt\/professional-2-pin-digital-moisture-meter-humidity-meter-wood-firewood-timber-moisture-detector-5-40-md-2g\/#primaryimage\",\"url\":\"https:\/\/www.onetimenexttime.sk\/arduino\/wp-content\/uploads\/2021\/11\/394.jpg\",\"contentUrl\":\"https:\/\/www.onetimenexttime.sk\/arduino\/wp-content\/uploads\/2021\/11\/394.jpg\",\"width\":523,\"height\":524},{\"@type\":\"BreadcrumbList\",\"@id\":\"https:\/\/www.onetimenexttime.sk\/arduino\/index.php\/produkt\/professional-2-pin-digital-moisture-meter-humidity-meter-wood-firewood-timber-moisture-detector-5-40-md-2g\/#breadcrumb\",\"itemListElement\":[{\"@type\":\"ListItem\",\"position\":1,\"name\":\"Domov\",\"item\":\"https:\/\/www.onetimenexttime.sk\/arduino\/\"},{\"@type\":\"ListItem\",\"position\":2,\"name\":\"Obchod\",\"item\":\"https:\/\/www.onetimenexttime.sk\/arduino\/\"},{\"@type\":\"ListItem\",\"position\":3,\"name\":\"Hot Knife Styrofoam 1Pcs 20CM Pen Cutter CUTS FOAM KT Board WAX Cutting Machine Electronic Voltage Transformer Adaptor\"}]},{\"@type\":\"WebSite\",\"@id\":\"https:\/\/www.onetimenexttime.sk\/arduino\/#website\",\"url\":\"https:\/\/www.onetimenexttime.sk\/arduino\/\",\"name\":\"Arduino e-shop\",\"description\":\"Home Assistant\",\"potentialAction\":[{\"@type\":\"SearchAction\",\"target\":{\"@type\":\"EntryPoint\",\"urlTemplate\":\"https:\/\/www.onetimenexttime.sk\/arduino\/?s={search_term_string}\"},\"query-input\":{\"@type\":\"PropertyValueSpecification\",\"valueRequired\":true,\"valueName\":\"search_term_string\"}}],\"inLanguage\":\"sk-SK\"}]}<\/script>\n<!-- \/ Yoast SEO plugin. -->","yoast_head_json":{"title":"Hot Knife Styrofoam 1Pcs 20CM Pen Cutter CUTS FOAM KT Board WAX Cutting Machine Electronic Voltage Transformer Adaptor - Arduino e-shop","robots":{"index":"index","follow":"follow","max-snippet":"max-snippet:-1","max-image-preview":"max-image-preview:large","max-video-preview":"max-video-preview:-1"},"canonical":"https:\/\/www.onetimenexttime.sk\/arduino\/index.php\/produkt\/professional-2-pin-digital-moisture-meter-humidity-meter-wood-firewood-timber-moisture-detector-5-40-md-2g\/","og_locale":"sk_SK","og_type":"article","og_title":"Hot Knife Styrofoam 1Pcs 20CM Pen Cutter CUTS FOAM KT Board WAX Cutting Machine Electronic Voltage Transformer Adaptor - Arduino e-shop","og_description":"Hor\u00faci n\u00f4\u017e z polystyr\u00e9nu 1 ks 20 cm reza\u010dka na per\u00e1 REZANIE FOAM KT Stroj na rezanie vosku na dosky&hellip;","og_url":"https:\/\/www.onetimenexttime.sk\/arduino\/index.php\/produkt\/professional-2-pin-digital-moisture-meter-humidity-meter-wood-firewood-timber-moisture-detector-5-40-md-2g\/","og_site_name":"Arduino e-shop","article_modified_time":"2021-11-10T15:11:23+00:00","og_image":[{"width":523,"height":524,"url":"https:\/\/www.onetimenexttime.sk\/arduino\/wp-content\/uploads\/2021\/11\/394.jpg","type":"image\/jpeg"}],"twitter_card":"summary_large_image","twitter_misc":{"Predpokladan\u00fd \u010das \u010d\u00edtania":"2 min\u00faty"},"schema":{"@context":"https:\/\/schema.org","@graph":[{"@type":"WebPage","@id":"https:\/\/www.onetimenexttime.sk\/arduino\/index.php\/produkt\/professional-2-pin-digital-moisture-meter-humidity-meter-wood-firewood-timber-moisture-detector-5-40-md-2g\/","url":"https:\/\/www.onetimenexttime.sk\/arduino\/index.php\/produkt\/professional-2-pin-digital-moisture-meter-humidity-meter-wood-firewood-timber-moisture-detector-5-40-md-2g\/","name":"Hot Knife Styrofoam 1Pcs 20CM Pen Cutter CUTS FOAM KT Board WAX Cutting Machine Electronic Voltage Transformer Adaptor - Arduino e-shop","isPartOf":{"@id":"https:\/\/www.onetimenexttime.sk\/arduino\/#website"},"primaryImageOfPage":{"@id":"https:\/\/www.onetimenexttime.sk\/arduino\/index.php\/produkt\/professional-2-pin-digital-moisture-meter-humidity-meter-wood-firewood-timber-moisture-detector-5-40-md-2g\/#primaryimage"},"image":{"@id":"https:\/\/www.onetimenexttime.sk\/arduino\/index.php\/produkt\/professional-2-pin-digital-moisture-meter-humidity-meter-wood-firewood-timber-moisture-detector-5-40-md-2g\/#primaryimage"},"thumbnailUrl":"https:\/\/www.onetimenexttime.sk\/arduino\/wp-content\/uploads\/2021\/11\/394.jpg","datePublished":"2021-11-10T14:32:05+00:00","dateModified":"2021-11-10T15:11:23+00:00","breadcrumb":{"@id":"https:\/\/www.onetimenexttime.sk\/arduino\/index.php\/produkt\/professional-2-pin-digital-moisture-meter-humidity-meter-wood-firewood-timber-moisture-detector-5-40-md-2g\/#breadcrumb"},"inLanguage":"sk-SK","potentialAction":[{"@type":"ReadAction","target":["https:\/\/www.onetimenexttime.sk\/arduino\/index.php\/produkt\/professional-2-pin-digital-moisture-meter-humidity-meter-wood-firewood-timber-moisture-detector-5-40-md-2g\/"]}]},{"@type":"ImageObject","inLanguage":"sk-SK","@id":"https:\/\/www.onetimenexttime.sk\/arduino\/index.php\/produkt\/professional-2-pin-digital-moisture-meter-humidity-meter-wood-firewood-timber-moisture-detector-5-40-md-2g\/#primaryimage","url":"https:\/\/www.onetimenexttime.sk\/arduino\/wp-content\/uploads\/2021\/11\/394.jpg","contentUrl":"https:\/\/www.onetimenexttime.sk\/arduino\/wp-content\/uploads\/2021\/11\/394.jpg","width":523,"height":524},{"@type":"BreadcrumbList","@id":"https:\/\/www.onetimenexttime.sk\/arduino\/index.php\/produkt\/professional-2-pin-digital-moisture-meter-humidity-meter-wood-firewood-timber-moisture-detector-5-40-md-2g\/#breadcrumb","itemListElement":[{"@type":"ListItem","position":1,"name":"Domov","item":"https:\/\/www.onetimenexttime.sk\/arduino\/"},{"@type":"ListItem","position":2,"name":"Obchod","item":"https:\/\/www.onetimenexttime.sk\/arduino\/"},{"@type":"ListItem","position":3,"name":"Hot Knife Styrofoam 1Pcs 20CM Pen Cutter CUTS FOAM KT Board WAX Cutting Machine Electronic Voltage Transformer Adaptor"}]},{"@type":"WebSite","@id":"https:\/\/www.onetimenexttime.sk\/arduino\/#website","url":"https:\/\/www.onetimenexttime.sk\/arduino\/","name":"Arduino e-shop","description":"Home Assistant","potentialAction":[{"@type":"SearchAction","target":{"@type":"EntryPoint","urlTemplate":"https:\/\/www.onetimenexttime.sk\/arduino\/?s={search_term_string}"},"query-input":{"@type":"PropertyValueSpecification","valueRequired":true,"valueName":"search_term_string"}}],"inLanguage":"sk-SK"}]}},"_links":{"self":[{"href":"https:\/\/www.onetimenexttime.sk\/arduino\/index.php\/wp-json\/wp\/v2\/product\/1294"}],"collection":[{"href":"https:\/\/www.onetimenexttime.sk\/arduino\/index.php\/wp-json\/wp\/v2\/product"}],"about":[{"href":"https:\/\/www.onetimenexttime.sk\/arduino\/index.php\/wp-json\/wp\/v2\/types\/product"}],"wp:featuredmedia":[{"embeddable":true,"href":"https:\/\/www.onetimenexttime.sk\/arduino\/index.php\/wp-json\/wp\/v2\/media\/1301"}],"wp:attachment":[{"href":"https:\/\/www.onetimenexttime.sk\/arduino\/index.php\/wp-json\/wp\/v2\/media?parent=1294"}],"wp:term":[{"taxonomy":"product_cat","embeddable":true,"href":"https:\/\/www.onetimenexttime.sk\/arduino\/index.php\/wp-json\/wp\/v2\/product_cat?post=1294"},{"taxonomy":"product_tag","embeddable":true,"href":"https:\/\/www.onetimenexttime.sk\/arduino\/index.php\/wp-json\/wp\/v2\/product_tag?post=1294"}],"curies":[{"name":"wp","href":"https:\/\/api.w.org\/{rel}","templated":true}]}}