{"id":1290,"date":"2021-11-10T15:15:44","date_gmt":"2021-11-10T14:15:44","guid":{"rendered":"https:\/\/www.onetimenexttime.sk\/arduino\/?post_type=product&#038;p=1290"},"modified":"2021-11-10T15:30:29","modified_gmt":"2021-11-10T14:30:29","slug":"thermometer-tm902c-decimal-point-fast-temperature-measurement-sensor","status":"publish","type":"product","link":"https:\/\/www.onetimenexttime.sk\/arduino\/index.php\/produkt\/thermometer-tm902c-decimal-point-fast-temperature-measurement-sensor\/","title":{"rendered":"Thermometer TM902C decimal point Fast temperature measurement sensor"},"content":{"rendered":"<h2>Teplomer TM902C desatinn\u00e1 \u010diarka Senzor r\u00fdchleho merania teploty<\/h2>\n<p>M\u00f4\u017ee by\u0165 pou\u017eit\u00fd s ak\u00fdmko\u013evek \u0161tandardn\u00fdm sn\u00edma\u010dom typu K (300 stup\u0148ov) mo\u017eno mera\u0165 v skuto\u010dn\u00fdch 380 stup\u0148och oh.<br \/>\n2, vhodn\u00e9 pre \u0161tandardn\u00fa z\u00e1suvku sondy typu K.<br \/>\n3, LCD displej s n\u00edzkou spotrebou energie.<br \/>\n4, rozsiahly integrovan\u00fd obvod m\u00e1 vysok\u00fa spo\u013eahlivos\u0165 a odolnos\u0165.<br \/>\n5, vysok\u00e1 presnos\u0165 a \u0161irok\u00fd rozsah merania.<br \/>\n6, pevn\u00fd, prenosn\u00fd a \u013eahko ovl\u00e1date\u013en\u00fd.<br \/>\n7, pou\u017eitie vysoko kvalitn\u00e9ho a viacslu\u010dkov\u00e9ho elektrick\u00e9ho odporu, aby si teplomer udr\u017eal vysok\u00fa presnos\u0165 a vysok\u00fa spo\u013eahlivos\u0165<br \/>\nCharakteristika: typ sn\u00edma\u010da: termoelektrick\u00e1 spojka typu K<br \/>\nRozl\u00ed\u0161enie: 0,1,<br \/>\nPresnos\u0165: 0 -20 a\u017e, 2<br \/>\n-20 a\u017e -40.<br \/>\n-40 a\u017e -50.<br \/>\n0 a\u017e 500 (0,75 + 1)<br \/>\n500 a\u017e 1300 (1 % + 1).<br \/>\nVzorkovacia frekvencia: 2,5-kr\u00e1t za sekundu.<br \/>\nPracovn\u00e1 teplota: 0 ~ 50, vlhkos\u0165: 0 ~ 80% R.H.<br \/>\nSkladovacia teplota: -30 ~ 50, vlhkos\u0165: 0 ~ 80% R.H.<br \/>\nNap\u00e1janie: 9V<br \/>\nMaxim\u00e1lne vstupn\u00e9 nap\u00e4tie: DC alebo Vrms 24 AC 60V<\/p>\n<p>Ve\u013ekos\u0165: \u0161\u00edrka: 72 mm v\u00fd\u0161ka: 108 mm hr\u00fabka: 24 mm<br \/>\nHmotnos\u0165: 150 g<br \/>\nImpedancia: 100M<\/p>\n<p><img decoding=\"async\" src=\"https:\/\/ae01.alicdn.com\/kf\/HTB1aKnIfnnI8KJjy0Ffq6AdoVXa8.jpg?size=106793&amp;height=800&amp;width=800&amp;hash=30f084dd5630c7317562cfe360d573bc\" data-spm-anchor-id=\"a2g0o.detail.1000023.i1.26ec9a27lyna9D\" \/><\/p>\n<p>&nbsp;<\/p>\n","protected":false},"excerpt":{"rendered":"<p>Teplomer TM902C desatinn\u00e1 \u010diarka Senzor r\u00fdchleho merania teploty M\u00f4\u017ee by\u0165 pou\u017eit\u00fd s ak\u00fdmko\u013evek \u0161tandardn\u00fdm sn\u00edma\u010dom typu K (300 stup\u0148ov) mo\u017eno&hellip;<\/p>\n","protected":false},"featured_media":1291,"template":"","meta":{"_monsterinsights_skip_tracking":false,"_monsterinsights_sitenote_active":false,"_monsterinsights_sitenote_note":"","_monsterinsights_sitenote_category":0},"product_cat":[47,58],"product_tag":[],"class_list":{"0":"post-1290","1":"product","2":"type-product","3":"status-publish","4":"has-post-thumbnail","6":"product_cat-teplota","7":"product_cat-tester","9":"first","10":"instock","11":"shipping-taxable","12":"purchasable","13":"product-type-simple"},"yoast_head":"<!-- This site is optimized with the Yoast SEO plugin v23.6 - https:\/\/yoast.com\/wordpress\/plugins\/seo\/ -->\n<title>Thermometer TM902C decimal point Fast temperature measurement sensor - Arduino e-shop<\/title>\n<meta name=\"robots\" content=\"index, follow, max-snippet:-1, max-image-preview:large, max-video-preview:-1\" \/>\n<link rel=\"canonical\" href=\"https:\/\/www.onetimenexttime.sk\/arduino\/index.php\/produkt\/thermometer-tm902c-decimal-point-fast-temperature-measurement-sensor\/\" \/>\n<meta property=\"og:locale\" content=\"sk_SK\" \/>\n<meta property=\"og:type\" content=\"article\" \/>\n<meta property=\"og:title\" content=\"Thermometer TM902C decimal point Fast temperature measurement sensor - Arduino e-shop\" \/>\n<meta property=\"og:description\" content=\"Teplomer TM902C desatinn\u00e1 \u010diarka Senzor r\u00fdchleho merania teploty M\u00f4\u017ee by\u0165 pou\u017eit\u00fd s ak\u00fdmko\u013evek \u0161tandardn\u00fdm sn\u00edma\u010dom typu K (300 stup\u0148ov) mo\u017eno&hellip;\" \/>\n<meta property=\"og:url\" content=\"https:\/\/www.onetimenexttime.sk\/arduino\/index.php\/produkt\/thermometer-tm902c-decimal-point-fast-temperature-measurement-sensor\/\" \/>\n<meta property=\"og:site_name\" content=\"Arduino e-shop\" \/>\n<meta property=\"article:modified_time\" content=\"2021-11-10T14:30:29+00:00\" \/>\n<meta property=\"og:image\" content=\"https:\/\/www.onetimenexttime.sk\/arduino\/wp-content\/uploads\/2021\/11\/389.jpg\" \/>\n\t<meta property=\"og:image:width\" content=\"523\" \/>\n\t<meta property=\"og:image:height\" content=\"524\" \/>\n\t<meta property=\"og:image:type\" content=\"image\/jpeg\" \/>\n<meta name=\"twitter:card\" content=\"summary_large_image\" \/>\n<meta name=\"twitter:label1\" content=\"Predpokladan\u00fd \u010das \u010d\u00edtania\" \/>\n\t<meta name=\"twitter:data1\" content=\"1 min\u00fata\" \/>\n<script type=\"application\/ld+json\" class=\"yoast-schema-graph\">{\"@context\":\"https:\/\/schema.org\",\"@graph\":[{\"@type\":\"WebPage\",\"@id\":\"https:\/\/www.onetimenexttime.sk\/arduino\/index.php\/produkt\/thermometer-tm902c-decimal-point-fast-temperature-measurement-sensor\/\",\"url\":\"https:\/\/www.onetimenexttime.sk\/arduino\/index.php\/produkt\/thermometer-tm902c-decimal-point-fast-temperature-measurement-sensor\/\",\"name\":\"Thermometer TM902C decimal point Fast temperature measurement sensor - Arduino e-shop\",\"isPartOf\":{\"@id\":\"https:\/\/www.onetimenexttime.sk\/arduino\/#website\"},\"primaryImageOfPage\":{\"@id\":\"https:\/\/www.onetimenexttime.sk\/arduino\/index.php\/produkt\/thermometer-tm902c-decimal-point-fast-temperature-measurement-sensor\/#primaryimage\"},\"image\":{\"@id\":\"https:\/\/www.onetimenexttime.sk\/arduino\/index.php\/produkt\/thermometer-tm902c-decimal-point-fast-temperature-measurement-sensor\/#primaryimage\"},\"thumbnailUrl\":\"https:\/\/www.onetimenexttime.sk\/arduino\/wp-content\/uploads\/2021\/11\/389.jpg\",\"datePublished\":\"2021-11-10T14:15:44+00:00\",\"dateModified\":\"2021-11-10T14:30:29+00:00\",\"breadcrumb\":{\"@id\":\"https:\/\/www.onetimenexttime.sk\/arduino\/index.php\/produkt\/thermometer-tm902c-decimal-point-fast-temperature-measurement-sensor\/#breadcrumb\"},\"inLanguage\":\"sk-SK\",\"potentialAction\":[{\"@type\":\"ReadAction\",\"target\":[\"https:\/\/www.onetimenexttime.sk\/arduino\/index.php\/produkt\/thermometer-tm902c-decimal-point-fast-temperature-measurement-sensor\/\"]}]},{\"@type\":\"ImageObject\",\"inLanguage\":\"sk-SK\",\"@id\":\"https:\/\/www.onetimenexttime.sk\/arduino\/index.php\/produkt\/thermometer-tm902c-decimal-point-fast-temperature-measurement-sensor\/#primaryimage\",\"url\":\"https:\/\/www.onetimenexttime.sk\/arduino\/wp-content\/uploads\/2021\/11\/389.jpg\",\"contentUrl\":\"https:\/\/www.onetimenexttime.sk\/arduino\/wp-content\/uploads\/2021\/11\/389.jpg\",\"width\":523,\"height\":524},{\"@type\":\"BreadcrumbList\",\"@id\":\"https:\/\/www.onetimenexttime.sk\/arduino\/index.php\/produkt\/thermometer-tm902c-decimal-point-fast-temperature-measurement-sensor\/#breadcrumb\",\"itemListElement\":[{\"@type\":\"ListItem\",\"position\":1,\"name\":\"Domov\",\"item\":\"https:\/\/www.onetimenexttime.sk\/arduino\/\"},{\"@type\":\"ListItem\",\"position\":2,\"name\":\"Obchod\",\"item\":\"https:\/\/www.onetimenexttime.sk\/arduino\/\"},{\"@type\":\"ListItem\",\"position\":3,\"name\":\"Thermometer TM902C decimal point Fast temperature measurement sensor\"}]},{\"@type\":\"WebSite\",\"@id\":\"https:\/\/www.onetimenexttime.sk\/arduino\/#website\",\"url\":\"https:\/\/www.onetimenexttime.sk\/arduino\/\",\"name\":\"Arduino e-shop\",\"description\":\"Home Assistant\",\"potentialAction\":[{\"@type\":\"SearchAction\",\"target\":{\"@type\":\"EntryPoint\",\"urlTemplate\":\"https:\/\/www.onetimenexttime.sk\/arduino\/?s={search_term_string}\"},\"query-input\":{\"@type\":\"PropertyValueSpecification\",\"valueRequired\":true,\"valueName\":\"search_term_string\"}}],\"inLanguage\":\"sk-SK\"}]}<\/script>\n<!-- \/ Yoast SEO plugin. -->","yoast_head_json":{"title":"Thermometer TM902C decimal point Fast temperature measurement sensor - Arduino e-shop","robots":{"index":"index","follow":"follow","max-snippet":"max-snippet:-1","max-image-preview":"max-image-preview:large","max-video-preview":"max-video-preview:-1"},"canonical":"https:\/\/www.onetimenexttime.sk\/arduino\/index.php\/produkt\/thermometer-tm902c-decimal-point-fast-temperature-measurement-sensor\/","og_locale":"sk_SK","og_type":"article","og_title":"Thermometer TM902C decimal point Fast temperature measurement sensor - Arduino e-shop","og_description":"Teplomer TM902C desatinn\u00e1 \u010diarka Senzor r\u00fdchleho merania teploty M\u00f4\u017ee by\u0165 pou\u017eit\u00fd s ak\u00fdmko\u013evek \u0161tandardn\u00fdm sn\u00edma\u010dom typu K (300 stup\u0148ov) mo\u017eno&hellip;","og_url":"https:\/\/www.onetimenexttime.sk\/arduino\/index.php\/produkt\/thermometer-tm902c-decimal-point-fast-temperature-measurement-sensor\/","og_site_name":"Arduino e-shop","article_modified_time":"2021-11-10T14:30:29+00:00","og_image":[{"width":523,"height":524,"url":"https:\/\/www.onetimenexttime.sk\/arduino\/wp-content\/uploads\/2021\/11\/389.jpg","type":"image\/jpeg"}],"twitter_card":"summary_large_image","twitter_misc":{"Predpokladan\u00fd \u010das \u010d\u00edtania":"1 min\u00fata"},"schema":{"@context":"https:\/\/schema.org","@graph":[{"@type":"WebPage","@id":"https:\/\/www.onetimenexttime.sk\/arduino\/index.php\/produkt\/thermometer-tm902c-decimal-point-fast-temperature-measurement-sensor\/","url":"https:\/\/www.onetimenexttime.sk\/arduino\/index.php\/produkt\/thermometer-tm902c-decimal-point-fast-temperature-measurement-sensor\/","name":"Thermometer TM902C decimal point Fast temperature measurement sensor - Arduino e-shop","isPartOf":{"@id":"https:\/\/www.onetimenexttime.sk\/arduino\/#website"},"primaryImageOfPage":{"@id":"https:\/\/www.onetimenexttime.sk\/arduino\/index.php\/produkt\/thermometer-tm902c-decimal-point-fast-temperature-measurement-sensor\/#primaryimage"},"image":{"@id":"https:\/\/www.onetimenexttime.sk\/arduino\/index.php\/produkt\/thermometer-tm902c-decimal-point-fast-temperature-measurement-sensor\/#primaryimage"},"thumbnailUrl":"https:\/\/www.onetimenexttime.sk\/arduino\/wp-content\/uploads\/2021\/11\/389.jpg","datePublished":"2021-11-10T14:15:44+00:00","dateModified":"2021-11-10T14:30:29+00:00","breadcrumb":{"@id":"https:\/\/www.onetimenexttime.sk\/arduino\/index.php\/produkt\/thermometer-tm902c-decimal-point-fast-temperature-measurement-sensor\/#breadcrumb"},"inLanguage":"sk-SK","potentialAction":[{"@type":"ReadAction","target":["https:\/\/www.onetimenexttime.sk\/arduino\/index.php\/produkt\/thermometer-tm902c-decimal-point-fast-temperature-measurement-sensor\/"]}]},{"@type":"ImageObject","inLanguage":"sk-SK","@id":"https:\/\/www.onetimenexttime.sk\/arduino\/index.php\/produkt\/thermometer-tm902c-decimal-point-fast-temperature-measurement-sensor\/#primaryimage","url":"https:\/\/www.onetimenexttime.sk\/arduino\/wp-content\/uploads\/2021\/11\/389.jpg","contentUrl":"https:\/\/www.onetimenexttime.sk\/arduino\/wp-content\/uploads\/2021\/11\/389.jpg","width":523,"height":524},{"@type":"BreadcrumbList","@id":"https:\/\/www.onetimenexttime.sk\/arduino\/index.php\/produkt\/thermometer-tm902c-decimal-point-fast-temperature-measurement-sensor\/#breadcrumb","itemListElement":[{"@type":"ListItem","position":1,"name":"Domov","item":"https:\/\/www.onetimenexttime.sk\/arduino\/"},{"@type":"ListItem","position":2,"name":"Obchod","item":"https:\/\/www.onetimenexttime.sk\/arduino\/"},{"@type":"ListItem","position":3,"name":"Thermometer TM902C decimal point Fast temperature measurement sensor"}]},{"@type":"WebSite","@id":"https:\/\/www.onetimenexttime.sk\/arduino\/#website","url":"https:\/\/www.onetimenexttime.sk\/arduino\/","name":"Arduino e-shop","description":"Home Assistant","potentialAction":[{"@type":"SearchAction","target":{"@type":"EntryPoint","urlTemplate":"https:\/\/www.onetimenexttime.sk\/arduino\/?s={search_term_string}"},"query-input":{"@type":"PropertyValueSpecification","valueRequired":true,"valueName":"search_term_string"}}],"inLanguage":"sk-SK"}]}},"_links":{"self":[{"href":"https:\/\/www.onetimenexttime.sk\/arduino\/index.php\/wp-json\/wp\/v2\/product\/1290"}],"collection":[{"href":"https:\/\/www.onetimenexttime.sk\/arduino\/index.php\/wp-json\/wp\/v2\/product"}],"about":[{"href":"https:\/\/www.onetimenexttime.sk\/arduino\/index.php\/wp-json\/wp\/v2\/types\/product"}],"wp:featuredmedia":[{"embeddable":true,"href":"https:\/\/www.onetimenexttime.sk\/arduino\/index.php\/wp-json\/wp\/v2\/media\/1291"}],"wp:attachment":[{"href":"https:\/\/www.onetimenexttime.sk\/arduino\/index.php\/wp-json\/wp\/v2\/media?parent=1290"}],"wp:term":[{"taxonomy":"product_cat","embeddable":true,"href":"https:\/\/www.onetimenexttime.sk\/arduino\/index.php\/wp-json\/wp\/v2\/product_cat?post=1290"},{"taxonomy":"product_tag","embeddable":true,"href":"https:\/\/www.onetimenexttime.sk\/arduino\/index.php\/wp-json\/wp\/v2\/product_tag?post=1290"}],"curies":[{"name":"wp","href":"https:\/\/api.w.org\/{rel}","templated":true}]}}