{"id":1286,"date":"2021-11-10T15:04:56","date_gmt":"2021-11-10T14:04:56","guid":{"rendered":"https:\/\/www.onetimenexttime.sk\/arduino\/?post_type=product&#038;p=1286"},"modified":"2021-11-10T15:10:15","modified_gmt":"2021-11-10T14:10:15","slug":"car-inflatable-bed-air-mattress-sleeping-pad-grey","status":"publish","type":"product","link":"https:\/\/www.onetimenexttime.sk\/arduino\/index.php\/produkt\/car-inflatable-bed-air-mattress-sleeping-pad-grey\/","title":{"rendered":"Car Inflatable Bed, Air Mattress Sleeping Pad Grey"},"content":{"rendered":"<h2>Nafukovacia poste\u013e do auta, nafukovacia podlo\u017eka na spanie siv\u00e1<\/h2>\n<p>&nbsp;<\/p>\n<p>materi\u00e1l: pls\u0165+ PVC.<br \/>\nrozmer po naf\u00faknut\u00ed: 135x70cm.<br \/>\npr\u00edslu\u0161enstvo: 1x \u00falo\u017en\u00e1 ta\u0161ka.<br \/>\nVlastnosti: Vyroben\u00e9 z vysokokvalitn\u00e9ho plsti, bezpe\u010dn\u00e9, \u0161etrn\u00e9 k poko\u017eke a \u0161etrn\u00e9 k \u017eivotn\u00e9mu prostrediu.<br \/>\nM\u00e4kk\u00e1 a pohodln\u00e1, poskytuje pohodln\u00e9 prostredie na sp\u00e1nok po\u010das jazdy, umo\u017e\u0148uje v\u00e1m zdriemnu\u0165 si, aj ke\u010f ste unaven\u00ed, a predch\u00e1dza\u0165 nehod\u00e1m sp\u00f4soben\u00fdm \u00fanavou jazdy.<br \/>\nSkladac\u00ed dizajn u\u013eah\u010duje pou\u017e\u00edvanie. Jednoduch\u00e9 nafukovanie alebo vyfukovanie. Nafukovacie postele sa \u010dasto pou\u017e\u00edvaj\u00fa v SUV, ale s\u00fa vhodn\u00e9 aj na vonkaj\u0161ie pou\u017eitie, ako je kempovanie, cestovanie, dovolenka a in\u00e9 outdoorov\u00e9 aktivity.<\/p>\n<p>&nbsp;<\/p>\n<p><img decoding=\"async\" src=\"https:\/\/img.fruugo.com\/product\/6\/38\/176888386_max.jpg\" \/><\/p>\n","protected":false},"excerpt":{"rendered":"<p>Nafukovacia poste\u013e do auta, nafukovacia podlo\u017eka na spanie siv\u00e1 &nbsp; materi\u00e1l: pls\u0165+ PVC. rozmer po naf\u00faknut\u00ed: 135x70cm. pr\u00edslu\u0161enstvo: 1x \u00falo\u017en\u00e1&hellip;<\/p>\n","protected":false},"featured_media":1287,"template":"","meta":{"_monsterinsights_skip_tracking":false,"_monsterinsights_sitenote_active":false,"_monsterinsights_sitenote_note":"","_monsterinsights_sitenote_category":0},"product_cat":[38,61,64],"product_tag":[],"class_list":{"0":"post-1286","1":"product","2":"type-product","3":"status-publish","4":"has-post-thumbnail","6":"product_cat-auto","7":"product_cat-gift","8":"product_cat-health","10":"first","11":"instock","12":"sale","13":"shipping-taxable","14":"purchasable","15":"product-type-simple"},"yoast_head":"<!-- This site is optimized with the Yoast SEO plugin v23.6 - https:\/\/yoast.com\/wordpress\/plugins\/seo\/ -->\n<title>Car Inflatable Bed, Air Mattress Sleeping Pad Grey - Arduino e-shop<\/title>\n<meta name=\"robots\" content=\"index, follow, max-snippet:-1, max-image-preview:large, max-video-preview:-1\" \/>\n<link rel=\"canonical\" href=\"https:\/\/www.onetimenexttime.sk\/arduino\/index.php\/produkt\/car-inflatable-bed-air-mattress-sleeping-pad-grey\/\" \/>\n<meta property=\"og:locale\" content=\"sk_SK\" \/>\n<meta property=\"og:type\" content=\"article\" \/>\n<meta property=\"og:title\" content=\"Car Inflatable Bed, Air Mattress Sleeping Pad Grey - Arduino e-shop\" \/>\n<meta property=\"og:description\" content=\"Nafukovacia poste\u013e do auta, nafukovacia podlo\u017eka na spanie siv\u00e1 &nbsp; materi\u00e1l: pls\u0165+ PVC. rozmer po naf\u00faknut\u00ed: 135x70cm. pr\u00edslu\u0161enstvo: 1x \u00falo\u017en\u00e1&hellip;\" \/>\n<meta property=\"og:url\" content=\"https:\/\/www.onetimenexttime.sk\/arduino\/index.php\/produkt\/car-inflatable-bed-air-mattress-sleeping-pad-grey\/\" \/>\n<meta property=\"og:site_name\" content=\"Arduino e-shop\" \/>\n<meta property=\"article:modified_time\" content=\"2021-11-10T14:10:15+00:00\" \/>\n<meta property=\"og:image\" content=\"https:\/\/www.onetimenexttime.sk\/arduino\/wp-content\/uploads\/2021\/11\/387.jpg\" \/>\n\t<meta property=\"og:image:width\" content=\"735\" \/>\n\t<meta property=\"og:image:height\" content=\"728\" \/>\n\t<meta property=\"og:image:type\" content=\"image\/jpeg\" \/>\n<meta name=\"twitter:card\" content=\"summary_large_image\" \/>\n<meta name=\"twitter:label1\" content=\"Predpokladan\u00fd \u010das \u010d\u00edtania\" \/>\n\t<meta name=\"twitter:data1\" content=\"1 min\u00fata\" \/>\n<script type=\"application\/ld+json\" class=\"yoast-schema-graph\">{\"@context\":\"https:\/\/schema.org\",\"@graph\":[{\"@type\":\"WebPage\",\"@id\":\"https:\/\/www.onetimenexttime.sk\/arduino\/index.php\/produkt\/car-inflatable-bed-air-mattress-sleeping-pad-grey\/\",\"url\":\"https:\/\/www.onetimenexttime.sk\/arduino\/index.php\/produkt\/car-inflatable-bed-air-mattress-sleeping-pad-grey\/\",\"name\":\"Car Inflatable Bed, Air Mattress Sleeping Pad Grey - Arduino e-shop\",\"isPartOf\":{\"@id\":\"https:\/\/www.onetimenexttime.sk\/arduino\/#website\"},\"primaryImageOfPage\":{\"@id\":\"https:\/\/www.onetimenexttime.sk\/arduino\/index.php\/produkt\/car-inflatable-bed-air-mattress-sleeping-pad-grey\/#primaryimage\"},\"image\":{\"@id\":\"https:\/\/www.onetimenexttime.sk\/arduino\/index.php\/produkt\/car-inflatable-bed-air-mattress-sleeping-pad-grey\/#primaryimage\"},\"thumbnailUrl\":\"https:\/\/www.onetimenexttime.sk\/arduino\/wp-content\/uploads\/2021\/11\/387.jpg\",\"datePublished\":\"2021-11-10T14:04:56+00:00\",\"dateModified\":\"2021-11-10T14:10:15+00:00\",\"breadcrumb\":{\"@id\":\"https:\/\/www.onetimenexttime.sk\/arduino\/index.php\/produkt\/car-inflatable-bed-air-mattress-sleeping-pad-grey\/#breadcrumb\"},\"inLanguage\":\"sk-SK\",\"potentialAction\":[{\"@type\":\"ReadAction\",\"target\":[\"https:\/\/www.onetimenexttime.sk\/arduino\/index.php\/produkt\/car-inflatable-bed-air-mattress-sleeping-pad-grey\/\"]}]},{\"@type\":\"ImageObject\",\"inLanguage\":\"sk-SK\",\"@id\":\"https:\/\/www.onetimenexttime.sk\/arduino\/index.php\/produkt\/car-inflatable-bed-air-mattress-sleeping-pad-grey\/#primaryimage\",\"url\":\"https:\/\/www.onetimenexttime.sk\/arduino\/wp-content\/uploads\/2021\/11\/387.jpg\",\"contentUrl\":\"https:\/\/www.onetimenexttime.sk\/arduino\/wp-content\/uploads\/2021\/11\/387.jpg\",\"width\":735,\"height\":728},{\"@type\":\"BreadcrumbList\",\"@id\":\"https:\/\/www.onetimenexttime.sk\/arduino\/index.php\/produkt\/car-inflatable-bed-air-mattress-sleeping-pad-grey\/#breadcrumb\",\"itemListElement\":[{\"@type\":\"ListItem\",\"position\":1,\"name\":\"Domov\",\"item\":\"https:\/\/www.onetimenexttime.sk\/arduino\/\"},{\"@type\":\"ListItem\",\"position\":2,\"name\":\"Obchod\",\"item\":\"https:\/\/www.onetimenexttime.sk\/arduino\/\"},{\"@type\":\"ListItem\",\"position\":3,\"name\":\"Car Inflatable Bed, Air Mattress Sleeping Pad Grey\"}]},{\"@type\":\"WebSite\",\"@id\":\"https:\/\/www.onetimenexttime.sk\/arduino\/#website\",\"url\":\"https:\/\/www.onetimenexttime.sk\/arduino\/\",\"name\":\"Arduino e-shop\",\"description\":\"Home Assistant\",\"potentialAction\":[{\"@type\":\"SearchAction\",\"target\":{\"@type\":\"EntryPoint\",\"urlTemplate\":\"https:\/\/www.onetimenexttime.sk\/arduino\/?s={search_term_string}\"},\"query-input\":{\"@type\":\"PropertyValueSpecification\",\"valueRequired\":true,\"valueName\":\"search_term_string\"}}],\"inLanguage\":\"sk-SK\"}]}<\/script>\n<!-- \/ Yoast SEO plugin. -->","yoast_head_json":{"title":"Car Inflatable Bed, Air Mattress Sleeping Pad Grey - Arduino e-shop","robots":{"index":"index","follow":"follow","max-snippet":"max-snippet:-1","max-image-preview":"max-image-preview:large","max-video-preview":"max-video-preview:-1"},"canonical":"https:\/\/www.onetimenexttime.sk\/arduino\/index.php\/produkt\/car-inflatable-bed-air-mattress-sleeping-pad-grey\/","og_locale":"sk_SK","og_type":"article","og_title":"Car Inflatable Bed, Air Mattress Sleeping Pad Grey - Arduino e-shop","og_description":"Nafukovacia poste\u013e do auta, nafukovacia podlo\u017eka na spanie siv\u00e1 &nbsp; materi\u00e1l: pls\u0165+ PVC. rozmer po naf\u00faknut\u00ed: 135x70cm. pr\u00edslu\u0161enstvo: 1x \u00falo\u017en\u00e1&hellip;","og_url":"https:\/\/www.onetimenexttime.sk\/arduino\/index.php\/produkt\/car-inflatable-bed-air-mattress-sleeping-pad-grey\/","og_site_name":"Arduino e-shop","article_modified_time":"2021-11-10T14:10:15+00:00","og_image":[{"width":735,"height":728,"url":"https:\/\/www.onetimenexttime.sk\/arduino\/wp-content\/uploads\/2021\/11\/387.jpg","type":"image\/jpeg"}],"twitter_card":"summary_large_image","twitter_misc":{"Predpokladan\u00fd \u010das \u010d\u00edtania":"1 min\u00fata"},"schema":{"@context":"https:\/\/schema.org","@graph":[{"@type":"WebPage","@id":"https:\/\/www.onetimenexttime.sk\/arduino\/index.php\/produkt\/car-inflatable-bed-air-mattress-sleeping-pad-grey\/","url":"https:\/\/www.onetimenexttime.sk\/arduino\/index.php\/produkt\/car-inflatable-bed-air-mattress-sleeping-pad-grey\/","name":"Car Inflatable Bed, Air Mattress Sleeping Pad Grey - Arduino e-shop","isPartOf":{"@id":"https:\/\/www.onetimenexttime.sk\/arduino\/#website"},"primaryImageOfPage":{"@id":"https:\/\/www.onetimenexttime.sk\/arduino\/index.php\/produkt\/car-inflatable-bed-air-mattress-sleeping-pad-grey\/#primaryimage"},"image":{"@id":"https:\/\/www.onetimenexttime.sk\/arduino\/index.php\/produkt\/car-inflatable-bed-air-mattress-sleeping-pad-grey\/#primaryimage"},"thumbnailUrl":"https:\/\/www.onetimenexttime.sk\/arduino\/wp-content\/uploads\/2021\/11\/387.jpg","datePublished":"2021-11-10T14:04:56+00:00","dateModified":"2021-11-10T14:10:15+00:00","breadcrumb":{"@id":"https:\/\/www.onetimenexttime.sk\/arduino\/index.php\/produkt\/car-inflatable-bed-air-mattress-sleeping-pad-grey\/#breadcrumb"},"inLanguage":"sk-SK","potentialAction":[{"@type":"ReadAction","target":["https:\/\/www.onetimenexttime.sk\/arduino\/index.php\/produkt\/car-inflatable-bed-air-mattress-sleeping-pad-grey\/"]}]},{"@type":"ImageObject","inLanguage":"sk-SK","@id":"https:\/\/www.onetimenexttime.sk\/arduino\/index.php\/produkt\/car-inflatable-bed-air-mattress-sleeping-pad-grey\/#primaryimage","url":"https:\/\/www.onetimenexttime.sk\/arduino\/wp-content\/uploads\/2021\/11\/387.jpg","contentUrl":"https:\/\/www.onetimenexttime.sk\/arduino\/wp-content\/uploads\/2021\/11\/387.jpg","width":735,"height":728},{"@type":"BreadcrumbList","@id":"https:\/\/www.onetimenexttime.sk\/arduino\/index.php\/produkt\/car-inflatable-bed-air-mattress-sleeping-pad-grey\/#breadcrumb","itemListElement":[{"@type":"ListItem","position":1,"name":"Domov","item":"https:\/\/www.onetimenexttime.sk\/arduino\/"},{"@type":"ListItem","position":2,"name":"Obchod","item":"https:\/\/www.onetimenexttime.sk\/arduino\/"},{"@type":"ListItem","position":3,"name":"Car Inflatable Bed, Air Mattress Sleeping Pad Grey"}]},{"@type":"WebSite","@id":"https:\/\/www.onetimenexttime.sk\/arduino\/#website","url":"https:\/\/www.onetimenexttime.sk\/arduino\/","name":"Arduino e-shop","description":"Home Assistant","potentialAction":[{"@type":"SearchAction","target":{"@type":"EntryPoint","urlTemplate":"https:\/\/www.onetimenexttime.sk\/arduino\/?s={search_term_string}"},"query-input":{"@type":"PropertyValueSpecification","valueRequired":true,"valueName":"search_term_string"}}],"inLanguage":"sk-SK"}]}},"_links":{"self":[{"href":"https:\/\/www.onetimenexttime.sk\/arduino\/index.php\/wp-json\/wp\/v2\/product\/1286"}],"collection":[{"href":"https:\/\/www.onetimenexttime.sk\/arduino\/index.php\/wp-json\/wp\/v2\/product"}],"about":[{"href":"https:\/\/www.onetimenexttime.sk\/arduino\/index.php\/wp-json\/wp\/v2\/types\/product"}],"wp:featuredmedia":[{"embeddable":true,"href":"https:\/\/www.onetimenexttime.sk\/arduino\/index.php\/wp-json\/wp\/v2\/media\/1287"}],"wp:attachment":[{"href":"https:\/\/www.onetimenexttime.sk\/arduino\/index.php\/wp-json\/wp\/v2\/media?parent=1286"}],"wp:term":[{"taxonomy":"product_cat","embeddable":true,"href":"https:\/\/www.onetimenexttime.sk\/arduino\/index.php\/wp-json\/wp\/v2\/product_cat?post=1286"},{"taxonomy":"product_tag","embeddable":true,"href":"https:\/\/www.onetimenexttime.sk\/arduino\/index.php\/wp-json\/wp\/v2\/product_tag?post=1286"}],"curies":[{"name":"wp","href":"https:\/\/api.w.org\/{rel}","templated":true}]}}