{"id":1282,"date":"2021-11-10T12:52:08","date_gmt":"2021-11-10T11:52:08","guid":{"rendered":"https:\/\/www.onetimenexttime.sk\/arduino\/?post_type=product&#038;p=1282"},"modified":"2021-11-10T12:55:03","modified_gmt":"2021-11-10T11:55:03","slug":"wireless-phone-chargers-for-iphone-receiver-ti-qi-wireless-charging-receiver-card","status":"publish","type":"product","link":"https:\/\/www.onetimenexttime.sk\/arduino\/index.php\/produkt\/wireless-phone-chargers-for-iphone-receiver-ti-qi-wireless-charging-receiver-card\/","title":{"rendered":"Wireless Phone Chargers for iPhone Receiver TI Qi Wireless Charging Receiver Card"},"content":{"rendered":"<h2>Bezdr\u00f4tov\u00e9 nab\u00edja\u010dky telef\u00f3nu pre prij\u00edma\u010d iPhone TI Qi bezdr\u00f4tov\u00e1 nab\u00edjacia karta prij\u00edma\u010da<\/h2>\n<p>&nbsp;<\/p>\n<p>Prij\u00edma\u010d bezdr\u00f4tovej nab\u00edja\u010dky USB QI Induk\u010dn\u00fd cievkov\u00fd prij\u00edma\u010d pre iPhone\u00a0 prij\u00edma\u010d bezdr\u00f4tov\u00e9ho nab\u00edjania<\/p>\n<p>&nbsp;<\/p>\n<p>Bezdr\u00f4tov\u00fd prij\u00edma\u010d vyu\u017e\u00edvaj\u00faci \u010dip TI. Chcete ma\u0165 nov\u00fa nab\u00edja\u010dku na nab\u00edjanie mobilu?<br \/>\nAk \u00e1no, bezdr\u00f4tov\u00e1 nab\u00edja\u010dka QI a k\u00e1bel USB s\u00fa dobrou vo\u013ebou. Je \u0161peci\u00e1lne navrhnut\u00fd na nab\u00edjanie telef\u00f3nu, dokonale nabije v\u00e1\u0161 telef\u00f3n. S pripojenou bat\u00e9riou telef\u00f3nu m\u00e1 vysok\u00fa premenu energie. Pon\u00faka v\u00e1m jednoduch\u00e9 bezdr\u00f4tov\u00e9 nab\u00edjanie bez toho, aby ste museli prip\u00e1ja\u0165 alebo odp\u00e1ja\u0165 nab\u00edja\u010dku, pohodlne sa pou\u017e\u00edva a je vysoko efekt\u00edvne.<\/p>\n<p>S IOS USB k\u00e1blom m\u00e1 extra \u013eahk\u00fd a kompaktn\u00fd dizajn. Verte n\u00e1m, \u017ee tento funk\u010dn\u00fd bezdr\u00f4tov\u00fd prij\u00edma\u010d dok\u00e1\u017ee poskytn\u00fa\u0165 telef\u00f3nu dostato\u010dn\u00fa menu. (Bezdr\u00f4tov\u00e1 nab\u00edja\u010dka NIE JE s\u00fa\u010das\u0165ou balenia)<\/p>\n<p>Vlastnosti:<br \/>\n&#8211; 100% \u00faplne nov\u00fd a vysoko kvalitn\u00fd.<br \/>\n&#8211; Ultra tenk\u00fd dizajn, kompaktn\u00fd a \u013eahk\u00fd bez zv\u00fd\u0161enia dodato\u010dnej hmotnosti.<br \/>\n&#8211; Jednoduch\u00e1 mont\u00e1\u017e a demont\u00e1\u017e, pohodln\u00e9 pou\u017eitie.<br \/>\n&#8211; Pridan\u00edm funkcie bezdr\u00f4tov\u00e9ho nab\u00edjania do v\u00e1\u0161ho telef\u00f3nu funguje dobre s akouko\u013evek nab\u00edja\u010dkou s podporou Qi.<br \/>\n&#8211; Prij\u00edma\u010d m\u00f4\u017ee by\u0165 neust\u00e1le pripojen\u00fd k bat\u00e9rii a nepreru\u0161\u00ed be\u017en\u00e9 pou\u017e\u00edvanie telef\u00f3nu.<br \/>\n&#8211; Vstupn\u00e9 nap\u00e4tie: 5V,<br \/>\n&#8211; V\u00fdstupn\u00e9 nap\u00e4tie: 5V<br \/>\n&#8211; Nab\u00edjac\u00ed pr\u00fad: 800 mAh.<br \/>\n&#8211; Ve\u013ekos\u0165: 113*44*1,3mm<\/p>\n<p>In\u0161trukcie:<br \/>\n1.Zapojte do nab\u00edjacieho portu telef\u00f3nu.<br \/>\n2. Roztrhnite plastov\u00fa f\u00f3liu a potom nalepte \u0161t\u00edtok na zadn\u00fd kryt telef\u00f3nu.<br \/>\n3. Drop dobre nain\u0161talovan\u00fd telef\u00f3n jeden bezdr\u00f4tov\u00e9 nab\u00edjanie pre r\u00fdchle induk\u010dn\u00e9 nab\u00edjanie<\/p>\n<p>Balenie obsahuje:<br \/>\n1 ks * Prij\u00edma\u010d bezdr\u00f4tovej nab\u00edja\u010dky<\/p>\n","protected":false},"excerpt":{"rendered":"<p>Bezdr\u00f4tov\u00e9 nab\u00edja\u010dky telef\u00f3nu pre prij\u00edma\u010d iPhone TI Qi bezdr\u00f4tov\u00e1 nab\u00edjacia karta prij\u00edma\u010da &nbsp; Prij\u00edma\u010d bezdr\u00f4tovej nab\u00edja\u010dky USB QI Induk\u010dn\u00fd cievkov\u00fd&hellip;<\/p>\n","protected":false},"featured_media":1283,"template":"","meta":{"_monsterinsights_skip_tracking":false,"_monsterinsights_sitenote_active":false,"_monsterinsights_sitenote_note":"","_monsterinsights_sitenote_category":0},"product_cat":[49,39,21],"product_tag":[],"class_list":{"0":"post-1282","1":"product","2":"type-product","3":"status-publish","4":"has-post-thumbnail","6":"product_cat-cable","7":"product_cat-mobil-gsm","8":"product_cat-pw","10":"first","11":"instock","12":"shipping-taxable","13":"purchasable","14":"product-type-simple"},"yoast_head":"<!-- This site is optimized with the Yoast SEO plugin v23.6 - https:\/\/yoast.com\/wordpress\/plugins\/seo\/ -->\n<title>Wireless Phone Chargers for iPhone Receiver TI Qi Wireless Charging Receiver Card - Arduino e-shop<\/title>\n<meta name=\"robots\" content=\"index, follow, max-snippet:-1, max-image-preview:large, max-video-preview:-1\" \/>\n<link rel=\"canonical\" href=\"https:\/\/www.onetimenexttime.sk\/arduino\/index.php\/produkt\/wireless-phone-chargers-for-iphone-receiver-ti-qi-wireless-charging-receiver-card\/\" \/>\n<meta property=\"og:locale\" content=\"sk_SK\" \/>\n<meta property=\"og:type\" content=\"article\" \/>\n<meta property=\"og:title\" content=\"Wireless Phone Chargers for iPhone Receiver TI Qi Wireless Charging Receiver Card - Arduino e-shop\" \/>\n<meta property=\"og:description\" content=\"Bezdr\u00f4tov\u00e9 nab\u00edja\u010dky telef\u00f3nu pre prij\u00edma\u010d iPhone TI Qi bezdr\u00f4tov\u00e1 nab\u00edjacia karta prij\u00edma\u010da &nbsp; Prij\u00edma\u010d bezdr\u00f4tovej nab\u00edja\u010dky USB QI Induk\u010dn\u00fd cievkov\u00fd&hellip;\" \/>\n<meta property=\"og:url\" content=\"https:\/\/www.onetimenexttime.sk\/arduino\/index.php\/produkt\/wireless-phone-chargers-for-iphone-receiver-ti-qi-wireless-charging-receiver-card\/\" \/>\n<meta property=\"og:site_name\" content=\"Arduino e-shop\" \/>\n<meta property=\"article:modified_time\" content=\"2021-11-10T11:55:03+00:00\" \/>\n<meta property=\"og:image\" content=\"https:\/\/www.onetimenexttime.sk\/arduino\/wp-content\/uploads\/2021\/11\/385.webp\" \/>\n\t<meta property=\"og:image:width\" content=\"800\" \/>\n\t<meta property=\"og:image:height\" content=\"800\" \/>\n\t<meta property=\"og:image:type\" content=\"image\/webp\" \/>\n<meta name=\"twitter:card\" content=\"summary_large_image\" \/>\n<meta name=\"twitter:label1\" content=\"Predpokladan\u00fd \u010das \u010d\u00edtania\" \/>\n\t<meta name=\"twitter:data1\" content=\"1 min\u00fata\" \/>\n<script type=\"application\/ld+json\" class=\"yoast-schema-graph\">{\"@context\":\"https:\/\/schema.org\",\"@graph\":[{\"@type\":\"WebPage\",\"@id\":\"https:\/\/www.onetimenexttime.sk\/arduino\/index.php\/produkt\/wireless-phone-chargers-for-iphone-receiver-ti-qi-wireless-charging-receiver-card\/\",\"url\":\"https:\/\/www.onetimenexttime.sk\/arduino\/index.php\/produkt\/wireless-phone-chargers-for-iphone-receiver-ti-qi-wireless-charging-receiver-card\/\",\"name\":\"Wireless Phone Chargers for iPhone Receiver TI Qi Wireless Charging Receiver Card - Arduino e-shop\",\"isPartOf\":{\"@id\":\"https:\/\/www.onetimenexttime.sk\/arduino\/#website\"},\"primaryImageOfPage\":{\"@id\":\"https:\/\/www.onetimenexttime.sk\/arduino\/index.php\/produkt\/wireless-phone-chargers-for-iphone-receiver-ti-qi-wireless-charging-receiver-card\/#primaryimage\"},\"image\":{\"@id\":\"https:\/\/www.onetimenexttime.sk\/arduino\/index.php\/produkt\/wireless-phone-chargers-for-iphone-receiver-ti-qi-wireless-charging-receiver-card\/#primaryimage\"},\"thumbnailUrl\":\"https:\/\/www.onetimenexttime.sk\/arduino\/wp-content\/uploads\/2021\/11\/385.webp\",\"datePublished\":\"2021-11-10T11:52:08+00:00\",\"dateModified\":\"2021-11-10T11:55:03+00:00\",\"breadcrumb\":{\"@id\":\"https:\/\/www.onetimenexttime.sk\/arduino\/index.php\/produkt\/wireless-phone-chargers-for-iphone-receiver-ti-qi-wireless-charging-receiver-card\/#breadcrumb\"},\"inLanguage\":\"sk-SK\",\"potentialAction\":[{\"@type\":\"ReadAction\",\"target\":[\"https:\/\/www.onetimenexttime.sk\/arduino\/index.php\/produkt\/wireless-phone-chargers-for-iphone-receiver-ti-qi-wireless-charging-receiver-card\/\"]}]},{\"@type\":\"ImageObject\",\"inLanguage\":\"sk-SK\",\"@id\":\"https:\/\/www.onetimenexttime.sk\/arduino\/index.php\/produkt\/wireless-phone-chargers-for-iphone-receiver-ti-qi-wireless-charging-receiver-card\/#primaryimage\",\"url\":\"https:\/\/www.onetimenexttime.sk\/arduino\/wp-content\/uploads\/2021\/11\/385.webp\",\"contentUrl\":\"https:\/\/www.onetimenexttime.sk\/arduino\/wp-content\/uploads\/2021\/11\/385.webp\",\"width\":800,\"height\":800},{\"@type\":\"BreadcrumbList\",\"@id\":\"https:\/\/www.onetimenexttime.sk\/arduino\/index.php\/produkt\/wireless-phone-chargers-for-iphone-receiver-ti-qi-wireless-charging-receiver-card\/#breadcrumb\",\"itemListElement\":[{\"@type\":\"ListItem\",\"position\":1,\"name\":\"Domov\",\"item\":\"https:\/\/www.onetimenexttime.sk\/arduino\/\"},{\"@type\":\"ListItem\",\"position\":2,\"name\":\"Obchod\",\"item\":\"https:\/\/www.onetimenexttime.sk\/arduino\/\"},{\"@type\":\"ListItem\",\"position\":3,\"name\":\"Wireless Phone Chargers for iPhone Receiver TI Qi Wireless Charging Receiver Card\"}]},{\"@type\":\"WebSite\",\"@id\":\"https:\/\/www.onetimenexttime.sk\/arduino\/#website\",\"url\":\"https:\/\/www.onetimenexttime.sk\/arduino\/\",\"name\":\"Arduino e-shop\",\"description\":\"Home Assistant\",\"potentialAction\":[{\"@type\":\"SearchAction\",\"target\":{\"@type\":\"EntryPoint\",\"urlTemplate\":\"https:\/\/www.onetimenexttime.sk\/arduino\/?s={search_term_string}\"},\"query-input\":{\"@type\":\"PropertyValueSpecification\",\"valueRequired\":true,\"valueName\":\"search_term_string\"}}],\"inLanguage\":\"sk-SK\"}]}<\/script>\n<!-- \/ Yoast SEO plugin. -->","yoast_head_json":{"title":"Wireless Phone Chargers for iPhone Receiver TI Qi Wireless Charging Receiver Card - Arduino e-shop","robots":{"index":"index","follow":"follow","max-snippet":"max-snippet:-1","max-image-preview":"max-image-preview:large","max-video-preview":"max-video-preview:-1"},"canonical":"https:\/\/www.onetimenexttime.sk\/arduino\/index.php\/produkt\/wireless-phone-chargers-for-iphone-receiver-ti-qi-wireless-charging-receiver-card\/","og_locale":"sk_SK","og_type":"article","og_title":"Wireless Phone Chargers for iPhone Receiver TI Qi Wireless Charging Receiver Card - Arduino e-shop","og_description":"Bezdr\u00f4tov\u00e9 nab\u00edja\u010dky telef\u00f3nu pre prij\u00edma\u010d iPhone TI Qi bezdr\u00f4tov\u00e1 nab\u00edjacia karta prij\u00edma\u010da &nbsp; Prij\u00edma\u010d bezdr\u00f4tovej nab\u00edja\u010dky USB QI Induk\u010dn\u00fd cievkov\u00fd&hellip;","og_url":"https:\/\/www.onetimenexttime.sk\/arduino\/index.php\/produkt\/wireless-phone-chargers-for-iphone-receiver-ti-qi-wireless-charging-receiver-card\/","og_site_name":"Arduino e-shop","article_modified_time":"2021-11-10T11:55:03+00:00","og_image":[{"width":800,"height":800,"url":"https:\/\/www.onetimenexttime.sk\/arduino\/wp-content\/uploads\/2021\/11\/385.webp","type":"image\/webp"}],"twitter_card":"summary_large_image","twitter_misc":{"Predpokladan\u00fd \u010das \u010d\u00edtania":"1 min\u00fata"},"schema":{"@context":"https:\/\/schema.org","@graph":[{"@type":"WebPage","@id":"https:\/\/www.onetimenexttime.sk\/arduino\/index.php\/produkt\/wireless-phone-chargers-for-iphone-receiver-ti-qi-wireless-charging-receiver-card\/","url":"https:\/\/www.onetimenexttime.sk\/arduino\/index.php\/produkt\/wireless-phone-chargers-for-iphone-receiver-ti-qi-wireless-charging-receiver-card\/","name":"Wireless Phone Chargers for iPhone Receiver TI Qi Wireless Charging Receiver Card - Arduino e-shop","isPartOf":{"@id":"https:\/\/www.onetimenexttime.sk\/arduino\/#website"},"primaryImageOfPage":{"@id":"https:\/\/www.onetimenexttime.sk\/arduino\/index.php\/produkt\/wireless-phone-chargers-for-iphone-receiver-ti-qi-wireless-charging-receiver-card\/#primaryimage"},"image":{"@id":"https:\/\/www.onetimenexttime.sk\/arduino\/index.php\/produkt\/wireless-phone-chargers-for-iphone-receiver-ti-qi-wireless-charging-receiver-card\/#primaryimage"},"thumbnailUrl":"https:\/\/www.onetimenexttime.sk\/arduino\/wp-content\/uploads\/2021\/11\/385.webp","datePublished":"2021-11-10T11:52:08+00:00","dateModified":"2021-11-10T11:55:03+00:00","breadcrumb":{"@id":"https:\/\/www.onetimenexttime.sk\/arduino\/index.php\/produkt\/wireless-phone-chargers-for-iphone-receiver-ti-qi-wireless-charging-receiver-card\/#breadcrumb"},"inLanguage":"sk-SK","potentialAction":[{"@type":"ReadAction","target":["https:\/\/www.onetimenexttime.sk\/arduino\/index.php\/produkt\/wireless-phone-chargers-for-iphone-receiver-ti-qi-wireless-charging-receiver-card\/"]}]},{"@type":"ImageObject","inLanguage":"sk-SK","@id":"https:\/\/www.onetimenexttime.sk\/arduino\/index.php\/produkt\/wireless-phone-chargers-for-iphone-receiver-ti-qi-wireless-charging-receiver-card\/#primaryimage","url":"https:\/\/www.onetimenexttime.sk\/arduino\/wp-content\/uploads\/2021\/11\/385.webp","contentUrl":"https:\/\/www.onetimenexttime.sk\/arduino\/wp-content\/uploads\/2021\/11\/385.webp","width":800,"height":800},{"@type":"BreadcrumbList","@id":"https:\/\/www.onetimenexttime.sk\/arduino\/index.php\/produkt\/wireless-phone-chargers-for-iphone-receiver-ti-qi-wireless-charging-receiver-card\/#breadcrumb","itemListElement":[{"@type":"ListItem","position":1,"name":"Domov","item":"https:\/\/www.onetimenexttime.sk\/arduino\/"},{"@type":"ListItem","position":2,"name":"Obchod","item":"https:\/\/www.onetimenexttime.sk\/arduino\/"},{"@type":"ListItem","position":3,"name":"Wireless Phone Chargers for iPhone Receiver TI Qi Wireless Charging Receiver Card"}]},{"@type":"WebSite","@id":"https:\/\/www.onetimenexttime.sk\/arduino\/#website","url":"https:\/\/www.onetimenexttime.sk\/arduino\/","name":"Arduino e-shop","description":"Home Assistant","potentialAction":[{"@type":"SearchAction","target":{"@type":"EntryPoint","urlTemplate":"https:\/\/www.onetimenexttime.sk\/arduino\/?s={search_term_string}"},"query-input":{"@type":"PropertyValueSpecification","valueRequired":true,"valueName":"search_term_string"}}],"inLanguage":"sk-SK"}]}},"_links":{"self":[{"href":"https:\/\/www.onetimenexttime.sk\/arduino\/index.php\/wp-json\/wp\/v2\/product\/1282"}],"collection":[{"href":"https:\/\/www.onetimenexttime.sk\/arduino\/index.php\/wp-json\/wp\/v2\/product"}],"about":[{"href":"https:\/\/www.onetimenexttime.sk\/arduino\/index.php\/wp-json\/wp\/v2\/types\/product"}],"wp:featuredmedia":[{"embeddable":true,"href":"https:\/\/www.onetimenexttime.sk\/arduino\/index.php\/wp-json\/wp\/v2\/media\/1283"}],"wp:attachment":[{"href":"https:\/\/www.onetimenexttime.sk\/arduino\/index.php\/wp-json\/wp\/v2\/media?parent=1282"}],"wp:term":[{"taxonomy":"product_cat","embeddable":true,"href":"https:\/\/www.onetimenexttime.sk\/arduino\/index.php\/wp-json\/wp\/v2\/product_cat?post=1282"},{"taxonomy":"product_tag","embeddable":true,"href":"https:\/\/www.onetimenexttime.sk\/arduino\/index.php\/wp-json\/wp\/v2\/product_tag?post=1282"}],"curies":[{"name":"wp","href":"https:\/\/api.w.org\/{rel}","templated":true}]}}