{"id":128,"date":"2021-10-17T23:20:13","date_gmt":"2021-10-17T21:20:13","guid":{"rendered":"https:\/\/www.onetimenexttime.sk\/arduino\/?post_type=product&#038;p=128"},"modified":"2024-02-22T22:38:39","modified_gmt":"2024-02-22T21:38:39","slug":"vykonova-cievka-serie-ly2nj-12v-dc-miniaturne-rele-dpdt-8-pinov-10a-240vac-ly2-hh62p-ly2-jqx-13f-so-zasuvkovou-zakladnou-ptf08a","status":"publish","type":"product","link":"https:\/\/www.onetimenexttime.sk\/arduino\/index.php\/produkt\/vykonova-cievka-serie-ly2nj-12v-dc-miniaturne-rele-dpdt-8-pinov-10a-240vac-ly2-hh62p-ly2-jqx-13f-so-zasuvkovou-zakladnou-ptf08a\/","title":{"rendered":"V\u00fdkonov\u00e1 cievka s\u00e9rie LY2NJ 12V DC miniat\u00farne rel\u00e9 DPDT 8 pinov 10A 240VAC LY2 HH62P LY2 JQX-13F so z\u00e1suvkovou z\u00e1klad\u0148ou PTF08A"},"content":{"rendered":"<p>&nbsp;<\/p>\n<h1>Inform\u00e1cie o v\u00fdkonovej cievke s\u00e9rie LY2NJ HH62P\/JQX-13F\/LY2 PTF08A<\/h1>\n<table>\n<tbody>\n<tr>\n<th>Popis<\/th>\n<td>V\u00fdkonov\u00e1 cievka s\u00e9rie LY2NJ 12V DC miniat\u00farne rel\u00e9 DPDT 8 pinov 10A 240VAC LY2 HH62P LY2 JQX-13F so z\u00e1suvkovou z\u00e1klad\u0148ou PTF08A<\/td>\n<\/tr>\n<tr>\n<th>Vlastnosti<\/th>\n<td>Sp\u00ednacie rel\u00e9 s dvoma prep\u00edna\u010dmi (DPDT), pr\u00fadov\u00e1 kapacita 10A pri 240V AC, miniat\u00farna ve\u013ekos\u0165, nap\u00e1janie 12V DC, 8 pinov, so z\u00e1suvkovou z\u00e1klad\u0148ou PTF08A.<\/td>\n<\/tr>\n<tr>\n<th>\u0160pecifik\u00e1cie<\/th>\n<td>Nap\u00e4tie: 12V DC<br \/>\nPo\u010det pinov: 8<br \/>\nKapacita: 10A pri 240V AC<br \/>\nTyp rel\u00e9: DPDT (dvojit\u00fd prep\u00edna\u010d)<br \/>\nMiniat\u00farna ve\u013ekos\u0165<br \/>\nModel: LY2NJ, HH62P, JQX-13F<br \/>\nS\u00fa\u010das\u0165ou je z\u00e1suvkov\u00e1 z\u00e1klad\u0148a PTF08A<\/td>\n<\/tr>\n<tr>\n<th>Pr\u00edklady pou\u017eitia<\/th>\n<td>&#8211; Ovl\u00e1danie spotrebi\u010dov<br \/>\n&#8211; Automatiz\u00e1cia dom\u00e1cnosti<br \/>\n&#8211; Pou\u017eitie v elektronick\u00fdch projektov<\/td>\n<\/tr>\n<tr>\n<th>Pr\u00edkladov\u00fd k\u00f3d pre Arduino<\/th>\n<td>\nconst int relayPin = 10;void setup() {<br \/>\npinMode(relayPin, OUTPUT);<br \/>\n}<\/p>\n<p>void loop() {<br \/>\ndigitalWrite(relayPin, HIGH); \/\/ Zapnutie rel\u00e9<br \/>\ndelay(1000); \/\/ Po\u010dkaj sekundu<br \/>\ndigitalWrite(relayPin, LOW); \/\/ Vypnutie rel\u00e9<br \/>\ndelay(1000); \/\/ Po\u010dkaj sekundu<br \/>\n}<br \/>\n&#8220;`<\/td>\n<\/tr>\n<tr>\n<th>Pr\u00edkladov\u00fd k\u00f3d pre ESPHome<\/th>\n<td>\nswitch:<br \/>\n&#8211; platform: gpio<br \/>\nname: &#8220;Relay&#8221;<br \/>\npin: GPIO12<br \/>\n&#8220;`<\/td>\n<\/tr>\n<\/tbody>\n<\/table>\n<p><button>Skop\u00edrova\u0165 k\u00f3d<\/button><\/p>\n<p>&nbsp;<\/p>\n<p><img decoding=\"async\" src=\"https:\/\/ae01.alicdn.com\/kf\/Sd2e348b2bf6e4f5d9be7dd67dbc9ef45n\/1Set-High-quality-12V-24V-DC-110V-220V-AC-Coil-Power-Relay-LY2NJ-DPDT-8-Pin.jpg\" alt=\"1Set High-quality 12V 24V DC 110V 220V AC Coil Power Relay LY2NJ DPDT 8 Pin HH62P  JQX-13F With Socket Base - AliExpress\" \/><\/p>\n<p>&nbsp;<\/p>\n<p>&nbsp;<\/p>\n<p><img decoding=\"async\" src=\"https:\/\/i.ytimg.com\/vi\/DV_XVW4GRsY\/maxresdefault.jpg\" alt=\"Relay Wiring Diagram | Relay Connection | Relay Working Principle | -  YouTube\" \/><\/p>\n<p><img decoding=\"async\" src=\"https:\/\/m.media-amazon.com\/images\/I\/61EErv3VeXL._AC_UF350,350_QL80_.jpg\" alt=\"TPUOTI Power Relay LY2NJ 12V DC Coil Miniature Relay DPDT 8 Pins 10A LY2  HH62P LY2 JQX-13F With PTF08A Socket Base (Size : AC 12V) : Amazon.co.uk:  DIY &amp; Tools\" \/><br \/>\n<img decoding=\"async\" src=\"https:\/\/ae01.alicdn.com\/kf\/HTB19Yaqcq5s3KVjSZFNq6AD3FXah\/1set-LY2NJ-12VDC-24VDC-110VAC-220VAC-Coil-Power-Relay-Mini-Relay-8-Pins-DPDT-10A-LY2N.jpg\" alt=\"1set Ly2nj 12vdc 24vdc 110vac 220vac Coil Power Relay Mini Relay 8 Pins  Dpdt 10a Ly2n-j Hh62p Jqx-13f With Ptf08a Socket Base - Relays - AliExpress\" \/><\/p>\n<p>&nbsp;<\/p>\n<p><img decoding=\"async\" src=\"https:\/\/i0.wp.com\/makerselectronics.com\/wp-content\/uploads\/2022\/01\/s-l1200-5-1200x749.jpg?fit=1200%2C749&amp;ssl=1\" alt=\"Relay LY2NJ 220VAC 10A 8PIN with PTF08A Socket | Makers Electronics\" \/><\/p>\n<p>&nbsp;<\/p>\n<p>Model \u010d: LY2NJ HH62P\/JQX-13F\/LY2 so z\u00e1suvkovou z\u00e1klad\u0148ou PTF08A<\/p>\n<p>Mno\u017estvo: 5 s\u00e1d<br \/>\nNap\u00e4tie cievky: DC 12V<br \/>\nKontaktn\u00e1 kapacita: 10A 240VAC\/28VDC<br \/>\nTyp: DPDT 8 pinov 2NO 2NC<br \/>\nCelkov\u00e1 ve\u013ekos\u0165 (pribli\u017ene): 27 x 20,5 x 35 mm\/1 palca x 0,8 palca x 1,4 palca (D*\u0160*V)<\/p>\n","protected":false},"excerpt":{"rendered":"<p>&nbsp; Inform\u00e1cie o v\u00fdkonovej cievke s\u00e9rie LY2NJ HH62P\/JQX-13F\/LY2 PTF08A Popis V\u00fdkonov\u00e1 cievka s\u00e9rie LY2NJ 12V DC miniat\u00farne rel\u00e9 DPDT 8&hellip;<\/p>\n","protected":false},"featured_media":129,"template":"","meta":{"_monsterinsights_skip_tracking":false,"_monsterinsights_sitenote_active":false,"_monsterinsights_sitenote_note":"","_monsterinsights_sitenote_category":0},"product_cat":[16,17,19],"product_tag":[],"class_list":{"0":"post-128","1":"product","2":"type-product","3":"status-publish","4":"has-post-thumbnail","6":"product_cat-ard","7":"product_cat-modul","8":"product_cat-rele","10":"first","11":"instock","12":"shipping-taxable","13":"purchasable","14":"product-type-simple"},"yoast_head":"<!-- This site is optimized with the Yoast SEO plugin v23.6 - https:\/\/yoast.com\/wordpress\/plugins\/seo\/ -->\n<title>V\u00fdkonov\u00e1 cievka s\u00e9rie LY2NJ 12V DC miniat\u00farne rel\u00e9 DPDT 8 pinov 10A 240VAC LY2 HH62P LY2 JQX-13F so z\u00e1suvkovou z\u00e1klad\u0148ou PTF08A - Arduino e-shop<\/title>\n<meta name=\"robots\" content=\"index, follow, max-snippet:-1, max-image-preview:large, max-video-preview:-1\" \/>\n<link rel=\"canonical\" href=\"https:\/\/www.onetimenexttime.sk\/arduino\/index.php\/produkt\/vykonova-cievka-serie-ly2nj-12v-dc-miniaturne-rele-dpdt-8-pinov-10a-240vac-ly2-hh62p-ly2-jqx-13f-so-zasuvkovou-zakladnou-ptf08a\/\" \/>\n<meta property=\"og:locale\" content=\"sk_SK\" \/>\n<meta property=\"og:type\" content=\"article\" \/>\n<meta property=\"og:title\" content=\"V\u00fdkonov\u00e1 cievka s\u00e9rie LY2NJ 12V DC miniat\u00farne rel\u00e9 DPDT 8 pinov 10A 240VAC LY2 HH62P LY2 JQX-13F so z\u00e1suvkovou z\u00e1klad\u0148ou PTF08A - Arduino e-shop\" \/>\n<meta property=\"og:description\" content=\"&nbsp; Inform\u00e1cie o v\u00fdkonovej cievke s\u00e9rie LY2NJ HH62P\/JQX-13F\/LY2 PTF08A Popis V\u00fdkonov\u00e1 cievka s\u00e9rie LY2NJ 12V DC miniat\u00farne rel\u00e9 DPDT 8&hellip;\" \/>\n<meta property=\"og:url\" content=\"https:\/\/www.onetimenexttime.sk\/arduino\/index.php\/produkt\/vykonova-cievka-serie-ly2nj-12v-dc-miniaturne-rele-dpdt-8-pinov-10a-240vac-ly2-hh62p-ly2-jqx-13f-so-zasuvkovou-zakladnou-ptf08a\/\" \/>\n<meta property=\"og:site_name\" content=\"Arduino e-shop\" \/>\n<meta property=\"article:modified_time\" content=\"2024-02-22T21:38:39+00:00\" \/>\n<meta property=\"og:image\" content=\"https:\/\/www.onetimenexttime.sk\/arduino\/wp-content\/uploads\/2021\/10\/292.jpg\" \/>\n\t<meta property=\"og:image:width\" content=\"504\" \/>\n\t<meta property=\"og:image:height\" content=\"503\" \/>\n\t<meta property=\"og:image:type\" content=\"image\/jpeg\" \/>\n<meta name=\"twitter:card\" content=\"summary_large_image\" \/>\n<meta name=\"twitter:label1\" content=\"Predpokladan\u00fd \u010das \u010d\u00edtania\" \/>\n\t<meta name=\"twitter:data1\" content=\"2 min\u00faty\" \/>\n<script type=\"application\/ld+json\" class=\"yoast-schema-graph\">{\"@context\":\"https:\/\/schema.org\",\"@graph\":[{\"@type\":\"WebPage\",\"@id\":\"https:\/\/www.onetimenexttime.sk\/arduino\/index.php\/produkt\/vykonova-cievka-serie-ly2nj-12v-dc-miniaturne-rele-dpdt-8-pinov-10a-240vac-ly2-hh62p-ly2-jqx-13f-so-zasuvkovou-zakladnou-ptf08a\/\",\"url\":\"https:\/\/www.onetimenexttime.sk\/arduino\/index.php\/produkt\/vykonova-cievka-serie-ly2nj-12v-dc-miniaturne-rele-dpdt-8-pinov-10a-240vac-ly2-hh62p-ly2-jqx-13f-so-zasuvkovou-zakladnou-ptf08a\/\",\"name\":\"V\u00fdkonov\u00e1 cievka s\u00e9rie LY2NJ 12V DC miniat\u00farne rel\u00e9 DPDT 8 pinov 10A 240VAC LY2 HH62P LY2 JQX-13F so z\u00e1suvkovou z\u00e1klad\u0148ou PTF08A - Arduino e-shop\",\"isPartOf\":{\"@id\":\"https:\/\/www.onetimenexttime.sk\/arduino\/#website\"},\"primaryImageOfPage\":{\"@id\":\"https:\/\/www.onetimenexttime.sk\/arduino\/index.php\/produkt\/vykonova-cievka-serie-ly2nj-12v-dc-miniaturne-rele-dpdt-8-pinov-10a-240vac-ly2-hh62p-ly2-jqx-13f-so-zasuvkovou-zakladnou-ptf08a\/#primaryimage\"},\"image\":{\"@id\":\"https:\/\/www.onetimenexttime.sk\/arduino\/index.php\/produkt\/vykonova-cievka-serie-ly2nj-12v-dc-miniaturne-rele-dpdt-8-pinov-10a-240vac-ly2-hh62p-ly2-jqx-13f-so-zasuvkovou-zakladnou-ptf08a\/#primaryimage\"},\"thumbnailUrl\":\"https:\/\/www.onetimenexttime.sk\/arduino\/wp-content\/uploads\/2021\/10\/292.jpg\",\"datePublished\":\"2021-10-17T21:20:13+00:00\",\"dateModified\":\"2024-02-22T21:38:39+00:00\",\"breadcrumb\":{\"@id\":\"https:\/\/www.onetimenexttime.sk\/arduino\/index.php\/produkt\/vykonova-cievka-serie-ly2nj-12v-dc-miniaturne-rele-dpdt-8-pinov-10a-240vac-ly2-hh62p-ly2-jqx-13f-so-zasuvkovou-zakladnou-ptf08a\/#breadcrumb\"},\"inLanguage\":\"sk-SK\",\"potentialAction\":[{\"@type\":\"ReadAction\",\"target\":[\"https:\/\/www.onetimenexttime.sk\/arduino\/index.php\/produkt\/vykonova-cievka-serie-ly2nj-12v-dc-miniaturne-rele-dpdt-8-pinov-10a-240vac-ly2-hh62p-ly2-jqx-13f-so-zasuvkovou-zakladnou-ptf08a\/\"]}]},{\"@type\":\"ImageObject\",\"inLanguage\":\"sk-SK\",\"@id\":\"https:\/\/www.onetimenexttime.sk\/arduino\/index.php\/produkt\/vykonova-cievka-serie-ly2nj-12v-dc-miniaturne-rele-dpdt-8-pinov-10a-240vac-ly2-hh62p-ly2-jqx-13f-so-zasuvkovou-zakladnou-ptf08a\/#primaryimage\",\"url\":\"https:\/\/www.onetimenexttime.sk\/arduino\/wp-content\/uploads\/2021\/10\/292.jpg\",\"contentUrl\":\"https:\/\/www.onetimenexttime.sk\/arduino\/wp-content\/uploads\/2021\/10\/292.jpg\",\"width\":504,\"height\":503},{\"@type\":\"BreadcrumbList\",\"@id\":\"https:\/\/www.onetimenexttime.sk\/arduino\/index.php\/produkt\/vykonova-cievka-serie-ly2nj-12v-dc-miniaturne-rele-dpdt-8-pinov-10a-240vac-ly2-hh62p-ly2-jqx-13f-so-zasuvkovou-zakladnou-ptf08a\/#breadcrumb\",\"itemListElement\":[{\"@type\":\"ListItem\",\"position\":1,\"name\":\"Domov\",\"item\":\"https:\/\/www.onetimenexttime.sk\/arduino\/\"},{\"@type\":\"ListItem\",\"position\":2,\"name\":\"Obchod\",\"item\":\"https:\/\/www.onetimenexttime.sk\/arduino\/\"},{\"@type\":\"ListItem\",\"position\":3,\"name\":\"V\u00fdkonov\u00e1 cievka s\u00e9rie LY2NJ 12V DC miniat\u00farne rel\u00e9 DPDT 8 pinov 10A 240VAC LY2 HH62P LY2 JQX-13F so z\u00e1suvkovou z\u00e1klad\u0148ou PTF08A\"}]},{\"@type\":\"WebSite\",\"@id\":\"https:\/\/www.onetimenexttime.sk\/arduino\/#website\",\"url\":\"https:\/\/www.onetimenexttime.sk\/arduino\/\",\"name\":\"Arduino e-shop\",\"description\":\"Home Assistant\",\"potentialAction\":[{\"@type\":\"SearchAction\",\"target\":{\"@type\":\"EntryPoint\",\"urlTemplate\":\"https:\/\/www.onetimenexttime.sk\/arduino\/?s={search_term_string}\"},\"query-input\":{\"@type\":\"PropertyValueSpecification\",\"valueRequired\":true,\"valueName\":\"search_term_string\"}}],\"inLanguage\":\"sk-SK\"}]}<\/script>\n<!-- \/ Yoast SEO plugin. -->","yoast_head_json":{"title":"V\u00fdkonov\u00e1 cievka s\u00e9rie LY2NJ 12V DC miniat\u00farne rel\u00e9 DPDT 8 pinov 10A 240VAC LY2 HH62P LY2 JQX-13F so z\u00e1suvkovou z\u00e1klad\u0148ou PTF08A - Arduino e-shop","robots":{"index":"index","follow":"follow","max-snippet":"max-snippet:-1","max-image-preview":"max-image-preview:large","max-video-preview":"max-video-preview:-1"},"canonical":"https:\/\/www.onetimenexttime.sk\/arduino\/index.php\/produkt\/vykonova-cievka-serie-ly2nj-12v-dc-miniaturne-rele-dpdt-8-pinov-10a-240vac-ly2-hh62p-ly2-jqx-13f-so-zasuvkovou-zakladnou-ptf08a\/","og_locale":"sk_SK","og_type":"article","og_title":"V\u00fdkonov\u00e1 cievka s\u00e9rie LY2NJ 12V DC miniat\u00farne rel\u00e9 DPDT 8 pinov 10A 240VAC LY2 HH62P LY2 JQX-13F so z\u00e1suvkovou z\u00e1klad\u0148ou PTF08A - Arduino e-shop","og_description":"&nbsp; Inform\u00e1cie o v\u00fdkonovej cievke s\u00e9rie LY2NJ HH62P\/JQX-13F\/LY2 PTF08A Popis V\u00fdkonov\u00e1 cievka s\u00e9rie LY2NJ 12V DC miniat\u00farne rel\u00e9 DPDT 8&hellip;","og_url":"https:\/\/www.onetimenexttime.sk\/arduino\/index.php\/produkt\/vykonova-cievka-serie-ly2nj-12v-dc-miniaturne-rele-dpdt-8-pinov-10a-240vac-ly2-hh62p-ly2-jqx-13f-so-zasuvkovou-zakladnou-ptf08a\/","og_site_name":"Arduino e-shop","article_modified_time":"2024-02-22T21:38:39+00:00","og_image":[{"width":504,"height":503,"url":"https:\/\/www.onetimenexttime.sk\/arduino\/wp-content\/uploads\/2021\/10\/292.jpg","type":"image\/jpeg"}],"twitter_card":"summary_large_image","twitter_misc":{"Predpokladan\u00fd \u010das \u010d\u00edtania":"2 min\u00faty"},"schema":{"@context":"https:\/\/schema.org","@graph":[{"@type":"WebPage","@id":"https:\/\/www.onetimenexttime.sk\/arduino\/index.php\/produkt\/vykonova-cievka-serie-ly2nj-12v-dc-miniaturne-rele-dpdt-8-pinov-10a-240vac-ly2-hh62p-ly2-jqx-13f-so-zasuvkovou-zakladnou-ptf08a\/","url":"https:\/\/www.onetimenexttime.sk\/arduino\/index.php\/produkt\/vykonova-cievka-serie-ly2nj-12v-dc-miniaturne-rele-dpdt-8-pinov-10a-240vac-ly2-hh62p-ly2-jqx-13f-so-zasuvkovou-zakladnou-ptf08a\/","name":"V\u00fdkonov\u00e1 cievka s\u00e9rie LY2NJ 12V DC miniat\u00farne rel\u00e9 DPDT 8 pinov 10A 240VAC LY2 HH62P LY2 JQX-13F so z\u00e1suvkovou z\u00e1klad\u0148ou PTF08A - Arduino e-shop","isPartOf":{"@id":"https:\/\/www.onetimenexttime.sk\/arduino\/#website"},"primaryImageOfPage":{"@id":"https:\/\/www.onetimenexttime.sk\/arduino\/index.php\/produkt\/vykonova-cievka-serie-ly2nj-12v-dc-miniaturne-rele-dpdt-8-pinov-10a-240vac-ly2-hh62p-ly2-jqx-13f-so-zasuvkovou-zakladnou-ptf08a\/#primaryimage"},"image":{"@id":"https:\/\/www.onetimenexttime.sk\/arduino\/index.php\/produkt\/vykonova-cievka-serie-ly2nj-12v-dc-miniaturne-rele-dpdt-8-pinov-10a-240vac-ly2-hh62p-ly2-jqx-13f-so-zasuvkovou-zakladnou-ptf08a\/#primaryimage"},"thumbnailUrl":"https:\/\/www.onetimenexttime.sk\/arduino\/wp-content\/uploads\/2021\/10\/292.jpg","datePublished":"2021-10-17T21:20:13+00:00","dateModified":"2024-02-22T21:38:39+00:00","breadcrumb":{"@id":"https:\/\/www.onetimenexttime.sk\/arduino\/index.php\/produkt\/vykonova-cievka-serie-ly2nj-12v-dc-miniaturne-rele-dpdt-8-pinov-10a-240vac-ly2-hh62p-ly2-jqx-13f-so-zasuvkovou-zakladnou-ptf08a\/#breadcrumb"},"inLanguage":"sk-SK","potentialAction":[{"@type":"ReadAction","target":["https:\/\/www.onetimenexttime.sk\/arduino\/index.php\/produkt\/vykonova-cievka-serie-ly2nj-12v-dc-miniaturne-rele-dpdt-8-pinov-10a-240vac-ly2-hh62p-ly2-jqx-13f-so-zasuvkovou-zakladnou-ptf08a\/"]}]},{"@type":"ImageObject","inLanguage":"sk-SK","@id":"https:\/\/www.onetimenexttime.sk\/arduino\/index.php\/produkt\/vykonova-cievka-serie-ly2nj-12v-dc-miniaturne-rele-dpdt-8-pinov-10a-240vac-ly2-hh62p-ly2-jqx-13f-so-zasuvkovou-zakladnou-ptf08a\/#primaryimage","url":"https:\/\/www.onetimenexttime.sk\/arduino\/wp-content\/uploads\/2021\/10\/292.jpg","contentUrl":"https:\/\/www.onetimenexttime.sk\/arduino\/wp-content\/uploads\/2021\/10\/292.jpg","width":504,"height":503},{"@type":"BreadcrumbList","@id":"https:\/\/www.onetimenexttime.sk\/arduino\/index.php\/produkt\/vykonova-cievka-serie-ly2nj-12v-dc-miniaturne-rele-dpdt-8-pinov-10a-240vac-ly2-hh62p-ly2-jqx-13f-so-zasuvkovou-zakladnou-ptf08a\/#breadcrumb","itemListElement":[{"@type":"ListItem","position":1,"name":"Domov","item":"https:\/\/www.onetimenexttime.sk\/arduino\/"},{"@type":"ListItem","position":2,"name":"Obchod","item":"https:\/\/www.onetimenexttime.sk\/arduino\/"},{"@type":"ListItem","position":3,"name":"V\u00fdkonov\u00e1 cievka s\u00e9rie LY2NJ 12V DC miniat\u00farne rel\u00e9 DPDT 8 pinov 10A 240VAC LY2 HH62P LY2 JQX-13F so z\u00e1suvkovou z\u00e1klad\u0148ou PTF08A"}]},{"@type":"WebSite","@id":"https:\/\/www.onetimenexttime.sk\/arduino\/#website","url":"https:\/\/www.onetimenexttime.sk\/arduino\/","name":"Arduino e-shop","description":"Home Assistant","potentialAction":[{"@type":"SearchAction","target":{"@type":"EntryPoint","urlTemplate":"https:\/\/www.onetimenexttime.sk\/arduino\/?s={search_term_string}"},"query-input":{"@type":"PropertyValueSpecification","valueRequired":true,"valueName":"search_term_string"}}],"inLanguage":"sk-SK"}]}},"_links":{"self":[{"href":"https:\/\/www.onetimenexttime.sk\/arduino\/index.php\/wp-json\/wp\/v2\/product\/128"}],"collection":[{"href":"https:\/\/www.onetimenexttime.sk\/arduino\/index.php\/wp-json\/wp\/v2\/product"}],"about":[{"href":"https:\/\/www.onetimenexttime.sk\/arduino\/index.php\/wp-json\/wp\/v2\/types\/product"}],"wp:featuredmedia":[{"embeddable":true,"href":"https:\/\/www.onetimenexttime.sk\/arduino\/index.php\/wp-json\/wp\/v2\/media\/129"}],"wp:attachment":[{"href":"https:\/\/www.onetimenexttime.sk\/arduino\/index.php\/wp-json\/wp\/v2\/media?parent=128"}],"wp:term":[{"taxonomy":"product_cat","embeddable":true,"href":"https:\/\/www.onetimenexttime.sk\/arduino\/index.php\/wp-json\/wp\/v2\/product_cat?post=128"},{"taxonomy":"product_tag","embeddable":true,"href":"https:\/\/www.onetimenexttime.sk\/arduino\/index.php\/wp-json\/wp\/v2\/product_tag?post=128"}],"curies":[{"name":"wp","href":"https:\/\/api.w.org\/{rel}","templated":true}]}}