{"id":1279,"date":"2021-11-10T12:46:09","date_gmt":"2021-11-10T11:46:09","guid":{"rendered":"https:\/\/www.onetimenexttime.sk\/arduino\/?post_type=product&#038;p=1279"},"modified":"2021-11-10T12:50:48","modified_gmt":"2021-11-10T11:50:48","slug":"tfboys-universal-dual-2-port-12v-car-cigarette-lighter-plug-socket-splitter-dual-usb-2-1a-1a-power-adapter-charger-for-iphone-ipad-ipod-3-1a-mini-car-charger-adapter-and-cigar-socket","status":"publish","type":"product","link":"https:\/\/www.onetimenexttime.sk\/arduino\/index.php\/produkt\/tfboys-universal-dual-2-port-12v-car-cigarette-lighter-plug-socket-splitter-dual-usb-2-1a-1a-power-adapter-charger-for-iphone-ipad-ipod-3-1a-mini-car-charger-adapter-and-cigar-socket\/","title":{"rendered":"Tfboys Universal Dual 2 Port 12v Car Cigarette Lighter Plug Socket Splitter Dual USB 2.1a 1a Power Adapter Charger for Iphone Ipad Ipod 3.1a Mini Car Charger Adapter and Cigar Socket"},"content":{"rendered":"<h2>Tfboys Univerz\u00e1lny Dual 2 Port 12v Zapa\u013eova\u010d do auta Z\u00e1suvka Z\u00e1suvka Rozde\u013eova\u010d Dual USB 2.1a 1a Nap\u00e1jac\u00ed adapt\u00e9r Nab\u00edja\u010dka pre Iphone Ipad Ipod 3.1a Mini adapt\u00e9r do auta a z\u00e1suvka na cigarety<\/h2>\n<p>Dovezen\u00e9 z USA.<br \/>\nTfboys Universal Dual 2 Port 12V z\u00e1str\u010dka do autozapa\u013eova\u010da<br \/>\nRozde\u013eova\u010d z\u00e1suviek Dual USB 2.1a 1a Power Adapter Nab\u00edja\u010dka pre Iphone<br \/>\nIpad Ipod 3.1a Mini adapt\u00e9r do auta a z\u00e1suvka na cigarety<\/p>\n<p><img decoding=\"async\" src=\"https:\/\/images-na.ssl-images-amazon.com\/images\/I\/41PsIn7QTXL.jpg\" \/><\/p>\n","protected":false},"excerpt":{"rendered":"<p>Tfboys Univerz\u00e1lny Dual 2 Port 12v Zapa\u013eova\u010d do auta Z\u00e1suvka Z\u00e1suvka Rozde\u013eova\u010d Dual USB 2.1a 1a Nap\u00e1jac\u00ed adapt\u00e9r Nab\u00edja\u010dka pre&hellip;<\/p>\n","protected":false},"featured_media":1281,"template":"","meta":{"_monsterinsights_skip_tracking":false,"_monsterinsights_sitenote_active":false,"_monsterinsights_sitenote_note":"","_monsterinsights_sitenote_category":0},"product_cat":[38,21],"product_tag":[],"class_list":{"0":"post-1279","1":"product","2":"type-product","3":"status-publish","4":"has-post-thumbnail","6":"product_cat-auto","7":"product_cat-pw","9":"first","10":"instock","11":"sale","12":"shipping-taxable","13":"purchasable","14":"product-type-simple"},"yoast_head":"<!-- This site is optimized with the Yoast SEO plugin v23.6 - https:\/\/yoast.com\/wordpress\/plugins\/seo\/ -->\n<title>Tfboys Universal Dual 2 Port 12v Car Cigarette Lighter Plug Socket Splitter Dual USB 2.1a 1a Power Adapter Charger for Iphone Ipad Ipod 3.1a Mini Car Charger Adapter and Cigar Socket - Arduino e-shop<\/title>\n<meta name=\"robots\" content=\"index, follow, max-snippet:-1, max-image-preview:large, max-video-preview:-1\" \/>\n<link rel=\"canonical\" href=\"https:\/\/www.onetimenexttime.sk\/arduino\/index.php\/produkt\/tfboys-universal-dual-2-port-12v-car-cigarette-lighter-plug-socket-splitter-dual-usb-2-1a-1a-power-adapter-charger-for-iphone-ipad-ipod-3-1a-mini-car-charger-adapter-and-cigar-socket\/\" \/>\n<meta property=\"og:locale\" content=\"sk_SK\" \/>\n<meta property=\"og:type\" content=\"article\" \/>\n<meta property=\"og:title\" content=\"Tfboys Universal Dual 2 Port 12v Car Cigarette Lighter Plug Socket Splitter Dual USB 2.1a 1a Power Adapter Charger for Iphone Ipad Ipod 3.1a Mini Car Charger Adapter and Cigar Socket - Arduino e-shop\" \/>\n<meta property=\"og:description\" content=\"Tfboys Univerz\u00e1lny Dual 2 Port 12v Zapa\u013eova\u010d do auta Z\u00e1suvka Z\u00e1suvka Rozde\u013eova\u010d Dual USB 2.1a 1a Nap\u00e1jac\u00ed adapt\u00e9r Nab\u00edja\u010dka pre&hellip;\" \/>\n<meta property=\"og:url\" content=\"https:\/\/www.onetimenexttime.sk\/arduino\/index.php\/produkt\/tfboys-universal-dual-2-port-12v-car-cigarette-lighter-plug-socket-splitter-dual-usb-2-1a-1a-power-adapter-charger-for-iphone-ipad-ipod-3-1a-mini-car-charger-adapter-and-cigar-socket\/\" \/>\n<meta property=\"og:site_name\" content=\"Arduino e-shop\" \/>\n<meta property=\"article:modified_time\" content=\"2021-11-10T11:50:48+00:00\" \/>\n<meta property=\"og:image\" content=\"https:\/\/www.onetimenexttime.sk\/arduino\/wp-content\/uploads\/2021\/11\/384-4.jpg\" \/>\n\t<meta property=\"og:image:width\" content=\"500\" \/>\n\t<meta property=\"og:image:height\" content=\"369\" \/>\n\t<meta property=\"og:image:type\" content=\"image\/jpeg\" \/>\n<meta name=\"twitter:card\" content=\"summary_large_image\" \/>\n<meta name=\"twitter:label1\" content=\"Predpokladan\u00fd \u010das \u010d\u00edtania\" \/>\n\t<meta name=\"twitter:data1\" content=\"1 min\u00fata\" \/>\n<script type=\"application\/ld+json\" class=\"yoast-schema-graph\">{\"@context\":\"https:\/\/schema.org\",\"@graph\":[{\"@type\":\"WebPage\",\"@id\":\"https:\/\/www.onetimenexttime.sk\/arduino\/index.php\/produkt\/tfboys-universal-dual-2-port-12v-car-cigarette-lighter-plug-socket-splitter-dual-usb-2-1a-1a-power-adapter-charger-for-iphone-ipad-ipod-3-1a-mini-car-charger-adapter-and-cigar-socket\/\",\"url\":\"https:\/\/www.onetimenexttime.sk\/arduino\/index.php\/produkt\/tfboys-universal-dual-2-port-12v-car-cigarette-lighter-plug-socket-splitter-dual-usb-2-1a-1a-power-adapter-charger-for-iphone-ipad-ipod-3-1a-mini-car-charger-adapter-and-cigar-socket\/\",\"name\":\"Tfboys Universal Dual 2 Port 12v Car Cigarette Lighter Plug Socket Splitter Dual USB 2.1a 1a Power Adapter Charger for Iphone Ipad Ipod 3.1a Mini Car Charger Adapter and Cigar Socket - Arduino e-shop\",\"isPartOf\":{\"@id\":\"https:\/\/www.onetimenexttime.sk\/arduino\/#website\"},\"primaryImageOfPage\":{\"@id\":\"https:\/\/www.onetimenexttime.sk\/arduino\/index.php\/produkt\/tfboys-universal-dual-2-port-12v-car-cigarette-lighter-plug-socket-splitter-dual-usb-2-1a-1a-power-adapter-charger-for-iphone-ipad-ipod-3-1a-mini-car-charger-adapter-and-cigar-socket\/#primaryimage\"},\"image\":{\"@id\":\"https:\/\/www.onetimenexttime.sk\/arduino\/index.php\/produkt\/tfboys-universal-dual-2-port-12v-car-cigarette-lighter-plug-socket-splitter-dual-usb-2-1a-1a-power-adapter-charger-for-iphone-ipad-ipod-3-1a-mini-car-charger-adapter-and-cigar-socket\/#primaryimage\"},\"thumbnailUrl\":\"https:\/\/www.onetimenexttime.sk\/arduino\/wp-content\/uploads\/2021\/11\/384-4.jpg\",\"datePublished\":\"2021-11-10T11:46:09+00:00\",\"dateModified\":\"2021-11-10T11:50:48+00:00\",\"breadcrumb\":{\"@id\":\"https:\/\/www.onetimenexttime.sk\/arduino\/index.php\/produkt\/tfboys-universal-dual-2-port-12v-car-cigarette-lighter-plug-socket-splitter-dual-usb-2-1a-1a-power-adapter-charger-for-iphone-ipad-ipod-3-1a-mini-car-charger-adapter-and-cigar-socket\/#breadcrumb\"},\"inLanguage\":\"sk-SK\",\"potentialAction\":[{\"@type\":\"ReadAction\",\"target\":[\"https:\/\/www.onetimenexttime.sk\/arduino\/index.php\/produkt\/tfboys-universal-dual-2-port-12v-car-cigarette-lighter-plug-socket-splitter-dual-usb-2-1a-1a-power-adapter-charger-for-iphone-ipad-ipod-3-1a-mini-car-charger-adapter-and-cigar-socket\/\"]}]},{\"@type\":\"ImageObject\",\"inLanguage\":\"sk-SK\",\"@id\":\"https:\/\/www.onetimenexttime.sk\/arduino\/index.php\/produkt\/tfboys-universal-dual-2-port-12v-car-cigarette-lighter-plug-socket-splitter-dual-usb-2-1a-1a-power-adapter-charger-for-iphone-ipad-ipod-3-1a-mini-car-charger-adapter-and-cigar-socket\/#primaryimage\",\"url\":\"https:\/\/www.onetimenexttime.sk\/arduino\/wp-content\/uploads\/2021\/11\/384-4.jpg\",\"contentUrl\":\"https:\/\/www.onetimenexttime.sk\/arduino\/wp-content\/uploads\/2021\/11\/384-4.jpg\",\"width\":500,\"height\":369},{\"@type\":\"BreadcrumbList\",\"@id\":\"https:\/\/www.onetimenexttime.sk\/arduino\/index.php\/produkt\/tfboys-universal-dual-2-port-12v-car-cigarette-lighter-plug-socket-splitter-dual-usb-2-1a-1a-power-adapter-charger-for-iphone-ipad-ipod-3-1a-mini-car-charger-adapter-and-cigar-socket\/#breadcrumb\",\"itemListElement\":[{\"@type\":\"ListItem\",\"position\":1,\"name\":\"Domov\",\"item\":\"https:\/\/www.onetimenexttime.sk\/arduino\/\"},{\"@type\":\"ListItem\",\"position\":2,\"name\":\"Obchod\",\"item\":\"https:\/\/www.onetimenexttime.sk\/arduino\/\"},{\"@type\":\"ListItem\",\"position\":3,\"name\":\"Tfboys Universal Dual 2 Port 12v Car Cigarette Lighter Plug Socket Splitter Dual USB 2.1a 1a Power Adapter Charger for Iphone Ipad Ipod 3.1a Mini Car Charger Adapter and Cigar Socket\"}]},{\"@type\":\"WebSite\",\"@id\":\"https:\/\/www.onetimenexttime.sk\/arduino\/#website\",\"url\":\"https:\/\/www.onetimenexttime.sk\/arduino\/\",\"name\":\"Arduino e-shop\",\"description\":\"Home Assistant\",\"potentialAction\":[{\"@type\":\"SearchAction\",\"target\":{\"@type\":\"EntryPoint\",\"urlTemplate\":\"https:\/\/www.onetimenexttime.sk\/arduino\/?s={search_term_string}\"},\"query-input\":{\"@type\":\"PropertyValueSpecification\",\"valueRequired\":true,\"valueName\":\"search_term_string\"}}],\"inLanguage\":\"sk-SK\"}]}<\/script>\n<!-- \/ Yoast SEO plugin. -->","yoast_head_json":{"title":"Tfboys Universal Dual 2 Port 12v Car Cigarette Lighter Plug Socket Splitter Dual USB 2.1a 1a Power Adapter Charger for Iphone Ipad Ipod 3.1a Mini Car Charger Adapter and Cigar Socket - Arduino e-shop","robots":{"index":"index","follow":"follow","max-snippet":"max-snippet:-1","max-image-preview":"max-image-preview:large","max-video-preview":"max-video-preview:-1"},"canonical":"https:\/\/www.onetimenexttime.sk\/arduino\/index.php\/produkt\/tfboys-universal-dual-2-port-12v-car-cigarette-lighter-plug-socket-splitter-dual-usb-2-1a-1a-power-adapter-charger-for-iphone-ipad-ipod-3-1a-mini-car-charger-adapter-and-cigar-socket\/","og_locale":"sk_SK","og_type":"article","og_title":"Tfboys Universal Dual 2 Port 12v Car Cigarette Lighter Plug Socket Splitter Dual USB 2.1a 1a Power Adapter Charger for Iphone Ipad Ipod 3.1a Mini Car Charger Adapter and Cigar Socket - Arduino e-shop","og_description":"Tfboys Univerz\u00e1lny Dual 2 Port 12v Zapa\u013eova\u010d do auta Z\u00e1suvka Z\u00e1suvka Rozde\u013eova\u010d Dual USB 2.1a 1a Nap\u00e1jac\u00ed adapt\u00e9r Nab\u00edja\u010dka pre&hellip;","og_url":"https:\/\/www.onetimenexttime.sk\/arduino\/index.php\/produkt\/tfboys-universal-dual-2-port-12v-car-cigarette-lighter-plug-socket-splitter-dual-usb-2-1a-1a-power-adapter-charger-for-iphone-ipad-ipod-3-1a-mini-car-charger-adapter-and-cigar-socket\/","og_site_name":"Arduino e-shop","article_modified_time":"2021-11-10T11:50:48+00:00","og_image":[{"width":500,"height":369,"url":"https:\/\/www.onetimenexttime.sk\/arduino\/wp-content\/uploads\/2021\/11\/384-4.jpg","type":"image\/jpeg"}],"twitter_card":"summary_large_image","twitter_misc":{"Predpokladan\u00fd \u010das \u010d\u00edtania":"1 min\u00fata"},"schema":{"@context":"https:\/\/schema.org","@graph":[{"@type":"WebPage","@id":"https:\/\/www.onetimenexttime.sk\/arduino\/index.php\/produkt\/tfboys-universal-dual-2-port-12v-car-cigarette-lighter-plug-socket-splitter-dual-usb-2-1a-1a-power-adapter-charger-for-iphone-ipad-ipod-3-1a-mini-car-charger-adapter-and-cigar-socket\/","url":"https:\/\/www.onetimenexttime.sk\/arduino\/index.php\/produkt\/tfboys-universal-dual-2-port-12v-car-cigarette-lighter-plug-socket-splitter-dual-usb-2-1a-1a-power-adapter-charger-for-iphone-ipad-ipod-3-1a-mini-car-charger-adapter-and-cigar-socket\/","name":"Tfboys Universal Dual 2 Port 12v Car Cigarette Lighter Plug Socket Splitter Dual USB 2.1a 1a Power Adapter Charger for Iphone Ipad Ipod 3.1a Mini Car Charger Adapter and Cigar Socket - Arduino e-shop","isPartOf":{"@id":"https:\/\/www.onetimenexttime.sk\/arduino\/#website"},"primaryImageOfPage":{"@id":"https:\/\/www.onetimenexttime.sk\/arduino\/index.php\/produkt\/tfboys-universal-dual-2-port-12v-car-cigarette-lighter-plug-socket-splitter-dual-usb-2-1a-1a-power-adapter-charger-for-iphone-ipad-ipod-3-1a-mini-car-charger-adapter-and-cigar-socket\/#primaryimage"},"image":{"@id":"https:\/\/www.onetimenexttime.sk\/arduino\/index.php\/produkt\/tfboys-universal-dual-2-port-12v-car-cigarette-lighter-plug-socket-splitter-dual-usb-2-1a-1a-power-adapter-charger-for-iphone-ipad-ipod-3-1a-mini-car-charger-adapter-and-cigar-socket\/#primaryimage"},"thumbnailUrl":"https:\/\/www.onetimenexttime.sk\/arduino\/wp-content\/uploads\/2021\/11\/384-4.jpg","datePublished":"2021-11-10T11:46:09+00:00","dateModified":"2021-11-10T11:50:48+00:00","breadcrumb":{"@id":"https:\/\/www.onetimenexttime.sk\/arduino\/index.php\/produkt\/tfboys-universal-dual-2-port-12v-car-cigarette-lighter-plug-socket-splitter-dual-usb-2-1a-1a-power-adapter-charger-for-iphone-ipad-ipod-3-1a-mini-car-charger-adapter-and-cigar-socket\/#breadcrumb"},"inLanguage":"sk-SK","potentialAction":[{"@type":"ReadAction","target":["https:\/\/www.onetimenexttime.sk\/arduino\/index.php\/produkt\/tfboys-universal-dual-2-port-12v-car-cigarette-lighter-plug-socket-splitter-dual-usb-2-1a-1a-power-adapter-charger-for-iphone-ipad-ipod-3-1a-mini-car-charger-adapter-and-cigar-socket\/"]}]},{"@type":"ImageObject","inLanguage":"sk-SK","@id":"https:\/\/www.onetimenexttime.sk\/arduino\/index.php\/produkt\/tfboys-universal-dual-2-port-12v-car-cigarette-lighter-plug-socket-splitter-dual-usb-2-1a-1a-power-adapter-charger-for-iphone-ipad-ipod-3-1a-mini-car-charger-adapter-and-cigar-socket\/#primaryimage","url":"https:\/\/www.onetimenexttime.sk\/arduino\/wp-content\/uploads\/2021\/11\/384-4.jpg","contentUrl":"https:\/\/www.onetimenexttime.sk\/arduino\/wp-content\/uploads\/2021\/11\/384-4.jpg","width":500,"height":369},{"@type":"BreadcrumbList","@id":"https:\/\/www.onetimenexttime.sk\/arduino\/index.php\/produkt\/tfboys-universal-dual-2-port-12v-car-cigarette-lighter-plug-socket-splitter-dual-usb-2-1a-1a-power-adapter-charger-for-iphone-ipad-ipod-3-1a-mini-car-charger-adapter-and-cigar-socket\/#breadcrumb","itemListElement":[{"@type":"ListItem","position":1,"name":"Domov","item":"https:\/\/www.onetimenexttime.sk\/arduino\/"},{"@type":"ListItem","position":2,"name":"Obchod","item":"https:\/\/www.onetimenexttime.sk\/arduino\/"},{"@type":"ListItem","position":3,"name":"Tfboys Universal Dual 2 Port 12v Car Cigarette Lighter Plug Socket Splitter Dual USB 2.1a 1a Power Adapter Charger for Iphone Ipad Ipod 3.1a Mini Car Charger Adapter and Cigar Socket"}]},{"@type":"WebSite","@id":"https:\/\/www.onetimenexttime.sk\/arduino\/#website","url":"https:\/\/www.onetimenexttime.sk\/arduino\/","name":"Arduino e-shop","description":"Home Assistant","potentialAction":[{"@type":"SearchAction","target":{"@type":"EntryPoint","urlTemplate":"https:\/\/www.onetimenexttime.sk\/arduino\/?s={search_term_string}"},"query-input":{"@type":"PropertyValueSpecification","valueRequired":true,"valueName":"search_term_string"}}],"inLanguage":"sk-SK"}]}},"_links":{"self":[{"href":"https:\/\/www.onetimenexttime.sk\/arduino\/index.php\/wp-json\/wp\/v2\/product\/1279"}],"collection":[{"href":"https:\/\/www.onetimenexttime.sk\/arduino\/index.php\/wp-json\/wp\/v2\/product"}],"about":[{"href":"https:\/\/www.onetimenexttime.sk\/arduino\/index.php\/wp-json\/wp\/v2\/types\/product"}],"wp:featuredmedia":[{"embeddable":true,"href":"https:\/\/www.onetimenexttime.sk\/arduino\/index.php\/wp-json\/wp\/v2\/media\/1281"}],"wp:attachment":[{"href":"https:\/\/www.onetimenexttime.sk\/arduino\/index.php\/wp-json\/wp\/v2\/media?parent=1279"}],"wp:term":[{"taxonomy":"product_cat","embeddable":true,"href":"https:\/\/www.onetimenexttime.sk\/arduino\/index.php\/wp-json\/wp\/v2\/product_cat?post=1279"},{"taxonomy":"product_tag","embeddable":true,"href":"https:\/\/www.onetimenexttime.sk\/arduino\/index.php\/wp-json\/wp\/v2\/product_tag?post=1279"}],"curies":[{"name":"wp","href":"https:\/\/api.w.org\/{rel}","templated":true}]}}