{"id":1272,"date":"2021-11-10T11:58:10","date_gmt":"2021-11-10T10:58:10","guid":{"rendered":"https:\/\/www.onetimenexttime.sk\/arduino\/?post_type=product&#038;p=1272"},"modified":"2021-11-10T12:02:06","modified_gmt":"2021-11-10T11:02:06","slug":"adjustable-height-size-tens-magnetic-therapy-foot-massage-slippers-with-2-5mm-plug-snap-for-electronic-pulse-therapy-massage","status":"publish","type":"product","link":"https:\/\/www.onetimenexttime.sk\/arduino\/index.php\/produkt\/adjustable-height-size-tens-magnetic-therapy-foot-massage-slippers-with-2-5mm-plug-snap-for-electronic-pulse-therapy-massage\/","title":{"rendered":"Adjustable Height Size Tens Magnetic Therapy Foot Massage Slippers with 2.5mm Plug Snap for Electronic Pulse Therapy Massage"},"content":{"rendered":"<h2>Nastavite\u013en\u00e1 v\u00fd\u0161ka Ve\u013ekos\u0165 Tens Magnetic Therapy Mas\u00e1\u017ene papu\u010de s 2,5 mm z\u00e1str\u010dkou pre elektronick\u00fa pulzn\u00fa mas\u00e1\u017e<\/h2>\n<p>Papu\u010de na mas\u00e1\u017e chodidiel pom\u00e1haj\u00fa pri bolestiach chodidiel a n\u00f4h a zvy\u0161uj\u00fa krvn\u00fd obeh.<br \/>\nAkceptujte zaskakovacie alebo 2 mm kol\u00edkov\u00e9 spojenie.<br \/>\nD\u013a\u017eka 26 cm, nastavite\u013en\u00e1 v\u00fd\u0161ka<br \/>\npapu\u010de na magnetoterapiu<\/p>\n","protected":false},"excerpt":{"rendered":"<p>Nastavite\u013en\u00e1 v\u00fd\u0161ka Ve\u013ekos\u0165 Tens Magnetic Therapy Mas\u00e1\u017ene papu\u010de s 2,5 mm z\u00e1str\u010dkou pre elektronick\u00fa pulzn\u00fa mas\u00e1\u017e Papu\u010de na mas\u00e1\u017e chodidiel&hellip;<\/p>\n","protected":false},"featured_media":1273,"template":"","meta":{"_monsterinsights_skip_tracking":false,"_monsterinsights_sitenote_active":false,"_monsterinsights_sitenote_note":"","_monsterinsights_sitenote_category":0},"product_cat":[64],"product_tag":[],"class_list":{"0":"post-1272","1":"product","2":"type-product","3":"status-publish","4":"has-post-thumbnail","6":"product_cat-health","8":"first","9":"instock","10":"sale","11":"shipping-taxable","12":"purchasable","13":"product-type-simple"},"yoast_head":"<!-- This site is optimized with the Yoast SEO plugin v23.6 - https:\/\/yoast.com\/wordpress\/plugins\/seo\/ -->\n<title>Adjustable Height Size Tens Magnetic Therapy Foot Massage Slippers with 2.5mm Plug Snap for Electronic Pulse Therapy Massage - Arduino e-shop<\/title>\n<meta name=\"robots\" content=\"index, follow, max-snippet:-1, max-image-preview:large, max-video-preview:-1\" \/>\n<link rel=\"canonical\" href=\"https:\/\/www.onetimenexttime.sk\/arduino\/index.php\/produkt\/adjustable-height-size-tens-magnetic-therapy-foot-massage-slippers-with-2-5mm-plug-snap-for-electronic-pulse-therapy-massage\/\" \/>\n<meta property=\"og:locale\" content=\"sk_SK\" \/>\n<meta property=\"og:type\" content=\"article\" \/>\n<meta property=\"og:title\" content=\"Adjustable Height Size Tens Magnetic Therapy Foot Massage Slippers with 2.5mm Plug Snap for Electronic Pulse Therapy Massage - Arduino e-shop\" \/>\n<meta property=\"og:description\" content=\"Nastavite\u013en\u00e1 v\u00fd\u0161ka Ve\u013ekos\u0165 Tens Magnetic Therapy Mas\u00e1\u017ene papu\u010de s 2,5 mm z\u00e1str\u010dkou pre elektronick\u00fa pulzn\u00fa mas\u00e1\u017e Papu\u010de na mas\u00e1\u017e chodidiel&hellip;\" \/>\n<meta property=\"og:url\" content=\"https:\/\/www.onetimenexttime.sk\/arduino\/index.php\/produkt\/adjustable-height-size-tens-magnetic-therapy-foot-massage-slippers-with-2-5mm-plug-snap-for-electronic-pulse-therapy-massage\/\" \/>\n<meta property=\"og:site_name\" content=\"Arduino e-shop\" \/>\n<meta property=\"article:modified_time\" content=\"2021-11-10T11:02:06+00:00\" \/>\n<meta property=\"og:image\" content=\"https:\/\/www.onetimenexttime.sk\/arduino\/wp-content\/uploads\/2021\/11\/381.jpg\" \/>\n\t<meta property=\"og:image:width\" content=\"1000\" \/>\n\t<meta property=\"og:image:height\" content=\"1000\" \/>\n\t<meta property=\"og:image:type\" content=\"image\/jpeg\" \/>\n<meta name=\"twitter:card\" content=\"summary_large_image\" \/>\n<meta name=\"twitter:label1\" content=\"Predpokladan\u00fd \u010das \u010d\u00edtania\" \/>\n\t<meta name=\"twitter:data1\" content=\"1 min\u00fata\" \/>\n<script type=\"application\/ld+json\" class=\"yoast-schema-graph\">{\"@context\":\"https:\/\/schema.org\",\"@graph\":[{\"@type\":\"WebPage\",\"@id\":\"https:\/\/www.onetimenexttime.sk\/arduino\/index.php\/produkt\/adjustable-height-size-tens-magnetic-therapy-foot-massage-slippers-with-2-5mm-plug-snap-for-electronic-pulse-therapy-massage\/\",\"url\":\"https:\/\/www.onetimenexttime.sk\/arduino\/index.php\/produkt\/adjustable-height-size-tens-magnetic-therapy-foot-massage-slippers-with-2-5mm-plug-snap-for-electronic-pulse-therapy-massage\/\",\"name\":\"Adjustable Height Size Tens Magnetic Therapy Foot Massage Slippers with 2.5mm Plug Snap for Electronic Pulse Therapy Massage - Arduino e-shop\",\"isPartOf\":{\"@id\":\"https:\/\/www.onetimenexttime.sk\/arduino\/#website\"},\"primaryImageOfPage\":{\"@id\":\"https:\/\/www.onetimenexttime.sk\/arduino\/index.php\/produkt\/adjustable-height-size-tens-magnetic-therapy-foot-massage-slippers-with-2-5mm-plug-snap-for-electronic-pulse-therapy-massage\/#primaryimage\"},\"image\":{\"@id\":\"https:\/\/www.onetimenexttime.sk\/arduino\/index.php\/produkt\/adjustable-height-size-tens-magnetic-therapy-foot-massage-slippers-with-2-5mm-plug-snap-for-electronic-pulse-therapy-massage\/#primaryimage\"},\"thumbnailUrl\":\"https:\/\/www.onetimenexttime.sk\/arduino\/wp-content\/uploads\/2021\/11\/381.jpg\",\"datePublished\":\"2021-11-10T10:58:10+00:00\",\"dateModified\":\"2021-11-10T11:02:06+00:00\",\"breadcrumb\":{\"@id\":\"https:\/\/www.onetimenexttime.sk\/arduino\/index.php\/produkt\/adjustable-height-size-tens-magnetic-therapy-foot-massage-slippers-with-2-5mm-plug-snap-for-electronic-pulse-therapy-massage\/#breadcrumb\"},\"inLanguage\":\"sk-SK\",\"potentialAction\":[{\"@type\":\"ReadAction\",\"target\":[\"https:\/\/www.onetimenexttime.sk\/arduino\/index.php\/produkt\/adjustable-height-size-tens-magnetic-therapy-foot-massage-slippers-with-2-5mm-plug-snap-for-electronic-pulse-therapy-massage\/\"]}]},{\"@type\":\"ImageObject\",\"inLanguage\":\"sk-SK\",\"@id\":\"https:\/\/www.onetimenexttime.sk\/arduino\/index.php\/produkt\/adjustable-height-size-tens-magnetic-therapy-foot-massage-slippers-with-2-5mm-plug-snap-for-electronic-pulse-therapy-massage\/#primaryimage\",\"url\":\"https:\/\/www.onetimenexttime.sk\/arduino\/wp-content\/uploads\/2021\/11\/381.jpg\",\"contentUrl\":\"https:\/\/www.onetimenexttime.sk\/arduino\/wp-content\/uploads\/2021\/11\/381.jpg\",\"width\":1000,\"height\":1000},{\"@type\":\"BreadcrumbList\",\"@id\":\"https:\/\/www.onetimenexttime.sk\/arduino\/index.php\/produkt\/adjustable-height-size-tens-magnetic-therapy-foot-massage-slippers-with-2-5mm-plug-snap-for-electronic-pulse-therapy-massage\/#breadcrumb\",\"itemListElement\":[{\"@type\":\"ListItem\",\"position\":1,\"name\":\"Domov\",\"item\":\"https:\/\/www.onetimenexttime.sk\/arduino\/\"},{\"@type\":\"ListItem\",\"position\":2,\"name\":\"Obchod\",\"item\":\"https:\/\/www.onetimenexttime.sk\/arduino\/\"},{\"@type\":\"ListItem\",\"position\":3,\"name\":\"Adjustable Height Size Tens Magnetic Therapy Foot Massage Slippers with 2.5mm Plug Snap for Electronic Pulse Therapy Massage\"}]},{\"@type\":\"WebSite\",\"@id\":\"https:\/\/www.onetimenexttime.sk\/arduino\/#website\",\"url\":\"https:\/\/www.onetimenexttime.sk\/arduino\/\",\"name\":\"Arduino e-shop\",\"description\":\"Home Assistant\",\"potentialAction\":[{\"@type\":\"SearchAction\",\"target\":{\"@type\":\"EntryPoint\",\"urlTemplate\":\"https:\/\/www.onetimenexttime.sk\/arduino\/?s={search_term_string}\"},\"query-input\":{\"@type\":\"PropertyValueSpecification\",\"valueRequired\":true,\"valueName\":\"search_term_string\"}}],\"inLanguage\":\"sk-SK\"}]}<\/script>\n<!-- \/ Yoast SEO plugin. -->","yoast_head_json":{"title":"Adjustable Height Size Tens Magnetic Therapy Foot Massage Slippers with 2.5mm Plug Snap for Electronic Pulse Therapy Massage - Arduino e-shop","robots":{"index":"index","follow":"follow","max-snippet":"max-snippet:-1","max-image-preview":"max-image-preview:large","max-video-preview":"max-video-preview:-1"},"canonical":"https:\/\/www.onetimenexttime.sk\/arduino\/index.php\/produkt\/adjustable-height-size-tens-magnetic-therapy-foot-massage-slippers-with-2-5mm-plug-snap-for-electronic-pulse-therapy-massage\/","og_locale":"sk_SK","og_type":"article","og_title":"Adjustable Height Size Tens Magnetic Therapy Foot Massage Slippers with 2.5mm Plug Snap for Electronic Pulse Therapy Massage - Arduino e-shop","og_description":"Nastavite\u013en\u00e1 v\u00fd\u0161ka Ve\u013ekos\u0165 Tens Magnetic Therapy Mas\u00e1\u017ene papu\u010de s 2,5 mm z\u00e1str\u010dkou pre elektronick\u00fa pulzn\u00fa mas\u00e1\u017e Papu\u010de na mas\u00e1\u017e chodidiel&hellip;","og_url":"https:\/\/www.onetimenexttime.sk\/arduino\/index.php\/produkt\/adjustable-height-size-tens-magnetic-therapy-foot-massage-slippers-with-2-5mm-plug-snap-for-electronic-pulse-therapy-massage\/","og_site_name":"Arduino e-shop","article_modified_time":"2021-11-10T11:02:06+00:00","og_image":[{"width":1000,"height":1000,"url":"https:\/\/www.onetimenexttime.sk\/arduino\/wp-content\/uploads\/2021\/11\/381.jpg","type":"image\/jpeg"}],"twitter_card":"summary_large_image","twitter_misc":{"Predpokladan\u00fd \u010das \u010d\u00edtania":"1 min\u00fata"},"schema":{"@context":"https:\/\/schema.org","@graph":[{"@type":"WebPage","@id":"https:\/\/www.onetimenexttime.sk\/arduino\/index.php\/produkt\/adjustable-height-size-tens-magnetic-therapy-foot-massage-slippers-with-2-5mm-plug-snap-for-electronic-pulse-therapy-massage\/","url":"https:\/\/www.onetimenexttime.sk\/arduino\/index.php\/produkt\/adjustable-height-size-tens-magnetic-therapy-foot-massage-slippers-with-2-5mm-plug-snap-for-electronic-pulse-therapy-massage\/","name":"Adjustable Height Size Tens Magnetic Therapy Foot Massage Slippers with 2.5mm Plug Snap for Electronic Pulse Therapy Massage - Arduino e-shop","isPartOf":{"@id":"https:\/\/www.onetimenexttime.sk\/arduino\/#website"},"primaryImageOfPage":{"@id":"https:\/\/www.onetimenexttime.sk\/arduino\/index.php\/produkt\/adjustable-height-size-tens-magnetic-therapy-foot-massage-slippers-with-2-5mm-plug-snap-for-electronic-pulse-therapy-massage\/#primaryimage"},"image":{"@id":"https:\/\/www.onetimenexttime.sk\/arduino\/index.php\/produkt\/adjustable-height-size-tens-magnetic-therapy-foot-massage-slippers-with-2-5mm-plug-snap-for-electronic-pulse-therapy-massage\/#primaryimage"},"thumbnailUrl":"https:\/\/www.onetimenexttime.sk\/arduino\/wp-content\/uploads\/2021\/11\/381.jpg","datePublished":"2021-11-10T10:58:10+00:00","dateModified":"2021-11-10T11:02:06+00:00","breadcrumb":{"@id":"https:\/\/www.onetimenexttime.sk\/arduino\/index.php\/produkt\/adjustable-height-size-tens-magnetic-therapy-foot-massage-slippers-with-2-5mm-plug-snap-for-electronic-pulse-therapy-massage\/#breadcrumb"},"inLanguage":"sk-SK","potentialAction":[{"@type":"ReadAction","target":["https:\/\/www.onetimenexttime.sk\/arduino\/index.php\/produkt\/adjustable-height-size-tens-magnetic-therapy-foot-massage-slippers-with-2-5mm-plug-snap-for-electronic-pulse-therapy-massage\/"]}]},{"@type":"ImageObject","inLanguage":"sk-SK","@id":"https:\/\/www.onetimenexttime.sk\/arduino\/index.php\/produkt\/adjustable-height-size-tens-magnetic-therapy-foot-massage-slippers-with-2-5mm-plug-snap-for-electronic-pulse-therapy-massage\/#primaryimage","url":"https:\/\/www.onetimenexttime.sk\/arduino\/wp-content\/uploads\/2021\/11\/381.jpg","contentUrl":"https:\/\/www.onetimenexttime.sk\/arduino\/wp-content\/uploads\/2021\/11\/381.jpg","width":1000,"height":1000},{"@type":"BreadcrumbList","@id":"https:\/\/www.onetimenexttime.sk\/arduino\/index.php\/produkt\/adjustable-height-size-tens-magnetic-therapy-foot-massage-slippers-with-2-5mm-plug-snap-for-electronic-pulse-therapy-massage\/#breadcrumb","itemListElement":[{"@type":"ListItem","position":1,"name":"Domov","item":"https:\/\/www.onetimenexttime.sk\/arduino\/"},{"@type":"ListItem","position":2,"name":"Obchod","item":"https:\/\/www.onetimenexttime.sk\/arduino\/"},{"@type":"ListItem","position":3,"name":"Adjustable Height Size Tens Magnetic Therapy Foot Massage Slippers with 2.5mm Plug Snap for Electronic Pulse Therapy Massage"}]},{"@type":"WebSite","@id":"https:\/\/www.onetimenexttime.sk\/arduino\/#website","url":"https:\/\/www.onetimenexttime.sk\/arduino\/","name":"Arduino e-shop","description":"Home Assistant","potentialAction":[{"@type":"SearchAction","target":{"@type":"EntryPoint","urlTemplate":"https:\/\/www.onetimenexttime.sk\/arduino\/?s={search_term_string}"},"query-input":{"@type":"PropertyValueSpecification","valueRequired":true,"valueName":"search_term_string"}}],"inLanguage":"sk-SK"}]}},"_links":{"self":[{"href":"https:\/\/www.onetimenexttime.sk\/arduino\/index.php\/wp-json\/wp\/v2\/product\/1272"}],"collection":[{"href":"https:\/\/www.onetimenexttime.sk\/arduino\/index.php\/wp-json\/wp\/v2\/product"}],"about":[{"href":"https:\/\/www.onetimenexttime.sk\/arduino\/index.php\/wp-json\/wp\/v2\/types\/product"}],"wp:featuredmedia":[{"embeddable":true,"href":"https:\/\/www.onetimenexttime.sk\/arduino\/index.php\/wp-json\/wp\/v2\/media\/1273"}],"wp:attachment":[{"href":"https:\/\/www.onetimenexttime.sk\/arduino\/index.php\/wp-json\/wp\/v2\/media?parent=1272"}],"wp:term":[{"taxonomy":"product_cat","embeddable":true,"href":"https:\/\/www.onetimenexttime.sk\/arduino\/index.php\/wp-json\/wp\/v2\/product_cat?post=1272"},{"taxonomy":"product_tag","embeddable":true,"href":"https:\/\/www.onetimenexttime.sk\/arduino\/index.php\/wp-json\/wp\/v2\/product_tag?post=1272"}],"curies":[{"name":"wp","href":"https:\/\/api.w.org\/{rel}","templated":true}]}}