{"id":1270,"date":"2021-11-10T11:53:21","date_gmt":"2021-11-10T10:53:21","guid":{"rendered":"https:\/\/www.onetimenexttime.sk\/arduino\/?post_type=product&#038;p=1270"},"modified":"2021-11-10T11:57:16","modified_gmt":"2021-11-10T10:57:16","slug":"jr-309-electrical-stimulator-full-body-relax-muscle-digital-massager-pulse-tens-acupuncture-with-therapy-slipper-8pads","status":"publish","type":"product","link":"https:\/\/www.onetimenexttime.sk\/arduino\/index.php\/produkt\/jr-309-electrical-stimulator-full-body-relax-muscle-digital-massager-pulse-tens-acupuncture-with-therapy-slipper-8pads\/","title":{"rendered":"JR-309 Electrical Stimulator Full Body Relax Muscle Digital Massager ,Pulse tens Acupuncture with therapy slipper+ 8pads"},"content":{"rendered":"<h2>Elektrick\u00fd stimul\u00e1tor JR-309 Digit\u00e1lny mas\u00e1\u017eny pr\u00edstroj na uvo\u013enenie svalov cel\u00e9ho tela, Akupunkt\u00fara pulzn\u00fdch desiatok s terapeutickou papu\u010dou + 8 podlo\u017eiek<\/h2>\n<p>&nbsp;<\/p>\n<p><strong>Detail produktu:<\/strong><\/p>\n<p>1 Digit\u00e1lny displej pre sprievodcu o\u0161etren\u00edm<\/p>\n<p>Pou\u017e\u00edva infra\u010derven\u00e9 fyzik\u00e1lne terapeutick\u00e9 elektr\u00f3dy<\/p>\n<p>Zlep\u0161uje prekrvenie tela, zmier\u0148uje boles\u0165 a podporuje metabolizmus<\/p>\n<p>Vhodn\u00e9 pre p\u00e1s, ramen\u00e1, nohy, mas\u00e1\u017e chodidiel a fyzik\u00e1lnu terapiu vykon\u00e1va fyzik\u00e1lnu terapiu pre \u0161tyri \u010dasti tela s\u00fa\u010dasne<\/p>\n<p>4 terapeutick\u00e9 re\u017eimy: vibrovanie, Shiatsu, mas\u00e1\u017e, Pat a \u0161krabanie<\/p>\n<p>8 mas\u00e1\u017enych re\u017eimov a 10 \u00farovn\u00ed v\u00fdkonu mas\u00e1\u017ee<\/p>\n<p>Dod\u00e1va sa s dvoma kusmi mas\u00e1\u017enych elektr\u00f3d, nab\u00edja\u010dkou, elektr\u00f3dov\u00fdm dr\u00f4tom a p\u00e1rom top\u00e1nok<\/p>\n<p>Nap\u00e1janie: 3 x 1,5 V AAA bat\u00e9rie (nie s\u00fa s\u00fa\u010das\u0165ou balenia)<\/p>\n<p>Dod\u00e1va sa s p\u00e1rom top\u00e1nok, ktor\u00e9 v\u00e1m pom\u00f4\u017eu pri mas\u00e1\u017ei n\u00f4h<\/p>\n<p>&nbsp;<\/p>\n<p><strong>Vlastnosti:<\/strong><\/p>\n<p>&nbsp;<\/p>\n<p>M\u00f4\u017eete si vybra\u0165 ktor\u00fdko\u013evek z re\u017eimov o\u0161etrenia (rameno\/p\u00e1s\/k\u013abov\u00e9 gomb\u00edky\/chodidlo).<br \/>\nPr\u00edpravok je \u0161peci\u00e1lne navrhnut\u00fd na zmiernenie bolesti svalov. Pr\u00edstroj m\u00f4\u017ee ma\u0165 lie\u010debn\u00fd \u00fa\u010dinok najm\u00e4 u pacientov trpiacich boles\u0165ami krku, chrbta, bedier a r\u00f4znych k\u013abov. Exkluz\u00edvne navrhnut\u00fd program pozost\u00e1va z r\u00f4znych v\u013an prostredn\u00edctvom alternat\u00edvneho zlo\u017eenia, ktor\u00e9 navodzuj\u00fa pocit ru\u010dnej mas\u00e1\u017ee. M\u00e4kk\u00fd a jemn\u00fd pulz m\u00f4\u017ee zlep\u0161i\u0165 krvn\u00fd obeh a podpori\u0165 odblokovanie hlavn\u00fdch a ved\u013eaj\u0161\u00edch kan\u00e1lov a poskytn\u00fa\u0165 \u0161peci\u00e1lny \u00fa\u010dinok na uvo\u013enenie \u00fanavy. Na stuhnutie ramien pou\u017eite pulzn\u00fa mas\u00e1\u017e kw305. Paral\u00fdza perif\u00e9rnych nervov. Obnova \u00fanavy. Zlep\u0161uje krvn\u00fd obeh neuralgie. Postupn\u00e9 uvo\u013e\u0148ovanie svalovej bolesti.<br \/>\nPr\u00edprava a nastavenie elektr\u00f3d<br \/>\n1. Spr\u00e1vne pripojte k\u00e1bel elektr\u00f3d k podlo\u017ek\u00e1m elektr\u00f3d alebo magnetickej obuvi.<br \/>\n2. Zasu\u0148te z\u00e1str\u010dku k\u00e1bla elektr\u00f3dy do konektora elektr\u00f3dy jednotky.<br \/>\n3. Stiahnite f\u00f3liu z elektr\u00f3dov\u00fdch podlo\u017eiek.<br \/>\n4. Navlh\u010den\u00fdm uter\u00e1kom utrite oblas\u0165 poko\u017eky, na ktor\u00fa budete podlo\u017eky pripev\u0148ova\u0165, aby ste odstr\u00e1nili mastnotu, kozmetiku alebo ne\u010distoty.<br \/>\n5. V pr\u00edpade zne\u010distenia elektr\u00f3dov\u00fdch podlo\u017eiek sa zn\u00ed\u017ei ich pri\u013enavos\u0165 a po\u010det mo\u017en\u00fdch pou\u017eit\u00ed.<br \/>\n6. Prilo\u017ete elektr\u00f3dy na oblas\u0165 tela, ktor\u00fa chcete mas\u00edrova\u0165. Jednotka nem\u00f4\u017ee fungova\u0165, pokia\u013e nie s\u00fa aplikovan\u00e9 obe podlo\u017eky z pren\u00e1jmu pri v\u00fdmene.<br \/>\nPopis tla\u010didiel spolu 13 tla\u010didiel<br \/>\n1. Tla\u010didlo \u201cRamenn\u00e9\u201d: oblek na mas\u00e1\u017e ramena a chrbta. Stla\u010den\u00edm tla\u010didla r\u00fdchlosti \u201e+\u201c\/ \u201e-\u201c uprav\u00edte intenzitu. A r\u00fdchlos\u0165 sa automaticky zn\u00ed\u017ei alebo zv\u00fd\u0161i. Trv\u00e1 to 30 min\u00fat (Stla\u010dte-&gt; Rub-&gt; Vibrova\u0165-&gt; B\u00facha\u0165)<br \/>\n2. Tla\u010didlo \u201cWaist\u201d: ur\u010den\u00e9 na mas\u00e1\u017e p\u00e1su. Na obrazovke sa zobraz\u00ed stav mas\u00e1\u017ee p\u00e1sa. A zme\u0148te re\u017eim po 5 min\u00fatach (stla\u010dte-&gt;Rub-&gt;Vibrova\u0165-&gt;B\u00fach), stla\u010dte tla\u010didlo r\u00fdchlosti \u201e+\u201c\/ \u201e-\u201c na nastavenie intenzity.<br \/>\n3. Tla\u010didlo \u201eJoint\u201c: ur\u010den\u00e9 na mas\u00e1\u017e k\u013abov. Zme\u0148te re\u017eim po 5 min\u00fatach (Stla\u010dte-&gt;Rub-&gt;Vibrova\u0165-&gt;B\u00fach). Stla\u010den\u00edm tla\u010didla r\u00fdchlosti \u201e+\u201c\/ \u201e-\u201c uprav\u00edte intenzitu.<br \/>\n4. Tla\u010didlo \u201eHand &amp; foot\u201c: vhodn\u00e9 na mas\u00e1\u017e r\u00fak a n\u00f4h. Stav mas\u00e1\u017ee r\u00fak a n\u00f4h je mo\u017en\u00e9 meni\u0165 za 5 min\u00fat. (Stla\u010dte-&gt;Rub-&gt;Vibrova\u0165-&gt;B\u00fach).<br \/>\n5. Tla\u010didlo \u201eLeg\u201c: Nastavenie na mas\u00e1\u017e n\u00f4h, re\u017eim mas\u00e1\u017ee sa men\u00ed ka\u017ed\u00fdch 5 min\u00fat. Stla\u010dte tla\u010didlo r\u00fdchlosti \u201e+\u201c\/ \u201e-\u201c pre nastavenie intenzity. R\u00fdchlos\u0165 sa automaticky zn\u00ed\u017ei alebo zv\u00fd\u0161i.<br \/>\n6. Tla\u010didlo Opakova\u0165: U\u017eito\u010dn\u00e9 je len v pr\u00edpade, \u017ee m\u00e1te 5 stavov, stla\u010den\u00edm tohto tla\u010didla zopakujete 5 r\u00f4znych mas\u00e1\u017enych funkci\u00ed.<br \/>\n7. \u010cas a r\u00fdchlos\u0165 mas\u00e1\u017ee zobrazen\u00e9 na obrazovke.<br \/>\n8. R\u00fdchlos\u0165 a intenzita: obe obsahuj\u00fa tla\u010didlo vysokej (+) a n\u00edzkej (-). Stla\u010dte vysok\u00e9 tla\u010didlo pre zv\u00fd\u0161enie sklonu. Stla\u010dte n\u00edzke tla\u010didlo na zn\u00ed\u017eenie sklonu.<br \/>\n9. Tla\u010didlo \u201eThump\u201c: Stla\u010den\u00edm tohto tla\u010didla spust\u00edte mas\u00e1\u017e cel\u00e9ho \u00faderu.<br \/>\n10. Tla\u010didlo \u201eVibr\u00e1cia\u201c: Stla\u010den\u00edm tohto tla\u010didla spust\u00edte vibra\u010dn\u00fa mas\u00e1\u017e.<br \/>\n11. Tla\u010didlo \u201eRub\u201c: Stla\u010den\u00edm tohto tla\u010didla spust\u00edte mas\u00e1\u017e.<br \/>\n12. Tla\u010didlo \u201cPress\u201d: Stla\u010den\u00edm tohto tla\u010didla spust\u00edte mas\u00e1\u017e.<br \/>\n13. ON\/OFF: zapnut\u00edm tla\u010didla spust\u00edte zariadenie. Vypnut\u00edm prestanete pracova\u0165. Existuje 8 stup\u0148ov elektronickej intenzity.<\/p>\n<p>&nbsp;<\/p>\n<p><strong>Balenie obsahuje<\/strong><\/p>\n<p>1x Mas\u00e9r<br \/>\n16x Elektr\u00f3dov\u00e9 podlo\u017eky<br \/>\n1x P\u00e1r top\u00e1nok<br \/>\n1x USB k\u00e1bel<br \/>\n1x Nap\u00e1jac\u00ed adapt\u00e9r<br \/>\n1x Anglick\u00fd n\u00e1vod na pou\u017eitie<br \/>\n2x Prepojovac\u00ed k\u00e1bel 2- a 4-cestn\u00fd)<\/p>\n","protected":false},"excerpt":{"rendered":"<p>Elektrick\u00fd stimul\u00e1tor JR-309 Digit\u00e1lny mas\u00e1\u017eny pr\u00edstroj na uvo\u013enenie svalov cel\u00e9ho tela, Akupunkt\u00fara pulzn\u00fdch desiatok s terapeutickou papu\u010dou + 8 podlo\u017eiek&hellip;<\/p>\n","protected":false},"featured_media":1271,"template":"","meta":{"_monsterinsights_skip_tracking":false,"_monsterinsights_sitenote_active":false,"_monsterinsights_sitenote_note":"","_monsterinsights_sitenote_category":0},"product_cat":[64],"product_tag":[],"class_list":{"0":"post-1270","1":"product","2":"type-product","3":"status-publish","4":"has-post-thumbnail","6":"product_cat-health","8":"first","9":"instock","10":"shipping-taxable","11":"purchasable","12":"product-type-simple"},"yoast_head":"<!-- This site is optimized with the Yoast SEO plugin v23.6 - https:\/\/yoast.com\/wordpress\/plugins\/seo\/ -->\n<title>JR-309 Electrical Stimulator Full Body Relax Muscle Digital Massager ,Pulse tens Acupuncture with therapy slipper+ 8pads - Arduino e-shop<\/title>\n<meta name=\"robots\" content=\"index, follow, max-snippet:-1, max-image-preview:large, max-video-preview:-1\" \/>\n<link rel=\"canonical\" href=\"https:\/\/www.onetimenexttime.sk\/arduino\/index.php\/produkt\/jr-309-electrical-stimulator-full-body-relax-muscle-digital-massager-pulse-tens-acupuncture-with-therapy-slipper-8pads\/\" \/>\n<meta property=\"og:locale\" content=\"sk_SK\" \/>\n<meta property=\"og:type\" content=\"article\" \/>\n<meta property=\"og:title\" content=\"JR-309 Electrical Stimulator Full Body Relax Muscle Digital Massager ,Pulse tens Acupuncture with therapy slipper+ 8pads - Arduino e-shop\" \/>\n<meta property=\"og:description\" content=\"Elektrick\u00fd stimul\u00e1tor JR-309 Digit\u00e1lny mas\u00e1\u017eny pr\u00edstroj na uvo\u013enenie svalov cel\u00e9ho tela, Akupunkt\u00fara pulzn\u00fdch desiatok s terapeutickou papu\u010dou + 8 podlo\u017eiek&hellip;\" \/>\n<meta property=\"og:url\" content=\"https:\/\/www.onetimenexttime.sk\/arduino\/index.php\/produkt\/jr-309-electrical-stimulator-full-body-relax-muscle-digital-massager-pulse-tens-acupuncture-with-therapy-slipper-8pads\/\" \/>\n<meta property=\"og:site_name\" content=\"Arduino e-shop\" \/>\n<meta property=\"article:modified_time\" content=\"2021-11-10T10:57:16+00:00\" \/>\n<meta property=\"og:image\" content=\"https:\/\/www.onetimenexttime.sk\/arduino\/wp-content\/uploads\/2021\/11\/380.webp\" \/>\n\t<meta property=\"og:image:width\" content=\"800\" \/>\n\t<meta property=\"og:image:height\" content=\"800\" \/>\n\t<meta property=\"og:image:type\" content=\"image\/webp\" \/>\n<meta name=\"twitter:card\" content=\"summary_large_image\" \/>\n<meta name=\"twitter:label1\" content=\"Predpokladan\u00fd \u010das \u010d\u00edtania\" \/>\n\t<meta name=\"twitter:data1\" content=\"3 min\u00faty\" \/>\n<script type=\"application\/ld+json\" class=\"yoast-schema-graph\">{\"@context\":\"https:\/\/schema.org\",\"@graph\":[{\"@type\":\"WebPage\",\"@id\":\"https:\/\/www.onetimenexttime.sk\/arduino\/index.php\/produkt\/jr-309-electrical-stimulator-full-body-relax-muscle-digital-massager-pulse-tens-acupuncture-with-therapy-slipper-8pads\/\",\"url\":\"https:\/\/www.onetimenexttime.sk\/arduino\/index.php\/produkt\/jr-309-electrical-stimulator-full-body-relax-muscle-digital-massager-pulse-tens-acupuncture-with-therapy-slipper-8pads\/\",\"name\":\"JR-309 Electrical Stimulator Full Body Relax Muscle Digital Massager ,Pulse tens Acupuncture with therapy slipper+ 8pads - Arduino e-shop\",\"isPartOf\":{\"@id\":\"https:\/\/www.onetimenexttime.sk\/arduino\/#website\"},\"primaryImageOfPage\":{\"@id\":\"https:\/\/www.onetimenexttime.sk\/arduino\/index.php\/produkt\/jr-309-electrical-stimulator-full-body-relax-muscle-digital-massager-pulse-tens-acupuncture-with-therapy-slipper-8pads\/#primaryimage\"},\"image\":{\"@id\":\"https:\/\/www.onetimenexttime.sk\/arduino\/index.php\/produkt\/jr-309-electrical-stimulator-full-body-relax-muscle-digital-massager-pulse-tens-acupuncture-with-therapy-slipper-8pads\/#primaryimage\"},\"thumbnailUrl\":\"https:\/\/www.onetimenexttime.sk\/arduino\/wp-content\/uploads\/2021\/11\/380.webp\",\"datePublished\":\"2021-11-10T10:53:21+00:00\",\"dateModified\":\"2021-11-10T10:57:16+00:00\",\"breadcrumb\":{\"@id\":\"https:\/\/www.onetimenexttime.sk\/arduino\/index.php\/produkt\/jr-309-electrical-stimulator-full-body-relax-muscle-digital-massager-pulse-tens-acupuncture-with-therapy-slipper-8pads\/#breadcrumb\"},\"inLanguage\":\"sk-SK\",\"potentialAction\":[{\"@type\":\"ReadAction\",\"target\":[\"https:\/\/www.onetimenexttime.sk\/arduino\/index.php\/produkt\/jr-309-electrical-stimulator-full-body-relax-muscle-digital-massager-pulse-tens-acupuncture-with-therapy-slipper-8pads\/\"]}]},{\"@type\":\"ImageObject\",\"inLanguage\":\"sk-SK\",\"@id\":\"https:\/\/www.onetimenexttime.sk\/arduino\/index.php\/produkt\/jr-309-electrical-stimulator-full-body-relax-muscle-digital-massager-pulse-tens-acupuncture-with-therapy-slipper-8pads\/#primaryimage\",\"url\":\"https:\/\/www.onetimenexttime.sk\/arduino\/wp-content\/uploads\/2021\/11\/380.webp\",\"contentUrl\":\"https:\/\/www.onetimenexttime.sk\/arduino\/wp-content\/uploads\/2021\/11\/380.webp\",\"width\":800,\"height\":800},{\"@type\":\"BreadcrumbList\",\"@id\":\"https:\/\/www.onetimenexttime.sk\/arduino\/index.php\/produkt\/jr-309-electrical-stimulator-full-body-relax-muscle-digital-massager-pulse-tens-acupuncture-with-therapy-slipper-8pads\/#breadcrumb\",\"itemListElement\":[{\"@type\":\"ListItem\",\"position\":1,\"name\":\"Domov\",\"item\":\"https:\/\/www.onetimenexttime.sk\/arduino\/\"},{\"@type\":\"ListItem\",\"position\":2,\"name\":\"Obchod\",\"item\":\"https:\/\/www.onetimenexttime.sk\/arduino\/\"},{\"@type\":\"ListItem\",\"position\":3,\"name\":\"JR-309 Electrical Stimulator Full Body Relax Muscle Digital Massager ,Pulse tens Acupuncture with therapy slipper+ 8pads\"}]},{\"@type\":\"WebSite\",\"@id\":\"https:\/\/www.onetimenexttime.sk\/arduino\/#website\",\"url\":\"https:\/\/www.onetimenexttime.sk\/arduino\/\",\"name\":\"Arduino e-shop\",\"description\":\"Home Assistant\",\"potentialAction\":[{\"@type\":\"SearchAction\",\"target\":{\"@type\":\"EntryPoint\",\"urlTemplate\":\"https:\/\/www.onetimenexttime.sk\/arduino\/?s={search_term_string}\"},\"query-input\":{\"@type\":\"PropertyValueSpecification\",\"valueRequired\":true,\"valueName\":\"search_term_string\"}}],\"inLanguage\":\"sk-SK\"}]}<\/script>\n<!-- \/ Yoast SEO plugin. -->","yoast_head_json":{"title":"JR-309 Electrical Stimulator Full Body Relax Muscle Digital Massager ,Pulse tens Acupuncture with therapy slipper+ 8pads - Arduino e-shop","robots":{"index":"index","follow":"follow","max-snippet":"max-snippet:-1","max-image-preview":"max-image-preview:large","max-video-preview":"max-video-preview:-1"},"canonical":"https:\/\/www.onetimenexttime.sk\/arduino\/index.php\/produkt\/jr-309-electrical-stimulator-full-body-relax-muscle-digital-massager-pulse-tens-acupuncture-with-therapy-slipper-8pads\/","og_locale":"sk_SK","og_type":"article","og_title":"JR-309 Electrical Stimulator Full Body Relax Muscle Digital Massager ,Pulse tens Acupuncture with therapy slipper+ 8pads - Arduino e-shop","og_description":"Elektrick\u00fd stimul\u00e1tor JR-309 Digit\u00e1lny mas\u00e1\u017eny pr\u00edstroj na uvo\u013enenie svalov cel\u00e9ho tela, Akupunkt\u00fara pulzn\u00fdch desiatok s terapeutickou papu\u010dou + 8 podlo\u017eiek&hellip;","og_url":"https:\/\/www.onetimenexttime.sk\/arduino\/index.php\/produkt\/jr-309-electrical-stimulator-full-body-relax-muscle-digital-massager-pulse-tens-acupuncture-with-therapy-slipper-8pads\/","og_site_name":"Arduino e-shop","article_modified_time":"2021-11-10T10:57:16+00:00","og_image":[{"width":800,"height":800,"url":"https:\/\/www.onetimenexttime.sk\/arduino\/wp-content\/uploads\/2021\/11\/380.webp","type":"image\/webp"}],"twitter_card":"summary_large_image","twitter_misc":{"Predpokladan\u00fd \u010das \u010d\u00edtania":"3 min\u00faty"},"schema":{"@context":"https:\/\/schema.org","@graph":[{"@type":"WebPage","@id":"https:\/\/www.onetimenexttime.sk\/arduino\/index.php\/produkt\/jr-309-electrical-stimulator-full-body-relax-muscle-digital-massager-pulse-tens-acupuncture-with-therapy-slipper-8pads\/","url":"https:\/\/www.onetimenexttime.sk\/arduino\/index.php\/produkt\/jr-309-electrical-stimulator-full-body-relax-muscle-digital-massager-pulse-tens-acupuncture-with-therapy-slipper-8pads\/","name":"JR-309 Electrical Stimulator Full Body Relax Muscle Digital Massager ,Pulse tens Acupuncture with therapy slipper+ 8pads - Arduino e-shop","isPartOf":{"@id":"https:\/\/www.onetimenexttime.sk\/arduino\/#website"},"primaryImageOfPage":{"@id":"https:\/\/www.onetimenexttime.sk\/arduino\/index.php\/produkt\/jr-309-electrical-stimulator-full-body-relax-muscle-digital-massager-pulse-tens-acupuncture-with-therapy-slipper-8pads\/#primaryimage"},"image":{"@id":"https:\/\/www.onetimenexttime.sk\/arduino\/index.php\/produkt\/jr-309-electrical-stimulator-full-body-relax-muscle-digital-massager-pulse-tens-acupuncture-with-therapy-slipper-8pads\/#primaryimage"},"thumbnailUrl":"https:\/\/www.onetimenexttime.sk\/arduino\/wp-content\/uploads\/2021\/11\/380.webp","datePublished":"2021-11-10T10:53:21+00:00","dateModified":"2021-11-10T10:57:16+00:00","breadcrumb":{"@id":"https:\/\/www.onetimenexttime.sk\/arduino\/index.php\/produkt\/jr-309-electrical-stimulator-full-body-relax-muscle-digital-massager-pulse-tens-acupuncture-with-therapy-slipper-8pads\/#breadcrumb"},"inLanguage":"sk-SK","potentialAction":[{"@type":"ReadAction","target":["https:\/\/www.onetimenexttime.sk\/arduino\/index.php\/produkt\/jr-309-electrical-stimulator-full-body-relax-muscle-digital-massager-pulse-tens-acupuncture-with-therapy-slipper-8pads\/"]}]},{"@type":"ImageObject","inLanguage":"sk-SK","@id":"https:\/\/www.onetimenexttime.sk\/arduino\/index.php\/produkt\/jr-309-electrical-stimulator-full-body-relax-muscle-digital-massager-pulse-tens-acupuncture-with-therapy-slipper-8pads\/#primaryimage","url":"https:\/\/www.onetimenexttime.sk\/arduino\/wp-content\/uploads\/2021\/11\/380.webp","contentUrl":"https:\/\/www.onetimenexttime.sk\/arduino\/wp-content\/uploads\/2021\/11\/380.webp","width":800,"height":800},{"@type":"BreadcrumbList","@id":"https:\/\/www.onetimenexttime.sk\/arduino\/index.php\/produkt\/jr-309-electrical-stimulator-full-body-relax-muscle-digital-massager-pulse-tens-acupuncture-with-therapy-slipper-8pads\/#breadcrumb","itemListElement":[{"@type":"ListItem","position":1,"name":"Domov","item":"https:\/\/www.onetimenexttime.sk\/arduino\/"},{"@type":"ListItem","position":2,"name":"Obchod","item":"https:\/\/www.onetimenexttime.sk\/arduino\/"},{"@type":"ListItem","position":3,"name":"JR-309 Electrical Stimulator Full Body Relax Muscle Digital Massager ,Pulse tens Acupuncture with therapy slipper+ 8pads"}]},{"@type":"WebSite","@id":"https:\/\/www.onetimenexttime.sk\/arduino\/#website","url":"https:\/\/www.onetimenexttime.sk\/arduino\/","name":"Arduino e-shop","description":"Home Assistant","potentialAction":[{"@type":"SearchAction","target":{"@type":"EntryPoint","urlTemplate":"https:\/\/www.onetimenexttime.sk\/arduino\/?s={search_term_string}"},"query-input":{"@type":"PropertyValueSpecification","valueRequired":true,"valueName":"search_term_string"}}],"inLanguage":"sk-SK"}]}},"_links":{"self":[{"href":"https:\/\/www.onetimenexttime.sk\/arduino\/index.php\/wp-json\/wp\/v2\/product\/1270"}],"collection":[{"href":"https:\/\/www.onetimenexttime.sk\/arduino\/index.php\/wp-json\/wp\/v2\/product"}],"about":[{"href":"https:\/\/www.onetimenexttime.sk\/arduino\/index.php\/wp-json\/wp\/v2\/types\/product"}],"wp:featuredmedia":[{"embeddable":true,"href":"https:\/\/www.onetimenexttime.sk\/arduino\/index.php\/wp-json\/wp\/v2\/media\/1271"}],"wp:attachment":[{"href":"https:\/\/www.onetimenexttime.sk\/arduino\/index.php\/wp-json\/wp\/v2\/media?parent=1270"}],"wp:term":[{"taxonomy":"product_cat","embeddable":true,"href":"https:\/\/www.onetimenexttime.sk\/arduino\/index.php\/wp-json\/wp\/v2\/product_cat?post=1270"},{"taxonomy":"product_tag","embeddable":true,"href":"https:\/\/www.onetimenexttime.sk\/arduino\/index.php\/wp-json\/wp\/v2\/product_tag?post=1270"}],"curies":[{"name":"wp","href":"https:\/\/api.w.org\/{rel}","templated":true}]}}