{"id":1266,"date":"2021-11-10T11:40:00","date_gmt":"2021-11-10T10:40:00","guid":{"rendered":"https:\/\/www.onetimenexttime.sk\/arduino\/?post_type=product&#038;p=1266"},"modified":"2021-11-10T11:42:53","modified_gmt":"2021-11-10T10:42:53","slug":"lcd-co-carbon-monoxide-alarm-sensor-poisoning-smoke-gas-tester-sound-flash-warning-detector","status":"publish","type":"product","link":"https:\/\/www.onetimenexttime.sk\/arduino\/index.php\/produkt\/lcd-co-carbon-monoxide-alarm-sensor-poisoning-smoke-gas-tester-sound-flash-warning-detector\/","title":{"rendered":"LCD CO Carbon Monoxide Alarm Sensor Poisoning Smoke Gas Tester Sound &#038; Flash Warning Detector"},"content":{"rendered":"<h2>LCD sn\u00edma\u010d alarmu oxidu uho\u013enat\u00e9ho Tester otravy dymom Detektor varovania zvuku a blesku<\/h2>\n<p>&nbsp;<\/p>\n<p>Preh\u013ead:<br \/>\nTento produkt je detektor oxidu uho\u013enat\u00e9ho s LCD displejom. Skuto\u010dn\u00fa hladinu oxidu uho\u013enat\u00e9ho m\u00f4\u017eete \u013eahko vidie\u0165 z obrazovky. Ke\u010f koncentr\u00e1cia uniknut\u00e9ho oxidu uho\u013enat\u00e9ho dosiahne \u00farove\u0148 alarmu, LED detektora za\u010dne blika\u0165 na \u010derveno a bzu\u010diak vyd\u00e1 zvuky alarmu. Tento produkt mo\u017eno dobre pou\u017ei\u0165 v kuchyni, k\u00fape\u013eni a na in\u00fdch miestach, ktor\u00e9 m\u00f4\u017ee produkova\u0165 oxid uho\u013enat\u00fd.<br \/>\nVlastnosti:<br \/>\n* LED displej s modr\u00fdm podsvieten\u00edm, \u013eahko \u010ditate\u013en\u00fd.<br \/>\n* Hlasit\u00fd zvuk bud\u00edka, hlasitos\u0165 bud\u00edka dosiahne 85 dB.<br \/>\n*Funkcia \u0161etrenia energie: po\u010das prv\u00fdch 4 min\u00fat sa zvuk bud\u00edka ozve 4 p\u00edpnutiami ka\u017ed\u00fdch 5 sek\u00fand. O 4 min\u00faty nesk\u00f4r sa zmen\u00ed na 4 p\u00edpnutia ka\u017ed\u00fa min\u00fatu, aby sa \u0161etrila energia bat\u00e9rie.<br \/>\n*Vysoko spo\u013eahliv\u00fd dizajn sn\u00edma\u010da, efekt\u00edvne zis\u0165uje plyn CO v re\u00e1lnom \u010dase a pripom\u00edna \u013eu\u010fom.<br \/>\n* Vzor zvuku bud\u00edka s\u00fa \u0161tyri kr\u00e1tke p\u00edpnutia bud\u00edka, v re\u017eime bud\u00edka bude blika\u0165 \u010derven\u00e1 LED.<br \/>\n*Jedno \u201ep\u00edpnutie\u201c ka\u017ed\u00fdch 30 sek\u00fand znamen\u00e1, \u017ee bat\u00e9ria je takmer vybit\u00e1 a je potrebn\u00e9 ju vymeni\u0165.<br \/>\n*Tla\u010didlo Test\/Reset na testovanie elektroniky jednotky a overenie spr\u00e1vnej \u010dinnosti jednotky a reset jednotky po\u010das alarmu CO.<br \/>\n*Zelen\u00e1 a \u010derven\u00e1 LED di\u00f3da, ktor\u00e1 indikuje norm\u00e1lnu prev\u00e1dzku a stav alarmu.<br \/>\n*3-miestny LCD displej je volite\u013en\u00fd. \u201eErr\u201c znamen\u00e1, \u017ee jednotka nefunguje spr\u00e1vne; \u201eLb\u201c ozna\u010duje vybit\u00fa bat\u00e9riu; \u201e999 ppm\u201c ozna\u010duje \u00farove\u0148 CO nad 999 ppm.<br \/>\n* Kompaktn\u00fd, \u013eahk\u00fd a \u013eahko ovl\u00e1date\u013en\u00fd.<br \/>\nTechnick\u00e9 \u00fadaje:<br \/>\nNap\u00e1janie: 3 * 1,5V AA bat\u00e9rie (nie s\u00fa s\u00fa\u010das\u0165ou balenia)<br \/>\nCitlivos\u0165\/\u010das alarmu:<br \/>\n50 ppm, do 60 ~ 90 min\u00fat;<br \/>\n100 ppm, do 10 ~ 40 min\u00fat;<br \/>\n300 ppm, do 3 min\u00fat<br \/>\nStatick\u00fd pr\u00fad: \uff1c50\u03bcA (bez LCD);\uff1c50\u03bcA (s LCD)<br \/>\nPr\u00fad alarmu: \uff1c75 mA<br \/>\nHlasitos\u0165 alarmu: 85 dB<br \/>\nPrev\u00e1dzkov\u00e9 prostredie: 0\u00b0C-45\u00b0C<br \/>\nVlhkos\u0165 prostredia: 20~95% R.H<br \/>\nUpozornenie na slab\u00fa bat\u00e9riu: \u201eLb\u201c na LCD displeji<br \/>\nVe\u013ekos\u0165 polo\u017eky: Pribl. 9,5*9,5*3,3 cm (D*\u0160*V)<br \/>\nHmotnos\u0165 polo\u017eky: Pribl. 87,8 g\/3,1 oz<br \/>\nInform\u00e1cie o bal\u00edku:<br \/>\nVe\u013ekos\u0165 balenia: Pribl. 10,8 * 10,2 * 4 cm \/ 4,25 * 4 * 1,6 palca<br \/>\nHmotnos\u0165 balenia: cca. 119 g\/4,2 oz<br \/>\nZoznam bal\u00edkov:<br \/>\n1 * Senzor alarmu oxidu uho\u013enat\u00e9ho (bat\u00e9ria nie je s\u00fa\u010das\u0165ou balenia)<br \/>\n1* ta\u0161ka s mont\u00e1\u017enymi skrutkami<br \/>\n1* Pou\u017e\u00edvate\u013esk\u00e1 pr\u00edru\u010dka (angli\u010dtina)<\/p>\n","protected":false},"excerpt":{"rendered":"<p>LCD sn\u00edma\u010d alarmu oxidu uho\u013enat\u00e9ho Tester otravy dymom Detektor varovania zvuku a blesku &nbsp; Preh\u013ead: Tento produkt je detektor oxidu&hellip;<\/p>\n","protected":false},"featured_media":1267,"template":"","meta":{"_monsterinsights_skip_tracking":false,"_monsterinsights_sitenote_active":false,"_monsterinsights_sitenote_note":"","_monsterinsights_sitenote_category":0},"product_cat":[38,61,64,27,43,42,58],"product_tag":[],"class_list":{"0":"post-1266","1":"product","2":"type-product","3":"status-publish","4":"has-post-thumbnail","6":"product_cat-auto","7":"product_cat-gift","8":"product_cat-health","9":"product_cat-kamera","10":"product_cat-office","11":"product_cat-smart","12":"product_cat-tester","14":"first","15":"instock","16":"sale","17":"shipping-taxable","18":"purchasable","19":"product-type-simple"},"yoast_head":"<!-- This site is optimized with the Yoast SEO plugin v23.6 - https:\/\/yoast.com\/wordpress\/plugins\/seo\/ -->\n<title>LCD CO Carbon Monoxide Alarm Sensor Poisoning Smoke Gas Tester Sound &amp; Flash Warning Detector - Arduino e-shop<\/title>\n<meta name=\"robots\" content=\"index, follow, max-snippet:-1, max-image-preview:large, max-video-preview:-1\" \/>\n<link rel=\"canonical\" href=\"https:\/\/www.onetimenexttime.sk\/arduino\/index.php\/produkt\/lcd-co-carbon-monoxide-alarm-sensor-poisoning-smoke-gas-tester-sound-flash-warning-detector\/\" \/>\n<meta property=\"og:locale\" content=\"sk_SK\" \/>\n<meta property=\"og:type\" content=\"article\" \/>\n<meta property=\"og:title\" content=\"LCD CO Carbon Monoxide Alarm Sensor Poisoning Smoke Gas Tester Sound &amp; Flash Warning Detector - Arduino e-shop\" \/>\n<meta property=\"og:description\" content=\"LCD sn\u00edma\u010d alarmu oxidu uho\u013enat\u00e9ho Tester otravy dymom Detektor varovania zvuku a blesku &nbsp; Preh\u013ead: Tento produkt je detektor oxidu&hellip;\" \/>\n<meta property=\"og:url\" content=\"https:\/\/www.onetimenexttime.sk\/arduino\/index.php\/produkt\/lcd-co-carbon-monoxide-alarm-sensor-poisoning-smoke-gas-tester-sound-flash-warning-detector\/\" \/>\n<meta property=\"og:site_name\" content=\"Arduino e-shop\" \/>\n<meta property=\"article:modified_time\" content=\"2021-11-10T10:42:53+00:00\" \/>\n<meta property=\"og:image\" content=\"https:\/\/www.onetimenexttime.sk\/arduino\/wp-content\/uploads\/2021\/11\/378.jpg\" \/>\n\t<meta property=\"og:image:width\" content=\"480\" \/>\n\t<meta property=\"og:image:height\" content=\"480\" \/>\n\t<meta property=\"og:image:type\" content=\"image\/jpeg\" \/>\n<meta name=\"twitter:card\" content=\"summary_large_image\" \/>\n<meta name=\"twitter:label1\" content=\"Predpokladan\u00fd \u010das \u010d\u00edtania\" \/>\n\t<meta name=\"twitter:data1\" content=\"2 min\u00faty\" \/>\n<script type=\"application\/ld+json\" class=\"yoast-schema-graph\">{\"@context\":\"https:\/\/schema.org\",\"@graph\":[{\"@type\":\"WebPage\",\"@id\":\"https:\/\/www.onetimenexttime.sk\/arduino\/index.php\/produkt\/lcd-co-carbon-monoxide-alarm-sensor-poisoning-smoke-gas-tester-sound-flash-warning-detector\/\",\"url\":\"https:\/\/www.onetimenexttime.sk\/arduino\/index.php\/produkt\/lcd-co-carbon-monoxide-alarm-sensor-poisoning-smoke-gas-tester-sound-flash-warning-detector\/\",\"name\":\"LCD CO Carbon Monoxide Alarm Sensor Poisoning Smoke Gas Tester Sound & Flash Warning Detector - Arduino e-shop\",\"isPartOf\":{\"@id\":\"https:\/\/www.onetimenexttime.sk\/arduino\/#website\"},\"primaryImageOfPage\":{\"@id\":\"https:\/\/www.onetimenexttime.sk\/arduino\/index.php\/produkt\/lcd-co-carbon-monoxide-alarm-sensor-poisoning-smoke-gas-tester-sound-flash-warning-detector\/#primaryimage\"},\"image\":{\"@id\":\"https:\/\/www.onetimenexttime.sk\/arduino\/index.php\/produkt\/lcd-co-carbon-monoxide-alarm-sensor-poisoning-smoke-gas-tester-sound-flash-warning-detector\/#primaryimage\"},\"thumbnailUrl\":\"https:\/\/www.onetimenexttime.sk\/arduino\/wp-content\/uploads\/2021\/11\/378.jpg\",\"datePublished\":\"2021-11-10T10:40:00+00:00\",\"dateModified\":\"2021-11-10T10:42:53+00:00\",\"breadcrumb\":{\"@id\":\"https:\/\/www.onetimenexttime.sk\/arduino\/index.php\/produkt\/lcd-co-carbon-monoxide-alarm-sensor-poisoning-smoke-gas-tester-sound-flash-warning-detector\/#breadcrumb\"},\"inLanguage\":\"sk-SK\",\"potentialAction\":[{\"@type\":\"ReadAction\",\"target\":[\"https:\/\/www.onetimenexttime.sk\/arduino\/index.php\/produkt\/lcd-co-carbon-monoxide-alarm-sensor-poisoning-smoke-gas-tester-sound-flash-warning-detector\/\"]}]},{\"@type\":\"ImageObject\",\"inLanguage\":\"sk-SK\",\"@id\":\"https:\/\/www.onetimenexttime.sk\/arduino\/index.php\/produkt\/lcd-co-carbon-monoxide-alarm-sensor-poisoning-smoke-gas-tester-sound-flash-warning-detector\/#primaryimage\",\"url\":\"https:\/\/www.onetimenexttime.sk\/arduino\/wp-content\/uploads\/2021\/11\/378.jpg\",\"contentUrl\":\"https:\/\/www.onetimenexttime.sk\/arduino\/wp-content\/uploads\/2021\/11\/378.jpg\",\"width\":480,\"height\":480},{\"@type\":\"BreadcrumbList\",\"@id\":\"https:\/\/www.onetimenexttime.sk\/arduino\/index.php\/produkt\/lcd-co-carbon-monoxide-alarm-sensor-poisoning-smoke-gas-tester-sound-flash-warning-detector\/#breadcrumb\",\"itemListElement\":[{\"@type\":\"ListItem\",\"position\":1,\"name\":\"Domov\",\"item\":\"https:\/\/www.onetimenexttime.sk\/arduino\/\"},{\"@type\":\"ListItem\",\"position\":2,\"name\":\"Obchod\",\"item\":\"https:\/\/www.onetimenexttime.sk\/arduino\/\"},{\"@type\":\"ListItem\",\"position\":3,\"name\":\"LCD CO Carbon Monoxide Alarm Sensor Poisoning Smoke Gas Tester Sound &#038; Flash Warning Detector\"}]},{\"@type\":\"WebSite\",\"@id\":\"https:\/\/www.onetimenexttime.sk\/arduino\/#website\",\"url\":\"https:\/\/www.onetimenexttime.sk\/arduino\/\",\"name\":\"Arduino e-shop\",\"description\":\"Home Assistant\",\"potentialAction\":[{\"@type\":\"SearchAction\",\"target\":{\"@type\":\"EntryPoint\",\"urlTemplate\":\"https:\/\/www.onetimenexttime.sk\/arduino\/?s={search_term_string}\"},\"query-input\":{\"@type\":\"PropertyValueSpecification\",\"valueRequired\":true,\"valueName\":\"search_term_string\"}}],\"inLanguage\":\"sk-SK\"}]}<\/script>\n<!-- \/ Yoast SEO plugin. -->","yoast_head_json":{"title":"LCD CO Carbon Monoxide Alarm Sensor Poisoning Smoke Gas Tester Sound & Flash Warning Detector - Arduino e-shop","robots":{"index":"index","follow":"follow","max-snippet":"max-snippet:-1","max-image-preview":"max-image-preview:large","max-video-preview":"max-video-preview:-1"},"canonical":"https:\/\/www.onetimenexttime.sk\/arduino\/index.php\/produkt\/lcd-co-carbon-monoxide-alarm-sensor-poisoning-smoke-gas-tester-sound-flash-warning-detector\/","og_locale":"sk_SK","og_type":"article","og_title":"LCD CO Carbon Monoxide Alarm Sensor Poisoning Smoke Gas Tester Sound & Flash Warning Detector - Arduino e-shop","og_description":"LCD sn\u00edma\u010d alarmu oxidu uho\u013enat\u00e9ho Tester otravy dymom Detektor varovania zvuku a blesku &nbsp; Preh\u013ead: Tento produkt je detektor oxidu&hellip;","og_url":"https:\/\/www.onetimenexttime.sk\/arduino\/index.php\/produkt\/lcd-co-carbon-monoxide-alarm-sensor-poisoning-smoke-gas-tester-sound-flash-warning-detector\/","og_site_name":"Arduino e-shop","article_modified_time":"2021-11-10T10:42:53+00:00","og_image":[{"width":480,"height":480,"url":"https:\/\/www.onetimenexttime.sk\/arduino\/wp-content\/uploads\/2021\/11\/378.jpg","type":"image\/jpeg"}],"twitter_card":"summary_large_image","twitter_misc":{"Predpokladan\u00fd \u010das \u010d\u00edtania":"2 min\u00faty"},"schema":{"@context":"https:\/\/schema.org","@graph":[{"@type":"WebPage","@id":"https:\/\/www.onetimenexttime.sk\/arduino\/index.php\/produkt\/lcd-co-carbon-monoxide-alarm-sensor-poisoning-smoke-gas-tester-sound-flash-warning-detector\/","url":"https:\/\/www.onetimenexttime.sk\/arduino\/index.php\/produkt\/lcd-co-carbon-monoxide-alarm-sensor-poisoning-smoke-gas-tester-sound-flash-warning-detector\/","name":"LCD CO Carbon Monoxide Alarm Sensor Poisoning Smoke Gas Tester Sound & Flash Warning Detector - Arduino e-shop","isPartOf":{"@id":"https:\/\/www.onetimenexttime.sk\/arduino\/#website"},"primaryImageOfPage":{"@id":"https:\/\/www.onetimenexttime.sk\/arduino\/index.php\/produkt\/lcd-co-carbon-monoxide-alarm-sensor-poisoning-smoke-gas-tester-sound-flash-warning-detector\/#primaryimage"},"image":{"@id":"https:\/\/www.onetimenexttime.sk\/arduino\/index.php\/produkt\/lcd-co-carbon-monoxide-alarm-sensor-poisoning-smoke-gas-tester-sound-flash-warning-detector\/#primaryimage"},"thumbnailUrl":"https:\/\/www.onetimenexttime.sk\/arduino\/wp-content\/uploads\/2021\/11\/378.jpg","datePublished":"2021-11-10T10:40:00+00:00","dateModified":"2021-11-10T10:42:53+00:00","breadcrumb":{"@id":"https:\/\/www.onetimenexttime.sk\/arduino\/index.php\/produkt\/lcd-co-carbon-monoxide-alarm-sensor-poisoning-smoke-gas-tester-sound-flash-warning-detector\/#breadcrumb"},"inLanguage":"sk-SK","potentialAction":[{"@type":"ReadAction","target":["https:\/\/www.onetimenexttime.sk\/arduino\/index.php\/produkt\/lcd-co-carbon-monoxide-alarm-sensor-poisoning-smoke-gas-tester-sound-flash-warning-detector\/"]}]},{"@type":"ImageObject","inLanguage":"sk-SK","@id":"https:\/\/www.onetimenexttime.sk\/arduino\/index.php\/produkt\/lcd-co-carbon-monoxide-alarm-sensor-poisoning-smoke-gas-tester-sound-flash-warning-detector\/#primaryimage","url":"https:\/\/www.onetimenexttime.sk\/arduino\/wp-content\/uploads\/2021\/11\/378.jpg","contentUrl":"https:\/\/www.onetimenexttime.sk\/arduino\/wp-content\/uploads\/2021\/11\/378.jpg","width":480,"height":480},{"@type":"BreadcrumbList","@id":"https:\/\/www.onetimenexttime.sk\/arduino\/index.php\/produkt\/lcd-co-carbon-monoxide-alarm-sensor-poisoning-smoke-gas-tester-sound-flash-warning-detector\/#breadcrumb","itemListElement":[{"@type":"ListItem","position":1,"name":"Domov","item":"https:\/\/www.onetimenexttime.sk\/arduino\/"},{"@type":"ListItem","position":2,"name":"Obchod","item":"https:\/\/www.onetimenexttime.sk\/arduino\/"},{"@type":"ListItem","position":3,"name":"LCD CO Carbon Monoxide Alarm Sensor Poisoning Smoke Gas Tester Sound &#038; Flash Warning Detector"}]},{"@type":"WebSite","@id":"https:\/\/www.onetimenexttime.sk\/arduino\/#website","url":"https:\/\/www.onetimenexttime.sk\/arduino\/","name":"Arduino e-shop","description":"Home Assistant","potentialAction":[{"@type":"SearchAction","target":{"@type":"EntryPoint","urlTemplate":"https:\/\/www.onetimenexttime.sk\/arduino\/?s={search_term_string}"},"query-input":{"@type":"PropertyValueSpecification","valueRequired":true,"valueName":"search_term_string"}}],"inLanguage":"sk-SK"}]}},"_links":{"self":[{"href":"https:\/\/www.onetimenexttime.sk\/arduino\/index.php\/wp-json\/wp\/v2\/product\/1266"}],"collection":[{"href":"https:\/\/www.onetimenexttime.sk\/arduino\/index.php\/wp-json\/wp\/v2\/product"}],"about":[{"href":"https:\/\/www.onetimenexttime.sk\/arduino\/index.php\/wp-json\/wp\/v2\/types\/product"}],"wp:featuredmedia":[{"embeddable":true,"href":"https:\/\/www.onetimenexttime.sk\/arduino\/index.php\/wp-json\/wp\/v2\/media\/1267"}],"wp:attachment":[{"href":"https:\/\/www.onetimenexttime.sk\/arduino\/index.php\/wp-json\/wp\/v2\/media?parent=1266"}],"wp:term":[{"taxonomy":"product_cat","embeddable":true,"href":"https:\/\/www.onetimenexttime.sk\/arduino\/index.php\/wp-json\/wp\/v2\/product_cat?post=1266"},{"taxonomy":"product_tag","embeddable":true,"href":"https:\/\/www.onetimenexttime.sk\/arduino\/index.php\/wp-json\/wp\/v2\/product_tag?post=1266"}],"curies":[{"name":"wp","href":"https:\/\/api.w.org\/{rel}","templated":true}]}}