{"id":1260,"date":"2021-11-10T11:25:08","date_gmt":"2021-11-10T10:25:08","guid":{"rendered":"https:\/\/www.onetimenexttime.sk\/arduino\/?post_type=product&#038;p=1260"},"modified":"2021-11-10T11:28:20","modified_gmt":"2021-11-10T10:28:20","slug":"eastnights-high-grade-stainless-steel-men-credit-card-holder-women-metal-bank-card-case-card-box-tw2703","status":"publish","type":"product","link":"https:\/\/www.onetimenexttime.sk\/arduino\/index.php\/produkt\/eastnights-high-grade-stainless-steel-men-credit-card-holder-women-metal-bank-card-case-card-box-tw2703\/","title":{"rendered":"EASTNIGHTS High-Grade stainless steel men credit card holder women metal bank card case card box TW2703"},"content":{"rendered":"<h2>EASTNIGHTS Vysokokvalitn\u00e1 nehrdzavej\u00faca oce\u013e p\u00e1nsky dr\u017eiak na kreditn\u00e9 karty d\u00e1mske kovov\u00e9 puzdro na bankov\u00e9 karty krabi\u010dka na karty TW2703<\/h2>\n<p>&nbsp;<\/p>\n<p>Popis:<\/p>\n<p>1: ve\u013ekos\u0165: 9,4 cm (D) * 6,6 (W) * 1,3 cm (hr\u00fabka) cm. 6 bitov karty<\/p>\n<p>2: materi\u00e1l: nehrdzavej\u00faca oce\u013e.<\/p>\n<p>3: je vhodn\u00fd aj na dar\u010deky zaslan\u00e9 pr\u00edbuzn\u00fdm, priate\u013eom, kolegom.<\/p>\n<p>&nbsp;<\/p>\n<p><img loading=\"lazy\" decoding=\"async\" src=\"https:\/\/ae01.alicdn.com\/kf\/HTB1DMl9RVXXXXX9XFXXq6xXFXXXN.jpg\" width=\"750\" height=\"750\" data-spm-anchor-id=\"a2g0o.detail.1000023.i1.7154cc3biPZrD5\" \/><\/p>\n","protected":false},"excerpt":{"rendered":"<p>EASTNIGHTS Vysokokvalitn\u00e1 nehrdzavej\u00faca oce\u013e p\u00e1nsky dr\u017eiak na kreditn\u00e9 karty d\u00e1mske kovov\u00e9 puzdro na bankov\u00e9 karty krabi\u010dka na karty TW2703 &nbsp;&hellip;<\/p>\n","protected":false},"featured_media":1261,"template":"","meta":{"_monsterinsights_skip_tracking":false,"_monsterinsights_sitenote_active":false,"_monsterinsights_sitenote_note":"","_monsterinsights_sitenote_category":0},"product_cat":[61],"product_tag":[],"class_list":{"0":"post-1260","1":"product","2":"type-product","3":"status-publish","4":"has-post-thumbnail","6":"product_cat-gift","8":"first","9":"instock","10":"sale","11":"shipping-taxable","12":"purchasable","13":"product-type-simple"},"yoast_head":"<!-- This site is optimized with the Yoast SEO plugin v23.6 - https:\/\/yoast.com\/wordpress\/plugins\/seo\/ -->\n<title>EASTNIGHTS High-Grade stainless steel men credit card holder women metal bank card case card box TW2703 - Arduino e-shop<\/title>\n<meta name=\"robots\" content=\"index, follow, max-snippet:-1, max-image-preview:large, max-video-preview:-1\" \/>\n<link rel=\"canonical\" href=\"https:\/\/www.onetimenexttime.sk\/arduino\/index.php\/produkt\/eastnights-high-grade-stainless-steel-men-credit-card-holder-women-metal-bank-card-case-card-box-tw2703\/\" \/>\n<meta property=\"og:locale\" content=\"sk_SK\" \/>\n<meta property=\"og:type\" content=\"article\" \/>\n<meta property=\"og:title\" content=\"EASTNIGHTS High-Grade stainless steel men credit card holder women metal bank card case card box TW2703 - Arduino e-shop\" \/>\n<meta property=\"og:description\" content=\"EASTNIGHTS Vysokokvalitn\u00e1 nehrdzavej\u00faca oce\u013e p\u00e1nsky dr\u017eiak na kreditn\u00e9 karty d\u00e1mske kovov\u00e9 puzdro na bankov\u00e9 karty krabi\u010dka na karty TW2703 &nbsp;&hellip;\" \/>\n<meta property=\"og:url\" content=\"https:\/\/www.onetimenexttime.sk\/arduino\/index.php\/produkt\/eastnights-high-grade-stainless-steel-men-credit-card-holder-women-metal-bank-card-case-card-box-tw2703\/\" \/>\n<meta property=\"og:site_name\" content=\"Arduino e-shop\" \/>\n<meta property=\"article:modified_time\" content=\"2021-11-10T10:28:20+00:00\" \/>\n<meta property=\"og:image\" content=\"https:\/\/www.onetimenexttime.sk\/arduino\/wp-content\/uploads\/2021\/11\/375.jpg\" \/>\n\t<meta property=\"og:image:width\" content=\"523\" \/>\n\t<meta property=\"og:image:height\" content=\"524\" \/>\n\t<meta property=\"og:image:type\" content=\"image\/jpeg\" \/>\n<meta name=\"twitter:card\" content=\"summary_large_image\" \/>\n<meta name=\"twitter:label1\" content=\"Predpokladan\u00fd \u010das \u010d\u00edtania\" \/>\n\t<meta name=\"twitter:data1\" content=\"1 min\u00fata\" \/>\n<script type=\"application\/ld+json\" class=\"yoast-schema-graph\">{\"@context\":\"https:\/\/schema.org\",\"@graph\":[{\"@type\":\"WebPage\",\"@id\":\"https:\/\/www.onetimenexttime.sk\/arduino\/index.php\/produkt\/eastnights-high-grade-stainless-steel-men-credit-card-holder-women-metal-bank-card-case-card-box-tw2703\/\",\"url\":\"https:\/\/www.onetimenexttime.sk\/arduino\/index.php\/produkt\/eastnights-high-grade-stainless-steel-men-credit-card-holder-women-metal-bank-card-case-card-box-tw2703\/\",\"name\":\"EASTNIGHTS High-Grade stainless steel men credit card holder women metal bank card case card box TW2703 - Arduino e-shop\",\"isPartOf\":{\"@id\":\"https:\/\/www.onetimenexttime.sk\/arduino\/#website\"},\"primaryImageOfPage\":{\"@id\":\"https:\/\/www.onetimenexttime.sk\/arduino\/index.php\/produkt\/eastnights-high-grade-stainless-steel-men-credit-card-holder-women-metal-bank-card-case-card-box-tw2703\/#primaryimage\"},\"image\":{\"@id\":\"https:\/\/www.onetimenexttime.sk\/arduino\/index.php\/produkt\/eastnights-high-grade-stainless-steel-men-credit-card-holder-women-metal-bank-card-case-card-box-tw2703\/#primaryimage\"},\"thumbnailUrl\":\"https:\/\/www.onetimenexttime.sk\/arduino\/wp-content\/uploads\/2021\/11\/375.jpg\",\"datePublished\":\"2021-11-10T10:25:08+00:00\",\"dateModified\":\"2021-11-10T10:28:20+00:00\",\"breadcrumb\":{\"@id\":\"https:\/\/www.onetimenexttime.sk\/arduino\/index.php\/produkt\/eastnights-high-grade-stainless-steel-men-credit-card-holder-women-metal-bank-card-case-card-box-tw2703\/#breadcrumb\"},\"inLanguage\":\"sk-SK\",\"potentialAction\":[{\"@type\":\"ReadAction\",\"target\":[\"https:\/\/www.onetimenexttime.sk\/arduino\/index.php\/produkt\/eastnights-high-grade-stainless-steel-men-credit-card-holder-women-metal-bank-card-case-card-box-tw2703\/\"]}]},{\"@type\":\"ImageObject\",\"inLanguage\":\"sk-SK\",\"@id\":\"https:\/\/www.onetimenexttime.sk\/arduino\/index.php\/produkt\/eastnights-high-grade-stainless-steel-men-credit-card-holder-women-metal-bank-card-case-card-box-tw2703\/#primaryimage\",\"url\":\"https:\/\/www.onetimenexttime.sk\/arduino\/wp-content\/uploads\/2021\/11\/375.jpg\",\"contentUrl\":\"https:\/\/www.onetimenexttime.sk\/arduino\/wp-content\/uploads\/2021\/11\/375.jpg\",\"width\":523,\"height\":524},{\"@type\":\"BreadcrumbList\",\"@id\":\"https:\/\/www.onetimenexttime.sk\/arduino\/index.php\/produkt\/eastnights-high-grade-stainless-steel-men-credit-card-holder-women-metal-bank-card-case-card-box-tw2703\/#breadcrumb\",\"itemListElement\":[{\"@type\":\"ListItem\",\"position\":1,\"name\":\"Domov\",\"item\":\"https:\/\/www.onetimenexttime.sk\/arduino\/\"},{\"@type\":\"ListItem\",\"position\":2,\"name\":\"Obchod\",\"item\":\"https:\/\/www.onetimenexttime.sk\/arduino\/\"},{\"@type\":\"ListItem\",\"position\":3,\"name\":\"EASTNIGHTS High-Grade stainless steel men credit card holder women metal bank card case card box TW2703\"}]},{\"@type\":\"WebSite\",\"@id\":\"https:\/\/www.onetimenexttime.sk\/arduino\/#website\",\"url\":\"https:\/\/www.onetimenexttime.sk\/arduino\/\",\"name\":\"Arduino e-shop\",\"description\":\"Home Assistant\",\"potentialAction\":[{\"@type\":\"SearchAction\",\"target\":{\"@type\":\"EntryPoint\",\"urlTemplate\":\"https:\/\/www.onetimenexttime.sk\/arduino\/?s={search_term_string}\"},\"query-input\":{\"@type\":\"PropertyValueSpecification\",\"valueRequired\":true,\"valueName\":\"search_term_string\"}}],\"inLanguage\":\"sk-SK\"}]}<\/script>\n<!-- \/ Yoast SEO plugin. -->","yoast_head_json":{"title":"EASTNIGHTS High-Grade stainless steel men credit card holder women metal bank card case card box TW2703 - Arduino e-shop","robots":{"index":"index","follow":"follow","max-snippet":"max-snippet:-1","max-image-preview":"max-image-preview:large","max-video-preview":"max-video-preview:-1"},"canonical":"https:\/\/www.onetimenexttime.sk\/arduino\/index.php\/produkt\/eastnights-high-grade-stainless-steel-men-credit-card-holder-women-metal-bank-card-case-card-box-tw2703\/","og_locale":"sk_SK","og_type":"article","og_title":"EASTNIGHTS High-Grade stainless steel men credit card holder women metal bank card case card box TW2703 - Arduino e-shop","og_description":"EASTNIGHTS Vysokokvalitn\u00e1 nehrdzavej\u00faca oce\u013e p\u00e1nsky dr\u017eiak na kreditn\u00e9 karty d\u00e1mske kovov\u00e9 puzdro na bankov\u00e9 karty krabi\u010dka na karty TW2703 &nbsp;&hellip;","og_url":"https:\/\/www.onetimenexttime.sk\/arduino\/index.php\/produkt\/eastnights-high-grade-stainless-steel-men-credit-card-holder-women-metal-bank-card-case-card-box-tw2703\/","og_site_name":"Arduino e-shop","article_modified_time":"2021-11-10T10:28:20+00:00","og_image":[{"width":523,"height":524,"url":"https:\/\/www.onetimenexttime.sk\/arduino\/wp-content\/uploads\/2021\/11\/375.jpg","type":"image\/jpeg"}],"twitter_card":"summary_large_image","twitter_misc":{"Predpokladan\u00fd \u010das \u010d\u00edtania":"1 min\u00fata"},"schema":{"@context":"https:\/\/schema.org","@graph":[{"@type":"WebPage","@id":"https:\/\/www.onetimenexttime.sk\/arduino\/index.php\/produkt\/eastnights-high-grade-stainless-steel-men-credit-card-holder-women-metal-bank-card-case-card-box-tw2703\/","url":"https:\/\/www.onetimenexttime.sk\/arduino\/index.php\/produkt\/eastnights-high-grade-stainless-steel-men-credit-card-holder-women-metal-bank-card-case-card-box-tw2703\/","name":"EASTNIGHTS High-Grade stainless steel men credit card holder women metal bank card case card box TW2703 - Arduino e-shop","isPartOf":{"@id":"https:\/\/www.onetimenexttime.sk\/arduino\/#website"},"primaryImageOfPage":{"@id":"https:\/\/www.onetimenexttime.sk\/arduino\/index.php\/produkt\/eastnights-high-grade-stainless-steel-men-credit-card-holder-women-metal-bank-card-case-card-box-tw2703\/#primaryimage"},"image":{"@id":"https:\/\/www.onetimenexttime.sk\/arduino\/index.php\/produkt\/eastnights-high-grade-stainless-steel-men-credit-card-holder-women-metal-bank-card-case-card-box-tw2703\/#primaryimage"},"thumbnailUrl":"https:\/\/www.onetimenexttime.sk\/arduino\/wp-content\/uploads\/2021\/11\/375.jpg","datePublished":"2021-11-10T10:25:08+00:00","dateModified":"2021-11-10T10:28:20+00:00","breadcrumb":{"@id":"https:\/\/www.onetimenexttime.sk\/arduino\/index.php\/produkt\/eastnights-high-grade-stainless-steel-men-credit-card-holder-women-metal-bank-card-case-card-box-tw2703\/#breadcrumb"},"inLanguage":"sk-SK","potentialAction":[{"@type":"ReadAction","target":["https:\/\/www.onetimenexttime.sk\/arduino\/index.php\/produkt\/eastnights-high-grade-stainless-steel-men-credit-card-holder-women-metal-bank-card-case-card-box-tw2703\/"]}]},{"@type":"ImageObject","inLanguage":"sk-SK","@id":"https:\/\/www.onetimenexttime.sk\/arduino\/index.php\/produkt\/eastnights-high-grade-stainless-steel-men-credit-card-holder-women-metal-bank-card-case-card-box-tw2703\/#primaryimage","url":"https:\/\/www.onetimenexttime.sk\/arduino\/wp-content\/uploads\/2021\/11\/375.jpg","contentUrl":"https:\/\/www.onetimenexttime.sk\/arduino\/wp-content\/uploads\/2021\/11\/375.jpg","width":523,"height":524},{"@type":"BreadcrumbList","@id":"https:\/\/www.onetimenexttime.sk\/arduino\/index.php\/produkt\/eastnights-high-grade-stainless-steel-men-credit-card-holder-women-metal-bank-card-case-card-box-tw2703\/#breadcrumb","itemListElement":[{"@type":"ListItem","position":1,"name":"Domov","item":"https:\/\/www.onetimenexttime.sk\/arduino\/"},{"@type":"ListItem","position":2,"name":"Obchod","item":"https:\/\/www.onetimenexttime.sk\/arduino\/"},{"@type":"ListItem","position":3,"name":"EASTNIGHTS High-Grade stainless steel men credit card holder women metal bank card case card box TW2703"}]},{"@type":"WebSite","@id":"https:\/\/www.onetimenexttime.sk\/arduino\/#website","url":"https:\/\/www.onetimenexttime.sk\/arduino\/","name":"Arduino e-shop","description":"Home Assistant","potentialAction":[{"@type":"SearchAction","target":{"@type":"EntryPoint","urlTemplate":"https:\/\/www.onetimenexttime.sk\/arduino\/?s={search_term_string}"},"query-input":{"@type":"PropertyValueSpecification","valueRequired":true,"valueName":"search_term_string"}}],"inLanguage":"sk-SK"}]}},"_links":{"self":[{"href":"https:\/\/www.onetimenexttime.sk\/arduino\/index.php\/wp-json\/wp\/v2\/product\/1260"}],"collection":[{"href":"https:\/\/www.onetimenexttime.sk\/arduino\/index.php\/wp-json\/wp\/v2\/product"}],"about":[{"href":"https:\/\/www.onetimenexttime.sk\/arduino\/index.php\/wp-json\/wp\/v2\/types\/product"}],"wp:featuredmedia":[{"embeddable":true,"href":"https:\/\/www.onetimenexttime.sk\/arduino\/index.php\/wp-json\/wp\/v2\/media\/1261"}],"wp:attachment":[{"href":"https:\/\/www.onetimenexttime.sk\/arduino\/index.php\/wp-json\/wp\/v2\/media?parent=1260"}],"wp:term":[{"taxonomy":"product_cat","embeddable":true,"href":"https:\/\/www.onetimenexttime.sk\/arduino\/index.php\/wp-json\/wp\/v2\/product_cat?post=1260"},{"taxonomy":"product_tag","embeddable":true,"href":"https:\/\/www.onetimenexttime.sk\/arduino\/index.php\/wp-json\/wp\/v2\/product_tag?post=1260"}],"curies":[{"name":"wp","href":"https:\/\/api.w.org\/{rel}","templated":true}]}}