{"id":1258,"date":"2021-11-10T11:21:10","date_gmt":"2021-11-10T10:21:10","guid":{"rendered":"https:\/\/www.onetimenexttime.sk\/arduino\/?post_type=product&#038;p=1258"},"modified":"2021-11-10T11:24:37","modified_gmt":"2021-11-10T10:24:37","slug":"olaf-car-usb-charger-quick-charge-3-0-2-0-mobile-phone-charger-2-port-usb-fast-car-charger-for-iphone-samsung-tablet-car-charger","status":"publish","type":"product","link":"https:\/\/www.onetimenexttime.sk\/arduino\/index.php\/produkt\/olaf-car-usb-charger-quick-charge-3-0-2-0-mobile-phone-charger-2-port-usb-fast-car-charger-for-iphone-samsung-tablet-car-charger\/","title":{"rendered":"Olaf Car USB Charger Quick Charge 3.0 2.0 Mobile Phone Charger 2 Port USB Fast Car Charger for iPhone Samsung Tablet Car-Charger"},"content":{"rendered":"<h2>USB nab\u00edja\u010dka do auta Olaf Quick Charge 3.0 2.0 nab\u00edja\u010dka mobiln\u00e9ho telef\u00f3nu 2 porty USB r\u00fdchla nab\u00edja\u010dka do auta pre iPhone Samsung Nab\u00edja\u010dka do auta pre tablety<\/h2>\n<p>&nbsp;<\/p>\n<p>N\u00e1zov zna\u010dky:<br \/>\nolaf<br \/>\nV\u00fdstupn\u00e9 rozhranie:<br \/>\nUSB<br \/>\nTyp:<br \/>\nAutonab\u00edja\u010dka<br \/>\nUSB porty:<br \/>\n2<br \/>\n\u010c\u00edslo modelu:<br \/>\nr\u00fdchle nab\u00edjanie 3.0 autonab\u00edja\u010dka<br \/>\nZdroj energie:<br \/>\nSlot pre autozapa\u013eova\u010d,USB,A.C. Zdroj<br \/>\nV\u00fdkon:<br \/>\n9V-12V\/1,5A<br \/>\nKompatibiln\u00e1 zna\u010dka:<br \/>\nSamsung, Huawei, Universal, xiaomi, Apple<br \/>\nVstup:<br \/>\n9V\/1,67A<br \/>\nCertifik\u00e1cia kvality:<br \/>\nCE, CCC<br \/>\nPodpora technol\u00f3gie r\u00fdchleho nab\u00edjania:<br \/>\nQualcomm Quick Charge 2.0, Qualcomm Quick Charge 3.0<br \/>\nFunkcia 1:<br \/>\nr\u00fdchle nab\u00edjanie 3.0<br \/>\nFunkcia 2:<br \/>\nQualcomm Quick Charge 3.0\/Qualcomm Quick Charge 2.0<br \/>\nTyp1:<br \/>\nAutonab\u00edja\u010dka<br \/>\nTyp2:<br \/>\nUSB nab\u00edja\u010dka do auta<br \/>\nTyp 3:<br \/>\nNab\u00edja\u010dka mobiln\u00e9ho telef\u00f3nu<br \/>\nFunkcia 3:<br \/>\n2 portov\u00e1 USB r\u00fdchla nab\u00edja\u010dka do auta<br \/>\nTyp 4:<br \/>\nNab\u00edja\u010dka do auta pre iPhone 7 8 Plus iPhone X<br \/>\nTyp5:<br \/>\nNab\u00edja\u010dka do auta pre Samsung galaxy S8 S8 Plus Samsung S8 S7<br \/>\nTyp 6:<br \/>\nNab\u00edja\u010dka do auta 12<br \/>\nFunkcia 4:<br \/>\nR\u00fdchla nab\u00edja\u010dka Autonab\u00edja\u010dka<br \/>\nPopis produktu<\/p>\n<p>&nbsp;<\/p>\n<p><img decoding=\"async\" src=\"https:\/\/ae01.alicdn.com\/kf\/HTB14nyKmtbJ8KJjy1zjq6yqapXaC.jpg\" alt=\"3\" data-spm-anchor-id=\"a2g0s.12269583.0.i6.3f3f395c3vHQqr\" \/><\/p>\n<p>&nbsp;<\/p>\n<p>&nbsp;<\/p>\n<p><img decoding=\"async\" src=\"https:\/\/ae01.alicdn.com\/kf\/HTB1VEqTmtzJ8KJjSspkq6zF7VXaz.jpg\" alt=\"6\" data-spm-anchor-id=\"a2g0s.12269583.0.i7.3f3f395c3vHQqr\" \/><\/p>\n","protected":false},"excerpt":{"rendered":"<p>USB nab\u00edja\u010dka do auta Olaf Quick Charge 3.0 2.0 nab\u00edja\u010dka mobiln\u00e9ho telef\u00f3nu 2 porty USB r\u00fdchla nab\u00edja\u010dka do auta pre&hellip;<\/p>\n","protected":false},"featured_media":1259,"template":"","meta":{"_monsterinsights_skip_tracking":false,"_monsterinsights_sitenote_active":false,"_monsterinsights_sitenote_note":"","_monsterinsights_sitenote_category":0},"product_cat":[38,21],"product_tag":[],"class_list":{"0":"post-1258","1":"product","2":"type-product","3":"status-publish","4":"has-post-thumbnail","6":"product_cat-auto","7":"product_cat-pw","9":"first","10":"instock","11":"sale","12":"shipping-taxable","13":"purchasable","14":"product-type-simple"},"yoast_head":"<!-- This site is optimized with the Yoast SEO plugin v23.6 - https:\/\/yoast.com\/wordpress\/plugins\/seo\/ -->\n<title>Olaf Car USB Charger Quick Charge 3.0 2.0 Mobile Phone Charger 2 Port USB Fast Car Charger for iPhone Samsung Tablet Car-Charger - Arduino e-shop<\/title>\n<meta name=\"robots\" content=\"index, follow, max-snippet:-1, max-image-preview:large, max-video-preview:-1\" \/>\n<link rel=\"canonical\" href=\"https:\/\/www.onetimenexttime.sk\/arduino\/index.php\/produkt\/olaf-car-usb-charger-quick-charge-3-0-2-0-mobile-phone-charger-2-port-usb-fast-car-charger-for-iphone-samsung-tablet-car-charger\/\" \/>\n<meta property=\"og:locale\" content=\"sk_SK\" \/>\n<meta property=\"og:type\" content=\"article\" \/>\n<meta property=\"og:title\" content=\"Olaf Car USB Charger Quick Charge 3.0 2.0 Mobile Phone Charger 2 Port USB Fast Car Charger for iPhone Samsung Tablet Car-Charger - Arduino e-shop\" \/>\n<meta property=\"og:description\" content=\"USB nab\u00edja\u010dka do auta Olaf Quick Charge 3.0 2.0 nab\u00edja\u010dka mobiln\u00e9ho telef\u00f3nu 2 porty USB r\u00fdchla nab\u00edja\u010dka do auta pre&hellip;\" \/>\n<meta property=\"og:url\" content=\"https:\/\/www.onetimenexttime.sk\/arduino\/index.php\/produkt\/olaf-car-usb-charger-quick-charge-3-0-2-0-mobile-phone-charger-2-port-usb-fast-car-charger-for-iphone-samsung-tablet-car-charger\/\" \/>\n<meta property=\"og:site_name\" content=\"Arduino e-shop\" \/>\n<meta property=\"article:modified_time\" content=\"2021-11-10T10:24:37+00:00\" \/>\n<meta property=\"og:image\" content=\"https:\/\/www.onetimenexttime.sk\/arduino\/wp-content\/uploads\/2021\/11\/374.jpg\" \/>\n\t<meta property=\"og:image:width\" content=\"523\" \/>\n\t<meta property=\"og:image:height\" content=\"524\" \/>\n\t<meta property=\"og:image:type\" content=\"image\/jpeg\" \/>\n<meta name=\"twitter:card\" content=\"summary_large_image\" \/>\n<meta name=\"twitter:label1\" content=\"Predpokladan\u00fd \u010das \u010d\u00edtania\" \/>\n\t<meta name=\"twitter:data1\" content=\"2 min\u00faty\" \/>\n<script type=\"application\/ld+json\" class=\"yoast-schema-graph\">{\"@context\":\"https:\/\/schema.org\",\"@graph\":[{\"@type\":\"WebPage\",\"@id\":\"https:\/\/www.onetimenexttime.sk\/arduino\/index.php\/produkt\/olaf-car-usb-charger-quick-charge-3-0-2-0-mobile-phone-charger-2-port-usb-fast-car-charger-for-iphone-samsung-tablet-car-charger\/\",\"url\":\"https:\/\/www.onetimenexttime.sk\/arduino\/index.php\/produkt\/olaf-car-usb-charger-quick-charge-3-0-2-0-mobile-phone-charger-2-port-usb-fast-car-charger-for-iphone-samsung-tablet-car-charger\/\",\"name\":\"Olaf Car USB Charger Quick Charge 3.0 2.0 Mobile Phone Charger 2 Port USB Fast Car Charger for iPhone Samsung Tablet Car-Charger - Arduino e-shop\",\"isPartOf\":{\"@id\":\"https:\/\/www.onetimenexttime.sk\/arduino\/#website\"},\"primaryImageOfPage\":{\"@id\":\"https:\/\/www.onetimenexttime.sk\/arduino\/index.php\/produkt\/olaf-car-usb-charger-quick-charge-3-0-2-0-mobile-phone-charger-2-port-usb-fast-car-charger-for-iphone-samsung-tablet-car-charger\/#primaryimage\"},\"image\":{\"@id\":\"https:\/\/www.onetimenexttime.sk\/arduino\/index.php\/produkt\/olaf-car-usb-charger-quick-charge-3-0-2-0-mobile-phone-charger-2-port-usb-fast-car-charger-for-iphone-samsung-tablet-car-charger\/#primaryimage\"},\"thumbnailUrl\":\"https:\/\/www.onetimenexttime.sk\/arduino\/wp-content\/uploads\/2021\/11\/374.jpg\",\"datePublished\":\"2021-11-10T10:21:10+00:00\",\"dateModified\":\"2021-11-10T10:24:37+00:00\",\"breadcrumb\":{\"@id\":\"https:\/\/www.onetimenexttime.sk\/arduino\/index.php\/produkt\/olaf-car-usb-charger-quick-charge-3-0-2-0-mobile-phone-charger-2-port-usb-fast-car-charger-for-iphone-samsung-tablet-car-charger\/#breadcrumb\"},\"inLanguage\":\"sk-SK\",\"potentialAction\":[{\"@type\":\"ReadAction\",\"target\":[\"https:\/\/www.onetimenexttime.sk\/arduino\/index.php\/produkt\/olaf-car-usb-charger-quick-charge-3-0-2-0-mobile-phone-charger-2-port-usb-fast-car-charger-for-iphone-samsung-tablet-car-charger\/\"]}]},{\"@type\":\"ImageObject\",\"inLanguage\":\"sk-SK\",\"@id\":\"https:\/\/www.onetimenexttime.sk\/arduino\/index.php\/produkt\/olaf-car-usb-charger-quick-charge-3-0-2-0-mobile-phone-charger-2-port-usb-fast-car-charger-for-iphone-samsung-tablet-car-charger\/#primaryimage\",\"url\":\"https:\/\/www.onetimenexttime.sk\/arduino\/wp-content\/uploads\/2021\/11\/374.jpg\",\"contentUrl\":\"https:\/\/www.onetimenexttime.sk\/arduino\/wp-content\/uploads\/2021\/11\/374.jpg\",\"width\":523,\"height\":524},{\"@type\":\"BreadcrumbList\",\"@id\":\"https:\/\/www.onetimenexttime.sk\/arduino\/index.php\/produkt\/olaf-car-usb-charger-quick-charge-3-0-2-0-mobile-phone-charger-2-port-usb-fast-car-charger-for-iphone-samsung-tablet-car-charger\/#breadcrumb\",\"itemListElement\":[{\"@type\":\"ListItem\",\"position\":1,\"name\":\"Domov\",\"item\":\"https:\/\/www.onetimenexttime.sk\/arduino\/\"},{\"@type\":\"ListItem\",\"position\":2,\"name\":\"Obchod\",\"item\":\"https:\/\/www.onetimenexttime.sk\/arduino\/\"},{\"@type\":\"ListItem\",\"position\":3,\"name\":\"Olaf Car USB Charger Quick Charge 3.0 2.0 Mobile Phone Charger 2 Port USB Fast Car Charger for iPhone Samsung Tablet Car-Charger\"}]},{\"@type\":\"WebSite\",\"@id\":\"https:\/\/www.onetimenexttime.sk\/arduino\/#website\",\"url\":\"https:\/\/www.onetimenexttime.sk\/arduino\/\",\"name\":\"Arduino e-shop\",\"description\":\"Home Assistant\",\"potentialAction\":[{\"@type\":\"SearchAction\",\"target\":{\"@type\":\"EntryPoint\",\"urlTemplate\":\"https:\/\/www.onetimenexttime.sk\/arduino\/?s={search_term_string}\"},\"query-input\":{\"@type\":\"PropertyValueSpecification\",\"valueRequired\":true,\"valueName\":\"search_term_string\"}}],\"inLanguage\":\"sk-SK\"}]}<\/script>\n<!-- \/ Yoast SEO plugin. -->","yoast_head_json":{"title":"Olaf Car USB Charger Quick Charge 3.0 2.0 Mobile Phone Charger 2 Port USB Fast Car Charger for iPhone Samsung Tablet Car-Charger - Arduino e-shop","robots":{"index":"index","follow":"follow","max-snippet":"max-snippet:-1","max-image-preview":"max-image-preview:large","max-video-preview":"max-video-preview:-1"},"canonical":"https:\/\/www.onetimenexttime.sk\/arduino\/index.php\/produkt\/olaf-car-usb-charger-quick-charge-3-0-2-0-mobile-phone-charger-2-port-usb-fast-car-charger-for-iphone-samsung-tablet-car-charger\/","og_locale":"sk_SK","og_type":"article","og_title":"Olaf Car USB Charger Quick Charge 3.0 2.0 Mobile Phone Charger 2 Port USB Fast Car Charger for iPhone Samsung Tablet Car-Charger - Arduino e-shop","og_description":"USB nab\u00edja\u010dka do auta Olaf Quick Charge 3.0 2.0 nab\u00edja\u010dka mobiln\u00e9ho telef\u00f3nu 2 porty USB r\u00fdchla nab\u00edja\u010dka do auta pre&hellip;","og_url":"https:\/\/www.onetimenexttime.sk\/arduino\/index.php\/produkt\/olaf-car-usb-charger-quick-charge-3-0-2-0-mobile-phone-charger-2-port-usb-fast-car-charger-for-iphone-samsung-tablet-car-charger\/","og_site_name":"Arduino e-shop","article_modified_time":"2021-11-10T10:24:37+00:00","og_image":[{"width":523,"height":524,"url":"https:\/\/www.onetimenexttime.sk\/arduino\/wp-content\/uploads\/2021\/11\/374.jpg","type":"image\/jpeg"}],"twitter_card":"summary_large_image","twitter_misc":{"Predpokladan\u00fd \u010das \u010d\u00edtania":"2 min\u00faty"},"schema":{"@context":"https:\/\/schema.org","@graph":[{"@type":"WebPage","@id":"https:\/\/www.onetimenexttime.sk\/arduino\/index.php\/produkt\/olaf-car-usb-charger-quick-charge-3-0-2-0-mobile-phone-charger-2-port-usb-fast-car-charger-for-iphone-samsung-tablet-car-charger\/","url":"https:\/\/www.onetimenexttime.sk\/arduino\/index.php\/produkt\/olaf-car-usb-charger-quick-charge-3-0-2-0-mobile-phone-charger-2-port-usb-fast-car-charger-for-iphone-samsung-tablet-car-charger\/","name":"Olaf Car USB Charger Quick Charge 3.0 2.0 Mobile Phone Charger 2 Port USB Fast Car Charger for iPhone Samsung Tablet Car-Charger - Arduino e-shop","isPartOf":{"@id":"https:\/\/www.onetimenexttime.sk\/arduino\/#website"},"primaryImageOfPage":{"@id":"https:\/\/www.onetimenexttime.sk\/arduino\/index.php\/produkt\/olaf-car-usb-charger-quick-charge-3-0-2-0-mobile-phone-charger-2-port-usb-fast-car-charger-for-iphone-samsung-tablet-car-charger\/#primaryimage"},"image":{"@id":"https:\/\/www.onetimenexttime.sk\/arduino\/index.php\/produkt\/olaf-car-usb-charger-quick-charge-3-0-2-0-mobile-phone-charger-2-port-usb-fast-car-charger-for-iphone-samsung-tablet-car-charger\/#primaryimage"},"thumbnailUrl":"https:\/\/www.onetimenexttime.sk\/arduino\/wp-content\/uploads\/2021\/11\/374.jpg","datePublished":"2021-11-10T10:21:10+00:00","dateModified":"2021-11-10T10:24:37+00:00","breadcrumb":{"@id":"https:\/\/www.onetimenexttime.sk\/arduino\/index.php\/produkt\/olaf-car-usb-charger-quick-charge-3-0-2-0-mobile-phone-charger-2-port-usb-fast-car-charger-for-iphone-samsung-tablet-car-charger\/#breadcrumb"},"inLanguage":"sk-SK","potentialAction":[{"@type":"ReadAction","target":["https:\/\/www.onetimenexttime.sk\/arduino\/index.php\/produkt\/olaf-car-usb-charger-quick-charge-3-0-2-0-mobile-phone-charger-2-port-usb-fast-car-charger-for-iphone-samsung-tablet-car-charger\/"]}]},{"@type":"ImageObject","inLanguage":"sk-SK","@id":"https:\/\/www.onetimenexttime.sk\/arduino\/index.php\/produkt\/olaf-car-usb-charger-quick-charge-3-0-2-0-mobile-phone-charger-2-port-usb-fast-car-charger-for-iphone-samsung-tablet-car-charger\/#primaryimage","url":"https:\/\/www.onetimenexttime.sk\/arduino\/wp-content\/uploads\/2021\/11\/374.jpg","contentUrl":"https:\/\/www.onetimenexttime.sk\/arduino\/wp-content\/uploads\/2021\/11\/374.jpg","width":523,"height":524},{"@type":"BreadcrumbList","@id":"https:\/\/www.onetimenexttime.sk\/arduino\/index.php\/produkt\/olaf-car-usb-charger-quick-charge-3-0-2-0-mobile-phone-charger-2-port-usb-fast-car-charger-for-iphone-samsung-tablet-car-charger\/#breadcrumb","itemListElement":[{"@type":"ListItem","position":1,"name":"Domov","item":"https:\/\/www.onetimenexttime.sk\/arduino\/"},{"@type":"ListItem","position":2,"name":"Obchod","item":"https:\/\/www.onetimenexttime.sk\/arduino\/"},{"@type":"ListItem","position":3,"name":"Olaf Car USB Charger Quick Charge 3.0 2.0 Mobile Phone Charger 2 Port USB Fast Car Charger for iPhone Samsung Tablet Car-Charger"}]},{"@type":"WebSite","@id":"https:\/\/www.onetimenexttime.sk\/arduino\/#website","url":"https:\/\/www.onetimenexttime.sk\/arduino\/","name":"Arduino e-shop","description":"Home Assistant","potentialAction":[{"@type":"SearchAction","target":{"@type":"EntryPoint","urlTemplate":"https:\/\/www.onetimenexttime.sk\/arduino\/?s={search_term_string}"},"query-input":{"@type":"PropertyValueSpecification","valueRequired":true,"valueName":"search_term_string"}}],"inLanguage":"sk-SK"}]}},"_links":{"self":[{"href":"https:\/\/www.onetimenexttime.sk\/arduino\/index.php\/wp-json\/wp\/v2\/product\/1258"}],"collection":[{"href":"https:\/\/www.onetimenexttime.sk\/arduino\/index.php\/wp-json\/wp\/v2\/product"}],"about":[{"href":"https:\/\/www.onetimenexttime.sk\/arduino\/index.php\/wp-json\/wp\/v2\/types\/product"}],"wp:featuredmedia":[{"embeddable":true,"href":"https:\/\/www.onetimenexttime.sk\/arduino\/index.php\/wp-json\/wp\/v2\/media\/1259"}],"wp:attachment":[{"href":"https:\/\/www.onetimenexttime.sk\/arduino\/index.php\/wp-json\/wp\/v2\/media?parent=1258"}],"wp:term":[{"taxonomy":"product_cat","embeddable":true,"href":"https:\/\/www.onetimenexttime.sk\/arduino\/index.php\/wp-json\/wp\/v2\/product_cat?post=1258"},{"taxonomy":"product_tag","embeddable":true,"href":"https:\/\/www.onetimenexttime.sk\/arduino\/index.php\/wp-json\/wp\/v2\/product_tag?post=1258"}],"curies":[{"name":"wp","href":"https:\/\/api.w.org\/{rel}","templated":true}]}}