{"id":1253,"date":"2021-11-10T11:09:13","date_gmt":"2021-11-10T10:09:13","guid":{"rendered":"https:\/\/www.onetimenexttime.sk\/arduino\/?post_type=product&#038;p=1253"},"modified":"2021-11-10T11:16:00","modified_gmt":"2021-11-10T10:16:00","slug":"minimalist-real-split-leather-rfid-blocking-anti-theft-wallet-women-long-big-travel-passport-card-purse-lady","status":"publish","type":"product","link":"https:\/\/www.onetimenexttime.sk\/arduino\/index.php\/produkt\/minimalist-real-split-leather-rfid-blocking-anti-theft-wallet-women-long-big-travel-passport-card-purse-lady\/","title":{"rendered":"Minimalist Real Split Leather RFID Blocking Anti Theft Wallet Women Long Big Travel Passport Card Purse Lady"},"content":{"rendered":"<h2>D\u00e1mska pe\u0148a\u017eenka proti kr\u00e1de\u017ei RFID blokuj\u00faca\u00a0 D\u00e1mska Dlh\u00e1 Pe\u0148a\u017eenka na cestovn\u00e9 pasy,\u00a0prav\u00e1 \u0161tiepan\u00e1 ko\u017ea<\/h2>\n<p>N\u00e1zov zna\u010dky: atinforMain<\/p>\n<p>Materi\u00e1l: Delen\u00e1 ko\u017ea<\/p>\n<p>D\u013a\u017eka pe\u0148a\u017eenky: 200mm<\/p>\n<p>Hmotnos\u0165: 290 g<\/p>\n<p>Materi\u00e1l pod\u0161\u00edvky: Polyester<\/p>\n<p>V\u00fd\u0161ka polo\u017eky: 10,5 cm<\/p>\n<p>Zlo\u017eenie materi\u00e1lu: Rozliata ko\u017ea<\/p>\n<p>Typ vzoru: Pevn\u00fd<\/p>\n<p>\u0160t\u00fdl: Normcore \/ Minimalist<\/p>\n<p>\u010c\u00edslo modelu:<\/p>\n<ul class=\"product-specs-list util-clearfix\" data-spm-anchor-id=\"a2g0o.detail.0.i9.3d786980SMkRry\">\n<li class=\"product-prop line-limit-length\"><span class=\"property-desc line-limit-length\" title=\"562198411926-1\" data-spm-anchor-id=\"a2g0o.detail.0.i11.3d786980SMkRry\">562198411926-1<\/span><\/li>\n<\/ul>\n<p>Vn\u00fatorn\u00e9 vrecko:<\/p>\n<p>Vreckov\u00e9 Vn\u00fatorn\u00e9 vrecko:<\/p>\n<p>Vn\u00fatorn\u00fd priestor Vn\u00fatorn\u00fd priestor<\/p>\n<p>Vrecko na mince Vn\u00fatorn\u00fd priestor<\/p>\n<p>Vrecko na karty Vn\u00fatorn\u00fd priestor<\/p>\n<p>Priestor na bankovky Interi\u00e9r<\/p>\n<p>Dr\u017eiak na fotografie Vn\u00fatorn\u00fd priestor<\/p>\n<p>Dr\u017eiak karty \u0160\u00edrka polo\u017eky: 3 cm<\/p>\n<p>Pohlavie:\u00a0 \u017eena<\/p>\n<p>D\u013a\u017eka polo\u017eky: 20 cm<\/p>\n<p>Typ uz\u00e1veru: zips<\/p>\n<p>&nbsp;<\/p>\n<p>&nbsp;<\/p>\n<p>&nbsp;<\/p>\n<p><img decoding=\"async\" src=\"https:\/\/ae01.alicdn.com\/kf\/HTB1i2UBXcUrBKNjSZPxq6x00pXar.jpg?width=790&amp;height=527&amp;size=104948&amp;hash=106265\" alt=\"14j\" data-spm-anchor-id=\"a2g0o.detail.1000023.i1.3d786980SMkRry\" \/><\/p>\n","protected":false},"excerpt":{"rendered":"<p>D\u00e1mska pe\u0148a\u017eenka proti kr\u00e1de\u017ei RFID blokuj\u00faca\u00a0 D\u00e1mska Dlh\u00e1 Pe\u0148a\u017eenka na cestovn\u00e9 pasy,\u00a0prav\u00e1 \u0161tiepan\u00e1 ko\u017ea N\u00e1zov zna\u010dky: atinforMain Materi\u00e1l: Delen\u00e1 ko\u017ea&hellip;<\/p>\n","protected":false},"featured_media":1254,"template":"","meta":{"_monsterinsights_skip_tracking":false,"_monsterinsights_sitenote_active":false,"_monsterinsights_sitenote_note":"","_monsterinsights_sitenote_category":0},"product_cat":[61],"product_tag":[],"class_list":{"0":"post-1253","1":"product","2":"type-product","3":"status-publish","4":"has-post-thumbnail","6":"product_cat-gift","8":"first","9":"instock","10":"shipping-taxable","11":"purchasable","12":"product-type-simple"},"yoast_head":"<!-- This site is optimized with the Yoast SEO plugin v23.6 - https:\/\/yoast.com\/wordpress\/plugins\/seo\/ -->\n<title>Minimalist Real Split Leather RFID Blocking Anti Theft Wallet Women Long Big Travel Passport Card Purse Lady - Arduino e-shop<\/title>\n<meta name=\"robots\" content=\"index, follow, max-snippet:-1, max-image-preview:large, max-video-preview:-1\" \/>\n<link rel=\"canonical\" href=\"https:\/\/www.onetimenexttime.sk\/arduino\/index.php\/produkt\/minimalist-real-split-leather-rfid-blocking-anti-theft-wallet-women-long-big-travel-passport-card-purse-lady\/\" \/>\n<meta property=\"og:locale\" content=\"sk_SK\" \/>\n<meta property=\"og:type\" content=\"article\" \/>\n<meta property=\"og:title\" content=\"Minimalist Real Split Leather RFID Blocking Anti Theft Wallet Women Long Big Travel Passport Card Purse Lady - Arduino e-shop\" \/>\n<meta property=\"og:description\" content=\"D\u00e1mska pe\u0148a\u017eenka proti kr\u00e1de\u017ei RFID blokuj\u00faca\u00a0 D\u00e1mska Dlh\u00e1 Pe\u0148a\u017eenka na cestovn\u00e9 pasy,\u00a0prav\u00e1 \u0161tiepan\u00e1 ko\u017ea N\u00e1zov zna\u010dky: atinforMain Materi\u00e1l: Delen\u00e1 ko\u017ea&hellip;\" \/>\n<meta property=\"og:url\" content=\"https:\/\/www.onetimenexttime.sk\/arduino\/index.php\/produkt\/minimalist-real-split-leather-rfid-blocking-anti-theft-wallet-women-long-big-travel-passport-card-purse-lady\/\" \/>\n<meta property=\"og:site_name\" content=\"Arduino e-shop\" \/>\n<meta property=\"article:modified_time\" content=\"2021-11-10T10:16:00+00:00\" \/>\n<meta property=\"og:image\" content=\"https:\/\/www.onetimenexttime.sk\/arduino\/wp-content\/uploads\/2021\/11\/372.webp\" \/>\n\t<meta property=\"og:image:width\" content=\"640\" \/>\n\t<meta property=\"og:image:height\" content=\"640\" \/>\n\t<meta property=\"og:image:type\" content=\"image\/webp\" \/>\n<meta name=\"twitter:card\" content=\"summary_large_image\" \/>\n<meta name=\"twitter:label1\" content=\"Predpokladan\u00fd \u010das \u010d\u00edtania\" \/>\n\t<meta name=\"twitter:data1\" content=\"1 min\u00fata\" \/>\n<script type=\"application\/ld+json\" class=\"yoast-schema-graph\">{\"@context\":\"https:\/\/schema.org\",\"@graph\":[{\"@type\":\"WebPage\",\"@id\":\"https:\/\/www.onetimenexttime.sk\/arduino\/index.php\/produkt\/minimalist-real-split-leather-rfid-blocking-anti-theft-wallet-women-long-big-travel-passport-card-purse-lady\/\",\"url\":\"https:\/\/www.onetimenexttime.sk\/arduino\/index.php\/produkt\/minimalist-real-split-leather-rfid-blocking-anti-theft-wallet-women-long-big-travel-passport-card-purse-lady\/\",\"name\":\"Minimalist Real Split Leather RFID Blocking Anti Theft Wallet Women Long Big Travel Passport Card Purse Lady - Arduino e-shop\",\"isPartOf\":{\"@id\":\"https:\/\/www.onetimenexttime.sk\/arduino\/#website\"},\"primaryImageOfPage\":{\"@id\":\"https:\/\/www.onetimenexttime.sk\/arduino\/index.php\/produkt\/minimalist-real-split-leather-rfid-blocking-anti-theft-wallet-women-long-big-travel-passport-card-purse-lady\/#primaryimage\"},\"image\":{\"@id\":\"https:\/\/www.onetimenexttime.sk\/arduino\/index.php\/produkt\/minimalist-real-split-leather-rfid-blocking-anti-theft-wallet-women-long-big-travel-passport-card-purse-lady\/#primaryimage\"},\"thumbnailUrl\":\"https:\/\/www.onetimenexttime.sk\/arduino\/wp-content\/uploads\/2021\/11\/372.webp\",\"datePublished\":\"2021-11-10T10:09:13+00:00\",\"dateModified\":\"2021-11-10T10:16:00+00:00\",\"breadcrumb\":{\"@id\":\"https:\/\/www.onetimenexttime.sk\/arduino\/index.php\/produkt\/minimalist-real-split-leather-rfid-blocking-anti-theft-wallet-women-long-big-travel-passport-card-purse-lady\/#breadcrumb\"},\"inLanguage\":\"sk-SK\",\"potentialAction\":[{\"@type\":\"ReadAction\",\"target\":[\"https:\/\/www.onetimenexttime.sk\/arduino\/index.php\/produkt\/minimalist-real-split-leather-rfid-blocking-anti-theft-wallet-women-long-big-travel-passport-card-purse-lady\/\"]}]},{\"@type\":\"ImageObject\",\"inLanguage\":\"sk-SK\",\"@id\":\"https:\/\/www.onetimenexttime.sk\/arduino\/index.php\/produkt\/minimalist-real-split-leather-rfid-blocking-anti-theft-wallet-women-long-big-travel-passport-card-purse-lady\/#primaryimage\",\"url\":\"https:\/\/www.onetimenexttime.sk\/arduino\/wp-content\/uploads\/2021\/11\/372.webp\",\"contentUrl\":\"https:\/\/www.onetimenexttime.sk\/arduino\/wp-content\/uploads\/2021\/11\/372.webp\",\"width\":640,\"height\":640},{\"@type\":\"BreadcrumbList\",\"@id\":\"https:\/\/www.onetimenexttime.sk\/arduino\/index.php\/produkt\/minimalist-real-split-leather-rfid-blocking-anti-theft-wallet-women-long-big-travel-passport-card-purse-lady\/#breadcrumb\",\"itemListElement\":[{\"@type\":\"ListItem\",\"position\":1,\"name\":\"Domov\",\"item\":\"https:\/\/www.onetimenexttime.sk\/arduino\/\"},{\"@type\":\"ListItem\",\"position\":2,\"name\":\"Obchod\",\"item\":\"https:\/\/www.onetimenexttime.sk\/arduino\/\"},{\"@type\":\"ListItem\",\"position\":3,\"name\":\"Minimalist Real Split Leather RFID Blocking Anti Theft Wallet Women Long Big Travel Passport Card Purse Lady\"}]},{\"@type\":\"WebSite\",\"@id\":\"https:\/\/www.onetimenexttime.sk\/arduino\/#website\",\"url\":\"https:\/\/www.onetimenexttime.sk\/arduino\/\",\"name\":\"Arduino e-shop\",\"description\":\"Home Assistant\",\"potentialAction\":[{\"@type\":\"SearchAction\",\"target\":{\"@type\":\"EntryPoint\",\"urlTemplate\":\"https:\/\/www.onetimenexttime.sk\/arduino\/?s={search_term_string}\"},\"query-input\":{\"@type\":\"PropertyValueSpecification\",\"valueRequired\":true,\"valueName\":\"search_term_string\"}}],\"inLanguage\":\"sk-SK\"}]}<\/script>\n<!-- \/ Yoast SEO plugin. -->","yoast_head_json":{"title":"Minimalist Real Split Leather RFID Blocking Anti Theft Wallet Women Long Big Travel Passport Card Purse Lady - Arduino e-shop","robots":{"index":"index","follow":"follow","max-snippet":"max-snippet:-1","max-image-preview":"max-image-preview:large","max-video-preview":"max-video-preview:-1"},"canonical":"https:\/\/www.onetimenexttime.sk\/arduino\/index.php\/produkt\/minimalist-real-split-leather-rfid-blocking-anti-theft-wallet-women-long-big-travel-passport-card-purse-lady\/","og_locale":"sk_SK","og_type":"article","og_title":"Minimalist Real Split Leather RFID Blocking Anti Theft Wallet Women Long Big Travel Passport Card Purse Lady - Arduino e-shop","og_description":"D\u00e1mska pe\u0148a\u017eenka proti kr\u00e1de\u017ei RFID blokuj\u00faca\u00a0 D\u00e1mska Dlh\u00e1 Pe\u0148a\u017eenka na cestovn\u00e9 pasy,\u00a0prav\u00e1 \u0161tiepan\u00e1 ko\u017ea N\u00e1zov zna\u010dky: atinforMain Materi\u00e1l: Delen\u00e1 ko\u017ea&hellip;","og_url":"https:\/\/www.onetimenexttime.sk\/arduino\/index.php\/produkt\/minimalist-real-split-leather-rfid-blocking-anti-theft-wallet-women-long-big-travel-passport-card-purse-lady\/","og_site_name":"Arduino e-shop","article_modified_time":"2021-11-10T10:16:00+00:00","og_image":[{"width":640,"height":640,"url":"https:\/\/www.onetimenexttime.sk\/arduino\/wp-content\/uploads\/2021\/11\/372.webp","type":"image\/webp"}],"twitter_card":"summary_large_image","twitter_misc":{"Predpokladan\u00fd \u010das \u010d\u00edtania":"1 min\u00fata"},"schema":{"@context":"https:\/\/schema.org","@graph":[{"@type":"WebPage","@id":"https:\/\/www.onetimenexttime.sk\/arduino\/index.php\/produkt\/minimalist-real-split-leather-rfid-blocking-anti-theft-wallet-women-long-big-travel-passport-card-purse-lady\/","url":"https:\/\/www.onetimenexttime.sk\/arduino\/index.php\/produkt\/minimalist-real-split-leather-rfid-blocking-anti-theft-wallet-women-long-big-travel-passport-card-purse-lady\/","name":"Minimalist Real Split Leather RFID Blocking Anti Theft Wallet Women Long Big Travel Passport Card Purse Lady - Arduino e-shop","isPartOf":{"@id":"https:\/\/www.onetimenexttime.sk\/arduino\/#website"},"primaryImageOfPage":{"@id":"https:\/\/www.onetimenexttime.sk\/arduino\/index.php\/produkt\/minimalist-real-split-leather-rfid-blocking-anti-theft-wallet-women-long-big-travel-passport-card-purse-lady\/#primaryimage"},"image":{"@id":"https:\/\/www.onetimenexttime.sk\/arduino\/index.php\/produkt\/minimalist-real-split-leather-rfid-blocking-anti-theft-wallet-women-long-big-travel-passport-card-purse-lady\/#primaryimage"},"thumbnailUrl":"https:\/\/www.onetimenexttime.sk\/arduino\/wp-content\/uploads\/2021\/11\/372.webp","datePublished":"2021-11-10T10:09:13+00:00","dateModified":"2021-11-10T10:16:00+00:00","breadcrumb":{"@id":"https:\/\/www.onetimenexttime.sk\/arduino\/index.php\/produkt\/minimalist-real-split-leather-rfid-blocking-anti-theft-wallet-women-long-big-travel-passport-card-purse-lady\/#breadcrumb"},"inLanguage":"sk-SK","potentialAction":[{"@type":"ReadAction","target":["https:\/\/www.onetimenexttime.sk\/arduino\/index.php\/produkt\/minimalist-real-split-leather-rfid-blocking-anti-theft-wallet-women-long-big-travel-passport-card-purse-lady\/"]}]},{"@type":"ImageObject","inLanguage":"sk-SK","@id":"https:\/\/www.onetimenexttime.sk\/arduino\/index.php\/produkt\/minimalist-real-split-leather-rfid-blocking-anti-theft-wallet-women-long-big-travel-passport-card-purse-lady\/#primaryimage","url":"https:\/\/www.onetimenexttime.sk\/arduino\/wp-content\/uploads\/2021\/11\/372.webp","contentUrl":"https:\/\/www.onetimenexttime.sk\/arduino\/wp-content\/uploads\/2021\/11\/372.webp","width":640,"height":640},{"@type":"BreadcrumbList","@id":"https:\/\/www.onetimenexttime.sk\/arduino\/index.php\/produkt\/minimalist-real-split-leather-rfid-blocking-anti-theft-wallet-women-long-big-travel-passport-card-purse-lady\/#breadcrumb","itemListElement":[{"@type":"ListItem","position":1,"name":"Domov","item":"https:\/\/www.onetimenexttime.sk\/arduino\/"},{"@type":"ListItem","position":2,"name":"Obchod","item":"https:\/\/www.onetimenexttime.sk\/arduino\/"},{"@type":"ListItem","position":3,"name":"Minimalist Real Split Leather RFID Blocking Anti Theft Wallet Women Long Big Travel Passport Card Purse Lady"}]},{"@type":"WebSite","@id":"https:\/\/www.onetimenexttime.sk\/arduino\/#website","url":"https:\/\/www.onetimenexttime.sk\/arduino\/","name":"Arduino e-shop","description":"Home Assistant","potentialAction":[{"@type":"SearchAction","target":{"@type":"EntryPoint","urlTemplate":"https:\/\/www.onetimenexttime.sk\/arduino\/?s={search_term_string}"},"query-input":{"@type":"PropertyValueSpecification","valueRequired":true,"valueName":"search_term_string"}}],"inLanguage":"sk-SK"}]}},"_links":{"self":[{"href":"https:\/\/www.onetimenexttime.sk\/arduino\/index.php\/wp-json\/wp\/v2\/product\/1253"}],"collection":[{"href":"https:\/\/www.onetimenexttime.sk\/arduino\/index.php\/wp-json\/wp\/v2\/product"}],"about":[{"href":"https:\/\/www.onetimenexttime.sk\/arduino\/index.php\/wp-json\/wp\/v2\/types\/product"}],"wp:featuredmedia":[{"embeddable":true,"href":"https:\/\/www.onetimenexttime.sk\/arduino\/index.php\/wp-json\/wp\/v2\/media\/1254"}],"wp:attachment":[{"href":"https:\/\/www.onetimenexttime.sk\/arduino\/index.php\/wp-json\/wp\/v2\/media?parent=1253"}],"wp:term":[{"taxonomy":"product_cat","embeddable":true,"href":"https:\/\/www.onetimenexttime.sk\/arduino\/index.php\/wp-json\/wp\/v2\/product_cat?post=1253"},{"taxonomy":"product_tag","embeddable":true,"href":"https:\/\/www.onetimenexttime.sk\/arduino\/index.php\/wp-json\/wp\/v2\/product_tag?post=1253"}],"curies":[{"name":"wp","href":"https:\/\/api.w.org\/{rel}","templated":true}]}}