{"id":1251,"date":"2021-11-10T11:05:07","date_gmt":"2021-11-10T10:05:07","guid":{"rendered":"https:\/\/www.onetimenexttime.sk\/arduino\/?post_type=product&#038;p=1251"},"modified":"2021-11-10T11:08:37","modified_gmt":"2021-11-10T10:08:37","slug":"tool-car-kit-fluid-hydraulic-geometric-auto-pump-replacement-clutch-oil-change-brake-empty-exchange-drained-kit-car-accessorie","status":"publish","type":"product","link":"https:\/\/www.onetimenexttime.sk\/arduino\/index.php\/produkt\/tool-car-kit-fluid-hydraulic-geometric-auto-pump-replacement-clutch-oil-change-brake-empty-exchange-drained-kit-car-accessorie\/","title":{"rendered":"Tool Car Kit Fluid Hydraulic Geometric Auto Pump Replacement Clutch Oil Change Brake Empty Exchange Drained Kit Car Accessorie"},"content":{"rendered":"<h2>Sada n\u00e1radia Kvapalina Hydraulick\u00e9 Geometrick\u00e9 Auto Pumpa V\u00fdmena Spojkov\u00e9ho oleja V\u00fdmena Brzda Pr\u00e1zdna V\u00fdmena Vypusten\u00e1 S\u00faprava Auto Pr\u00edslu\u0161enstvo<\/h2>\n<p>Materi\u00e1l: PP<br \/>\nFarba: Ako obr\u00e1zok<br \/>\nVe\u013ekos\u0165: 24,5 x 15 x 5,5 cm \/ 9,6 x 5,9 x 2,2 palca<br \/>\n\u010cist\u00e1 hmotnos\u0165: 460 g<br \/>\nTyp produktu: N\u00e1stroj na v\u00fdmenu oleja v brzdovej kvapaline pre automobily<br \/>\nTvar: Geometrick\u00fd<\/p>\n<p><strong>Vlastnosti<\/strong>:<br \/>\nJednoduch\u00e1 obsluha, jedna osoba m\u00f4\u017ee dokon\u010di\u0165 pr\u00e1cu na v\u00fdmenu brzdovej kvapaliny.<br \/>\nBez \u0161pinav\u00fdch olejov\u00fdch f\u013eakov na podlahe.<br \/>\nPr\u00e1ca pre osobn\u00e9, n\u00e1kladn\u00e9 a technick\u00e9 vozidl\u00e1.<\/p>\n<p><img decoding=\"async\" src=\"https:\/\/ae01.alicdn.com\/kf\/HTB1ytzaXdfvK1RjSspfq6zzXFXaU.jpg\" data-spm-anchor-id=\"a2g0o.detail.1000023.i1.7de038f8aUmCYf\" \/><\/p>\n<p>&nbsp;<\/p>\n<p><img decoding=\"async\" src=\"https:\/\/ae01.alicdn.com\/kf\/HTB1.RHXXiYrK1Rjy0Fdq6ACvVXa0.jpg\" data-spm-anchor-id=\"a2g0o.detail.1000023.i2.7de038f8aUmCYf\" \/><\/p>\n","protected":false},"excerpt":{"rendered":"<p>Sada n\u00e1radia Kvapalina Hydraulick\u00e9 Geometrick\u00e9 Auto Pumpa V\u00fdmena Spojkov\u00e9ho oleja V\u00fdmena Brzda Pr\u00e1zdna V\u00fdmena Vypusten\u00e1 S\u00faprava Auto Pr\u00edslu\u0161enstvo Materi\u00e1l: PP&hellip;<\/p>\n","protected":false},"featured_media":1252,"template":"","meta":{"_monsterinsights_skip_tracking":false,"_monsterinsights_sitenote_active":false,"_monsterinsights_sitenote_note":"","_monsterinsights_sitenote_category":0},"product_cat":[38,60],"product_tag":[],"class_list":{"0":"post-1251","1":"product","2":"type-product","3":"status-publish","4":"has-post-thumbnail","6":"product_cat-auto","7":"product_cat-naradie","9":"first","10":"instock","11":"shipping-taxable","12":"purchasable","13":"product-type-simple"},"yoast_head":"<!-- This site is optimized with the Yoast SEO plugin v23.6 - https:\/\/yoast.com\/wordpress\/plugins\/seo\/ -->\n<title>Tool Car Kit Fluid Hydraulic Geometric Auto Pump Replacement Clutch Oil Change Brake Empty Exchange Drained Kit Car Accessorie - Arduino e-shop<\/title>\n<meta name=\"robots\" content=\"index, follow, max-snippet:-1, max-image-preview:large, max-video-preview:-1\" \/>\n<link rel=\"canonical\" href=\"https:\/\/www.onetimenexttime.sk\/arduino\/index.php\/produkt\/tool-car-kit-fluid-hydraulic-geometric-auto-pump-replacement-clutch-oil-change-brake-empty-exchange-drained-kit-car-accessorie\/\" \/>\n<meta property=\"og:locale\" content=\"sk_SK\" \/>\n<meta property=\"og:type\" content=\"article\" \/>\n<meta property=\"og:title\" content=\"Tool Car Kit Fluid Hydraulic Geometric Auto Pump Replacement Clutch Oil Change Brake Empty Exchange Drained Kit Car Accessorie - Arduino e-shop\" \/>\n<meta property=\"og:description\" content=\"Sada n\u00e1radia Kvapalina Hydraulick\u00e9 Geometrick\u00e9 Auto Pumpa V\u00fdmena Spojkov\u00e9ho oleja V\u00fdmena Brzda Pr\u00e1zdna V\u00fdmena Vypusten\u00e1 S\u00faprava Auto Pr\u00edslu\u0161enstvo Materi\u00e1l: PP&hellip;\" \/>\n<meta property=\"og:url\" content=\"https:\/\/www.onetimenexttime.sk\/arduino\/index.php\/produkt\/tool-car-kit-fluid-hydraulic-geometric-auto-pump-replacement-clutch-oil-change-brake-empty-exchange-drained-kit-car-accessorie\/\" \/>\n<meta property=\"og:site_name\" content=\"Arduino e-shop\" \/>\n<meta property=\"article:modified_time\" content=\"2021-11-10T10:08:37+00:00\" \/>\n<meta property=\"og:image\" content=\"https:\/\/www.onetimenexttime.sk\/arduino\/wp-content\/uploads\/2021\/11\/371.jpg\" \/>\n\t<meta property=\"og:image:width\" content=\"523\" \/>\n\t<meta property=\"og:image:height\" content=\"524\" \/>\n\t<meta property=\"og:image:type\" content=\"image\/jpeg\" \/>\n<meta name=\"twitter:card\" content=\"summary_large_image\" \/>\n<meta name=\"twitter:label1\" content=\"Predpokladan\u00fd \u010das \u010d\u00edtania\" \/>\n\t<meta name=\"twitter:data1\" content=\"1 min\u00fata\" \/>\n<script type=\"application\/ld+json\" class=\"yoast-schema-graph\">{\"@context\":\"https:\/\/schema.org\",\"@graph\":[{\"@type\":\"WebPage\",\"@id\":\"https:\/\/www.onetimenexttime.sk\/arduino\/index.php\/produkt\/tool-car-kit-fluid-hydraulic-geometric-auto-pump-replacement-clutch-oil-change-brake-empty-exchange-drained-kit-car-accessorie\/\",\"url\":\"https:\/\/www.onetimenexttime.sk\/arduino\/index.php\/produkt\/tool-car-kit-fluid-hydraulic-geometric-auto-pump-replacement-clutch-oil-change-brake-empty-exchange-drained-kit-car-accessorie\/\",\"name\":\"Tool Car Kit Fluid Hydraulic Geometric Auto Pump Replacement Clutch Oil Change Brake Empty Exchange Drained Kit Car Accessorie - Arduino e-shop\",\"isPartOf\":{\"@id\":\"https:\/\/www.onetimenexttime.sk\/arduino\/#website\"},\"primaryImageOfPage\":{\"@id\":\"https:\/\/www.onetimenexttime.sk\/arduino\/index.php\/produkt\/tool-car-kit-fluid-hydraulic-geometric-auto-pump-replacement-clutch-oil-change-brake-empty-exchange-drained-kit-car-accessorie\/#primaryimage\"},\"image\":{\"@id\":\"https:\/\/www.onetimenexttime.sk\/arduino\/index.php\/produkt\/tool-car-kit-fluid-hydraulic-geometric-auto-pump-replacement-clutch-oil-change-brake-empty-exchange-drained-kit-car-accessorie\/#primaryimage\"},\"thumbnailUrl\":\"https:\/\/www.onetimenexttime.sk\/arduino\/wp-content\/uploads\/2021\/11\/371.jpg\",\"datePublished\":\"2021-11-10T10:05:07+00:00\",\"dateModified\":\"2021-11-10T10:08:37+00:00\",\"breadcrumb\":{\"@id\":\"https:\/\/www.onetimenexttime.sk\/arduino\/index.php\/produkt\/tool-car-kit-fluid-hydraulic-geometric-auto-pump-replacement-clutch-oil-change-brake-empty-exchange-drained-kit-car-accessorie\/#breadcrumb\"},\"inLanguage\":\"sk-SK\",\"potentialAction\":[{\"@type\":\"ReadAction\",\"target\":[\"https:\/\/www.onetimenexttime.sk\/arduino\/index.php\/produkt\/tool-car-kit-fluid-hydraulic-geometric-auto-pump-replacement-clutch-oil-change-brake-empty-exchange-drained-kit-car-accessorie\/\"]}]},{\"@type\":\"ImageObject\",\"inLanguage\":\"sk-SK\",\"@id\":\"https:\/\/www.onetimenexttime.sk\/arduino\/index.php\/produkt\/tool-car-kit-fluid-hydraulic-geometric-auto-pump-replacement-clutch-oil-change-brake-empty-exchange-drained-kit-car-accessorie\/#primaryimage\",\"url\":\"https:\/\/www.onetimenexttime.sk\/arduino\/wp-content\/uploads\/2021\/11\/371.jpg\",\"contentUrl\":\"https:\/\/www.onetimenexttime.sk\/arduino\/wp-content\/uploads\/2021\/11\/371.jpg\",\"width\":523,\"height\":524},{\"@type\":\"BreadcrumbList\",\"@id\":\"https:\/\/www.onetimenexttime.sk\/arduino\/index.php\/produkt\/tool-car-kit-fluid-hydraulic-geometric-auto-pump-replacement-clutch-oil-change-brake-empty-exchange-drained-kit-car-accessorie\/#breadcrumb\",\"itemListElement\":[{\"@type\":\"ListItem\",\"position\":1,\"name\":\"Domov\",\"item\":\"https:\/\/www.onetimenexttime.sk\/arduino\/\"},{\"@type\":\"ListItem\",\"position\":2,\"name\":\"Obchod\",\"item\":\"https:\/\/www.onetimenexttime.sk\/arduino\/\"},{\"@type\":\"ListItem\",\"position\":3,\"name\":\"Tool Car Kit Fluid Hydraulic Geometric Auto Pump Replacement Clutch Oil Change Brake Empty Exchange Drained Kit Car Accessorie\"}]},{\"@type\":\"WebSite\",\"@id\":\"https:\/\/www.onetimenexttime.sk\/arduino\/#website\",\"url\":\"https:\/\/www.onetimenexttime.sk\/arduino\/\",\"name\":\"Arduino e-shop\",\"description\":\"Home Assistant\",\"potentialAction\":[{\"@type\":\"SearchAction\",\"target\":{\"@type\":\"EntryPoint\",\"urlTemplate\":\"https:\/\/www.onetimenexttime.sk\/arduino\/?s={search_term_string}\"},\"query-input\":{\"@type\":\"PropertyValueSpecification\",\"valueRequired\":true,\"valueName\":\"search_term_string\"}}],\"inLanguage\":\"sk-SK\"}]}<\/script>\n<!-- \/ Yoast SEO plugin. -->","yoast_head_json":{"title":"Tool Car Kit Fluid Hydraulic Geometric Auto Pump Replacement Clutch Oil Change Brake Empty Exchange Drained Kit Car Accessorie - Arduino e-shop","robots":{"index":"index","follow":"follow","max-snippet":"max-snippet:-1","max-image-preview":"max-image-preview:large","max-video-preview":"max-video-preview:-1"},"canonical":"https:\/\/www.onetimenexttime.sk\/arduino\/index.php\/produkt\/tool-car-kit-fluid-hydraulic-geometric-auto-pump-replacement-clutch-oil-change-brake-empty-exchange-drained-kit-car-accessorie\/","og_locale":"sk_SK","og_type":"article","og_title":"Tool Car Kit Fluid Hydraulic Geometric Auto Pump Replacement Clutch Oil Change Brake Empty Exchange Drained Kit Car Accessorie - Arduino e-shop","og_description":"Sada n\u00e1radia Kvapalina Hydraulick\u00e9 Geometrick\u00e9 Auto Pumpa V\u00fdmena Spojkov\u00e9ho oleja V\u00fdmena Brzda Pr\u00e1zdna V\u00fdmena Vypusten\u00e1 S\u00faprava Auto Pr\u00edslu\u0161enstvo Materi\u00e1l: PP&hellip;","og_url":"https:\/\/www.onetimenexttime.sk\/arduino\/index.php\/produkt\/tool-car-kit-fluid-hydraulic-geometric-auto-pump-replacement-clutch-oil-change-brake-empty-exchange-drained-kit-car-accessorie\/","og_site_name":"Arduino e-shop","article_modified_time":"2021-11-10T10:08:37+00:00","og_image":[{"width":523,"height":524,"url":"https:\/\/www.onetimenexttime.sk\/arduino\/wp-content\/uploads\/2021\/11\/371.jpg","type":"image\/jpeg"}],"twitter_card":"summary_large_image","twitter_misc":{"Predpokladan\u00fd \u010das \u010d\u00edtania":"1 min\u00fata"},"schema":{"@context":"https:\/\/schema.org","@graph":[{"@type":"WebPage","@id":"https:\/\/www.onetimenexttime.sk\/arduino\/index.php\/produkt\/tool-car-kit-fluid-hydraulic-geometric-auto-pump-replacement-clutch-oil-change-brake-empty-exchange-drained-kit-car-accessorie\/","url":"https:\/\/www.onetimenexttime.sk\/arduino\/index.php\/produkt\/tool-car-kit-fluid-hydraulic-geometric-auto-pump-replacement-clutch-oil-change-brake-empty-exchange-drained-kit-car-accessorie\/","name":"Tool Car Kit Fluid Hydraulic Geometric Auto Pump Replacement Clutch Oil Change Brake Empty Exchange Drained Kit Car Accessorie - Arduino e-shop","isPartOf":{"@id":"https:\/\/www.onetimenexttime.sk\/arduino\/#website"},"primaryImageOfPage":{"@id":"https:\/\/www.onetimenexttime.sk\/arduino\/index.php\/produkt\/tool-car-kit-fluid-hydraulic-geometric-auto-pump-replacement-clutch-oil-change-brake-empty-exchange-drained-kit-car-accessorie\/#primaryimage"},"image":{"@id":"https:\/\/www.onetimenexttime.sk\/arduino\/index.php\/produkt\/tool-car-kit-fluid-hydraulic-geometric-auto-pump-replacement-clutch-oil-change-brake-empty-exchange-drained-kit-car-accessorie\/#primaryimage"},"thumbnailUrl":"https:\/\/www.onetimenexttime.sk\/arduino\/wp-content\/uploads\/2021\/11\/371.jpg","datePublished":"2021-11-10T10:05:07+00:00","dateModified":"2021-11-10T10:08:37+00:00","breadcrumb":{"@id":"https:\/\/www.onetimenexttime.sk\/arduino\/index.php\/produkt\/tool-car-kit-fluid-hydraulic-geometric-auto-pump-replacement-clutch-oil-change-brake-empty-exchange-drained-kit-car-accessorie\/#breadcrumb"},"inLanguage":"sk-SK","potentialAction":[{"@type":"ReadAction","target":["https:\/\/www.onetimenexttime.sk\/arduino\/index.php\/produkt\/tool-car-kit-fluid-hydraulic-geometric-auto-pump-replacement-clutch-oil-change-brake-empty-exchange-drained-kit-car-accessorie\/"]}]},{"@type":"ImageObject","inLanguage":"sk-SK","@id":"https:\/\/www.onetimenexttime.sk\/arduino\/index.php\/produkt\/tool-car-kit-fluid-hydraulic-geometric-auto-pump-replacement-clutch-oil-change-brake-empty-exchange-drained-kit-car-accessorie\/#primaryimage","url":"https:\/\/www.onetimenexttime.sk\/arduino\/wp-content\/uploads\/2021\/11\/371.jpg","contentUrl":"https:\/\/www.onetimenexttime.sk\/arduino\/wp-content\/uploads\/2021\/11\/371.jpg","width":523,"height":524},{"@type":"BreadcrumbList","@id":"https:\/\/www.onetimenexttime.sk\/arduino\/index.php\/produkt\/tool-car-kit-fluid-hydraulic-geometric-auto-pump-replacement-clutch-oil-change-brake-empty-exchange-drained-kit-car-accessorie\/#breadcrumb","itemListElement":[{"@type":"ListItem","position":1,"name":"Domov","item":"https:\/\/www.onetimenexttime.sk\/arduino\/"},{"@type":"ListItem","position":2,"name":"Obchod","item":"https:\/\/www.onetimenexttime.sk\/arduino\/"},{"@type":"ListItem","position":3,"name":"Tool Car Kit Fluid Hydraulic Geometric Auto Pump Replacement Clutch Oil Change Brake Empty Exchange Drained Kit Car Accessorie"}]},{"@type":"WebSite","@id":"https:\/\/www.onetimenexttime.sk\/arduino\/#website","url":"https:\/\/www.onetimenexttime.sk\/arduino\/","name":"Arduino e-shop","description":"Home Assistant","potentialAction":[{"@type":"SearchAction","target":{"@type":"EntryPoint","urlTemplate":"https:\/\/www.onetimenexttime.sk\/arduino\/?s={search_term_string}"},"query-input":{"@type":"PropertyValueSpecification","valueRequired":true,"valueName":"search_term_string"}}],"inLanguage":"sk-SK"}]}},"_links":{"self":[{"href":"https:\/\/www.onetimenexttime.sk\/arduino\/index.php\/wp-json\/wp\/v2\/product\/1251"}],"collection":[{"href":"https:\/\/www.onetimenexttime.sk\/arduino\/index.php\/wp-json\/wp\/v2\/product"}],"about":[{"href":"https:\/\/www.onetimenexttime.sk\/arduino\/index.php\/wp-json\/wp\/v2\/types\/product"}],"wp:featuredmedia":[{"embeddable":true,"href":"https:\/\/www.onetimenexttime.sk\/arduino\/index.php\/wp-json\/wp\/v2\/media\/1252"}],"wp:attachment":[{"href":"https:\/\/www.onetimenexttime.sk\/arduino\/index.php\/wp-json\/wp\/v2\/media?parent=1251"}],"wp:term":[{"taxonomy":"product_cat","embeddable":true,"href":"https:\/\/www.onetimenexttime.sk\/arduino\/index.php\/wp-json\/wp\/v2\/product_cat?post=1251"},{"taxonomy":"product_tag","embeddable":true,"href":"https:\/\/www.onetimenexttime.sk\/arduino\/index.php\/wp-json\/wp\/v2\/product_tag?post=1251"}],"curies":[{"name":"wp","href":"https:\/\/api.w.org\/{rel}","templated":true}]}}