{"id":1249,"date":"2021-11-10T10:47:34","date_gmt":"2021-11-10T09:47:34","guid":{"rendered":"https:\/\/www.onetimenexttime.sk\/arduino\/?post_type=product&#038;p=1249"},"modified":"2021-11-10T10:47:34","modified_gmt":"2021-11-10T09:47:34","slug":"quiet-home-nebulizer-inhaler-health-care-mini-handheld-portable-automizer-ultrasonic-nebulizer-for-children-adult-asthma-inhaler","status":"publish","type":"product","link":"https:\/\/www.onetimenexttime.sk\/arduino\/index.php\/produkt\/quiet-home-nebulizer-inhaler-health-care-mini-handheld-portable-automizer-ultrasonic-nebulizer-for-children-adult-asthma-inhaler\/","title":{"rendered":"Quiet Home Nebulizer Inhaler Health Care Mini Handheld Portable Automizer Ultrasonic Nebulizer for Children Adult Asthma Inhaler"},"content":{"rendered":"<h2>Tich\u00fd dom\u00e1ci rozpra\u0161ova\u010d Inhal\u00e1tor Zdravotn\u00e1 starostlivos\u0165 Mini ru\u010dn\u00fd prenosn\u00fd Automizer Ultrazvukov\u00fd rozpra\u0161ova\u010d pre deti Inhal\u00e1tor astmy pre dospel\u00fdch<\/h2>\n<p>&nbsp;<\/p>\n<p>110V\/220V ru\u010dn\u00fd prenosn\u00fd miniastmatick\u00fd inhal\u00e1tor s nebuliz\u00e1torom pre dom\u00e1cnos\u0165 Zdravotn\u00e1 starostlivos\u0165 pre deti Ultrazvukov\u00fd nebuliz\u00e1tor s inhal\u00e1torom<\/p>\n<p>Model MY-520A<br \/>\n\u010c\u00edslo PK-521<br \/>\nNa plochu 10-20 metrov \u0161tvorcov\u00fdch<br \/>\nUltrazvukov\u00e1 funkcia<br \/>\nObjem n\u00e1dr\u017eky na vodu 1 liter<br \/>\n\u010c\u00edslo portu hmly 1<br \/>\nMechanick\u00e1 prev\u00e1dzka<br \/>\nFunkcia \u010dasovania bez \u010dasovania<br \/>\nPodpora ochrany vodnej energie<br \/>\nZdroj striedav\u00e9ho pr\u00fadu<br \/>\nSt\u013apovit\u00fd tvar<\/p>\n<p>VI. Technick\u00e9 parametre:<\/p>\n<p>Ultrazvukov\u00e1 frekvencia<\/p>\n<p>2,4 MHz<\/p>\n<p>Ve\u013ekos\u0165 atomizovanej \u010dastice<\/p>\n<p>0,5 a\u017e 5 mikr\u00f3nov<\/p>\n<p>Kapacita poh\u00e1ra na lieky<\/p>\n<p>10 ml<\/p>\n<p>Kapacita plavidla<\/p>\n<p>25 ml<\/p>\n<p>Objem atomiz\u00e1cie 0,375\/min<\/p>\n<p>Automatick\u00e9 na\u010dasovanie 20 min\u00fat<\/p>\n<p>Objem atomiz\u00e1cie 0,5\/min<\/p>\n<p>Automatick\u00e9 na\u010dasovanie 10 min\u00fat<\/p>\n<p>Pozn\u00e1mka: Objem atomiz\u00e1cie a \u010das na\u010dasovania sa mierne l\u00ed\u0161ia, \u010do z\u00e1vis\u00ed od konzistencie atomizovanej kvapaliny.<\/p>\n<p>Pozn\u00e1mka: Teraz sa aktualiz\u00e1cia bal\u00edka, star\u00e9 balenie a nov\u00e9 balenie odosielaj\u00fa n\u00e1hodne.<\/p>\n<p><img decoding=\"async\" src=\"https:\/\/ae01.alicdn.com\/kf\/HTB1IhfridfJ8KJjy0Feq6xKEXXao.jpg\" alt=\"nebulizer4_\" data-spm-anchor-id=\"a2g0s.12269583.0.i5.41cb5b26ZrNLQT\" \/><\/p>\n<p><img decoding=\"async\" src=\"https:\/\/ae01.alicdn.com\/kf\/HTB1f2AdimfD8KJjSszhq6zIJFXam.jpg\" alt=\"nebulizer5\" data-spm-anchor-id=\"a2g0s.12269583.0.i6.41cb5b26ZrNLQT\" \/><\/p>\n<p>&nbsp;<\/p>\n<p>&nbsp;<\/p>\n<p><img decoding=\"async\" src=\"https:\/\/ae01.alicdn.com\/kf\/HTB1IoQASXXXXXbiaXXXq6xXFXXXX.jpg?size=92962&amp;height=500&amp;width=800&amp;hash=73067fc2e6cc542650e9626431cf8850\" alt=\"TIM20170713113355\" data-spm-anchor-id=\"a2g0s.12269583.0.i7.41cb5b26ZrNLQT\" \/><\/p>\n","protected":false},"excerpt":{"rendered":"<p>Tich\u00fd dom\u00e1ci rozpra\u0161ova\u010d Inhal\u00e1tor Zdravotn\u00e1 starostlivos\u0165 Mini ru\u010dn\u00fd prenosn\u00fd Automizer Ultrazvukov\u00fd rozpra\u0161ova\u010d pre deti Inhal\u00e1tor astmy pre dospel\u00fdch &nbsp; 110V\/220V&hellip;<\/p>\n","protected":false},"featured_media":1250,"template":"","meta":{"_monsterinsights_skip_tracking":false,"_monsterinsights_sitenote_active":false,"_monsterinsights_sitenote_note":"","_monsterinsights_sitenote_category":0},"product_cat":[64],"product_tag":[],"class_list":{"0":"post-1249","1":"product","2":"type-product","3":"status-publish","4":"has-post-thumbnail","6":"product_cat-health","8":"first","9":"instock","10":"shipping-taxable","11":"purchasable","12":"product-type-simple"},"yoast_head":"<!-- This site is optimized with the Yoast SEO plugin v23.6 - https:\/\/yoast.com\/wordpress\/plugins\/seo\/ -->\n<title>Quiet Home Nebulizer Inhaler Health Care Mini Handheld Portable Automizer Ultrasonic Nebulizer for Children Adult Asthma Inhaler - Arduino e-shop<\/title>\n<meta name=\"robots\" content=\"index, follow, max-snippet:-1, max-image-preview:large, max-video-preview:-1\" \/>\n<link rel=\"canonical\" href=\"https:\/\/www.onetimenexttime.sk\/arduino\/index.php\/produkt\/quiet-home-nebulizer-inhaler-health-care-mini-handheld-portable-automizer-ultrasonic-nebulizer-for-children-adult-asthma-inhaler\/\" \/>\n<meta property=\"og:locale\" content=\"sk_SK\" \/>\n<meta property=\"og:type\" content=\"article\" \/>\n<meta property=\"og:title\" content=\"Quiet Home Nebulizer Inhaler Health Care Mini Handheld Portable Automizer Ultrasonic Nebulizer for Children Adult Asthma Inhaler - Arduino e-shop\" \/>\n<meta property=\"og:description\" content=\"Tich\u00fd dom\u00e1ci rozpra\u0161ova\u010d Inhal\u00e1tor Zdravotn\u00e1 starostlivos\u0165 Mini ru\u010dn\u00fd prenosn\u00fd Automizer Ultrazvukov\u00fd rozpra\u0161ova\u010d pre deti Inhal\u00e1tor astmy pre dospel\u00fdch &nbsp; 110V\/220V&hellip;\" \/>\n<meta property=\"og:url\" content=\"https:\/\/www.onetimenexttime.sk\/arduino\/index.php\/produkt\/quiet-home-nebulizer-inhaler-health-care-mini-handheld-portable-automizer-ultrasonic-nebulizer-for-children-adult-asthma-inhaler\/\" \/>\n<meta property=\"og:site_name\" content=\"Arduino e-shop\" \/>\n<meta property=\"og:image\" content=\"https:\/\/www.onetimenexttime.sk\/arduino\/wp-content\/uploads\/2021\/11\/370.jpg\" \/>\n\t<meta property=\"og:image:width\" content=\"450\" \/>\n\t<meta property=\"og:image:height\" content=\"400\" \/>\n\t<meta property=\"og:image:type\" content=\"image\/jpeg\" \/>\n<meta name=\"twitter:card\" content=\"summary_large_image\" \/>\n<meta name=\"twitter:label1\" content=\"Predpokladan\u00fd \u010das \u010d\u00edtania\" \/>\n\t<meta name=\"twitter:data1\" content=\"2 min\u00faty\" \/>\n<script type=\"application\/ld+json\" class=\"yoast-schema-graph\">{\"@context\":\"https:\/\/schema.org\",\"@graph\":[{\"@type\":\"WebPage\",\"@id\":\"https:\/\/www.onetimenexttime.sk\/arduino\/index.php\/produkt\/quiet-home-nebulizer-inhaler-health-care-mini-handheld-portable-automizer-ultrasonic-nebulizer-for-children-adult-asthma-inhaler\/\",\"url\":\"https:\/\/www.onetimenexttime.sk\/arduino\/index.php\/produkt\/quiet-home-nebulizer-inhaler-health-care-mini-handheld-portable-automizer-ultrasonic-nebulizer-for-children-adult-asthma-inhaler\/\",\"name\":\"Quiet Home Nebulizer Inhaler Health Care Mini Handheld Portable Automizer Ultrasonic Nebulizer for Children Adult Asthma Inhaler - Arduino e-shop\",\"isPartOf\":{\"@id\":\"https:\/\/www.onetimenexttime.sk\/arduino\/#website\"},\"primaryImageOfPage\":{\"@id\":\"https:\/\/www.onetimenexttime.sk\/arduino\/index.php\/produkt\/quiet-home-nebulizer-inhaler-health-care-mini-handheld-portable-automizer-ultrasonic-nebulizer-for-children-adult-asthma-inhaler\/#primaryimage\"},\"image\":{\"@id\":\"https:\/\/www.onetimenexttime.sk\/arduino\/index.php\/produkt\/quiet-home-nebulizer-inhaler-health-care-mini-handheld-portable-automizer-ultrasonic-nebulizer-for-children-adult-asthma-inhaler\/#primaryimage\"},\"thumbnailUrl\":\"https:\/\/www.onetimenexttime.sk\/arduino\/wp-content\/uploads\/2021\/11\/370.jpg\",\"datePublished\":\"2021-11-10T09:47:34+00:00\",\"dateModified\":\"2021-11-10T09:47:34+00:00\",\"breadcrumb\":{\"@id\":\"https:\/\/www.onetimenexttime.sk\/arduino\/index.php\/produkt\/quiet-home-nebulizer-inhaler-health-care-mini-handheld-portable-automizer-ultrasonic-nebulizer-for-children-adult-asthma-inhaler\/#breadcrumb\"},\"inLanguage\":\"sk-SK\",\"potentialAction\":[{\"@type\":\"ReadAction\",\"target\":[\"https:\/\/www.onetimenexttime.sk\/arduino\/index.php\/produkt\/quiet-home-nebulizer-inhaler-health-care-mini-handheld-portable-automizer-ultrasonic-nebulizer-for-children-adult-asthma-inhaler\/\"]}]},{\"@type\":\"ImageObject\",\"inLanguage\":\"sk-SK\",\"@id\":\"https:\/\/www.onetimenexttime.sk\/arduino\/index.php\/produkt\/quiet-home-nebulizer-inhaler-health-care-mini-handheld-portable-automizer-ultrasonic-nebulizer-for-children-adult-asthma-inhaler\/#primaryimage\",\"url\":\"https:\/\/www.onetimenexttime.sk\/arduino\/wp-content\/uploads\/2021\/11\/370.jpg\",\"contentUrl\":\"https:\/\/www.onetimenexttime.sk\/arduino\/wp-content\/uploads\/2021\/11\/370.jpg\",\"width\":450,\"height\":400},{\"@type\":\"BreadcrumbList\",\"@id\":\"https:\/\/www.onetimenexttime.sk\/arduino\/index.php\/produkt\/quiet-home-nebulizer-inhaler-health-care-mini-handheld-portable-automizer-ultrasonic-nebulizer-for-children-adult-asthma-inhaler\/#breadcrumb\",\"itemListElement\":[{\"@type\":\"ListItem\",\"position\":1,\"name\":\"Domov\",\"item\":\"https:\/\/www.onetimenexttime.sk\/arduino\/\"},{\"@type\":\"ListItem\",\"position\":2,\"name\":\"Obchod\",\"item\":\"https:\/\/www.onetimenexttime.sk\/arduino\/\"},{\"@type\":\"ListItem\",\"position\":3,\"name\":\"Quiet Home Nebulizer Inhaler Health Care Mini Handheld Portable Automizer Ultrasonic Nebulizer for Children Adult Asthma Inhaler\"}]},{\"@type\":\"WebSite\",\"@id\":\"https:\/\/www.onetimenexttime.sk\/arduino\/#website\",\"url\":\"https:\/\/www.onetimenexttime.sk\/arduino\/\",\"name\":\"Arduino e-shop\",\"description\":\"Home Assistant\",\"potentialAction\":[{\"@type\":\"SearchAction\",\"target\":{\"@type\":\"EntryPoint\",\"urlTemplate\":\"https:\/\/www.onetimenexttime.sk\/arduino\/?s={search_term_string}\"},\"query-input\":{\"@type\":\"PropertyValueSpecification\",\"valueRequired\":true,\"valueName\":\"search_term_string\"}}],\"inLanguage\":\"sk-SK\"}]}<\/script>\n<!-- \/ Yoast SEO plugin. -->","yoast_head_json":{"title":"Quiet Home Nebulizer Inhaler Health Care Mini Handheld Portable Automizer Ultrasonic Nebulizer for Children Adult Asthma Inhaler - Arduino e-shop","robots":{"index":"index","follow":"follow","max-snippet":"max-snippet:-1","max-image-preview":"max-image-preview:large","max-video-preview":"max-video-preview:-1"},"canonical":"https:\/\/www.onetimenexttime.sk\/arduino\/index.php\/produkt\/quiet-home-nebulizer-inhaler-health-care-mini-handheld-portable-automizer-ultrasonic-nebulizer-for-children-adult-asthma-inhaler\/","og_locale":"sk_SK","og_type":"article","og_title":"Quiet Home Nebulizer Inhaler Health Care Mini Handheld Portable Automizer Ultrasonic Nebulizer for Children Adult Asthma Inhaler - Arduino e-shop","og_description":"Tich\u00fd dom\u00e1ci rozpra\u0161ova\u010d Inhal\u00e1tor Zdravotn\u00e1 starostlivos\u0165 Mini ru\u010dn\u00fd prenosn\u00fd Automizer Ultrazvukov\u00fd rozpra\u0161ova\u010d pre deti Inhal\u00e1tor astmy pre dospel\u00fdch &nbsp; 110V\/220V&hellip;","og_url":"https:\/\/www.onetimenexttime.sk\/arduino\/index.php\/produkt\/quiet-home-nebulizer-inhaler-health-care-mini-handheld-portable-automizer-ultrasonic-nebulizer-for-children-adult-asthma-inhaler\/","og_site_name":"Arduino e-shop","og_image":[{"width":450,"height":400,"url":"https:\/\/www.onetimenexttime.sk\/arduino\/wp-content\/uploads\/2021\/11\/370.jpg","type":"image\/jpeg"}],"twitter_card":"summary_large_image","twitter_misc":{"Predpokladan\u00fd \u010das \u010d\u00edtania":"2 min\u00faty"},"schema":{"@context":"https:\/\/schema.org","@graph":[{"@type":"WebPage","@id":"https:\/\/www.onetimenexttime.sk\/arduino\/index.php\/produkt\/quiet-home-nebulizer-inhaler-health-care-mini-handheld-portable-automizer-ultrasonic-nebulizer-for-children-adult-asthma-inhaler\/","url":"https:\/\/www.onetimenexttime.sk\/arduino\/index.php\/produkt\/quiet-home-nebulizer-inhaler-health-care-mini-handheld-portable-automizer-ultrasonic-nebulizer-for-children-adult-asthma-inhaler\/","name":"Quiet Home Nebulizer Inhaler Health Care Mini Handheld Portable Automizer Ultrasonic Nebulizer for Children Adult Asthma Inhaler - Arduino e-shop","isPartOf":{"@id":"https:\/\/www.onetimenexttime.sk\/arduino\/#website"},"primaryImageOfPage":{"@id":"https:\/\/www.onetimenexttime.sk\/arduino\/index.php\/produkt\/quiet-home-nebulizer-inhaler-health-care-mini-handheld-portable-automizer-ultrasonic-nebulizer-for-children-adult-asthma-inhaler\/#primaryimage"},"image":{"@id":"https:\/\/www.onetimenexttime.sk\/arduino\/index.php\/produkt\/quiet-home-nebulizer-inhaler-health-care-mini-handheld-portable-automizer-ultrasonic-nebulizer-for-children-adult-asthma-inhaler\/#primaryimage"},"thumbnailUrl":"https:\/\/www.onetimenexttime.sk\/arduino\/wp-content\/uploads\/2021\/11\/370.jpg","datePublished":"2021-11-10T09:47:34+00:00","dateModified":"2021-11-10T09:47:34+00:00","breadcrumb":{"@id":"https:\/\/www.onetimenexttime.sk\/arduino\/index.php\/produkt\/quiet-home-nebulizer-inhaler-health-care-mini-handheld-portable-automizer-ultrasonic-nebulizer-for-children-adult-asthma-inhaler\/#breadcrumb"},"inLanguage":"sk-SK","potentialAction":[{"@type":"ReadAction","target":["https:\/\/www.onetimenexttime.sk\/arduino\/index.php\/produkt\/quiet-home-nebulizer-inhaler-health-care-mini-handheld-portable-automizer-ultrasonic-nebulizer-for-children-adult-asthma-inhaler\/"]}]},{"@type":"ImageObject","inLanguage":"sk-SK","@id":"https:\/\/www.onetimenexttime.sk\/arduino\/index.php\/produkt\/quiet-home-nebulizer-inhaler-health-care-mini-handheld-portable-automizer-ultrasonic-nebulizer-for-children-adult-asthma-inhaler\/#primaryimage","url":"https:\/\/www.onetimenexttime.sk\/arduino\/wp-content\/uploads\/2021\/11\/370.jpg","contentUrl":"https:\/\/www.onetimenexttime.sk\/arduino\/wp-content\/uploads\/2021\/11\/370.jpg","width":450,"height":400},{"@type":"BreadcrumbList","@id":"https:\/\/www.onetimenexttime.sk\/arduino\/index.php\/produkt\/quiet-home-nebulizer-inhaler-health-care-mini-handheld-portable-automizer-ultrasonic-nebulizer-for-children-adult-asthma-inhaler\/#breadcrumb","itemListElement":[{"@type":"ListItem","position":1,"name":"Domov","item":"https:\/\/www.onetimenexttime.sk\/arduino\/"},{"@type":"ListItem","position":2,"name":"Obchod","item":"https:\/\/www.onetimenexttime.sk\/arduino\/"},{"@type":"ListItem","position":3,"name":"Quiet Home Nebulizer Inhaler Health Care Mini Handheld Portable Automizer Ultrasonic Nebulizer for Children Adult Asthma Inhaler"}]},{"@type":"WebSite","@id":"https:\/\/www.onetimenexttime.sk\/arduino\/#website","url":"https:\/\/www.onetimenexttime.sk\/arduino\/","name":"Arduino e-shop","description":"Home Assistant","potentialAction":[{"@type":"SearchAction","target":{"@type":"EntryPoint","urlTemplate":"https:\/\/www.onetimenexttime.sk\/arduino\/?s={search_term_string}"},"query-input":{"@type":"PropertyValueSpecification","valueRequired":true,"valueName":"search_term_string"}}],"inLanguage":"sk-SK"}]}},"_links":{"self":[{"href":"https:\/\/www.onetimenexttime.sk\/arduino\/index.php\/wp-json\/wp\/v2\/product\/1249"}],"collection":[{"href":"https:\/\/www.onetimenexttime.sk\/arduino\/index.php\/wp-json\/wp\/v2\/product"}],"about":[{"href":"https:\/\/www.onetimenexttime.sk\/arduino\/index.php\/wp-json\/wp\/v2\/types\/product"}],"wp:featuredmedia":[{"embeddable":true,"href":"https:\/\/www.onetimenexttime.sk\/arduino\/index.php\/wp-json\/wp\/v2\/media\/1250"}],"wp:attachment":[{"href":"https:\/\/www.onetimenexttime.sk\/arduino\/index.php\/wp-json\/wp\/v2\/media?parent=1249"}],"wp:term":[{"taxonomy":"product_cat","embeddable":true,"href":"https:\/\/www.onetimenexttime.sk\/arduino\/index.php\/wp-json\/wp\/v2\/product_cat?post=1249"},{"taxonomy":"product_tag","embeddable":true,"href":"https:\/\/www.onetimenexttime.sk\/arduino\/index.php\/wp-json\/wp\/v2\/product_tag?post=1249"}],"curies":[{"name":"wp","href":"https:\/\/api.w.org\/{rel}","templated":true}]}}