{"id":1245,"date":"2021-11-10T10:36:04","date_gmt":"2021-11-10T09:36:04","guid":{"rendered":"https:\/\/www.onetimenexttime.sk\/arduino\/?post_type=product&#038;p=1245"},"modified":"2021-11-10T10:37:24","modified_gmt":"2021-11-10T09:37:24","slug":"auto-car-12v-car-battery-terminals-connector-switch-clamps-quick-release-lift-off-negative-tslm1","status":"publish","type":"product","link":"https:\/\/www.onetimenexttime.sk\/arduino\/index.php\/produkt\/auto-car-12v-car-battery-terminals-connector-switch-clamps-quick-release-lift-off-negative-tslm1\/","title":{"rendered":"Auto Car 12V Car Battery Terminals Connector Switch Clamps Quick Release Lift Off Negative TSLM1"},"content":{"rendered":"<h2>Auto Auto 12V Koncovky autobat\u00e9rie Sp\u00edna\u010d Sp\u00edna\u010de Svorky R\u00fdchle uvo\u013enenie Zdvihnutie Vypnutie Negat\u00edvne TSLM1<\/h2>\n<p>&nbsp;<\/p>\n<p>Vysok\u00e1 kvalita plastov\u00e9ho krytu, \u017eeleznej skrutky a matice, robustn\u00e1 a odoln\u00e1, m\u00f4\u017ee sa pou\u017e\u00edva\u0165 dlh\u00fa dobu.<\/p>\n<p>r\u00fdchloup\u00ednacie konektory autobat\u00e9rie.<\/p>\n<p>\u010cerven\u00fd kryt sp\u00e1ja kladn\u00fd port a modr\u00fd kryt sp\u00e1ja z\u00e1porn\u00fd port.<\/p>\n<p>k\u00e1bel je upevnen\u00fd nastavovacou skrutkou.<\/p>\n<p>Vhodn\u00e9 pre v\u0161etky ve\u013ekosti okr\u00fahlych bat\u00e9ri\u00ed.<\/p>\n<p>Technick\u00e9 \u00fadaje:<\/p>\n<p>Typ: Koncovky bat\u00e9rie<\/p>\n<p>Materi\u00e1l: kov + plast<\/p>\n<p>Vn\u00fatorn\u00fd priemer (kladn\u00fd): 18 mm \/ 0,7 &#8221;<\/p>\n<p>Vn\u00fatorn\u00fd priemer (z\u00e1porn\u00fd): 15,5 mm \/ 5,9 &#8221;<\/p>\n<p>Ve\u013ekos\u0165 polo\u017eky: 6,9 * 4,7 * 2,8 cm \/ 2,7 * 1,9 * 1,1 &#8221;<\/p>\n<p>\u010cist\u00e1 hmotnos\u0165: 0,155 kg \/ 5,5 oz<\/p>\n<p>&nbsp;<\/p>\n","protected":false},"excerpt":{"rendered":"<p>Auto Auto 12V Koncovky autobat\u00e9rie Sp\u00edna\u010d Sp\u00edna\u010de Svorky R\u00fdchle uvo\u013enenie Zdvihnutie Vypnutie Negat\u00edvne TSLM1 &nbsp; Vysok\u00e1 kvalita plastov\u00e9ho krytu, \u017eeleznej&hellip;<\/p>\n","protected":false},"featured_media":1243,"template":"","meta":{"_monsterinsights_skip_tracking":false,"_monsterinsights_sitenote_active":false,"_monsterinsights_sitenote_note":"","_monsterinsights_sitenote_category":0},"product_cat":[38,49,21],"product_tag":[],"class_list":{"0":"post-1245","1":"product","2":"type-product","3":"status-publish","4":"has-post-thumbnail","6":"product_cat-auto","7":"product_cat-cable","8":"product_cat-pw","10":"first","11":"instock","12":"shipping-taxable","13":"purchasable","14":"product-type-simple"},"yoast_head":"<!-- This site is optimized with the Yoast SEO plugin v23.6 - https:\/\/yoast.com\/wordpress\/plugins\/seo\/ -->\n<title>Auto Car 12V Car Battery Terminals Connector Switch Clamps Quick Release Lift Off Negative TSLM1 - Arduino e-shop<\/title>\n<meta name=\"robots\" content=\"index, follow, max-snippet:-1, max-image-preview:large, max-video-preview:-1\" \/>\n<link rel=\"canonical\" href=\"https:\/\/www.onetimenexttime.sk\/arduino\/index.php\/produkt\/auto-car-12v-car-battery-terminals-connector-switch-clamps-quick-release-lift-off-negative-tslm1\/\" \/>\n<meta property=\"og:locale\" content=\"sk_SK\" \/>\n<meta property=\"og:type\" content=\"article\" \/>\n<meta property=\"og:title\" content=\"Auto Car 12V Car Battery Terminals Connector Switch Clamps Quick Release Lift Off Negative TSLM1 - Arduino e-shop\" \/>\n<meta property=\"og:description\" content=\"Auto Auto 12V Koncovky autobat\u00e9rie Sp\u00edna\u010d Sp\u00edna\u010de Svorky R\u00fdchle uvo\u013enenie Zdvihnutie Vypnutie Negat\u00edvne TSLM1 &nbsp; Vysok\u00e1 kvalita plastov\u00e9ho krytu, \u017eeleznej&hellip;\" \/>\n<meta property=\"og:url\" content=\"https:\/\/www.onetimenexttime.sk\/arduino\/index.php\/produkt\/auto-car-12v-car-battery-terminals-connector-switch-clamps-quick-release-lift-off-negative-tslm1\/\" \/>\n<meta property=\"og:site_name\" content=\"Arduino e-shop\" \/>\n<meta property=\"article:modified_time\" content=\"2021-11-10T09:37:24+00:00\" \/>\n<meta property=\"og:image\" content=\"https:\/\/www.onetimenexttime.sk\/arduino\/wp-content\/uploads\/2021\/11\/368.jpg\" \/>\n\t<meta property=\"og:image:width\" content=\"523\" \/>\n\t<meta property=\"og:image:height\" content=\"524\" \/>\n\t<meta property=\"og:image:type\" content=\"image\/jpeg\" \/>\n<meta name=\"twitter:card\" content=\"summary_large_image\" \/>\n<meta name=\"twitter:label1\" content=\"Predpokladan\u00fd \u010das \u010d\u00edtania\" \/>\n\t<meta name=\"twitter:data1\" content=\"1 min\u00fata\" \/>\n<script type=\"application\/ld+json\" class=\"yoast-schema-graph\">{\"@context\":\"https:\/\/schema.org\",\"@graph\":[{\"@type\":\"WebPage\",\"@id\":\"https:\/\/www.onetimenexttime.sk\/arduino\/index.php\/produkt\/auto-car-12v-car-battery-terminals-connector-switch-clamps-quick-release-lift-off-negative-tslm1\/\",\"url\":\"https:\/\/www.onetimenexttime.sk\/arduino\/index.php\/produkt\/auto-car-12v-car-battery-terminals-connector-switch-clamps-quick-release-lift-off-negative-tslm1\/\",\"name\":\"Auto Car 12V Car Battery Terminals Connector Switch Clamps Quick Release Lift Off Negative TSLM1 - Arduino e-shop\",\"isPartOf\":{\"@id\":\"https:\/\/www.onetimenexttime.sk\/arduino\/#website\"},\"primaryImageOfPage\":{\"@id\":\"https:\/\/www.onetimenexttime.sk\/arduino\/index.php\/produkt\/auto-car-12v-car-battery-terminals-connector-switch-clamps-quick-release-lift-off-negative-tslm1\/#primaryimage\"},\"image\":{\"@id\":\"https:\/\/www.onetimenexttime.sk\/arduino\/index.php\/produkt\/auto-car-12v-car-battery-terminals-connector-switch-clamps-quick-release-lift-off-negative-tslm1\/#primaryimage\"},\"thumbnailUrl\":\"https:\/\/www.onetimenexttime.sk\/arduino\/wp-content\/uploads\/2021\/11\/368.jpg\",\"datePublished\":\"2021-11-10T09:36:04+00:00\",\"dateModified\":\"2021-11-10T09:37:24+00:00\",\"breadcrumb\":{\"@id\":\"https:\/\/www.onetimenexttime.sk\/arduino\/index.php\/produkt\/auto-car-12v-car-battery-terminals-connector-switch-clamps-quick-release-lift-off-negative-tslm1\/#breadcrumb\"},\"inLanguage\":\"sk-SK\",\"potentialAction\":[{\"@type\":\"ReadAction\",\"target\":[\"https:\/\/www.onetimenexttime.sk\/arduino\/index.php\/produkt\/auto-car-12v-car-battery-terminals-connector-switch-clamps-quick-release-lift-off-negative-tslm1\/\"]}]},{\"@type\":\"ImageObject\",\"inLanguage\":\"sk-SK\",\"@id\":\"https:\/\/www.onetimenexttime.sk\/arduino\/index.php\/produkt\/auto-car-12v-car-battery-terminals-connector-switch-clamps-quick-release-lift-off-negative-tslm1\/#primaryimage\",\"url\":\"https:\/\/www.onetimenexttime.sk\/arduino\/wp-content\/uploads\/2021\/11\/368.jpg\",\"contentUrl\":\"https:\/\/www.onetimenexttime.sk\/arduino\/wp-content\/uploads\/2021\/11\/368.jpg\",\"width\":523,\"height\":524},{\"@type\":\"BreadcrumbList\",\"@id\":\"https:\/\/www.onetimenexttime.sk\/arduino\/index.php\/produkt\/auto-car-12v-car-battery-terminals-connector-switch-clamps-quick-release-lift-off-negative-tslm1\/#breadcrumb\",\"itemListElement\":[{\"@type\":\"ListItem\",\"position\":1,\"name\":\"Domov\",\"item\":\"https:\/\/www.onetimenexttime.sk\/arduino\/\"},{\"@type\":\"ListItem\",\"position\":2,\"name\":\"Obchod\",\"item\":\"https:\/\/www.onetimenexttime.sk\/arduino\/\"},{\"@type\":\"ListItem\",\"position\":3,\"name\":\"Auto Car 12V Car Battery Terminals Connector Switch Clamps Quick Release Lift Off Negative TSLM1\"}]},{\"@type\":\"WebSite\",\"@id\":\"https:\/\/www.onetimenexttime.sk\/arduino\/#website\",\"url\":\"https:\/\/www.onetimenexttime.sk\/arduino\/\",\"name\":\"Arduino e-shop\",\"description\":\"Home Assistant\",\"potentialAction\":[{\"@type\":\"SearchAction\",\"target\":{\"@type\":\"EntryPoint\",\"urlTemplate\":\"https:\/\/www.onetimenexttime.sk\/arduino\/?s={search_term_string}\"},\"query-input\":{\"@type\":\"PropertyValueSpecification\",\"valueRequired\":true,\"valueName\":\"search_term_string\"}}],\"inLanguage\":\"sk-SK\"}]}<\/script>\n<!-- \/ Yoast SEO plugin. -->","yoast_head_json":{"title":"Auto Car 12V Car Battery Terminals Connector Switch Clamps Quick Release Lift Off Negative TSLM1 - Arduino e-shop","robots":{"index":"index","follow":"follow","max-snippet":"max-snippet:-1","max-image-preview":"max-image-preview:large","max-video-preview":"max-video-preview:-1"},"canonical":"https:\/\/www.onetimenexttime.sk\/arduino\/index.php\/produkt\/auto-car-12v-car-battery-terminals-connector-switch-clamps-quick-release-lift-off-negative-tslm1\/","og_locale":"sk_SK","og_type":"article","og_title":"Auto Car 12V Car Battery Terminals Connector Switch Clamps Quick Release Lift Off Negative TSLM1 - Arduino e-shop","og_description":"Auto Auto 12V Koncovky autobat\u00e9rie Sp\u00edna\u010d Sp\u00edna\u010de Svorky R\u00fdchle uvo\u013enenie Zdvihnutie Vypnutie Negat\u00edvne TSLM1 &nbsp; Vysok\u00e1 kvalita plastov\u00e9ho krytu, \u017eeleznej&hellip;","og_url":"https:\/\/www.onetimenexttime.sk\/arduino\/index.php\/produkt\/auto-car-12v-car-battery-terminals-connector-switch-clamps-quick-release-lift-off-negative-tslm1\/","og_site_name":"Arduino e-shop","article_modified_time":"2021-11-10T09:37:24+00:00","og_image":[{"width":523,"height":524,"url":"https:\/\/www.onetimenexttime.sk\/arduino\/wp-content\/uploads\/2021\/11\/368.jpg","type":"image\/jpeg"}],"twitter_card":"summary_large_image","twitter_misc":{"Predpokladan\u00fd \u010das \u010d\u00edtania":"1 min\u00fata"},"schema":{"@context":"https:\/\/schema.org","@graph":[{"@type":"WebPage","@id":"https:\/\/www.onetimenexttime.sk\/arduino\/index.php\/produkt\/auto-car-12v-car-battery-terminals-connector-switch-clamps-quick-release-lift-off-negative-tslm1\/","url":"https:\/\/www.onetimenexttime.sk\/arduino\/index.php\/produkt\/auto-car-12v-car-battery-terminals-connector-switch-clamps-quick-release-lift-off-negative-tslm1\/","name":"Auto Car 12V Car Battery Terminals Connector Switch Clamps Quick Release Lift Off Negative TSLM1 - Arduino e-shop","isPartOf":{"@id":"https:\/\/www.onetimenexttime.sk\/arduino\/#website"},"primaryImageOfPage":{"@id":"https:\/\/www.onetimenexttime.sk\/arduino\/index.php\/produkt\/auto-car-12v-car-battery-terminals-connector-switch-clamps-quick-release-lift-off-negative-tslm1\/#primaryimage"},"image":{"@id":"https:\/\/www.onetimenexttime.sk\/arduino\/index.php\/produkt\/auto-car-12v-car-battery-terminals-connector-switch-clamps-quick-release-lift-off-negative-tslm1\/#primaryimage"},"thumbnailUrl":"https:\/\/www.onetimenexttime.sk\/arduino\/wp-content\/uploads\/2021\/11\/368.jpg","datePublished":"2021-11-10T09:36:04+00:00","dateModified":"2021-11-10T09:37:24+00:00","breadcrumb":{"@id":"https:\/\/www.onetimenexttime.sk\/arduino\/index.php\/produkt\/auto-car-12v-car-battery-terminals-connector-switch-clamps-quick-release-lift-off-negative-tslm1\/#breadcrumb"},"inLanguage":"sk-SK","potentialAction":[{"@type":"ReadAction","target":["https:\/\/www.onetimenexttime.sk\/arduino\/index.php\/produkt\/auto-car-12v-car-battery-terminals-connector-switch-clamps-quick-release-lift-off-negative-tslm1\/"]}]},{"@type":"ImageObject","inLanguage":"sk-SK","@id":"https:\/\/www.onetimenexttime.sk\/arduino\/index.php\/produkt\/auto-car-12v-car-battery-terminals-connector-switch-clamps-quick-release-lift-off-negative-tslm1\/#primaryimage","url":"https:\/\/www.onetimenexttime.sk\/arduino\/wp-content\/uploads\/2021\/11\/368.jpg","contentUrl":"https:\/\/www.onetimenexttime.sk\/arduino\/wp-content\/uploads\/2021\/11\/368.jpg","width":523,"height":524},{"@type":"BreadcrumbList","@id":"https:\/\/www.onetimenexttime.sk\/arduino\/index.php\/produkt\/auto-car-12v-car-battery-terminals-connector-switch-clamps-quick-release-lift-off-negative-tslm1\/#breadcrumb","itemListElement":[{"@type":"ListItem","position":1,"name":"Domov","item":"https:\/\/www.onetimenexttime.sk\/arduino\/"},{"@type":"ListItem","position":2,"name":"Obchod","item":"https:\/\/www.onetimenexttime.sk\/arduino\/"},{"@type":"ListItem","position":3,"name":"Auto Car 12V Car Battery Terminals Connector Switch Clamps Quick Release Lift Off Negative TSLM1"}]},{"@type":"WebSite","@id":"https:\/\/www.onetimenexttime.sk\/arduino\/#website","url":"https:\/\/www.onetimenexttime.sk\/arduino\/","name":"Arduino e-shop","description":"Home Assistant","potentialAction":[{"@type":"SearchAction","target":{"@type":"EntryPoint","urlTemplate":"https:\/\/www.onetimenexttime.sk\/arduino\/?s={search_term_string}"},"query-input":{"@type":"PropertyValueSpecification","valueRequired":true,"valueName":"search_term_string"}}],"inLanguage":"sk-SK"}]}},"_links":{"self":[{"href":"https:\/\/www.onetimenexttime.sk\/arduino\/index.php\/wp-json\/wp\/v2\/product\/1245"}],"collection":[{"href":"https:\/\/www.onetimenexttime.sk\/arduino\/index.php\/wp-json\/wp\/v2\/product"}],"about":[{"href":"https:\/\/www.onetimenexttime.sk\/arduino\/index.php\/wp-json\/wp\/v2\/types\/product"}],"wp:featuredmedia":[{"embeddable":true,"href":"https:\/\/www.onetimenexttime.sk\/arduino\/index.php\/wp-json\/wp\/v2\/media\/1243"}],"wp:attachment":[{"href":"https:\/\/www.onetimenexttime.sk\/arduino\/index.php\/wp-json\/wp\/v2\/media?parent=1245"}],"wp:term":[{"taxonomy":"product_cat","embeddable":true,"href":"https:\/\/www.onetimenexttime.sk\/arduino\/index.php\/wp-json\/wp\/v2\/product_cat?post=1245"},{"taxonomy":"product_tag","embeddable":true,"href":"https:\/\/www.onetimenexttime.sk\/arduino\/index.php\/wp-json\/wp\/v2\/product_tag?post=1245"}],"curies":[{"name":"wp","href":"https:\/\/api.w.org\/{rel}","templated":true}]}}