{"id":1236,"date":"2021-11-10T08:59:12","date_gmt":"2021-11-10T07:59:12","guid":{"rendered":"https:\/\/www.onetimenexttime.sk\/arduino\/?post_type=product&#038;p=1236"},"modified":"2021-11-10T09:07:00","modified_gmt":"2021-11-10T08:07:00","slug":"professional-2-5-inch-sata-hdd-box-usb-2-0-hdd-hard-drive-disk-sata-external-storage-enclosure-box-case","status":"publish","type":"product","link":"https:\/\/www.onetimenexttime.sk\/arduino\/index.php\/produkt\/professional-2-5-inch-sata-hdd-box-usb-2-0-hdd-hard-drive-disk-sata-external-storage-enclosure-box-case\/","title":{"rendered":"Professional 2.5 inch SATA HDD Box USB 2.0 HDD Hard Drive Disk SATA External Storage Enclosure Box Case"},"content":{"rendered":"<h2>Profesion\u00e1lny 2,5-palcov\u00fd SATA HDD Box USB 2.0 HDD Pevn\u00fd disk Disk Extern\u00e9 \u00falo\u017eisko SATA Puzdro<\/h2>\n<p>2,5-palcov\u00fd Sata HDD SSD kryt na USB 2.0 puzdro<\/p>\n<p><strong>Vlastnosti:<\/strong><\/p>\n<p>Vhodn\u00e9 pre 2,5&#8243;&#8221; pevn\u00fd disk.<br \/>\nTenk\u00fd a \u013eahko sa pren\u00e1\u0161a.<br \/>\n<strong>Popisy:<\/strong><br \/>\nFarba: \u010cierna<br \/>\nVe\u013ekos\u0165: pribli\u017ene 120 x 76 x 13 mm Vhodn\u00fd pevn\u00fd disk<br \/>\nve\u013ekos\u0165: 2,5 palca<br \/>\nMateri\u00e1l hlavn\u00e9ho tela: ABS<br \/>\nV\u00fdstupn\u00e9 rozhranie: USB 2.0<br \/>\nPodpora pevn\u00e9ho disku s rozhran\u00edm SATA a\u017e 2 TB<br \/>\nPodporovan\u00fd opera\u010dn\u00fd syst\u00e9m: XP\/Win7\/Win8, LINU a MAX<br \/>\nObsah balenia:<br \/>\n1 x SATA puzdro<\/p>\n","protected":false},"excerpt":{"rendered":"<p>Profesion\u00e1lny 2,5-palcov\u00fd SATA HDD Box USB 2.0 HDD Pevn\u00fd disk Disk Extern\u00e9 \u00falo\u017eisko SATA Puzdro 2,5-palcov\u00fd Sata HDD SSD kryt&hellip;<\/p>\n","protected":false},"featured_media":1237,"template":"","meta":{"_monsterinsights_skip_tracking":false,"_monsterinsights_sitenote_active":false,"_monsterinsights_sitenote_note":"","_monsterinsights_sitenote_category":0},"product_cat":[49,50,63],"product_tag":[],"class_list":{"0":"post-1236","1":"product","2":"type-product","3":"status-publish","4":"has-post-thumbnail","6":"product_cat-cable","7":"product_cat-pc","8":"product_cat-sata","10":"first","11":"instock","12":"shipping-taxable","13":"purchasable","14":"product-type-simple"},"yoast_head":"<!-- This site is optimized with the Yoast SEO plugin v23.6 - https:\/\/yoast.com\/wordpress\/plugins\/seo\/ -->\n<title>Professional 2.5 inch SATA HDD Box USB 2.0 HDD Hard Drive Disk SATA External Storage Enclosure Box Case - Arduino e-shop<\/title>\n<meta name=\"robots\" content=\"index, follow, max-snippet:-1, max-image-preview:large, max-video-preview:-1\" \/>\n<link rel=\"canonical\" href=\"https:\/\/www.onetimenexttime.sk\/arduino\/index.php\/produkt\/professional-2-5-inch-sata-hdd-box-usb-2-0-hdd-hard-drive-disk-sata-external-storage-enclosure-box-case\/\" \/>\n<meta property=\"og:locale\" content=\"sk_SK\" \/>\n<meta property=\"og:type\" content=\"article\" \/>\n<meta property=\"og:title\" content=\"Professional 2.5 inch SATA HDD Box USB 2.0 HDD Hard Drive Disk SATA External Storage Enclosure Box Case - Arduino e-shop\" \/>\n<meta property=\"og:description\" content=\"Profesion\u00e1lny 2,5-palcov\u00fd SATA HDD Box USB 2.0 HDD Pevn\u00fd disk Disk Extern\u00e9 \u00falo\u017eisko SATA Puzdro 2,5-palcov\u00fd Sata HDD SSD kryt&hellip;\" \/>\n<meta property=\"og:url\" content=\"https:\/\/www.onetimenexttime.sk\/arduino\/index.php\/produkt\/professional-2-5-inch-sata-hdd-box-usb-2-0-hdd-hard-drive-disk-sata-external-storage-enclosure-box-case\/\" \/>\n<meta property=\"og:site_name\" content=\"Arduino e-shop\" \/>\n<meta property=\"article:modified_time\" content=\"2021-11-10T08:07:00+00:00\" \/>\n<meta property=\"og:image\" content=\"https:\/\/www.onetimenexttime.sk\/arduino\/wp-content\/uploads\/2021\/11\/361.jpg\" \/>\n\t<meta property=\"og:image:width\" content=\"523\" \/>\n\t<meta property=\"og:image:height\" content=\"524\" \/>\n\t<meta property=\"og:image:type\" content=\"image\/jpeg\" \/>\n<meta name=\"twitter:card\" content=\"summary_large_image\" \/>\n<meta name=\"twitter:label1\" content=\"Predpokladan\u00fd \u010das \u010d\u00edtania\" \/>\n\t<meta name=\"twitter:data1\" content=\"1 min\u00fata\" \/>\n<script type=\"application\/ld+json\" class=\"yoast-schema-graph\">{\"@context\":\"https:\/\/schema.org\",\"@graph\":[{\"@type\":\"WebPage\",\"@id\":\"https:\/\/www.onetimenexttime.sk\/arduino\/index.php\/produkt\/professional-2-5-inch-sata-hdd-box-usb-2-0-hdd-hard-drive-disk-sata-external-storage-enclosure-box-case\/\",\"url\":\"https:\/\/www.onetimenexttime.sk\/arduino\/index.php\/produkt\/professional-2-5-inch-sata-hdd-box-usb-2-0-hdd-hard-drive-disk-sata-external-storage-enclosure-box-case\/\",\"name\":\"Professional 2.5 inch SATA HDD Box USB 2.0 HDD Hard Drive Disk SATA External Storage Enclosure Box Case - Arduino e-shop\",\"isPartOf\":{\"@id\":\"https:\/\/www.onetimenexttime.sk\/arduino\/#website\"},\"primaryImageOfPage\":{\"@id\":\"https:\/\/www.onetimenexttime.sk\/arduino\/index.php\/produkt\/professional-2-5-inch-sata-hdd-box-usb-2-0-hdd-hard-drive-disk-sata-external-storage-enclosure-box-case\/#primaryimage\"},\"image\":{\"@id\":\"https:\/\/www.onetimenexttime.sk\/arduino\/index.php\/produkt\/professional-2-5-inch-sata-hdd-box-usb-2-0-hdd-hard-drive-disk-sata-external-storage-enclosure-box-case\/#primaryimage\"},\"thumbnailUrl\":\"https:\/\/www.onetimenexttime.sk\/arduino\/wp-content\/uploads\/2021\/11\/361.jpg\",\"datePublished\":\"2021-11-10T07:59:12+00:00\",\"dateModified\":\"2021-11-10T08:07:00+00:00\",\"breadcrumb\":{\"@id\":\"https:\/\/www.onetimenexttime.sk\/arduino\/index.php\/produkt\/professional-2-5-inch-sata-hdd-box-usb-2-0-hdd-hard-drive-disk-sata-external-storage-enclosure-box-case\/#breadcrumb\"},\"inLanguage\":\"sk-SK\",\"potentialAction\":[{\"@type\":\"ReadAction\",\"target\":[\"https:\/\/www.onetimenexttime.sk\/arduino\/index.php\/produkt\/professional-2-5-inch-sata-hdd-box-usb-2-0-hdd-hard-drive-disk-sata-external-storage-enclosure-box-case\/\"]}]},{\"@type\":\"ImageObject\",\"inLanguage\":\"sk-SK\",\"@id\":\"https:\/\/www.onetimenexttime.sk\/arduino\/index.php\/produkt\/professional-2-5-inch-sata-hdd-box-usb-2-0-hdd-hard-drive-disk-sata-external-storage-enclosure-box-case\/#primaryimage\",\"url\":\"https:\/\/www.onetimenexttime.sk\/arduino\/wp-content\/uploads\/2021\/11\/361.jpg\",\"contentUrl\":\"https:\/\/www.onetimenexttime.sk\/arduino\/wp-content\/uploads\/2021\/11\/361.jpg\",\"width\":523,\"height\":524},{\"@type\":\"BreadcrumbList\",\"@id\":\"https:\/\/www.onetimenexttime.sk\/arduino\/index.php\/produkt\/professional-2-5-inch-sata-hdd-box-usb-2-0-hdd-hard-drive-disk-sata-external-storage-enclosure-box-case\/#breadcrumb\",\"itemListElement\":[{\"@type\":\"ListItem\",\"position\":1,\"name\":\"Domov\",\"item\":\"https:\/\/www.onetimenexttime.sk\/arduino\/\"},{\"@type\":\"ListItem\",\"position\":2,\"name\":\"Obchod\",\"item\":\"https:\/\/www.onetimenexttime.sk\/arduino\/\"},{\"@type\":\"ListItem\",\"position\":3,\"name\":\"Professional 2.5 inch SATA HDD Box USB 2.0 HDD Hard Drive Disk SATA External Storage Enclosure Box Case\"}]},{\"@type\":\"WebSite\",\"@id\":\"https:\/\/www.onetimenexttime.sk\/arduino\/#website\",\"url\":\"https:\/\/www.onetimenexttime.sk\/arduino\/\",\"name\":\"Arduino e-shop\",\"description\":\"Home Assistant\",\"potentialAction\":[{\"@type\":\"SearchAction\",\"target\":{\"@type\":\"EntryPoint\",\"urlTemplate\":\"https:\/\/www.onetimenexttime.sk\/arduino\/?s={search_term_string}\"},\"query-input\":{\"@type\":\"PropertyValueSpecification\",\"valueRequired\":true,\"valueName\":\"search_term_string\"}}],\"inLanguage\":\"sk-SK\"}]}<\/script>\n<!-- \/ Yoast SEO plugin. -->","yoast_head_json":{"title":"Professional 2.5 inch SATA HDD Box USB 2.0 HDD Hard Drive Disk SATA External Storage Enclosure Box Case - Arduino e-shop","robots":{"index":"index","follow":"follow","max-snippet":"max-snippet:-1","max-image-preview":"max-image-preview:large","max-video-preview":"max-video-preview:-1"},"canonical":"https:\/\/www.onetimenexttime.sk\/arduino\/index.php\/produkt\/professional-2-5-inch-sata-hdd-box-usb-2-0-hdd-hard-drive-disk-sata-external-storage-enclosure-box-case\/","og_locale":"sk_SK","og_type":"article","og_title":"Professional 2.5 inch SATA HDD Box USB 2.0 HDD Hard Drive Disk SATA External Storage Enclosure Box Case - Arduino e-shop","og_description":"Profesion\u00e1lny 2,5-palcov\u00fd SATA HDD Box USB 2.0 HDD Pevn\u00fd disk Disk Extern\u00e9 \u00falo\u017eisko SATA Puzdro 2,5-palcov\u00fd Sata HDD SSD kryt&hellip;","og_url":"https:\/\/www.onetimenexttime.sk\/arduino\/index.php\/produkt\/professional-2-5-inch-sata-hdd-box-usb-2-0-hdd-hard-drive-disk-sata-external-storage-enclosure-box-case\/","og_site_name":"Arduino e-shop","article_modified_time":"2021-11-10T08:07:00+00:00","og_image":[{"width":523,"height":524,"url":"https:\/\/www.onetimenexttime.sk\/arduino\/wp-content\/uploads\/2021\/11\/361.jpg","type":"image\/jpeg"}],"twitter_card":"summary_large_image","twitter_misc":{"Predpokladan\u00fd \u010das \u010d\u00edtania":"1 min\u00fata"},"schema":{"@context":"https:\/\/schema.org","@graph":[{"@type":"WebPage","@id":"https:\/\/www.onetimenexttime.sk\/arduino\/index.php\/produkt\/professional-2-5-inch-sata-hdd-box-usb-2-0-hdd-hard-drive-disk-sata-external-storage-enclosure-box-case\/","url":"https:\/\/www.onetimenexttime.sk\/arduino\/index.php\/produkt\/professional-2-5-inch-sata-hdd-box-usb-2-0-hdd-hard-drive-disk-sata-external-storage-enclosure-box-case\/","name":"Professional 2.5 inch SATA HDD Box USB 2.0 HDD Hard Drive Disk SATA External Storage Enclosure Box Case - Arduino e-shop","isPartOf":{"@id":"https:\/\/www.onetimenexttime.sk\/arduino\/#website"},"primaryImageOfPage":{"@id":"https:\/\/www.onetimenexttime.sk\/arduino\/index.php\/produkt\/professional-2-5-inch-sata-hdd-box-usb-2-0-hdd-hard-drive-disk-sata-external-storage-enclosure-box-case\/#primaryimage"},"image":{"@id":"https:\/\/www.onetimenexttime.sk\/arduino\/index.php\/produkt\/professional-2-5-inch-sata-hdd-box-usb-2-0-hdd-hard-drive-disk-sata-external-storage-enclosure-box-case\/#primaryimage"},"thumbnailUrl":"https:\/\/www.onetimenexttime.sk\/arduino\/wp-content\/uploads\/2021\/11\/361.jpg","datePublished":"2021-11-10T07:59:12+00:00","dateModified":"2021-11-10T08:07:00+00:00","breadcrumb":{"@id":"https:\/\/www.onetimenexttime.sk\/arduino\/index.php\/produkt\/professional-2-5-inch-sata-hdd-box-usb-2-0-hdd-hard-drive-disk-sata-external-storage-enclosure-box-case\/#breadcrumb"},"inLanguage":"sk-SK","potentialAction":[{"@type":"ReadAction","target":["https:\/\/www.onetimenexttime.sk\/arduino\/index.php\/produkt\/professional-2-5-inch-sata-hdd-box-usb-2-0-hdd-hard-drive-disk-sata-external-storage-enclosure-box-case\/"]}]},{"@type":"ImageObject","inLanguage":"sk-SK","@id":"https:\/\/www.onetimenexttime.sk\/arduino\/index.php\/produkt\/professional-2-5-inch-sata-hdd-box-usb-2-0-hdd-hard-drive-disk-sata-external-storage-enclosure-box-case\/#primaryimage","url":"https:\/\/www.onetimenexttime.sk\/arduino\/wp-content\/uploads\/2021\/11\/361.jpg","contentUrl":"https:\/\/www.onetimenexttime.sk\/arduino\/wp-content\/uploads\/2021\/11\/361.jpg","width":523,"height":524},{"@type":"BreadcrumbList","@id":"https:\/\/www.onetimenexttime.sk\/arduino\/index.php\/produkt\/professional-2-5-inch-sata-hdd-box-usb-2-0-hdd-hard-drive-disk-sata-external-storage-enclosure-box-case\/#breadcrumb","itemListElement":[{"@type":"ListItem","position":1,"name":"Domov","item":"https:\/\/www.onetimenexttime.sk\/arduino\/"},{"@type":"ListItem","position":2,"name":"Obchod","item":"https:\/\/www.onetimenexttime.sk\/arduino\/"},{"@type":"ListItem","position":3,"name":"Professional 2.5 inch SATA HDD Box USB 2.0 HDD Hard Drive Disk SATA External Storage Enclosure Box Case"}]},{"@type":"WebSite","@id":"https:\/\/www.onetimenexttime.sk\/arduino\/#website","url":"https:\/\/www.onetimenexttime.sk\/arduino\/","name":"Arduino e-shop","description":"Home Assistant","potentialAction":[{"@type":"SearchAction","target":{"@type":"EntryPoint","urlTemplate":"https:\/\/www.onetimenexttime.sk\/arduino\/?s={search_term_string}"},"query-input":{"@type":"PropertyValueSpecification","valueRequired":true,"valueName":"search_term_string"}}],"inLanguage":"sk-SK"}]}},"_links":{"self":[{"href":"https:\/\/www.onetimenexttime.sk\/arduino\/index.php\/wp-json\/wp\/v2\/product\/1236"}],"collection":[{"href":"https:\/\/www.onetimenexttime.sk\/arduino\/index.php\/wp-json\/wp\/v2\/product"}],"about":[{"href":"https:\/\/www.onetimenexttime.sk\/arduino\/index.php\/wp-json\/wp\/v2\/types\/product"}],"wp:featuredmedia":[{"embeddable":true,"href":"https:\/\/www.onetimenexttime.sk\/arduino\/index.php\/wp-json\/wp\/v2\/media\/1237"}],"wp:attachment":[{"href":"https:\/\/www.onetimenexttime.sk\/arduino\/index.php\/wp-json\/wp\/v2\/media?parent=1236"}],"wp:term":[{"taxonomy":"product_cat","embeddable":true,"href":"https:\/\/www.onetimenexttime.sk\/arduino\/index.php\/wp-json\/wp\/v2\/product_cat?post=1236"},{"taxonomy":"product_tag","embeddable":true,"href":"https:\/\/www.onetimenexttime.sk\/arduino\/index.php\/wp-json\/wp\/v2\/product_tag?post=1236"}],"curies":[{"name":"wp","href":"https:\/\/api.w.org\/{rel}","templated":true}]}}