{"id":1223,"date":"2021-11-10T06:51:13","date_gmt":"2021-11-10T05:51:13","guid":{"rendered":"https:\/\/www.onetimenexttime.sk\/arduino\/?post_type=product&#038;p=1223"},"modified":"2021-11-10T06:54:13","modified_gmt":"2021-11-10T05:54:13","slug":"10m-64led-usb-waterproof-endoscope-borescope-snake-inspection-video-camera-15mm","status":"publish","type":"product","link":"https:\/\/www.onetimenexttime.sk\/arduino\/index.php\/produkt\/10m-64led-usb-waterproof-endoscope-borescope-snake-inspection-video-camera-15mm\/","title":{"rendered":"10M 64LED USB Waterproof Endoscope Borescope Snake Inspection Video Camera 15mm"},"content":{"rendered":"<h2>10M 4 LED USB vodotesn\u00fd endoskop Borescope Snake Inspection Video Camera 15mm<\/h2>\n<p>&nbsp;<\/p>\n<p>Vlastnosti (4 LED USB endoskop (10M)):<br \/>\n\u00daplne nov\u00e9 a vysoko kvalitn\u00e9.<br \/>\nT\u00e1to mini USB in\u0161pek\u010dn\u00e1 kamera vyu\u017e\u00edva optoelektronick\u00fa technol\u00f3giu na sk\u00famanie \u0165a\u017eko dostupn\u00fdch oblast\u00ed.<br \/>\nT\u00e1to in\u0161pek\u010dn\u00e1 kamera m\u00e1 mnoho aplik\u00e1ci\u00ed vr\u00e1tane detekcie u\u0161\u00ed, or\u00e1lneho vy\u0161etrenia, p\u00e1trania a z\u00e1chrany, in\u0161pekcie potrubia, in\u0161pekcie motora, video monitora, in\u0161pekcie kanaliza\u010dn\u00e9ho potrubia, in\u0161pekcie steny liatych foriem at\u010f.<br \/>\nVysok\u00e9 rozl\u00ed\u0161enie s 1\/9 CMOS fotoapar\u00e1tom.<br \/>\nVstavan\u00e9 4 LED svetlo (s ovl\u00e1dan\u00edm jasu) na hlave kamery na osvetlenie kontrolnej oblasti.<br \/>\nVodotesn\u00fd dr\u00f4ten\u00fd endoskop.<br \/>\nSo 7 mm kamerovou hlavou.<br \/>\nFotografovanie a nahr\u00e1vanie videa.<\/p>\n<p>Technick\u00e9 \u00fadaje:<br \/>\nVonkaj\u0161\u00ed priemer hlavy kamery: 15 mm.<br \/>\nPixely: 300 000 pixelov.<br \/>\nRozl\u00ed\u0161enie: 640*480 (VGA), 30 ftps.<br \/>\nLED: 6 bielych LED Jasn\u00e9 svetlo.<br \/>\nOhniskov\u00e1 vzdialenos\u0165: 6-10 cm<br \/>\nUSB rozhranie: USB 2.0.<br \/>\nVodotesnos\u0165: IP67.<br \/>\nPodporn\u00e9 syst\u00e9my: Windows 2000 \/ XP \/ Vista \/ 7.<br \/>\nTeplota: -20 ~ 100\u00b0C.<br \/>\nD\u013a\u017eka k\u00e1bla: 10m.<\/p>\n<p>Pozn\u00e1mka: Tento produkt nepodporuje syst\u00e9m For Apple.<\/p>\n<p>Balenie obsahuje:<br \/>\n1 x USB endoskop<\/p>\n","protected":false},"excerpt":{"rendered":"<p>10M 4 LED USB vodotesn\u00fd endoskop Borescope Snake Inspection Video Camera 15mm &nbsp; Vlastnosti (4 LED USB endoskop (10M)): \u00daplne&hellip;<\/p>\n","protected":false},"featured_media":1224,"template":"","meta":{"_monsterinsights_skip_tracking":false,"_monsterinsights_sitenote_active":false,"_monsterinsights_sitenote_note":"","_monsterinsights_sitenote_category":0},"product_cat":[49,27,39,60,50,58,51],"product_tag":[],"class_list":{"0":"post-1223","1":"product","2":"type-product","3":"status-publish","4":"has-post-thumbnail","6":"product_cat-cable","7":"product_cat-kamera","8":"product_cat-mobil-gsm","9":"product_cat-naradie","10":"product_cat-pc","11":"product_cat-tester","12":"product_cat-usb","14":"first","15":"instock","16":"shipping-taxable","17":"purchasable","18":"product-type-simple"},"yoast_head":"<!-- This site is optimized with the Yoast SEO plugin v23.6 - https:\/\/yoast.com\/wordpress\/plugins\/seo\/ -->\n<title>10M 64LED USB Waterproof Endoscope Borescope Snake Inspection Video Camera 15mm - Arduino e-shop<\/title>\n<meta name=\"robots\" content=\"index, follow, max-snippet:-1, max-image-preview:large, max-video-preview:-1\" \/>\n<link rel=\"canonical\" href=\"https:\/\/www.onetimenexttime.sk\/arduino\/index.php\/produkt\/10m-64led-usb-waterproof-endoscope-borescope-snake-inspection-video-camera-15mm\/\" \/>\n<meta property=\"og:locale\" content=\"sk_SK\" \/>\n<meta property=\"og:type\" content=\"article\" \/>\n<meta property=\"og:title\" content=\"10M 64LED USB Waterproof Endoscope Borescope Snake Inspection Video Camera 15mm - Arduino e-shop\" \/>\n<meta property=\"og:description\" content=\"10M 4 LED USB vodotesn\u00fd endoskop Borescope Snake Inspection Video Camera 15mm &nbsp; Vlastnosti (4 LED USB endoskop (10M)): \u00daplne&hellip;\" \/>\n<meta property=\"og:url\" content=\"https:\/\/www.onetimenexttime.sk\/arduino\/index.php\/produkt\/10m-64led-usb-waterproof-endoscope-borescope-snake-inspection-video-camera-15mm\/\" \/>\n<meta property=\"og:site_name\" content=\"Arduino e-shop\" \/>\n<meta property=\"article:modified_time\" content=\"2021-11-10T05:54:13+00:00\" \/>\n<meta property=\"og:image\" content=\"https:\/\/www.onetimenexttime.sk\/arduino\/wp-content\/uploads\/2021\/11\/356.webp\" \/>\n\t<meta property=\"og:image:width\" content=\"1000\" \/>\n\t<meta property=\"og:image:height\" content=\"1000\" \/>\n\t<meta property=\"og:image:type\" content=\"image\/webp\" \/>\n<meta name=\"twitter:card\" content=\"summary_large_image\" \/>\n<meta name=\"twitter:label1\" content=\"Predpokladan\u00fd \u010das \u010d\u00edtania\" \/>\n\t<meta name=\"twitter:data1\" content=\"1 min\u00fata\" \/>\n<script type=\"application\/ld+json\" class=\"yoast-schema-graph\">{\"@context\":\"https:\/\/schema.org\",\"@graph\":[{\"@type\":\"WebPage\",\"@id\":\"https:\/\/www.onetimenexttime.sk\/arduino\/index.php\/produkt\/10m-64led-usb-waterproof-endoscope-borescope-snake-inspection-video-camera-15mm\/\",\"url\":\"https:\/\/www.onetimenexttime.sk\/arduino\/index.php\/produkt\/10m-64led-usb-waterproof-endoscope-borescope-snake-inspection-video-camera-15mm\/\",\"name\":\"10M 64LED USB Waterproof Endoscope Borescope Snake Inspection Video Camera 15mm - Arduino e-shop\",\"isPartOf\":{\"@id\":\"https:\/\/www.onetimenexttime.sk\/arduino\/#website\"},\"primaryImageOfPage\":{\"@id\":\"https:\/\/www.onetimenexttime.sk\/arduino\/index.php\/produkt\/10m-64led-usb-waterproof-endoscope-borescope-snake-inspection-video-camera-15mm\/#primaryimage\"},\"image\":{\"@id\":\"https:\/\/www.onetimenexttime.sk\/arduino\/index.php\/produkt\/10m-64led-usb-waterproof-endoscope-borescope-snake-inspection-video-camera-15mm\/#primaryimage\"},\"thumbnailUrl\":\"https:\/\/www.onetimenexttime.sk\/arduino\/wp-content\/uploads\/2021\/11\/356.webp\",\"datePublished\":\"2021-11-10T05:51:13+00:00\",\"dateModified\":\"2021-11-10T05:54:13+00:00\",\"breadcrumb\":{\"@id\":\"https:\/\/www.onetimenexttime.sk\/arduino\/index.php\/produkt\/10m-64led-usb-waterproof-endoscope-borescope-snake-inspection-video-camera-15mm\/#breadcrumb\"},\"inLanguage\":\"sk-SK\",\"potentialAction\":[{\"@type\":\"ReadAction\",\"target\":[\"https:\/\/www.onetimenexttime.sk\/arduino\/index.php\/produkt\/10m-64led-usb-waterproof-endoscope-borescope-snake-inspection-video-camera-15mm\/\"]}]},{\"@type\":\"ImageObject\",\"inLanguage\":\"sk-SK\",\"@id\":\"https:\/\/www.onetimenexttime.sk\/arduino\/index.php\/produkt\/10m-64led-usb-waterproof-endoscope-borescope-snake-inspection-video-camera-15mm\/#primaryimage\",\"url\":\"https:\/\/www.onetimenexttime.sk\/arduino\/wp-content\/uploads\/2021\/11\/356.webp\",\"contentUrl\":\"https:\/\/www.onetimenexttime.sk\/arduino\/wp-content\/uploads\/2021\/11\/356.webp\",\"width\":1000,\"height\":1000},{\"@type\":\"BreadcrumbList\",\"@id\":\"https:\/\/www.onetimenexttime.sk\/arduino\/index.php\/produkt\/10m-64led-usb-waterproof-endoscope-borescope-snake-inspection-video-camera-15mm\/#breadcrumb\",\"itemListElement\":[{\"@type\":\"ListItem\",\"position\":1,\"name\":\"Domov\",\"item\":\"https:\/\/www.onetimenexttime.sk\/arduino\/\"},{\"@type\":\"ListItem\",\"position\":2,\"name\":\"Obchod\",\"item\":\"https:\/\/www.onetimenexttime.sk\/arduino\/\"},{\"@type\":\"ListItem\",\"position\":3,\"name\":\"10M 64LED USB Waterproof Endoscope Borescope Snake Inspection Video Camera 15mm\"}]},{\"@type\":\"WebSite\",\"@id\":\"https:\/\/www.onetimenexttime.sk\/arduino\/#website\",\"url\":\"https:\/\/www.onetimenexttime.sk\/arduino\/\",\"name\":\"Arduino e-shop\",\"description\":\"Home Assistant\",\"potentialAction\":[{\"@type\":\"SearchAction\",\"target\":{\"@type\":\"EntryPoint\",\"urlTemplate\":\"https:\/\/www.onetimenexttime.sk\/arduino\/?s={search_term_string}\"},\"query-input\":{\"@type\":\"PropertyValueSpecification\",\"valueRequired\":true,\"valueName\":\"search_term_string\"}}],\"inLanguage\":\"sk-SK\"}]}<\/script>\n<!-- \/ Yoast SEO plugin. -->","yoast_head_json":{"title":"10M 64LED USB Waterproof Endoscope Borescope Snake Inspection Video Camera 15mm - Arduino e-shop","robots":{"index":"index","follow":"follow","max-snippet":"max-snippet:-1","max-image-preview":"max-image-preview:large","max-video-preview":"max-video-preview:-1"},"canonical":"https:\/\/www.onetimenexttime.sk\/arduino\/index.php\/produkt\/10m-64led-usb-waterproof-endoscope-borescope-snake-inspection-video-camera-15mm\/","og_locale":"sk_SK","og_type":"article","og_title":"10M 64LED USB Waterproof Endoscope Borescope Snake Inspection Video Camera 15mm - Arduino e-shop","og_description":"10M 4 LED USB vodotesn\u00fd endoskop Borescope Snake Inspection Video Camera 15mm &nbsp; Vlastnosti (4 LED USB endoskop (10M)): \u00daplne&hellip;","og_url":"https:\/\/www.onetimenexttime.sk\/arduino\/index.php\/produkt\/10m-64led-usb-waterproof-endoscope-borescope-snake-inspection-video-camera-15mm\/","og_site_name":"Arduino e-shop","article_modified_time":"2021-11-10T05:54:13+00:00","og_image":[{"width":1000,"height":1000,"url":"https:\/\/www.onetimenexttime.sk\/arduino\/wp-content\/uploads\/2021\/11\/356.webp","type":"image\/webp"}],"twitter_card":"summary_large_image","twitter_misc":{"Predpokladan\u00fd \u010das \u010d\u00edtania":"1 min\u00fata"},"schema":{"@context":"https:\/\/schema.org","@graph":[{"@type":"WebPage","@id":"https:\/\/www.onetimenexttime.sk\/arduino\/index.php\/produkt\/10m-64led-usb-waterproof-endoscope-borescope-snake-inspection-video-camera-15mm\/","url":"https:\/\/www.onetimenexttime.sk\/arduino\/index.php\/produkt\/10m-64led-usb-waterproof-endoscope-borescope-snake-inspection-video-camera-15mm\/","name":"10M 64LED USB Waterproof Endoscope Borescope Snake Inspection Video Camera 15mm - Arduino e-shop","isPartOf":{"@id":"https:\/\/www.onetimenexttime.sk\/arduino\/#website"},"primaryImageOfPage":{"@id":"https:\/\/www.onetimenexttime.sk\/arduino\/index.php\/produkt\/10m-64led-usb-waterproof-endoscope-borescope-snake-inspection-video-camera-15mm\/#primaryimage"},"image":{"@id":"https:\/\/www.onetimenexttime.sk\/arduino\/index.php\/produkt\/10m-64led-usb-waterproof-endoscope-borescope-snake-inspection-video-camera-15mm\/#primaryimage"},"thumbnailUrl":"https:\/\/www.onetimenexttime.sk\/arduino\/wp-content\/uploads\/2021\/11\/356.webp","datePublished":"2021-11-10T05:51:13+00:00","dateModified":"2021-11-10T05:54:13+00:00","breadcrumb":{"@id":"https:\/\/www.onetimenexttime.sk\/arduino\/index.php\/produkt\/10m-64led-usb-waterproof-endoscope-borescope-snake-inspection-video-camera-15mm\/#breadcrumb"},"inLanguage":"sk-SK","potentialAction":[{"@type":"ReadAction","target":["https:\/\/www.onetimenexttime.sk\/arduino\/index.php\/produkt\/10m-64led-usb-waterproof-endoscope-borescope-snake-inspection-video-camera-15mm\/"]}]},{"@type":"ImageObject","inLanguage":"sk-SK","@id":"https:\/\/www.onetimenexttime.sk\/arduino\/index.php\/produkt\/10m-64led-usb-waterproof-endoscope-borescope-snake-inspection-video-camera-15mm\/#primaryimage","url":"https:\/\/www.onetimenexttime.sk\/arduino\/wp-content\/uploads\/2021\/11\/356.webp","contentUrl":"https:\/\/www.onetimenexttime.sk\/arduino\/wp-content\/uploads\/2021\/11\/356.webp","width":1000,"height":1000},{"@type":"BreadcrumbList","@id":"https:\/\/www.onetimenexttime.sk\/arduino\/index.php\/produkt\/10m-64led-usb-waterproof-endoscope-borescope-snake-inspection-video-camera-15mm\/#breadcrumb","itemListElement":[{"@type":"ListItem","position":1,"name":"Domov","item":"https:\/\/www.onetimenexttime.sk\/arduino\/"},{"@type":"ListItem","position":2,"name":"Obchod","item":"https:\/\/www.onetimenexttime.sk\/arduino\/"},{"@type":"ListItem","position":3,"name":"10M 64LED USB Waterproof Endoscope Borescope Snake Inspection Video Camera 15mm"}]},{"@type":"WebSite","@id":"https:\/\/www.onetimenexttime.sk\/arduino\/#website","url":"https:\/\/www.onetimenexttime.sk\/arduino\/","name":"Arduino e-shop","description":"Home Assistant","potentialAction":[{"@type":"SearchAction","target":{"@type":"EntryPoint","urlTemplate":"https:\/\/www.onetimenexttime.sk\/arduino\/?s={search_term_string}"},"query-input":{"@type":"PropertyValueSpecification","valueRequired":true,"valueName":"search_term_string"}}],"inLanguage":"sk-SK"}]}},"_links":{"self":[{"href":"https:\/\/www.onetimenexttime.sk\/arduino\/index.php\/wp-json\/wp\/v2\/product\/1223"}],"collection":[{"href":"https:\/\/www.onetimenexttime.sk\/arduino\/index.php\/wp-json\/wp\/v2\/product"}],"about":[{"href":"https:\/\/www.onetimenexttime.sk\/arduino\/index.php\/wp-json\/wp\/v2\/types\/product"}],"wp:featuredmedia":[{"embeddable":true,"href":"https:\/\/www.onetimenexttime.sk\/arduino\/index.php\/wp-json\/wp\/v2\/media\/1224"}],"wp:attachment":[{"href":"https:\/\/www.onetimenexttime.sk\/arduino\/index.php\/wp-json\/wp\/v2\/media?parent=1223"}],"wp:term":[{"taxonomy":"product_cat","embeddable":true,"href":"https:\/\/www.onetimenexttime.sk\/arduino\/index.php\/wp-json\/wp\/v2\/product_cat?post=1223"},{"taxonomy":"product_tag","embeddable":true,"href":"https:\/\/www.onetimenexttime.sk\/arduino\/index.php\/wp-json\/wp\/v2\/product_tag?post=1223"}],"curies":[{"name":"wp","href":"https:\/\/api.w.org\/{rel}","templated":true}]}}